{"id":2261,"date":"2013-11-29T10:06:48","date_gmt":"2013-11-29T10:06:48","guid":{"rendered":"http:\/\/skamet.ee\/?page_id=2261"},"modified":"2016-02-25T07:37:38","modified_gmt":"2016-02-25T07:37:38","slug":"water-boilers","status":"publish","type":"page","link":"https:\/\/www.skamet.ee\/en\/water-tanks\/water-boilers\/","title":{"rendered":"Water boilers"},"content":{"rendered":"<p><span style=\"font-size: small;\">We have been producing standard water heating boilers since the middle of 1990s. Standard models are hollow. Boiler can be connected to wood burning stove. Water is heated by means of natural circulation. Stainless steel boilers are equipped with anodes (subject to replacement once a year or more often, if necessary). All boilers must be equipped with protective valve.<\/span><\/p>\n<p><span style=\"font-size: small;\">Apart from standard models we also make boilers on client\u2019s request: with<strong> inside\u00a0register<\/strong>\u00a0 or<strong> double-walled<\/strong>.<\/span><\/p>\n<h3><strong>[dywp_alert style=&#8221;grey&#8221; icon=&#8221;no-icon&#8221; ] <b>Closed hot water tanks<\/b>\u00a0[\/dywp_alert]<\/strong><\/h3>\n<table border=\"0\">\n<tbody>\n<tr>\n<td><\/td>\n<td><span style=\"font-size: small;\">Standard boiler diameter are 40 and 45 cm. Boilers feature 4 nipples: two \u00bd- inch and two \u00be-inch.<b><br \/>\n<\/b><\/span><br \/>\n<span style=\"font-size: small;\"><strong>More information in manual<\/strong><\/span><\/td>\n<\/tr>\n<\/tbody>\n<\/table>\n<p>\r\n\t\t\t\t\t\n\r\n\t\t\t\t\t<!-- START UNITE GALLERY 1.7.62 -->\r\n\t\t\t\t\t\r\n\t\t\t\t\n\t\t\t<div id='unitegallery_22_1' class='unite-gallery' style='margin:0px auto;'>\n\t\t\t\t\n\n\t\t\t\t\t\t<img alt=\"B-80 H1\"\n\t\t\t\t\t\t     src=\"\" data-image=\"https:\/\/www.skamet.ee\/wp-content\/plugins\/unite-gallery-lite\/images\/noimage.png\"\n\t\t\t\t\t\t     data-thumb=\"https:\/\/www.skamet.ee\/wp-content\/plugins\/unite-gallery-lite\/images\/noimage.png\"\n\t\t\t\t\t\t     title=\"\"\n\t\t\t\t\t\t     style=\"display:none\">\n\n\t\t\t\t\t\t<img alt=\"B-80 V\"\n\t\t\t\t\t\t     src=\"\" data-image=\"https:\/\/www.skamet.ee\/wp-content\/plugins\/unite-gallery-lite\/images\/noimage.png\"\n\t\t\t\t\t\t     data-thumb=\"https:\/\/www.skamet.ee\/wp-content\/plugins\/unite-gallery-lite\/images\/noimage.png\"\n\t\t\t\t\t\t     title=\"\"\n\t\t\t\t\t\t     style=\"display:none\">\n\n\t\t\t\t\t\t<img alt=\"16\"\n\t\t\t\t\t\t     src=\"\" data-image=\"https:\/\/www.skamet.ee\/wp-content\/plugins\/unite-gallery-lite\/images\/noimage.png\"\n\t\t\t\t\t\t     data-thumb=\"https:\/\/www.skamet.ee\/wp-content\/plugins\/unite-gallery-lite\/images\/noimage.png\"\n\t\t\t\t\t\t     title=\"\"\n\t\t\t\t\t\t     style=\"display:none\">\n\n\t\t\t\t\t\t<img alt=\"B-80 V (400 l\u00e4bim\u00f5\u00f5duga)\"\n\t\t\t\t\t\t     src=\"\" data-image=\"https:\/\/www.skamet.ee\/wp-content\/plugins\/unite-gallery-lite\/images\/noimage.png\"\n\t\t\t\t\t\t     data-thumb=\"https:\/\/www.skamet.ee\/wp-content\/plugins\/unite-gallery-lite\/images\/noimage.png\"\n\t\t\t\t\t\t     title=\"\"\n\t\t\t\t\t\t     style=\"display:none\">\n\t\t\t<\/div>\n\n\t\t\t<script type='text\/javascript'>\n\t\t\t\twindow.onload = function(e) {\n\t\t\t\t\tif(typeof ugCheckForErrors == \"undefined\"){\n\t\t\t\t\t\tdocument.getElementById(\"unitegallery_22_1\").innerHTML = \"<span style='color:red'>Unite Gallery Error - gallery js and css files not included in the footer. Please make sure that wp_footer() function is added to your theme.<\/span>\";}\n\t\t\t\t\telse{ ugCheckForErrors(\"unitegallery_22_1\", \"jquery\");}\n\t\t\t\t};\n\t\t\t<\/script>\n\n\t\t\t<!-- END UNITEGALLERY --><\/p>\n<table border=\"1\">\n<tbody>\n<tr>\n<td><span style=\"font-size: small;\"><b>Standard product parameters:<\/b><\/span><\/td>\n<td><span style=\"font-size: small;\"><b>Additional options:<\/b><\/span><\/td>\n<\/tr>\n<tr>\n<td><span style=\"font-size: small;\"><strong>\u00bb<\/strong>\u00a0boiler capacity 80 \u2013 150 litres;<\/span><br \/>\n<span style=\"font-size: small;\"><strong>\u00bb<\/strong>\u00a0diameter 40 and 45 cm;<\/span><br \/>\n<span style=\"font-size: small;\"><strong>\u00bb<\/strong>\u00a0horizontal;<\/span><br \/>\n<span style=\"font-size: small;\"><strong>\u00bb<\/strong>\u00a0vertical;<\/span><br \/>\n<span style=\"font-size: small;\"><strong>\u00bb<\/strong>\u00a0ferrous (3 mm thick) or stainless steel (2 mm thick).<\/span><\/td>\n<td><span style=\"font-size: small;\"><strong>\u00bb<\/strong>\u00a0bigger or smaller capacity;<\/span><br \/>\n<span style=\"font-size: small;\"><strong>\u00bb<\/strong>\u00a0other diameter \u2013 50 cm;<\/span><br \/>\n<span style=\"font-size: small;\"><strong>\u00bb<\/strong>\u00a0horizontal boiler in set with barrel tubs that can be fixed on wall, floor or ceiling;<\/span><br \/>\n<span style=\"font-size: small;\"><strong>\u00bb<\/strong>\u00a0vertical boiler is fixed on wall: on the left or on the right;<\/span><br \/>\n<span style=\"font-size: small;\"><strong>\u00bb<\/strong>\u00a0can be manufactured from thicker metal.<\/span><\/td>\n<\/tr>\n<\/tbody>\n<\/table>\n<h3>\u00a0<strong>[dywp_alert style=&#8221;grey&#8221; icon=&#8221;no-icon&#8221; ] <b>\u041epen hot water tanks\u00a0<\/b>\u00a0[\/dywp_alert]<\/strong><\/h3>\n<table border=\"0\">\n<tbody>\n<tr>\n<td><\/td>\n<td><span style=\"font-size: small;\">Standard water tank diameter is 45 cm. \u0422hree nipples: \u043ene \u00bd inch and two \u00be inches.<\/span><br \/>\n<span style=\"font-size: small;\"><strong>More information in manual<\/strong><\/span><\/td>\n<\/tr>\n<\/tbody>\n<\/table>\n<p>\r\n\t\t\t\t\t\n\r\n\t\t\t\t\t<!-- START UNITE GALLERY 1.7.62 -->\r\n\t\t\t\t\t\r\n\t\t\t\t\n\t\t\t<div id='unitegallery_23_2' class='unite-gallery' style='margin:0px auto;'>\n\t\t\t\t\n\n\t\t\t\t\t\t<img alt=\"BO-110\"\n\t\t\t\t\t\t     src=\"\" data-image=\"https:\/\/www.skamet.ee\/wp-content\/uploads\/2013\/04\/BO-110.jpg\"\n\t\t\t\t\t\t     data-thumb=\"https:\/\/www.skamet.ee\/wp-content\/uploads\/2013\/04\/BO-110-300x264.jpg\"\n\t\t\t\t\t\t     title=\"\"\n\t\t\t\t\t\t     style=\"display:none\">\n\n\t\t\t\t\t\t<img alt=\"P1090678\"\n\t\t\t\t\t\t     src=\"\" data-image=\"https:\/\/www.skamet.ee\/wp-content\/plugins\/unite-gallery-lite\/images\/noimage.png\"\n\t\t\t\t\t\t     data-thumb=\"https:\/\/www.skamet.ee\/wp-content\/plugins\/unite-gallery-lite\/images\/noimage.png\"\n\t\t\t\t\t\t     title=\"\"\n\t\t\t\t\t\t     style=\"display:none\">\n\n\t\t\t\t\t\t<img alt=\"P1090677\"\n\t\t\t\t\t\t     src=\"\" data-image=\"https:\/\/www.skamet.ee\/wp-content\/plugins\/unite-gallery-lite\/images\/noimage.png\"\n\t\t\t\t\t\t     data-thumb=\"https:\/\/www.skamet.ee\/wp-content\/plugins\/unite-gallery-lite\/images\/noimage.png\"\n\t\t\t\t\t\t     title=\"\"\n\t\t\t\t\t\t     style=\"display:none\">\n\n\t\t\t\t\t\t<img alt=\"IMG_20140701_164838_clipped_rev_1\"\n\t\t\t\t\t\t     src=\"\" data-image=\"https:\/\/www.skamet.ee\/wp-content\/plugins\/unite-gallery-lite\/images\/noimage.png\"\n\t\t\t\t\t\t     data-thumb=\"https:\/\/www.skamet.ee\/wp-content\/plugins\/unite-gallery-lite\/images\/noimage.png\"\n\t\t\t\t\t\t     title=\"\"\n\t\t\t\t\t\t     style=\"display:none\">\n\t\t\t<\/div>\n\n\n\t\t\t<!-- END UNITEGALLERY --><\/p>\n<table border=\"1\">\n<tbody>\n<tr>\n<td><span style=\"font-size: small;\"><b>Standard product parameters:<\/b><\/span><\/td>\n<td><span style=\"font-size: small;\"><b>Additional options:<\/b><\/span><\/td>\n<\/tr>\n<tr>\n<td><span style=\"font-size: small;\"><strong>\u00bb<\/strong>\u00a0tank capacity 80 \u2013 150 litres;<\/span><br \/>\n<span style=\"font-size: small;\"><strong>\u00bb<\/strong>\u00a0diameter 45 cm;<\/span><br \/>\n<span style=\"font-size: small;\"><strong>\u00bb<\/strong>\u00a01 nipple \u00bd\u201dlocated on the bottom,whichis used for water outlet;<\/span><br \/>\n<span style=\"font-size: small;\"><strong>\u00bb<\/strong>\u00a0with legs: height 25 cm;<\/span><br \/>\n<span style=\"font-size: small;\"><strong>\u00bb<\/strong>\u00a0ferrous (3 mm thick) or stainless steel (2 mm thick).<\/span><\/td>\n<td><span style=\"font-size: small;\"><strong>\u00bb<\/strong>\u00a0bigger or smaller capacity;<\/span><br \/>\n<span style=\"font-size: small;\"><strong>\u00bb<\/strong>\u00a0rectangular model available;<\/span><br \/>\n<span style=\"font-size: small;\"><strong>\u00bb<\/strong>\u00a0can be made without legs \u2013 with wall supports;<\/span><br \/>\n<span style=\"font-size: small;\"><strong>\u00bb<\/strong>\u00a0can be manufactured from thicker metal.<\/span><\/td>\n<\/tr>\n<\/tbody>\n<\/table>\n<h3>\u00a0<strong>[dywp_alert style=&#8221;grey&#8221; icon=&#8221;no-icon&#8221; ] Open water tank<b>\u00a0around smokepipe\u00a0<\/b>\u00a0[\/dywp_alert]<\/strong><\/h3>\n<p><span style=\"font-size: small;\"><b>Tank for hot water is made in one size:<\/b><\/span><\/p>\n<table border=\"0\">\n<tbody>\n<tr>\n<td><\/td>\n<td><span style=\"font-size: small;\">Open tank for heated water is installed around smoke pipe, and in this tank water for sauna room is heated. Water is heated due to heated flue. In addition to standard model tanks on request are also made. <\/span><span style=\"font-size: small;\"><strong>More information in manual<\/strong><\/span><\/td>\n<\/tr>\n<\/tbody>\n<\/table>\n<p>\r\n\t\t\t\t\t\n\r\n\t\t\t\t\t<!-- START UNITE GALLERY 1.7.62 -->\r\n\t\t\t\t\t\r\n\t\t\t\t\n\t\t\t<div id='unitegallery_24_3' class='unite-gallery' style='margin:0px auto;'>\n\t\t\t\t\n\n\t\t\t\t\t\t<img alt=\"BOT-22 RV\"\n\t\t\t\t\t\t     src=\"\" data-image=\"https:\/\/www.skamet.ee\/wp-content\/plugins\/unite-gallery-lite\/images\/noimage.png\"\n\t\t\t\t\t\t     data-thumb=\"https:\/\/www.skamet.ee\/wp-content\/plugins\/unite-gallery-lite\/images\/noimage.png\"\n\t\t\t\t\t\t     title=\"\"\n\t\t\t\t\t\t     style=\"display:none\">\n\n\t\t\t\t\t\t<img alt=\"IMG_20140220_101637_clipped_rev_1\"\n\t\t\t\t\t\t     src=\"\" data-image=\"https:\/\/www.skamet.ee\/wp-content\/plugins\/unite-gallery-lite\/images\/noimage.png\"\n\t\t\t\t\t\t     data-thumb=\"https:\/\/www.skamet.ee\/wp-content\/plugins\/unite-gallery-lite\/images\/noimage.png\"\n\t\t\t\t\t\t     title=\"\"\n\t\t\t\t\t\t     style=\"display:none\">\n\n\t\t\t\t\t\t<img alt=\"IMG_20140220_101619_clipped_rev_1\"\n\t\t\t\t\t\t     src=\"\" data-image=\"https:\/\/www.skamet.ee\/wp-content\/plugins\/unite-gallery-lite\/images\/noimage.png\"\n\t\t\t\t\t\t     data-thumb=\"https:\/\/www.skamet.ee\/wp-content\/plugins\/unite-gallery-lite\/images\/noimage.png\"\n\t\t\t\t\t\t     title=\"\"\n\t\t\t\t\t\t     style=\"display:none\">\n\t\t\t<\/div>\n\n\n\t\t\t<!-- END UNITEGALLERY --><\/p>\n<table border=\"1\">\n<tbody>\n<tr>\n<td><span style=\"font-size: small;\"><b>Standard parameters:<\/b><\/span><\/td>\n<td><span style=\"font-size: small;\"><b>Additional facilities:<\/b><\/span><\/td>\n<\/tr>\n<tr>\n<td><span style=\"font-size: small;\"><strong>\u00bb<\/strong>\u00a0diameter 30 \u0441m, tank capacity 25 litres;<\/span><br \/>\n<span style=\"font-size: small;\"><strong>\u00bb<\/strong>\u00a0total height with smoke pipe is 65 cm, tank 41.5 cm;<\/span><br \/>\n<span style=\"font-size: small;\"><strong>\u00bb<\/strong>\u00a0opening lid;<\/span><br \/>\n<span style=\"font-size: small;\"><strong>\u00bb<\/strong>\u00a0inner diameter of flue is 115 mm;<\/span><br \/>\n<span style=\"font-size: small;\"><strong>\u00bb<\/strong>\u00a0one male threaded nipple \u00bd inches.<\/span><\/td>\n<td><span style=\"font-size: small;\"><strong>\u00bb<\/strong>\u00a0bigger or smaller capacity;<\/span><br \/>\n<span style=\"font-size: small;\"><strong>\u00bb<\/strong>\u00a0we can also produce higher or lower;<\/span><br \/>\n<span style=\"font-size: small;\"><strong>\u00bb<\/strong>\u00a0available with rectangular plate;<\/span><br \/>\n<span style=\"font-size: small;\"><strong>\u00bb<\/strong>\u00a0stainless steel.<\/span><\/td>\n<\/tr>\n<\/tbody>\n<\/table>\n","protected":false},"excerpt":{"rendered":"<p>We have been producing standard water heating boilers since the middle of 1990s. Standard models are hollow. Boiler can be<\/p>\n","protected":false},"author":2,"featured_media":18847,"parent":2083,"menu_order":0,"comment_status":"closed","ping_status":"closed","template":"","meta":{"_lmt_disableupdate":"","_lmt_disable":"","footnotes":""},"class_list":["post-2261","page","type-page","status-publish","has-post-thumbnail","hentry"],"yoast_head":"<!-- This site is optimized with the Yoast SEO plugin v27.0 - https:\/\/yoast.com\/product\/yoast-seo-wordpress\/ -->\n<title>Water boilers - Skamet O\u00dc<\/title>\n<meta name=\"robots\" content=\"index, follow, max-snippet:-1, max-image-preview:large, max-video-preview:-1\" \/>\n<link rel=\"canonical\" href=\"https:\/\/www.skamet.ee\/veemahutid\/veeboilerid-2\/\" \/>\n<meta property=\"og:locale\" content=\"en_US\" \/>\n<meta property=\"og:type\" content=\"article\" \/>\n<meta property=\"og:title\" content=\"Water boilers - Skamet O\u00dc\" \/>\n<meta property=\"og:description\" content=\"We have been producing standard water heating boilers since the middle of 1990s. Standard models are hollow. Boiler can be\" \/>\n<meta property=\"og:url\" content=\"https:\/\/www.skamet.ee\/veemahutid\/veeboilerid-2\/\" \/>\n<meta property=\"og:site_name\" content=\"Skamet O\u00dc\" \/>\n<meta property=\"article:modified_time\" content=\"2016-02-25T07:37:38+00:00\" \/>\n<meta property=\"og:image\" content=\"https:\/\/www.skamet.ee\/wp-content\/uploads\/2015\/06\/logo-uus.png\" \/>\n\t<meta property=\"og:image:width\" content=\"300\" \/>\n\t<meta property=\"og:image:height\" content=\"127\" \/>\n\t<meta property=\"og:image:type\" content=\"image\/png\" \/>\n<meta name=\"twitter:card\" content=\"summary_large_image\" \/>\n<meta name=\"twitter:label1\" content=\"Est. reading time\" \/>\n\t<meta name=\"twitter:data1\" content=\"2 minutes\" \/>\n<script type=\"application\/ld+json\" class=\"yoast-schema-graph\">{\"@context\":\"https:\/\/schema.org\",\"@graph\":[{\"@type\":\"WebPage\",\"@id\":\"https:\/\/www.skamet.ee\/veemahutid\/veeboilerid-2\/\",\"url\":\"https:\/\/www.skamet.ee\/veemahutid\/veeboilerid-2\/\",\"name\":\"Water boilers - Skamet O\u00dc\",\"isPartOf\":{\"@id\":\"https:\/\/www.skamet.ee\/#website\"},\"primaryImageOfPage\":{\"@id\":\"https:\/\/www.skamet.ee\/veemahutid\/veeboilerid-2\/#primaryimage\"},\"image\":{\"@id\":\"https:\/\/www.skamet.ee\/veemahutid\/veeboilerid-2\/#primaryimage\"},\"thumbnailUrl\":\"https:\/\/www.skamet.ee\/wp-content\/uploads\/2015\/06\/logo-uus.png\",\"datePublished\":\"2013-11-29T10:06:48+00:00\",\"dateModified\":\"2016-02-25T07:37:38+00:00\",\"breadcrumb\":{\"@id\":\"https:\/\/www.skamet.ee\/veemahutid\/veeboilerid-2\/#breadcrumb\"},\"inLanguage\":\"en-US\",\"potentialAction\":[{\"@type\":\"ReadAction\",\"target\":[\"https:\/\/www.skamet.ee\/veemahutid\/veeboilerid-2\/\"]}]},{\"@type\":\"ImageObject\",\"inLanguage\":\"en-US\",\"@id\":\"https:\/\/www.skamet.ee\/veemahutid\/veeboilerid-2\/#primaryimage\",\"url\":\"https:\/\/www.skamet.ee\/wp-content\/uploads\/2015\/06\/logo-uus.png\",\"contentUrl\":\"https:\/\/www.skamet.ee\/wp-content\/uploads\/2015\/06\/logo-uus.png\",\"width\":300,\"height\":127,\"caption\":\"logo uus\"},{\"@type\":\"BreadcrumbList\",\"@id\":\"https:\/\/www.skamet.ee\/veemahutid\/veeboilerid-2\/#breadcrumb\",\"itemListElement\":[{\"@type\":\"ListItem\",\"position\":1,\"name\":\"Home\",\"item\":\"https:\/\/www.skamet.ee\/fi\/\"},{\"@type\":\"ListItem\",\"position\":2,\"name\":\"Water tanks\",\"item\":\"https:\/\/www.skamet.ee\/en\/water-tanks\/\"},{\"@type\":\"ListItem\",\"position\":3,\"name\":\"Water boilers\"}]},{\"@type\":\"WebSite\",\"@id\":\"https:\/\/www.skamet.ee\/#website\",\"url\":\"https:\/\/www.skamet.ee\/\",\"name\":\"Skamet O\u00dc\",\"description\":\"Efektiivsed puuk\u00fcttega saunaahjud Eesti tootjalt\",\"publisher\":{\"@id\":\"https:\/\/www.skamet.ee\/#organization\"},\"potentialAction\":[{\"@type\":\"SearchAction\",\"target\":{\"@type\":\"EntryPoint\",\"urlTemplate\":\"https:\/\/www.skamet.ee\/?s={search_term_string}\"},\"query-input\":{\"@type\":\"PropertyValueSpecification\",\"valueRequired\":true,\"valueName\":\"search_term_string\"}}],\"inLanguage\":\"en-US\"},{\"@type\":\"Organization\",\"@id\":\"https:\/\/www.skamet.ee\/#organization\",\"name\":\"Skamet\",\"url\":\"https:\/\/www.skamet.ee\/\",\"logo\":{\"@type\":\"ImageObject\",\"inLanguage\":\"en-US\",\"@id\":\"https:\/\/www.skamet.ee\/#\/schema\/logo\/image\/\",\"url\":\"https:\/\/www.skamet.ee\/wp-content\/uploads\/2015\/05\/logo-uus.png\",\"contentUrl\":\"https:\/\/www.skamet.ee\/wp-content\/uploads\/2015\/05\/logo-uus.png\",\"width\":300,\"height\":127,\"caption\":\"Skamet\"},\"image\":{\"@id\":\"https:\/\/www.skamet.ee\/#\/schema\/logo\/image\/\"}}]}<\/script>\n<!-- \/ Yoast SEO plugin. -->","yoast_head_json":{"title":"Water boilers - Skamet O\u00dc","robots":{"index":"index","follow":"follow","max-snippet":"max-snippet:-1","max-image-preview":"max-image-preview:large","max-video-preview":"max-video-preview:-1"},"canonical":"https:\/\/www.skamet.ee\/veemahutid\/veeboilerid-2\/","og_locale":"en_US","og_type":"article","og_title":"Water boilers - Skamet O\u00dc","og_description":"We have been producing standard water heating boilers since the middle of 1990s. Standard models are hollow. Boiler can be","og_url":"https:\/\/www.skamet.ee\/veemahutid\/veeboilerid-2\/","og_site_name":"Skamet O\u00dc","article_modified_time":"2016-02-25T07:37:38+00:00","og_image":[{"width":300,"height":127,"url":"https:\/\/www.skamet.ee\/wp-content\/uploads\/2015\/06\/logo-uus.png","type":"image\/png"}],"twitter_card":"summary_large_image","twitter_misc":{"Est. reading time":"2 minutes"},"schema":{"@context":"https:\/\/schema.org","@graph":[{"@type":"WebPage","@id":"https:\/\/www.skamet.ee\/veemahutid\/veeboilerid-2\/","url":"https:\/\/www.skamet.ee\/veemahutid\/veeboilerid-2\/","name":"Water boilers - Skamet O\u00dc","isPartOf":{"@id":"https:\/\/www.skamet.ee\/#website"},"primaryImageOfPage":{"@id":"https:\/\/www.skamet.ee\/veemahutid\/veeboilerid-2\/#primaryimage"},"image":{"@id":"https:\/\/www.skamet.ee\/veemahutid\/veeboilerid-2\/#primaryimage"},"thumbnailUrl":"https:\/\/www.skamet.ee\/wp-content\/uploads\/2015\/06\/logo-uus.png","datePublished":"2013-11-29T10:06:48+00:00","dateModified":"2016-02-25T07:37:38+00:00","breadcrumb":{"@id":"https:\/\/www.skamet.ee\/veemahutid\/veeboilerid-2\/#breadcrumb"},"inLanguage":"en-US","potentialAction":[{"@type":"ReadAction","target":["https:\/\/www.skamet.ee\/veemahutid\/veeboilerid-2\/"]}]},{"@type":"ImageObject","inLanguage":"en-US","@id":"https:\/\/www.skamet.ee\/veemahutid\/veeboilerid-2\/#primaryimage","url":"https:\/\/www.skamet.ee\/wp-content\/uploads\/2015\/06\/logo-uus.png","contentUrl":"https:\/\/www.skamet.ee\/wp-content\/uploads\/2015\/06\/logo-uus.png","width":300,"height":127,"caption":"logo uus"},{"@type":"BreadcrumbList","@id":"https:\/\/www.skamet.ee\/veemahutid\/veeboilerid-2\/#breadcrumb","itemListElement":[{"@type":"ListItem","position":1,"name":"Home","item":"https:\/\/www.skamet.ee\/fi\/"},{"@type":"ListItem","position":2,"name":"Water tanks","item":"https:\/\/www.skamet.ee\/en\/water-tanks\/"},{"@type":"ListItem","position":3,"name":"Water boilers"}]},{"@type":"WebSite","@id":"https:\/\/www.skamet.ee\/#website","url":"https:\/\/www.skamet.ee\/","name":"Skamet O\u00dc","description":"Efektiivsed puuk\u00fcttega saunaahjud Eesti tootjalt","publisher":{"@id":"https:\/\/www.skamet.ee\/#organization"},"potentialAction":[{"@type":"SearchAction","target":{"@type":"EntryPoint","urlTemplate":"https:\/\/www.skamet.ee\/?s={search_term_string}"},"query-input":{"@type":"PropertyValueSpecification","valueRequired":true,"valueName":"search_term_string"}}],"inLanguage":"en-US"},{"@type":"Organization","@id":"https:\/\/www.skamet.ee\/#organization","name":"Skamet","url":"https:\/\/www.skamet.ee\/","logo":{"@type":"ImageObject","inLanguage":"en-US","@id":"https:\/\/www.skamet.ee\/#\/schema\/logo\/image\/","url":"https:\/\/www.skamet.ee\/wp-content\/uploads\/2015\/05\/logo-uus.png","contentUrl":"https:\/\/www.skamet.ee\/wp-content\/uploads\/2015\/05\/logo-uus.png","width":300,"height":127,"caption":"Skamet"},"image":{"@id":"https:\/\/www.skamet.ee\/#\/schema\/logo\/image\/"}}]}},"_links":{"self":[{"href":"https:\/\/www.skamet.ee\/en\/wp-json\/wp\/v2\/pages\/2261","targetHints":{"allow":["GET"]}}],"collection":[{"href":"https:\/\/www.skamet.ee\/en\/wp-json\/wp\/v2\/pages"}],"about":[{"href":"https:\/\/www.skamet.ee\/en\/wp-json\/wp\/v2\/types\/page"}],"author":[{"embeddable":true,"href":"https:\/\/www.skamet.ee\/en\/wp-json\/wp\/v2\/users\/2"}],"replies":[{"embeddable":true,"href":"https:\/\/www.skamet.ee\/en\/wp-json\/wp\/v2\/comments?post=2261"}],"version-history":[{"count":7,"href":"https:\/\/www.skamet.ee\/en\/wp-json\/wp\/v2\/pages\/2261\/revisions"}],"predecessor-version":[{"id":33016,"href":"https:\/\/www.skamet.ee\/en\/wp-json\/wp\/v2\/pages\/2261\/revisions\/33016"}],"up":[{"embeddable":true,"href":"https:\/\/www.skamet.ee\/en\/wp-json\/wp\/v2\/pages\/2083"}],"wp:featuredmedia":[{"embeddable":true,"href":"https:\/\/www.skamet.ee\/en\/wp-json\/wp\/v2\/media\/18847"}],"wp:attachment":[{"href":"https:\/\/www.skamet.ee\/en\/wp-json\/wp\/v2\/media?parent=2261"}],"curies":[{"name":"wp","href":"https:\/\/api.w.org\/{rel}","templated":true}]}}