{"id":41887,"date":"2021-03-11T11:28:01","date_gmt":"2021-03-11T09:28:01","guid":{"rendered":"https:\/\/uus.skamet.ee\/tooted\/uncategorized\/sauna-stove-with-metal-casing-2\/"},"modified":"2021-03-11T11:28:01","modified_gmt":"2021-03-11T09:28:01","slug":"sauna-stove-with-metal-casing-2","status":"publish","type":"product","link":"https:\/\/www.skamet.ee\/en\/tooted\/sauna-stove-with-metal-casing-2\/","title":{"rendered":"Sauna stove with metal casing"},"content":{"rendered":"<p>Stoves with metal casing have been produced in P\u00e4rnu since the 1990s. First they were produced at H\u00e4rma Metall. Since 2006 they have been produced by SKAMET. If you choose a stove correctly \u2013 in accordance to the size of bench and other parameters (without water tank), the heating time will make approx. 30-45 min. (model with water tank requires more time for heating, depending on the size of tank). This time is enough to heat sauna bench until 100 degrees. Fresh air intake and used air exit are also relevant.<\/p>\n","protected":false},"excerpt":{"rendered":"<p>Stoves with metal casing have been produced in P\u00e4rnu since the 1990s. First they were produced at H\u00e4rma Metall. Since<\/p>\n","protected":false},"featured_media":39507,"template":"","meta":{"_lmt_disableupdate":"","_lmt_disable":""},"product_brand":[],"product_cat":[308],"product_tag":[],"class_list":{"0":"post-41887","1":"product","2":"type-product","3":"status-publish","4":"has-post-thumbnail","6":"product_cat-toisesta-tilasta-lammitettavat","7":"pa_ahju-korgus-73-cm-en","8":"pa_ahju-korgus-81-cm-en","9":"pa_ahju-laius-43-cm-en","10":"pa_ahju-sugavus-51-cm-en","11":"pa_kivide-hulk-40-kg-en","12":"pa_kivide-hulk-50-kg-en","13":"pa_koetav-ruumala-16-m-25-m-en","14":"pa_koetav-ruumala-8-m-18-m-en","15":"pa_mudel-p-116-en","16":"pa_mudel-p-120-en","18":"first","19":"instock","20":"shipping-taxable","21":"product-type-simple"},"yoast_head":"<!-- This site is optimized with the Yoast SEO plugin v27.0 - https:\/\/yoast.com\/product\/yoast-seo-wordpress\/ -->\n<title>Sauna stove with metal casing - Skamet O\u00dc<\/title>\n<meta name=\"robots\" content=\"index, follow, max-snippet:-1, max-image-preview:large, max-video-preview:-1\" \/>\n<link rel=\"canonical\" href=\"https:\/\/www.skamet.ee\/en\/tooted\/sauna-stove-with-metal-casing-2\/\" \/>\n<meta property=\"og:locale\" content=\"en_US\" \/>\n<meta property=\"og:type\" content=\"article\" \/>\n<meta property=\"og:title\" content=\"Sauna stove with metal casing - Skamet O\u00dc\" \/>\n<meta property=\"og:description\" content=\"Stoves with metal casing have been produced in P\u00e4rnu since the 1990s. First they were produced at H\u00e4rma Metall. Since\" \/>\n<meta property=\"og:url\" content=\"https:\/\/www.skamet.ee\/en\/tooted\/sauna-stove-with-metal-casing-2\/\" \/>\n<meta property=\"og:site_name\" content=\"Skamet O\u00dc\" \/>\n<meta property=\"og:image\" content=\"https:\/\/www.skamet.ee\/wp-content\/uploads\/2021\/03\/P-116P-120-e1615455292633.jpg\" \/>\n\t<meta property=\"og:image:width\" content=\"1024\" \/>\n\t<meta property=\"og:image:height\" content=\"993\" \/>\n\t<meta property=\"og:image:type\" content=\"image\/jpeg\" \/>\n<meta name=\"twitter:card\" content=\"summary_large_image\" \/>\n<script type=\"application\/ld+json\" class=\"yoast-schema-graph\">{\"@context\":\"https:\/\/schema.org\",\"@graph\":[{\"@type\":\"WebPage\",\"@id\":\"https:\/\/www.skamet.ee\/en\/tooted\/sauna-stove-with-metal-casing-2\/\",\"url\":\"https:\/\/www.skamet.ee\/en\/tooted\/sauna-stove-with-metal-casing-2\/\",\"name\":\"Sauna stove with metal casing - Skamet O\u00dc\",\"isPartOf\":{\"@id\":\"https:\/\/www.skamet.ee\/#website\"},\"primaryImageOfPage\":{\"@id\":\"https:\/\/www.skamet.ee\/en\/tooted\/sauna-stove-with-metal-casing-2\/#primaryimage\"},\"image\":{\"@id\":\"https:\/\/www.skamet.ee\/en\/tooted\/sauna-stove-with-metal-casing-2\/#primaryimage\"},\"thumbnailUrl\":\"https:\/\/www.skamet.ee\/wp-content\/uploads\/2021\/03\/P-116P-120-e1615455292633.jpg\",\"datePublished\":\"2021-03-11T09:28:01+00:00\",\"breadcrumb\":{\"@id\":\"https:\/\/www.skamet.ee\/en\/tooted\/sauna-stove-with-metal-casing-2\/#breadcrumb\"},\"inLanguage\":\"en-US\",\"potentialAction\":[{\"@type\":\"ReadAction\",\"target\":[\"https:\/\/www.skamet.ee\/en\/tooted\/sauna-stove-with-metal-casing-2\/\"]}]},{\"@type\":\"ImageObject\",\"inLanguage\":\"en-US\",\"@id\":\"https:\/\/www.skamet.ee\/en\/tooted\/sauna-stove-with-metal-casing-2\/#primaryimage\",\"url\":\"https:\/\/www.skamet.ee\/wp-content\/uploads\/2021\/03\/P-116P-120-e1615455292633.jpg\",\"contentUrl\":\"https:\/\/www.skamet.ee\/wp-content\/uploads\/2021\/03\/P-116P-120-e1615455292633.jpg\",\"width\":1024,\"height\":993,\"caption\":\"P 116P 120 e1615455292633\"},{\"@type\":\"BreadcrumbList\",\"@id\":\"https:\/\/www.skamet.ee\/en\/tooted\/sauna-stove-with-metal-casing-2\/#breadcrumb\",\"itemListElement\":[{\"@type\":\"ListItem\",\"position\":1,\"name\":\"Home\",\"item\":\"https:\/\/www.skamet.ee\/fi\/\"},{\"@type\":\"ListItem\",\"position\":2,\"name\":\"Products\",\"item\":\"https:\/\/www.skamet.ee\/en\/products-page\/\"},{\"@type\":\"ListItem\",\"position\":3,\"name\":\"Sauna stove with metal casing\"}]},{\"@type\":\"WebSite\",\"@id\":\"https:\/\/www.skamet.ee\/#website\",\"url\":\"https:\/\/www.skamet.ee\/\",\"name\":\"Skamet O\u00dc\",\"description\":\"Efektiivsed puuk\u00fcttega saunaahjud Eesti tootjalt\",\"publisher\":{\"@id\":\"https:\/\/www.skamet.ee\/#organization\"},\"potentialAction\":[{\"@type\":\"SearchAction\",\"target\":{\"@type\":\"EntryPoint\",\"urlTemplate\":\"https:\/\/www.skamet.ee\/?s={search_term_string}\"},\"query-input\":{\"@type\":\"PropertyValueSpecification\",\"valueRequired\":true,\"valueName\":\"search_term_string\"}}],\"inLanguage\":\"en-US\"},{\"@type\":\"Organization\",\"@id\":\"https:\/\/www.skamet.ee\/#organization\",\"name\":\"Skamet\",\"url\":\"https:\/\/www.skamet.ee\/\",\"logo\":{\"@type\":\"ImageObject\",\"inLanguage\":\"en-US\",\"@id\":\"https:\/\/www.skamet.ee\/#\/schema\/logo\/image\/\",\"url\":\"https:\/\/www.skamet.ee\/wp-content\/uploads\/2015\/05\/logo-uus.png\",\"contentUrl\":\"https:\/\/www.skamet.ee\/wp-content\/uploads\/2015\/05\/logo-uus.png\",\"width\":300,\"height\":127,\"caption\":\"Skamet\"},\"image\":{\"@id\":\"https:\/\/www.skamet.ee\/#\/schema\/logo\/image\/\"}}]}<\/script>\n<!-- \/ Yoast SEO plugin. -->","yoast_head_json":{"title":"Sauna stove with metal casing - Skamet O\u00dc","robots":{"index":"index","follow":"follow","max-snippet":"max-snippet:-1","max-image-preview":"max-image-preview:large","max-video-preview":"max-video-preview:-1"},"canonical":"https:\/\/www.skamet.ee\/en\/tooted\/sauna-stove-with-metal-casing-2\/","og_locale":"en_US","og_type":"article","og_title":"Sauna stove with metal casing - Skamet O\u00dc","og_description":"Stoves with metal casing have been produced in P\u00e4rnu since the 1990s. First they were produced at H\u00e4rma Metall. Since","og_url":"https:\/\/www.skamet.ee\/en\/tooted\/sauna-stove-with-metal-casing-2\/","og_site_name":"Skamet O\u00dc","og_image":[{"width":1024,"height":993,"url":"https:\/\/www.skamet.ee\/wp-content\/uploads\/2021\/03\/P-116P-120-e1615455292633.jpg","type":"image\/jpeg"}],"twitter_card":"summary_large_image","schema":{"@context":"https:\/\/schema.org","@graph":[{"@type":"WebPage","@id":"https:\/\/www.skamet.ee\/en\/tooted\/sauna-stove-with-metal-casing-2\/","url":"https:\/\/www.skamet.ee\/en\/tooted\/sauna-stove-with-metal-casing-2\/","name":"Sauna stove with metal casing - Skamet O\u00dc","isPartOf":{"@id":"https:\/\/www.skamet.ee\/#website"},"primaryImageOfPage":{"@id":"https:\/\/www.skamet.ee\/en\/tooted\/sauna-stove-with-metal-casing-2\/#primaryimage"},"image":{"@id":"https:\/\/www.skamet.ee\/en\/tooted\/sauna-stove-with-metal-casing-2\/#primaryimage"},"thumbnailUrl":"https:\/\/www.skamet.ee\/wp-content\/uploads\/2021\/03\/P-116P-120-e1615455292633.jpg","datePublished":"2021-03-11T09:28:01+00:00","breadcrumb":{"@id":"https:\/\/www.skamet.ee\/en\/tooted\/sauna-stove-with-metal-casing-2\/#breadcrumb"},"inLanguage":"en-US","potentialAction":[{"@type":"ReadAction","target":["https:\/\/www.skamet.ee\/en\/tooted\/sauna-stove-with-metal-casing-2\/"]}]},{"@type":"ImageObject","inLanguage":"en-US","@id":"https:\/\/www.skamet.ee\/en\/tooted\/sauna-stove-with-metal-casing-2\/#primaryimage","url":"https:\/\/www.skamet.ee\/wp-content\/uploads\/2021\/03\/P-116P-120-e1615455292633.jpg","contentUrl":"https:\/\/www.skamet.ee\/wp-content\/uploads\/2021\/03\/P-116P-120-e1615455292633.jpg","width":1024,"height":993,"caption":"P 116P 120 e1615455292633"},{"@type":"BreadcrumbList","@id":"https:\/\/www.skamet.ee\/en\/tooted\/sauna-stove-with-metal-casing-2\/#breadcrumb","itemListElement":[{"@type":"ListItem","position":1,"name":"Home","item":"https:\/\/www.skamet.ee\/fi\/"},{"@type":"ListItem","position":2,"name":"Products","item":"https:\/\/www.skamet.ee\/en\/products-page\/"},{"@type":"ListItem","position":3,"name":"Sauna stove with metal casing"}]},{"@type":"WebSite","@id":"https:\/\/www.skamet.ee\/#website","url":"https:\/\/www.skamet.ee\/","name":"Skamet O\u00dc","description":"Efektiivsed puuk\u00fcttega saunaahjud Eesti tootjalt","publisher":{"@id":"https:\/\/www.skamet.ee\/#organization"},"potentialAction":[{"@type":"SearchAction","target":{"@type":"EntryPoint","urlTemplate":"https:\/\/www.skamet.ee\/?s={search_term_string}"},"query-input":{"@type":"PropertyValueSpecification","valueRequired":true,"valueName":"search_term_string"}}],"inLanguage":"en-US"},{"@type":"Organization","@id":"https:\/\/www.skamet.ee\/#organization","name":"Skamet","url":"https:\/\/www.skamet.ee\/","logo":{"@type":"ImageObject","inLanguage":"en-US","@id":"https:\/\/www.skamet.ee\/#\/schema\/logo\/image\/","url":"https:\/\/www.skamet.ee\/wp-content\/uploads\/2015\/05\/logo-uus.png","contentUrl":"https:\/\/www.skamet.ee\/wp-content\/uploads\/2015\/05\/logo-uus.png","width":300,"height":127,"caption":"Skamet"},"image":{"@id":"https:\/\/www.skamet.ee\/#\/schema\/logo\/image\/"}}]}},"_links":{"self":[{"href":"https:\/\/www.skamet.ee\/en\/wp-json\/wp\/v2\/product\/41887","targetHints":{"allow":["GET"]}}],"collection":[{"href":"https:\/\/www.skamet.ee\/en\/wp-json\/wp\/v2\/product"}],"about":[{"href":"https:\/\/www.skamet.ee\/en\/wp-json\/wp\/v2\/types\/product"}],"version-history":[{"count":0,"href":"https:\/\/www.skamet.ee\/en\/wp-json\/wp\/v2\/product\/41887\/revisions"}],"wp:featuredmedia":[{"embeddable":true,"href":"https:\/\/www.skamet.ee\/en\/wp-json\/wp\/v2\/media\/39507"}],"wp:attachment":[{"href":"https:\/\/www.skamet.ee\/en\/wp-json\/wp\/v2\/media?parent=41887"}],"wp:term":[{"taxonomy":"product_brand","embeddable":true,"href":"https:\/\/www.skamet.ee\/en\/wp-json\/wp\/v2\/product_brand?post=41887"},{"taxonomy":"product_cat","embeddable":true,"href":"https:\/\/www.skamet.ee\/en\/wp-json\/wp\/v2\/product_cat?post=41887"},{"taxonomy":"product_tag","embeddable":true,"href":"https:\/\/www.skamet.ee\/en\/wp-json\/wp\/v2\/product_tag?post=41887"}],"curies":[{"name":"wp","href":"https:\/\/api.w.org\/{rel}","templated":true}]}}