{"id":2755,"date":"2014-02-17T10:25:49","date_gmt":"2014-02-17T10:25:49","guid":{"rendered":"http:\/\/skamet.ee\/?page_id=2755"},"modified":"2025-06-13T10:12:08","modified_gmt":"2025-06-13T07:12:08","slug":"kayttoohjeet","status":"publish","type":"page","link":"https:\/\/www.skamet.ee\/fi\/dokumentaatio\/kayttoohjeet\/","title":{"rendered":"K\u00e4ytt\u00f6ohjeet"},"content":{"rendered":"\t\t<div data-elementor-type=\"wp-page\" data-elementor-id=\"2755\" class=\"elementor elementor-2755 elementor-74\" data-elementor-post-type=\"page\">\n\t\t\t\t\t\t<section class=\"wd-negative-gap elementor-section elementor-top-section elementor-element elementor-element-5ea45072 elementor-section-boxed elementor-section-height-default elementor-section-height-default\" data-id=\"5ea45072\" data-element_type=\"section\" data-e-type=\"section\">\n\t\t\t\t\t\t<div class=\"elementor-container elementor-column-gap-default\">\n\t\t\t\t\t<div class=\"elementor-column elementor-col-100 elementor-top-column elementor-element elementor-element-b818ee1\" data-id=\"b818ee1\" data-element_type=\"column\" data-e-type=\"column\">\n\t\t\t<div class=\"elementor-widget-wrap elementor-element-populated\">\n\t\t\t\t\t\t<div class=\"elementor-element elementor-element-6ef555d0 color-scheme-inherit text-left elementor-widget elementor-widget-text-editor\" data-id=\"6ef555d0\" data-element_type=\"widget\" data-e-type=\"widget\" data-widget_type=\"text-editor.default\">\n\t\t\t\t<div class=\"elementor-widget-container\">\n\t\t\t\t\t\t\t\t\t<p><a href=\"http:\/\/skamet.ee\/wp-content\/uploads\/2014\/04\/FIN-ENG-veeb-tabelid.pdf\" target=\"_blank\" rel=\"noopener noreferrer\"><img loading=\"lazy\" decoding=\"async\" src=\"http:\/\/skamet.ee\/wp-content\/uploads\/2014\/04\/Saunauunit.jpg\" alt=\"\" width=\"400\" height=\"140\" \/><\/a><\/p><p><a href=\"http:\/\/skamet.ee\/wp-content\/uploads\/2014\/09\/A5_GB.pdf\" target=\"_blank\" rel=\"noopener noreferrer\"><img loading=\"lazy\" decoding=\"async\" src=\"http:\/\/skamet.ee\/wp-content\/uploads\/2014\/09\/Kuumavesis\u00e4ili\u00f6t.jpg\" alt=\"\" width=\"400\" height=\"150\" \/><\/a><\/p><p><a href=\"https:\/\/www.skamet.ee\/wp-content\/uploads\/2025\/06\/Skamet-PS-SS-SSY-pass-A5_2025_FI.pdf\" target=\"_blank\" rel=\"noopener noreferrer\"><img loading=\"lazy\" decoding=\"async\" class=\"alignnone\" src=\"http:\/\/skamet.ee\/wp-content\/uploads\/2014\/04\/Mini-kiuas-FIN1.jpg\" alt=\"\" width=\"400\" height=\"150\" \/><\/a><\/p><p><a href=\"https:\/\/skamet.ee\/wp-content\/uploads\/2019\/02\/Suitsuahju_pass_web_FI.pdf\" target=\"_blank\" rel=\"noopener noreferrer\"><img loading=\"lazy\" decoding=\"async\" class=\"alignnone\" src=\"http:\/\/skamet.ee\/wp-content\/uploads\/2014\/04\/savustusuuni-.jpg\" alt=\"\" width=\"400\" height=\"150\" \/><\/a><\/p><p><a href=\"http:\/\/skamet.ee\/wp-content\/uploads\/2015\/03\/Suitsutoru-v\u00f5red-8-keelt.pdf\" target=\"_blank\" rel=\"noopener noreferrer\"><img loading=\"lazy\" decoding=\"async\" class=\"alignnone\" src=\"http:\/\/skamet.ee\/wp-content\/uploads\/2014\/04\/Verkko-savuputkelle.jpg\" alt=\"\" width=\"400\" height=\"150\" \/><\/a><\/p><p><a href=\"http:\/\/skamet.ee\/wp-content\/uploads\/2015\/06\/SKA-BOT-25_FIN.pdf\" target=\"_blank\" rel=\"noopener noreferrer\"><img loading=\"lazy\" decoding=\"async\" class=\"alignnone\" src=\"http:\/\/skamet.ee\/wp-content\/uploads\/2014\/04\/Ymp\u00e4rill\u00e4-savuputki-BOT.jpg\" alt=\"\" width=\"400\" height=\"150\" \/><\/a><\/p><p><a href=\"http:\/\/skamet.ee\/wp-content\/uploads\/2018\/12\/ARK-115_FI.pdf\" target=\"_blank\" rel=\"noopener noreferrer\"><img loading=\"lazy\" decoding=\"async\" class=\"alignnone wp-image-33609\" src=\"http:\/\/skamet.ee\/wp-content\/uploads\/2012\/12\/Moodulkorsten-Soome-300x113.jpg\" alt=\"\" width=\"398\" height=\"150\" srcset=\"https:\/\/www.skamet.ee\/wp-content\/uploads\/2012\/12\/Moodulkorsten-Soome-300x113.jpg 300w, https:\/\/www.skamet.ee\/wp-content\/uploads\/2012\/12\/Moodulkorsten-Soome.jpg 400w\" sizes=\"auto, (max-width: 398px) 100vw, 398px\" \/><\/a><\/p>\t\t\t\t\t\t\t\t<\/div>\n\t\t\t\t<\/div>\n\t\t\t\t\t<\/div>\n\t\t<\/div>\n\t\t\t\t\t<\/div>\n\t\t<\/section>\n\t\t\t\t<\/div>\n\t\t","protected":false},"excerpt":{"rendered":"","protected":false},"author":2,"featured_media":55527,"parent":2751,"menu_order":0,"comment_status":"closed","ping_status":"closed","template":"","meta":{"_lmt_disableupdate":"","_lmt_disable":"","footnotes":""},"class_list":["post-2755","page","type-page","status-publish","has-post-thumbnail","hentry"],"yoast_head":"<!-- This site is optimized with the Yoast SEO plugin v27.0 - https:\/\/yoast.com\/product\/yoast-seo-wordpress\/ -->\n<title>K\u00e4ytt\u00f6ohjeet - Skamet O\u00dc<\/title>\n<meta name=\"robots\" content=\"index, follow, max-snippet:-1, max-image-preview:large, max-video-preview:-1\" \/>\n<link rel=\"canonical\" href=\"https:\/\/www.skamet.ee\/dokumentatsioon\/kasutusjuhendid\/\" \/>\n<meta property=\"og:locale\" content=\"fi_FI\" \/>\n<meta property=\"og:type\" content=\"article\" \/>\n<meta property=\"og:title\" content=\"K\u00e4ytt\u00f6ohjeet - Skamet O\u00dc\" \/>\n<meta property=\"og:url\" content=\"https:\/\/www.skamet.ee\/dokumentatsioon\/kasutusjuhendid\/\" \/>\n<meta property=\"og:site_name\" content=\"Skamet O\u00dc\" \/>\n<meta property=\"article:modified_time\" content=\"2025-06-13T07:12:08+00:00\" \/>\n<meta property=\"og:image\" content=\"http:\/\/skamet.ee\/wp-content\/uploads\/2014\/04\/Saunauunit.jpg\" \/>\n<meta name=\"twitter:card\" content=\"summary_large_image\" \/>\n<meta name=\"twitter:label1\" content=\"Arvioitu lukuaika\" \/>\n\t<meta name=\"twitter:data1\" content=\"2 minuuttia\" \/>\n<script type=\"application\/ld+json\" class=\"yoast-schema-graph\">{\"@context\":\"https:\/\/schema.org\",\"@graph\":[{\"@type\":\"WebPage\",\"@id\":\"https:\/\/www.skamet.ee\/dokumentatsioon\/kasutusjuhendid\/\",\"url\":\"https:\/\/www.skamet.ee\/dokumentatsioon\/kasutusjuhendid\/\",\"name\":\"K\u00e4ytt\u00f6ohjeet - Skamet O\u00dc\",\"isPartOf\":{\"@id\":\"https:\/\/www.skamet.ee\/#website\"},\"primaryImageOfPage\":{\"@id\":\"https:\/\/www.skamet.ee\/dokumentatsioon\/kasutusjuhendid\/#primaryimage\"},\"image\":{\"@id\":\"https:\/\/www.skamet.ee\/dokumentatsioon\/kasutusjuhendid\/#primaryimage\"},\"thumbnailUrl\":\"https:\/\/www.skamet.ee\/wp-content\/uploads\/2012\/12\/Moodulkorsten-Eesti.jpg\",\"datePublished\":\"2014-02-17T10:25:49+00:00\",\"dateModified\":\"2025-06-13T07:12:08+00:00\",\"breadcrumb\":{\"@id\":\"https:\/\/www.skamet.ee\/dokumentatsioon\/kasutusjuhendid\/#breadcrumb\"},\"inLanguage\":\"fi\",\"potentialAction\":[{\"@type\":\"ReadAction\",\"target\":[\"https:\/\/www.skamet.ee\/dokumentatsioon\/kasutusjuhendid\/\"]}]},{\"@type\":\"ImageObject\",\"inLanguage\":\"fi\",\"@id\":\"https:\/\/www.skamet.ee\/dokumentatsioon\/kasutusjuhendid\/#primaryimage\",\"url\":\"https:\/\/www.skamet.ee\/wp-content\/uploads\/2012\/12\/Moodulkorsten-Eesti.jpg\",\"contentUrl\":\"https:\/\/www.skamet.ee\/wp-content\/uploads\/2012\/12\/Moodulkorsten-Eesti.jpg\",\"width\":400,\"height\":150,\"caption\":\"Moodulkorsten Eesti\"},{\"@type\":\"BreadcrumbList\",\"@id\":\"https:\/\/www.skamet.ee\/dokumentatsioon\/kasutusjuhendid\/#breadcrumb\",\"itemListElement\":[{\"@type\":\"ListItem\",\"position\":1,\"name\":\"Home\",\"item\":\"https:\/\/www.skamet.ee\/fi\/\"},{\"@type\":\"ListItem\",\"position\":2,\"name\":\"Dokumentaatio\",\"item\":\"https:\/\/www.skamet.ee\/fi\/dokumentaatio\/\"},{\"@type\":\"ListItem\",\"position\":3,\"name\":\"K\u00e4ytt\u00f6ohjeet\"}]},{\"@type\":\"WebSite\",\"@id\":\"https:\/\/www.skamet.ee\/#website\",\"url\":\"https:\/\/www.skamet.ee\/\",\"name\":\"Skamet O\u00dc\",\"description\":\"Efektiivsed puuk\u00fcttega saunaahjud Eesti tootjalt\",\"publisher\":{\"@id\":\"https:\/\/www.skamet.ee\/#organization\"},\"potentialAction\":[{\"@type\":\"SearchAction\",\"target\":{\"@type\":\"EntryPoint\",\"urlTemplate\":\"https:\/\/www.skamet.ee\/?s={search_term_string}\"},\"query-input\":{\"@type\":\"PropertyValueSpecification\",\"valueRequired\":true,\"valueName\":\"search_term_string\"}}],\"inLanguage\":\"fi\"},{\"@type\":\"Organization\",\"@id\":\"https:\/\/www.skamet.ee\/#organization\",\"name\":\"Skamet\",\"url\":\"https:\/\/www.skamet.ee\/\",\"logo\":{\"@type\":\"ImageObject\",\"inLanguage\":\"fi\",\"@id\":\"https:\/\/www.skamet.ee\/#\/schema\/logo\/image\/\",\"url\":\"https:\/\/www.skamet.ee\/wp-content\/uploads\/2015\/05\/logo-uus.png\",\"contentUrl\":\"https:\/\/www.skamet.ee\/wp-content\/uploads\/2015\/05\/logo-uus.png\",\"width\":300,\"height\":127,\"caption\":\"Skamet\"},\"image\":{\"@id\":\"https:\/\/www.skamet.ee\/#\/schema\/logo\/image\/\"}}]}<\/script>\n<!-- \/ Yoast SEO plugin. -->","yoast_head_json":{"title":"K\u00e4ytt\u00f6ohjeet - Skamet O\u00dc","robots":{"index":"index","follow":"follow","max-snippet":"max-snippet:-1","max-image-preview":"max-image-preview:large","max-video-preview":"max-video-preview:-1"},"canonical":"https:\/\/www.skamet.ee\/dokumentatsioon\/kasutusjuhendid\/","og_locale":"fi_FI","og_type":"article","og_title":"K\u00e4ytt\u00f6ohjeet - Skamet O\u00dc","og_url":"https:\/\/www.skamet.ee\/dokumentatsioon\/kasutusjuhendid\/","og_site_name":"Skamet O\u00dc","article_modified_time":"2025-06-13T07:12:08+00:00","og_image":[{"url":"http:\/\/skamet.ee\/wp-content\/uploads\/2014\/04\/Saunauunit.jpg","type":"","width":"","height":""}],"twitter_card":"summary_large_image","twitter_misc":{"Arvioitu lukuaika":"2 minuuttia"},"schema":{"@context":"https:\/\/schema.org","@graph":[{"@type":"WebPage","@id":"https:\/\/www.skamet.ee\/dokumentatsioon\/kasutusjuhendid\/","url":"https:\/\/www.skamet.ee\/dokumentatsioon\/kasutusjuhendid\/","name":"K\u00e4ytt\u00f6ohjeet - Skamet O\u00dc","isPartOf":{"@id":"https:\/\/www.skamet.ee\/#website"},"primaryImageOfPage":{"@id":"https:\/\/www.skamet.ee\/dokumentatsioon\/kasutusjuhendid\/#primaryimage"},"image":{"@id":"https:\/\/www.skamet.ee\/dokumentatsioon\/kasutusjuhendid\/#primaryimage"},"thumbnailUrl":"https:\/\/www.skamet.ee\/wp-content\/uploads\/2012\/12\/Moodulkorsten-Eesti.jpg","datePublished":"2014-02-17T10:25:49+00:00","dateModified":"2025-06-13T07:12:08+00:00","breadcrumb":{"@id":"https:\/\/www.skamet.ee\/dokumentatsioon\/kasutusjuhendid\/#breadcrumb"},"inLanguage":"fi","potentialAction":[{"@type":"ReadAction","target":["https:\/\/www.skamet.ee\/dokumentatsioon\/kasutusjuhendid\/"]}]},{"@type":"ImageObject","inLanguage":"fi","@id":"https:\/\/www.skamet.ee\/dokumentatsioon\/kasutusjuhendid\/#primaryimage","url":"https:\/\/www.skamet.ee\/wp-content\/uploads\/2012\/12\/Moodulkorsten-Eesti.jpg","contentUrl":"https:\/\/www.skamet.ee\/wp-content\/uploads\/2012\/12\/Moodulkorsten-Eesti.jpg","width":400,"height":150,"caption":"Moodulkorsten Eesti"},{"@type":"BreadcrumbList","@id":"https:\/\/www.skamet.ee\/dokumentatsioon\/kasutusjuhendid\/#breadcrumb","itemListElement":[{"@type":"ListItem","position":1,"name":"Home","item":"https:\/\/www.skamet.ee\/fi\/"},{"@type":"ListItem","position":2,"name":"Dokumentaatio","item":"https:\/\/www.skamet.ee\/fi\/dokumentaatio\/"},{"@type":"ListItem","position":3,"name":"K\u00e4ytt\u00f6ohjeet"}]},{"@type":"WebSite","@id":"https:\/\/www.skamet.ee\/#website","url":"https:\/\/www.skamet.ee\/","name":"Skamet O\u00dc","description":"Efektiivsed puuk\u00fcttega saunaahjud Eesti tootjalt","publisher":{"@id":"https:\/\/www.skamet.ee\/#organization"},"potentialAction":[{"@type":"SearchAction","target":{"@type":"EntryPoint","urlTemplate":"https:\/\/www.skamet.ee\/?s={search_term_string}"},"query-input":{"@type":"PropertyValueSpecification","valueRequired":true,"valueName":"search_term_string"}}],"inLanguage":"fi"},{"@type":"Organization","@id":"https:\/\/www.skamet.ee\/#organization","name":"Skamet","url":"https:\/\/www.skamet.ee\/","logo":{"@type":"ImageObject","inLanguage":"fi","@id":"https:\/\/www.skamet.ee\/#\/schema\/logo\/image\/","url":"https:\/\/www.skamet.ee\/wp-content\/uploads\/2015\/05\/logo-uus.png","contentUrl":"https:\/\/www.skamet.ee\/wp-content\/uploads\/2015\/05\/logo-uus.png","width":300,"height":127,"caption":"Skamet"},"image":{"@id":"https:\/\/www.skamet.ee\/#\/schema\/logo\/image\/"}}]}},"_links":{"self":[{"href":"https:\/\/www.skamet.ee\/fi\/wp-json\/wp\/v2\/pages\/2755","targetHints":{"allow":["GET"]}}],"collection":[{"href":"https:\/\/www.skamet.ee\/fi\/wp-json\/wp\/v2\/pages"}],"about":[{"href":"https:\/\/www.skamet.ee\/fi\/wp-json\/wp\/v2\/types\/page"}],"author":[{"embeddable":true,"href":"https:\/\/www.skamet.ee\/fi\/wp-json\/wp\/v2\/users\/2"}],"replies":[{"embeddable":true,"href":"https:\/\/www.skamet.ee\/fi\/wp-json\/wp\/v2\/comments?post=2755"}],"version-history":[{"count":16,"href":"https:\/\/www.skamet.ee\/fi\/wp-json\/wp\/v2\/pages\/2755\/revisions"}],"predecessor-version":[{"id":50651,"href":"https:\/\/www.skamet.ee\/fi\/wp-json\/wp\/v2\/pages\/2755\/revisions\/50651"}],"up":[{"embeddable":true,"href":"https:\/\/www.skamet.ee\/fi\/wp-json\/wp\/v2\/pages\/2751"}],"wp:featuredmedia":[{"embeddable":true,"href":"https:\/\/www.skamet.ee\/fi\/wp-json\/wp\/v2\/media\/55527"}],"wp:attachment":[{"href":"https:\/\/www.skamet.ee\/fi\/wp-json\/wp\/v2\/media?parent=2755"}],"curies":[{"name":"wp","href":"https:\/\/api.w.org\/{rel}","templated":true}]}}