{"id":2766,"date":"2014-02-17T10:48:40","date_gmt":"2014-02-17T10:48:40","guid":{"rendered":"http:\/\/skamet.ee\/?page_id=2766"},"modified":"2024-02-14T13:35:43","modified_gmt":"2024-02-14T11:35:43","slug":"yrityksesta","status":"publish","type":"page","link":"https:\/\/www.skamet.ee\/fi\/yrityksesta\/","title":{"rendered":"Yrityksest\u00e4"},"content":{"rendered":"<h3><strong>MEIST<\/strong><\/h3>\n<p style=\"text-align: justify;\"><span style=\"font-size: small;\">Skameti br\u00e4nd on Eesti turul \u00fcks tuntumaid puuk\u00fcttega saunaahjude valmistaja. Meie p\u00f5hitoodangu hulka kuuluvad: saunaahjud (terasest ja v\u00f5rkkorpusega), veeboilerid, kuumsuitsuahjud, suitsutorud, lihavannid, l\u00f5kkealused jne. <\/span><span style=\"font-size: small;\">Lisaks enda toodangu tootmisele pakume erinevaid metallt\u00f6\u00f6dega seotud teenuseid. Ettev\u00f5te omab masinaparki, mis v\u00f5imaldab kliendile pakkuda teenuseid erinevateks metallit\u00f6\u00f6deks. Peamiselt tegeleme metall detailide valmistamisega: painutamine, valtsimine ja keevitust\u00f6\u00f6d. O\u00dc Skamet asutati 2006. aastal, mil osteti \u00e4ra juba aastaid turul tegutsenud H\u00e4rma Metall O\u00dc. Ettev\u00f5te p\u00f5hineb 100% Eesti kapitalil.<\/span><\/p>\n<p style=\"text-align: justify;\"><span style=\"font-size: small;\">Tootmishooned paiknevad aadressil Savi 9, P\u00e4rnus.\u00a0 Tegutsemise aastate jooksul on turule toodud uusi tooteid: v\u00f5redega saunaahjud, suitsuahjud, t\u00e4iustatud roostevaba boilereid (lisatud anood), akupaagid, veesoojendajad ja k\u00fcttepliidid. Suurem osa ettev\u00f5tte toodangust eksporditakse. Senine eksport tegevus on keskendunud p\u00f5hiliselt Soome, L\u00e4tti, Leetu ja Saksamaale. <\/span><span style=\"font-size: small;\">Aastate jooksul on tooteid eksporditud ka Belgiasse, Soome, Kanadasse, Poola, Austraaliasse ja Rootsi.\u00a0<\/span><\/p>\n<h3><strong>KVALITEEDIM\u00c4RGISED<\/strong><\/h3>\n<p style=\"text-align: justify;\"><span style=\"font-size: small;\">Ettev\u00f5te l\u00e4htub juhtimisel ISO 9001:2015 standardist. Alates 2007-st aastat on Skamet O\u00dc Eesti Kaubandus-T\u00f6\u00f6stuskoja liige. 2008ndal aastal arendati ettev\u00f5ttes v\u00e4lja tootmisohje s\u00fcsteem, mille alusel on \u00f5igus oma toodetel kasutada CE m\u00e4rki.<\/span><\/p>\n<p style=\"text-align: justify;\"><span style=\"font-size: small;\"> Skamet O\u00dc on saanud toetust EAS`ilt innovatsiooniosaku meetme raames projektile &#8221;Suitsutorude vastupidavuse testimine edaspidise arendamise eesm\u00e4rgil&#8221;. Projekti kestvus oli 01. juuli &#8211; 30. november 2011.a. ning teadmiste ja oskuste arendamise meetme raames projektile &#8221;Puutk\u00fcttega saunaahjude viimine vastavusse Euroopa Liidu standarditega&#8221;. Projekti kestvus 01. november 2011.a. &#8211; 31. jaanuar 2012.a.\u00a0<\/span><span style=\"font-size: 10pt;\">2015.-ndal aastal tunnustati ettev\u00f5tet &#8221;Gasellettev\u00f5te&#8221; tiitliga.<\/span><\/p>\n<h3><strong>MUUD TEENUSED<\/strong><\/h3>\n<p style=\"text-align: justify;\"><span style=\"font-size: small;\">Lisaks enda toodangu tootmisele pakume erinevaid metallt\u00f6\u00f6dega seotud teenuseid. Valmistame tooteid eritellimuse alusel vastavalt kliendi vajadustele ja\/v\u00f5i joonistele: r\u00f5dupiirded; aiad; v\u00e4ravad; metalli detailid; reklaampostid\/raamid jne. Samuti valmistame klientidele lihtsamaid protot\u00fc\u00fcpe.<\/span><\/p>\n","protected":false},"excerpt":{"rendered":"<p>MEIST Skameti br\u00e4nd on Eesti turul \u00fcks tuntumaid puuk\u00fcttega saunaahjude valmistaja. Meie p\u00f5hitoodangu hulka kuuluvad: saunaahjud (terasest ja v\u00f5rkkorpusega), veeboilerid,<\/p>\n","protected":false},"author":2,"featured_media":0,"parent":0,"menu_order":0,"comment_status":"closed","ping_status":"closed","template":"","meta":{"_lmt_disableupdate":"","_lmt_disable":"","footnotes":""},"class_list":["post-2766","page","type-page","status-publish","hentry"],"yoast_head":"<!-- This site is optimized with the Yoast SEO plugin v27.0 - https:\/\/yoast.com\/product\/yoast-seo-wordpress\/ -->\n<title>Yrityksest\u00e4 - Skamet O\u00dc<\/title>\n<meta name=\"robots\" content=\"index, follow, max-snippet:-1, max-image-preview:large, max-video-preview:-1\" \/>\n<link rel=\"canonical\" href=\"https:\/\/www.skamet.ee\/fi\/yrityksesta\/\" \/>\n<meta property=\"og:locale\" content=\"fi_FI\" \/>\n<meta property=\"og:type\" content=\"article\" \/>\n<meta property=\"og:title\" content=\"Yrityksest\u00e4 - Skamet O\u00dc\" \/>\n<meta property=\"og:description\" content=\"MEIST Skameti br\u00e4nd on Eesti turul \u00fcks tuntumaid puuk\u00fcttega saunaahjude valmistaja. Meie p\u00f5hitoodangu hulka kuuluvad: saunaahjud (terasest ja v\u00f5rkkorpusega), veeboilerid,\" \/>\n<meta property=\"og:url\" content=\"https:\/\/www.skamet.ee\/fi\/yrityksesta\/\" \/>\n<meta property=\"og:site_name\" content=\"Skamet O\u00dc\" \/>\n<meta property=\"article:modified_time\" content=\"2024-02-14T11:35:43+00:00\" \/>\n<meta name=\"twitter:card\" content=\"summary_large_image\" \/>\n<meta name=\"twitter:label1\" content=\"Arvioitu lukuaika\" \/>\n\t<meta name=\"twitter:data1\" content=\"1 minuutti\" \/>\n<script type=\"application\/ld+json\" class=\"yoast-schema-graph\">{\"@context\":\"https:\/\/schema.org\",\"@graph\":[{\"@type\":\"WebPage\",\"@id\":\"https:\/\/www.skamet.ee\/fi\/yrityksesta\/\",\"url\":\"https:\/\/www.skamet.ee\/fi\/yrityksesta\/\",\"name\":\"Yrityksest\u00e4 - Skamet O\u00dc\",\"isPartOf\":{\"@id\":\"https:\/\/www.skamet.ee\/#website\"},\"datePublished\":\"2014-02-17T10:48:40+00:00\",\"dateModified\":\"2024-02-14T11:35:43+00:00\",\"breadcrumb\":{\"@id\":\"https:\/\/www.skamet.ee\/fi\/yrityksesta\/#breadcrumb\"},\"inLanguage\":\"fi\",\"potentialAction\":[{\"@type\":\"ReadAction\",\"target\":[\"https:\/\/www.skamet.ee\/fi\/yrityksesta\/\"]}]},{\"@type\":\"BreadcrumbList\",\"@id\":\"https:\/\/www.skamet.ee\/fi\/yrityksesta\/#breadcrumb\",\"itemListElement\":[{\"@type\":\"ListItem\",\"position\":1,\"name\":\"Home\",\"item\":\"https:\/\/www.skamet.ee\/fi\/\"},{\"@type\":\"ListItem\",\"position\":2,\"name\":\"Yrityksest\u00e4\"}]},{\"@type\":\"WebSite\",\"@id\":\"https:\/\/www.skamet.ee\/#website\",\"url\":\"https:\/\/www.skamet.ee\/\",\"name\":\"Skamet O\u00dc\",\"description\":\"Efektiivsed puuk\u00fcttega saunaahjud Eesti tootjalt\",\"publisher\":{\"@id\":\"https:\/\/www.skamet.ee\/#organization\"},\"potentialAction\":[{\"@type\":\"SearchAction\",\"target\":{\"@type\":\"EntryPoint\",\"urlTemplate\":\"https:\/\/www.skamet.ee\/?s={search_term_string}\"},\"query-input\":{\"@type\":\"PropertyValueSpecification\",\"valueRequired\":true,\"valueName\":\"search_term_string\"}}],\"inLanguage\":\"fi\"},{\"@type\":\"Organization\",\"@id\":\"https:\/\/www.skamet.ee\/#organization\",\"name\":\"Skamet\",\"url\":\"https:\/\/www.skamet.ee\/\",\"logo\":{\"@type\":\"ImageObject\",\"inLanguage\":\"fi\",\"@id\":\"https:\/\/www.skamet.ee\/#\/schema\/logo\/image\/\",\"url\":\"https:\/\/www.skamet.ee\/wp-content\/uploads\/2015\/05\/logo-uus.png\",\"contentUrl\":\"https:\/\/www.skamet.ee\/wp-content\/uploads\/2015\/05\/logo-uus.png\",\"width\":300,\"height\":127,\"caption\":\"Skamet\"},\"image\":{\"@id\":\"https:\/\/www.skamet.ee\/#\/schema\/logo\/image\/\"}}]}<\/script>\n<!-- \/ Yoast SEO plugin. -->","yoast_head_json":{"title":"Yrityksest\u00e4 - Skamet O\u00dc","robots":{"index":"index","follow":"follow","max-snippet":"max-snippet:-1","max-image-preview":"max-image-preview:large","max-video-preview":"max-video-preview:-1"},"canonical":"https:\/\/www.skamet.ee\/fi\/yrityksesta\/","og_locale":"fi_FI","og_type":"article","og_title":"Yrityksest\u00e4 - Skamet O\u00dc","og_description":"MEIST Skameti br\u00e4nd on Eesti turul \u00fcks tuntumaid puuk\u00fcttega saunaahjude valmistaja. Meie p\u00f5hitoodangu hulka kuuluvad: saunaahjud (terasest ja v\u00f5rkkorpusega), veeboilerid,","og_url":"https:\/\/www.skamet.ee\/fi\/yrityksesta\/","og_site_name":"Skamet O\u00dc","article_modified_time":"2024-02-14T11:35:43+00:00","twitter_card":"summary_large_image","twitter_misc":{"Arvioitu lukuaika":"1 minuutti"},"schema":{"@context":"https:\/\/schema.org","@graph":[{"@type":"WebPage","@id":"https:\/\/www.skamet.ee\/fi\/yrityksesta\/","url":"https:\/\/www.skamet.ee\/fi\/yrityksesta\/","name":"Yrityksest\u00e4 - Skamet O\u00dc","isPartOf":{"@id":"https:\/\/www.skamet.ee\/#website"},"datePublished":"2014-02-17T10:48:40+00:00","dateModified":"2024-02-14T11:35:43+00:00","breadcrumb":{"@id":"https:\/\/www.skamet.ee\/fi\/yrityksesta\/#breadcrumb"},"inLanguage":"fi","potentialAction":[{"@type":"ReadAction","target":["https:\/\/www.skamet.ee\/fi\/yrityksesta\/"]}]},{"@type":"BreadcrumbList","@id":"https:\/\/www.skamet.ee\/fi\/yrityksesta\/#breadcrumb","itemListElement":[{"@type":"ListItem","position":1,"name":"Home","item":"https:\/\/www.skamet.ee\/fi\/"},{"@type":"ListItem","position":2,"name":"Yrityksest\u00e4"}]},{"@type":"WebSite","@id":"https:\/\/www.skamet.ee\/#website","url":"https:\/\/www.skamet.ee\/","name":"Skamet O\u00dc","description":"Efektiivsed puuk\u00fcttega saunaahjud Eesti tootjalt","publisher":{"@id":"https:\/\/www.skamet.ee\/#organization"},"potentialAction":[{"@type":"SearchAction","target":{"@type":"EntryPoint","urlTemplate":"https:\/\/www.skamet.ee\/?s={search_term_string}"},"query-input":{"@type":"PropertyValueSpecification","valueRequired":true,"valueName":"search_term_string"}}],"inLanguage":"fi"},{"@type":"Organization","@id":"https:\/\/www.skamet.ee\/#organization","name":"Skamet","url":"https:\/\/www.skamet.ee\/","logo":{"@type":"ImageObject","inLanguage":"fi","@id":"https:\/\/www.skamet.ee\/#\/schema\/logo\/image\/","url":"https:\/\/www.skamet.ee\/wp-content\/uploads\/2015\/05\/logo-uus.png","contentUrl":"https:\/\/www.skamet.ee\/wp-content\/uploads\/2015\/05\/logo-uus.png","width":300,"height":127,"caption":"Skamet"},"image":{"@id":"https:\/\/www.skamet.ee\/#\/schema\/logo\/image\/"}}]}},"_links":{"self":[{"href":"https:\/\/www.skamet.ee\/fi\/wp-json\/wp\/v2\/pages\/2766","targetHints":{"allow":["GET"]}}],"collection":[{"href":"https:\/\/www.skamet.ee\/fi\/wp-json\/wp\/v2\/pages"}],"about":[{"href":"https:\/\/www.skamet.ee\/fi\/wp-json\/wp\/v2\/types\/page"}],"author":[{"embeddable":true,"href":"https:\/\/www.skamet.ee\/fi\/wp-json\/wp\/v2\/users\/2"}],"replies":[{"embeddable":true,"href":"https:\/\/www.skamet.ee\/fi\/wp-json\/wp\/v2\/comments?post=2766"}],"version-history":[{"count":5,"href":"https:\/\/www.skamet.ee\/fi\/wp-json\/wp\/v2\/pages\/2766\/revisions"}],"predecessor-version":[{"id":43216,"href":"https:\/\/www.skamet.ee\/fi\/wp-json\/wp\/v2\/pages\/2766\/revisions\/43216"}],"wp:attachment":[{"href":"https:\/\/www.skamet.ee\/fi\/wp-json\/wp\/v2\/media?parent=2766"}],"curies":[{"name":"wp","href":"https:\/\/api.w.org\/{rel}","templated":true}]}}