{"id":2807,"date":"2014-02-17T14:11:03","date_gmt":"2014-02-17T14:11:03","guid":{"rendered":"http:\/\/skamet.ee\/?page_id=2807"},"modified":"2015-06-17T12:58:28","modified_gmt":"2015-06-17T12:58:28","slug":"palvelutyot","status":"publish","type":"page","link":"https:\/\/www.skamet.ee\/fi\/palvelut\/palvelutyot\/","title":{"rendered":"Palveluty\u00f6t"},"content":{"rendered":"<p><span style=\"font-size: small;\">T\u00e4ll\u00e4 hetkell\u00e4 pystymme tarjoamaan seuraavia metallit\u00f6it\u00e4:<\/span><\/p>\n<ul>\n<li><span style=\"font-size: small;\">\u00a0 \u00a0 taivutus;<\/span><\/li>\n<li><span style=\"font-size: small;\">\u00a0 \u00a0 valssaus;<\/span><\/li>\n<li><span style=\"font-size: small;\">\u00a0 \u00a0 puristus;<\/span><\/li>\n<li><span style=\"font-size: small;\">\u00a0 \u00a0 leikkaus;<\/span><\/li>\n<li><span style=\"font-size: small;\">\u00a0 \u00a0 hitsaus (my\u00f6s ruostumaton);<\/span><\/li>\n<li><span style=\"font-size: small;\">\u00a0 \u00a0 jyrsint\u00e4;<\/span><\/li>\n<li><span style=\"font-size: small;\">\u00a0 \u00a0 hionta:<\/span><\/li>\n<li><span style=\"font-size: small;\">\u00a0 \u00a0 maalaus;<\/span><\/li>\n<li><span style=\"font-size: small;\">\u00a0 \u00a0 jauhemaalaus;<\/span><\/li>\n<li><span style=\"font-size: small;\">\u00a0 \u00a0 sinkitys.<\/span><\/li>\n<\/ul>\n<p>&nbsp;<\/p>\n","protected":false},"excerpt":{"rendered":"<p>T\u00e4ll\u00e4 hetkell\u00e4 pystymme tarjoamaan seuraavia metallit\u00f6it\u00e4: \u00a0 \u00a0 taivutus; \u00a0 \u00a0 valssaus; \u00a0 \u00a0 puristus; \u00a0 \u00a0 leikkaus; \u00a0 \u00a0<\/p>\n","protected":false},"author":2,"featured_media":0,"parent":2804,"menu_order":0,"comment_status":"closed","ping_status":"closed","template":"","meta":{"_lmt_disableupdate":"","_lmt_disable":"","footnotes":""},"class_list":["post-2807","page","type-page","status-publish","hentry"],"yoast_head":"<!-- This site is optimized with the Yoast SEO plugin v27.0 - https:\/\/yoast.com\/product\/yoast-seo-wordpress\/ -->\n<title>Palveluty\u00f6t - Skamet O\u00dc<\/title>\n<meta name=\"robots\" content=\"index, follow, max-snippet:-1, max-image-preview:large, max-video-preview:-1\" \/>\n<link rel=\"canonical\" href=\"https:\/\/www.skamet.ee\/fi\/palvelut\/palvelutyot\/\" \/>\n<meta property=\"og:locale\" content=\"fi_FI\" \/>\n<meta property=\"og:type\" content=\"article\" \/>\n<meta property=\"og:title\" content=\"Palveluty\u00f6t - Skamet O\u00dc\" \/>\n<meta property=\"og:description\" content=\"T\u00e4ll\u00e4 hetkell\u00e4 pystymme tarjoamaan seuraavia metallit\u00f6it\u00e4: \u00a0 \u00a0 taivutus; \u00a0 \u00a0 valssaus; \u00a0 \u00a0 puristus; \u00a0 \u00a0 leikkaus; \u00a0 \u00a0\" \/>\n<meta property=\"og:url\" content=\"https:\/\/www.skamet.ee\/fi\/palvelut\/palvelutyot\/\" \/>\n<meta property=\"og:site_name\" content=\"Skamet O\u00dc\" \/>\n<meta property=\"article:modified_time\" content=\"2015-06-17T12:58:28+00:00\" \/>\n<meta name=\"twitter:card\" content=\"summary_large_image\" \/>\n<script type=\"application\/ld+json\" class=\"yoast-schema-graph\">{\"@context\":\"https:\/\/schema.org\",\"@graph\":[{\"@type\":\"WebPage\",\"@id\":\"https:\/\/www.skamet.ee\/fi\/palvelut\/palvelutyot\/\",\"url\":\"https:\/\/www.skamet.ee\/fi\/palvelut\/palvelutyot\/\",\"name\":\"Palveluty\u00f6t - Skamet O\u00dc\",\"isPartOf\":{\"@id\":\"https:\/\/www.skamet.ee\/#website\"},\"datePublished\":\"2014-02-17T14:11:03+00:00\",\"dateModified\":\"2015-06-17T12:58:28+00:00\",\"breadcrumb\":{\"@id\":\"https:\/\/www.skamet.ee\/fi\/palvelut\/palvelutyot\/#breadcrumb\"},\"inLanguage\":\"fi\",\"potentialAction\":[{\"@type\":\"ReadAction\",\"target\":[\"https:\/\/www.skamet.ee\/fi\/palvelut\/palvelutyot\/\"]}]},{\"@type\":\"BreadcrumbList\",\"@id\":\"https:\/\/www.skamet.ee\/fi\/palvelut\/palvelutyot\/#breadcrumb\",\"itemListElement\":[{\"@type\":\"ListItem\",\"position\":1,\"name\":\"Home\",\"item\":\"https:\/\/www.skamet.ee\/fi\/\"},{\"@type\":\"ListItem\",\"position\":2,\"name\":\"Palvelut\",\"item\":\"https:\/\/www.skamet.ee\/fi\/palvelut\/\"},{\"@type\":\"ListItem\",\"position\":3,\"name\":\"Palveluty\u00f6t\"}]},{\"@type\":\"WebSite\",\"@id\":\"https:\/\/www.skamet.ee\/#website\",\"url\":\"https:\/\/www.skamet.ee\/\",\"name\":\"Skamet O\u00dc\",\"description\":\"Efektiivsed puuk\u00fcttega saunaahjud Eesti tootjalt\",\"publisher\":{\"@id\":\"https:\/\/www.skamet.ee\/#organization\"},\"potentialAction\":[{\"@type\":\"SearchAction\",\"target\":{\"@type\":\"EntryPoint\",\"urlTemplate\":\"https:\/\/www.skamet.ee\/?s={search_term_string}\"},\"query-input\":{\"@type\":\"PropertyValueSpecification\",\"valueRequired\":true,\"valueName\":\"search_term_string\"}}],\"inLanguage\":\"fi\"},{\"@type\":\"Organization\",\"@id\":\"https:\/\/www.skamet.ee\/#organization\",\"name\":\"Skamet\",\"url\":\"https:\/\/www.skamet.ee\/\",\"logo\":{\"@type\":\"ImageObject\",\"inLanguage\":\"fi\",\"@id\":\"https:\/\/www.skamet.ee\/#\/schema\/logo\/image\/\",\"url\":\"https:\/\/www.skamet.ee\/wp-content\/uploads\/2015\/05\/logo-uus.png\",\"contentUrl\":\"https:\/\/www.skamet.ee\/wp-content\/uploads\/2015\/05\/logo-uus.png\",\"width\":300,\"height\":127,\"caption\":\"Skamet\"},\"image\":{\"@id\":\"https:\/\/www.skamet.ee\/#\/schema\/logo\/image\/\"}}]}<\/script>\n<!-- \/ Yoast SEO plugin. -->","yoast_head_json":{"title":"Palveluty\u00f6t - Skamet O\u00dc","robots":{"index":"index","follow":"follow","max-snippet":"max-snippet:-1","max-image-preview":"max-image-preview:large","max-video-preview":"max-video-preview:-1"},"canonical":"https:\/\/www.skamet.ee\/fi\/palvelut\/palvelutyot\/","og_locale":"fi_FI","og_type":"article","og_title":"Palveluty\u00f6t - Skamet O\u00dc","og_description":"T\u00e4ll\u00e4 hetkell\u00e4 pystymme tarjoamaan seuraavia metallit\u00f6it\u00e4: \u00a0 \u00a0 taivutus; \u00a0 \u00a0 valssaus; \u00a0 \u00a0 puristus; \u00a0 \u00a0 leikkaus; \u00a0 \u00a0","og_url":"https:\/\/www.skamet.ee\/fi\/palvelut\/palvelutyot\/","og_site_name":"Skamet O\u00dc","article_modified_time":"2015-06-17T12:58:28+00:00","twitter_card":"summary_large_image","schema":{"@context":"https:\/\/schema.org","@graph":[{"@type":"WebPage","@id":"https:\/\/www.skamet.ee\/fi\/palvelut\/palvelutyot\/","url":"https:\/\/www.skamet.ee\/fi\/palvelut\/palvelutyot\/","name":"Palveluty\u00f6t - Skamet O\u00dc","isPartOf":{"@id":"https:\/\/www.skamet.ee\/#website"},"datePublished":"2014-02-17T14:11:03+00:00","dateModified":"2015-06-17T12:58:28+00:00","breadcrumb":{"@id":"https:\/\/www.skamet.ee\/fi\/palvelut\/palvelutyot\/#breadcrumb"},"inLanguage":"fi","potentialAction":[{"@type":"ReadAction","target":["https:\/\/www.skamet.ee\/fi\/palvelut\/palvelutyot\/"]}]},{"@type":"BreadcrumbList","@id":"https:\/\/www.skamet.ee\/fi\/palvelut\/palvelutyot\/#breadcrumb","itemListElement":[{"@type":"ListItem","position":1,"name":"Home","item":"https:\/\/www.skamet.ee\/fi\/"},{"@type":"ListItem","position":2,"name":"Palvelut","item":"https:\/\/www.skamet.ee\/fi\/palvelut\/"},{"@type":"ListItem","position":3,"name":"Palveluty\u00f6t"}]},{"@type":"WebSite","@id":"https:\/\/www.skamet.ee\/#website","url":"https:\/\/www.skamet.ee\/","name":"Skamet O\u00dc","description":"Efektiivsed puuk\u00fcttega saunaahjud Eesti tootjalt","publisher":{"@id":"https:\/\/www.skamet.ee\/#organization"},"potentialAction":[{"@type":"SearchAction","target":{"@type":"EntryPoint","urlTemplate":"https:\/\/www.skamet.ee\/?s={search_term_string}"},"query-input":{"@type":"PropertyValueSpecification","valueRequired":true,"valueName":"search_term_string"}}],"inLanguage":"fi"},{"@type":"Organization","@id":"https:\/\/www.skamet.ee\/#organization","name":"Skamet","url":"https:\/\/www.skamet.ee\/","logo":{"@type":"ImageObject","inLanguage":"fi","@id":"https:\/\/www.skamet.ee\/#\/schema\/logo\/image\/","url":"https:\/\/www.skamet.ee\/wp-content\/uploads\/2015\/05\/logo-uus.png","contentUrl":"https:\/\/www.skamet.ee\/wp-content\/uploads\/2015\/05\/logo-uus.png","width":300,"height":127,"caption":"Skamet"},"image":{"@id":"https:\/\/www.skamet.ee\/#\/schema\/logo\/image\/"}}]}},"_links":{"self":[{"href":"https:\/\/www.skamet.ee\/fi\/wp-json\/wp\/v2\/pages\/2807","targetHints":{"allow":["GET"]}}],"collection":[{"href":"https:\/\/www.skamet.ee\/fi\/wp-json\/wp\/v2\/pages"}],"about":[{"href":"https:\/\/www.skamet.ee\/fi\/wp-json\/wp\/v2\/types\/page"}],"author":[{"embeddable":true,"href":"https:\/\/www.skamet.ee\/fi\/wp-json\/wp\/v2\/users\/2"}],"replies":[{"embeddable":true,"href":"https:\/\/www.skamet.ee\/fi\/wp-json\/wp\/v2\/comments?post=2807"}],"version-history":[{"count":1,"href":"https:\/\/www.skamet.ee\/fi\/wp-json\/wp\/v2\/pages\/2807\/revisions"}],"predecessor-version":[{"id":3933,"href":"https:\/\/www.skamet.ee\/fi\/wp-json\/wp\/v2\/pages\/2807\/revisions\/3933"}],"up":[{"embeddable":true,"href":"https:\/\/www.skamet.ee\/fi\/wp-json\/wp\/v2\/pages\/2804"}],"wp:attachment":[{"href":"https:\/\/www.skamet.ee\/fi\/wp-json\/wp\/v2\/media?parent=2807"}],"curies":[{"name":"wp","href":"https:\/\/api.w.org\/{rel}","templated":true}]}}