{"id":2811,"date":"2014-02-17T14:18:02","date_gmt":"2014-02-17T14:18:02","guid":{"rendered":"http:\/\/skamet.ee\/?page_id=2811"},"modified":"2016-02-25T08:32:12","modified_gmt":"2016-02-25T08:32:12","slug":"vesisailiot","status":"publish","type":"page","link":"https:\/\/www.skamet.ee\/fi\/vesisailiot\/","title":{"rendered":"Vesis\u00e4ili\u00f6t"},"content":{"rendered":"<p><span style=\"font-size: small;\">Skamet O\u00dc valmistaa erilaisia s\u00e4ili\u00f6it\u00e4: <strong>kuumavesis\u00e4ili\u00f6it\u00e4, varaajia<\/strong>. Valmistamme s\u00e4ili\u00f6it\u00e4 sek\u00e4 mustasta ett\u00e4 ruostumattomasta metallista.<\/span><br \/>\n<span style=\"font-size: small;\"> Kuumavesis\u00e4ili\u00f6n vakiotuotteen halkaisija on 40 ja 45 cm ja tilavuus 80 \u2013 150 litraa. Valmistamme sek\u00e4 suljettuja kuumavesis\u00e4ili\u00f6it\u00e4, jotka voidaan liitt\u00e4\u00e4 vesij\u00e4rjestelm\u00e4\u00e4n ett\u00e4 avattuja kuumavesis\u00e4ili\u00f6it\u00e4, jota voidaan k\u00e4ytt\u00e4\u00e4 ilman painetta. Kuumavesis\u00e4ili\u00f6it\u00e4 valmistetaan sek\u00e4 pystysuoria ett\u00e4 vaakasuoria. Vakiotuotteiden lis\u00e4ksi valmistamme kuumavesis\u00e4ili\u00f6it\u00e4 my\u00f6s erikoistilauksesta (eli asiakkaan piirustuksen tai entisen kuumavesis\u00e4ili\u00f6n mukaan).<\/span><br \/>\n<span style=\"font-size: small;\"> Varaajia valmistamme ainoastaan asiakkaan piirustuksien mukaan. Voidaan valmistaa sek\u00e4 lieri\u00f6m\u00e4isi\u00e4 ett\u00e4 nelikulmaisia. Lieri\u00f6m\u00e4inen varaaja voidaan valmistaa halkaisijallaan 500 &#8211; 1200 mm.<\/span><\/p>\n","protected":false},"excerpt":{"rendered":"<p>Skamet O\u00dc valmistaa erilaisia s\u00e4ili\u00f6it\u00e4: kuumavesis\u00e4ili\u00f6it\u00e4, varaajia. Valmistamme s\u00e4ili\u00f6it\u00e4 sek\u00e4 mustasta ett\u00e4 ruostumattomasta metallista. Kuumavesis\u00e4ili\u00f6n vakiotuotteen halkaisija on 40 ja<\/p>\n","protected":false},"author":2,"featured_media":0,"parent":0,"menu_order":0,"comment_status":"closed","ping_status":"closed","template":"","meta":{"_lmt_disableupdate":"","_lmt_disable":"","footnotes":""},"class_list":["post-2811","page","type-page","status-publish","hentry"],"yoast_head":"<!-- This site is optimized with the Yoast SEO plugin v27.0 - https:\/\/yoast.com\/product\/yoast-seo-wordpress\/ -->\n<title>Vesis\u00e4ili\u00f6t - Skamet O\u00dc<\/title>\n<meta name=\"robots\" content=\"index, follow, max-snippet:-1, max-image-preview:large, max-video-preview:-1\" \/>\n<link rel=\"canonical\" href=\"https:\/\/www.skamet.ee\/fi\/vesisailiot\/\" \/>\n<meta property=\"og:locale\" content=\"fi_FI\" \/>\n<meta property=\"og:type\" content=\"article\" \/>\n<meta property=\"og:title\" content=\"Vesis\u00e4ili\u00f6t - Skamet O\u00dc\" \/>\n<meta property=\"og:description\" content=\"Skamet O\u00dc valmistaa erilaisia s\u00e4ili\u00f6it\u00e4: kuumavesis\u00e4ili\u00f6it\u00e4, varaajia. Valmistamme s\u00e4ili\u00f6it\u00e4 sek\u00e4 mustasta ett\u00e4 ruostumattomasta metallista. Kuumavesis\u00e4ili\u00f6n vakiotuotteen halkaisija on 40 ja\" \/>\n<meta property=\"og:url\" content=\"https:\/\/www.skamet.ee\/fi\/vesisailiot\/\" \/>\n<meta property=\"og:site_name\" content=\"Skamet O\u00dc\" \/>\n<meta property=\"article:modified_time\" content=\"2016-02-25T08:32:12+00:00\" \/>\n<meta name=\"twitter:card\" content=\"summary_large_image\" \/>\n<meta name=\"twitter:label1\" content=\"Arvioitu lukuaika\" \/>\n\t<meta name=\"twitter:data1\" content=\"1 minuutti\" \/>\n<script type=\"application\/ld+json\" class=\"yoast-schema-graph\">{\"@context\":\"https:\/\/schema.org\",\"@graph\":[{\"@type\":\"WebPage\",\"@id\":\"https:\/\/www.skamet.ee\/fi\/vesisailiot\/\",\"url\":\"https:\/\/www.skamet.ee\/fi\/vesisailiot\/\",\"name\":\"Vesis\u00e4ili\u00f6t - Skamet O\u00dc\",\"isPartOf\":{\"@id\":\"https:\/\/www.skamet.ee\/#website\"},\"datePublished\":\"2014-02-17T14:18:02+00:00\",\"dateModified\":\"2016-02-25T08:32:12+00:00\",\"breadcrumb\":{\"@id\":\"https:\/\/www.skamet.ee\/fi\/vesisailiot\/#breadcrumb\"},\"inLanguage\":\"fi\",\"potentialAction\":[{\"@type\":\"ReadAction\",\"target\":[\"https:\/\/www.skamet.ee\/fi\/vesisailiot\/\"]}]},{\"@type\":\"BreadcrumbList\",\"@id\":\"https:\/\/www.skamet.ee\/fi\/vesisailiot\/#breadcrumb\",\"itemListElement\":[{\"@type\":\"ListItem\",\"position\":1,\"name\":\"Home\",\"item\":\"https:\/\/www.skamet.ee\/fi\/\"},{\"@type\":\"ListItem\",\"position\":2,\"name\":\"Vesis\u00e4ili\u00f6t\"}]},{\"@type\":\"WebSite\",\"@id\":\"https:\/\/www.skamet.ee\/#website\",\"url\":\"https:\/\/www.skamet.ee\/\",\"name\":\"Skamet O\u00dc\",\"description\":\"Efektiivsed puuk\u00fcttega saunaahjud Eesti tootjalt\",\"publisher\":{\"@id\":\"https:\/\/www.skamet.ee\/#organization\"},\"potentialAction\":[{\"@type\":\"SearchAction\",\"target\":{\"@type\":\"EntryPoint\",\"urlTemplate\":\"https:\/\/www.skamet.ee\/?s={search_term_string}\"},\"query-input\":{\"@type\":\"PropertyValueSpecification\",\"valueRequired\":true,\"valueName\":\"search_term_string\"}}],\"inLanguage\":\"fi\"},{\"@type\":\"Organization\",\"@id\":\"https:\/\/www.skamet.ee\/#organization\",\"name\":\"Skamet\",\"url\":\"https:\/\/www.skamet.ee\/\",\"logo\":{\"@type\":\"ImageObject\",\"inLanguage\":\"fi\",\"@id\":\"https:\/\/www.skamet.ee\/#\/schema\/logo\/image\/\",\"url\":\"https:\/\/www.skamet.ee\/wp-content\/uploads\/2015\/05\/logo-uus.png\",\"contentUrl\":\"https:\/\/www.skamet.ee\/wp-content\/uploads\/2015\/05\/logo-uus.png\",\"width\":300,\"height\":127,\"caption\":\"Skamet\"},\"image\":{\"@id\":\"https:\/\/www.skamet.ee\/#\/schema\/logo\/image\/\"}}]}<\/script>\n<!-- \/ Yoast SEO plugin. -->","yoast_head_json":{"title":"Vesis\u00e4ili\u00f6t - Skamet O\u00dc","robots":{"index":"index","follow":"follow","max-snippet":"max-snippet:-1","max-image-preview":"max-image-preview:large","max-video-preview":"max-video-preview:-1"},"canonical":"https:\/\/www.skamet.ee\/fi\/vesisailiot\/","og_locale":"fi_FI","og_type":"article","og_title":"Vesis\u00e4ili\u00f6t - Skamet O\u00dc","og_description":"Skamet O\u00dc valmistaa erilaisia s\u00e4ili\u00f6it\u00e4: kuumavesis\u00e4ili\u00f6it\u00e4, varaajia. Valmistamme s\u00e4ili\u00f6it\u00e4 sek\u00e4 mustasta ett\u00e4 ruostumattomasta metallista. Kuumavesis\u00e4ili\u00f6n vakiotuotteen halkaisija on 40 ja","og_url":"https:\/\/www.skamet.ee\/fi\/vesisailiot\/","og_site_name":"Skamet O\u00dc","article_modified_time":"2016-02-25T08:32:12+00:00","twitter_card":"summary_large_image","twitter_misc":{"Arvioitu lukuaika":"1 minuutti"},"schema":{"@context":"https:\/\/schema.org","@graph":[{"@type":"WebPage","@id":"https:\/\/www.skamet.ee\/fi\/vesisailiot\/","url":"https:\/\/www.skamet.ee\/fi\/vesisailiot\/","name":"Vesis\u00e4ili\u00f6t - Skamet O\u00dc","isPartOf":{"@id":"https:\/\/www.skamet.ee\/#website"},"datePublished":"2014-02-17T14:18:02+00:00","dateModified":"2016-02-25T08:32:12+00:00","breadcrumb":{"@id":"https:\/\/www.skamet.ee\/fi\/vesisailiot\/#breadcrumb"},"inLanguage":"fi","potentialAction":[{"@type":"ReadAction","target":["https:\/\/www.skamet.ee\/fi\/vesisailiot\/"]}]},{"@type":"BreadcrumbList","@id":"https:\/\/www.skamet.ee\/fi\/vesisailiot\/#breadcrumb","itemListElement":[{"@type":"ListItem","position":1,"name":"Home","item":"https:\/\/www.skamet.ee\/fi\/"},{"@type":"ListItem","position":2,"name":"Vesis\u00e4ili\u00f6t"}]},{"@type":"WebSite","@id":"https:\/\/www.skamet.ee\/#website","url":"https:\/\/www.skamet.ee\/","name":"Skamet O\u00dc","description":"Efektiivsed puuk\u00fcttega saunaahjud Eesti tootjalt","publisher":{"@id":"https:\/\/www.skamet.ee\/#organization"},"potentialAction":[{"@type":"SearchAction","target":{"@type":"EntryPoint","urlTemplate":"https:\/\/www.skamet.ee\/?s={search_term_string}"},"query-input":{"@type":"PropertyValueSpecification","valueRequired":true,"valueName":"search_term_string"}}],"inLanguage":"fi"},{"@type":"Organization","@id":"https:\/\/www.skamet.ee\/#organization","name":"Skamet","url":"https:\/\/www.skamet.ee\/","logo":{"@type":"ImageObject","inLanguage":"fi","@id":"https:\/\/www.skamet.ee\/#\/schema\/logo\/image\/","url":"https:\/\/www.skamet.ee\/wp-content\/uploads\/2015\/05\/logo-uus.png","contentUrl":"https:\/\/www.skamet.ee\/wp-content\/uploads\/2015\/05\/logo-uus.png","width":300,"height":127,"caption":"Skamet"},"image":{"@id":"https:\/\/www.skamet.ee\/#\/schema\/logo\/image\/"}}]}},"_links":{"self":[{"href":"https:\/\/www.skamet.ee\/fi\/wp-json\/wp\/v2\/pages\/2811","targetHints":{"allow":["GET"]}}],"collection":[{"href":"https:\/\/www.skamet.ee\/fi\/wp-json\/wp\/v2\/pages"}],"about":[{"href":"https:\/\/www.skamet.ee\/fi\/wp-json\/wp\/v2\/types\/page"}],"author":[{"embeddable":true,"href":"https:\/\/www.skamet.ee\/fi\/wp-json\/wp\/v2\/users\/2"}],"replies":[{"embeddable":true,"href":"https:\/\/www.skamet.ee\/fi\/wp-json\/wp\/v2\/comments?post=2811"}],"version-history":[{"count":2,"href":"https:\/\/www.skamet.ee\/fi\/wp-json\/wp\/v2\/pages\/2811\/revisions"}],"predecessor-version":[{"id":33036,"href":"https:\/\/www.skamet.ee\/fi\/wp-json\/wp\/v2\/pages\/2811\/revisions\/33036"}],"wp:attachment":[{"href":"https:\/\/www.skamet.ee\/fi\/wp-json\/wp\/v2\/media?parent=2811"}],"curies":[{"name":"wp","href":"https:\/\/api.w.org\/{rel}","templated":true}]}}