{"id":2815,"date":"2014-02-17T14:32:15","date_gmt":"2014-02-17T14:32:15","guid":{"rendered":"http:\/\/skamet.ee\/?page_id=2815"},"modified":"2016-02-25T07:38:03","modified_gmt":"2016-02-25T07:38:03","slug":"kuumavesisailiot","status":"publish","type":"page","link":"https:\/\/www.skamet.ee\/fi\/vesisailiot\/kuumavesisailiot\/","title":{"rendered":"Kuumavesis\u00e4ili\u00f6t"},"content":{"rendered":"<p><span style=\"font-size: small;\">Vakiokuumavesis\u00e4ili\u00f6it\u00e4mme on valmistettu 1990-luvun keskelt\u00e4. Vakiotuote on sis\u00e4lt\u00e4 tyhj\u00e4. Vesis\u00e4ili\u00f6 tulee liitt\u00e4\u00e4 puul\u00e4mmitteiseen uuniin tai lieteen. Vesi l\u00e4mmitet\u00e4\u00e4n luonnollisella kiertovesij\u00e4rjestelm\u00e4ll\u00e4. Ruostumattomat vesis\u00e4ili\u00f6t varustetaan anodilla (jota tulee vaihtaa kerran vuodessa tai tarvittaessa useammin). Kaikilla vesis\u00e4ili\u00f6ill\u00e4 on oltava suojaventtiili. <\/span><br \/>\n<span style=\"font-size: small;\"> Vakiotuotteiden lis\u00e4ksi valmistamme vesis\u00e4ili\u00f6it\u00e4 my\u00f6s asiakkaan toiveen mukaan: sek\u00e4 <strong>rekisterill\u00e4<\/strong> ett\u00e4 <strong>tuplasein\u00e4ll\u00e4<\/strong>.<\/span><\/p>\n<h3><strong>[dywp_alert style=&#8221;grey&#8221; icon=&#8221;no-icon&#8221; ]\u00a0<b>Suljetut kuumavesis\u00e4ili\u00f6t<\/b>\u00a0[\/dywp_alert]<\/strong><\/h3>\n<table border=\"0\">\n<tbody>\n<tr>\n<td><span style=\"font-size: small;\">\u00a0<\/span><\/td>\n<td><span style=\"font-size: small;\">Vakiokuumavesis\u00e4ili\u00f6iden halkaisija on 40 ja 45 cm. Kaikissa on 4 nippaa: kaksi 1\/2-tuumaa ja kaksi 3\/4-tuumaa.<\/span><br \/>\n<span style=\"font-size: small;\"><strong><b>Mitat l\u00f6ytyv\u00e4t <a href=\"http:\/\/skamet.ee\/wp-content\/uploads\/2013\/12\/ENG_Boiler_2lk.pdf\" target=\"_blank\">k\u00e4ytt\u00f6ohjeessa<\/a><\/b><\/strong><\/span><\/td>\n<\/tr>\n<\/tbody>\n<\/table>\n<p>\r\n\t\t\t\t\t\n\r\n\t\t\t\t\t<!-- START UNITE GALLERY 1.7.62 -->\r\n\t\t\t\t\t\r\n\t\t\t\t\n\t\t\t<div id='unitegallery_22_1' class='unite-gallery' style='margin:0px auto;'>\n\t\t\t\t\n\n\t\t\t\t\t\t<img alt=\"B-80 H1\"\n\t\t\t\t\t\t     src=\"\" data-image=\"https:\/\/www.skamet.ee\/wp-content\/plugins\/unite-gallery-lite\/images\/noimage.png\"\n\t\t\t\t\t\t     data-thumb=\"https:\/\/www.skamet.ee\/wp-content\/plugins\/unite-gallery-lite\/images\/noimage.png\"\n\t\t\t\t\t\t     title=\"\"\n\t\t\t\t\t\t     style=\"display:none\">\n\n\t\t\t\t\t\t<img alt=\"B-80 V\"\n\t\t\t\t\t\t     src=\"\" data-image=\"https:\/\/www.skamet.ee\/wp-content\/plugins\/unite-gallery-lite\/images\/noimage.png\"\n\t\t\t\t\t\t     data-thumb=\"https:\/\/www.skamet.ee\/wp-content\/plugins\/unite-gallery-lite\/images\/noimage.png\"\n\t\t\t\t\t\t     title=\"\"\n\t\t\t\t\t\t     style=\"display:none\">\n\n\t\t\t\t\t\t<img alt=\"16\"\n\t\t\t\t\t\t     src=\"\" data-image=\"https:\/\/www.skamet.ee\/wp-content\/plugins\/unite-gallery-lite\/images\/noimage.png\"\n\t\t\t\t\t\t     data-thumb=\"https:\/\/www.skamet.ee\/wp-content\/plugins\/unite-gallery-lite\/images\/noimage.png\"\n\t\t\t\t\t\t     title=\"\"\n\t\t\t\t\t\t     style=\"display:none\">\n\n\t\t\t\t\t\t<img alt=\"B-80 V (400 l\u00e4bim\u00f5\u00f5duga)\"\n\t\t\t\t\t\t     src=\"\" data-image=\"https:\/\/www.skamet.ee\/wp-content\/plugins\/unite-gallery-lite\/images\/noimage.png\"\n\t\t\t\t\t\t     data-thumb=\"https:\/\/www.skamet.ee\/wp-content\/plugins\/unite-gallery-lite\/images\/noimage.png\"\n\t\t\t\t\t\t     title=\"\"\n\t\t\t\t\t\t     style=\"display:none\">\n\t\t\t<\/div>\n\n\t\t\t<script type='text\/javascript'>\n\t\t\t\twindow.onload = function(e) {\n\t\t\t\t\tif(typeof ugCheckForErrors == \"undefined\"){\n\t\t\t\t\t\tdocument.getElementById(\"unitegallery_22_1\").innerHTML = \"<span style='color:red'>Unite Gallery Error - gallery js and css files not included in the footer. Please make sure that wp_footer() function is added to your theme.<\/span>\";}\n\t\t\t\t\telse{ ugCheckForErrors(\"unitegallery_22_1\", \"jquery\");}\n\t\t\t\t};\n\t\t\t<\/script>\n\n\t\t\t<!-- END UNITEGALLERY --><\/p>\n<table border=\"1\">\n<tbody>\n<tr>\n<td><span style=\"font-size: small;\"><b><\/b><b>Vakiotuotteiden parametrit:<\/b>:<\/span><\/td>\n<td><span style=\"font-size: small;\"><b><\/b><b>Eri vaihtoehtoja<\/b>:<\/span><\/td>\n<\/tr>\n<tr>\n<td><span style=\"font-size: small;\">\u00bb Kuumavesis\u00e4ili\u00f6n tilavuus 80 \u2013 150 litraa;<\/span><br \/>\n<span style=\"font-size: small;\"> \u00bb halkaisija 40 ja 45 cm;<\/span><br \/>\n<span style=\"font-size: small;\"> \u00bb vaakasuora;<\/span><br \/>\n<span style=\"font-size: small;\"> \u00bb pystysuora;<\/span><br \/>\n<span style=\"font-size: small;\"> \u00bb musta metalli (paksuus 3mm) tai ruostumaton (paksuus 2mm).<\/span><\/td>\n<td><span style=\"font-size: small;\">\u00bb Isommalla tai pienemm\u00e4ll\u00e4 tilavuudella;<\/span><br \/>\n<span style=\"font-size: small;\"> \u00bb voidaan valmistaa my\u00f6s halkaisijalla 50 cm;<\/span><br \/>\n<span style=\"font-size: small;\"> \u00bb vaakasuora kuumavesis\u00e4ili\u00f6 on vitsoilla: voidaan kiinnitt\u00e4\u00e4 sein\u00e4\u00e4n, lattiaan tai sis\u00e4kattoon;<\/span><br \/>\n<span style=\"font-size: small;\"> \u00bb pystysuora kuumavesis\u00e4ili\u00f6 kiinnitet\u00e4\u00e4n sein\u00e4\u00e4n: vasen- tai oikeapuolinen;<\/span><br \/>\n<span style=\"font-size: small;\"> \u00bb voidaan valmistaa my\u00f6s paksummasta materiaalista.<\/span><\/td>\n<\/tr>\n<\/tbody>\n<\/table>\n<h3>\u00a0<strong>[dywp_alert style=&#8221;grey&#8221; icon=&#8221;no-icon&#8221; ]\u00a0<b>Avatut kuumavesis\u00e4ili\u00f6t<\/b><b>\u00a0<\/b>\u00a0[\/dywp_alert]<\/strong><\/h3>\n<table border=\"0\">\n<tbody>\n<tr>\n<td><span style=\"font-size: small;\">\u00a0<\/span><\/td>\n<td><span style=\"font-size: small;\">Vakiokuumavesis\u00e4ili\u00f6iden halkaisija on 45 cm. Kaikissa on 3 nippaa: yksi \u00bd-tuuman ja kaksi 3\/4-tuuman.<\/span><br \/>\n<span style=\"font-size: small;\"><strong><b>Mitat l\u00f6ytyv\u00e4t k<a href=\"http:\/\/skamet.ee\/wp-content\/uploads\/2013\/12\/ENG_Boiler_2lk.pdf\" target=\"_blank\">\u00e4ytt\u00f6ohjeessa<\/a><\/b><a href=\"http:\/\/skamet.ee\/wp-content\/uploads\/2013\/12\/ENG_Boiler_2lk.pdf\" target=\"_blank\">\u00a0<\/a><\/strong><\/span><\/td>\n<\/tr>\n<\/tbody>\n<\/table>\n<p>\r\n\t\t\t\t\t\n\r\n\t\t\t\t\t<!-- START UNITE GALLERY 1.7.62 -->\r\n\t\t\t\t\t\r\n\t\t\t\t\n\t\t\t<div id='unitegallery_23_2' class='unite-gallery' style='margin:0px auto;'>\n\t\t\t\t\n\n\t\t\t\t\t\t<img alt=\"BO-110\"\n\t\t\t\t\t\t     src=\"\" data-image=\"https:\/\/www.skamet.ee\/wp-content\/uploads\/2013\/04\/BO-110.jpg\"\n\t\t\t\t\t\t     data-thumb=\"https:\/\/www.skamet.ee\/wp-content\/uploads\/2013\/04\/BO-110-300x264.jpg\"\n\t\t\t\t\t\t     title=\"\"\n\t\t\t\t\t\t     style=\"display:none\">\n\n\t\t\t\t\t\t<img alt=\"P1090678\"\n\t\t\t\t\t\t     src=\"\" data-image=\"https:\/\/www.skamet.ee\/wp-content\/plugins\/unite-gallery-lite\/images\/noimage.png\"\n\t\t\t\t\t\t     data-thumb=\"https:\/\/www.skamet.ee\/wp-content\/plugins\/unite-gallery-lite\/images\/noimage.png\"\n\t\t\t\t\t\t     title=\"\"\n\t\t\t\t\t\t     style=\"display:none\">\n\n\t\t\t\t\t\t<img alt=\"P1090677\"\n\t\t\t\t\t\t     src=\"\" data-image=\"https:\/\/www.skamet.ee\/wp-content\/plugins\/unite-gallery-lite\/images\/noimage.png\"\n\t\t\t\t\t\t     data-thumb=\"https:\/\/www.skamet.ee\/wp-content\/plugins\/unite-gallery-lite\/images\/noimage.png\"\n\t\t\t\t\t\t     title=\"\"\n\t\t\t\t\t\t     style=\"display:none\">\n\n\t\t\t\t\t\t<img alt=\"IMG_20140701_164838_clipped_rev_1\"\n\t\t\t\t\t\t     src=\"\" data-image=\"https:\/\/www.skamet.ee\/wp-content\/plugins\/unite-gallery-lite\/images\/noimage.png\"\n\t\t\t\t\t\t     data-thumb=\"https:\/\/www.skamet.ee\/wp-content\/plugins\/unite-gallery-lite\/images\/noimage.png\"\n\t\t\t\t\t\t     title=\"\"\n\t\t\t\t\t\t     style=\"display:none\">\n\t\t\t<\/div>\n\n\n\t\t\t<!-- END UNITEGALLERY --><\/p>\n<table border=\"1\">\n<tbody>\n<tr>\n<td><span style=\"font-size: small;\"><b><\/b><b>Vakiotuotteiden parametrit<\/b>:<\/span><\/td>\n<td><span style=\"font-size: small;\"><b>Eri vaihtoehtoja:<\/b><\/span><\/td>\n<\/tr>\n<tr>\n<td><span style=\"font-size: small;\">\u00bb Kuumavesis\u00e4ili\u00f6n tilavuus 80 \u2013 150 litraa;<\/span><br \/>\n<span style=\"font-size: small;\"> \u00bb halkaisija 45 cm;<\/span><br \/>\n<span style=\"font-size: small;\"> \u00bb Pohjan alla nippa \u00bd\u201d, jota k\u00e4ytet\u00e4\u00e4n veden poistamiseen;<\/span><br \/>\n<span style=\"font-size: small;\"> \u00bb jaloilla: korkeus 25cm;<\/span><br \/>\n<span style=\"font-size: small;\"> \u00bb musta metalli (paksuus 3mm) tai ruostumaton (paksuus 2mm).<\/span><\/td>\n<td><span style=\"font-size: small;\">\u00bb Pohjan alla nippa \u00bd\u201d, jota k\u00e4ytet\u00e4\u00e4n veden poistamiseen;<\/span><br \/>\n<span style=\"font-size: small;\"> \u00bb jaloilla: korkeus 25cm;<\/span><br \/>\n<span style=\"font-size: small;\"> \u00bb musta metalli (paksuus 3mm) tai ruostumaton (paksuus 2mm). \u00a0\u00a0\u00a0\u00a0\u00a0\u00a0\u00a0\u00a0 <\/span><br \/>\n<span style=\"font-size: small;\"> \u00bb voidaan valmistaa my\u00f6s nelikulmainen;<\/span><br \/>\n<span style=\"font-size: small;\"> \u00bb voidaan valmistaa ilman jalkoja &#8211; sein\u00e4kiinnikkeill\u00e4;<\/span><\/td>\n<\/tr>\n<\/tbody>\n<\/table>\n<h3>\u00a0<strong>[dywp_alert style=&#8221;grey&#8221; icon=&#8221;no-icon&#8221; ] <b>Ymp\u00e4rill\u00e4 savuputki<\/b><b>\u00a0<\/b>\u00a0[\/dywp_alert]<\/strong><\/h3>\n<p><span style=\"font-size: small;\"><b>Valmistetaan yksimittaisia kuumavesis\u00e4ili\u00f6it\u00e4:<\/b><\/span><\/p>\n<table border=\"0\">\n<tbody>\n<tr>\n<td><span style=\"font-size: small;\">\u00a0<\/span><\/td>\n<td><span style=\"font-size: small;\">Avattu vedenl\u00e4mmitin on savuputken ymp\u00e4rille laitettava s\u00e4ili\u00f6, jonka t\u00e4ytt\u00e4misen yhteydess\u00e4 saadaan l\u00e4mmint\u00e4 l\u00f6ylyvett\u00e4. Vesi l\u00e4mpenee uunin l\u00e4mmityksen aikana. Veden l\u00e4mmitt\u00e4j\u00e4ksi on l\u00e4mpenev\u00e4 savuputki. Vakiotuotteiden lis\u00e4ksi voidaan valmistaa my\u00f6s erikoistilauksesta..\u00a0<strong><b>Mitat l\u00f6ytyv\u00e4t <a href=\"http:\/\/skamet.ee\/wp-content\/uploads\/2013\/12\/ENG_Boiler_2lk.pdf\" target=\"_blank\">k\u00e4ytt\u00f6ohjeessa<\/a><\/b><\/strong><\/span><\/td>\n<\/tr>\n<\/tbody>\n<\/table>\n<p>\r\n\t\t\t\t\t\n\r\n\t\t\t\t\t<!-- START UNITE GALLERY 1.7.62 -->\r\n\t\t\t\t\t\r\n\t\t\t\t\n\t\t\t<div id='unitegallery_24_3' class='unite-gallery' style='margin:0px auto;'>\n\t\t\t\t\n\n\t\t\t\t\t\t<img alt=\"BOT-22 RV\"\n\t\t\t\t\t\t     src=\"\" data-image=\"https:\/\/www.skamet.ee\/wp-content\/plugins\/unite-gallery-lite\/images\/noimage.png\"\n\t\t\t\t\t\t     data-thumb=\"https:\/\/www.skamet.ee\/wp-content\/plugins\/unite-gallery-lite\/images\/noimage.png\"\n\t\t\t\t\t\t     title=\"\"\n\t\t\t\t\t\t     style=\"display:none\">\n\n\t\t\t\t\t\t<img alt=\"IMG_20140220_101637_clipped_rev_1\"\n\t\t\t\t\t\t     src=\"\" data-image=\"https:\/\/www.skamet.ee\/wp-content\/plugins\/unite-gallery-lite\/images\/noimage.png\"\n\t\t\t\t\t\t     data-thumb=\"https:\/\/www.skamet.ee\/wp-content\/plugins\/unite-gallery-lite\/images\/noimage.png\"\n\t\t\t\t\t\t     title=\"\"\n\t\t\t\t\t\t     style=\"display:none\">\n\n\t\t\t\t\t\t<img alt=\"IMG_20140220_101619_clipped_rev_1\"\n\t\t\t\t\t\t     src=\"\" data-image=\"https:\/\/www.skamet.ee\/wp-content\/plugins\/unite-gallery-lite\/images\/noimage.png\"\n\t\t\t\t\t\t     data-thumb=\"https:\/\/www.skamet.ee\/wp-content\/plugins\/unite-gallery-lite\/images\/noimage.png\"\n\t\t\t\t\t\t     title=\"\"\n\t\t\t\t\t\t     style=\"display:none\">\n\t\t\t<\/div>\n\n\n\t\t\t<!-- END UNITEGALLERY --><\/p>\n<table border=\"1\">\n<tbody>\n<tr>\n<td><span style=\"font-size: small;\"><b><\/b><b>Vakiotuotteiden parametrit:<\/b>:<\/span><\/td>\n<td><span style=\"font-size: small;\"><b>Eri vaihtoehtoja:<\/b><\/span><\/td>\n<\/tr>\n<tr>\n<td><span style=\"font-size: small;\">\u00bb halkaisija 30cm, tilavuus 25 litraa;<\/span><br \/>\n<span style=\"font-size: small;\"> \u00bb yl\u00e4korkeus putkineen 65cm, s\u00e4ili\u00f6 41,5cm;<\/span><br \/>\n<span style=\"font-size: small;\"> \u00bb avattava kansi;<\/span><br \/>\n<span style=\"font-size: small;\"> \u00bb savuputken sis\u00e4halkaisija 115mm;<\/span><br \/>\n<span style=\"font-size: small;\"> \u00bb yksi \u00bd-tuumainen nippa ulkokierteineen.<\/span><\/td>\n<td><span style=\"font-size: small;\">\u00bb voidaan valmistaa pitemp\u00e4\u00e4;<\/span><br \/>\n<span style=\"font-size: small;\"><strong>\u00bb<\/strong>\u00a0suurempi tai pienempi;<\/span><br \/>\n<span style=\"font-size: small;\">\u00bb voidaan valmistaa my\u00f6s nelikulmainen;<\/span><br \/>\n<span style=\"font-size: small;\"><strong>\u00bb<\/strong>\u00a0ruostumaton ter\u00e4s.<\/span><\/td>\n<\/tr>\n<\/tbody>\n<\/table>\n","protected":false},"excerpt":{"rendered":"<p>Vakiokuumavesis\u00e4ili\u00f6it\u00e4mme on valmistettu 1990-luvun keskelt\u00e4. Vakiotuote on sis\u00e4lt\u00e4 tyhj\u00e4. Vesis\u00e4ili\u00f6 tulee liitt\u00e4\u00e4 puul\u00e4mmitteiseen uuniin tai lieteen. Vesi l\u00e4mmitet\u00e4\u00e4n luonnollisella kiertovesij\u00e4rjestelm\u00e4ll\u00e4.<\/p>\n","protected":false},"author":2,"featured_media":18849,"parent":2811,"menu_order":0,"comment_status":"closed","ping_status":"closed","template":"","meta":{"_lmt_disableupdate":"","_lmt_disable":"","footnotes":""},"class_list":["post-2815","page","type-page","status-publish","has-post-thumbnail","hentry"],"yoast_head":"<!-- This site is optimized with the Yoast SEO plugin v27.0 - https:\/\/yoast.com\/product\/yoast-seo-wordpress\/ -->\n<title>Kuumavesis\u00e4ili\u00f6t - Skamet O\u00dc<\/title>\n<meta name=\"robots\" content=\"index, follow, max-snippet:-1, max-image-preview:large, max-video-preview:-1\" \/>\n<link rel=\"canonical\" href=\"https:\/\/www.skamet.ee\/fi\/vesisailiot\/kuumavesisailiot\/\" \/>\n<meta property=\"og:locale\" content=\"fi_FI\" \/>\n<meta property=\"og:type\" content=\"article\" \/>\n<meta property=\"og:title\" content=\"Kuumavesis\u00e4ili\u00f6t - Skamet O\u00dc\" \/>\n<meta property=\"og:description\" content=\"Vakiokuumavesis\u00e4ili\u00f6it\u00e4mme on valmistettu 1990-luvun keskelt\u00e4. Vakiotuote on sis\u00e4lt\u00e4 tyhj\u00e4. Vesis\u00e4ili\u00f6 tulee liitt\u00e4\u00e4 puul\u00e4mmitteiseen uuniin tai lieteen. Vesi l\u00e4mmitet\u00e4\u00e4n luonnollisella kiertovesij\u00e4rjestelm\u00e4ll\u00e4.\" \/>\n<meta property=\"og:url\" content=\"https:\/\/www.skamet.ee\/fi\/vesisailiot\/kuumavesisailiot\/\" \/>\n<meta property=\"og:site_name\" content=\"Skamet O\u00dc\" \/>\n<meta property=\"article:modified_time\" content=\"2016-02-25T07:38:03+00:00\" \/>\n<meta property=\"og:image\" content=\"https:\/\/www.skamet.ee\/wp-content\/uploads\/2015\/06\/logo-uus.png\" \/>\n\t<meta property=\"og:image:width\" content=\"300\" \/>\n\t<meta property=\"og:image:height\" content=\"127\" \/>\n\t<meta property=\"og:image:type\" content=\"image\/png\" \/>\n<meta name=\"twitter:card\" content=\"summary_large_image\" \/>\n<meta name=\"twitter:label1\" content=\"Arvioitu lukuaika\" \/>\n\t<meta name=\"twitter:data1\" content=\"2 minuuttia\" \/>\n<script type=\"application\/ld+json\" class=\"yoast-schema-graph\">{\"@context\":\"https:\/\/schema.org\",\"@graph\":[{\"@type\":\"WebPage\",\"@id\":\"https:\/\/www.skamet.ee\/fi\/vesisailiot\/kuumavesisailiot\/\",\"url\":\"https:\/\/www.skamet.ee\/fi\/vesisailiot\/kuumavesisailiot\/\",\"name\":\"Kuumavesis\u00e4ili\u00f6t - Skamet O\u00dc\",\"isPartOf\":{\"@id\":\"https:\/\/www.skamet.ee\/#website\"},\"primaryImageOfPage\":{\"@id\":\"https:\/\/www.skamet.ee\/fi\/vesisailiot\/kuumavesisailiot\/#primaryimage\"},\"image\":{\"@id\":\"https:\/\/www.skamet.ee\/fi\/vesisailiot\/kuumavesisailiot\/#primaryimage\"},\"thumbnailUrl\":\"https:\/\/www.skamet.ee\/wp-content\/uploads\/2015\/06\/logo-uus.png\",\"datePublished\":\"2014-02-17T14:32:15+00:00\",\"dateModified\":\"2016-02-25T07:38:03+00:00\",\"breadcrumb\":{\"@id\":\"https:\/\/www.skamet.ee\/fi\/vesisailiot\/kuumavesisailiot\/#breadcrumb\"},\"inLanguage\":\"fi\",\"potentialAction\":[{\"@type\":\"ReadAction\",\"target\":[\"https:\/\/www.skamet.ee\/fi\/vesisailiot\/kuumavesisailiot\/\"]}]},{\"@type\":\"ImageObject\",\"inLanguage\":\"fi\",\"@id\":\"https:\/\/www.skamet.ee\/fi\/vesisailiot\/kuumavesisailiot\/#primaryimage\",\"url\":\"https:\/\/www.skamet.ee\/wp-content\/uploads\/2015\/06\/logo-uus.png\",\"contentUrl\":\"https:\/\/www.skamet.ee\/wp-content\/uploads\/2015\/06\/logo-uus.png\",\"width\":300,\"height\":127,\"caption\":\"logo uus\"},{\"@type\":\"BreadcrumbList\",\"@id\":\"https:\/\/www.skamet.ee\/fi\/vesisailiot\/kuumavesisailiot\/#breadcrumb\",\"itemListElement\":[{\"@type\":\"ListItem\",\"position\":1,\"name\":\"Home\",\"item\":\"https:\/\/www.skamet.ee\/fi\/\"},{\"@type\":\"ListItem\",\"position\":2,\"name\":\"Vesis\u00e4ili\u00f6t\",\"item\":\"https:\/\/www.skamet.ee\/fi\/vesisailiot\/\"},{\"@type\":\"ListItem\",\"position\":3,\"name\":\"Kuumavesis\u00e4ili\u00f6t\"}]},{\"@type\":\"WebSite\",\"@id\":\"https:\/\/www.skamet.ee\/#website\",\"url\":\"https:\/\/www.skamet.ee\/\",\"name\":\"Skamet O\u00dc\",\"description\":\"Efektiivsed puuk\u00fcttega saunaahjud Eesti tootjalt\",\"publisher\":{\"@id\":\"https:\/\/www.skamet.ee\/#organization\"},\"potentialAction\":[{\"@type\":\"SearchAction\",\"target\":{\"@type\":\"EntryPoint\",\"urlTemplate\":\"https:\/\/www.skamet.ee\/?s={search_term_string}\"},\"query-input\":{\"@type\":\"PropertyValueSpecification\",\"valueRequired\":true,\"valueName\":\"search_term_string\"}}],\"inLanguage\":\"fi\"},{\"@type\":\"Organization\",\"@id\":\"https:\/\/www.skamet.ee\/#organization\",\"name\":\"Skamet\",\"url\":\"https:\/\/www.skamet.ee\/\",\"logo\":{\"@type\":\"ImageObject\",\"inLanguage\":\"fi\",\"@id\":\"https:\/\/www.skamet.ee\/#\/schema\/logo\/image\/\",\"url\":\"https:\/\/www.skamet.ee\/wp-content\/uploads\/2015\/05\/logo-uus.png\",\"contentUrl\":\"https:\/\/www.skamet.ee\/wp-content\/uploads\/2015\/05\/logo-uus.png\",\"width\":300,\"height\":127,\"caption\":\"Skamet\"},\"image\":{\"@id\":\"https:\/\/www.skamet.ee\/#\/schema\/logo\/image\/\"}}]}<\/script>\n<!-- \/ Yoast SEO plugin. -->","yoast_head_json":{"title":"Kuumavesis\u00e4ili\u00f6t - Skamet O\u00dc","robots":{"index":"index","follow":"follow","max-snippet":"max-snippet:-1","max-image-preview":"max-image-preview:large","max-video-preview":"max-video-preview:-1"},"canonical":"https:\/\/www.skamet.ee\/fi\/vesisailiot\/kuumavesisailiot\/","og_locale":"fi_FI","og_type":"article","og_title":"Kuumavesis\u00e4ili\u00f6t - Skamet O\u00dc","og_description":"Vakiokuumavesis\u00e4ili\u00f6it\u00e4mme on valmistettu 1990-luvun keskelt\u00e4. Vakiotuote on sis\u00e4lt\u00e4 tyhj\u00e4. Vesis\u00e4ili\u00f6 tulee liitt\u00e4\u00e4 puul\u00e4mmitteiseen uuniin tai lieteen. Vesi l\u00e4mmitet\u00e4\u00e4n luonnollisella kiertovesij\u00e4rjestelm\u00e4ll\u00e4.","og_url":"https:\/\/www.skamet.ee\/fi\/vesisailiot\/kuumavesisailiot\/","og_site_name":"Skamet O\u00dc","article_modified_time":"2016-02-25T07:38:03+00:00","og_image":[{"width":300,"height":127,"url":"https:\/\/www.skamet.ee\/wp-content\/uploads\/2015\/06\/logo-uus.png","type":"image\/png"}],"twitter_card":"summary_large_image","twitter_misc":{"Arvioitu lukuaika":"2 minuuttia"},"schema":{"@context":"https:\/\/schema.org","@graph":[{"@type":"WebPage","@id":"https:\/\/www.skamet.ee\/fi\/vesisailiot\/kuumavesisailiot\/","url":"https:\/\/www.skamet.ee\/fi\/vesisailiot\/kuumavesisailiot\/","name":"Kuumavesis\u00e4ili\u00f6t - Skamet O\u00dc","isPartOf":{"@id":"https:\/\/www.skamet.ee\/#website"},"primaryImageOfPage":{"@id":"https:\/\/www.skamet.ee\/fi\/vesisailiot\/kuumavesisailiot\/#primaryimage"},"image":{"@id":"https:\/\/www.skamet.ee\/fi\/vesisailiot\/kuumavesisailiot\/#primaryimage"},"thumbnailUrl":"https:\/\/www.skamet.ee\/wp-content\/uploads\/2015\/06\/logo-uus.png","datePublished":"2014-02-17T14:32:15+00:00","dateModified":"2016-02-25T07:38:03+00:00","breadcrumb":{"@id":"https:\/\/www.skamet.ee\/fi\/vesisailiot\/kuumavesisailiot\/#breadcrumb"},"inLanguage":"fi","potentialAction":[{"@type":"ReadAction","target":["https:\/\/www.skamet.ee\/fi\/vesisailiot\/kuumavesisailiot\/"]}]},{"@type":"ImageObject","inLanguage":"fi","@id":"https:\/\/www.skamet.ee\/fi\/vesisailiot\/kuumavesisailiot\/#primaryimage","url":"https:\/\/www.skamet.ee\/wp-content\/uploads\/2015\/06\/logo-uus.png","contentUrl":"https:\/\/www.skamet.ee\/wp-content\/uploads\/2015\/06\/logo-uus.png","width":300,"height":127,"caption":"logo uus"},{"@type":"BreadcrumbList","@id":"https:\/\/www.skamet.ee\/fi\/vesisailiot\/kuumavesisailiot\/#breadcrumb","itemListElement":[{"@type":"ListItem","position":1,"name":"Home","item":"https:\/\/www.skamet.ee\/fi\/"},{"@type":"ListItem","position":2,"name":"Vesis\u00e4ili\u00f6t","item":"https:\/\/www.skamet.ee\/fi\/vesisailiot\/"},{"@type":"ListItem","position":3,"name":"Kuumavesis\u00e4ili\u00f6t"}]},{"@type":"WebSite","@id":"https:\/\/www.skamet.ee\/#website","url":"https:\/\/www.skamet.ee\/","name":"Skamet O\u00dc","description":"Efektiivsed puuk\u00fcttega saunaahjud Eesti tootjalt","publisher":{"@id":"https:\/\/www.skamet.ee\/#organization"},"potentialAction":[{"@type":"SearchAction","target":{"@type":"EntryPoint","urlTemplate":"https:\/\/www.skamet.ee\/?s={search_term_string}"},"query-input":{"@type":"PropertyValueSpecification","valueRequired":true,"valueName":"search_term_string"}}],"inLanguage":"fi"},{"@type":"Organization","@id":"https:\/\/www.skamet.ee\/#organization","name":"Skamet","url":"https:\/\/www.skamet.ee\/","logo":{"@type":"ImageObject","inLanguage":"fi","@id":"https:\/\/www.skamet.ee\/#\/schema\/logo\/image\/","url":"https:\/\/www.skamet.ee\/wp-content\/uploads\/2015\/05\/logo-uus.png","contentUrl":"https:\/\/www.skamet.ee\/wp-content\/uploads\/2015\/05\/logo-uus.png","width":300,"height":127,"caption":"Skamet"},"image":{"@id":"https:\/\/www.skamet.ee\/#\/schema\/logo\/image\/"}}]}},"_links":{"self":[{"href":"https:\/\/www.skamet.ee\/fi\/wp-json\/wp\/v2\/pages\/2815","targetHints":{"allow":["GET"]}}],"collection":[{"href":"https:\/\/www.skamet.ee\/fi\/wp-json\/wp\/v2\/pages"}],"about":[{"href":"https:\/\/www.skamet.ee\/fi\/wp-json\/wp\/v2\/types\/page"}],"author":[{"embeddable":true,"href":"https:\/\/www.skamet.ee\/fi\/wp-json\/wp\/v2\/users\/2"}],"replies":[{"embeddable":true,"href":"https:\/\/www.skamet.ee\/fi\/wp-json\/wp\/v2\/comments?post=2815"}],"version-history":[{"count":6,"href":"https:\/\/www.skamet.ee\/fi\/wp-json\/wp\/v2\/pages\/2815\/revisions"}],"predecessor-version":[{"id":33018,"href":"https:\/\/www.skamet.ee\/fi\/wp-json\/wp\/v2\/pages\/2815\/revisions\/33018"}],"up":[{"embeddable":true,"href":"https:\/\/www.skamet.ee\/fi\/wp-json\/wp\/v2\/pages\/2811"}],"wp:featuredmedia":[{"embeddable":true,"href":"https:\/\/www.skamet.ee\/fi\/wp-json\/wp\/v2\/media\/18849"}],"wp:attachment":[{"href":"https:\/\/www.skamet.ee\/fi\/wp-json\/wp\/v2\/media?parent=2815"}],"curies":[{"name":"wp","href":"https:\/\/api.w.org\/{rel}","templated":true}]}}