{"id":43227,"date":"2022-12-13T11:07:46","date_gmt":"2022-12-13T09:07:46","guid":{"rendered":"https:\/\/www.skamet.ee\/yrityksesta-2\/"},"modified":"2022-12-13T11:07:46","modified_gmt":"2022-12-13T09:07:46","slug":"yrityksesta-2","status":"publish","type":"page","link":"https:\/\/www.skamet.ee\/fi\/yrityksesta-2\/","title":{"rendered":"Yrityksest\u00e4"},"content":{"rendered":"<p>O\u00dc Skamet on perustettu tammikuussa vuonna 2006, jollain ostettiin jo vuosia markkinoilla toiminut yritys H\u00e4rma Metall O\u00dc. Jatkettiin ostetun yrityksen tuotannon valmistamisella sek\u00e4 j\u00e4lleenmyynnill\u00e4: peltirungolla saunauunit (puul\u00e4mmitteiset), kuumavesis\u00e4ili\u00f6t ja savuputket. Nykyisin yritys perustuu virolaiseen p\u00e4\u00e4omaan.<br \/>\nTuotantorakennukset sijaitsevat osoitteessa Savi 9, P\u00e4rnu. Yhti\u00f6n p\u00e4\u00e4tuotantoon kuuluvat: saunauunit (ter\u00e4ksest\u00e4 ja verkkorungolla), kuumavesis\u00e4ili\u00f6t ja savuputket. Vuosien my\u00f6t\u00e4 markkinoille on kehitetty uusiakin tuotteita: verkolliset saunauunit, savu-uunit, uusitut ruostumattomat kuumavesis\u00e4ili\u00f6t (lis\u00e4tty anodi), akkus\u00e4ili\u00f6t, vedenl\u00e4mmittimet ja liesil\u00e4mmittimet. Valtava osa yhti\u00f6n tuotannosta menee vientiin. T\u00e4h\u00e4n asti vienti on kohdistunut enimm\u00e4kseen Latviaan, Liettuaan sek\u00e4 Saksaan.<br \/>\nTuotteita on viety my\u00f6s Belgiaan, Suomeen, Kanadaan, Puolaan, Australiaan sek\u00e4 Ruotsiin. Vuonna 2010 aloitettiin yhteisty\u00f6t\u00e4 suomalaisen yrityksen Etel\u00e4-H\u00e4meen Metalli kanssa, johon tarjotaan metallit\u00f6iden alihankintaa.<\/p>\n<p>Johtamisessa yritys noudattaa ISO 9001:2015 standardia. Vuodesta 2007 l\u00e4htien Skamet O\u00dc on my\u00f6s Viron kaupank\u00e4ynti-teollisuusliiton j\u00e4sen. Vuonna 2008 kehitettiin yrityksess\u00e4 tuotanto-ohjauksen j\u00e4rjestelm\u00e4, jonka perusteella meill\u00e4 on oikeus k\u00e4ytt\u00e4\u00e4 tuotteissamme CE-merkint\u00e4\u00e4.<br \/>\nSkamet O\u00dc on hankkinut tukea Viron yritt\u00e4jyyden kehitt\u00e4misen s\u00e4\u00e4ti\u00f6st\u00e4 (EAS) innovaatio-osuuden toimenpiteen puitteissa projektille \u201dSavuputkien kest\u00e4vyyden testaus tulevaa kehitt\u00e4mist\u00e4 varten\u201d. Projektin toteuttamisen aika 1. hein\u00e4kuuta \u2013 30. marraskuuta v. 2011.a sek\u00e4 osaamisen kehitt\u00e4misen toimenpiteen puitteissa projektille \u201dPuul\u00e4mmitteisten saunauunien kehitt\u00e4minen vastamaan Euroopan Unionin standardeja\u201d. Projekti toteutettiin 01. marraskuuta v. 2011 \u2013 31. tammikuuta v. 2012.<\/p>\n","protected":false},"excerpt":{"rendered":"<p>O\u00dc Skamet on perustettu tammikuussa vuonna 2006, jollain ostettiin jo vuosia markkinoilla toiminut yritys H\u00e4rma Metall O\u00dc. Jatkettiin ostetun yrityksen<\/p>\n","protected":false},"author":2,"featured_media":0,"parent":0,"menu_order":0,"comment_status":"closed","ping_status":"closed","template":"","meta":{"_lmt_disableupdate":"","_lmt_disable":"","footnotes":""},"class_list":["post-43227","page","type-page","status-publish","hentry"],"yoast_head":"<!-- This site is optimized with the Yoast SEO plugin v27.0 - https:\/\/yoast.com\/product\/yoast-seo-wordpress\/ -->\n<title>Yrityksest\u00e4 - Skamet O\u00dc<\/title>\n<meta name=\"robots\" content=\"index, follow, max-snippet:-1, max-image-preview:large, max-video-preview:-1\" \/>\n<link rel=\"canonical\" href=\"https:\/\/www.skamet.ee\/yrityksesta-2\/\" \/>\n<meta property=\"og:locale\" content=\"fi_FI\" \/>\n<meta property=\"og:type\" content=\"article\" \/>\n<meta property=\"og:title\" content=\"Yrityksest\u00e4 - Skamet O\u00dc\" \/>\n<meta property=\"og:description\" content=\"O\u00dc Skamet on perustettu tammikuussa vuonna 2006, jollain ostettiin jo vuosia markkinoilla toiminut yritys H\u00e4rma Metall O\u00dc. Jatkettiin ostetun yrityksen\" \/>\n<meta property=\"og:url\" content=\"https:\/\/www.skamet.ee\/yrityksesta-2\/\" \/>\n<meta property=\"og:site_name\" content=\"Skamet O\u00dc\" \/>\n<meta name=\"twitter:card\" content=\"summary_large_image\" \/>\n<meta name=\"twitter:label1\" content=\"Arvioitu lukuaika\" \/>\n\t<meta name=\"twitter:data1\" content=\"1 minuutti\" \/>\n<script type=\"application\/ld+json\" class=\"yoast-schema-graph\">{\"@context\":\"https:\/\/schema.org\",\"@graph\":[{\"@type\":\"WebPage\",\"@id\":\"https:\/\/www.skamet.ee\/yrityksesta-2\/\",\"url\":\"https:\/\/www.skamet.ee\/yrityksesta-2\/\",\"name\":\"Yrityksest\u00e4 - Skamet O\u00dc\",\"isPartOf\":{\"@id\":\"https:\/\/www.skamet.ee\/#website\"},\"datePublished\":\"2022-12-13T09:07:46+00:00\",\"breadcrumb\":{\"@id\":\"https:\/\/www.skamet.ee\/yrityksesta-2\/#breadcrumb\"},\"inLanguage\":\"fi\",\"potentialAction\":[{\"@type\":\"ReadAction\",\"target\":[\"https:\/\/www.skamet.ee\/yrityksesta-2\/\"]}]},{\"@type\":\"BreadcrumbList\",\"@id\":\"https:\/\/www.skamet.ee\/yrityksesta-2\/#breadcrumb\",\"itemListElement\":[{\"@type\":\"ListItem\",\"position\":1,\"name\":\"Home\",\"item\":\"https:\/\/www.skamet.ee\/fi\/\"},{\"@type\":\"ListItem\",\"position\":2,\"name\":\"Yrityksest\u00e4\"}]},{\"@type\":\"WebSite\",\"@id\":\"https:\/\/www.skamet.ee\/#website\",\"url\":\"https:\/\/www.skamet.ee\/\",\"name\":\"Skamet O\u00dc\",\"description\":\"Efektiivsed puuk\u00fcttega saunaahjud Eesti tootjalt\",\"publisher\":{\"@id\":\"https:\/\/www.skamet.ee\/#organization\"},\"potentialAction\":[{\"@type\":\"SearchAction\",\"target\":{\"@type\":\"EntryPoint\",\"urlTemplate\":\"https:\/\/www.skamet.ee\/?s={search_term_string}\"},\"query-input\":{\"@type\":\"PropertyValueSpecification\",\"valueRequired\":true,\"valueName\":\"search_term_string\"}}],\"inLanguage\":\"fi\"},{\"@type\":\"Organization\",\"@id\":\"https:\/\/www.skamet.ee\/#organization\",\"name\":\"Skamet\",\"url\":\"https:\/\/www.skamet.ee\/\",\"logo\":{\"@type\":\"ImageObject\",\"inLanguage\":\"fi\",\"@id\":\"https:\/\/www.skamet.ee\/#\/schema\/logo\/image\/\",\"url\":\"https:\/\/www.skamet.ee\/wp-content\/uploads\/2015\/05\/logo-uus.png\",\"contentUrl\":\"https:\/\/www.skamet.ee\/wp-content\/uploads\/2015\/05\/logo-uus.png\",\"width\":300,\"height\":127,\"caption\":\"Skamet\"},\"image\":{\"@id\":\"https:\/\/www.skamet.ee\/#\/schema\/logo\/image\/\"}}]}<\/script>\n<!-- \/ Yoast SEO plugin. -->","yoast_head_json":{"title":"Yrityksest\u00e4 - Skamet O\u00dc","robots":{"index":"index","follow":"follow","max-snippet":"max-snippet:-1","max-image-preview":"max-image-preview:large","max-video-preview":"max-video-preview:-1"},"canonical":"https:\/\/www.skamet.ee\/yrityksesta-2\/","og_locale":"fi_FI","og_type":"article","og_title":"Yrityksest\u00e4 - Skamet O\u00dc","og_description":"O\u00dc Skamet on perustettu tammikuussa vuonna 2006, jollain ostettiin jo vuosia markkinoilla toiminut yritys H\u00e4rma Metall O\u00dc. Jatkettiin ostetun yrityksen","og_url":"https:\/\/www.skamet.ee\/yrityksesta-2\/","og_site_name":"Skamet O\u00dc","twitter_card":"summary_large_image","twitter_misc":{"Arvioitu lukuaika":"1 minuutti"},"schema":{"@context":"https:\/\/schema.org","@graph":[{"@type":"WebPage","@id":"https:\/\/www.skamet.ee\/yrityksesta-2\/","url":"https:\/\/www.skamet.ee\/yrityksesta-2\/","name":"Yrityksest\u00e4 - Skamet O\u00dc","isPartOf":{"@id":"https:\/\/www.skamet.ee\/#website"},"datePublished":"2022-12-13T09:07:46+00:00","breadcrumb":{"@id":"https:\/\/www.skamet.ee\/yrityksesta-2\/#breadcrumb"},"inLanguage":"fi","potentialAction":[{"@type":"ReadAction","target":["https:\/\/www.skamet.ee\/yrityksesta-2\/"]}]},{"@type":"BreadcrumbList","@id":"https:\/\/www.skamet.ee\/yrityksesta-2\/#breadcrumb","itemListElement":[{"@type":"ListItem","position":1,"name":"Home","item":"https:\/\/www.skamet.ee\/fi\/"},{"@type":"ListItem","position":2,"name":"Yrityksest\u00e4"}]},{"@type":"WebSite","@id":"https:\/\/www.skamet.ee\/#website","url":"https:\/\/www.skamet.ee\/","name":"Skamet O\u00dc","description":"Efektiivsed puuk\u00fcttega saunaahjud Eesti tootjalt","publisher":{"@id":"https:\/\/www.skamet.ee\/#organization"},"potentialAction":[{"@type":"SearchAction","target":{"@type":"EntryPoint","urlTemplate":"https:\/\/www.skamet.ee\/?s={search_term_string}"},"query-input":{"@type":"PropertyValueSpecification","valueRequired":true,"valueName":"search_term_string"}}],"inLanguage":"fi"},{"@type":"Organization","@id":"https:\/\/www.skamet.ee\/#organization","name":"Skamet","url":"https:\/\/www.skamet.ee\/","logo":{"@type":"ImageObject","inLanguage":"fi","@id":"https:\/\/www.skamet.ee\/#\/schema\/logo\/image\/","url":"https:\/\/www.skamet.ee\/wp-content\/uploads\/2015\/05\/logo-uus.png","contentUrl":"https:\/\/www.skamet.ee\/wp-content\/uploads\/2015\/05\/logo-uus.png","width":300,"height":127,"caption":"Skamet"},"image":{"@id":"https:\/\/www.skamet.ee\/#\/schema\/logo\/image\/"}}]}},"_links":{"self":[{"href":"https:\/\/www.skamet.ee\/fi\/wp-json\/wp\/v2\/pages\/43227","targetHints":{"allow":["GET"]}}],"collection":[{"href":"https:\/\/www.skamet.ee\/fi\/wp-json\/wp\/v2\/pages"}],"about":[{"href":"https:\/\/www.skamet.ee\/fi\/wp-json\/wp\/v2\/types\/page"}],"author":[{"embeddable":true,"href":"https:\/\/www.skamet.ee\/fi\/wp-json\/wp\/v2\/users\/2"}],"replies":[{"embeddable":true,"href":"https:\/\/www.skamet.ee\/fi\/wp-json\/wp\/v2\/comments?post=43227"}],"version-history":[{"count":0,"href":"https:\/\/www.skamet.ee\/fi\/wp-json\/wp\/v2\/pages\/43227\/revisions"}],"wp:attachment":[{"href":"https:\/\/www.skamet.ee\/fi\/wp-json\/wp\/v2\/media?parent=43227"}],"curies":[{"name":"wp","href":"https:\/\/api.w.org\/{rel}","templated":true}]}}