{"id":41165,"date":"2021-05-10T10:10:15","date_gmt":"2021-05-10T07:10:15","guid":{"rendered":"https:\/\/uus.skamet.ee\/?post_type=product&#038;p=41165"},"modified":"2021-05-19T08:22:06","modified_gmt":"2021-05-19T05:22:06","slug":"puukiuas-lisatarvikkeet","status":"publish","type":"product","link":"https:\/\/www.skamet.ee\/fi\/tooted\/puukiuas-lisatarvikkeet\/","title":{"rendered":"Puukiuas lis\u00e4tarvikkeet"},"content":{"rendered":"<div class=\"dywp-alert grey\"><b>Verkko savuputkelle<\/b><\/div>\n<p>Savuputken verkot laitetaan putken ymp\u00e4rille ennen savuputken asennusta. Voidaan tilata my\u00f6s avattavia verkkoja. Vakiotuotteiden lis\u00e4ksi valmistamme verkkoja erikoistilauksesta: py\u00f6rein\u00e4, kulmikkaina sek\u00e4 asiakkaan toiveiden mukaan.<\/p>\n<p>&nbsp;<\/p>\n<div id=\"gallery-1\" class=\"gallery galleryid-2797 gallery-columns-5 gallery-size-thumbnail\">\n<dl class=\"gallery-item\">\n<dt class=\"gallery-icon portrait\"><a class=\"lightbox\" href=\"https:\/\/skamet.ee\/wp-content\/uploads\/2013\/04\/V-700.png\" rel=\"photogroup\" data-slb-active=\"1\" data-slb-asset=\"860487820\" data-slb-internal=\"0\" data-slb-group=\"2797_auto_1\"><img loading=\"lazy\" decoding=\"async\" class=\"attachment-thumbnail size-thumbnail\" src=\"https:\/\/skamet.ee\/wp-content\/uploads\/2013\/04\/V-700-150x150.png\" sizes=\"auto, (max-width: 150px) 100vw, 150px\" srcset=\"https:\/\/skamet.ee\/wp-content\/uploads\/2013\/04\/V-700-150x150.png 150w, https:\/\/skamet.ee\/wp-content\/uploads\/2013\/04\/V-700-40x40.png 40w, https:\/\/skamet.ee\/wp-content\/uploads\/2013\/04\/V-700-85x85.png 85w, https:\/\/skamet.ee\/wp-content\/uploads\/2013\/04\/V-700-60x60.png 60w, https:\/\/skamet.ee\/wp-content\/uploads\/2013\/04\/V-700-208x208.png 208w\" alt=\"\" width=\"150\" height=\"150\" \/><\/a><\/dt>\n<\/dl>\n<\/div>\n<p>&nbsp;<\/p>\n<table border=\"0\">\n<tbody>\n<tr>\n<td><\/td>\n<td><strong>Vakiotuotteen parametrit (V-250 \u2013 V-800):<br \/>\n<\/strong>\u00bb Halkaisija 250 mm;<br \/>\n\u00bb eri korkeudet: 250-800 mm;<br \/>\n\u00bb ei avattavia.<\/td>\n<\/tr>\n<\/tbody>\n<\/table>\n<div class=\"dywp-alert grey\"><b>Koristelista saunauunille<\/b><\/div>\n<p>Saunauuneille voidaan toimittaa my\u00f6s koristelistat. Ne asennetaan sein\u00e4n l\u00e4pi eli toisesta tilasta l\u00e4mmitett\u00e4viin uuneihin. Voidaan tilata my\u00f6s avattavia verkkoja. Vakiotuotteiden lis\u00e4ksi valmistamme verkkoja erikoistilauksesta: py\u00f6rein\u00e4, kulmikkaina sek\u00e4 asiakkaan toiveiden mukaan.<\/p>\n<p>&nbsp;<\/p>\n<div id=\"gallery-2\" class=\"gallery galleryid-2797 gallery-columns-6 gallery-size-thumbnail\">\n<dl class=\"gallery-item\">\n<dt class=\"gallery-icon landscape\"><a class=\"lightbox\" href=\"https:\/\/skamet.ee\/wp-content\/uploads\/2013\/04\/ILU-330-RV.jpg\" rel=\"photogroup\" data-slb-active=\"1\" data-slb-asset=\"631587236\" data-slb-internal=\"0\" data-slb-group=\"2797_auto_2\"><img loading=\"lazy\" decoding=\"async\" class=\"attachment-thumbnail size-thumbnail\" src=\"https:\/\/skamet.ee\/wp-content\/uploads\/2013\/04\/ILU-330-RV-150x150.jpg\" sizes=\"auto, (max-width: 150px) 100vw, 150px\" srcset=\"https:\/\/skamet.ee\/wp-content\/uploads\/2013\/04\/ILU-330-RV-150x150.jpg 150w, https:\/\/skamet.ee\/wp-content\/uploads\/2013\/04\/ILU-330-RV-40x40.jpg 40w, https:\/\/skamet.ee\/wp-content\/uploads\/2013\/04\/ILU-330-RV-85x85.jpg 85w, https:\/\/skamet.ee\/wp-content\/uploads\/2013\/04\/ILU-330-RV-60x60.jpg 60w, https:\/\/skamet.ee\/wp-content\/uploads\/2013\/04\/ILU-330-RV-208x208.jpg 208w\" alt=\"\" width=\"150\" height=\"150\" \/><\/a><\/dt>\n<\/dl>\n<dl class=\"gallery-item\">\n<dt class=\"gallery-icon landscape\"><a class=\"lightbox\" href=\"https:\/\/skamet.ee\/wp-content\/uploads\/2013\/04\/ILU-230.jpg\" rel=\"photogroup\" data-slb-active=\"1\" data-slb-asset=\"407293823\" data-slb-internal=\"0\" data-slb-group=\"2797_auto_2\"><img loading=\"lazy\" decoding=\"async\" class=\"attachment-thumbnail size-thumbnail\" src=\"https:\/\/skamet.ee\/wp-content\/uploads\/2013\/04\/ILU-230-150x150.jpg\" sizes=\"auto, (max-width: 150px) 100vw, 150px\" srcset=\"https:\/\/skamet.ee\/wp-content\/uploads\/2013\/04\/ILU-230-150x150.jpg 150w, https:\/\/skamet.ee\/wp-content\/uploads\/2013\/04\/ILU-230-40x40.jpg 40w, https:\/\/skamet.ee\/wp-content\/uploads\/2013\/04\/ILU-230-85x85.jpg 85w, https:\/\/skamet.ee\/wp-content\/uploads\/2013\/04\/ILU-230-60x60.jpg 60w, https:\/\/skamet.ee\/wp-content\/uploads\/2013\/04\/ILU-230-208x208.jpg 208w\" alt=\"\" width=\"150\" height=\"150\" \/><\/a><\/dt>\n<\/dl>\n<dl class=\"gallery-item\">\n<dt class=\"gallery-icon landscape\"><a class=\"lightbox\" href=\"https:\/\/skamet.ee\/wp-content\/uploads\/2013\/04\/ILU-200-RV.jpg\" rel=\"photogroup\" data-slb-active=\"1\" data-slb-asset=\"169050297\" data-slb-internal=\"0\" data-slb-group=\"2797_auto_2\">\u00a0<\/a><\/dt>\n<\/dl>\n<\/div>\n<p>&nbsp;<\/p>\n<table border=\"0\">\n<tbody>\n<tr>\n<td><\/td>\n<td><strong>Vakiotuotteen parametrit<\/strong>:<br \/>\n\u00bb Normaalimetallista ja ruostumattomasta;<br \/>\n\u00bb reunan leveys 50 mm;<br \/>\n\u00bb pienemm\u00e4lle (23x23cm) tarkoitettu: ILU-230 tai ILU-230 RV;<br \/>\n\u00bb isommalle ovelle (33x33cm) tarkoitettu: ILU-230 tai ILU-230 RV.<\/td>\n<\/tr>\n<\/tbody>\n<\/table>\n<p>&nbsp;<\/p>\n<div class=\"dywp-alert grey\"><b>Koristelista savuputkelle<\/b><\/div>\n<p>&nbsp;<\/p>\n<div id=\"gallery-3\" class=\"gallery galleryid-2797 gallery-columns-5 gallery-size-thumbnail\">\n<dl class=\"gallery-item\">\n<dt class=\"gallery-icon portrait\"><a class=\"lightbox\" href=\"https:\/\/skamet.ee\/wp-content\/uploads\/2012\/12\/IL-115.png\" rel=\"photogroup\" data-slb-active=\"1\" data-slb-asset=\"1077853306\" data-slb-internal=\"0\" data-slb-group=\"2797_auto_3\"><img loading=\"lazy\" decoding=\"async\" class=\"attachment-thumbnail size-thumbnail\" src=\"https:\/\/skamet.ee\/wp-content\/uploads\/2012\/12\/IL-115-150x150.png\" sizes=\"auto, (max-width: 150px) 100vw, 150px\" srcset=\"https:\/\/skamet.ee\/wp-content\/uploads\/2012\/12\/IL-115-150x150.png 150w, https:\/\/skamet.ee\/wp-content\/uploads\/2012\/12\/IL-115-40x40.png 40w, https:\/\/skamet.ee\/wp-content\/uploads\/2012\/12\/IL-115-85x85.png 85w, https:\/\/skamet.ee\/wp-content\/uploads\/2012\/12\/IL-115-60x60.png 60w, https:\/\/skamet.ee\/wp-content\/uploads\/2012\/12\/IL-115-208x208.png 208w\" alt=\"\" width=\"150\" height=\"150\" \/><\/a><\/dt>\n<\/dl>\n<dl class=\"gallery-item\">\n<dt class=\"gallery-icon landscape\"><a class=\"lightbox\" href=\"https:\/\/skamet.ee\/wp-content\/uploads\/2012\/12\/IL-115-2.png\" rel=\"photogroup\" data-slb-active=\"1\" data-slb-asset=\"219372833\" data-slb-internal=\"0\" data-slb-group=\"2797_auto_3\"><img loading=\"lazy\" decoding=\"async\" class=\"attachment-thumbnail size-thumbnail\" src=\"https:\/\/skamet.ee\/wp-content\/uploads\/2012\/12\/IL-115-2-150x150.png\" sizes=\"auto, (max-width: 150px) 100vw, 150px\" srcset=\"https:\/\/skamet.ee\/wp-content\/uploads\/2012\/12\/IL-115-2-150x150.png 150w, https:\/\/skamet.ee\/wp-content\/uploads\/2012\/12\/IL-115-2-40x40.png 40w, https:\/\/skamet.ee\/wp-content\/uploads\/2012\/12\/IL-115-2-85x85.png 85w, https:\/\/skamet.ee\/wp-content\/uploads\/2012\/12\/IL-115-2-60x60.png 60w, https:\/\/skamet.ee\/wp-content\/uploads\/2012\/12\/IL-115-2-208x208.png 208w\" alt=\"\" width=\"150\" height=\"150\" \/><\/a><\/dt>\n<\/dl>\n<\/div>\n<p>&nbsp;<\/p>\n<p><strong>Vaihtoehdot:<\/strong><br \/>\n\u00bb\u00a0 Normaalimetallista<br \/>\n\u00bb\u00a0 Savuputkelle 115 mm ja 120 mm ovat koristelistat puristettuja (reunalla), muille mitoille leikattuja (tasainen)<br \/>\n\u00bb\u00a0 Reunan leveydet 50 mm (tarvittaessa voidaan valmistaa my\u00f6s leve\u00e4mp\u00e4\u00e4)<br \/>\n\u00bb\u00a0 Voidaan valmistaa my\u00f6s nelikulmaisia<br \/>\n\u00bb\u00a0 Tilattavia (IL-115; IL-120; IL-160; IL-180; IL-200)<\/p>\n<div class=\"dywp-alert grey\"><b>Avattu vedenl\u00e4mmitin savuputken ymp\u00e4rille\u00a0<\/b><\/div>\n<p><strong>Valmistetaan yksimittaisia kuumavesis\u00e4ili\u00f6it\u00e4:<\/strong><\/p>\n<table border=\"0\">\n<tbody>\n<tr>\n<td><\/td>\n<td>Avattu vedenl\u00e4mmitin on savuputken ymp\u00e4rille laitettava s\u00e4ili\u00f6, jonka t\u00e4ytt\u00e4misen yhteydess\u00e4 saadaan l\u00e4mmint\u00e4 l\u00f6ylyvett\u00e4. Vesi l\u00e4mpenee uunin l\u00e4mmityksen aikana. Veden l\u00e4mmitt\u00e4j\u00e4ksi on l\u00e4mpenev\u00e4 savuputki. Vakiotuotteiden lis\u00e4ksi voidaan valmistaa my\u00f6s erikoistilauksesta. Lue lis\u00e4\u00e4 k\u00e4ytt\u00f6ohjeesta.\u00a0<b>Mitat l\u00f6ytyv\u00e4t k\u00e4ytt\u00f6ohjeessa<\/b><\/td>\n<\/tr>\n<\/tbody>\n<\/table>\n<p>&nbsp;<\/p>\n<p>&nbsp;<\/p>\n<p>&nbsp;<\/p>\n<div id=\"gallery-4\" class=\"gallery galleryid-2797 gallery-columns-5 gallery-size-thumbnail\">\n<dl class=\"gallery-item\">\n<dt class=\"gallery-icon portrait\"><a class=\"lightbox\" href=\"https:\/\/skamet.ee\/wp-content\/uploads\/2013\/04\/IMG_20140220_101619_clipped_rev_1.png\" rel=\"photogroup\" data-slb-active=\"1\" data-slb-asset=\"905646564\" data-slb-internal=\"0\" data-slb-group=\"2797_auto_4\"><img loading=\"lazy\" decoding=\"async\" class=\"attachment-thumbnail size-thumbnail\" src=\"https:\/\/skamet.ee\/wp-content\/uploads\/2013\/04\/IMG_20140220_101619_clipped_rev_1-150x150.png\" sizes=\"auto, (max-width: 150px) 100vw, 150px\" srcset=\"https:\/\/skamet.ee\/wp-content\/uploads\/2013\/04\/IMG_20140220_101619_clipped_rev_1-150x150.png 150w, https:\/\/skamet.ee\/wp-content\/uploads\/2013\/04\/IMG_20140220_101619_clipped_rev_1-40x40.png 40w, https:\/\/skamet.ee\/wp-content\/uploads\/2013\/04\/IMG_20140220_101619_clipped_rev_1-85x85.png 85w, https:\/\/skamet.ee\/wp-content\/uploads\/2013\/04\/IMG_20140220_101619_clipped_rev_1-60x60.png 60w, https:\/\/skamet.ee\/wp-content\/uploads\/2013\/04\/IMG_20140220_101619_clipped_rev_1-208x208.png 208w\" alt=\"\" width=\"150\" height=\"150\" \/><\/a><\/dt>\n<\/dl>\n<dl class=\"gallery-item\">\n<dt class=\"gallery-icon portrait\"><a class=\"lightbox\" href=\"https:\/\/skamet.ee\/wp-content\/uploads\/2013\/04\/IMG_20140220_101637_clipped_rev_1.png\" rel=\"photogroup\" data-slb-active=\"1\" data-slb-asset=\"1728711921\" data-slb-internal=\"0\" data-slb-group=\"2797_auto_4\"><img loading=\"lazy\" decoding=\"async\" class=\"attachment-thumbnail size-thumbnail\" src=\"https:\/\/skamet.ee\/wp-content\/uploads\/2013\/04\/IMG_20140220_101637_clipped_rev_1-150x150.png\" sizes=\"auto, (max-width: 150px) 100vw, 150px\" srcset=\"https:\/\/skamet.ee\/wp-content\/uploads\/2013\/04\/IMG_20140220_101637_clipped_rev_1-150x150.png 150w, https:\/\/skamet.ee\/wp-content\/uploads\/2013\/04\/IMG_20140220_101637_clipped_rev_1-40x40.png 40w, https:\/\/skamet.ee\/wp-content\/uploads\/2013\/04\/IMG_20140220_101637_clipped_rev_1-85x85.png 85w, https:\/\/skamet.ee\/wp-content\/uploads\/2013\/04\/IMG_20140220_101637_clipped_rev_1-60x60.png 60w, https:\/\/skamet.ee\/wp-content\/uploads\/2013\/04\/IMG_20140220_101637_clipped_rev_1-208x208.png 208w\" alt=\"\" width=\"150\" height=\"150\" \/><\/a><\/dt>\n<\/dl>\n<dl class=\"gallery-item\">\n<dt class=\"gallery-icon portrait\"><a class=\"lightbox\" href=\"https:\/\/skamet.ee\/wp-content\/uploads\/2013\/04\/BOT-22-RV.png\" rel=\"photogroup\" data-slb-active=\"1\" data-slb-asset=\"1729660220\" data-slb-internal=\"0\" data-slb-group=\"2797_auto_4\"><img loading=\"lazy\" decoding=\"async\" class=\"attachment-thumbnail size-thumbnail\" src=\"https:\/\/skamet.ee\/wp-content\/uploads\/2013\/04\/BOT-22-RV-150x150.png\" sizes=\"auto, (max-width: 150px) 100vw, 150px\" srcset=\"https:\/\/skamet.ee\/wp-content\/uploads\/2013\/04\/BOT-22-RV-150x150.png 150w, https:\/\/skamet.ee\/wp-content\/uploads\/2013\/04\/BOT-22-RV-40x40.png 40w, https:\/\/skamet.ee\/wp-content\/uploads\/2013\/04\/BOT-22-RV-85x85.png 85w, https:\/\/skamet.ee\/wp-content\/uploads\/2013\/04\/BOT-22-RV-60x60.png 60w, https:\/\/skamet.ee\/wp-content\/uploads\/2013\/04\/BOT-22-RV-208x208.png 208w\" alt=\"\" width=\"150\" height=\"150\" \/><\/a><\/dt>\n<\/dl>\n<\/div>\n<p>&nbsp;<\/p>\n<p>&nbsp;<\/p>\n<table border=\"1\">\n<tbody>\n<tr>\n<td><strong><b>Vakiotuotteiden parametrit<\/b>:<\/strong><\/td>\n<td><strong><b>Eri vaihtoehtoja<\/b>:<\/strong><\/td>\n<\/tr>\n<tr>\n<td>\u00bb Halkaisija 30cm, tilavuus 25 litraa;<br \/>\n\u00bb kokonaiskorkeus putkineen 65cm, s\u00e4ili\u00f6 41,5cm;<br \/>\n\u00bb avattava kansi;<br \/>\n\u00bb savuputken sis\u00e4halkaisija 115mm;<br \/>\n\u00bb yksi \u00bd-tuumainen nippa ulkokierteineen.<\/td>\n<td>\u00bb Isommalla tai pienemm\u00e4ll\u00e4 tilavuudella;<br \/>\n\u00bb voidaan valmistaa pitemp\u00e4\u00e4;<br \/>\n\u00bb voidaan valmistaa my\u00f6s nelikulmaista;<br \/>\n\u00bb voidaan valmistaa ruostumatonta.<\/td>\n<\/tr>\n<\/tbody>\n<\/table>\n","protected":false},"excerpt":{"rendered":"<p>Verkko savuputkelle Savuputken verkot laitetaan putken ymp\u00e4rille ennen savuputken asennusta. Voidaan tilata my\u00f6s avattavia verkkoja. Vakiotuotteiden lis\u00e4ksi valmistamme verkkoja erikoistilauksesta:<\/p>\n","protected":false},"featured_media":40574,"template":"","meta":{"_lmt_disableupdate":"","_lmt_disable":""},"product_brand":[],"product_cat":[305,310],"product_tag":[],"class_list":{"0":"post-41165","1":"product","2":"type-product","3":"status-publish","4":"has-post-thumbnail","6":"product_cat-puukiuas","7":"product_cat-puukiuas-lisatarvikkeet","9":"first","10":"instock","11":"shipping-taxable","12":"product-type-simple"},"yoast_head":"<!-- This site is optimized with the Yoast SEO plugin v27.0 - https:\/\/yoast.com\/product\/yoast-seo-wordpress\/ -->\n<title>Puukiuas lis\u00e4tarvikkeet - Skamet O\u00dc<\/title>\n<meta name=\"robots\" content=\"index, follow, max-snippet:-1, max-image-preview:large, max-video-preview:-1\" \/>\n<link rel=\"canonical\" href=\"https:\/\/www.skamet.ee\/fi\/tooted\/puukiuas-lisatarvikkeet\/\" \/>\n<meta property=\"og:locale\" content=\"fi_FI\" \/>\n<meta property=\"og:type\" content=\"article\" \/>\n<meta property=\"og:title\" content=\"Puukiuas lis\u00e4tarvikkeet - Skamet O\u00dc\" \/>\n<meta property=\"og:description\" content=\"Verkko savuputkelle Savuputken verkot laitetaan putken ymp\u00e4rille ennen savuputken asennusta. Voidaan tilata my\u00f6s avattavia verkkoja. Vakiotuotteiden lis\u00e4ksi valmistamme verkkoja erikoistilauksesta:\" \/>\n<meta property=\"og:url\" content=\"https:\/\/www.skamet.ee\/fi\/tooted\/puukiuas-lisatarvikkeet\/\" \/>\n<meta property=\"og:site_name\" content=\"Skamet O\u00dc\" \/>\n<meta property=\"article:modified_time\" content=\"2021-05-19T05:22:06+00:00\" \/>\n<meta property=\"og:image\" content=\"https:\/\/www.skamet.ee\/wp-content\/uploads\/2021\/03\/IMG_20140220_101619_clipped_rev_1-261x300-1.png\" \/>\n\t<meta property=\"og:image:width\" content=\"261\" \/>\n\t<meta property=\"og:image:height\" content=\"300\" \/>\n\t<meta property=\"og:image:type\" content=\"image\/png\" \/>\n<meta name=\"twitter:card\" content=\"summary_large_image\" \/>\n<meta name=\"twitter:label1\" content=\"Arvioitu lukuaika\" \/>\n\t<meta name=\"twitter:data1\" content=\"3 minuuttia\" \/>\n<script type=\"application\/ld+json\" class=\"yoast-schema-graph\">{\"@context\":\"https:\/\/schema.org\",\"@graph\":[{\"@type\":\"WebPage\",\"@id\":\"https:\/\/www.skamet.ee\/fi\/tooted\/puukiuas-lisatarvikkeet\/\",\"url\":\"https:\/\/www.skamet.ee\/fi\/tooted\/puukiuas-lisatarvikkeet\/\",\"name\":\"Puukiuas lis\u00e4tarvikkeet - Skamet O\u00dc\",\"isPartOf\":{\"@id\":\"https:\/\/www.skamet.ee\/#website\"},\"primaryImageOfPage\":{\"@id\":\"https:\/\/www.skamet.ee\/fi\/tooted\/puukiuas-lisatarvikkeet\/#primaryimage\"},\"image\":{\"@id\":\"https:\/\/www.skamet.ee\/fi\/tooted\/puukiuas-lisatarvikkeet\/#primaryimage\"},\"thumbnailUrl\":\"https:\/\/www.skamet.ee\/wp-content\/uploads\/2021\/03\/IMG_20140220_101619_clipped_rev_1-261x300-1.png\",\"datePublished\":\"2021-05-10T07:10:15+00:00\",\"dateModified\":\"2021-05-19T05:22:06+00:00\",\"breadcrumb\":{\"@id\":\"https:\/\/www.skamet.ee\/fi\/tooted\/puukiuas-lisatarvikkeet\/#breadcrumb\"},\"inLanguage\":\"fi\",\"potentialAction\":[{\"@type\":\"ReadAction\",\"target\":[\"https:\/\/www.skamet.ee\/fi\/tooted\/puukiuas-lisatarvikkeet\/\"]}]},{\"@type\":\"ImageObject\",\"inLanguage\":\"fi\",\"@id\":\"https:\/\/www.skamet.ee\/fi\/tooted\/puukiuas-lisatarvikkeet\/#primaryimage\",\"url\":\"https:\/\/www.skamet.ee\/wp-content\/uploads\/2021\/03\/IMG_20140220_101619_clipped_rev_1-261x300-1.png\",\"contentUrl\":\"https:\/\/www.skamet.ee\/wp-content\/uploads\/2021\/03\/IMG_20140220_101619_clipped_rev_1-261x300-1.png\",\"width\":261,\"height\":300,\"caption\":\"IMG 20140220 101619 clipped rev 1 261x300 1\"},{\"@type\":\"BreadcrumbList\",\"@id\":\"https:\/\/www.skamet.ee\/fi\/tooted\/puukiuas-lisatarvikkeet\/#breadcrumb\",\"itemListElement\":[{\"@type\":\"ListItem\",\"position\":1,\"name\":\"Home\",\"item\":\"https:\/\/www.skamet.ee\/fi\/\"},{\"@type\":\"ListItem\",\"position\":2,\"name\":\"Tuotteet\",\"item\":\"https:\/\/www.skamet.ee\/fi\/shop-2\/\"},{\"@type\":\"ListItem\",\"position\":3,\"name\":\"Puukiuas lis\u00e4tarvikkeet\"}]},{\"@type\":\"WebSite\",\"@id\":\"https:\/\/www.skamet.ee\/#website\",\"url\":\"https:\/\/www.skamet.ee\/\",\"name\":\"Skamet O\u00dc\",\"description\":\"Efektiivsed puuk\u00fcttega saunaahjud Eesti tootjalt\",\"publisher\":{\"@id\":\"https:\/\/www.skamet.ee\/#organization\"},\"potentialAction\":[{\"@type\":\"SearchAction\",\"target\":{\"@type\":\"EntryPoint\",\"urlTemplate\":\"https:\/\/www.skamet.ee\/?s={search_term_string}\"},\"query-input\":{\"@type\":\"PropertyValueSpecification\",\"valueRequired\":true,\"valueName\":\"search_term_string\"}}],\"inLanguage\":\"fi\"},{\"@type\":\"Organization\",\"@id\":\"https:\/\/www.skamet.ee\/#organization\",\"name\":\"Skamet\",\"url\":\"https:\/\/www.skamet.ee\/\",\"logo\":{\"@type\":\"ImageObject\",\"inLanguage\":\"fi\",\"@id\":\"https:\/\/www.skamet.ee\/#\/schema\/logo\/image\/\",\"url\":\"https:\/\/www.skamet.ee\/wp-content\/uploads\/2015\/05\/logo-uus.png\",\"contentUrl\":\"https:\/\/www.skamet.ee\/wp-content\/uploads\/2015\/05\/logo-uus.png\",\"width\":300,\"height\":127,\"caption\":\"Skamet\"},\"image\":{\"@id\":\"https:\/\/www.skamet.ee\/#\/schema\/logo\/image\/\"}}]}<\/script>\n<!-- \/ Yoast SEO plugin. -->","yoast_head_json":{"title":"Puukiuas lis\u00e4tarvikkeet - Skamet O\u00dc","robots":{"index":"index","follow":"follow","max-snippet":"max-snippet:-1","max-image-preview":"max-image-preview:large","max-video-preview":"max-video-preview:-1"},"canonical":"https:\/\/www.skamet.ee\/fi\/tooted\/puukiuas-lisatarvikkeet\/","og_locale":"fi_FI","og_type":"article","og_title":"Puukiuas lis\u00e4tarvikkeet - Skamet O\u00dc","og_description":"Verkko savuputkelle Savuputken verkot laitetaan putken ymp\u00e4rille ennen savuputken asennusta. Voidaan tilata my\u00f6s avattavia verkkoja. Vakiotuotteiden lis\u00e4ksi valmistamme verkkoja erikoistilauksesta:","og_url":"https:\/\/www.skamet.ee\/fi\/tooted\/puukiuas-lisatarvikkeet\/","og_site_name":"Skamet O\u00dc","article_modified_time":"2021-05-19T05:22:06+00:00","og_image":[{"width":261,"height":300,"url":"https:\/\/www.skamet.ee\/wp-content\/uploads\/2021\/03\/IMG_20140220_101619_clipped_rev_1-261x300-1.png","type":"image\/png"}],"twitter_card":"summary_large_image","twitter_misc":{"Arvioitu lukuaika":"3 minuuttia"},"schema":{"@context":"https:\/\/schema.org","@graph":[{"@type":"WebPage","@id":"https:\/\/www.skamet.ee\/fi\/tooted\/puukiuas-lisatarvikkeet\/","url":"https:\/\/www.skamet.ee\/fi\/tooted\/puukiuas-lisatarvikkeet\/","name":"Puukiuas lis\u00e4tarvikkeet - Skamet O\u00dc","isPartOf":{"@id":"https:\/\/www.skamet.ee\/#website"},"primaryImageOfPage":{"@id":"https:\/\/www.skamet.ee\/fi\/tooted\/puukiuas-lisatarvikkeet\/#primaryimage"},"image":{"@id":"https:\/\/www.skamet.ee\/fi\/tooted\/puukiuas-lisatarvikkeet\/#primaryimage"},"thumbnailUrl":"https:\/\/www.skamet.ee\/wp-content\/uploads\/2021\/03\/IMG_20140220_101619_clipped_rev_1-261x300-1.png","datePublished":"2021-05-10T07:10:15+00:00","dateModified":"2021-05-19T05:22:06+00:00","breadcrumb":{"@id":"https:\/\/www.skamet.ee\/fi\/tooted\/puukiuas-lisatarvikkeet\/#breadcrumb"},"inLanguage":"fi","potentialAction":[{"@type":"ReadAction","target":["https:\/\/www.skamet.ee\/fi\/tooted\/puukiuas-lisatarvikkeet\/"]}]},{"@type":"ImageObject","inLanguage":"fi","@id":"https:\/\/www.skamet.ee\/fi\/tooted\/puukiuas-lisatarvikkeet\/#primaryimage","url":"https:\/\/www.skamet.ee\/wp-content\/uploads\/2021\/03\/IMG_20140220_101619_clipped_rev_1-261x300-1.png","contentUrl":"https:\/\/www.skamet.ee\/wp-content\/uploads\/2021\/03\/IMG_20140220_101619_clipped_rev_1-261x300-1.png","width":261,"height":300,"caption":"IMG 20140220 101619 clipped rev 1 261x300 1"},{"@type":"BreadcrumbList","@id":"https:\/\/www.skamet.ee\/fi\/tooted\/puukiuas-lisatarvikkeet\/#breadcrumb","itemListElement":[{"@type":"ListItem","position":1,"name":"Home","item":"https:\/\/www.skamet.ee\/fi\/"},{"@type":"ListItem","position":2,"name":"Tuotteet","item":"https:\/\/www.skamet.ee\/fi\/shop-2\/"},{"@type":"ListItem","position":3,"name":"Puukiuas lis\u00e4tarvikkeet"}]},{"@type":"WebSite","@id":"https:\/\/www.skamet.ee\/#website","url":"https:\/\/www.skamet.ee\/","name":"Skamet O\u00dc","description":"Efektiivsed puuk\u00fcttega saunaahjud Eesti tootjalt","publisher":{"@id":"https:\/\/www.skamet.ee\/#organization"},"potentialAction":[{"@type":"SearchAction","target":{"@type":"EntryPoint","urlTemplate":"https:\/\/www.skamet.ee\/?s={search_term_string}"},"query-input":{"@type":"PropertyValueSpecification","valueRequired":true,"valueName":"search_term_string"}}],"inLanguage":"fi"},{"@type":"Organization","@id":"https:\/\/www.skamet.ee\/#organization","name":"Skamet","url":"https:\/\/www.skamet.ee\/","logo":{"@type":"ImageObject","inLanguage":"fi","@id":"https:\/\/www.skamet.ee\/#\/schema\/logo\/image\/","url":"https:\/\/www.skamet.ee\/wp-content\/uploads\/2015\/05\/logo-uus.png","contentUrl":"https:\/\/www.skamet.ee\/wp-content\/uploads\/2015\/05\/logo-uus.png","width":300,"height":127,"caption":"Skamet"},"image":{"@id":"https:\/\/www.skamet.ee\/#\/schema\/logo\/image\/"}}]}},"_links":{"self":[{"href":"https:\/\/www.skamet.ee\/fi\/wp-json\/wp\/v2\/product\/41165","targetHints":{"allow":["GET"]}}],"collection":[{"href":"https:\/\/www.skamet.ee\/fi\/wp-json\/wp\/v2\/product"}],"about":[{"href":"https:\/\/www.skamet.ee\/fi\/wp-json\/wp\/v2\/types\/product"}],"version-history":[{"count":1,"href":"https:\/\/www.skamet.ee\/fi\/wp-json\/wp\/v2\/product\/41165\/revisions"}],"predecessor-version":[{"id":41166,"href":"https:\/\/www.skamet.ee\/fi\/wp-json\/wp\/v2\/product\/41165\/revisions\/41166"}],"wp:featuredmedia":[{"embeddable":true,"href":"https:\/\/www.skamet.ee\/fi\/wp-json\/wp\/v2\/media\/40574"}],"wp:attachment":[{"href":"https:\/\/www.skamet.ee\/fi\/wp-json\/wp\/v2\/media?parent=41165"}],"wp:term":[{"taxonomy":"product_brand","embeddable":true,"href":"https:\/\/www.skamet.ee\/fi\/wp-json\/wp\/v2\/product_brand?post=41165"},{"taxonomy":"product_cat","embeddable":true,"href":"https:\/\/www.skamet.ee\/fi\/wp-json\/wp\/v2\/product_cat?post=41165"},{"taxonomy":"product_tag","embeddable":true,"href":"https:\/\/www.skamet.ee\/fi\/wp-json\/wp\/v2\/product_tag?post=41165"}],"curies":[{"name":"wp","href":"https:\/\/api.w.org\/{rel}","templated":true}]}}