{"id":41171,"date":"2021-05-10T10:14:24","date_gmt":"2021-05-10T07:14:24","guid":{"rendered":"https:\/\/uus.skamet.ee\/?post_type=product&#038;p=41171"},"modified":"2021-05-20T12:12:19","modified_gmt":"2021-05-20T09:12:19","slug":"toisesta-tilasta-lammitettavat","status":"publish","type":"product","link":"https:\/\/www.skamet.ee\/fi\/tooted\/toisesta-tilasta-lammitettavat\/","title":{"rendered":"Toisesta tilasta l\u00e4mmitett\u00e4v\u00e4t"},"content":{"rendered":"<p>Saunauuni on ohjattu sein\u00e4n l\u00e4pi eli l\u00e4mmitys tapahtuu toisesta tilasta. L\u00e4piviennin pituus on 170 mm. Voidaan tilata sek\u00e4 pitempi ett\u00e4 lyhyempi. Vakiosaunauuneilla on savuhormiin liitt\u00e4misen mahdollisuus ainoastaan p\u00e4\u00e4lt\u00e4, oven puolelta. Voidaan tilata k\u00e4\u00e4nnetyll\u00e4 sis\u00e4ll\u00f6ll\u00e4 \u2013 eli savuputken yhdist\u00e4minen tapahtuisi sek\u00e4 takasein\u00e4st\u00e4 ett\u00e4 p\u00e4\u00e4lt\u00e4, takasein\u00e4n puolelta.<\/p>\n<div class=\"dywp-alert grey\">Kiuas<\/div>\n<p>PS -sarjan mallit on tarkoitettu k\u00e4ytett\u00e4v\u00e4ksi pienten saunojen ja tynnyrisaunojen l\u00e4mmitykseen. Kiukaassa on kolme\u00a0<strong>kaksinkertaista sein\u00e4m\u00e4\u00e4<\/strong>\u00a0(sivulla ja takana), joiden avulla turvaet\u00e4isyydet ovat puolet pienemm\u00e4t kuin P-sarjan kiukaissa (suojaet\u00e4isyydet k\u00e4ytt\u00f6ohjeessa)<\/p>\n<p>Kiuas (<strong>malli PS-2<\/strong><strong>10<\/strong>), 5-12 m\u00b3 kokoiseen saunaan. Kiukaan korkeus 60 cm. Kivim\u00e4\u00e4r\u00e4 20 kg.<\/p>\n<p><b>Muut mitat\u00a0<a href=\"https:\/\/skamet.ee\/wp-content\/uploads\/2014\/04\/SKA-PS-pass-FI-veeb.pdf\" target=\"_blank\" rel=\"noopener\">k\u00e4ytt\u00f6ohjeessa<\/a>\u00a0<\/b><\/p>\n<p>&nbsp;<\/p>\n<div id=\"unitegallery_13_1\" class=\"unite-gallery ug-gallery-wrapper ug-under-480 ug-theme-carousel\">\n<div class=\"ug-carousel-wrapper\">\n<div class=\"ug-carousel-inner\">\n<div class=\"ug-thumb-wrapper ug-tile ug-tile-clickable ug-thumb-ratio-set\">\n<div class=\"ug-thumb-overlay\">\n<div class=\"ug-tile-icon ug-button-play ug-icon-zoom\"><\/div>\n<\/div>\n<p><img decoding=\"async\" class=\"ug-thumb-image ug-trans-enabled\" src=\"https:\/\/skamet.ee\/wp-content\/uploads\/2016\/01\/JPG-683x1024.-200x300.jpeg\" alt=\"JPG-683x1024.\" \/><\/div>\n<div class=\"ug-thumb-wrapper ug-tile ug-tile-clickable ug-thumb-ratio-set\">\n<div class=\"ug-thumb-overlay\">\n<div class=\"ug-tile-icon ug-button-play ug-icon-zoom\"><\/div>\n<\/div>\n<p><img decoding=\"async\" class=\"ug-thumb-image ug-trans-enabled\" src=\"https:\/\/skamet.ee\/wp-content\/uploads\/2016\/01\/PS-210-2-200x300.jpg\" alt=\"PS-210 (2)\" \/><\/div>\n<div class=\"ug-thumb-wrapper ug-tile ug-tile-clickable\">\n<div class=\"ug-thumb-overlay\"><\/div>\n<\/div>\n<\/div>\n<\/div>\n<\/div>\n<p>&nbsp;<\/p>\n<table border=\"0\">\n<tbody>\n<tr>\n<td><strong><b>Vakiotuotteen parametrit<\/b>:<\/strong><br \/>\n\u00bb \u00a0lasiovi (200 x 220 mm);<br \/>\n\u00bb \u00a0hormiliit\u00e4nt\u00e4 yl\u00e4osasta;<br \/>\n\u00bb\u00a0 oven saranat vasemmalla puolella;<br \/>\n\u00bb \u00a0musta ulkokuori;<br \/>\n\u00bb \u00a0maalattu kuumankest\u00e4v\u00e4ll\u00e4 maalilla;<br \/>\n\u00bb \u00a0metallikahva.<\/td>\n<td><strong><b>Eri vaihtoehtoja<\/b>:<\/strong><br \/>\n\u00bb \u00a0puinen kahva;<br \/>\n\u00bb \u00a0oven saranat oikealla puolella;<br \/>\n\u00bb \u00a0punamusta kuori (my\u00f6s kiukaan yl\u00e4osa); tai ruostumattomasta ter\u00e4ksest\u00e4 tehty;<br \/>\n\u00bb \u00a0rst valmistettu yl\u00e4osa;<br \/>\n\u00bb \u00a0muihin vaihtoehtoihin voit tutustua t\u00e4st\u00e4;<br \/>\n\u00bb\u00a0 muihin mahdollisuuksiin voi tutustua\u00a0<a href=\"https:\/\/skamet.ee\/saunauunit\/saunauunien-erikoistilaukset?lang=fi&amp;lang=fi\"><strong>t\u00e4st\u00e4<\/strong><\/a><\/td>\n<\/tr>\n<\/tbody>\n<\/table>\n<div class=\"dywp-alert grey\">\u00a0<strong>Perinteinen\u00a0<\/strong><\/div>\n<p><strong>Valmistetaan kahta erimittaista saunauunityyppi\u00e4:<\/strong><\/p>\n<p>Pienempi kiuas (<strong>malli P-216<\/strong>), jonka l\u00e4mmitett\u00e4v\u00e4 tilavuus 8 m\u00b3-18 m\u00b3. Uunin korkeus 73 cm. Kivim\u00e4\u00e4r\u00e4 40 kg.<br \/>\nSuurempi kiuas (<strong>malli P-220<\/strong>), jonka l\u00e4mmitett\u00e4v\u00e4 tilavuus 16 m\u00b3-25 m\u00b3. Uunin korkeus 81 cm. Kivim\u00e4\u00e4r\u00e4 50 kg.<br \/>\n<strong>Mitat l\u00f6ytyv\u00e4t\u00a0<a href=\"https:\/\/skamet.ee\/wp-content\/uploads\/2014\/03\/FIN-vaike.pdf\" target=\"_blank\" rel=\"noopener\">k\u00e4ytt\u00f6ohjeessa<\/a><\/strong><\/p>\n<p>&nbsp;<\/p>\n<div id=\"unitegallery_12_2\" class=\"unite-gallery ug-gallery-wrapper ug-under-480 ug-theme-carousel\">\n<div class=\"ug-carousel-wrapper\">\n<div class=\"ug-carousel-inner\">\n<div class=\"ug-thumb-wrapper ug-tile ug-tile-clickable cloned\">\n<div class=\"ug-thumb-overlay\">\n<div class=\"ug-tile-icon ug-button-play ug-icon-zoom\"><\/div>\n<\/div>\n<p><img decoding=\"async\" class=\"ug-thumb-image ug-trans-enabled\" src=\"https:\/\/skamet.ee\/wp-content\/uploads\/2013\/07\/P-216_P-220-5-291x300.jpg\" alt=\"P-216_P-220 (5)\" \/><\/div>\n<div class=\"ug-thumb-wrapper ug-tile ug-tile-clickable cloned\">\n<div class=\"ug-thumb-overlay\">\n<div class=\"ug-tile-icon ug-button-play ug-icon-zoom\"><\/div>\n<\/div>\n<p><img decoding=\"async\" class=\"ug-thumb-image ug-trans-enabled\" src=\"https:\/\/skamet.ee\/wp-content\/uploads\/2013\/07\/P-216_P-220-4-276x300.jpg\" alt=\"P-216_P-220 (4)\" \/><\/div>\n<div class=\"ug-thumb-wrapper ug-tile ug-tile-clickable\">\n<div class=\"ug-thumb-overlay\"><\/div>\n<\/div>\n<div class=\"ug-thumb-wrapper ug-tile ug-tile-clickable ug-thumb-ratio-set\"><\/div>\n<\/div>\n<\/div>\n<\/div>\n<p>&nbsp;<\/p>\n<table border=\"0\">\n<tbody>\n<tr>\n<td><strong><b>Vakiotuotteen parametrit<\/b>:<\/strong><br \/>\n\u00bb\u00a0 lasiovi (230 x 230 mm) tai ilman;<br \/>\n\u00bb\u00a0 savuhormin yhdist\u00e4minen p\u00e4\u00e4lt\u00e4;<br \/>\n\u00bb\u00a0 oven saranat vasemmalla puolella;<br \/>\n\u00bb\u00a0 saunauunin p\u00e4\u00e4llystys punainen\/musta;<br \/>\n\u00bb\u00a0 saunauuni maalattu kuumankest\u00e4v\u00e4ll\u00e4 maalilla;<br \/>\n\u00bb\u00a0 kuumavesis\u00e4ili\u00f6n liitt\u00e4misen mahdollisuus (oikea, vasen, takaa) tai ilman.<\/td>\n<td><strong><b>Eri vaihtoehtoja<\/b>:<\/strong><br \/>\n\u00bb\u00a0 vedin ruostumaton (sama kuin takkaovella uunilla);<br \/>\n\u00bb\u00a0 saunauunin sis\u00e4lt\u00f6 k\u00e4\u00e4nnettyn\u00e4;<br \/>\n\u00bb\u00a0 oven saranat oikealla puolella;<br \/>\n\u00bb\u00a0 p\u00e4\u00e4llystys kokonaan musta tai ruostumaton;<br \/>\n\u00bb\u00a0 p\u00e4\u00e4llystyksen yl\u00e4reuna ruostumaton;<br \/>\n\u00bb\u00a0 muihin mahdollisuuksiin voi tutustua\u00a0<a href=\"https:\/\/skamet.ee\/saunauunit\/saunauunien-erikoistilaukset?lang=fi\" target=\"_blank\" rel=\"noopener\"><strong>t\u00e4st\u00e4<\/strong><\/a><\/td>\n<\/tr>\n<\/tbody>\n<\/table>\n<div class=\"dywp-alert grey\">\u00a0<strong>S\u00e4ili\u00f6ll\u00e4\u00a0<\/strong><\/div>\n<p><strong>Valmistetaan kahta erimittaista saunauunityyppi\u00e4:<\/strong><\/p>\n<p>Pienempi kiuas (<strong>malli P-21640<\/strong>), jonka l\u00e4mmitett\u00e4v\u00e4 tilavuus 8 m\u00b3-18 m\u00b3. Uunin korkeus 73 cm. Kivim\u00e4\u00e4r\u00e4 40 kg.<br \/>\nSuurempi kiuas (<strong>malli P-22040<\/strong>), jonka l\u00e4mmitett\u00e4v\u00e4 tilavuus 16 m\u00b3-25 m\u00b3. Uunin korkeus 81 cm. Kivim\u00e4\u00e4r\u00e4 50 kg.<br \/>\n<strong>Mitat l\u00f6ytyv\u00e4t\u00a0<a href=\"https:\/\/skamet.ee\/wp-content\/uploads\/2014\/03\/FIN-vaike.pdf\" target=\"_blank\" rel=\"noopener\">k\u00e4ytt\u00f6ohjeessa<\/a><\/strong><\/p>\n<p>&nbsp;<\/p>\n<table border=\"0\">\n<tbody>\n<tr>\n<td><strong><b>Vakiotuotteen parametrit:<\/b><br \/>\n<\/strong>\u00bb\u00a0 lasiovi (230 x 230 mm) tai ilman;<br \/>\n\u00bb\u00a0 savuhormin yhdist\u00e4minen p\u00e4\u00e4lt\u00e4;<br \/>\n\u00bb\u00a0 oven saranat vasemmalla puolella;<br \/>\n\u00bb \u00a0p\u00e4\u00e4llystyksen v\u00e4ri musta tai yl\u00e4reuna ruostumaton;<br \/>\n\u00bb \u00a040-litran s\u00e4ili\u00f6 normaalimetallia (oikealla, vasemmalla, takana);<br \/>\n\u00bb \u00a0s\u00e4ili\u00f6ll\u00e4 ruostumaton kansi<\/td>\n<td><strong><b>Eri vaihtoehtoja<\/b>:<\/strong><br \/>\n\u00bb\u00a0 vedin ruostumaton (sama kuin takkaovella uunilla);<br \/>\n\u00bb\u00a0 saunauunin sis\u00e4lt\u00f6 k\u00e4\u00e4nnettyn\u00e4;<br \/>\n\u00bb\u00a0 oven saranat oikealla puolella;<br \/>\n\u00bb \u00a0p\u00e4\u00e4llystys kokonaan punainen\/musta tai ruostumaton;<br \/>\n\u00bb\u00a040-litran s\u00e4ili\u00f6 roustumaton;<br \/>\n\u00bb \u00a0muihin mahdollisuuksiin voi tutustua\u00a0<a href=\"https:\/\/skamet.ee\/saunauunit\/saunauunien-erikoistilaukset?lang=fi\" target=\"_blank\" rel=\"noopener\"><strong>t\u00e4st\u00e4<\/strong><\/a><\/td>\n<\/tr>\n<\/tbody>\n<\/table>\n<div class=\"dywp-alert grey\">\u00a0<b>Takkamittaisella ovella<\/b><b>\u00a0<\/b><\/div>\n<p><strong>Valmistetaan kahta erimittaista saunauunityyppi\u00e4:<\/strong><\/p>\n<p>Pienempi kiuas (<strong>malli PT-216<\/strong>), jonka l\u00e4mmitett\u00e4v\u00e4 tilavuus 8 m\u00b3-18 m\u00b3. Uunin korkeus 73 cm. Kivim\u00e4\u00e4r\u00e4 40 kg.<br \/>\nSuurempi kiuas (<strong>malli PT-220<\/strong>), jonka l\u00e4mmitett\u00e4v\u00e4 tilavuus 16 m\u00b3-25 m\u00b3. Uunin korkeus 81 cm. Kivim\u00e4\u00e4r\u00e4 50 kg.<br \/>\n<strong>Mitat l\u00f6ytyv\u00e4t\u00a0<a href=\"https:\/\/skamet.ee\/wp-content\/uploads\/2014\/03\/FIN-vaike.pdf\" target=\"_blank\" rel=\"noopener\">k\u00e4ytt\u00f6ohjeessa<\/a><\/strong><\/p>\n<p>&nbsp;<\/p>\n<table border=\"0\">\n<tbody>\n<tr>\n<td><b><strong>Vakiotuotteen parametrit:<\/strong>:<\/b><br \/>\n\u00bb\u00a0 lasiovi (330 x 330 mm);<br \/>\n\u00bb\u00a0 savuhormin yhdist\u00e4minen p\u00e4\u00e4lt\u00e4;<br \/>\n\u00bb \u00a0vedin ruostumaton;<br \/>\n\u00bb \u00a0oven saranat vasemmalla puolella;<br \/>\n\u00bb \u00a0p\u00e4\u00e4llystyksen v\u00e4ri musta tai yl\u00e4reuna ruostumaton;<br \/>\n\u00bb \u00a0kuumavesis\u00e4ili\u00f6n liitt\u00e4misen mahdollisuus (oikea, vasen, takaa) tai ilman.<\/td>\n<td><strong><b>Eri vaihtoehtoja<\/b>:<\/strong><br \/>\n\u00bb \u00a0ilman lasiovi;<br \/>\n\u00bb \u00a0saunauunin sis\u00e4lt\u00f6 k\u00e4\u00e4nnettyn\u00e4;<br \/>\n\u00bb \u00a0puinen kahva (kuten tavallista sauna uunit);<br \/>\n\u00bb \u00a0oven saranat oikealla puolella;<br \/>\n\u00bb \u00a0p\u00e4\u00e4llystys kokonaan punainen\/musta tai ruostumaton;<br \/>\n\u00bb \u00a0muihin mahdollisuuksiin voi tutustua<strong>\u00a0<\/strong><strong><a href=\"https:\/\/skamet.ee\/saunauunit\/saunauunien-erikoistilaukset?lang=fi\" target=\"_blank\" rel=\"noopener\">t\u00e4st\u00e4<\/a><\/strong><\/td>\n<\/tr>\n<\/tbody>\n<\/table>\n","protected":false},"excerpt":{"rendered":"<p>Saunauuni on ohjattu sein\u00e4n l\u00e4pi eli l\u00e4mmitys tapahtuu toisesta tilasta. L\u00e4piviennin pituus on 170 mm. Voidaan tilata sek\u00e4 pitempi ett\u00e4<\/p>\n","protected":false},"featured_media":40097,"template":"","meta":{"_lmt_disableupdate":"","_lmt_disable":""},"product_brand":[],"product_cat":[306,308],"product_tag":[],"class_list":{"0":"post-41171","1":"product","2":"type-product","3":"status-publish","4":"has-post-thumbnail","6":"product_cat-puukiuas-metallirungolla","7":"product_cat-toisesta-tilasta-lammitettavat","9":"first","10":"instock","11":"shipping-taxable","12":"product-type-simple"},"yoast_head":"<!-- This site is optimized with the Yoast SEO plugin v27.0 - https:\/\/yoast.com\/product\/yoast-seo-wordpress\/ -->\n<title>Toisesta tilasta l\u00e4mmitett\u00e4v\u00e4t - Skamet O\u00dc<\/title>\n<meta name=\"robots\" content=\"index, follow, max-snippet:-1, max-image-preview:large, max-video-preview:-1\" \/>\n<link rel=\"canonical\" href=\"https:\/\/www.skamet.ee\/fi\/tooted\/toisesta-tilasta-lammitettavat\/\" \/>\n<meta property=\"og:locale\" content=\"fi_FI\" \/>\n<meta property=\"og:type\" content=\"article\" \/>\n<meta property=\"og:title\" content=\"Toisesta tilasta l\u00e4mmitett\u00e4v\u00e4t - Skamet O\u00dc\" \/>\n<meta property=\"og:description\" content=\"Saunauuni on ohjattu sein\u00e4n l\u00e4pi eli l\u00e4mmitys tapahtuu toisesta tilasta. L\u00e4piviennin pituus on 170 mm. Voidaan tilata sek\u00e4 pitempi ett\u00e4\" \/>\n<meta property=\"og:url\" content=\"https:\/\/www.skamet.ee\/fi\/tooted\/toisesta-tilasta-lammitettavat\/\" \/>\n<meta property=\"og:site_name\" content=\"Skamet O\u00dc\" \/>\n<meta property=\"article:modified_time\" content=\"2021-05-20T09:12:19+00:00\" \/>\n<meta property=\"og:image\" content=\"https:\/\/www.skamet.ee\/wp-content\/uploads\/2021\/03\/JPG-683x1024.-200x300-1.jpeg\" \/>\n\t<meta property=\"og:image:width\" content=\"200\" \/>\n\t<meta property=\"og:image:height\" content=\"300\" \/>\n\t<meta property=\"og:image:type\" content=\"image\/jpeg\" \/>\n<meta name=\"twitter:card\" content=\"summary_large_image\" \/>\n<meta name=\"twitter:label1\" content=\"Arvioitu lukuaika\" \/>\n\t<meta name=\"twitter:data1\" content=\"3 minuuttia\" \/>\n<script type=\"application\/ld+json\" class=\"yoast-schema-graph\">{\"@context\":\"https:\/\/schema.org\",\"@graph\":[{\"@type\":\"WebPage\",\"@id\":\"https:\/\/www.skamet.ee\/fi\/tooted\/toisesta-tilasta-lammitettavat\/\",\"url\":\"https:\/\/www.skamet.ee\/fi\/tooted\/toisesta-tilasta-lammitettavat\/\",\"name\":\"Toisesta tilasta l\u00e4mmitett\u00e4v\u00e4t - Skamet O\u00dc\",\"isPartOf\":{\"@id\":\"https:\/\/www.skamet.ee\/#website\"},\"primaryImageOfPage\":{\"@id\":\"https:\/\/www.skamet.ee\/fi\/tooted\/toisesta-tilasta-lammitettavat\/#primaryimage\"},\"image\":{\"@id\":\"https:\/\/www.skamet.ee\/fi\/tooted\/toisesta-tilasta-lammitettavat\/#primaryimage\"},\"thumbnailUrl\":\"https:\/\/www.skamet.ee\/wp-content\/uploads\/2021\/03\/JPG-683x1024.-200x300-1.jpeg\",\"datePublished\":\"2021-05-10T07:14:24+00:00\",\"dateModified\":\"2021-05-20T09:12:19+00:00\",\"breadcrumb\":{\"@id\":\"https:\/\/www.skamet.ee\/fi\/tooted\/toisesta-tilasta-lammitettavat\/#breadcrumb\"},\"inLanguage\":\"fi\",\"potentialAction\":[{\"@type\":\"ReadAction\",\"target\":[\"https:\/\/www.skamet.ee\/fi\/tooted\/toisesta-tilasta-lammitettavat\/\"]}]},{\"@type\":\"ImageObject\",\"inLanguage\":\"fi\",\"@id\":\"https:\/\/www.skamet.ee\/fi\/tooted\/toisesta-tilasta-lammitettavat\/#primaryimage\",\"url\":\"https:\/\/www.skamet.ee\/wp-content\/uploads\/2021\/03\/JPG-683x1024.-200x300-1.jpeg\",\"contentUrl\":\"https:\/\/www.skamet.ee\/wp-content\/uploads\/2021\/03\/JPG-683x1024.-200x300-1.jpeg\",\"width\":200,\"height\":300,\"caption\":\"JPG 683x1024. 200x300 1\"},{\"@type\":\"BreadcrumbList\",\"@id\":\"https:\/\/www.skamet.ee\/fi\/tooted\/toisesta-tilasta-lammitettavat\/#breadcrumb\",\"itemListElement\":[{\"@type\":\"ListItem\",\"position\":1,\"name\":\"Home\",\"item\":\"https:\/\/www.skamet.ee\/fi\/\"},{\"@type\":\"ListItem\",\"position\":2,\"name\":\"Tuotteet\",\"item\":\"https:\/\/www.skamet.ee\/fi\/shop-2\/\"},{\"@type\":\"ListItem\",\"position\":3,\"name\":\"Toisesta tilasta l\u00e4mmitett\u00e4v\u00e4t\"}]},{\"@type\":\"WebSite\",\"@id\":\"https:\/\/www.skamet.ee\/#website\",\"url\":\"https:\/\/www.skamet.ee\/\",\"name\":\"Skamet O\u00dc\",\"description\":\"Efektiivsed puuk\u00fcttega saunaahjud Eesti tootjalt\",\"publisher\":{\"@id\":\"https:\/\/www.skamet.ee\/#organization\"},\"potentialAction\":[{\"@type\":\"SearchAction\",\"target\":{\"@type\":\"EntryPoint\",\"urlTemplate\":\"https:\/\/www.skamet.ee\/?s={search_term_string}\"},\"query-input\":{\"@type\":\"PropertyValueSpecification\",\"valueRequired\":true,\"valueName\":\"search_term_string\"}}],\"inLanguage\":\"fi\"},{\"@type\":\"Organization\",\"@id\":\"https:\/\/www.skamet.ee\/#organization\",\"name\":\"Skamet\",\"url\":\"https:\/\/www.skamet.ee\/\",\"logo\":{\"@type\":\"ImageObject\",\"inLanguage\":\"fi\",\"@id\":\"https:\/\/www.skamet.ee\/#\/schema\/logo\/image\/\",\"url\":\"https:\/\/www.skamet.ee\/wp-content\/uploads\/2015\/05\/logo-uus.png\",\"contentUrl\":\"https:\/\/www.skamet.ee\/wp-content\/uploads\/2015\/05\/logo-uus.png\",\"width\":300,\"height\":127,\"caption\":\"Skamet\"},\"image\":{\"@id\":\"https:\/\/www.skamet.ee\/#\/schema\/logo\/image\/\"}}]}<\/script>\n<!-- \/ Yoast SEO plugin. -->","yoast_head_json":{"title":"Toisesta tilasta l\u00e4mmitett\u00e4v\u00e4t - Skamet O\u00dc","robots":{"index":"index","follow":"follow","max-snippet":"max-snippet:-1","max-image-preview":"max-image-preview:large","max-video-preview":"max-video-preview:-1"},"canonical":"https:\/\/www.skamet.ee\/fi\/tooted\/toisesta-tilasta-lammitettavat\/","og_locale":"fi_FI","og_type":"article","og_title":"Toisesta tilasta l\u00e4mmitett\u00e4v\u00e4t - Skamet O\u00dc","og_description":"Saunauuni on ohjattu sein\u00e4n l\u00e4pi eli l\u00e4mmitys tapahtuu toisesta tilasta. L\u00e4piviennin pituus on 170 mm. Voidaan tilata sek\u00e4 pitempi ett\u00e4","og_url":"https:\/\/www.skamet.ee\/fi\/tooted\/toisesta-tilasta-lammitettavat\/","og_site_name":"Skamet O\u00dc","article_modified_time":"2021-05-20T09:12:19+00:00","og_image":[{"width":200,"height":300,"url":"https:\/\/www.skamet.ee\/wp-content\/uploads\/2021\/03\/JPG-683x1024.-200x300-1.jpeg","type":"image\/jpeg"}],"twitter_card":"summary_large_image","twitter_misc":{"Arvioitu lukuaika":"3 minuuttia"},"schema":{"@context":"https:\/\/schema.org","@graph":[{"@type":"WebPage","@id":"https:\/\/www.skamet.ee\/fi\/tooted\/toisesta-tilasta-lammitettavat\/","url":"https:\/\/www.skamet.ee\/fi\/tooted\/toisesta-tilasta-lammitettavat\/","name":"Toisesta tilasta l\u00e4mmitett\u00e4v\u00e4t - Skamet O\u00dc","isPartOf":{"@id":"https:\/\/www.skamet.ee\/#website"},"primaryImageOfPage":{"@id":"https:\/\/www.skamet.ee\/fi\/tooted\/toisesta-tilasta-lammitettavat\/#primaryimage"},"image":{"@id":"https:\/\/www.skamet.ee\/fi\/tooted\/toisesta-tilasta-lammitettavat\/#primaryimage"},"thumbnailUrl":"https:\/\/www.skamet.ee\/wp-content\/uploads\/2021\/03\/JPG-683x1024.-200x300-1.jpeg","datePublished":"2021-05-10T07:14:24+00:00","dateModified":"2021-05-20T09:12:19+00:00","breadcrumb":{"@id":"https:\/\/www.skamet.ee\/fi\/tooted\/toisesta-tilasta-lammitettavat\/#breadcrumb"},"inLanguage":"fi","potentialAction":[{"@type":"ReadAction","target":["https:\/\/www.skamet.ee\/fi\/tooted\/toisesta-tilasta-lammitettavat\/"]}]},{"@type":"ImageObject","inLanguage":"fi","@id":"https:\/\/www.skamet.ee\/fi\/tooted\/toisesta-tilasta-lammitettavat\/#primaryimage","url":"https:\/\/www.skamet.ee\/wp-content\/uploads\/2021\/03\/JPG-683x1024.-200x300-1.jpeg","contentUrl":"https:\/\/www.skamet.ee\/wp-content\/uploads\/2021\/03\/JPG-683x1024.-200x300-1.jpeg","width":200,"height":300,"caption":"JPG 683x1024. 200x300 1"},{"@type":"BreadcrumbList","@id":"https:\/\/www.skamet.ee\/fi\/tooted\/toisesta-tilasta-lammitettavat\/#breadcrumb","itemListElement":[{"@type":"ListItem","position":1,"name":"Home","item":"https:\/\/www.skamet.ee\/fi\/"},{"@type":"ListItem","position":2,"name":"Tuotteet","item":"https:\/\/www.skamet.ee\/fi\/shop-2\/"},{"@type":"ListItem","position":3,"name":"Toisesta tilasta l\u00e4mmitett\u00e4v\u00e4t"}]},{"@type":"WebSite","@id":"https:\/\/www.skamet.ee\/#website","url":"https:\/\/www.skamet.ee\/","name":"Skamet O\u00dc","description":"Efektiivsed puuk\u00fcttega saunaahjud Eesti tootjalt","publisher":{"@id":"https:\/\/www.skamet.ee\/#organization"},"potentialAction":[{"@type":"SearchAction","target":{"@type":"EntryPoint","urlTemplate":"https:\/\/www.skamet.ee\/?s={search_term_string}"},"query-input":{"@type":"PropertyValueSpecification","valueRequired":true,"valueName":"search_term_string"}}],"inLanguage":"fi"},{"@type":"Organization","@id":"https:\/\/www.skamet.ee\/#organization","name":"Skamet","url":"https:\/\/www.skamet.ee\/","logo":{"@type":"ImageObject","inLanguage":"fi","@id":"https:\/\/www.skamet.ee\/#\/schema\/logo\/image\/","url":"https:\/\/www.skamet.ee\/wp-content\/uploads\/2015\/05\/logo-uus.png","contentUrl":"https:\/\/www.skamet.ee\/wp-content\/uploads\/2015\/05\/logo-uus.png","width":300,"height":127,"caption":"Skamet"},"image":{"@id":"https:\/\/www.skamet.ee\/#\/schema\/logo\/image\/"}}]}},"_links":{"self":[{"href":"https:\/\/www.skamet.ee\/fi\/wp-json\/wp\/v2\/product\/41171","targetHints":{"allow":["GET"]}}],"collection":[{"href":"https:\/\/www.skamet.ee\/fi\/wp-json\/wp\/v2\/product"}],"about":[{"href":"https:\/\/www.skamet.ee\/fi\/wp-json\/wp\/v2\/types\/product"}],"version-history":[{"count":1,"href":"https:\/\/www.skamet.ee\/fi\/wp-json\/wp\/v2\/product\/41171\/revisions"}],"predecessor-version":[{"id":41172,"href":"https:\/\/www.skamet.ee\/fi\/wp-json\/wp\/v2\/product\/41171\/revisions\/41172"}],"wp:featuredmedia":[{"embeddable":true,"href":"https:\/\/www.skamet.ee\/fi\/wp-json\/wp\/v2\/media\/40097"}],"wp:attachment":[{"href":"https:\/\/www.skamet.ee\/fi\/wp-json\/wp\/v2\/media?parent=41171"}],"wp:term":[{"taxonomy":"product_brand","embeddable":true,"href":"https:\/\/www.skamet.ee\/fi\/wp-json\/wp\/v2\/product_brand?post=41171"},{"taxonomy":"product_cat","embeddable":true,"href":"https:\/\/www.skamet.ee\/fi\/wp-json\/wp\/v2\/product_cat?post=41171"},{"taxonomy":"product_tag","embeddable":true,"href":"https:\/\/www.skamet.ee\/fi\/wp-json\/wp\/v2\/product_tag?post=41171"}],"curies":[{"name":"wp","href":"https:\/\/api.w.org\/{rel}","templated":true}]}}