{"id":41173,"date":"2021-05-10T10:15:14","date_gmt":"2021-05-10T07:15:14","guid":{"rendered":"https:\/\/uus.skamet.ee\/?post_type=product&#038;p=41173"},"modified":"2021-05-19T08:20:02","modified_gmt":"2021-05-19T05:20:02","slug":"puukiuas-verkkorungolla","status":"publish","type":"product","link":"https:\/\/www.skamet.ee\/fi\/tooted\/puukiuas-verkkorungolla\/","title":{"rendered":"Puukiuas verkkorungolla"},"content":{"rendered":"<p>Verkkorungolla puukiuas olemme valmistaneet vuoden 2006 keskelt\u00e4. Mik\u00e4li saunalauteiden ja mallin mittojen mukaan valitaan oikea puukiuas (ilman kuumavesis\u00e4ili\u00f6t\u00e4), on l\u00e4mmitysaika noin 60-90 minuuttia (kuumavesis\u00e4ili\u00f6ll\u00e4 aika pitenee koon mukaan). Sill\u00e4 pit\u00e4isi onnistua 100-asteen saavuttaminen lauteilla. T\u00e4rke\u00e4 on my\u00f6s oikea tuloilman j\u00e4rjest\u00e4minen sek\u00e4 poistoilman poistuminen<b>.<\/b><\/p>\n<ul>\n<li><a href=\"https:\/\/skamet.ee\/saunauunit\/saunauuni-metallirungolla?lang=fi\" target=\"_blank\" rel=\"noopener\">Puukiuas metallirungolla<\/a><\/li>\n<li><a href=\"https:\/\/skamet.ee\/saunauunit\/saunauunien-erikoistilaukset?lang=fi\" target=\"_blank\" rel=\"noopener\">Puukiuas erikoistilaukset<\/a><\/li>\n<li><a href=\"https:\/\/skamet.ee\/saunauunit\/saunauunien-lisatarvikkeet?lang=fi\" target=\"_blank\" rel=\"noopener\">Puukiuas lis\u00e4tarvikkeet<\/a><\/li>\n<\/ul>\n","protected":false},"excerpt":{"rendered":"<p>Verkkorungolla puukiuas olemme valmistaneet vuoden 2006 keskelt\u00e4. Mik\u00e4li saunalauteiden ja mallin mittojen mukaan valitaan oikea puukiuas (ilman kuumavesis\u00e4ili\u00f6t\u00e4), on l\u00e4mmitysaika<\/p>\n","protected":false},"featured_media":40901,"template":"","meta":{"_lmt_disableupdate":"","_lmt_disable":""},"product_brand":[],"product_cat":[311,305],"product_tag":[],"class_list":{"0":"post-41173","1":"product","2":"type-product","3":"status-publish","4":"has-post-thumbnail","6":"product_cat-puukiuas-verkkorungolla","7":"product_cat-puukiuas","9":"first","10":"instock","11":"shipping-taxable","12":"product-type-simple"},"yoast_head":"<!-- This site is optimized with the Yoast SEO plugin v27.0 - https:\/\/yoast.com\/product\/yoast-seo-wordpress\/ -->\n<title>Puukiuas verkkorungolla - Skamet O\u00dc<\/title>\n<meta name=\"robots\" content=\"index, follow, max-snippet:-1, max-image-preview:large, max-video-preview:-1\" \/>\n<link rel=\"canonical\" href=\"https:\/\/www.skamet.ee\/fi\/tooted\/puukiuas-verkkorungolla\/\" \/>\n<meta property=\"og:locale\" content=\"fi_FI\" \/>\n<meta property=\"og:type\" content=\"article\" \/>\n<meta property=\"og:title\" content=\"Puukiuas verkkorungolla - Skamet O\u00dc\" \/>\n<meta property=\"og:description\" content=\"Verkkorungolla puukiuas olemme valmistaneet vuoden 2006 keskelt\u00e4. Mik\u00e4li saunalauteiden ja mallin mittojen mukaan valitaan oikea puukiuas (ilman kuumavesis\u00e4ili\u00f6t\u00e4), on l\u00e4mmitysaika\" \/>\n<meta property=\"og:url\" content=\"https:\/\/www.skamet.ee\/fi\/tooted\/puukiuas-verkkorungolla\/\" \/>\n<meta property=\"og:site_name\" content=\"Skamet O\u00dc\" \/>\n<meta property=\"article:modified_time\" content=\"2021-05-19T05:20:02+00:00\" \/>\n<meta property=\"og:image\" content=\"https:\/\/www.skamet.ee\/wp-content\/uploads\/2021\/04\/STY-216-GL-scaled.jpg\" \/>\n\t<meta property=\"og:image:width\" content=\"1708\" \/>\n\t<meta property=\"og:image:height\" content=\"2560\" \/>\n\t<meta property=\"og:image:type\" content=\"image\/jpeg\" \/>\n<meta name=\"twitter:card\" content=\"summary_large_image\" \/>\n<meta name=\"twitter:label1\" content=\"Arvioitu lukuaika\" \/>\n\t<meta name=\"twitter:data1\" content=\"1 minuutti\" \/>\n<script type=\"application\/ld+json\" class=\"yoast-schema-graph\">{\"@context\":\"https:\/\/schema.org\",\"@graph\":[{\"@type\":\"WebPage\",\"@id\":\"https:\/\/www.skamet.ee\/fi\/tooted\/puukiuas-verkkorungolla\/\",\"url\":\"https:\/\/www.skamet.ee\/fi\/tooted\/puukiuas-verkkorungolla\/\",\"name\":\"Puukiuas verkkorungolla - Skamet O\u00dc\",\"isPartOf\":{\"@id\":\"https:\/\/www.skamet.ee\/#website\"},\"primaryImageOfPage\":{\"@id\":\"https:\/\/www.skamet.ee\/fi\/tooted\/puukiuas-verkkorungolla\/#primaryimage\"},\"image\":{\"@id\":\"https:\/\/www.skamet.ee\/fi\/tooted\/puukiuas-verkkorungolla\/#primaryimage\"},\"thumbnailUrl\":\"https:\/\/www.skamet.ee\/wp-content\/uploads\/2021\/04\/STY-216-GL-scaled.jpg\",\"datePublished\":\"2021-05-10T07:15:14+00:00\",\"dateModified\":\"2021-05-19T05:20:02+00:00\",\"breadcrumb\":{\"@id\":\"https:\/\/www.skamet.ee\/fi\/tooted\/puukiuas-verkkorungolla\/#breadcrumb\"},\"inLanguage\":\"fi\",\"potentialAction\":[{\"@type\":\"ReadAction\",\"target\":[\"https:\/\/www.skamet.ee\/fi\/tooted\/puukiuas-verkkorungolla\/\"]}]},{\"@type\":\"ImageObject\",\"inLanguage\":\"fi\",\"@id\":\"https:\/\/www.skamet.ee\/fi\/tooted\/puukiuas-verkkorungolla\/#primaryimage\",\"url\":\"https:\/\/www.skamet.ee\/wp-content\/uploads\/2021\/04\/STY-216-GL-scaled.jpg\",\"contentUrl\":\"https:\/\/www.skamet.ee\/wp-content\/uploads\/2021\/04\/STY-216-GL-scaled.jpg\",\"width\":1708,\"height\":2560,\"caption\":\"STY 216 GL scaled\"},{\"@type\":\"BreadcrumbList\",\"@id\":\"https:\/\/www.skamet.ee\/fi\/tooted\/puukiuas-verkkorungolla\/#breadcrumb\",\"itemListElement\":[{\"@type\":\"ListItem\",\"position\":1,\"name\":\"Home\",\"item\":\"https:\/\/www.skamet.ee\/fi\/\"},{\"@type\":\"ListItem\",\"position\":2,\"name\":\"Tuotteet\",\"item\":\"https:\/\/www.skamet.ee\/fi\/shop-2\/\"},{\"@type\":\"ListItem\",\"position\":3,\"name\":\"Puukiuas verkkorungolla\"}]},{\"@type\":\"WebSite\",\"@id\":\"https:\/\/www.skamet.ee\/#website\",\"url\":\"https:\/\/www.skamet.ee\/\",\"name\":\"Skamet O\u00dc\",\"description\":\"Efektiivsed puuk\u00fcttega saunaahjud Eesti tootjalt\",\"publisher\":{\"@id\":\"https:\/\/www.skamet.ee\/#organization\"},\"potentialAction\":[{\"@type\":\"SearchAction\",\"target\":{\"@type\":\"EntryPoint\",\"urlTemplate\":\"https:\/\/www.skamet.ee\/?s={search_term_string}\"},\"query-input\":{\"@type\":\"PropertyValueSpecification\",\"valueRequired\":true,\"valueName\":\"search_term_string\"}}],\"inLanguage\":\"fi\"},{\"@type\":\"Organization\",\"@id\":\"https:\/\/www.skamet.ee\/#organization\",\"name\":\"Skamet\",\"url\":\"https:\/\/www.skamet.ee\/\",\"logo\":{\"@type\":\"ImageObject\",\"inLanguage\":\"fi\",\"@id\":\"https:\/\/www.skamet.ee\/#\/schema\/logo\/image\/\",\"url\":\"https:\/\/www.skamet.ee\/wp-content\/uploads\/2015\/05\/logo-uus.png\",\"contentUrl\":\"https:\/\/www.skamet.ee\/wp-content\/uploads\/2015\/05\/logo-uus.png\",\"width\":300,\"height\":127,\"caption\":\"Skamet\"},\"image\":{\"@id\":\"https:\/\/www.skamet.ee\/#\/schema\/logo\/image\/\"}}]}<\/script>\n<!-- \/ Yoast SEO plugin. -->","yoast_head_json":{"title":"Puukiuas verkkorungolla - Skamet O\u00dc","robots":{"index":"index","follow":"follow","max-snippet":"max-snippet:-1","max-image-preview":"max-image-preview:large","max-video-preview":"max-video-preview:-1"},"canonical":"https:\/\/www.skamet.ee\/fi\/tooted\/puukiuas-verkkorungolla\/","og_locale":"fi_FI","og_type":"article","og_title":"Puukiuas verkkorungolla - Skamet O\u00dc","og_description":"Verkkorungolla puukiuas olemme valmistaneet vuoden 2006 keskelt\u00e4. Mik\u00e4li saunalauteiden ja mallin mittojen mukaan valitaan oikea puukiuas (ilman kuumavesis\u00e4ili\u00f6t\u00e4), on l\u00e4mmitysaika","og_url":"https:\/\/www.skamet.ee\/fi\/tooted\/puukiuas-verkkorungolla\/","og_site_name":"Skamet O\u00dc","article_modified_time":"2021-05-19T05:20:02+00:00","og_image":[{"width":1708,"height":2560,"url":"https:\/\/www.skamet.ee\/wp-content\/uploads\/2021\/04\/STY-216-GL-scaled.jpg","type":"image\/jpeg"}],"twitter_card":"summary_large_image","twitter_misc":{"Arvioitu lukuaika":"1 minuutti"},"schema":{"@context":"https:\/\/schema.org","@graph":[{"@type":"WebPage","@id":"https:\/\/www.skamet.ee\/fi\/tooted\/puukiuas-verkkorungolla\/","url":"https:\/\/www.skamet.ee\/fi\/tooted\/puukiuas-verkkorungolla\/","name":"Puukiuas verkkorungolla - Skamet O\u00dc","isPartOf":{"@id":"https:\/\/www.skamet.ee\/#website"},"primaryImageOfPage":{"@id":"https:\/\/www.skamet.ee\/fi\/tooted\/puukiuas-verkkorungolla\/#primaryimage"},"image":{"@id":"https:\/\/www.skamet.ee\/fi\/tooted\/puukiuas-verkkorungolla\/#primaryimage"},"thumbnailUrl":"https:\/\/www.skamet.ee\/wp-content\/uploads\/2021\/04\/STY-216-GL-scaled.jpg","datePublished":"2021-05-10T07:15:14+00:00","dateModified":"2021-05-19T05:20:02+00:00","breadcrumb":{"@id":"https:\/\/www.skamet.ee\/fi\/tooted\/puukiuas-verkkorungolla\/#breadcrumb"},"inLanguage":"fi","potentialAction":[{"@type":"ReadAction","target":["https:\/\/www.skamet.ee\/fi\/tooted\/puukiuas-verkkorungolla\/"]}]},{"@type":"ImageObject","inLanguage":"fi","@id":"https:\/\/www.skamet.ee\/fi\/tooted\/puukiuas-verkkorungolla\/#primaryimage","url":"https:\/\/www.skamet.ee\/wp-content\/uploads\/2021\/04\/STY-216-GL-scaled.jpg","contentUrl":"https:\/\/www.skamet.ee\/wp-content\/uploads\/2021\/04\/STY-216-GL-scaled.jpg","width":1708,"height":2560,"caption":"STY 216 GL scaled"},{"@type":"BreadcrumbList","@id":"https:\/\/www.skamet.ee\/fi\/tooted\/puukiuas-verkkorungolla\/#breadcrumb","itemListElement":[{"@type":"ListItem","position":1,"name":"Home","item":"https:\/\/www.skamet.ee\/fi\/"},{"@type":"ListItem","position":2,"name":"Tuotteet","item":"https:\/\/www.skamet.ee\/fi\/shop-2\/"},{"@type":"ListItem","position":3,"name":"Puukiuas verkkorungolla"}]},{"@type":"WebSite","@id":"https:\/\/www.skamet.ee\/#website","url":"https:\/\/www.skamet.ee\/","name":"Skamet O\u00dc","description":"Efektiivsed puuk\u00fcttega saunaahjud Eesti tootjalt","publisher":{"@id":"https:\/\/www.skamet.ee\/#organization"},"potentialAction":[{"@type":"SearchAction","target":{"@type":"EntryPoint","urlTemplate":"https:\/\/www.skamet.ee\/?s={search_term_string}"},"query-input":{"@type":"PropertyValueSpecification","valueRequired":true,"valueName":"search_term_string"}}],"inLanguage":"fi"},{"@type":"Organization","@id":"https:\/\/www.skamet.ee\/#organization","name":"Skamet","url":"https:\/\/www.skamet.ee\/","logo":{"@type":"ImageObject","inLanguage":"fi","@id":"https:\/\/www.skamet.ee\/#\/schema\/logo\/image\/","url":"https:\/\/www.skamet.ee\/wp-content\/uploads\/2015\/05\/logo-uus.png","contentUrl":"https:\/\/www.skamet.ee\/wp-content\/uploads\/2015\/05\/logo-uus.png","width":300,"height":127,"caption":"Skamet"},"image":{"@id":"https:\/\/www.skamet.ee\/#\/schema\/logo\/image\/"}}]}},"_links":{"self":[{"href":"https:\/\/www.skamet.ee\/fi\/wp-json\/wp\/v2\/product\/41173","targetHints":{"allow":["GET"]}}],"collection":[{"href":"https:\/\/www.skamet.ee\/fi\/wp-json\/wp\/v2\/product"}],"about":[{"href":"https:\/\/www.skamet.ee\/fi\/wp-json\/wp\/v2\/types\/product"}],"version-history":[{"count":1,"href":"https:\/\/www.skamet.ee\/fi\/wp-json\/wp\/v2\/product\/41173\/revisions"}],"predecessor-version":[{"id":41174,"href":"https:\/\/www.skamet.ee\/fi\/wp-json\/wp\/v2\/product\/41173\/revisions\/41174"}],"wp:featuredmedia":[{"embeddable":true,"href":"https:\/\/www.skamet.ee\/fi\/wp-json\/wp\/v2\/media\/40901"}],"wp:attachment":[{"href":"https:\/\/www.skamet.ee\/fi\/wp-json\/wp\/v2\/media?parent=41173"}],"wp:term":[{"taxonomy":"product_brand","embeddable":true,"href":"https:\/\/www.skamet.ee\/fi\/wp-json\/wp\/v2\/product_brand?post=41173"},{"taxonomy":"product_cat","embeddable":true,"href":"https:\/\/www.skamet.ee\/fi\/wp-json\/wp\/v2\/product_cat?post=41173"},{"taxonomy":"product_tag","embeddable":true,"href":"https:\/\/www.skamet.ee\/fi\/wp-json\/wp\/v2\/product_tag?post=41173"}],"curies":[{"name":"wp","href":"https:\/\/api.w.org\/{rel}","templated":true}]}}