{"id":41175,"date":"2021-05-10T10:16:38","date_gmt":"2021-05-10T07:16:38","guid":{"rendered":"https:\/\/uus.skamet.ee\/?post_type=product&#038;p=41175"},"modified":"2021-05-20T12:14:17","modified_gmt":"2021-05-20T09:14:17","slug":"samasta-tilasta-lammitettavat-2","status":"publish","type":"product","link":"https:\/\/www.skamet.ee\/fi\/tooted\/samasta-tilasta-lammitettavat-2\/","title":{"rendered":"Samasta tilasta l\u00e4mmitett\u00e4v\u00e4t"},"content":{"rendered":"<p>L\u00e4mmitys tapahtuu l\u00f6ylyhuoneesta. Vakiosaunauuneilla on savuhormiin yhdist\u00e4misen mahdollisuus ainoastaan p\u00e4\u00e4lt\u00e4, takasein\u00e4n puolelta. Voidaan tilata sek\u00e4 takasein\u00e4st\u00e4 savuhormiin liitett\u00e4vi\u00e4 ett\u00e4 k\u00e4\u00e4nnetyll\u00e4 sis\u00e4ll\u00f6ll\u00e4 \u2013 eli savuputken kytkeminen tapahtuu ainoastaan p\u00e4\u00e4lt\u00e4, oven puolelta.<\/p>\n<div class=\"dywp-alert grey\"><b>Kulmikkaalla verkkorungolla<\/b><\/div>\n<p><strong>Valmistetaan kahta erimittaista saunauunityyppi\u00e4:<\/strong><\/p>\n<p>Pienempi kiuas (<strong>malli S-116<\/strong>), jonka l\u00e4mmitett\u00e4v\u00e4 tilavuus 8 m\u00b3-18 m\u00b3. Uunin korkeus 81 cm. Kivim\u00e4\u00e4r\u00e4 190 kg.<br \/>\nSuurempi kiuas (<strong>malli S-120<\/strong>), jonka l\u00e4mmitett\u00e4v\u00e4 tilavuus 16 m\u00b3-25 m\u00b3. Uunin korkeus 86 cm. Kivim\u00e4\u00e4r\u00e4 160 kg.<br \/>\n<strong>Mitat l\u00f6ytyv\u00e4t\u00a0<a href=\"https:\/\/skamet.ee\/wp-content\/uploads\/2014\/03\/FIN-vaike.pdf\" target=\"_blank\" rel=\"noopener\">k\u00e4ytt\u00f6ohjeessa<\/a><\/strong><\/p>\n<p>&nbsp;<\/p>\n<div id=\"unitegallery_16_1\" class=\"unite-gallery ug-gallery-wrapper ug-under-480 ug-theme-carousel\">\n<div class=\"ug-carousel-wrapper\">\n<div class=\"ug-carousel-inner\">\n<div class=\"ug-thumb-wrapper ug-tile ug-tile-clickable cloned\">\n<div class=\"ug-thumb-overlay\">\n<div class=\"ug-tile-icon ug-button-play ug-icon-zoom\"><\/div>\n<\/div>\n<p><img decoding=\"async\" class=\"ug-thumb-image ug-trans-enabled\" src=\"https:\/\/skamet.ee\/wp-content\/uploads\/2016\/01\/S-116-S-120-S-200x300.jpg\" alt=\"S-116; S-120 (S)\" \/><\/div>\n<div class=\"ug-thumb-wrapper ug-tile ug-tile-clickable cloned\">\n<div class=\"ug-thumb-overlay\">\n<div class=\"ug-tile-icon ug-button-play ug-icon-zoom\"><\/div>\n<\/div>\n<p><img decoding=\"async\" class=\"ug-thumb-image ug-trans-enabled\" src=\"https:\/\/skamet.ee\/wp-content\/uploads\/2016\/01\/S-116-S-120-200x300.jpg\" alt=\"S-116; S-120\" \/><\/div>\n<div class=\"ug-thumb-wrapper ug-tile ug-tile-clickable cloned\">\n<div class=\"ug-thumb-overlay\">\n<div class=\"ug-tile-icon ug-button-play ug-icon-zoom\"><\/div>\n<\/div>\n<\/div>\n<div class=\"ug-thumb-wrapper ug-tile ug-tile-clickable cloned\">\n<div class=\"ug-thumb-overlay\">\n<div class=\"ug-tile-icon ug-button-play ug-icon-zoom\"><\/div>\n<\/div>\n<\/div>\n<div class=\"ug-thumb-wrapper ug-tile ug-tile-clickable cloned\">\n<div class=\"ug-thumb-overlay\">\n<div class=\"ug-tile-icon ug-button-play ug-icon-zoom\"><\/div>\n<\/div>\n<p><img decoding=\"async\" class=\"ug-thumb-image ug-trans-enabled\" src=\"https:\/\/skamet.ee\/wp-content\/uploads\/2016\/02\/S-116..-300x200.jpg\" alt=\"S-116..\" \/><\/div>\n<div class=\"ug-thumb-wrapper ug-tile ug-tile-clickable ug-thumb-ratio-set\">\n<div class=\"ug-thumb-overlay\">\n<div class=\"ug-tile-icon ug-button-play ug-icon-zoom\"><\/div>\n<\/div>\n<\/div>\n<div class=\"ug-thumb-wrapper ug-tile ug-tile-clickable ug-thumb-ratio-set\">\n<div class=\"ug-thumb-overlay\"><\/div>\n<\/div>\n<\/div>\n<\/div>\n<\/div>\n<p>&nbsp;<\/p>\n<table border=\"0\">\n<tbody>\n<tr>\n<td><strong><b>Vakiotuotteen parametrit<\/b>:<\/strong><br \/>\n\u00bb\u00a0 lasiovi (230 x 230 mm) tai ilman;<br \/>\n\u00bb\u00a0 savuhormin yhdist\u00e4minen p\u00e4\u00e4lt\u00e4;<br \/>\n\u00bb\u00a0 oven saranat vasemmalla puolella;<br \/>\n\u00bb \u00a0puukiuas maalattu kuumankest\u00e4v\u00e4ll\u00e4 maalilla;<br \/>\n\u00bb\u00a0 kuumavesis\u00e4ili\u00f6n liitt\u00e4misen mahdollisuus (oikea, vasen, takaa) tai ilman.<\/td>\n<td><strong><b>Eri vaihtoehtoja<\/b>:<\/strong><br \/>\n\u00bb\u00a0 vedin ruostumaton (sama kuin takkaovella uunilla);<br \/>\n\u00bb\u00a0 savuhormin yhdist\u00e4minen takaa;<br \/>\n\u00bb \u00a0puukiuas sis\u00e4lt\u00f6 k\u00e4\u00e4nnettyn\u00e4;<br \/>\n\u00bb\u00a0 oven saranat oikealla puolella;<br \/>\n\u00bb\u00a0 muihin mahdollisuuksiin voi tutustua\u00a0<a href=\"https:\/\/skamet.ee\/saunauunit\/saunauunien-erikoistilaukset?lang=fi&amp;lang=fi\" target=\"_blank\" rel=\"noopener\"><strong>t\u00e4st\u00e4<\/strong><\/a><\/td>\n<\/tr>\n<\/tbody>\n<\/table>\n<h2><\/h2>\n<div class=\"dywp-alert grey\">\u00a0<b>Py\u00f6re\u00e4ll\u00e4 verkkorungolla<\/b><\/div>\n<p><strong>Valmistetaan kahta erimittaista saunauunityyppi\u00e4:<\/strong><\/p>\n<p>Pienempi kiuas (<strong>malli SY-116<\/strong>), jonka l\u00e4mmitett\u00e4v\u00e4 tilavuus 8 m\u00b3-18 m\u00b3. Uunin korkeus 81 cm. Kivim\u00e4\u00e4r\u00e4 140 kg.<br \/>\nSuurempi kiuas (<strong>malli SY-120<\/strong>), jonka l\u00e4mmitett\u00e4v\u00e4 tilavuus 16 m\u00b3-25 m\u00b3. Uunin korkeus 86 cm. Kivim\u00e4\u00e4r\u00e4 110 kg.<br \/>\n<strong>Mitat l\u00f6ytyv\u00e4t k<a href=\"https:\/\/skamet.ee\/wp-content\/uploads\/2014\/03\/FIN-vaike.pdf\" target=\"_blank\" rel=\"noopener\">\u00e4ytt\u00f6ohjeessa<\/a><\/strong><\/p>\n<div id=\"unitegallery_17_2\" class=\"unite-gallery ug-gallery-wrapper ug-under-480 ug-theme-carousel\">\n<div class=\"ug-carousel-wrapper\">\n<div class=\"ug-carousel-inner\"><\/div>\n<\/div>\n<\/div>\n<p>&nbsp;<\/p>\n<table border=\"0\">\n<tbody>\n<tr>\n<td><strong><b>Vakiotuotteen parametrit<\/b>:<\/strong><br \/>\n\u00bb\u00a0 lasiovi (230 x 230 mm) tai ilman;<br \/>\n\u00bb\u00a0 savuhormin yhdist\u00e4minen p\u00e4\u00e4lt\u00e4;<br \/>\n\u00bb \u00a0verkkorungon halkaisija 56 cm;<br \/>\n\u00bb\u00a0 oven saranat vasemmalla puolella;<br \/>\n\u00bb\u00a0 kuumavesis\u00e4ili\u00f6n liitt\u00e4misen mahdollisuus (oikea, vasen, takaa) tai ilman.<\/td>\n<td><strong><b>Eri vaihtoehtoja<\/b>:<\/strong><br \/>\n\u00bb\u00a0 vedin ruostumaton (sama kuin takkaovella uunilla);<br \/>\n\u00bb\u00a0 savuhormin yhdist\u00e4minen takaa;<br \/>\n\u00bb \u00a0puukiuas sis\u00e4lt\u00f6 k\u00e4\u00e4nnettyn\u00e4;<br \/>\n\u00bb\u00a0 oven saranat oikealla puolella;<br \/>\n\u00bb\u00a0 muihin mahdollisuuksiin voi tutustua\u00a0<strong><a href=\"https:\/\/skamet.ee\/saunauunit\/saunauunien-erikoistilaukset?lang=fi&amp;lang=fi\" target=\"_blank\" rel=\"noopener\">t\u00e4st\u00e4<\/a><\/strong><\/td>\n<\/tr>\n<\/tbody>\n<\/table>\n","protected":false},"excerpt":{"rendered":"<p>L\u00e4mmitys tapahtuu l\u00f6ylyhuoneesta. Vakiosaunauuneilla on savuhormiin yhdist\u00e4misen mahdollisuus ainoastaan p\u00e4\u00e4lt\u00e4, takasein\u00e4n puolelta. Voidaan tilata sek\u00e4 takasein\u00e4st\u00e4 savuhormiin liitett\u00e4vi\u00e4 ett\u00e4 k\u00e4\u00e4nnetyll\u00e4<\/p>\n","protected":false},"featured_media":40490,"template":"","meta":{"_lmt_disableupdate":"","_lmt_disable":""},"product_brand":[],"product_cat":[311,312],"product_tag":[],"class_list":{"0":"post-41175","1":"product","2":"type-product","3":"status-publish","4":"has-post-thumbnail","6":"product_cat-puukiuas-verkkorungolla","7":"product_cat-samasta-tilasta-lammitettavat-fi","9":"first","10":"instock","11":"shipping-taxable","12":"product-type-simple"},"yoast_head":"<!-- This site is optimized with the Yoast SEO plugin v27.0 - https:\/\/yoast.com\/product\/yoast-seo-wordpress\/ -->\n<title>Samasta tilasta l\u00e4mmitett\u00e4v\u00e4t - Skamet O\u00dc<\/title>\n<meta name=\"robots\" content=\"index, follow, max-snippet:-1, max-image-preview:large, max-video-preview:-1\" \/>\n<link rel=\"canonical\" href=\"https:\/\/www.skamet.ee\/fi\/tooted\/samasta-tilasta-lammitettavat-2\/\" \/>\n<meta property=\"og:locale\" content=\"fi_FI\" \/>\n<meta property=\"og:type\" content=\"article\" \/>\n<meta property=\"og:title\" content=\"Samasta tilasta l\u00e4mmitett\u00e4v\u00e4t - Skamet O\u00dc\" \/>\n<meta property=\"og:description\" content=\"L\u00e4mmitys tapahtuu l\u00f6ylyhuoneesta. Vakiosaunauuneilla on savuhormiin yhdist\u00e4misen mahdollisuus ainoastaan p\u00e4\u00e4lt\u00e4, takasein\u00e4n puolelta. Voidaan tilata sek\u00e4 takasein\u00e4st\u00e4 savuhormiin liitett\u00e4vi\u00e4 ett\u00e4 k\u00e4\u00e4nnetyll\u00e4\" \/>\n<meta property=\"og:url\" content=\"https:\/\/www.skamet.ee\/fi\/tooted\/samasta-tilasta-lammitettavat-2\/\" \/>\n<meta property=\"og:site_name\" content=\"Skamet O\u00dc\" \/>\n<meta property=\"article:modified_time\" content=\"2021-05-20T09:14:17+00:00\" \/>\n<meta property=\"og:image\" content=\"https:\/\/www.skamet.ee\/wp-content\/uploads\/2021\/03\/S-116-S-120-S-200x300-1.jpg\" \/>\n\t<meta property=\"og:image:width\" content=\"200\" \/>\n\t<meta property=\"og:image:height\" content=\"300\" \/>\n\t<meta property=\"og:image:type\" content=\"image\/jpeg\" \/>\n<meta name=\"twitter:card\" content=\"summary_large_image\" \/>\n<meta name=\"twitter:label1\" content=\"Arvioitu lukuaika\" \/>\n\t<meta name=\"twitter:data1\" content=\"2 minuuttia\" \/>\n<script type=\"application\/ld+json\" class=\"yoast-schema-graph\">{\"@context\":\"https:\/\/schema.org\",\"@graph\":[{\"@type\":\"WebPage\",\"@id\":\"https:\/\/www.skamet.ee\/fi\/tooted\/samasta-tilasta-lammitettavat-2\/\",\"url\":\"https:\/\/www.skamet.ee\/fi\/tooted\/samasta-tilasta-lammitettavat-2\/\",\"name\":\"Samasta tilasta l\u00e4mmitett\u00e4v\u00e4t - Skamet O\u00dc\",\"isPartOf\":{\"@id\":\"https:\/\/www.skamet.ee\/#website\"},\"primaryImageOfPage\":{\"@id\":\"https:\/\/www.skamet.ee\/fi\/tooted\/samasta-tilasta-lammitettavat-2\/#primaryimage\"},\"image\":{\"@id\":\"https:\/\/www.skamet.ee\/fi\/tooted\/samasta-tilasta-lammitettavat-2\/#primaryimage\"},\"thumbnailUrl\":\"https:\/\/www.skamet.ee\/wp-content\/uploads\/2021\/03\/S-116-S-120-S-200x300-1.jpg\",\"datePublished\":\"2021-05-10T07:16:38+00:00\",\"dateModified\":\"2021-05-20T09:14:17+00:00\",\"breadcrumb\":{\"@id\":\"https:\/\/www.skamet.ee\/fi\/tooted\/samasta-tilasta-lammitettavat-2\/#breadcrumb\"},\"inLanguage\":\"fi\",\"potentialAction\":[{\"@type\":\"ReadAction\",\"target\":[\"https:\/\/www.skamet.ee\/fi\/tooted\/samasta-tilasta-lammitettavat-2\/\"]}]},{\"@type\":\"ImageObject\",\"inLanguage\":\"fi\",\"@id\":\"https:\/\/www.skamet.ee\/fi\/tooted\/samasta-tilasta-lammitettavat-2\/#primaryimage\",\"url\":\"https:\/\/www.skamet.ee\/wp-content\/uploads\/2021\/03\/S-116-S-120-S-200x300-1.jpg\",\"contentUrl\":\"https:\/\/www.skamet.ee\/wp-content\/uploads\/2021\/03\/S-116-S-120-S-200x300-1.jpg\",\"width\":200,\"height\":300,\"caption\":\"S 116 S 120 S 200x300 1\"},{\"@type\":\"BreadcrumbList\",\"@id\":\"https:\/\/www.skamet.ee\/fi\/tooted\/samasta-tilasta-lammitettavat-2\/#breadcrumb\",\"itemListElement\":[{\"@type\":\"ListItem\",\"position\":1,\"name\":\"Home\",\"item\":\"https:\/\/www.skamet.ee\/fi\/\"},{\"@type\":\"ListItem\",\"position\":2,\"name\":\"Tuotteet\",\"item\":\"https:\/\/www.skamet.ee\/fi\/shop-2\/\"},{\"@type\":\"ListItem\",\"position\":3,\"name\":\"Samasta tilasta l\u00e4mmitett\u00e4v\u00e4t\"}]},{\"@type\":\"WebSite\",\"@id\":\"https:\/\/www.skamet.ee\/#website\",\"url\":\"https:\/\/www.skamet.ee\/\",\"name\":\"Skamet O\u00dc\",\"description\":\"Efektiivsed puuk\u00fcttega saunaahjud Eesti tootjalt\",\"publisher\":{\"@id\":\"https:\/\/www.skamet.ee\/#organization\"},\"potentialAction\":[{\"@type\":\"SearchAction\",\"target\":{\"@type\":\"EntryPoint\",\"urlTemplate\":\"https:\/\/www.skamet.ee\/?s={search_term_string}\"},\"query-input\":{\"@type\":\"PropertyValueSpecification\",\"valueRequired\":true,\"valueName\":\"search_term_string\"}}],\"inLanguage\":\"fi\"},{\"@type\":\"Organization\",\"@id\":\"https:\/\/www.skamet.ee\/#organization\",\"name\":\"Skamet\",\"url\":\"https:\/\/www.skamet.ee\/\",\"logo\":{\"@type\":\"ImageObject\",\"inLanguage\":\"fi\",\"@id\":\"https:\/\/www.skamet.ee\/#\/schema\/logo\/image\/\",\"url\":\"https:\/\/www.skamet.ee\/wp-content\/uploads\/2015\/05\/logo-uus.png\",\"contentUrl\":\"https:\/\/www.skamet.ee\/wp-content\/uploads\/2015\/05\/logo-uus.png\",\"width\":300,\"height\":127,\"caption\":\"Skamet\"},\"image\":{\"@id\":\"https:\/\/www.skamet.ee\/#\/schema\/logo\/image\/\"}}]}<\/script>\n<!-- \/ Yoast SEO plugin. -->","yoast_head_json":{"title":"Samasta tilasta l\u00e4mmitett\u00e4v\u00e4t - Skamet O\u00dc","robots":{"index":"index","follow":"follow","max-snippet":"max-snippet:-1","max-image-preview":"max-image-preview:large","max-video-preview":"max-video-preview:-1"},"canonical":"https:\/\/www.skamet.ee\/fi\/tooted\/samasta-tilasta-lammitettavat-2\/","og_locale":"fi_FI","og_type":"article","og_title":"Samasta tilasta l\u00e4mmitett\u00e4v\u00e4t - Skamet O\u00dc","og_description":"L\u00e4mmitys tapahtuu l\u00f6ylyhuoneesta. Vakiosaunauuneilla on savuhormiin yhdist\u00e4misen mahdollisuus ainoastaan p\u00e4\u00e4lt\u00e4, takasein\u00e4n puolelta. Voidaan tilata sek\u00e4 takasein\u00e4st\u00e4 savuhormiin liitett\u00e4vi\u00e4 ett\u00e4 k\u00e4\u00e4nnetyll\u00e4","og_url":"https:\/\/www.skamet.ee\/fi\/tooted\/samasta-tilasta-lammitettavat-2\/","og_site_name":"Skamet O\u00dc","article_modified_time":"2021-05-20T09:14:17+00:00","og_image":[{"width":200,"height":300,"url":"https:\/\/www.skamet.ee\/wp-content\/uploads\/2021\/03\/S-116-S-120-S-200x300-1.jpg","type":"image\/jpeg"}],"twitter_card":"summary_large_image","twitter_misc":{"Arvioitu lukuaika":"2 minuuttia"},"schema":{"@context":"https:\/\/schema.org","@graph":[{"@type":"WebPage","@id":"https:\/\/www.skamet.ee\/fi\/tooted\/samasta-tilasta-lammitettavat-2\/","url":"https:\/\/www.skamet.ee\/fi\/tooted\/samasta-tilasta-lammitettavat-2\/","name":"Samasta tilasta l\u00e4mmitett\u00e4v\u00e4t - Skamet O\u00dc","isPartOf":{"@id":"https:\/\/www.skamet.ee\/#website"},"primaryImageOfPage":{"@id":"https:\/\/www.skamet.ee\/fi\/tooted\/samasta-tilasta-lammitettavat-2\/#primaryimage"},"image":{"@id":"https:\/\/www.skamet.ee\/fi\/tooted\/samasta-tilasta-lammitettavat-2\/#primaryimage"},"thumbnailUrl":"https:\/\/www.skamet.ee\/wp-content\/uploads\/2021\/03\/S-116-S-120-S-200x300-1.jpg","datePublished":"2021-05-10T07:16:38+00:00","dateModified":"2021-05-20T09:14:17+00:00","breadcrumb":{"@id":"https:\/\/www.skamet.ee\/fi\/tooted\/samasta-tilasta-lammitettavat-2\/#breadcrumb"},"inLanguage":"fi","potentialAction":[{"@type":"ReadAction","target":["https:\/\/www.skamet.ee\/fi\/tooted\/samasta-tilasta-lammitettavat-2\/"]}]},{"@type":"ImageObject","inLanguage":"fi","@id":"https:\/\/www.skamet.ee\/fi\/tooted\/samasta-tilasta-lammitettavat-2\/#primaryimage","url":"https:\/\/www.skamet.ee\/wp-content\/uploads\/2021\/03\/S-116-S-120-S-200x300-1.jpg","contentUrl":"https:\/\/www.skamet.ee\/wp-content\/uploads\/2021\/03\/S-116-S-120-S-200x300-1.jpg","width":200,"height":300,"caption":"S 116 S 120 S 200x300 1"},{"@type":"BreadcrumbList","@id":"https:\/\/www.skamet.ee\/fi\/tooted\/samasta-tilasta-lammitettavat-2\/#breadcrumb","itemListElement":[{"@type":"ListItem","position":1,"name":"Home","item":"https:\/\/www.skamet.ee\/fi\/"},{"@type":"ListItem","position":2,"name":"Tuotteet","item":"https:\/\/www.skamet.ee\/fi\/shop-2\/"},{"@type":"ListItem","position":3,"name":"Samasta tilasta l\u00e4mmitett\u00e4v\u00e4t"}]},{"@type":"WebSite","@id":"https:\/\/www.skamet.ee\/#website","url":"https:\/\/www.skamet.ee\/","name":"Skamet O\u00dc","description":"Efektiivsed puuk\u00fcttega saunaahjud Eesti tootjalt","publisher":{"@id":"https:\/\/www.skamet.ee\/#organization"},"potentialAction":[{"@type":"SearchAction","target":{"@type":"EntryPoint","urlTemplate":"https:\/\/www.skamet.ee\/?s={search_term_string}"},"query-input":{"@type":"PropertyValueSpecification","valueRequired":true,"valueName":"search_term_string"}}],"inLanguage":"fi"},{"@type":"Organization","@id":"https:\/\/www.skamet.ee\/#organization","name":"Skamet","url":"https:\/\/www.skamet.ee\/","logo":{"@type":"ImageObject","inLanguage":"fi","@id":"https:\/\/www.skamet.ee\/#\/schema\/logo\/image\/","url":"https:\/\/www.skamet.ee\/wp-content\/uploads\/2015\/05\/logo-uus.png","contentUrl":"https:\/\/www.skamet.ee\/wp-content\/uploads\/2015\/05\/logo-uus.png","width":300,"height":127,"caption":"Skamet"},"image":{"@id":"https:\/\/www.skamet.ee\/#\/schema\/logo\/image\/"}}]}},"_links":{"self":[{"href":"https:\/\/www.skamet.ee\/fi\/wp-json\/wp\/v2\/product\/41175","targetHints":{"allow":["GET"]}}],"collection":[{"href":"https:\/\/www.skamet.ee\/fi\/wp-json\/wp\/v2\/product"}],"about":[{"href":"https:\/\/www.skamet.ee\/fi\/wp-json\/wp\/v2\/types\/product"}],"version-history":[{"count":1,"href":"https:\/\/www.skamet.ee\/fi\/wp-json\/wp\/v2\/product\/41175\/revisions"}],"predecessor-version":[{"id":41176,"href":"https:\/\/www.skamet.ee\/fi\/wp-json\/wp\/v2\/product\/41175\/revisions\/41176"}],"wp:featuredmedia":[{"embeddable":true,"href":"https:\/\/www.skamet.ee\/fi\/wp-json\/wp\/v2\/media\/40490"}],"wp:attachment":[{"href":"https:\/\/www.skamet.ee\/fi\/wp-json\/wp\/v2\/media?parent=41175"}],"wp:term":[{"taxonomy":"product_brand","embeddable":true,"href":"https:\/\/www.skamet.ee\/fi\/wp-json\/wp\/v2\/product_brand?post=41175"},{"taxonomy":"product_cat","embeddable":true,"href":"https:\/\/www.skamet.ee\/fi\/wp-json\/wp\/v2\/product_cat?post=41175"},{"taxonomy":"product_tag","embeddable":true,"href":"https:\/\/www.skamet.ee\/fi\/wp-json\/wp\/v2\/product_tag?post=41175"}],"curies":[{"name":"wp","href":"https:\/\/api.w.org\/{rel}","templated":true}]}}