{"id":41177,"date":"2021-05-10T10:18:14","date_gmt":"2021-05-10T07:18:14","guid":{"rendered":"https:\/\/uus.skamet.ee\/?post_type=product&#038;p=41177"},"modified":"2021-05-20T12:13:16","modified_gmt":"2021-05-20T09:13:16","slug":"toisesta-tilasta-lammitettavat-2","status":"publish","type":"product","link":"https:\/\/www.skamet.ee\/fi\/tooted\/toisesta-tilasta-lammitettavat-2\/","title":{"rendered":"Toisesta tilasta l\u00e4mmitett\u00e4v\u00e4t"},"content":{"rendered":"<p>Saunauuni on ohjattu sein\u00e4n l\u00e4pi eli l\u00e4mmitys tapahtuu toisesta tilasta. L\u00e4piviennin pituus on 200 mm. Voidaan tilata sek\u00e4 pitempi ett\u00e4 lyhyempi. Vakiosaunauuneilla on savuhormiin liitt\u00e4misen mahdollisuus ainoastaan p\u00e4\u00e4lt\u00e4, oven puolelta. Voidaan tilata k\u00e4\u00e4nnetyll\u00e4 sis\u00e4ll\u00f6ll\u00e4 \u2013 eli savuputken yhdist\u00e4minen tapahtuisi sek\u00e4 takasein\u00e4st\u00e4 ett\u00e4 p\u00e4\u00e4lt\u00e4, takasein\u00e4n puolelta.<\/p>\n<div class=\"dywp-alert grey\">\u00a0<b>Kulmikkaalla verkkorungolla<\/b><\/div>\n<p><strong>Valmistetaan kahta erimittaista saunauunityyppi\u00e4:<\/strong><\/p>\n<p>Pienempi kiuas (<strong>malli S-216<\/strong>), jonka l\u00e4mmitett\u00e4v\u00e4 tilavuus 8 m\u00b3-18 m\u00b3. Uunin korkeus 81 cm. Kivim\u00e4\u00e4r\u00e4 190 kg.<br \/>\nSuurempi kiuas (<strong>malli S-220<\/strong>), jonka l\u00e4mmitett\u00e4v\u00e4 tilavuus 16 m\u00b3-25 m\u00b3. Uunin korkeus 86 cm. Kivim\u00e4\u00e4r\u00e4 160 kg.<br \/>\n<strong>Mitat l\u00f6ytyv\u00e4t\u00a0<a href=\"https:\/\/skamet.ee\/wp-content\/uploads\/2014\/03\/FIN-vaike.pdf\" target=\"_blank\" rel=\"noopener\">k\u00e4ytt\u00f6ohjeessa<\/a><\/strong><\/p>\n<p>&nbsp;<\/p>\n<div id=\"unitegallery_18_1\" class=\"unite-gallery ug-gallery-wrapper ug-under-480 ug-theme-carousel\">\n<div class=\"ug-carousel-wrapper\">\n<div class=\"ug-carousel-inner\">\n<div class=\"ug-thumb-wrapper ug-tile ug-tile-clickable cloned\">\n<div class=\"ug-thumb-overlay\">\n<div class=\"ug-tile-icon ug-button-play ug-icon-zoom\"><\/div>\n<\/div>\n<p><img decoding=\"async\" class=\"ug-thumb-image ug-trans-enabled\" src=\"https:\/\/skamet.ee\/wp-content\/uploads\/2016\/02\/S-216ILU-230.-200x300.jpg\" alt=\"S-216+ILU-230.\" \/><\/div>\n<div class=\"ug-thumb-wrapper ug-tile ug-tile-clickable cloned\">\n<div class=\"ug-thumb-overlay\"><\/div>\n<\/div>\n<div class=\"ug-thumb-wrapper ug-tile ug-tile-clickable cloned\"><\/div>\n<div class=\"ug-thumb-wrapper ug-tile ug-tile-clickable cloned\">\n<div class=\"ug-thumb-overlay\">\n<div class=\"ug-tile-icon ug-button-play ug-icon-zoom\"><\/div>\n<\/div>\n<\/div>\n<div class=\"ug-thumb-wrapper ug-tile ug-tile-clickable cloned\">\n<div class=\"ug-thumb-overlay\">\n<div class=\"ug-tile-icon ug-button-play ug-icon-zoom\"><\/div>\n<\/div>\n<\/div>\n<div class=\"ug-thumb-wrapper ug-tile ug-tile-clickable ug-thumb-ratio-set\">\n<div class=\"ug-thumb-overlay\">\n<div class=\"ug-tile-icon ug-button-play ug-icon-zoom\"><\/div>\n<\/div>\n<p><img decoding=\"async\" class=\"ug-thumb-image ug-trans-enabled\" src=\"https:\/\/skamet.ee\/wp-content\/uploads\/2016\/01\/Foto_24-1-300x300.jpg\" alt=\"Foto_24\" \/><\/div>\n<div class=\"ug-thumb-wrapper ug-tile ug-tile-clickable ug-thumb-ratio-set\">\n<div class=\"ug-thumb-overlay\">\n<div class=\"ug-tile-icon ug-button-play ug-icon-zoom\"><\/div>\n<\/div>\n<p><img decoding=\"async\" class=\"ug-thumb-image ug-trans-enabled\" src=\"https:\/\/skamet.ee\/wp-content\/uploads\/2016\/01\/S-216-S-220-200x300.jpg\" alt=\"S-216; S-220\" \/><\/div>\n<\/div>\n<\/div>\n<\/div>\n<table border=\"0\">\n<tbody>\n<tr>\n<td><strong><b>Vakiotuotteen parametrit<\/b>:<\/strong><br \/>\n\u00bb\u00a0 lasiovi (230 x 230 mm) tai ilman;<br \/>\n\u00bb\u00a0 savuhormin yhdist\u00e4minen p\u00e4\u00e4lt\u00e4;<br \/>\n\u00bb\u00a0 oven saranat vasemmalla puolella;<br \/>\n\u00bb\u00a0 saunauuni maalattu kuumankest\u00e4v\u00e4ll\u00e4 maalilla;<br \/>\n\u00bb\u00a0 kuumavesis\u00e4ili\u00f6n liitt\u00e4misen mahdollisuus (oikea, vasen, takaa) tai ilman.<\/td>\n<td><strong><b>Eri vaihtoehtoja<\/b>:<\/strong><br \/>\n\u00bb\u00a0 vedin ruostumaton (sama kuin takkaovella uunilla);<br \/>\n\u00bb\u00a0 savuhormin yhdist\u00e4minen takaa;<br \/>\n\u00bb\u00a0 saunauunin sis\u00e4lt\u00f6 k\u00e4\u00e4nnettyn\u00e4;<br \/>\n\u00bb\u00a0 oven saranat oikealla puolella;<br \/>\n\u00bb\u00a0 muihin mahdollisuuksiin voi tutustua\u00a0<a href=\"https:\/\/skamet.ee\/saunauunit\/saunauunien-erikoistilaukset?lang=fi\" target=\"_blank\" rel=\"noopener\"><strong>t\u00e4st\u00e4<\/strong><\/a><\/td>\n<\/tr>\n<\/tbody>\n<\/table>\n<div class=\"dywp-alert grey\">\u00dcmara v\u00f5rkkorpusega<\/div>\n<p><strong>Valmistetaan kahta erimittaista saunauunityyppi\u00e4:<\/strong><\/p>\n<p>Pienempi kiuas (<strong>malli SY-216<\/strong>), jonka l\u00e4mmitett\u00e4v\u00e4 tilavuus 8 m\u00b3-18 m\u00b3. Uunin korkeus 81 cm. Kivim\u00e4\u00e4r\u00e4 140 kg.<br \/>\nSuurempi kiuas (<strong>malli SY-220<\/strong>), jonka l\u00e4mmitett\u00e4v\u00e4 tilavuus 16 m\u00b3-25 m\u00b3. Uunin korkeus 86 cm. Kivim\u00e4\u00e4r\u00e4 110 kg.<br \/>\n<strong>Mitat l\u00f6ytyv\u00e4t<a href=\"https:\/\/skamet.ee\/wp-content\/uploads\/2014\/03\/FIN-vaike.pdf\" target=\"_blank\" rel=\"noopener\">\u00a0k\u00e4ytt\u00f6ohjeessa<\/a><\/strong><\/p>\n<p>&nbsp;<\/p>\n<div id=\"unitegallery_19_2\" class=\"unite-gallery ug-gallery-wrapper ug-under-480 ug-theme-carousel\">\n<div class=\"ug-carousel-wrapper\">\n<div class=\"ug-carousel-inner\">\n<div class=\"ug-thumb-wrapper ug-tile ug-tile-clickable cloned\">\n<div class=\"ug-thumb-overlay\"><\/div>\n<\/div>\n<\/div>\n<\/div>\n<div class=\"ug-tile-navigation-wrapper\">\n<div class=\"ug-button-tile-navigation ug-button-tile-right\"><\/div>\n<\/div>\n<\/div>\n<table border=\"0\">\n<tbody>\n<tr>\n<td><strong><b>Vakiotuotteen parametrit<\/b>:<\/strong><br \/>\n\u00bb\u00a0 lasiovi (230 x 230 mm) tai ilman;<br \/>\n\u00bb\u00a0 savuhormin yhdist\u00e4minen p\u00e4\u00e4lt\u00e4;<br \/>\n\u00bb \u00a0verkkorungon halkaisija 56 cm;<br \/>\n\u00bb\u00a0 oven saranat vasemmalla puolella;<br \/>\n\u00bb\u00a0 kuumavesis\u00e4ili\u00f6n liitt\u00e4misen mahdollisuus (oikea, vasen, takaa) tai ilman.<\/td>\n<td><strong><b>Eri vaihtoehtoja<\/b>:<\/strong><br \/>\n\u00bb\u00a0 vedin ruostumaton (sama kuin takkaovella uunilla);<br \/>\n\u00bb\u00a0 savuhormin yhdist\u00e4minen takaa;<br \/>\n\u00bb\u00a0 saunauunin sis\u00e4lt\u00f6 k\u00e4\u00e4nnettyn\u00e4;<br \/>\n\u00bb\u00a0 oven saranat oikealla puolella;<br \/>\n\u00bb\u00a0 muihin mahdollisuuksiin voi tutustua\u00a0<a href=\"https:\/\/skamet.ee\/saunauunit\/saunauunien-erikoistilaukset?lang=fi\" target=\"_blank\" rel=\"noopener\"><strong>t\u00e4st\u00e4<\/strong><\/a><\/td>\n<\/tr>\n<\/tbody>\n<\/table>\n<div class=\"dywp-alert grey\">\u00a0<b>Takkamittaisella ovella<\/b><b>\u00a0<\/b><\/div>\n<p><strong>Valmistetaan kahta erimittaista saunauunityyppi\u00e4:<\/strong><\/p>\n<p>Pienempi kiuas (<strong>malli ST-216<\/strong>), jonka l\u00e4mmitett\u00e4v\u00e4 tilavuus 8 m\u00b3-18 m\u00b3. Uunin korkeus 81 cm. Kivim\u00e4\u00e4r\u00e4 190 kg.<br \/>\nSuurempi kiuas (<strong>malli ST-220<\/strong>), jonka l\u00e4mmitett\u00e4v\u00e4 tilavuus 16 m\u00b3-25 m\u00b3. Uunin korkeus 86 cm. Kivim\u00e4\u00e4r\u00e4 160 kg.<br \/>\n<strong>Mitat l\u00f6ytyv\u00e4t k\u00e4ytt\u00f6ohjeessa<\/strong><\/p>\n<div id=\"unitegallery_20_3\" class=\"unite-gallery ug-gallery-wrapper ug-under-480 ug-theme-carousel\">\n<div class=\"ug-carousel-wrapper\">\n<div class=\"ug-carousel-inner\">\n<div class=\"ug-thumb-wrapper ug-tile ug-tile-clickable cloned\">\n<div class=\"ug-thumb-overlay\"><\/div>\n<\/div>\n<\/div>\n<\/div>\n<\/div>\n<p>&nbsp;<\/p>\n<table border=\"0\">\n<tbody>\n<tr>\n<td><strong><b>Vakiotuotteen parametrit<\/b>:<\/strong><br \/>\n\u00bb\u00a0 lasiovi (330 x 330 mm);<br \/>\n\u00bb\u00a0 savuhormin yhdist\u00e4minen p\u00e4\u00e4lt\u00e4;<br \/>\n\u00bb \u00a0vedin ruostumaton;<br \/>\n\u00bb\u00a0 oven saranat vasemmalla puolella;<br \/>\n\u00bb\u00a0 kuumavesis\u00e4ili\u00f6n liitt\u00e4misen mahdollisuus (oikea, vasen, takaa) tai ilman.<\/td>\n<td><strong><b>Eri vaihtoehtoja<\/b><\/strong>:<br \/>\n\u00bb \u00a0Ilman lasiovi;<br \/>\n\u00bb \u00a0saunauunin sis\u00e4lt\u00f6 k\u00e4\u00e4nnettyn\u00e4;<br \/>\n\u00bb \u00a0puinen kahva (kuten tavallista sauna uunit);<br \/>\n\u00bb \u00a0oven saranat oikealla puolella;<br \/>\n\u00bb \u00a0muihin mahdollisuuksiin voi tutustua\u00a0<a href=\"https:\/\/skamet.ee\/saunauunit\/saunauunien-erikoistilaukset?lang=fi\" target=\"_blank\" rel=\"noopener\"><strong>t\u00e4st\u00e4<\/strong><\/a><\/td>\n<\/tr>\n<\/tbody>\n<\/table>\n","protected":false},"excerpt":{"rendered":"<p>Saunauuni on ohjattu sein\u00e4n l\u00e4pi eli l\u00e4mmitys tapahtuu toisesta tilasta. L\u00e4piviennin pituus on 200 mm. Voidaan tilata sek\u00e4 pitempi ett\u00e4<\/p>\n","protected":false},"featured_media":40901,"template":"","meta":{"_lmt_disableupdate":"","_lmt_disable":""},"product_brand":[],"product_cat":[311,313],"product_tag":[],"class_list":{"0":"post-41177","1":"product","2":"type-product","3":"status-publish","4":"has-post-thumbnail","6":"product_cat-puukiuas-verkkorungolla","7":"product_cat-toisesta-tilasta-lammitettavat-fi","9":"first","10":"instock","11":"shipping-taxable","12":"product-type-simple"},"yoast_head":"<!-- This site is optimized with the Yoast SEO plugin v27.0 - https:\/\/yoast.com\/product\/yoast-seo-wordpress\/ -->\n<title>Toisesta tilasta l\u00e4mmitett\u00e4v\u00e4t - Skamet O\u00dc<\/title>\n<meta name=\"robots\" content=\"index, follow, max-snippet:-1, max-image-preview:large, max-video-preview:-1\" \/>\n<link rel=\"canonical\" href=\"https:\/\/www.skamet.ee\/fi\/tooted\/toisesta-tilasta-lammitettavat-2\/\" \/>\n<meta property=\"og:locale\" content=\"fi_FI\" \/>\n<meta property=\"og:type\" content=\"article\" \/>\n<meta property=\"og:title\" content=\"Toisesta tilasta l\u00e4mmitett\u00e4v\u00e4t - Skamet O\u00dc\" \/>\n<meta property=\"og:description\" content=\"Saunauuni on ohjattu sein\u00e4n l\u00e4pi eli l\u00e4mmitys tapahtuu toisesta tilasta. L\u00e4piviennin pituus on 200 mm. Voidaan tilata sek\u00e4 pitempi ett\u00e4\" \/>\n<meta property=\"og:url\" content=\"https:\/\/www.skamet.ee\/fi\/tooted\/toisesta-tilasta-lammitettavat-2\/\" \/>\n<meta property=\"og:site_name\" content=\"Skamet O\u00dc\" \/>\n<meta property=\"article:modified_time\" content=\"2021-05-20T09:13:16+00:00\" \/>\n<meta property=\"og:image\" content=\"https:\/\/www.skamet.ee\/wp-content\/uploads\/2021\/04\/STY-216-GL-scaled.jpg\" \/>\n\t<meta property=\"og:image:width\" content=\"1708\" \/>\n\t<meta property=\"og:image:height\" content=\"2560\" \/>\n\t<meta property=\"og:image:type\" content=\"image\/jpeg\" \/>\n<meta name=\"twitter:card\" content=\"summary_large_image\" \/>\n<meta name=\"twitter:label1\" content=\"Arvioitu lukuaika\" \/>\n\t<meta name=\"twitter:data1\" content=\"3 minuuttia\" \/>\n<script type=\"application\/ld+json\" class=\"yoast-schema-graph\">{\"@context\":\"https:\/\/schema.org\",\"@graph\":[{\"@type\":\"WebPage\",\"@id\":\"https:\/\/www.skamet.ee\/fi\/tooted\/toisesta-tilasta-lammitettavat-2\/\",\"url\":\"https:\/\/www.skamet.ee\/fi\/tooted\/toisesta-tilasta-lammitettavat-2\/\",\"name\":\"Toisesta tilasta l\u00e4mmitett\u00e4v\u00e4t - Skamet O\u00dc\",\"isPartOf\":{\"@id\":\"https:\/\/www.skamet.ee\/#website\"},\"primaryImageOfPage\":{\"@id\":\"https:\/\/www.skamet.ee\/fi\/tooted\/toisesta-tilasta-lammitettavat-2\/#primaryimage\"},\"image\":{\"@id\":\"https:\/\/www.skamet.ee\/fi\/tooted\/toisesta-tilasta-lammitettavat-2\/#primaryimage\"},\"thumbnailUrl\":\"https:\/\/www.skamet.ee\/wp-content\/uploads\/2021\/04\/STY-216-GL-scaled.jpg\",\"datePublished\":\"2021-05-10T07:18:14+00:00\",\"dateModified\":\"2021-05-20T09:13:16+00:00\",\"breadcrumb\":{\"@id\":\"https:\/\/www.skamet.ee\/fi\/tooted\/toisesta-tilasta-lammitettavat-2\/#breadcrumb\"},\"inLanguage\":\"fi\",\"potentialAction\":[{\"@type\":\"ReadAction\",\"target\":[\"https:\/\/www.skamet.ee\/fi\/tooted\/toisesta-tilasta-lammitettavat-2\/\"]}]},{\"@type\":\"ImageObject\",\"inLanguage\":\"fi\",\"@id\":\"https:\/\/www.skamet.ee\/fi\/tooted\/toisesta-tilasta-lammitettavat-2\/#primaryimage\",\"url\":\"https:\/\/www.skamet.ee\/wp-content\/uploads\/2021\/04\/STY-216-GL-scaled.jpg\",\"contentUrl\":\"https:\/\/www.skamet.ee\/wp-content\/uploads\/2021\/04\/STY-216-GL-scaled.jpg\",\"width\":1708,\"height\":2560,\"caption\":\"STY 216 GL scaled\"},{\"@type\":\"BreadcrumbList\",\"@id\":\"https:\/\/www.skamet.ee\/fi\/tooted\/toisesta-tilasta-lammitettavat-2\/#breadcrumb\",\"itemListElement\":[{\"@type\":\"ListItem\",\"position\":1,\"name\":\"Home\",\"item\":\"https:\/\/www.skamet.ee\/fi\/\"},{\"@type\":\"ListItem\",\"position\":2,\"name\":\"Tuotteet\",\"item\":\"https:\/\/www.skamet.ee\/fi\/shop-2\/\"},{\"@type\":\"ListItem\",\"position\":3,\"name\":\"Toisesta tilasta l\u00e4mmitett\u00e4v\u00e4t\"}]},{\"@type\":\"WebSite\",\"@id\":\"https:\/\/www.skamet.ee\/#website\",\"url\":\"https:\/\/www.skamet.ee\/\",\"name\":\"Skamet O\u00dc\",\"description\":\"Efektiivsed puuk\u00fcttega saunaahjud Eesti tootjalt\",\"publisher\":{\"@id\":\"https:\/\/www.skamet.ee\/#organization\"},\"potentialAction\":[{\"@type\":\"SearchAction\",\"target\":{\"@type\":\"EntryPoint\",\"urlTemplate\":\"https:\/\/www.skamet.ee\/?s={search_term_string}\"},\"query-input\":{\"@type\":\"PropertyValueSpecification\",\"valueRequired\":true,\"valueName\":\"search_term_string\"}}],\"inLanguage\":\"fi\"},{\"@type\":\"Organization\",\"@id\":\"https:\/\/www.skamet.ee\/#organization\",\"name\":\"Skamet\",\"url\":\"https:\/\/www.skamet.ee\/\",\"logo\":{\"@type\":\"ImageObject\",\"inLanguage\":\"fi\",\"@id\":\"https:\/\/www.skamet.ee\/#\/schema\/logo\/image\/\",\"url\":\"https:\/\/www.skamet.ee\/wp-content\/uploads\/2015\/05\/logo-uus.png\",\"contentUrl\":\"https:\/\/www.skamet.ee\/wp-content\/uploads\/2015\/05\/logo-uus.png\",\"width\":300,\"height\":127,\"caption\":\"Skamet\"},\"image\":{\"@id\":\"https:\/\/www.skamet.ee\/#\/schema\/logo\/image\/\"}}]}<\/script>\n<!-- \/ Yoast SEO plugin. -->","yoast_head_json":{"title":"Toisesta tilasta l\u00e4mmitett\u00e4v\u00e4t - Skamet O\u00dc","robots":{"index":"index","follow":"follow","max-snippet":"max-snippet:-1","max-image-preview":"max-image-preview:large","max-video-preview":"max-video-preview:-1"},"canonical":"https:\/\/www.skamet.ee\/fi\/tooted\/toisesta-tilasta-lammitettavat-2\/","og_locale":"fi_FI","og_type":"article","og_title":"Toisesta tilasta l\u00e4mmitett\u00e4v\u00e4t - Skamet O\u00dc","og_description":"Saunauuni on ohjattu sein\u00e4n l\u00e4pi eli l\u00e4mmitys tapahtuu toisesta tilasta. L\u00e4piviennin pituus on 200 mm. Voidaan tilata sek\u00e4 pitempi ett\u00e4","og_url":"https:\/\/www.skamet.ee\/fi\/tooted\/toisesta-tilasta-lammitettavat-2\/","og_site_name":"Skamet O\u00dc","article_modified_time":"2021-05-20T09:13:16+00:00","og_image":[{"width":1708,"height":2560,"url":"https:\/\/www.skamet.ee\/wp-content\/uploads\/2021\/04\/STY-216-GL-scaled.jpg","type":"image\/jpeg"}],"twitter_card":"summary_large_image","twitter_misc":{"Arvioitu lukuaika":"3 minuuttia"},"schema":{"@context":"https:\/\/schema.org","@graph":[{"@type":"WebPage","@id":"https:\/\/www.skamet.ee\/fi\/tooted\/toisesta-tilasta-lammitettavat-2\/","url":"https:\/\/www.skamet.ee\/fi\/tooted\/toisesta-tilasta-lammitettavat-2\/","name":"Toisesta tilasta l\u00e4mmitett\u00e4v\u00e4t - Skamet O\u00dc","isPartOf":{"@id":"https:\/\/www.skamet.ee\/#website"},"primaryImageOfPage":{"@id":"https:\/\/www.skamet.ee\/fi\/tooted\/toisesta-tilasta-lammitettavat-2\/#primaryimage"},"image":{"@id":"https:\/\/www.skamet.ee\/fi\/tooted\/toisesta-tilasta-lammitettavat-2\/#primaryimage"},"thumbnailUrl":"https:\/\/www.skamet.ee\/wp-content\/uploads\/2021\/04\/STY-216-GL-scaled.jpg","datePublished":"2021-05-10T07:18:14+00:00","dateModified":"2021-05-20T09:13:16+00:00","breadcrumb":{"@id":"https:\/\/www.skamet.ee\/fi\/tooted\/toisesta-tilasta-lammitettavat-2\/#breadcrumb"},"inLanguage":"fi","potentialAction":[{"@type":"ReadAction","target":["https:\/\/www.skamet.ee\/fi\/tooted\/toisesta-tilasta-lammitettavat-2\/"]}]},{"@type":"ImageObject","inLanguage":"fi","@id":"https:\/\/www.skamet.ee\/fi\/tooted\/toisesta-tilasta-lammitettavat-2\/#primaryimage","url":"https:\/\/www.skamet.ee\/wp-content\/uploads\/2021\/04\/STY-216-GL-scaled.jpg","contentUrl":"https:\/\/www.skamet.ee\/wp-content\/uploads\/2021\/04\/STY-216-GL-scaled.jpg","width":1708,"height":2560,"caption":"STY 216 GL scaled"},{"@type":"BreadcrumbList","@id":"https:\/\/www.skamet.ee\/fi\/tooted\/toisesta-tilasta-lammitettavat-2\/#breadcrumb","itemListElement":[{"@type":"ListItem","position":1,"name":"Home","item":"https:\/\/www.skamet.ee\/fi\/"},{"@type":"ListItem","position":2,"name":"Tuotteet","item":"https:\/\/www.skamet.ee\/fi\/shop-2\/"},{"@type":"ListItem","position":3,"name":"Toisesta tilasta l\u00e4mmitett\u00e4v\u00e4t"}]},{"@type":"WebSite","@id":"https:\/\/www.skamet.ee\/#website","url":"https:\/\/www.skamet.ee\/","name":"Skamet O\u00dc","description":"Efektiivsed puuk\u00fcttega saunaahjud Eesti tootjalt","publisher":{"@id":"https:\/\/www.skamet.ee\/#organization"},"potentialAction":[{"@type":"SearchAction","target":{"@type":"EntryPoint","urlTemplate":"https:\/\/www.skamet.ee\/?s={search_term_string}"},"query-input":{"@type":"PropertyValueSpecification","valueRequired":true,"valueName":"search_term_string"}}],"inLanguage":"fi"},{"@type":"Organization","@id":"https:\/\/www.skamet.ee\/#organization","name":"Skamet","url":"https:\/\/www.skamet.ee\/","logo":{"@type":"ImageObject","inLanguage":"fi","@id":"https:\/\/www.skamet.ee\/#\/schema\/logo\/image\/","url":"https:\/\/www.skamet.ee\/wp-content\/uploads\/2015\/05\/logo-uus.png","contentUrl":"https:\/\/www.skamet.ee\/wp-content\/uploads\/2015\/05\/logo-uus.png","width":300,"height":127,"caption":"Skamet"},"image":{"@id":"https:\/\/www.skamet.ee\/#\/schema\/logo\/image\/"}}]}},"_links":{"self":[{"href":"https:\/\/www.skamet.ee\/fi\/wp-json\/wp\/v2\/product\/41177","targetHints":{"allow":["GET"]}}],"collection":[{"href":"https:\/\/www.skamet.ee\/fi\/wp-json\/wp\/v2\/product"}],"about":[{"href":"https:\/\/www.skamet.ee\/fi\/wp-json\/wp\/v2\/types\/product"}],"version-history":[{"count":1,"href":"https:\/\/www.skamet.ee\/fi\/wp-json\/wp\/v2\/product\/41177\/revisions"}],"predecessor-version":[{"id":41178,"href":"https:\/\/www.skamet.ee\/fi\/wp-json\/wp\/v2\/product\/41177\/revisions\/41178"}],"wp:featuredmedia":[{"embeddable":true,"href":"https:\/\/www.skamet.ee\/fi\/wp-json\/wp\/v2\/media\/40901"}],"wp:attachment":[{"href":"https:\/\/www.skamet.ee\/fi\/wp-json\/wp\/v2\/media?parent=41177"}],"wp:term":[{"taxonomy":"product_brand","embeddable":true,"href":"https:\/\/www.skamet.ee\/fi\/wp-json\/wp\/v2\/product_brand?post=41177"},{"taxonomy":"product_cat","embeddable":true,"href":"https:\/\/www.skamet.ee\/fi\/wp-json\/wp\/v2\/product_cat?post=41177"},{"taxonomy":"product_tag","embeddable":true,"href":"https:\/\/www.skamet.ee\/fi\/wp-json\/wp\/v2\/product_tag?post=41177"}],"curies":[{"name":"wp","href":"https:\/\/api.w.org\/{rel}","templated":true}]}}