{"id":41182,"date":"2021-03-24T11:41:33","date_gmt":"2021-05-10T07:20:42","guid":{"rendered":"https:\/\/uus.skamet.ee\/?post_type=product&#038;p=41182"},"modified":"2021-05-19T08:17:13","modified_gmt":"2021-05-19T05:17:13","slug":"kuumavesisailiot","status":"publish","type":"product","link":"https:\/\/www.skamet.ee\/fi\/tooted\/kuumavesisailiot\/","title":{"rendered":"Kuumavesis\u00e4ili\u00f6t"},"content":{"rendered":"<p>Vakiokuumavesis\u00e4ili\u00f6it\u00e4mme on valmistettu 1990-luvun keskelt\u00e4. Vakiotuote on sis\u00e4lt\u00e4 tyhj\u00e4. Vesis\u00e4ili\u00f6 tulee liitt\u00e4\u00e4 puul\u00e4mmitteiseen uuniin tai lieteen. Vesi l\u00e4mmitet\u00e4\u00e4n luonnollisella kiertovesij\u00e4rjestelm\u00e4ll\u00e4. Ruostumattomat vesis\u00e4ili\u00f6t varustetaan anodilla (jota tulee vaihtaa kerran vuodessa tai tarvittaessa useammin). Kaikilla vesis\u00e4ili\u00f6ill\u00e4 on oltava suojaventtiili.<br \/>\nVakiotuotteiden lis\u00e4ksi valmistamme vesis\u00e4ili\u00f6it\u00e4 my\u00f6s asiakkaan toiveen mukaan: sek\u00e4\u00a0<strong>rekisterill\u00e4<\/strong>\u00a0ett\u00e4\u00a0<strong>tuplasein\u00e4ll\u00e4<\/strong>.<\/p>\n<div class=\"dywp-alert grey\">\u00a0<b>Suljetut kuumavesis\u00e4ili\u00f6t<\/b><\/div>\n<table border=\"0\">\n<tbody>\n<tr>\n<td><\/td>\n<td>Vakiokuumavesis\u00e4ili\u00f6iden halkaisija on 40 ja 45 cm. Kaikissa on 4 nippaa: kaksi 1\/2-tuumaa ja kaksi 3\/4-tuumaa.<br \/>\n<strong><b>Mitat l\u00f6ytyv\u00e4t\u00a0<a href=\"https:\/\/skamet.ee\/wp-content\/uploads\/2013\/12\/ENG_Boiler_2lk.pdf\" target=\"_blank\" rel=\"noopener\">k\u00e4ytt\u00f6ohjeessa<\/a><\/b><\/strong><\/td>\n<\/tr>\n<\/tbody>\n<\/table>\n<p>&nbsp;<\/p>\n<div id=\"unitegallery_22_1\" class=\"unite-gallery ug-gallery-wrapper ug-under-480 ug-theme-carousel\">\n<div class=\"ug-carousel-wrapper\">\n<div class=\"ug-carousel-inner\">\n<div class=\"ug-thumb-wrapper ug-tile ug-tile-clickable cloned\">\n<div class=\"ug-thumb-overlay\">\n<div class=\"ug-tile-icon ug-button-play ug-icon-zoom\"><\/div>\n<\/div>\n<\/div>\n<div class=\"ug-thumb-wrapper ug-tile ug-tile-clickable cloned\">\n<div class=\"ug-thumb-overlay\">\n<div class=\"ug-tile-icon ug-button-play ug-icon-zoom\"><\/div>\n<\/div>\n<p><img decoding=\"async\" class=\"ug-thumb-image ug-trans-enabled\" src=\"https:\/\/skamet.ee\/wp-content\/uploads\/2016\/02\/B-80-H1-300x243.jpg\" alt=\"B-80 H1\" \/><\/div>\n<div class=\"ug-thumb-wrapper ug-tile ug-tile-clickable cloned\">\n<div class=\"ug-thumb-overlay\">\n<div class=\"ug-tile-icon ug-button-play ug-icon-zoom\"><\/div>\n<\/div>\n<p><img decoding=\"async\" class=\"ug-thumb-image ug-trans-enabled\" src=\"https:\/\/skamet.ee\/wp-content\/uploads\/2016\/02\/B-80-V-268x300.jpg\" alt=\"B-80 V\" \/><\/div>\n<div class=\"ug-thumb-wrapper ug-tile ug-tile-clickable cloned\">\n<div class=\"ug-thumb-overlay\">\n<div class=\"ug-tile-icon ug-button-play ug-icon-zoom\"><\/div>\n<\/div>\n<\/div>\n<\/div>\n<\/div>\n<\/div>\n<p>&nbsp;<\/p>\n<table border=\"1\">\n<tbody>\n<tr>\n<td><b><\/b><b>Vakiotuotteiden parametrit:<\/b>:<\/td>\n<td><b><\/b><b>Eri vaihtoehtoja<\/b>:<\/td>\n<\/tr>\n<tr>\n<td>\u00bb Kuumavesis\u00e4ili\u00f6n tilavuus 80 \u2013 150 litraa;<br \/>\n\u00bb halkaisija 40 ja 45 cm;<br \/>\n\u00bb vaakasuora;<br \/>\n\u00bb pystysuora;<br \/>\n\u00bb musta metalli (paksuus 3mm) tai ruostumaton (paksuus 2mm).<\/td>\n<td>\u00bb Isommalla tai pienemm\u00e4ll\u00e4 tilavuudella;<br \/>\n\u00bb voidaan valmistaa my\u00f6s halkaisijalla 50 cm;<br \/>\n\u00bb vaakasuora kuumavesis\u00e4ili\u00f6 on vitsoilla: voidaan kiinnitt\u00e4\u00e4 sein\u00e4\u00e4n, lattiaan tai sis\u00e4kattoon;<br \/>\n\u00bb pystysuora kuumavesis\u00e4ili\u00f6 kiinnitet\u00e4\u00e4n sein\u00e4\u00e4n: vasen- tai oikeapuolinen;<br \/>\n\u00bb voidaan valmistaa my\u00f6s paksummasta materiaalista.<\/td>\n<\/tr>\n<\/tbody>\n<\/table>\n<h3><\/h3>\n<div class=\"dywp-alert grey\">\u00a0<b>Avatut kuumavesis\u00e4ili\u00f6t<\/b><b>\u00a0<\/b><\/div>\n<table border=\"0\">\n<tbody>\n<tr>\n<td><\/td>\n<td>Vakiokuumavesis\u00e4ili\u00f6iden halkaisija on 45 cm. Kaikissa on 3 nippaa: yksi \u00bd-tuuman ja kaksi 3\/4-tuuman.<br \/>\n<strong><b>Mitat l\u00f6ytyv\u00e4t k<a href=\"https:\/\/skamet.ee\/wp-content\/uploads\/2013\/12\/ENG_Boiler_2lk.pdf\" target=\"_blank\" rel=\"noopener\">\u00e4ytt\u00f6ohjeessa<\/a><\/b><a href=\"https:\/\/skamet.ee\/wp-content\/uploads\/2013\/12\/ENG_Boiler_2lk.pdf\" target=\"_blank\" rel=\"noopener\">\u00a0<\/a><\/strong><\/td>\n<\/tr>\n<\/tbody>\n<\/table>\n<p>&nbsp;<\/p>\n<div id=\"unitegallery_23_2\" class=\"unite-gallery ug-gallery-wrapper ug-under-480 ug-theme-carousel\">\n<div class=\"ug-carousel-wrapper\">\n<div class=\"ug-carousel-inner\">\n<div class=\"ug-thumb-wrapper ug-tile ug-tile-clickable cloned\">\n<div class=\"ug-thumb-overlay\">\n<div class=\"ug-tile-icon ug-button-play ug-icon-zoom\"><\/div>\n<\/div>\n<p><img decoding=\"async\" class=\"ug-thumb-image ug-trans-enabled\" src=\"https:\/\/skamet.ee\/wp-content\/uploads\/2013\/04\/IMG_20140701_164838_clipped_rev_1-290x300.png\" alt=\"IMG_20140701_164838_clipped_rev_1\" \/><\/div>\n<div class=\"ug-thumb-wrapper ug-tile ug-tile-clickable cloned\">\n<div class=\"ug-thumb-overlay\">\n<div class=\"ug-tile-icon ug-button-play ug-icon-zoom\"><\/div>\n<\/div>\n<p><img decoding=\"async\" class=\"ug-thumb-image ug-trans-enabled\" src=\"https:\/\/skamet.ee\/wp-content\/uploads\/2013\/04\/BO-110-300x264.jpg\" alt=\"BO-110\" \/><\/div>\n<div class=\"ug-thumb-wrapper ug-tile ug-tile-clickable cloned\">\n<div class=\"ug-thumb-overlay\">\n<div class=\"ug-tile-icon ug-button-play ug-icon-zoom\"><\/div>\n<\/div>\n<p><img decoding=\"async\" class=\"ug-thumb-image ug-trans-enabled\" src=\"https:\/\/skamet.ee\/wp-content\/uploads\/2013\/04\/P1090678-279x300.jpg\" alt=\"P1090678\" \/><\/div>\n<div class=\"ug-thumb-wrapper ug-tile ug-tile-clickable cloned\">\n<div class=\"ug-thumb-overlay\">\n<div class=\"ug-tile-icon ug-button-play ug-icon-zoom\"><\/div>\n<\/div>\n<p><img decoding=\"async\" class=\"ug-thumb-image ug-trans-enabled\" src=\"https:\/\/skamet.ee\/wp-content\/uploads\/2013\/04\/P1090677-278x300.jpg\" alt=\"P1090677\" \/><\/div>\n<div class=\"ug-thumb-wrapper ug-tile ug-tile-clickable cloned\">\n<div class=\"ug-thumb-overlay\">\n<div class=\"ug-tile-icon ug-button-play ug-icon-zoom\"><\/div>\n<\/div>\n<\/div>\n<\/div>\n<\/div>\n<\/div>\n<p>&nbsp;<\/p>\n<table border=\"1\">\n<tbody>\n<tr>\n<td><b><\/b><b>Vakiotuotteiden parametrit<\/b>:<\/td>\n<td><b>Eri vaihtoehtoja:<\/b><\/td>\n<\/tr>\n<tr>\n<td>\u00bb Kuumavesis\u00e4ili\u00f6n tilavuus 80 \u2013 150 litraa;<br \/>\n\u00bb halkaisija 45 cm;<br \/>\n\u00bb Pohjan alla nippa \u00bd\u201d, jota k\u00e4ytet\u00e4\u00e4n veden poistamiseen;<br \/>\n\u00bb jaloilla: korkeus 25cm;<br \/>\n\u00bb musta metalli (paksuus 3mm) tai ruostumaton (paksuus 2mm).<\/td>\n<td>\u00bb Pohjan alla nippa \u00bd\u201d, jota k\u00e4ytet\u00e4\u00e4n veden poistamiseen;<br \/>\n\u00bb jaloilla: korkeus 25cm;<br \/>\n\u00bb musta metalli (paksuus 3mm) tai ruostumaton (paksuus 2mm).<br \/>\n\u00bb voidaan valmistaa my\u00f6s nelikulmainen;<br \/>\n\u00bb voidaan valmistaa ilman jalkoja \u2013 sein\u00e4kiinnikkeill\u00e4;<\/td>\n<\/tr>\n<\/tbody>\n<\/table>\n<h3><\/h3>\n<div class=\"dywp-alert grey\"><b>Ymp\u00e4rill\u00e4 savuputki<\/b><b>\u00a0<\/b><\/div>\n<p><b>Valmistetaan yksimittaisia kuumavesis\u00e4ili\u00f6it\u00e4:<\/b><\/p>\n<table border=\"0\">\n<tbody>\n<tr>\n<td><\/td>\n<td>Avattu vedenl\u00e4mmitin on savuputken ymp\u00e4rille laitettava s\u00e4ili\u00f6, jonka t\u00e4ytt\u00e4misen yhteydess\u00e4 saadaan l\u00e4mmint\u00e4 l\u00f6ylyvett\u00e4. Vesi l\u00e4mpenee uunin l\u00e4mmityksen aikana. Veden l\u00e4mmitt\u00e4j\u00e4ksi on l\u00e4mpenev\u00e4 savuputki. Vakiotuotteiden lis\u00e4ksi voidaan valmistaa my\u00f6s erikoistilauksesta..\u00a0<strong><b>Mitat l\u00f6ytyv\u00e4t\u00a0<a href=\"https:\/\/skamet.ee\/wp-content\/uploads\/2013\/12\/ENG_Boiler_2lk.pdf\" target=\"_blank\" rel=\"noopener\">k\u00e4ytt\u00f6ohjeessa<\/a><\/b><\/strong><\/td>\n<\/tr>\n<\/tbody>\n<\/table>\n<p>&nbsp;<\/p>\n<div id=\"unitegallery_24_3\" class=\"unite-gallery ug-gallery-wrapper ug-under-480 ug-theme-carousel\">\n<div class=\"ug-carousel-wrapper\">\n<div class=\"ug-carousel-inner\">\n<div class=\"ug-thumb-wrapper ug-tile ug-tile-clickable cloned\">\n<div class=\"ug-thumb-overlay\">\n<div class=\"ug-tile-icon ug-button-play ug-icon-zoom\"><\/div>\n<\/div>\n<p><img decoding=\"async\" class=\"ug-thumb-image ug-trans-enabled\" src=\"https:\/\/skamet.ee\/wp-content\/uploads\/2013\/04\/IMG_20140220_101637_clipped_rev_1-259x300.png\" alt=\"IMG_20140220_101637_clipped_rev_1\" \/><\/div>\n<div class=\"ug-thumb-wrapper ug-tile ug-tile-clickable cloned\">\n<div class=\"ug-thumb-overlay\">\n<div class=\"ug-tile-icon ug-button-play ug-icon-zoom\"><\/div>\n<\/div>\n<p><img decoding=\"async\" class=\"ug-thumb-image ug-trans-enabled\" src=\"https:\/\/skamet.ee\/wp-content\/uploads\/2013\/04\/IMG_20140220_101619_clipped_rev_1-261x300.png\" alt=\"IMG_20140220_101619_clipped_rev_1\" \/><\/div>\n<div class=\"ug-thumb-wrapper ug-tile ug-tile-clickable cloned\">\n<div class=\"ug-thumb-overlay\">\n<div class=\"ug-tile-icon ug-button-play ug-icon-zoom\"><\/div>\n<\/div>\n<p><img decoding=\"async\" class=\"ug-thumb-image ug-trans-enabled\" src=\"https:\/\/skamet.ee\/wp-content\/uploads\/2015\/06\/BOT-22-RV-231x300.png\" alt=\"BOT-22 RV\" \/><\/div>\n<div class=\"ug-thumb-wrapper ug-tile ug-tile-clickable cloned\">\n<div class=\"ug-thumb-overlay\">\n<div class=\"ug-tile-icon ug-button-play ug-icon-zoom\"><\/div>\n<\/div>\n<\/div>\n<div class=\"ug-thumb-wrapper ug-tile ug-tile-clickable cloned\"><\/div>\n<\/div>\n<\/div>\n<\/div>\n<table border=\"1\">\n<tbody>\n<tr>\n<td><b><\/b><b>Vakiotuotteiden parametrit:<\/b>:<\/td>\n<td><b>Eri vaihtoehtoja:<\/b><\/td>\n<\/tr>\n<tr>\n<td>\u00bb halkaisija 30cm, tilavuus 25 litraa;<br \/>\n\u00bb yl\u00e4korkeus putkineen 65cm, s\u00e4ili\u00f6 41,5cm;<br \/>\n\u00bb avattava kansi;<br \/>\n\u00bb savuputken sis\u00e4halkaisija 115mm;<br \/>\n\u00bb yksi \u00bd-tuumainen nippa ulkokierteineen.<\/td>\n<td>\u00bb voidaan valmistaa pitemp\u00e4\u00e4;<br \/>\n<strong>\u00bb<\/strong>\u00a0suurempi tai pienempi;<br \/>\n\u00bb voidaan valmistaa my\u00f6s nelikulmainen;<br \/>\n<strong>\u00bb<\/strong>\u00a0ruostumaton ter\u00e4s.<\/td>\n<\/tr>\n<\/tbody>\n<\/table>\n","protected":false},"excerpt":{"rendered":"<p>Vakiokuumavesis\u00e4ili\u00f6it\u00e4mme on valmistettu 1990-luvun keskelt\u00e4. Vakiotuote on sis\u00e4lt\u00e4 tyhj\u00e4. Vesis\u00e4ili\u00f6 tulee liitt\u00e4\u00e4 puul\u00e4mmitteiseen uuniin tai lieteen. Vesi l\u00e4mmitet\u00e4\u00e4n luonnollisella kiertovesij\u00e4rjestelm\u00e4ll\u00e4.<\/p>\n","protected":false},"featured_media":40574,"template":"","meta":{"_lmt_disableupdate":"","_lmt_disable":""},"product_brand":[],"product_cat":[971],"product_tag":[],"class_list":{"0":"post-41182","1":"product","2":"type-product","3":"status-publish","4":"has-post-thumbnail","6":"product_cat-vesisailiot","7":"pa_diameeter-115-mm-fi","8":"pa_diameeter-40-cm-fi","9":"pa_diameeter-45-cm-fi","10":"pa_maht-110l-fi","11":"pa_maht-150l-fi","12":"pa_maht-25l-fi","13":"pa_maht-80l-fi","15":"first","16":"instock","17":"shipping-taxable","18":"product-type-simple"},"yoast_head":"<!-- This site is optimized with the Yoast SEO plugin v27.0 - https:\/\/yoast.com\/product\/yoast-seo-wordpress\/ -->\n<title>Kuumavesis\u00e4ili\u00f6t - Skamet O\u00dc<\/title>\n<meta name=\"robots\" content=\"index, follow, max-snippet:-1, max-image-preview:large, max-video-preview:-1\" \/>\n<link rel=\"canonical\" href=\"https:\/\/www.skamet.ee\/fi\/tooted\/kuumavesisailiot\/\" \/>\n<meta property=\"og:locale\" content=\"fi_FI\" \/>\n<meta property=\"og:type\" content=\"article\" \/>\n<meta property=\"og:title\" content=\"Kuumavesis\u00e4ili\u00f6t - Skamet O\u00dc\" \/>\n<meta property=\"og:description\" content=\"Vakiokuumavesis\u00e4ili\u00f6it\u00e4mme on valmistettu 1990-luvun keskelt\u00e4. Vakiotuote on sis\u00e4lt\u00e4 tyhj\u00e4. Vesis\u00e4ili\u00f6 tulee liitt\u00e4\u00e4 puul\u00e4mmitteiseen uuniin tai lieteen. Vesi l\u00e4mmitet\u00e4\u00e4n luonnollisella kiertovesij\u00e4rjestelm\u00e4ll\u00e4.\" \/>\n<meta property=\"og:url\" content=\"https:\/\/www.skamet.ee\/fi\/tooted\/kuumavesisailiot\/\" \/>\n<meta property=\"og:site_name\" content=\"Skamet O\u00dc\" \/>\n<meta property=\"article:modified_time\" content=\"2021-05-19T05:17:13+00:00\" \/>\n<meta property=\"og:image\" content=\"https:\/\/www.skamet.ee\/wp-content\/uploads\/2021\/03\/IMG_20140220_101619_clipped_rev_1-261x300-1.png\" \/>\n\t<meta property=\"og:image:width\" content=\"261\" \/>\n\t<meta property=\"og:image:height\" content=\"300\" \/>\n\t<meta property=\"og:image:type\" content=\"image\/png\" \/>\n<meta name=\"twitter:card\" content=\"summary_large_image\" \/>\n<meta name=\"twitter:label1\" content=\"Arvioitu lukuaika\" \/>\n\t<meta name=\"twitter:data1\" content=\"4 minuuttia\" \/>\n<script type=\"application\/ld+json\" class=\"yoast-schema-graph\">{\"@context\":\"https:\/\/schema.org\",\"@graph\":[{\"@type\":\"WebPage\",\"@id\":\"https:\/\/www.skamet.ee\/fi\/tooted\/kuumavesisailiot\/\",\"url\":\"https:\/\/www.skamet.ee\/fi\/tooted\/kuumavesisailiot\/\",\"name\":\"Kuumavesis\u00e4ili\u00f6t - Skamet O\u00dc\",\"isPartOf\":{\"@id\":\"https:\/\/www.skamet.ee\/#website\"},\"primaryImageOfPage\":{\"@id\":\"https:\/\/www.skamet.ee\/fi\/tooted\/kuumavesisailiot\/#primaryimage\"},\"image\":{\"@id\":\"https:\/\/www.skamet.ee\/fi\/tooted\/kuumavesisailiot\/#primaryimage\"},\"thumbnailUrl\":\"https:\/\/www.skamet.ee\/wp-content\/uploads\/2021\/03\/IMG_20140220_101619_clipped_rev_1-261x300-1.png\",\"datePublished\":\"2021-05-10T07:20:42+00:00\",\"dateModified\":\"2021-05-19T05:17:13+00:00\",\"breadcrumb\":{\"@id\":\"https:\/\/www.skamet.ee\/fi\/tooted\/kuumavesisailiot\/#breadcrumb\"},\"inLanguage\":\"fi\",\"potentialAction\":[{\"@type\":\"ReadAction\",\"target\":[\"https:\/\/www.skamet.ee\/fi\/tooted\/kuumavesisailiot\/\"]}]},{\"@type\":\"ImageObject\",\"inLanguage\":\"fi\",\"@id\":\"https:\/\/www.skamet.ee\/fi\/tooted\/kuumavesisailiot\/#primaryimage\",\"url\":\"https:\/\/www.skamet.ee\/wp-content\/uploads\/2021\/03\/IMG_20140220_101619_clipped_rev_1-261x300-1.png\",\"contentUrl\":\"https:\/\/www.skamet.ee\/wp-content\/uploads\/2021\/03\/IMG_20140220_101619_clipped_rev_1-261x300-1.png\",\"width\":261,\"height\":300,\"caption\":\"IMG 20140220 101619 clipped rev 1 261x300 1\"},{\"@type\":\"BreadcrumbList\",\"@id\":\"https:\/\/www.skamet.ee\/fi\/tooted\/kuumavesisailiot\/#breadcrumb\",\"itemListElement\":[{\"@type\":\"ListItem\",\"position\":1,\"name\":\"Home\",\"item\":\"https:\/\/www.skamet.ee\/fi\/\"},{\"@type\":\"ListItem\",\"position\":2,\"name\":\"Tuotteet\",\"item\":\"https:\/\/www.skamet.ee\/fi\/shop-2\/\"},{\"@type\":\"ListItem\",\"position\":3,\"name\":\"Kuumavesis\u00e4ili\u00f6t\"}]},{\"@type\":\"WebSite\",\"@id\":\"https:\/\/www.skamet.ee\/#website\",\"url\":\"https:\/\/www.skamet.ee\/\",\"name\":\"Skamet O\u00dc\",\"description\":\"Efektiivsed puuk\u00fcttega saunaahjud Eesti tootjalt\",\"publisher\":{\"@id\":\"https:\/\/www.skamet.ee\/#organization\"},\"potentialAction\":[{\"@type\":\"SearchAction\",\"target\":{\"@type\":\"EntryPoint\",\"urlTemplate\":\"https:\/\/www.skamet.ee\/?s={search_term_string}\"},\"query-input\":{\"@type\":\"PropertyValueSpecification\",\"valueRequired\":true,\"valueName\":\"search_term_string\"}}],\"inLanguage\":\"fi\"},{\"@type\":\"Organization\",\"@id\":\"https:\/\/www.skamet.ee\/#organization\",\"name\":\"Skamet\",\"url\":\"https:\/\/www.skamet.ee\/\",\"logo\":{\"@type\":\"ImageObject\",\"inLanguage\":\"fi\",\"@id\":\"https:\/\/www.skamet.ee\/#\/schema\/logo\/image\/\",\"url\":\"https:\/\/www.skamet.ee\/wp-content\/uploads\/2015\/05\/logo-uus.png\",\"contentUrl\":\"https:\/\/www.skamet.ee\/wp-content\/uploads\/2015\/05\/logo-uus.png\",\"width\":300,\"height\":127,\"caption\":\"Skamet\"},\"image\":{\"@id\":\"https:\/\/www.skamet.ee\/#\/schema\/logo\/image\/\"}}]}<\/script>\n<!-- \/ Yoast SEO plugin. -->","yoast_head_json":{"title":"Kuumavesis\u00e4ili\u00f6t - Skamet O\u00dc","robots":{"index":"index","follow":"follow","max-snippet":"max-snippet:-1","max-image-preview":"max-image-preview:large","max-video-preview":"max-video-preview:-1"},"canonical":"https:\/\/www.skamet.ee\/fi\/tooted\/kuumavesisailiot\/","og_locale":"fi_FI","og_type":"article","og_title":"Kuumavesis\u00e4ili\u00f6t - Skamet O\u00dc","og_description":"Vakiokuumavesis\u00e4ili\u00f6it\u00e4mme on valmistettu 1990-luvun keskelt\u00e4. Vakiotuote on sis\u00e4lt\u00e4 tyhj\u00e4. Vesis\u00e4ili\u00f6 tulee liitt\u00e4\u00e4 puul\u00e4mmitteiseen uuniin tai lieteen. Vesi l\u00e4mmitet\u00e4\u00e4n luonnollisella kiertovesij\u00e4rjestelm\u00e4ll\u00e4.","og_url":"https:\/\/www.skamet.ee\/fi\/tooted\/kuumavesisailiot\/","og_site_name":"Skamet O\u00dc","article_modified_time":"2021-05-19T05:17:13+00:00","og_image":[{"width":261,"height":300,"url":"https:\/\/www.skamet.ee\/wp-content\/uploads\/2021\/03\/IMG_20140220_101619_clipped_rev_1-261x300-1.png","type":"image\/png"}],"twitter_card":"summary_large_image","twitter_misc":{"Arvioitu lukuaika":"4 minuuttia"},"schema":{"@context":"https:\/\/schema.org","@graph":[{"@type":"WebPage","@id":"https:\/\/www.skamet.ee\/fi\/tooted\/kuumavesisailiot\/","url":"https:\/\/www.skamet.ee\/fi\/tooted\/kuumavesisailiot\/","name":"Kuumavesis\u00e4ili\u00f6t - Skamet O\u00dc","isPartOf":{"@id":"https:\/\/www.skamet.ee\/#website"},"primaryImageOfPage":{"@id":"https:\/\/www.skamet.ee\/fi\/tooted\/kuumavesisailiot\/#primaryimage"},"image":{"@id":"https:\/\/www.skamet.ee\/fi\/tooted\/kuumavesisailiot\/#primaryimage"},"thumbnailUrl":"https:\/\/www.skamet.ee\/wp-content\/uploads\/2021\/03\/IMG_20140220_101619_clipped_rev_1-261x300-1.png","datePublished":"2021-05-10T07:20:42+00:00","dateModified":"2021-05-19T05:17:13+00:00","breadcrumb":{"@id":"https:\/\/www.skamet.ee\/fi\/tooted\/kuumavesisailiot\/#breadcrumb"},"inLanguage":"fi","potentialAction":[{"@type":"ReadAction","target":["https:\/\/www.skamet.ee\/fi\/tooted\/kuumavesisailiot\/"]}]},{"@type":"ImageObject","inLanguage":"fi","@id":"https:\/\/www.skamet.ee\/fi\/tooted\/kuumavesisailiot\/#primaryimage","url":"https:\/\/www.skamet.ee\/wp-content\/uploads\/2021\/03\/IMG_20140220_101619_clipped_rev_1-261x300-1.png","contentUrl":"https:\/\/www.skamet.ee\/wp-content\/uploads\/2021\/03\/IMG_20140220_101619_clipped_rev_1-261x300-1.png","width":261,"height":300,"caption":"IMG 20140220 101619 clipped rev 1 261x300 1"},{"@type":"BreadcrumbList","@id":"https:\/\/www.skamet.ee\/fi\/tooted\/kuumavesisailiot\/#breadcrumb","itemListElement":[{"@type":"ListItem","position":1,"name":"Home","item":"https:\/\/www.skamet.ee\/fi\/"},{"@type":"ListItem","position":2,"name":"Tuotteet","item":"https:\/\/www.skamet.ee\/fi\/shop-2\/"},{"@type":"ListItem","position":3,"name":"Kuumavesis\u00e4ili\u00f6t"}]},{"@type":"WebSite","@id":"https:\/\/www.skamet.ee\/#website","url":"https:\/\/www.skamet.ee\/","name":"Skamet O\u00dc","description":"Efektiivsed puuk\u00fcttega saunaahjud Eesti tootjalt","publisher":{"@id":"https:\/\/www.skamet.ee\/#organization"},"potentialAction":[{"@type":"SearchAction","target":{"@type":"EntryPoint","urlTemplate":"https:\/\/www.skamet.ee\/?s={search_term_string}"},"query-input":{"@type":"PropertyValueSpecification","valueRequired":true,"valueName":"search_term_string"}}],"inLanguage":"fi"},{"@type":"Organization","@id":"https:\/\/www.skamet.ee\/#organization","name":"Skamet","url":"https:\/\/www.skamet.ee\/","logo":{"@type":"ImageObject","inLanguage":"fi","@id":"https:\/\/www.skamet.ee\/#\/schema\/logo\/image\/","url":"https:\/\/www.skamet.ee\/wp-content\/uploads\/2015\/05\/logo-uus.png","contentUrl":"https:\/\/www.skamet.ee\/wp-content\/uploads\/2015\/05\/logo-uus.png","width":300,"height":127,"caption":"Skamet"},"image":{"@id":"https:\/\/www.skamet.ee\/#\/schema\/logo\/image\/"}}]}},"_links":{"self":[{"href":"https:\/\/www.skamet.ee\/fi\/wp-json\/wp\/v2\/product\/41182","targetHints":{"allow":["GET"]}}],"collection":[{"href":"https:\/\/www.skamet.ee\/fi\/wp-json\/wp\/v2\/product"}],"about":[{"href":"https:\/\/www.skamet.ee\/fi\/wp-json\/wp\/v2\/types\/product"}],"version-history":[{"count":1,"href":"https:\/\/www.skamet.ee\/fi\/wp-json\/wp\/v2\/product\/41182\/revisions"}],"predecessor-version":[{"id":41183,"href":"https:\/\/www.skamet.ee\/fi\/wp-json\/wp\/v2\/product\/41182\/revisions\/41183"}],"wp:featuredmedia":[{"embeddable":true,"href":"https:\/\/www.skamet.ee\/fi\/wp-json\/wp\/v2\/media\/40574"}],"wp:attachment":[{"href":"https:\/\/www.skamet.ee\/fi\/wp-json\/wp\/v2\/media?parent=41182"}],"wp:term":[{"taxonomy":"product_brand","embeddable":true,"href":"https:\/\/www.skamet.ee\/fi\/wp-json\/wp\/v2\/product_brand?post=41182"},{"taxonomy":"product_cat","embeddable":true,"href":"https:\/\/www.skamet.ee\/fi\/wp-json\/wp\/v2\/product_cat?post=41182"},{"taxonomy":"product_tag","embeddable":true,"href":"https:\/\/www.skamet.ee\/fi\/wp-json\/wp\/v2\/product_tag?post=41182"}],"curies":[{"name":"wp","href":"https:\/\/api.w.org\/{rel}","templated":true}]}}