{"id":41184,"date":"2021-03-24T11:39:23","date_gmt":"2021-05-10T07:34:15","guid":{"rendered":"https:\/\/uus.skamet.ee\/?post_type=product&#038;p=41184"},"modified":"2021-05-19T08:16:39","modified_gmt":"2021-05-19T05:16:39","slug":"varaaja","status":"publish","type":"product","link":"https:\/\/www.skamet.ee\/fi\/tooted\/varaaja\/","title":{"rendered":"Varaaja"},"content":{"rendered":"<p>Kuumavesis\u00e4ili\u00f6iden lis\u00e4ksi valmistamme my\u00f6s erilaisia varaajia. Valmistamme niit\u00e4 asiakkaan piirustuksien tai luonnoksien mukaan.<\/p>\n<div id=\"unitegallery_44_1\" class=\"unite-gallery ug-gallery-wrapper ug-under-480 ug-theme-carousel\">\n<div class=\"ug-carousel-wrapper\">\n<div class=\"ug-carousel-inner\">\n<div class=\"ug-thumb-wrapper ug-tile ug-tile-clickable cloned\"><img decoding=\"async\" class=\"ug-thumb-image ug-trans-enabled\" src=\"https:\/\/skamet.ee\/wp-content\/uploads\/2013\/04\/Akupaak-p%C3%B5hi-1250mm-6-280x300.jpg\" alt=\"OLYMPUS DIGITAL CAMERA\" \/><\/div>\n<div class=\"ug-thumb-wrapper ug-tile ug-tile-clickable cloned\">\n<div class=\"ug-thumb-overlay\">\n<div class=\"ug-tile-icon ug-button-play ug-icon-zoom\"><\/div>\n<\/div>\n<p><img decoding=\"async\" class=\"ug-thumb-image ug-trans-enabled\" src=\"https:\/\/skamet.ee\/wp-content\/uploads\/2013\/04\/Akupaak-p%C3%B5hi-1250mm-5-300x256.jpg\" alt=\"OLYMPUS DIGITAL CAMERA\" \/><\/div>\n<div class=\"ug-thumb-wrapper ug-tile ug-tile-clickable ug-thumb-ratio-set\">\n<div class=\"ug-thumb-overlay\">\n<div class=\"ug-tile-icon ug-button-play ug-icon-zoom\"><\/div>\n<\/div>\n<p><img decoding=\"async\" class=\"ug-thumb-image ug-trans-enabled\" src=\"https:\/\/skamet.ee\/wp-content\/uploads\/2013\/04\/akupaak_800mm-4_clipped_rev_1-293x300.png\" alt=\"akupaak_800mm (4)_clipped_rev_1\" \/><\/div>\n<\/div>\n<\/div>\n<\/div>\n<p>&nbsp;<\/p>\n<h3><strong>Eri vaihtoehtoja:<\/strong><\/h3>\n<table border=\"0\">\n<tbody>\n<tr>\n<td>\u00bb Halkaisijat 50 \u2013 120 cm;<br \/>\n\u00bb lieri\u00f6m\u00e4inen tai nelikulmainen;<br \/>\n\u00bb musta metallia tai ruostumatonta;<br \/>\n\u00bb jaloilla tai ilman;<br \/>\n\u00bb eri laipoilla tai ilman.<\/td>\n<\/tr>\n<\/tbody>\n<\/table>\n","protected":false},"excerpt":{"rendered":"<p>Kuumavesis\u00e4ili\u00f6iden lis\u00e4ksi valmistamme my\u00f6s erilaisia varaajia. Valmistamme niit\u00e4 asiakkaan piirustuksien tai luonnoksien mukaan. &nbsp; Eri vaihtoehtoja: \u00bb Halkaisijat 50 \u2013<\/p>\n","protected":false},"featured_media":39641,"template":"","meta":{"_lmt_disableupdate":"","_lmt_disable":""},"product_brand":[],"product_cat":[971],"product_tag":[],"class_list":{"0":"post-41184","1":"product","2":"type-product","3":"status-publish","4":"has-post-thumbnail","6":"product_cat-vesisailiot","8":"first","9":"instock","10":"shipping-taxable","11":"product-type-simple"},"yoast_head":"<!-- This site is optimized with the Yoast SEO plugin v27.0 - https:\/\/yoast.com\/product\/yoast-seo-wordpress\/ -->\n<title>Varaaja - Skamet O\u00dc<\/title>\n<meta name=\"robots\" content=\"index, follow, max-snippet:-1, max-image-preview:large, max-video-preview:-1\" \/>\n<link rel=\"canonical\" href=\"https:\/\/www.skamet.ee\/tooted\/akumulatsiooni-paak\/\" \/>\n<meta property=\"og:locale\" content=\"fi_FI\" \/>\n<meta property=\"og:type\" content=\"article\" \/>\n<meta property=\"og:title\" content=\"Varaaja - Skamet O\u00dc\" \/>\n<meta property=\"og:description\" content=\"Kuumavesis\u00e4ili\u00f6iden lis\u00e4ksi valmistamme my\u00f6s erilaisia varaajia. Valmistamme niit\u00e4 asiakkaan piirustuksien tai luonnoksien mukaan. &nbsp; Eri vaihtoehtoja: \u00bb Halkaisijat 50 \u2013\" \/>\n<meta property=\"og:url\" content=\"https:\/\/www.skamet.ee\/tooted\/akumulatsiooni-paak\/\" \/>\n<meta property=\"og:site_name\" content=\"Skamet O\u00dc\" \/>\n<meta property=\"article:modified_time\" content=\"2021-05-19T05:16:39+00:00\" \/>\n<meta property=\"og:image\" content=\"https:\/\/www.skamet.ee\/wp-content\/uploads\/2021\/03\/akupaak_800mm.png\" \/>\n\t<meta property=\"og:image:width\" content=\"1024\" \/>\n\t<meta property=\"og:image:height\" content=\"1049\" \/>\n\t<meta property=\"og:image:type\" content=\"image\/png\" \/>\n<meta name=\"twitter:card\" content=\"summary_large_image\" \/>\n<meta name=\"twitter:label1\" content=\"Arvioitu lukuaika\" \/>\n\t<meta name=\"twitter:data1\" content=\"1 minuutti\" \/>\n<script type=\"application\/ld+json\" class=\"yoast-schema-graph\">{\"@context\":\"https:\/\/schema.org\",\"@graph\":[{\"@type\":\"WebPage\",\"@id\":\"https:\/\/www.skamet.ee\/tooted\/akumulatsiooni-paak\/\",\"url\":\"https:\/\/www.skamet.ee\/tooted\/akumulatsiooni-paak\/\",\"name\":\"Varaaja - Skamet O\u00dc\",\"isPartOf\":{\"@id\":\"https:\/\/www.skamet.ee\/#website\"},\"primaryImageOfPage\":{\"@id\":\"https:\/\/www.skamet.ee\/tooted\/akumulatsiooni-paak\/#primaryimage\"},\"image\":{\"@id\":\"https:\/\/www.skamet.ee\/tooted\/akumulatsiooni-paak\/#primaryimage\"},\"thumbnailUrl\":\"https:\/\/www.skamet.ee\/wp-content\/uploads\/2021\/03\/akupaak_800mm.png\",\"datePublished\":\"2021-05-10T07:34:15+00:00\",\"dateModified\":\"2021-05-19T05:16:39+00:00\",\"breadcrumb\":{\"@id\":\"https:\/\/www.skamet.ee\/tooted\/akumulatsiooni-paak\/#breadcrumb\"},\"inLanguage\":\"fi\",\"potentialAction\":[{\"@type\":\"ReadAction\",\"target\":[\"https:\/\/www.skamet.ee\/tooted\/akumulatsiooni-paak\/\"]}]},{\"@type\":\"ImageObject\",\"inLanguage\":\"fi\",\"@id\":\"https:\/\/www.skamet.ee\/tooted\/akumulatsiooni-paak\/#primaryimage\",\"url\":\"https:\/\/www.skamet.ee\/wp-content\/uploads\/2021\/03\/akupaak_800mm.png\",\"contentUrl\":\"https:\/\/www.skamet.ee\/wp-content\/uploads\/2021\/03\/akupaak_800mm.png\",\"width\":1024,\"height\":1049,\"caption\":\"akupaak 800mm\"},{\"@type\":\"BreadcrumbList\",\"@id\":\"https:\/\/www.skamet.ee\/tooted\/akumulatsiooni-paak\/#breadcrumb\",\"itemListElement\":[{\"@type\":\"ListItem\",\"position\":1,\"name\":\"Home\",\"item\":\"https:\/\/www.skamet.ee\/fi\/\"},{\"@type\":\"ListItem\",\"position\":2,\"name\":\"Tuotteet\",\"item\":\"https:\/\/www.skamet.ee\/fi\/shop-2\/\"},{\"@type\":\"ListItem\",\"position\":3,\"name\":\"Varaaja\"}]},{\"@type\":\"WebSite\",\"@id\":\"https:\/\/www.skamet.ee\/#website\",\"url\":\"https:\/\/www.skamet.ee\/\",\"name\":\"Skamet O\u00dc\",\"description\":\"Efektiivsed puuk\u00fcttega saunaahjud Eesti tootjalt\",\"publisher\":{\"@id\":\"https:\/\/www.skamet.ee\/#organization\"},\"potentialAction\":[{\"@type\":\"SearchAction\",\"target\":{\"@type\":\"EntryPoint\",\"urlTemplate\":\"https:\/\/www.skamet.ee\/?s={search_term_string}\"},\"query-input\":{\"@type\":\"PropertyValueSpecification\",\"valueRequired\":true,\"valueName\":\"search_term_string\"}}],\"inLanguage\":\"fi\"},{\"@type\":\"Organization\",\"@id\":\"https:\/\/www.skamet.ee\/#organization\",\"name\":\"Skamet\",\"url\":\"https:\/\/www.skamet.ee\/\",\"logo\":{\"@type\":\"ImageObject\",\"inLanguage\":\"fi\",\"@id\":\"https:\/\/www.skamet.ee\/#\/schema\/logo\/image\/\",\"url\":\"https:\/\/www.skamet.ee\/wp-content\/uploads\/2015\/05\/logo-uus.png\",\"contentUrl\":\"https:\/\/www.skamet.ee\/wp-content\/uploads\/2015\/05\/logo-uus.png\",\"width\":300,\"height\":127,\"caption\":\"Skamet\"},\"image\":{\"@id\":\"https:\/\/www.skamet.ee\/#\/schema\/logo\/image\/\"}}]}<\/script>\n<!-- \/ Yoast SEO plugin. -->","yoast_head_json":{"title":"Varaaja - Skamet O\u00dc","robots":{"index":"index","follow":"follow","max-snippet":"max-snippet:-1","max-image-preview":"max-image-preview:large","max-video-preview":"max-video-preview:-1"},"canonical":"https:\/\/www.skamet.ee\/tooted\/akumulatsiooni-paak\/","og_locale":"fi_FI","og_type":"article","og_title":"Varaaja - Skamet O\u00dc","og_description":"Kuumavesis\u00e4ili\u00f6iden lis\u00e4ksi valmistamme my\u00f6s erilaisia varaajia. Valmistamme niit\u00e4 asiakkaan piirustuksien tai luonnoksien mukaan. &nbsp; Eri vaihtoehtoja: \u00bb Halkaisijat 50 \u2013","og_url":"https:\/\/www.skamet.ee\/tooted\/akumulatsiooni-paak\/","og_site_name":"Skamet O\u00dc","article_modified_time":"2021-05-19T05:16:39+00:00","og_image":[{"width":1024,"height":1049,"url":"https:\/\/www.skamet.ee\/wp-content\/uploads\/2021\/03\/akupaak_800mm.png","type":"image\/png"}],"twitter_card":"summary_large_image","twitter_misc":{"Arvioitu lukuaika":"1 minuutti"},"schema":{"@context":"https:\/\/schema.org","@graph":[{"@type":"WebPage","@id":"https:\/\/www.skamet.ee\/tooted\/akumulatsiooni-paak\/","url":"https:\/\/www.skamet.ee\/tooted\/akumulatsiooni-paak\/","name":"Varaaja - Skamet O\u00dc","isPartOf":{"@id":"https:\/\/www.skamet.ee\/#website"},"primaryImageOfPage":{"@id":"https:\/\/www.skamet.ee\/tooted\/akumulatsiooni-paak\/#primaryimage"},"image":{"@id":"https:\/\/www.skamet.ee\/tooted\/akumulatsiooni-paak\/#primaryimage"},"thumbnailUrl":"https:\/\/www.skamet.ee\/wp-content\/uploads\/2021\/03\/akupaak_800mm.png","datePublished":"2021-05-10T07:34:15+00:00","dateModified":"2021-05-19T05:16:39+00:00","breadcrumb":{"@id":"https:\/\/www.skamet.ee\/tooted\/akumulatsiooni-paak\/#breadcrumb"},"inLanguage":"fi","potentialAction":[{"@type":"ReadAction","target":["https:\/\/www.skamet.ee\/tooted\/akumulatsiooni-paak\/"]}]},{"@type":"ImageObject","inLanguage":"fi","@id":"https:\/\/www.skamet.ee\/tooted\/akumulatsiooni-paak\/#primaryimage","url":"https:\/\/www.skamet.ee\/wp-content\/uploads\/2021\/03\/akupaak_800mm.png","contentUrl":"https:\/\/www.skamet.ee\/wp-content\/uploads\/2021\/03\/akupaak_800mm.png","width":1024,"height":1049,"caption":"akupaak 800mm"},{"@type":"BreadcrumbList","@id":"https:\/\/www.skamet.ee\/tooted\/akumulatsiooni-paak\/#breadcrumb","itemListElement":[{"@type":"ListItem","position":1,"name":"Home","item":"https:\/\/www.skamet.ee\/fi\/"},{"@type":"ListItem","position":2,"name":"Tuotteet","item":"https:\/\/www.skamet.ee\/fi\/shop-2\/"},{"@type":"ListItem","position":3,"name":"Varaaja"}]},{"@type":"WebSite","@id":"https:\/\/www.skamet.ee\/#website","url":"https:\/\/www.skamet.ee\/","name":"Skamet O\u00dc","description":"Efektiivsed puuk\u00fcttega saunaahjud Eesti tootjalt","publisher":{"@id":"https:\/\/www.skamet.ee\/#organization"},"potentialAction":[{"@type":"SearchAction","target":{"@type":"EntryPoint","urlTemplate":"https:\/\/www.skamet.ee\/?s={search_term_string}"},"query-input":{"@type":"PropertyValueSpecification","valueRequired":true,"valueName":"search_term_string"}}],"inLanguage":"fi"},{"@type":"Organization","@id":"https:\/\/www.skamet.ee\/#organization","name":"Skamet","url":"https:\/\/www.skamet.ee\/","logo":{"@type":"ImageObject","inLanguage":"fi","@id":"https:\/\/www.skamet.ee\/#\/schema\/logo\/image\/","url":"https:\/\/www.skamet.ee\/wp-content\/uploads\/2015\/05\/logo-uus.png","contentUrl":"https:\/\/www.skamet.ee\/wp-content\/uploads\/2015\/05\/logo-uus.png","width":300,"height":127,"caption":"Skamet"},"image":{"@id":"https:\/\/www.skamet.ee\/#\/schema\/logo\/image\/"}}]}},"_links":{"self":[{"href":"https:\/\/www.skamet.ee\/fi\/wp-json\/wp\/v2\/product\/41184","targetHints":{"allow":["GET"]}}],"collection":[{"href":"https:\/\/www.skamet.ee\/fi\/wp-json\/wp\/v2\/product"}],"about":[{"href":"https:\/\/www.skamet.ee\/fi\/wp-json\/wp\/v2\/types\/product"}],"version-history":[{"count":2,"href":"https:\/\/www.skamet.ee\/fi\/wp-json\/wp\/v2\/product\/41184\/revisions"}],"predecessor-version":[{"id":42536,"href":"https:\/\/www.skamet.ee\/fi\/wp-json\/wp\/v2\/product\/41184\/revisions\/42536"}],"wp:featuredmedia":[{"embeddable":true,"href":"https:\/\/www.skamet.ee\/fi\/wp-json\/wp\/v2\/media\/39641"}],"wp:attachment":[{"href":"https:\/\/www.skamet.ee\/fi\/wp-json\/wp\/v2\/media?parent=41184"}],"wp:term":[{"taxonomy":"product_brand","embeddable":true,"href":"https:\/\/www.skamet.ee\/fi\/wp-json\/wp\/v2\/product_brand?post=41184"},{"taxonomy":"product_cat","embeddable":true,"href":"https:\/\/www.skamet.ee\/fi\/wp-json\/wp\/v2\/product_cat?post=41184"},{"taxonomy":"product_tag","embeddable":true,"href":"https:\/\/www.skamet.ee\/fi\/wp-json\/wp\/v2\/product_tag?post=41184"}],"curies":[{"name":"wp","href":"https:\/\/api.w.org\/{rel}","templated":true}]}}