{"id":41187,"date":"2021-05-10T10:36:58","date_gmt":"2021-05-10T07:36:58","guid":{"rendered":"https:\/\/uus.skamet.ee\/?post_type=product&#038;p=41187"},"modified":"2026-01-22T18:03:05","modified_gmt":"2026-01-22T16:03:05","slug":"savuputket","status":"publish","type":"product","link":"https:\/\/www.skamet.ee\/fi\/tooted\/savuputket\/","title":{"rendered":"Savuputket"},"content":{"rendered":"<p>Skamet O\u00dc valmistaa eri halkaisijalla ja \u2013mittaisia yksisein\u00e4isi\u00e4 savuputkia. Suorien putkien lis\u00e4ksi valmistamme savuputken mutkia ja \u2013peltej\u00e4 sek\u00e4 saunauuneille ett\u00e4 takoille. Vakiotuotteiden sein\u00e4n paksuus on 1,2 mm. Voidaan valmistaa my\u00f6s paksummasta materiaalista. Kaikki savuputket ovat mustaa metallia. Tuotevalikoimastamme l\u00f6ytyy erilaisia koristelistoja ja savuputken verkkoja, jotka laitetaan savuputken ymp\u00e4rille.<\/p>\n<div class=\"dywp-alert grey\">\u00a0<b>Suorat putket<\/b><b>\u00a0<\/b><\/div>\n<p>Suorilla savuputkilla oleva halkaisija on sis\u00e4mitta. Kaikilla suorilla putkilla on toisessa p\u00e4\u00e4ss\u00e4 muhvi (muhvin ulkohalkaisija on sama kuin toisessa p\u00e4\u00e4ss\u00e4 sis\u00e4halkaisija), jolla pystyt\u00e4\u00e4n liitt\u00e4m\u00e4\u00e4n putket toisiinsa.<\/p>\n<p><strong><b>Mitat l\u00f6ytyv\u00e4t k\u00e4ytt\u00f6ohjeessa<\/b><\/strong><\/p>\n<p>&nbsp;<\/p>\n<div id=\"unitegallery_25_1\" class=\"unite-gallery ug-gallery-wrapper ug-under-480 ug-theme-carousel\">\n<div class=\"ug-carousel-wrapper\">\n<div class=\"ug-carousel-inner\">\n<div class=\"ug-thumb-wrapper ug-tile ug-tile-clickable cloned\">\n<div class=\"ug-thumb-overlay\">\n<div class=\"ug-tile-icon ug-button-play ug-icon-zoom\"><\/div>\n<\/div>\n<p><img decoding=\"async\" class=\"ug-thumb-image ug-trans-enabled\" src=\"https:\/\/skamet.ee\/wp-content\/uploads\/2012\/12\/T-115-300x272.png\" alt=\"T-115\" \/><\/p>\n<\/div>\n<div class=\"ug-thumb-wrapper ug-tile ug-tile-clickable cloned\">\n<div class=\"ug-thumb-overlay\">\n<div class=\"ug-tile-icon ug-button-play ug-icon-zoom\"><\/div>\n<\/div>\n<p><img decoding=\"async\" class=\"ug-thumb-image ug-trans-enabled\" src=\"https:\/\/skamet.ee\/wp-content\/uploads\/2012\/12\/suitsutoru-200x300.jpg\" alt=\"suitsutoru\" \/><\/p>\n<\/div>\n<\/div>\n<\/div>\n<\/div>\n<p>&nbsp;<\/p>\n<table border=\"1\">\n<tbody>\n<tr>\n<td><b><\/b><b>Vakiotuotteiden parametrit<\/b>:<\/td>\n<td><b><\/b><b>Eri vaihtoehtoja<\/b>:<\/td>\n<\/tr>\n<tr>\n<td>\u00bb Halkaisija 103 mm \u2013 200 mm;<br \/>\n\u00bb materiaali musta metalli;<br \/>\n\u00bb Pituudet 200mm \u2013 1000mm;<br \/>\n\u00bb paksuus 1,2 mm.<\/td>\n<td>\u00bb Voidaan valmistaa muulla halkaisijalla kuin vakiotuotteessa;<br \/>\n\u00bb voidaan valmistaa my\u00f6s ruostumattomasta;<br \/>\n\u00bb voidaan valmistaa pitempi\u00e4 \u2013 jatkoliitokset hitsataan;<br \/>\n\u00bb voidaan valmistaa my\u00f6s paksummasta materiaalista.<\/td>\n<\/tr>\n<\/tbody>\n<\/table>\n<p>&nbsp;<\/p>\n<div class=\"dywp-alert grey\"><b>Mutkat<\/b><\/div>\n<table border=\"0\">\n<tbody>\n<tr>\n<td><\/td>\n<td>Savuputken mutkilla oleva halkaisija on sis\u00e4mitta. Kaikilla mutkilla puuttuu muhvi (eli sis\u00e4halkaisija on kummastakin p\u00e4\u00e4st\u00e4 sama). Mutkaan voidaan asentaa sek\u00e4 k\u00e4\u00e4nt\u00f6- ett\u00e4 vedett\u00e4v\u00e4 pelti. Savuputken mutkan p\u00e4\u00e4lle voidaan asentaa my\u00f6s puhdistusluukku, joka kiinnitet\u00e4\u00e4n ruuveilla. Savuputken mutkat voidaan liitt\u00e4\u00e4 toisiinsa savuputken muhveilla \u2013 katso alempana.<br \/>\n<strong><b>Mitat l\u00f6ytyv\u00e4t k\u00e4ytt\u00f6ohjeessa<\/b><\/strong><\/td>\n<\/tr>\n<\/tbody>\n<\/table>\n<p>&nbsp;<\/p>\n<div id=\"unitegallery_26_2\" class=\"unite-gallery ug-gallery-wrapper ug-under-480 ug-theme-carousel\">\n<div class=\"ug-carousel-wrapper\">\n<div class=\"ug-carousel-inner\">\n<div class=\"ug-thumb-wrapper ug-tile ug-tile-clickable cloned\">\n<div class=\"ug-thumb-overlay\">\n<div class=\"ug-tile-icon ug-button-play ug-icon-zoom\"><\/div>\n<\/div>\n<p><img decoding=\"async\" class=\"ug-thumb-image ug-trans-enabled\" src=\"https:\/\/skamet.ee\/wp-content\/uploads\/2012\/12\/P1090686-272x300.jpg\" alt=\"P1090686\" \/><\/p>\n<\/div>\n<div class=\"ug-thumb-wrapper ug-tile ug-tile-clickable cloned\">\n<div class=\"ug-thumb-overlay\">\n<div class=\"ug-tile-icon ug-button-play ug-icon-zoom\"><\/div>\n<\/div>\n<p><img decoding=\"async\" class=\"ug-thumb-image ug-trans-enabled\" src=\"https:\/\/skamet.ee\/wp-content\/uploads\/2012\/12\/TP-4x4-115-90-271x300.jpg\" alt=\"TP-4x4 115-90\" \/><\/p>\n<\/div>\n<\/div>\n<\/div>\n<\/div>\n<p>&nbsp;<\/p>\n<table border=\"1\">\n<tbody>\n<tr>\n<td><b><\/b><b>Vakiotuotteiden parametrit<\/b>:<\/td>\n<td><b><\/b><b>Eri vaihtoehtoja<\/b>:<\/td>\n<\/tr>\n<tr>\n<td>\u00bb Halkaisija 103 mm \u2013 200 mm;<br \/>\n\u00bb materiaali musta metalli;<br \/>\n\u00bb pituudet mitataan mutkan ulkopuolelta ( 300mm \u2013 1000mm);<br \/>\n<strong>\u00bb\u00a0<\/strong>asteet mutkilla ovat 90\u02da ja 135\u02da<br \/>\n<strong>\u00bb<\/strong>\u00a0paksuus 1,2 mm.<\/td>\n<td><strong>\u00bb<\/strong>\u00a0Voidaan valmistaa muulla halkaisijalla kuin vakiotuotteessa;<br \/>\n<strong>\u00bb<\/strong>\u00a0voidaan valmistaa my\u00f6s ruostumattomasta;<br \/>\n\u00bb voidaan valmistaa pitempi\u00e4 sek\u00e4 lyhyempi\u00e4;<br \/>\n<strong>\u00bb<\/strong>\u00a0voidaan valmistaa erikulman alta;<br \/>\n<strong>\u00bb<\/strong>\u00a0voidaan valmistaa my\u00f6s paksummasta materiaalista.<\/td>\n<\/tr>\n<\/tbody>\n<\/table>\n<h3><\/h3>\n<div class=\"dywp-alert grey\"><b>Pellit<\/b><\/div>\n<table border=\"0\">\n<tbody>\n<tr>\n<td><\/td>\n<td>Savuputken pelleill\u00e4 oleva halkaisija on sis\u00e4mitta. K\u00e4\u00e4nt\u00f6pelleill\u00e4 on toisessa p\u00e4\u00e4ss\u00e4 muhvi (muhvin ulkohalkaisija on sama kuin toisen p\u00e4\u00e4n sis\u00e4halkaisija). Vedett\u00e4vill\u00e4 pelleill\u00e4 on toisessa p\u00e4\u00e4ss\u00e4 sis\u00e4mitta ja toisessa sama ulkomitta. Kummatkin pellit voidaan liitt\u00e4\u00e4 muihin putkiin.<br \/>\n<b><strong>Mitat l\u00f6ytyv\u00e4t k\u00e4ytt\u00f6ohjeessa<\/strong><\/b><\/td>\n<\/tr>\n<\/tbody>\n<\/table>\n<p>&nbsp;<\/p>\n<div id=\"unitegallery_27_3\" class=\"unite-gallery ug-gallery-wrapper ug-under-480 ug-theme-carousel\">\n<div class=\"ug-carousel-wrapper\">\n<div class=\"ug-carousel-inner\">\n<div class=\"ug-thumb-wrapper ug-tile ug-tile-clickable cloned\">\n<div class=\"ug-thumb-overlay\">\n<div class=\"ug-tile-icon ug-button-play ug-icon-zoom\"><\/div>\n<\/div>\n<p><img decoding=\"async\" class=\"ug-thumb-image ug-trans-enabled\" src=\"https:\/\/skamet.ee\/wp-content\/uploads\/2012\/12\/SBR-115-276x300.png\" alt=\"SBR-115\" \/><\/p>\n<\/div>\n<div class=\"ug-thumb-wrapper ug-tile ug-tile-clickable cloned\">\n<div class=\"ug-thumb-overlay\">\n<div class=\"ug-tile-icon ug-button-play ug-icon-zoom\"><\/div>\n<\/div>\n<p><img decoding=\"async\" class=\"ug-thumb-image ug-trans-enabled\" src=\"https:\/\/skamet.ee\/wp-content\/uploads\/2012\/12\/SBR-115-283x300.jpg\" alt=\"SBR-115\" \/><\/p>\n<\/div>\n<div class=\"ug-thumb-wrapper ug-tile ug-tile-clickable cloned\">\n<div class=\"ug-thumb-overlay\">\n<div class=\"ug-tile-icon ug-button-play ug-icon-zoom\"><\/div>\n<\/div>\n<p><img decoding=\"async\" class=\"ug-thumb-image ug-trans-enabled\" src=\"https:\/\/skamet.ee\/wp-content\/uploads\/2012\/12\/P1090681-300x273.jpg\" alt=\"P1090681\" \/><\/p>\n<\/div>\n<div class=\"ug-thumb-wrapper ug-tile ug-tile-clickable cloned\">\n<div class=\"ug-thumb-overlay\">\n<div class=\"ug-tile-icon ug-button-play ug-icon-zoom\"><\/div>\n<\/div>\n<p><img decoding=\"async\" class=\"ug-thumb-image ug-trans-enabled\" src=\"https:\/\/skamet.ee\/wp-content\/uploads\/2012\/12\/P1090680-295x300.jpg\" alt=\"P1090680\" \/><\/p>\n<\/div>\n<div class=\"ug-thumb-wrapper ug-tile ug-tile-clickable cloned\">\n<div class=\"ug-thumb-overlay\">\n<div class=\"ug-tile-icon ug-button-play ug-icon-zoom\"><\/div>\n<\/div>\n<p><img decoding=\"async\" class=\"ug-thumb-image ug-trans-enabled\" src=\"https:\/\/skamet.ee\/wp-content\/uploads\/2012\/12\/P1090679_clipped_rev_1-275x300.png\" alt=\"P1090679_clipped_rev_1\" \/><\/p>\n<\/div>\n<div class=\"ug-thumb-wrapper ug-tile ug-tile-clickable ug-thumb-ratio-set\">\n<div class=\"ug-thumb-overlay\">\n<div class=\"ug-tile-icon ug-button-play ug-icon-zoom\"><\/div>\n<\/div>\n<\/div>\n<\/div>\n<\/div>\n<\/div>\n<p>&nbsp;<\/p>\n<table border=\"1\">\n<tbody>\n<tr>\n<td><b><\/b><b><\/b><b>Vakiotuotteiden parametrit<\/b>:<\/td>\n<td><b><\/b><b><\/b><b>Eri vaihtoehtoja<\/b>:<\/td>\n<\/tr>\n<tr>\n<td>\u00bb Halkaisija 103 mm \u2013 200 mm;<br \/>\n\u00bb materiaali musta metalli;<br \/>\n\u00bb pituudet vedett\u00e4vill\u00e4 pelleill\u00e4 80mm ja k\u00e4\u00e4nt\u00f6pelleill\u00e4 300mm;<br \/>\n<strong>\u00bb<\/strong>\u00a0paksuus 1,2 mm.<\/td>\n<td><strong>\u00bb<\/strong>\u00a0Voidaan valmistaa muulla halkaisijalla kuin vakiotuotteessa;<br \/>\n<strong>\u00bb<\/strong>\u00a0voidaan valmistaa my\u00f6s ruostumattomasta;<br \/>\n\u00bb voidaan valmistaa pitempi\u00e4 sek\u00e4 lyhyempi\u00e4;<br \/>\n<strong>\u00bb<\/strong>\u00a0voidaan valmistaa my\u00f6s paksummasta materiaalista.<\/td>\n<\/tr>\n<\/tbody>\n<\/table>\n<p>&nbsp;<\/p>\n<div class=\"dywp-alert grey\">Muhvit<\/div>\n<table border=\"0\">\n<tbody>\n<tr>\n<td><\/td>\n<td>Savuputken muhveilla oleva halkaisija on ulkomitta. T\u00e4m\u00e4 tuote on tarkoitettu liitt\u00e4m\u00e4\u00e4n savuputken mutkat toisiinsa. Tarvittaessa my\u00f6s peltej\u00e4 sek\u00e4 suoria putkia. Niiden pituus on 80mm. Koska kummallakin puolella osa siirtyy toiseen putkeen, siit\u00e4 lis\u00e4\u00e4ntyy putkien yhdist\u00e4misen tuloksena noin 10-20mm. Mainittuja muhveja valmistetaan mitoilla 103mm \u2013 200mm.<br \/>\n<b><\/b><b><strong>Mitat l\u00f6ytyv\u00e4t k\u00e4ytt\u00f6ohjeessa<\/strong><\/b><\/td>\n<\/tr>\n<\/tbody>\n<\/table>\n<p>&nbsp;<\/p>\n<div id=\"unitegallery_28_4\" class=\"unite-gallery ug-gallery-wrapper ug-under-480 ug-theme-carousel\">\n<div class=\"ug-carousel-wrapper\">\n<div class=\"ug-carousel-inner\">\n<div class=\"ug-thumb-wrapper ug-tile ug-tile-clickable cloned\">\n<div class=\"ug-thumb-overlay\">\n<div class=\"ug-tile-icon ug-button-play ug-icon-zoom\"><\/div>\n<\/div>\n<p><img decoding=\"async\" class=\"ug-thumb-image ug-trans-enabled\" src=\"https:\/\/skamet.ee\/wp-content\/uploads\/2012\/12\/TPM--300x277.png\" alt=\"TPM-\" \/><\/p>\n<\/div>\n<div class=\"ug-thumb-wrapper ug-tile ug-tile-clickable cloned\">\n<div class=\"ug-thumb-overlay\">\n<div class=\"ug-tile-icon ug-button-play ug-icon-zoom\"><\/div>\n<\/div>\n<p><img decoding=\"async\" class=\"ug-thumb-image ug-trans-enabled\" src=\"https:\/\/skamet.ee\/wp-content\/uploads\/2012\/12\/muhv-300x293.png\" alt=\"muhv\" \/><\/p>\n<\/div>\n<div class=\"ug-thumb-wrapper ug-tile ug-tile-clickable cloned\">\n<div class=\"ug-thumb-overlay\">\n<div class=\"ug-tile-icon ug-button-play ug-icon-zoom\"><\/div>\n<\/div>\n<\/div>\n<\/div>\n<\/div>\n<\/div>\n<table border=\"1\">\n<tbody>\n<tr>\n<td><b><\/b><b><\/b><b><\/b><b>Vakiotuotteiden parametrit<\/b>:<\/td>\n<td><b><\/b><b><\/b><b><\/b><b>Eri vaihtoehtoja<\/b>:<\/td>\n<\/tr>\n<tr>\n<td>\u00bb Halkaisija 103 mm \u2013 200 mm;<br \/>\n\u00bb materiaali musta metalli;<br \/>\n<strong>\u00bb<\/strong>\u00a0pituudet 80mm;<br \/>\n<strong>\u00bb<\/strong>\u00a0paksuus 1,2 mm.<\/td>\n<td><strong>\u00bb<\/strong>\u00a0Voidaan valmistaa muulla halkaisijalla kuin vakiotuotteessa;<br \/>\n<strong>\u00bb<\/strong>\u00a0voidaan valmistaa my\u00f6s ruostumattomasta;<br \/>\n\u00bb voidaan valmistaa pitempi\u00e4 sek\u00e4 lyhyempi\u00e4;<br \/>\n<strong>\u00bb<\/strong>\u00a0voidaan valmistaa my\u00f6s paksummasta materiaalista.<\/td>\n<\/tr>\n<\/tbody>\n<\/table>\n<div class=\"dywp-alert grey\">Hatut<b>\u00a0<\/b><\/div>\n<table border=\"0\">\n<tbody>\n<tr>\n<td><\/td>\n<td>Savuputken hatuilla oleva halkaisija on ulkomitta. T\u00e4m\u00e4 tuote on tarkoitettu est\u00e4m\u00e4\u00e4n sateiden p\u00e4\u00e4sy\u00e4 savuputkiin sek\u00e4 uuniin. Hattuja valmistetaan mitoilla. 103mm \u2013 200mm.<\/td>\n<\/tr>\n<\/tbody>\n<\/table>\n<p>&nbsp;<\/p>\n<div id=\"unitegallery_29_5\" class=\"unite-gallery ug-gallery-wrapper ug-under-480 ug-theme-carousel\">\n<div class=\"ug-carousel-wrapper\">\n<div class=\"ug-carousel-inner\">\n<div class=\"ug-thumb-wrapper ug-tile ug-tile-clickable cloned\">\n<div class=\"ug-thumb-overlay\">\n<div class=\"ug-tile-icon ug-button-play ug-icon-zoom\"><\/div>\n<\/div>\n<p><img decoding=\"async\" class=\"ug-thumb-image ug-trans-enabled\" src=\"https:\/\/skamet.ee\/wp-content\/uploads\/2012\/12\/M-115-1_clipped_rev_1-1-292x300.png\" alt=\"M-115 (1)_clipped_rev_1 (1)\" \/><\/p>\n<\/div>\n<div class=\"ug-thumb-wrapper ug-tile ug-tile-clickable cloned\">\n<div class=\"ug-thumb-overlay\">\n<div class=\"ug-tile-icon ug-button-play ug-icon-zoom\"><\/div>\n<\/div>\n<p><img decoding=\"async\" class=\"ug-thumb-image ug-trans-enabled\" src=\"https:\/\/skamet.ee\/wp-content\/uploads\/2012\/12\/m%C3%BCts_clipped_rev_1-287x300.png\" alt=\"m\u00fcts_clipped_rev_1\" \/><\/p>\n<\/div>\n<div class=\"ug-thumb-wrapper ug-tile ug-tile-clickable cloned\">\n<div class=\"ug-thumb-overlay\">\n<div class=\"ug-tile-icon ug-button-play ug-icon-zoom\"><\/div>\n<\/div>\n<\/div>\n<\/div>\n<\/div>\n<\/div>\n<table border=\"1\">\n<tbody>\n<tr>\n<td><strong>Standard product parameters:<\/strong><\/td>\n<td><b><\/b><b><\/b><b><\/b><b><\/b><b>Eri vaihtoehtoja<\/b>:<\/td>\n<\/tr>\n<tr>\n<td>\u00bb Halkaisija 103 mm \u2013 200 mm;<br \/>\n\u00bb materiaali musta metalli;<br \/>\n<strong>\u00bb<\/strong>\u00a0paksuus 1,2 mm.<strong>\u00bb<\/strong>\u00a0pituudet 80mm;<\/td>\n<td><strong>\u00bb<\/strong>\u00a0Voidaan valmistaa muulla halkaisijalla kuin vakiotuotteessa;<br \/>\n<strong>\u00bb<\/strong>\u00a0voidaan valmistaa my\u00f6s ruostumattomasta;<br \/>\n<strong>\u00bb<\/strong>\u00a0voidaan valmistaa my\u00f6s paksummasta materiaalista.<\/td>\n<\/tr>\n<\/tbody>\n<\/table>\n<p>&nbsp;<\/p>\n<div class=\"dywp-alert grey\">Savukaasujen siirtyminen<\/div>\n<p>Savuhormin sovittimet on suunniteltu yhdist\u00e4m\u00e4\u00e4n kaksi erilaista halkaisijaltaan savuhormin tai jatkaa. Siirrytt\u00e4ess\u00e4 ensimm\u00e4inen ja toinen ulottuvuus on ulkoinen ulottuvuus sis\u00e4inen ulottuvuus. Esim.: 115 (ulkomainen) \u2192 150 (sis\u00e4inen)<\/p>\n<p>&nbsp;<\/p>\n<div id=\"unitegallery_30_6\" class=\"unite-gallery ug-gallery-wrapper ug-under-480 ug-theme-carousel\">\n<div class=\"ug-carousel-wrapper\">\n<div class=\"ug-carousel-inner\">\n<div class=\"ug-thumb-wrapper ug-tile ug-tile-clickable cloned\">\n<div class=\"ug-thumb-overlay\">\n<div class=\"ug-tile-icon ug-button-play ug-icon-zoom\"><\/div>\n<\/div>\n<p><img decoding=\"async\" class=\"ug-thumb-image ug-trans-enabled\" src=\"https:\/\/skamet.ee\/wp-content\/uploads\/2012\/12\/%C3%BCleminek-282x300.png\" alt=\"\u00fcleminek\" \/><\/p>\n<\/div>\n<div class=\"ug-thumb-wrapper ug-tile ug-tile-clickable cloned\">\n<div class=\"ug-thumb-overlay\">\n<div class=\"ug-tile-icon ug-button-play ug-icon-zoom\"><\/div>\n<\/div>\n<p><img decoding=\"async\" class=\"ug-thumb-image ug-trans-enabled\" src=\"https:\/\/skamet.ee\/wp-content\/uploads\/2012\/12\/%C3%BCleminek-282x300.png\" alt=\"\u00fcleminek\" \/><\/p>\n<\/div>\n<\/div>\n<\/div>\n<div class=\"ug-tiles-preloader ug-preloader-trans\"><\/div>\n<\/div>\n<p>&nbsp;<\/p>\n<table border=\"1\">\n<tbody>\n<tr>\n<td><strong>Standard product parameters<\/strong>:<\/td>\n<td><strong><b><\/b><b><\/b><b><\/b><b><\/b><b>Eri vaihtoehtoja<\/b>:<\/strong><\/td>\n<\/tr>\n<tr>\n<td>\u00bb Halkaisija 103 mm \u2013 200 mm;<br \/>\n\u00bb materiaali musta metalli;<br \/>\n<strong>\u00bb<\/strong>\u00a0paksuus 1,2 mm<strong>\u00bb<\/strong>\u00a0pituudet 80mm;.<\/td>\n<td><strong>\u00bb<\/strong>\u00a0Voidaan valmistaa muulla halkaisijalla kuin vakiotuotteessa;<br \/>\n<strong>\u00bb<\/strong>\u00a0voidaan valmistaa my\u00f6s ruostumattomasta;<br \/>\n<strong>\u00bb<\/strong>\u00a0voidaan valmistaa my\u00f6s paksummasta materiaalista.\u00bb voidaan valmistaa pitempi\u00e4 sek\u00e4 lyhyempi\u00e4;<\/td>\n<\/tr>\n<\/tbody>\n<\/table>\n<div class=\"dywp-alert grey\"><b>Koristelista savuputkelle<\/b><\/div>\n<p>&nbsp;<\/p>\n<div id=\"unitegallery_31_7\" class=\"unite-gallery ug-gallery-wrapper ug-under-480 ug-theme-carousel\">\n<div class=\"ug-carousel-wrapper\">\n<div class=\"ug-carousel-inner\">\n<div class=\"ug-thumb-wrapper ug-tile ug-tile-clickable cloned\">\n<div class=\"ug-thumb-overlay\">\n<div class=\"ug-tile-icon ug-button-play ug-icon-zoom\"><\/div>\n<\/div>\n<p><img decoding=\"async\" class=\"ug-thumb-image ug-trans-enabled\" src=\"https:\/\/skamet.ee\/wp-content\/uploads\/2012\/12\/IL-115-2-300x262.png\" alt=\"IL-115 (2)\" \/><\/p>\n<\/div>\n<div class=\"ug-thumb-wrapper ug-tile ug-tile-clickable cloned\">\n<div class=\"ug-thumb-overlay\">\n<div class=\"ug-tile-icon ug-button-play ug-icon-zoom\"><\/div>\n<\/div>\n<p><img decoding=\"async\" class=\"ug-thumb-image ug-trans-enabled\" src=\"https:\/\/skamet.ee\/wp-content\/uploads\/2012\/12\/IL-115-282x300.png\" alt=\"IL-115\" \/><\/p>\n<\/div>\n<div class=\"ug-thumb-wrapper ug-tile ug-tile-clickable cloned\">\n<div class=\"ug-thumb-overlay\"><\/div>\n<\/div>\n<\/div>\n<\/div>\n<\/div>\n<p>&nbsp;<\/p>\n<p><b>Vaihtoehdot:<\/b><\/p>\n<p>\u00bb \u00a0Materiaali musta metalli;<br \/>\n\u00bb\u00a0 Savuputkelle 115 mm ja 120 mm ovat koristelistat puristettuja (reunalla), muille mitoille leikattuja (tasainen)<br \/>\n\u00bb\u00a0 Reunan leveydet 50 mm (tarvittaessa voidaan valmistaa my\u00f6s leve\u00e4mp\u00e4\u00e4)<br \/>\n\u00bb\u00a0 Voidaan valmistaa my\u00f6s nelikulmaisia<br \/>\n\u00bb\u00a0 Tilattavia (IL-115; IL-120; IL-160; IL-180; IL-200)<\/p>\n","protected":false},"excerpt":{"rendered":"<p>Skamet O\u00dc valmistaa eri halkaisijalla ja \u2013mittaisia yksisein\u00e4isi\u00e4 savuputkia. Suorien putkien lis\u00e4ksi valmistamme savuputken mutkia ja \u2013peltej\u00e4 sek\u00e4 saunauuneille ett\u00e4<\/p>\n","protected":false},"featured_media":40023,"template":"","meta":{"_lmt_disableupdate":"","_lmt_disable":""},"product_brand":[],"product_cat":[305],"product_tag":[],"class_list":{"0":"post-41187","1":"product","2":"type-product","3":"status-publish","4":"has-post-thumbnail","6":"product_cat-puukiuas","8":"first","9":"instock","10":"shipping-taxable","11":"product-type-simple"},"yoast_head":"<!-- This site is optimized with the Yoast SEO plugin v27.0 - https:\/\/yoast.com\/product\/yoast-seo-wordpress\/ -->\n<title>Savuputket - Skamet O\u00dc<\/title>\n<meta name=\"robots\" content=\"index, follow, max-snippet:-1, max-image-preview:large, max-video-preview:-1\" \/>\n<link rel=\"canonical\" href=\"https:\/\/www.skamet.ee\/fi\/tooted\/savuputket\/\" \/>\n<meta property=\"og:locale\" content=\"fi_FI\" \/>\n<meta property=\"og:type\" content=\"article\" \/>\n<meta property=\"og:title\" content=\"Savuputket - Skamet O\u00dc\" \/>\n<meta property=\"og:description\" content=\"Skamet O\u00dc valmistaa eri halkaisijalla ja \u2013mittaisia yksisein\u00e4isi\u00e4 savuputkia. Suorien putkien lis\u00e4ksi valmistamme savuputken mutkia ja \u2013peltej\u00e4 sek\u00e4 saunauuneille ett\u00e4\" \/>\n<meta property=\"og:url\" content=\"https:\/\/www.skamet.ee\/fi\/tooted\/savuputket\/\" \/>\n<meta property=\"og:site_name\" content=\"Skamet O\u00dc\" \/>\n<meta property=\"article:modified_time\" content=\"2026-01-22T16:03:05+00:00\" \/>\n<meta property=\"og:image\" content=\"https:\/\/www.skamet.ee\/wp-content\/uploads\/2021\/03\/T-115-300x272-1.png\" \/>\n\t<meta property=\"og:image:width\" content=\"300\" \/>\n\t<meta property=\"og:image:height\" content=\"272\" \/>\n\t<meta property=\"og:image:type\" content=\"image\/png\" \/>\n<meta name=\"twitter:card\" content=\"summary_large_image\" \/>\n<meta name=\"twitter:label1\" content=\"Arvioitu lukuaika\" \/>\n\t<meta name=\"twitter:data1\" content=\"7 minuuttia\" \/>\n<script type=\"application\/ld+json\" class=\"yoast-schema-graph\">{\"@context\":\"https:\/\/schema.org\",\"@graph\":[{\"@type\":\"WebPage\",\"@id\":\"https:\/\/www.skamet.ee\/fi\/tooted\/savuputket\/\",\"url\":\"https:\/\/www.skamet.ee\/fi\/tooted\/savuputket\/\",\"name\":\"Savuputket - Skamet O\u00dc\",\"isPartOf\":{\"@id\":\"https:\/\/www.skamet.ee\/#website\"},\"primaryImageOfPage\":{\"@id\":\"https:\/\/www.skamet.ee\/fi\/tooted\/savuputket\/#primaryimage\"},\"image\":{\"@id\":\"https:\/\/www.skamet.ee\/fi\/tooted\/savuputket\/#primaryimage\"},\"thumbnailUrl\":\"https:\/\/www.skamet.ee\/wp-content\/uploads\/2021\/03\/T-115-300x272-1.png\",\"datePublished\":\"2021-05-10T07:36:58+00:00\",\"dateModified\":\"2026-01-22T16:03:05+00:00\",\"breadcrumb\":{\"@id\":\"https:\/\/www.skamet.ee\/fi\/tooted\/savuputket\/#breadcrumb\"},\"inLanguage\":\"fi\",\"potentialAction\":[{\"@type\":\"ReadAction\",\"target\":[\"https:\/\/www.skamet.ee\/fi\/tooted\/savuputket\/\"]}]},{\"@type\":\"ImageObject\",\"inLanguage\":\"fi\",\"@id\":\"https:\/\/www.skamet.ee\/fi\/tooted\/savuputket\/#primaryimage\",\"url\":\"https:\/\/www.skamet.ee\/wp-content\/uploads\/2021\/03\/T-115-300x272-1.png\",\"contentUrl\":\"https:\/\/www.skamet.ee\/wp-content\/uploads\/2021\/03\/T-115-300x272-1.png\",\"width\":300,\"height\":272,\"caption\":\"T 115 300x272 1\"},{\"@type\":\"BreadcrumbList\",\"@id\":\"https:\/\/www.skamet.ee\/fi\/tooted\/savuputket\/#breadcrumb\",\"itemListElement\":[{\"@type\":\"ListItem\",\"position\":1,\"name\":\"Home\",\"item\":\"https:\/\/www.skamet.ee\/fi\/\"},{\"@type\":\"ListItem\",\"position\":2,\"name\":\"Tuotteet\",\"item\":\"https:\/\/www.skamet.ee\/fi\/shop-2\/\"},{\"@type\":\"ListItem\",\"position\":3,\"name\":\"Savuputket\"}]},{\"@type\":\"WebSite\",\"@id\":\"https:\/\/www.skamet.ee\/#website\",\"url\":\"https:\/\/www.skamet.ee\/\",\"name\":\"Skamet O\u00dc\",\"description\":\"Efektiivsed puuk\u00fcttega saunaahjud Eesti tootjalt\",\"publisher\":{\"@id\":\"https:\/\/www.skamet.ee\/#organization\"},\"potentialAction\":[{\"@type\":\"SearchAction\",\"target\":{\"@type\":\"EntryPoint\",\"urlTemplate\":\"https:\/\/www.skamet.ee\/?s={search_term_string}\"},\"query-input\":{\"@type\":\"PropertyValueSpecification\",\"valueRequired\":true,\"valueName\":\"search_term_string\"}}],\"inLanguage\":\"fi\"},{\"@type\":\"Organization\",\"@id\":\"https:\/\/www.skamet.ee\/#organization\",\"name\":\"Skamet\",\"url\":\"https:\/\/www.skamet.ee\/\",\"logo\":{\"@type\":\"ImageObject\",\"inLanguage\":\"fi\",\"@id\":\"https:\/\/www.skamet.ee\/#\/schema\/logo\/image\/\",\"url\":\"https:\/\/www.skamet.ee\/wp-content\/uploads\/2015\/05\/logo-uus.png\",\"contentUrl\":\"https:\/\/www.skamet.ee\/wp-content\/uploads\/2015\/05\/logo-uus.png\",\"width\":300,\"height\":127,\"caption\":\"Skamet\"},\"image\":{\"@id\":\"https:\/\/www.skamet.ee\/#\/schema\/logo\/image\/\"}}]}<\/script>\n<!-- \/ Yoast SEO plugin. -->","yoast_head_json":{"title":"Savuputket - Skamet O\u00dc","robots":{"index":"index","follow":"follow","max-snippet":"max-snippet:-1","max-image-preview":"max-image-preview:large","max-video-preview":"max-video-preview:-1"},"canonical":"https:\/\/www.skamet.ee\/fi\/tooted\/savuputket\/","og_locale":"fi_FI","og_type":"article","og_title":"Savuputket - Skamet O\u00dc","og_description":"Skamet O\u00dc valmistaa eri halkaisijalla ja \u2013mittaisia yksisein\u00e4isi\u00e4 savuputkia. Suorien putkien lis\u00e4ksi valmistamme savuputken mutkia ja \u2013peltej\u00e4 sek\u00e4 saunauuneille ett\u00e4","og_url":"https:\/\/www.skamet.ee\/fi\/tooted\/savuputket\/","og_site_name":"Skamet O\u00dc","article_modified_time":"2026-01-22T16:03:05+00:00","og_image":[{"width":300,"height":272,"url":"https:\/\/www.skamet.ee\/wp-content\/uploads\/2021\/03\/T-115-300x272-1.png","type":"image\/png"}],"twitter_card":"summary_large_image","twitter_misc":{"Arvioitu lukuaika":"7 minuuttia"},"schema":{"@context":"https:\/\/schema.org","@graph":[{"@type":"WebPage","@id":"https:\/\/www.skamet.ee\/fi\/tooted\/savuputket\/","url":"https:\/\/www.skamet.ee\/fi\/tooted\/savuputket\/","name":"Savuputket - Skamet O\u00dc","isPartOf":{"@id":"https:\/\/www.skamet.ee\/#website"},"primaryImageOfPage":{"@id":"https:\/\/www.skamet.ee\/fi\/tooted\/savuputket\/#primaryimage"},"image":{"@id":"https:\/\/www.skamet.ee\/fi\/tooted\/savuputket\/#primaryimage"},"thumbnailUrl":"https:\/\/www.skamet.ee\/wp-content\/uploads\/2021\/03\/T-115-300x272-1.png","datePublished":"2021-05-10T07:36:58+00:00","dateModified":"2026-01-22T16:03:05+00:00","breadcrumb":{"@id":"https:\/\/www.skamet.ee\/fi\/tooted\/savuputket\/#breadcrumb"},"inLanguage":"fi","potentialAction":[{"@type":"ReadAction","target":["https:\/\/www.skamet.ee\/fi\/tooted\/savuputket\/"]}]},{"@type":"ImageObject","inLanguage":"fi","@id":"https:\/\/www.skamet.ee\/fi\/tooted\/savuputket\/#primaryimage","url":"https:\/\/www.skamet.ee\/wp-content\/uploads\/2021\/03\/T-115-300x272-1.png","contentUrl":"https:\/\/www.skamet.ee\/wp-content\/uploads\/2021\/03\/T-115-300x272-1.png","width":300,"height":272,"caption":"T 115 300x272 1"},{"@type":"BreadcrumbList","@id":"https:\/\/www.skamet.ee\/fi\/tooted\/savuputket\/#breadcrumb","itemListElement":[{"@type":"ListItem","position":1,"name":"Home","item":"https:\/\/www.skamet.ee\/fi\/"},{"@type":"ListItem","position":2,"name":"Tuotteet","item":"https:\/\/www.skamet.ee\/fi\/shop-2\/"},{"@type":"ListItem","position":3,"name":"Savuputket"}]},{"@type":"WebSite","@id":"https:\/\/www.skamet.ee\/#website","url":"https:\/\/www.skamet.ee\/","name":"Skamet O\u00dc","description":"Efektiivsed puuk\u00fcttega saunaahjud Eesti tootjalt","publisher":{"@id":"https:\/\/www.skamet.ee\/#organization"},"potentialAction":[{"@type":"SearchAction","target":{"@type":"EntryPoint","urlTemplate":"https:\/\/www.skamet.ee\/?s={search_term_string}"},"query-input":{"@type":"PropertyValueSpecification","valueRequired":true,"valueName":"search_term_string"}}],"inLanguage":"fi"},{"@type":"Organization","@id":"https:\/\/www.skamet.ee\/#organization","name":"Skamet","url":"https:\/\/www.skamet.ee\/","logo":{"@type":"ImageObject","inLanguage":"fi","@id":"https:\/\/www.skamet.ee\/#\/schema\/logo\/image\/","url":"https:\/\/www.skamet.ee\/wp-content\/uploads\/2015\/05\/logo-uus.png","contentUrl":"https:\/\/www.skamet.ee\/wp-content\/uploads\/2015\/05\/logo-uus.png","width":300,"height":127,"caption":"Skamet"},"image":{"@id":"https:\/\/www.skamet.ee\/#\/schema\/logo\/image\/"}}]}},"_links":{"self":[{"href":"https:\/\/www.skamet.ee\/fi\/wp-json\/wp\/v2\/product\/41187","targetHints":{"allow":["GET"]}}],"collection":[{"href":"https:\/\/www.skamet.ee\/fi\/wp-json\/wp\/v2\/product"}],"about":[{"href":"https:\/\/www.skamet.ee\/fi\/wp-json\/wp\/v2\/types\/product"}],"version-history":[{"count":2,"href":"https:\/\/www.skamet.ee\/fi\/wp-json\/wp\/v2\/product\/41187\/revisions"}],"predecessor-version":[{"id":53688,"href":"https:\/\/www.skamet.ee\/fi\/wp-json\/wp\/v2\/product\/41187\/revisions\/53688"}],"wp:featuredmedia":[{"embeddable":true,"href":"https:\/\/www.skamet.ee\/fi\/wp-json\/wp\/v2\/media\/40023"}],"wp:attachment":[{"href":"https:\/\/www.skamet.ee\/fi\/wp-json\/wp\/v2\/media?parent=41187"}],"wp:term":[{"taxonomy":"product_brand","embeddable":true,"href":"https:\/\/www.skamet.ee\/fi\/wp-json\/wp\/v2\/product_brand?post=41187"},{"taxonomy":"product_cat","embeddable":true,"href":"https:\/\/www.skamet.ee\/fi\/wp-json\/wp\/v2\/product_cat?post=41187"},{"taxonomy":"product_tag","embeddable":true,"href":"https:\/\/www.skamet.ee\/fi\/wp-json\/wp\/v2\/product_tag?post=41187"}],"curies":[{"name":"wp","href":"https:\/\/api.w.org\/{rel}","templated":true}]}}