{"id":41189,"date":"2021-05-10T10:39:08","date_gmt":"2021-05-10T07:39:08","guid":{"rendered":"https:\/\/uus.skamet.ee\/?post_type=product&#038;p=41189"},"modified":"2026-01-27T12:32:57","modified_gmt":"2026-01-27T10:32:57","slug":"muut-tuotteet","status":"publish","type":"product","link":"https:\/\/www.skamet.ee\/fi\/tooted\/muut-tuotteet\/","title":{"rendered":"Muut tuotteet"},"content":{"rendered":"<p>Saunauunien ja niiden lis\u00e4tarvikkeiden lis\u00e4ksi valmistamme muitakin puul\u00e4mmitteisi\u00e4 tuotteita. Esimerkiksi savu-uunit, grillausaltaita saslikille, liesi-uuneja, kylpyammeen kamiinoita jne. Sen lis\u00e4ksi valmistamme my\u00f6s prototyyppej\u00e4 asiakkaan toiveiden mukaan.<\/p>\n<div class=\"dywp-alert grey\">\u00a0<b>Pienempi savustusuuni<\/b><b>\u00a0<\/b><\/div>\n<table border=\"0\">\n<tbody>\n<tr>\n<td><\/td>\n<td>Isompi savustusuuni on nelikulmainen ja sit\u00e4 ymp\u00e4r\u00f6i kolmelta sivulta tuplasein\u00e4 (sill\u00e4 varmistetaan uunin toimivuus my\u00f6s kylm\u00e4ll\u00e4 s\u00e4\u00e4ll\u00e4). Ulkomitat ovat 120x40x40cm.\u00a0Savupiippua ei saa poistaa. Kummallakin puolella kahvat savustusuunin siirt\u00e4miseen.<br \/>\n<strong>Mitat l\u00f6ytyv\u00e4t k\u00e4ytt\u00f6ohjeessa<\/strong><\/td>\n<\/tr>\n<\/tbody>\n<\/table>\n<div id=\"unitegallery_34_1\" class=\"unite-gallery ug-gallery-wrapper ug-under-480 ug-theme-carousel\">\n<div class=\"ug-carousel-wrapper\">\n<div class=\"ug-carousel-inner\">\n<div class=\"ug-thumb-wrapper ug-tile ug-tile-clickable cloned\"><\/div>\n<div class=\"ug-thumb-wrapper ug-tile ug-tile-clickable cloned\">\n<div class=\"ug-thumb-overlay\">\n<div class=\"ug-tile-icon ug-button-play ug-icon-zoom\"><\/div>\n<\/div>\n<p><img decoding=\"async\" class=\"ug-thumb-image ug-trans-enabled\" src=\"https:\/\/skamet.ee\/wp-content\/uploads\/2017\/03\/20161029-skamet-xxl-6-300x200.jpg\" alt=\"20161029-skamet-xxl-6\" \/><\/p>\n<\/div>\n<div class=\"ug-thumb-wrapper ug-tile ug-tile-clickable\"><\/div>\n<\/div>\n<\/div>\n<\/div>\n<p>&nbsp;<\/p>\n<div class=\"dywp-alert grey\">I<b>sompi savustusuuni<\/b><b>\u00a0<\/b><\/div>\n<table border=\"0\">\n<tbody>\n<tr>\n<td><\/td>\n<td>Isompi savustusuuni on nelikulmainen ja sit\u00e4 ymp\u00e4r\u00f6i kolmelta sivulta tuplasein\u00e4 (sill\u00e4 varmistetaan uunin toimivuus my\u00f6s kylm\u00e4ll\u00e4 s\u00e4\u00e4ll\u00e4). Ulkomitat ovat 170x50x50cm. Savupiippu voidaan poistaa.<br \/>\n<strong>Mitat l\u00f6ytyv\u00e4t k\u00e4ytt\u00f6ohjeessa<\/strong><\/td>\n<\/tr>\n<\/tbody>\n<\/table>\n<p>&nbsp;<\/p>\n<div class=\"dywp-alert grey\">I<b>sompi\u00a0XL\u00a0savustusuuni<\/b><b>\u00a0<\/b><\/div>\n<table border=\"0\">\n<tbody>\n<tr>\n<td><\/td>\n<td>Isompi savustusuuni on nelikulmainen ja sit\u00e4 ymp\u00e4r\u00f6i kolmelta sivulta tuplasein\u00e4 (sill\u00e4 varmistetaan uunin toimivuus my\u00f6s kylm\u00e4ll\u00e4 s\u00e4\u00e4ll\u00e4). Ulkomitat ovat 205x50x50 cm. Savupiippu voidaan poistaa.<br \/>\n<strong>Mitat l\u00f6ytyv\u00e4t k\u00e4ytt\u00f6ohjeessa<\/strong><\/td>\n<\/tr>\n<\/tbody>\n<\/table>\n<div id=\"unitegallery_35_3\" class=\"unite-gallery\"><\/div>\n<div class=\"dywp-alert grey\">\u00a0<b>Liesiuuni<\/b><b>\u00a0<\/b><\/div>\n<table border=\"0\">\n<tbody>\n<tr>\n<td><\/td>\n<td>Liesiuunin ilman l\u00e4mmitt\u00e4misen periaate on samanlainen metallirungolla saunauuniemme kanssa \u2013 sis\u00e4ll\u00f6n ja rungon v\u00e4lill\u00e4 on 5cm rako, joka kautta otetaan kylm\u00e4 ilma ja joka ohjataan yl\u00f6s. T\u00e4ll\u00e4 pystyt\u00e4\u00e4n l\u00e4mmitt\u00e4m\u00e4\u00e4n nopeasti ja tehokkaasti ilmaa, joka puolestaan l\u00e4mmitt\u00e4\u00e4 tilaa. Ulkomitat ovat 86x48x53cm. Savupiipun liit\u00e4nt\u00e4 on takasein\u00e4ss\u00e4. Liesiuuniin voidaan liitt\u00e4\u00e4 my\u00f6s kuumavesis\u00e4ili\u00f6 (joko vasemmalle tai oikealle puolelle). Lieden p\u00e4\u00e4ll\u00e4 on malmilevy, jossa voidaan valmistaan eri ruokia. Lieden alaosassa on s\u00e4ilytystila l\u00e4mmityspuille (35x39x47,5cm).\u00a0<strong>Mitat l\u00f6ytyv\u00e4t k\u00e4ytt\u00f6ohjeessa<\/strong><\/td>\n<\/tr>\n<\/tbody>\n<\/table>\n<p>&nbsp;<\/p>\n<div class=\"dywp-alert grey\">\u00a0<b>Uuni suljetulla vesis\u00e4ili\u00f6ll\u00e4<\/b><b>\u00a0<\/b><\/div>\n<table border=\"0\">\n<tbody>\n<tr>\n<td><\/td>\n<td>Verkkorungolla uuni suljetulla vesis\u00e4ili\u00f6ll\u00e4 on tarkoitettu pienelle saunalle (6-10m\u00b3). Savupiipun liit\u00e4nt\u00e4 on uunin p\u00e4\u00e4lt\u00e4. Uunin p\u00e4\u00e4lle laitetaan my\u00f6s kuumavesis\u00e4ili\u00f6, jonka l\u00e4pi kulkee savuputki. Uuni voidaan tilata sek\u00e4 lasiovella ett\u00e4 ilman. Vakiotuotteen kuumavesis\u00e4ili\u00f6n tilavuus on 110 litraa (voidaan tilata sek\u00e4 pienempi ett\u00e4 isompi kuumavesis\u00e4ili\u00f6). Mittoja: L\u00e4mmityslaite (verkollinen osa) on 62x54cm. Korkeus 45cm. Kuumavesis\u00e4ili\u00f6n halkaisija on 45cm. 110-litran kuumavesis\u00e4ili\u00f6n korkeus on 80cm. Kokonaiskorkeus 125 cm. Kuumavesis\u00e4ili\u00f6ll\u00e4 on kolme 1\/2-tuumaista nippaa (ensimm\u00e4inen tulovesi, toinen poistovesi, kolmas suojaventtiili\u00e4 varten) ja yksi nippa l\u00e4mp\u00f6mittaria varten.<\/td>\n<\/tr>\n<\/tbody>\n<\/table>\n<p>&nbsp;<\/p>\n<div class=\"dywp-alert grey\">\u00a0<b>Kylpyammeen kamiina avatulla vesis\u00e4ili\u00f6ll\u00e4<\/b><b>\u00a0<\/b><\/div>\n<table border=\"0\">\n<tbody>\n<tr>\n<td><\/td>\n<td>Metallirungolla kylpyammeen kamiina avatulla vesis\u00e4ili\u00f6ll\u00e4 on tarkoitettu veden l\u00e4mmitt\u00e4miseen. Kyseess\u00e4 on tuplakerroksella uuni, jonka sis\u00e4ll\u00e4 on s\u00e4ili\u00f6 (musta metalli). Savupiipun liit\u00e4nt\u00e4 tulee uunin takaa. Uuni voidaan tilata sek\u00e4 lasiovella ett\u00e4 ilman. Vakiotuotteen kuumavesis\u00e4ili\u00f6n tilavuus on 110 litraa (voidaan tilata sek\u00e4 pienempi ett\u00e4 isompi vesis\u00e4ili\u00f6). Sen lis\u00e4ksi voidaan tilata my\u00f6s ruostumaton vesis\u00e4ili\u00f6. Mittoja: Oven leveys 33cm ja korkeus 45cm. Halkaisija 40cm. 110-litran vesis\u00e4ili\u00f6ll\u00e4 uunin kokonaiskorkeus on n. 110 cm. Vesis\u00e4ili\u00f6ll\u00e4 on yksi 1\/2-tuumainen nippa (veden poistumista varten). P\u00e4\u00e4ll\u00e4 on lasi.<\/td>\n<\/tr>\n<\/tbody>\n<\/table>\n<p>&nbsp;<\/p>\n<div class=\"dywp-alert grey\">\u00a0<b>Grillausallas saslikille<\/b><b>\u00a0<\/b><\/div>\n<table border=\"0\">\n<tbody>\n<tr>\n<td><\/td>\n<td>Tuotantoomme kuuluu erilaisia metallista grillausaltaita. Vakiotuotteen materiaalin paksuus on 2mm. Voidaan tilata my\u00f6s paksumpaa. Valmistamme grillausaltaita my\u00f6s asiakkaan toiveen mukaan. Voidaan valmistaa my\u00f6s kannellisia. Grillausaltaan jalat ovat irrotettavia. Voidaan tilata my\u00f6s ruostumattomasta materiaalista. Mittoja (pituus x leveys x syvyys): T\u00e4ll\u00e4 hetkell\u00e4 valmistamme grillausaltaita kolmessa eri mitassa: 100x40x17cm \/ 70x30x17cm \/ 50x30x17cm. Korkeus 90cm. Jokaiselle altaalle my\u00f6s ritil\u00e4, joka peitt\u00e4\u00e4 suurimman osan altaasta ja on irrotettava.<\/td>\n<\/tr>\n<\/tbody>\n<\/table>\n<p>&nbsp;<\/p>\n<div class=\"dywp-alert grey\">\u00a0<b>Nuotiogrilli<\/b><b>\u00a0<\/b><\/div>\n<table border=\"0\">\n<tbody>\n<tr>\n<td><\/td>\n<td>Nuotiogrilli on tarkoitettu joko nuotion sytytt\u00e4miseen tai lihan grillaukseen. Nuotiogrillin halkaisija on 45cm ja korkeus on 30 cm. Vakiotuotteen materiaalin pituus on 2mm. Voidaan tilata my\u00f6s paksummasta materiaalista. Valmistamme nuotiogrillej\u00e4 my\u00f6s asiakkaan toiveen mukaan: esimerkiksi jaloilla, ruostumattomasta materiaalista.<\/td>\n<\/tr>\n<\/tbody>\n<\/table>\n","protected":false},"excerpt":{"rendered":"<p>Saunauunien ja niiden lis\u00e4tarvikkeiden lis\u00e4ksi valmistamme muitakin puul\u00e4mmitteisi\u00e4 tuotteita. Esimerkiksi savu-uunit, grillausaltaita saslikille, liesi-uuneja, kylpyammeen kamiinoita jne. Sen lis\u00e4ksi valmistamme<\/p>\n","protected":false},"featured_media":39799,"template":"","meta":{"_lmt_disableupdate":"","_lmt_disable":""},"product_brand":[],"product_cat":[305],"product_tag":[],"class_list":{"0":"post-41189","1":"product","2":"type-product","3":"status-publish","4":"has-post-thumbnail","6":"product_cat-puukiuas","8":"first","9":"instock","10":"shipping-taxable","11":"product-type-simple"},"yoast_head":"<!-- This site is optimized with the Yoast SEO plugin v27.0 - https:\/\/yoast.com\/product\/yoast-seo-wordpress\/ -->\n<title>Muut tuotteet - Skamet O\u00dc<\/title>\n<meta name=\"robots\" content=\"index, follow, max-snippet:-1, max-image-preview:large, max-video-preview:-1\" \/>\n<link rel=\"canonical\" href=\"https:\/\/www.skamet.ee\/fi\/tooted\/muut-tuotteet\/\" \/>\n<meta property=\"og:locale\" content=\"fi_FI\" \/>\n<meta property=\"og:type\" content=\"article\" \/>\n<meta property=\"og:title\" content=\"Muut tuotteet - Skamet O\u00dc\" \/>\n<meta property=\"og:description\" content=\"Saunauunien ja niiden lis\u00e4tarvikkeiden lis\u00e4ksi valmistamme muitakin puul\u00e4mmitteisi\u00e4 tuotteita. Esimerkiksi savu-uunit, grillausaltaita saslikille, liesi-uuneja, kylpyammeen kamiinoita jne. Sen lis\u00e4ksi valmistamme\" \/>\n<meta property=\"og:url\" content=\"https:\/\/www.skamet.ee\/fi\/tooted\/muut-tuotteet\/\" \/>\n<meta property=\"og:site_name\" content=\"Skamet O\u00dc\" \/>\n<meta property=\"article:modified_time\" content=\"2026-01-27T10:32:57+00:00\" \/>\n<meta property=\"og:image\" content=\"https:\/\/www.skamet.ee\/wp-content\/uploads\/2021\/03\/Suitsuahi-GSS-200-XL.jpg\" \/>\n\t<meta property=\"og:image:width\" content=\"615\" \/>\n\t<meta property=\"og:image:height\" content=\"922\" \/>\n\t<meta property=\"og:image:type\" content=\"image\/jpeg\" \/>\n<meta name=\"twitter:card\" content=\"summary_large_image\" \/>\n<meta name=\"twitter:label1\" content=\"Arvioitu lukuaika\" \/>\n\t<meta name=\"twitter:data1\" content=\"3 minuuttia\" \/>\n<script type=\"application\/ld+json\" class=\"yoast-schema-graph\">{\"@context\":\"https:\/\/schema.org\",\"@graph\":[{\"@type\":\"WebPage\",\"@id\":\"https:\/\/www.skamet.ee\/fi\/tooted\/muut-tuotteet\/\",\"url\":\"https:\/\/www.skamet.ee\/fi\/tooted\/muut-tuotteet\/\",\"name\":\"Muut tuotteet - Skamet O\u00dc\",\"isPartOf\":{\"@id\":\"https:\/\/www.skamet.ee\/#website\"},\"primaryImageOfPage\":{\"@id\":\"https:\/\/www.skamet.ee\/fi\/tooted\/muut-tuotteet\/#primaryimage\"},\"image\":{\"@id\":\"https:\/\/www.skamet.ee\/fi\/tooted\/muut-tuotteet\/#primaryimage\"},\"thumbnailUrl\":\"https:\/\/www.skamet.ee\/wp-content\/uploads\/2021\/03\/Suitsuahi-GSS-200-XL.jpg\",\"datePublished\":\"2021-05-10T07:39:08+00:00\",\"dateModified\":\"2026-01-27T10:32:57+00:00\",\"breadcrumb\":{\"@id\":\"https:\/\/www.skamet.ee\/fi\/tooted\/muut-tuotteet\/#breadcrumb\"},\"inLanguage\":\"fi\",\"potentialAction\":[{\"@type\":\"ReadAction\",\"target\":[\"https:\/\/www.skamet.ee\/fi\/tooted\/muut-tuotteet\/\"]}]},{\"@type\":\"ImageObject\",\"inLanguage\":\"fi\",\"@id\":\"https:\/\/www.skamet.ee\/fi\/tooted\/muut-tuotteet\/#primaryimage\",\"url\":\"https:\/\/www.skamet.ee\/wp-content\/uploads\/2021\/03\/Suitsuahi-GSS-200-XL.jpg\",\"contentUrl\":\"https:\/\/www.skamet.ee\/wp-content\/uploads\/2021\/03\/Suitsuahi-GSS-200-XL.jpg\",\"width\":615,\"height\":922,\"caption\":\"Suitsuahi GSS 200 XL\"},{\"@type\":\"BreadcrumbList\",\"@id\":\"https:\/\/www.skamet.ee\/fi\/tooted\/muut-tuotteet\/#breadcrumb\",\"itemListElement\":[{\"@type\":\"ListItem\",\"position\":1,\"name\":\"Home\",\"item\":\"https:\/\/www.skamet.ee\/fi\/\"},{\"@type\":\"ListItem\",\"position\":2,\"name\":\"Tuotteet\",\"item\":\"https:\/\/www.skamet.ee\/fi\/shop-2\/\"},{\"@type\":\"ListItem\",\"position\":3,\"name\":\"Muut tuotteet\"}]},{\"@type\":\"WebSite\",\"@id\":\"https:\/\/www.skamet.ee\/#website\",\"url\":\"https:\/\/www.skamet.ee\/\",\"name\":\"Skamet O\u00dc\",\"description\":\"Efektiivsed puuk\u00fcttega saunaahjud Eesti tootjalt\",\"publisher\":{\"@id\":\"https:\/\/www.skamet.ee\/#organization\"},\"potentialAction\":[{\"@type\":\"SearchAction\",\"target\":{\"@type\":\"EntryPoint\",\"urlTemplate\":\"https:\/\/www.skamet.ee\/?s={search_term_string}\"},\"query-input\":{\"@type\":\"PropertyValueSpecification\",\"valueRequired\":true,\"valueName\":\"search_term_string\"}}],\"inLanguage\":\"fi\"},{\"@type\":\"Organization\",\"@id\":\"https:\/\/www.skamet.ee\/#organization\",\"name\":\"Skamet\",\"url\":\"https:\/\/www.skamet.ee\/\",\"logo\":{\"@type\":\"ImageObject\",\"inLanguage\":\"fi\",\"@id\":\"https:\/\/www.skamet.ee\/#\/schema\/logo\/image\/\",\"url\":\"https:\/\/www.skamet.ee\/wp-content\/uploads\/2015\/05\/logo-uus.png\",\"contentUrl\":\"https:\/\/www.skamet.ee\/wp-content\/uploads\/2015\/05\/logo-uus.png\",\"width\":300,\"height\":127,\"caption\":\"Skamet\"},\"image\":{\"@id\":\"https:\/\/www.skamet.ee\/#\/schema\/logo\/image\/\"}}]}<\/script>\n<!-- \/ Yoast SEO plugin. -->","yoast_head_json":{"title":"Muut tuotteet - Skamet O\u00dc","robots":{"index":"index","follow":"follow","max-snippet":"max-snippet:-1","max-image-preview":"max-image-preview:large","max-video-preview":"max-video-preview:-1"},"canonical":"https:\/\/www.skamet.ee\/fi\/tooted\/muut-tuotteet\/","og_locale":"fi_FI","og_type":"article","og_title":"Muut tuotteet - Skamet O\u00dc","og_description":"Saunauunien ja niiden lis\u00e4tarvikkeiden lis\u00e4ksi valmistamme muitakin puul\u00e4mmitteisi\u00e4 tuotteita. Esimerkiksi savu-uunit, grillausaltaita saslikille, liesi-uuneja, kylpyammeen kamiinoita jne. Sen lis\u00e4ksi valmistamme","og_url":"https:\/\/www.skamet.ee\/fi\/tooted\/muut-tuotteet\/","og_site_name":"Skamet O\u00dc","article_modified_time":"2026-01-27T10:32:57+00:00","og_image":[{"width":615,"height":922,"url":"https:\/\/www.skamet.ee\/wp-content\/uploads\/2021\/03\/Suitsuahi-GSS-200-XL.jpg","type":"image\/jpeg"}],"twitter_card":"summary_large_image","twitter_misc":{"Arvioitu lukuaika":"3 minuuttia"},"schema":{"@context":"https:\/\/schema.org","@graph":[{"@type":"WebPage","@id":"https:\/\/www.skamet.ee\/fi\/tooted\/muut-tuotteet\/","url":"https:\/\/www.skamet.ee\/fi\/tooted\/muut-tuotteet\/","name":"Muut tuotteet - Skamet O\u00dc","isPartOf":{"@id":"https:\/\/www.skamet.ee\/#website"},"primaryImageOfPage":{"@id":"https:\/\/www.skamet.ee\/fi\/tooted\/muut-tuotteet\/#primaryimage"},"image":{"@id":"https:\/\/www.skamet.ee\/fi\/tooted\/muut-tuotteet\/#primaryimage"},"thumbnailUrl":"https:\/\/www.skamet.ee\/wp-content\/uploads\/2021\/03\/Suitsuahi-GSS-200-XL.jpg","datePublished":"2021-05-10T07:39:08+00:00","dateModified":"2026-01-27T10:32:57+00:00","breadcrumb":{"@id":"https:\/\/www.skamet.ee\/fi\/tooted\/muut-tuotteet\/#breadcrumb"},"inLanguage":"fi","potentialAction":[{"@type":"ReadAction","target":["https:\/\/www.skamet.ee\/fi\/tooted\/muut-tuotteet\/"]}]},{"@type":"ImageObject","inLanguage":"fi","@id":"https:\/\/www.skamet.ee\/fi\/tooted\/muut-tuotteet\/#primaryimage","url":"https:\/\/www.skamet.ee\/wp-content\/uploads\/2021\/03\/Suitsuahi-GSS-200-XL.jpg","contentUrl":"https:\/\/www.skamet.ee\/wp-content\/uploads\/2021\/03\/Suitsuahi-GSS-200-XL.jpg","width":615,"height":922,"caption":"Suitsuahi GSS 200 XL"},{"@type":"BreadcrumbList","@id":"https:\/\/www.skamet.ee\/fi\/tooted\/muut-tuotteet\/#breadcrumb","itemListElement":[{"@type":"ListItem","position":1,"name":"Home","item":"https:\/\/www.skamet.ee\/fi\/"},{"@type":"ListItem","position":2,"name":"Tuotteet","item":"https:\/\/www.skamet.ee\/fi\/shop-2\/"},{"@type":"ListItem","position":3,"name":"Muut tuotteet"}]},{"@type":"WebSite","@id":"https:\/\/www.skamet.ee\/#website","url":"https:\/\/www.skamet.ee\/","name":"Skamet O\u00dc","description":"Efektiivsed puuk\u00fcttega saunaahjud Eesti tootjalt","publisher":{"@id":"https:\/\/www.skamet.ee\/#organization"},"potentialAction":[{"@type":"SearchAction","target":{"@type":"EntryPoint","urlTemplate":"https:\/\/www.skamet.ee\/?s={search_term_string}"},"query-input":{"@type":"PropertyValueSpecification","valueRequired":true,"valueName":"search_term_string"}}],"inLanguage":"fi"},{"@type":"Organization","@id":"https:\/\/www.skamet.ee\/#organization","name":"Skamet","url":"https:\/\/www.skamet.ee\/","logo":{"@type":"ImageObject","inLanguage":"fi","@id":"https:\/\/www.skamet.ee\/#\/schema\/logo\/image\/","url":"https:\/\/www.skamet.ee\/wp-content\/uploads\/2015\/05\/logo-uus.png","contentUrl":"https:\/\/www.skamet.ee\/wp-content\/uploads\/2015\/05\/logo-uus.png","width":300,"height":127,"caption":"Skamet"},"image":{"@id":"https:\/\/www.skamet.ee\/#\/schema\/logo\/image\/"}}]}},"_links":{"self":[{"href":"https:\/\/www.skamet.ee\/fi\/wp-json\/wp\/v2\/product\/41189","targetHints":{"allow":["GET"]}}],"collection":[{"href":"https:\/\/www.skamet.ee\/fi\/wp-json\/wp\/v2\/product"}],"about":[{"href":"https:\/\/www.skamet.ee\/fi\/wp-json\/wp\/v2\/types\/product"}],"version-history":[{"count":2,"href":"https:\/\/www.skamet.ee\/fi\/wp-json\/wp\/v2\/product\/41189\/revisions"}],"predecessor-version":[{"id":54245,"href":"https:\/\/www.skamet.ee\/fi\/wp-json\/wp\/v2\/product\/41189\/revisions\/54245"}],"wp:featuredmedia":[{"embeddable":true,"href":"https:\/\/www.skamet.ee\/fi\/wp-json\/wp\/v2\/media\/39799"}],"wp:attachment":[{"href":"https:\/\/www.skamet.ee\/fi\/wp-json\/wp\/v2\/media?parent=41189"}],"wp:term":[{"taxonomy":"product_brand","embeddable":true,"href":"https:\/\/www.skamet.ee\/fi\/wp-json\/wp\/v2\/product_brand?post=41189"},{"taxonomy":"product_cat","embeddable":true,"href":"https:\/\/www.skamet.ee\/fi\/wp-json\/wp\/v2\/product_cat?post=41189"},{"taxonomy":"product_tag","embeddable":true,"href":"https:\/\/www.skamet.ee\/fi\/wp-json\/wp\/v2\/product_tag?post=41189"}],"curies":[{"name":"wp","href":"https:\/\/api.w.org\/{rel}","templated":true}]}}