{"id":41910,"date":"2021-03-26T14:08:13","date_gmt":"2021-03-26T12:08:13","guid":{"rendered":"https:\/\/uus.skamet.ee\/tooted\/Ei-luokiteltu\/isompi-savustusuuni\/"},"modified":"2026-01-23T13:24:14","modified_gmt":"2026-01-23T11:24:14","slug":"isompi-savustusuuni","status":"publish","type":"product","link":"https:\/\/www.skamet.ee\/fi\/tooted\/isompi-savustusuuni\/","title":{"rendered":"SAVU GSS-200"},"content":{"rendered":"<p data-start=\"15\" data-end=\"171\">Keskikokoinen kuumasavustusuuni <strong>SAVU<\/strong> GSS-200 on nelikulmainen ja kolmelta sivulta kaksisein\u00e4inen, mik\u00e4 takaa laadukkaan toiminnan my\u00f6s kylmiss\u00e4 olosuhteissa.<\/p>\n<p data-start=\"175\" data-end=\"212\"><img loading=\"lazy\" decoding=\"async\" class=\" wp-image-52333\" src=\"https:\/\/www.skamet.ee\/wp-content\/uploads\/2024\/06\/leek2-300x300.jpg\" alt=\"\" width=\"18\" height=\"18\" srcset=\"https:\/\/www.skamet.ee\/wp-content\/uploads\/2024\/06\/leek2-300x300.jpg 300w, https:\/\/www.skamet.ee\/wp-content\/uploads\/2024\/06\/leek2-600x600.jpg 600w, https:\/\/www.skamet.ee\/wp-content\/uploads\/2024\/06\/leek2-1200x1200.jpg 1200w, https:\/\/www.skamet.ee\/wp-content\/uploads\/2024\/06\/leek2-150x150.jpg 150w, https:\/\/www.skamet.ee\/wp-content\/uploads\/2024\/06\/leek2-768x768.jpg 768w, https:\/\/www.skamet.ee\/wp-content\/uploads\/2024\/06\/leek2-1024x1024.jpg 1024w\" sizes=\"auto, (max-width: 18px) 100vw, 18px\" \/>\u00a0 ulkomitat ovat 170 \u00d7 50 \u00d7 50 cm<\/p>\n<p data-start=\"215\" data-end=\"306\"><img loading=\"lazy\" decoding=\"async\" class=\" wp-image-52333\" src=\"https:\/\/www.skamet.ee\/wp-content\/uploads\/2024\/06\/leek2-300x300.jpg\" alt=\"\" width=\"18\" height=\"18\" srcset=\"https:\/\/www.skamet.ee\/wp-content\/uploads\/2024\/06\/leek2-300x300.jpg 300w, https:\/\/www.skamet.ee\/wp-content\/uploads\/2024\/06\/leek2-600x600.jpg 600w, https:\/\/www.skamet.ee\/wp-content\/uploads\/2024\/06\/leek2-1200x1200.jpg 1200w, https:\/\/www.skamet.ee\/wp-content\/uploads\/2024\/06\/leek2-150x150.jpg 150w, https:\/\/www.skamet.ee\/wp-content\/uploads\/2024\/06\/leek2-768x768.jpg 768w, https:\/\/www.skamet.ee\/wp-content\/uploads\/2024\/06\/leek2-1024x1024.jpg 1024w\" sizes=\"auto, (max-width: 18px) 100vw, 18px\" \/>\u00a0 mukana l\u00e4mp\u00f6mittari, nelj\u00e4 ruostumatonta ritil\u00e4\u00e4 sek\u00e4 rasva- ja\/tai vesiallas<\/p>\n<p data-start=\"215\" data-end=\"306\"><img loading=\"lazy\" decoding=\"async\" class=\" wp-image-52333\" src=\"https:\/\/www.skamet.ee\/wp-content\/uploads\/2024\/06\/leek2-300x300.jpg\" alt=\"\" width=\"18\" height=\"18\" srcset=\"https:\/\/www.skamet.ee\/wp-content\/uploads\/2024\/06\/leek2-300x300.jpg 300w, https:\/\/www.skamet.ee\/wp-content\/uploads\/2024\/06\/leek2-600x600.jpg 600w, https:\/\/www.skamet.ee\/wp-content\/uploads\/2024\/06\/leek2-1200x1200.jpg 1200w, https:\/\/www.skamet.ee\/wp-content\/uploads\/2024\/06\/leek2-150x150.jpg 150w, https:\/\/www.skamet.ee\/wp-content\/uploads\/2024\/06\/leek2-768x768.jpg 768w, https:\/\/www.skamet.ee\/wp-content\/uploads\/2024\/06\/leek2-1024x1024.jpg 1024w\" sizes=\"auto, (max-width: 18px) 100vw, 18px\" \/>\u00a0 savupiippu on irrotettava<\/p>\n<p data-start=\"340\" data-end=\"378\" data-is-last-node=\"\" data-is-only-node=\"\">Lis\u00e4tietoja l\u00f6yd\u00e4<strong data-start=\"340\" data-end=\"378\" data-is-last-node=\"\">t <a href=\"https:\/\/skamet.ee\/wp-content\/uploads\/2019\/02\/Suitsuahju_pass_web_FI.pdf\" target=\"_blank\" rel=\"noopener\"><span style=\"color: #0000ff;\">k\u00e4ytt\u00f6ohjeesta.<\/span><\/a><\/strong><\/p>\n","protected":false},"excerpt":{"rendered":"<p>Keskikokoinen kuumasavustusuuni SAVU GSS-200 on nelikulmainen ja kolmelta sivulta kaksisein\u00e4inen, mik\u00e4 takaa laadukkaan toiminnan my\u00f6s kylmiss\u00e4 olosuhteissa. \u00a0 ulkomitat ovat<\/p>\n","protected":false},"featured_media":39789,"template":"","meta":{"_lmt_disableupdate":"","_lmt_disable":""},"product_brand":[],"product_cat":[259,1124],"product_tag":[],"class_list":{"0":"post-41910","1":"product","2":"type-product","3":"status-publish","4":"has-post-thumbnail","6":"product_cat-muut-tuotteet","7":"product_cat-kuumasavustusuunit","9":"first","10":"instock","11":"shipping-taxable","12":"product-type-simple"},"yoast_head":"<!-- This site is optimized with the Yoast SEO plugin v27.0 - https:\/\/yoast.com\/product\/yoast-seo-wordpress\/ -->\n<title>Kuumasavustusuuni - Skamet O\u00dc<\/title>\n<meta name=\"description\" content=\"Kuumasavustusuuni\" \/>\n<meta name=\"robots\" content=\"index, follow, max-snippet:-1, max-image-preview:large, max-video-preview:-1\" \/>\n<link rel=\"canonical\" href=\"https:\/\/www.skamet.ee\/fi\/tooted\/isompi-savustusuuni\/\" \/>\n<meta property=\"og:locale\" content=\"fi_FI\" \/>\n<meta property=\"og:type\" content=\"article\" \/>\n<meta property=\"og:title\" content=\"Kuumasavustusuuni - Skamet O\u00dc\" \/>\n<meta property=\"og:description\" content=\"Kuumasavustusuuni\" \/>\n<meta property=\"og:url\" content=\"https:\/\/www.skamet.ee\/fi\/tooted\/isompi-savustusuuni\/\" \/>\n<meta property=\"og:site_name\" content=\"Skamet O\u00dc\" \/>\n<meta property=\"article:modified_time\" content=\"2026-01-23T11:24:14+00:00\" \/>\n<meta property=\"og:image\" content=\"https:\/\/www.skamet.ee\/wp-content\/uploads\/2021\/03\/GSS-200-scaled.jpg\" \/>\n\t<meta property=\"og:image:width\" content=\"2560\" \/>\n\t<meta property=\"og:image:height\" content=\"2560\" \/>\n\t<meta property=\"og:image:type\" content=\"image\/jpeg\" \/>\n<meta name=\"twitter:card\" content=\"summary_large_image\" \/>\n<meta name=\"twitter:label1\" content=\"Arvioitu lukuaika\" \/>\n\t<meta name=\"twitter:data1\" content=\"2 minuuttia\" \/>\n<script type=\"application\/ld+json\" class=\"yoast-schema-graph\">{\"@context\":\"https:\/\/schema.org\",\"@graph\":[{\"@type\":\"WebPage\",\"@id\":\"https:\/\/www.skamet.ee\/fi\/tooted\/isompi-savustusuuni\/\",\"url\":\"https:\/\/www.skamet.ee\/fi\/tooted\/isompi-savustusuuni\/\",\"name\":\"Kuumasavustusuuni - Skamet O\u00dc\",\"isPartOf\":{\"@id\":\"https:\/\/www.skamet.ee\/#website\"},\"primaryImageOfPage\":{\"@id\":\"https:\/\/www.skamet.ee\/fi\/tooted\/isompi-savustusuuni\/#primaryimage\"},\"image\":{\"@id\":\"https:\/\/www.skamet.ee\/fi\/tooted\/isompi-savustusuuni\/#primaryimage\"},\"thumbnailUrl\":\"https:\/\/www.skamet.ee\/wp-content\/uploads\/2021\/03\/GSS-200-scaled.jpg\",\"datePublished\":\"2021-03-26T12:08:13+00:00\",\"dateModified\":\"2026-01-23T11:24:14+00:00\",\"description\":\"Kuumasavustusuuni\",\"breadcrumb\":{\"@id\":\"https:\/\/www.skamet.ee\/fi\/tooted\/isompi-savustusuuni\/#breadcrumb\"},\"inLanguage\":\"fi\",\"potentialAction\":[{\"@type\":\"ReadAction\",\"target\":[\"https:\/\/www.skamet.ee\/fi\/tooted\/isompi-savustusuuni\/\"]}]},{\"@type\":\"ImageObject\",\"inLanguage\":\"fi\",\"@id\":\"https:\/\/www.skamet.ee\/fi\/tooted\/isompi-savustusuuni\/#primaryimage\",\"url\":\"https:\/\/www.skamet.ee\/wp-content\/uploads\/2021\/03\/GSS-200-scaled.jpg\",\"contentUrl\":\"https:\/\/www.skamet.ee\/wp-content\/uploads\/2021\/03\/GSS-200-scaled.jpg\",\"width\":2560,\"height\":2560,\"caption\":\"GSS 200 scaled\"},{\"@type\":\"BreadcrumbList\",\"@id\":\"https:\/\/www.skamet.ee\/fi\/tooted\/isompi-savustusuuni\/#breadcrumb\",\"itemListElement\":[{\"@type\":\"ListItem\",\"position\":1,\"name\":\"Home\",\"item\":\"https:\/\/www.skamet.ee\/fi\/\"},{\"@type\":\"ListItem\",\"position\":2,\"name\":\"Tuotteet\",\"item\":\"https:\/\/www.skamet.ee\/fi\/shop-2\/\"},{\"@type\":\"ListItem\",\"position\":3,\"name\":\"SAVU GSS-200\"}]},{\"@type\":\"WebSite\",\"@id\":\"https:\/\/www.skamet.ee\/#website\",\"url\":\"https:\/\/www.skamet.ee\/\",\"name\":\"Skamet O\u00dc\",\"description\":\"Efektiivsed puuk\u00fcttega saunaahjud Eesti tootjalt\",\"publisher\":{\"@id\":\"https:\/\/www.skamet.ee\/#organization\"},\"potentialAction\":[{\"@type\":\"SearchAction\",\"target\":{\"@type\":\"EntryPoint\",\"urlTemplate\":\"https:\/\/www.skamet.ee\/?s={search_term_string}\"},\"query-input\":{\"@type\":\"PropertyValueSpecification\",\"valueRequired\":true,\"valueName\":\"search_term_string\"}}],\"inLanguage\":\"fi\"},{\"@type\":\"Organization\",\"@id\":\"https:\/\/www.skamet.ee\/#organization\",\"name\":\"Skamet\",\"url\":\"https:\/\/www.skamet.ee\/\",\"logo\":{\"@type\":\"ImageObject\",\"inLanguage\":\"fi\",\"@id\":\"https:\/\/www.skamet.ee\/#\/schema\/logo\/image\/\",\"url\":\"https:\/\/www.skamet.ee\/wp-content\/uploads\/2015\/05\/logo-uus.png\",\"contentUrl\":\"https:\/\/www.skamet.ee\/wp-content\/uploads\/2015\/05\/logo-uus.png\",\"width\":300,\"height\":127,\"caption\":\"Skamet\"},\"image\":{\"@id\":\"https:\/\/www.skamet.ee\/#\/schema\/logo\/image\/\"}}]}<\/script>\n<!-- \/ Yoast SEO plugin. -->","yoast_head_json":{"title":"Kuumasavustusuuni - Skamet O\u00dc","description":"Kuumasavustusuuni","robots":{"index":"index","follow":"follow","max-snippet":"max-snippet:-1","max-image-preview":"max-image-preview:large","max-video-preview":"max-video-preview:-1"},"canonical":"https:\/\/www.skamet.ee\/fi\/tooted\/isompi-savustusuuni\/","og_locale":"fi_FI","og_type":"article","og_title":"Kuumasavustusuuni - Skamet O\u00dc","og_description":"Kuumasavustusuuni","og_url":"https:\/\/www.skamet.ee\/fi\/tooted\/isompi-savustusuuni\/","og_site_name":"Skamet O\u00dc","article_modified_time":"2026-01-23T11:24:14+00:00","og_image":[{"width":2560,"height":2560,"url":"https:\/\/www.skamet.ee\/wp-content\/uploads\/2021\/03\/GSS-200-scaled.jpg","type":"image\/jpeg"}],"twitter_card":"summary_large_image","twitter_misc":{"Arvioitu lukuaika":"2 minuuttia"},"schema":{"@context":"https:\/\/schema.org","@graph":[{"@type":"WebPage","@id":"https:\/\/www.skamet.ee\/fi\/tooted\/isompi-savustusuuni\/","url":"https:\/\/www.skamet.ee\/fi\/tooted\/isompi-savustusuuni\/","name":"Kuumasavustusuuni - Skamet O\u00dc","isPartOf":{"@id":"https:\/\/www.skamet.ee\/#website"},"primaryImageOfPage":{"@id":"https:\/\/www.skamet.ee\/fi\/tooted\/isompi-savustusuuni\/#primaryimage"},"image":{"@id":"https:\/\/www.skamet.ee\/fi\/tooted\/isompi-savustusuuni\/#primaryimage"},"thumbnailUrl":"https:\/\/www.skamet.ee\/wp-content\/uploads\/2021\/03\/GSS-200-scaled.jpg","datePublished":"2021-03-26T12:08:13+00:00","dateModified":"2026-01-23T11:24:14+00:00","description":"Kuumasavustusuuni","breadcrumb":{"@id":"https:\/\/www.skamet.ee\/fi\/tooted\/isompi-savustusuuni\/#breadcrumb"},"inLanguage":"fi","potentialAction":[{"@type":"ReadAction","target":["https:\/\/www.skamet.ee\/fi\/tooted\/isompi-savustusuuni\/"]}]},{"@type":"ImageObject","inLanguage":"fi","@id":"https:\/\/www.skamet.ee\/fi\/tooted\/isompi-savustusuuni\/#primaryimage","url":"https:\/\/www.skamet.ee\/wp-content\/uploads\/2021\/03\/GSS-200-scaled.jpg","contentUrl":"https:\/\/www.skamet.ee\/wp-content\/uploads\/2021\/03\/GSS-200-scaled.jpg","width":2560,"height":2560,"caption":"GSS 200 scaled"},{"@type":"BreadcrumbList","@id":"https:\/\/www.skamet.ee\/fi\/tooted\/isompi-savustusuuni\/#breadcrumb","itemListElement":[{"@type":"ListItem","position":1,"name":"Home","item":"https:\/\/www.skamet.ee\/fi\/"},{"@type":"ListItem","position":2,"name":"Tuotteet","item":"https:\/\/www.skamet.ee\/fi\/shop-2\/"},{"@type":"ListItem","position":3,"name":"SAVU GSS-200"}]},{"@type":"WebSite","@id":"https:\/\/www.skamet.ee\/#website","url":"https:\/\/www.skamet.ee\/","name":"Skamet O\u00dc","description":"Efektiivsed puuk\u00fcttega saunaahjud Eesti tootjalt","publisher":{"@id":"https:\/\/www.skamet.ee\/#organization"},"potentialAction":[{"@type":"SearchAction","target":{"@type":"EntryPoint","urlTemplate":"https:\/\/www.skamet.ee\/?s={search_term_string}"},"query-input":{"@type":"PropertyValueSpecification","valueRequired":true,"valueName":"search_term_string"}}],"inLanguage":"fi"},{"@type":"Organization","@id":"https:\/\/www.skamet.ee\/#organization","name":"Skamet","url":"https:\/\/www.skamet.ee\/","logo":{"@type":"ImageObject","inLanguage":"fi","@id":"https:\/\/www.skamet.ee\/#\/schema\/logo\/image\/","url":"https:\/\/www.skamet.ee\/wp-content\/uploads\/2015\/05\/logo-uus.png","contentUrl":"https:\/\/www.skamet.ee\/wp-content\/uploads\/2015\/05\/logo-uus.png","width":300,"height":127,"caption":"Skamet"},"image":{"@id":"https:\/\/www.skamet.ee\/#\/schema\/logo\/image\/"}}]}},"_links":{"self":[{"href":"https:\/\/www.skamet.ee\/fi\/wp-json\/wp\/v2\/product\/41910","targetHints":{"allow":["GET"]}}],"collection":[{"href":"https:\/\/www.skamet.ee\/fi\/wp-json\/wp\/v2\/product"}],"about":[{"href":"https:\/\/www.skamet.ee\/fi\/wp-json\/wp\/v2\/types\/product"}],"version-history":[{"count":2,"href":"https:\/\/www.skamet.ee\/fi\/wp-json\/wp\/v2\/product\/41910\/revisions"}],"predecessor-version":[{"id":53681,"href":"https:\/\/www.skamet.ee\/fi\/wp-json\/wp\/v2\/product\/41910\/revisions\/53681"}],"wp:featuredmedia":[{"embeddable":true,"href":"https:\/\/www.skamet.ee\/fi\/wp-json\/wp\/v2\/media\/39789"}],"wp:attachment":[{"href":"https:\/\/www.skamet.ee\/fi\/wp-json\/wp\/v2\/media?parent=41910"}],"wp:term":[{"taxonomy":"product_brand","embeddable":true,"href":"https:\/\/www.skamet.ee\/fi\/wp-json\/wp\/v2\/product_brand?post=41910"},{"taxonomy":"product_cat","embeddable":true,"href":"https:\/\/www.skamet.ee\/fi\/wp-json\/wp\/v2\/product_cat?post=41910"},{"taxonomy":"product_tag","embeddable":true,"href":"https:\/\/www.skamet.ee\/fi\/wp-json\/wp\/v2\/product_tag?post=41910"}],"curies":[{"name":"wp","href":"https:\/\/api.w.org\/{rel}","templated":true}]}}