{"id":41912,"date":"2021-03-26T14:58:29","date_gmt":"2021-03-26T12:58:29","guid":{"rendered":"https:\/\/uus.skamet.ee\/tooted\/Ei-luokiteltu\/uuni-suljetulla-vesisailiolla\/"},"modified":"2026-01-27T12:43:50","modified_gmt":"2026-01-27T10:43:50","slug":"uuni-suljetulla-vesisailiolla","status":"publish","type":"product","link":"https:\/\/www.skamet.ee\/fi\/tooted\/uuni-suljetulla-vesisailiolla\/","title":{"rendered":"Kiuas suljetulla vesivaraajalla"},"content":{"rendered":"<p data-start=\"126\" data-end=\"221\">Verkkorunkoinen kiuas suljetulla vesivaraajalla on tarkoitettu <strong data-start=\"189\" data-end=\"220\">pieniin saunoihin (6\u201310 m\u00b3)<\/strong>.<\/p>\n<p data-start=\"223\" data-end=\"475\">\u2022 Savupiipun liit\u00e4nt\u00e4 kiukaan p\u00e4\u00e4lt\u00e4<br data-start=\"259\" data-end=\"262\" \/>\u2022 Kiukaan p\u00e4\u00e4lle asennettu kuumavesivaraaja, jonka l\u00e4pi savupiippu kulkee<br data-start=\"335\" data-end=\"338\" \/>\u2022 Saatavana <strong data-start=\"350\" data-end=\"374\">lasiovella tai ilman<\/strong><br data-start=\"374\" data-end=\"377\" \/>\u2022 Vesivaraajan tilavuus <strong data-start=\"401\" data-end=\"415\">110 litraa<\/strong><br data-start=\"415\" data-end=\"418\" \/>(mahdollista tilata my\u00f6s pienempi tai suurempi varaaja)<\/p>\n<h4 data-start=\"477\" data-end=\"488\">Mitat:<\/h4>\n<p data-start=\"489\" data-end=\"689\">\u2022 Tulipes\u00e4n (verkkorunko-osa) mitat: <strong data-start=\"526\" data-end=\"540\">62 \u00d7 54 cm<\/strong><br data-start=\"540\" data-end=\"543\" \/>\u2022 Kiukaan korkeus: <strong data-start=\"562\" data-end=\"571\">45 cm<\/strong><br data-start=\"571\" data-end=\"574\" \/>\u2022 Vesivaraajan halkaisija: <strong data-start=\"601\" data-end=\"610\">45 cm<\/strong><br data-start=\"610\" data-end=\"613\" \/>\u2022 110 litran vesivaraajan korkeus: <strong data-start=\"648\" data-end=\"657\">80 cm<\/strong><br data-start=\"657\" data-end=\"660\" \/>\u2022 Kokonaiskorkeus: <strong data-start=\"679\" data-end=\"689\">125 cm<\/strong><\/p>\n<p data-start=\"691\" data-end=\"873\">Vesivaraajassa on <strong data-start=\"709\" data-end=\"728\">kolme \u00bd\u201d nippaa<\/strong><br data-start=\"728\" data-end=\"731\" \/>(yksi sis\u00e4\u00e4ntulevalle vedelle, yksi ulosmenev\u00e4lle vedelle ja yksi varoventtiilille)<br data-start=\"814\" data-end=\"817\" \/>sek\u00e4 <strong data-start=\"822\" data-end=\"872\">yksi sis\u00e4kierteinen nippa l\u00e4mp\u00f6mittaria varten<\/strong>.<\/p>\n","protected":false},"excerpt":{"rendered":"<p>Verkkorunkoinen kiuas suljetulla vesivaraajalla on tarkoitettu pieniin saunoihin (6\u201310 m\u00b3). \u2022 Savupiipun liit\u00e4nt\u00e4 kiukaan p\u00e4\u00e4lt\u00e4\u2022 Kiukaan p\u00e4\u00e4lle asennettu kuumavesivaraaja, jonka<\/p>\n","protected":false},"featured_media":52235,"template":"","meta":{"_lmt_disableupdate":"","_lmt_disable":""},"product_brand":[],"product_cat":[],"product_tag":[],"class_list":{"0":"post-41912","1":"product","2":"type-product","3":"status-publish","4":"has-post-thumbnail","7":"first","8":"instock","9":"shipping-taxable","10":"product-type-simple"},"yoast_head":"<!-- This site is optimized with the Yoast SEO plugin v27.0 - https:\/\/yoast.com\/product\/yoast-seo-wordpress\/ -->\n<title>Kiuas suljetulla vesivaraajalla - Skamet O\u00dc<\/title>\n<meta name=\"description\" content=\"Kiuas suljetulla vesivaraajalla\" \/>\n<meta name=\"robots\" content=\"index, follow, max-snippet:-1, max-image-preview:large, max-video-preview:-1\" \/>\n<link rel=\"canonical\" href=\"https:\/\/www.skamet.ee\/fi\/tooted\/uuni-suljetulla-vesisailiolla\/\" \/>\n<meta property=\"og:locale\" content=\"fi_FI\" \/>\n<meta property=\"og:type\" content=\"article\" \/>\n<meta property=\"og:title\" content=\"Kiuas suljetulla vesivaraajalla - Skamet O\u00dc\" \/>\n<meta property=\"og:description\" content=\"Kiuas suljetulla vesivaraajalla\" \/>\n<meta property=\"og:url\" content=\"https:\/\/www.skamet.ee\/fi\/tooted\/uuni-suljetulla-vesisailiolla\/\" \/>\n<meta property=\"og:site_name\" content=\"Skamet O\u00dc\" \/>\n<meta property=\"article:modified_time\" content=\"2026-01-27T10:43:50+00:00\" \/>\n<meta property=\"og:image\" content=\"https:\/\/www.skamet.ee\/wp-content\/uploads\/2021\/03\/SO-110-RV-paak-scaled.jpg\" \/>\n\t<meta property=\"og:image:width\" content=\"1708\" \/>\n\t<meta property=\"og:image:height\" content=\"2560\" \/>\n\t<meta property=\"og:image:type\" content=\"image\/jpeg\" \/>\n<meta name=\"twitter:card\" content=\"summary_large_image\" \/>\n<meta name=\"twitter:label1\" content=\"Arvioitu lukuaika\" \/>\n\t<meta name=\"twitter:data1\" content=\"1 minuutti\" \/>\n<script type=\"application\/ld+json\" class=\"yoast-schema-graph\">{\"@context\":\"https:\/\/schema.org\",\"@graph\":[{\"@type\":\"WebPage\",\"@id\":\"https:\/\/www.skamet.ee\/fi\/tooted\/uuni-suljetulla-vesisailiolla\/\",\"url\":\"https:\/\/www.skamet.ee\/fi\/tooted\/uuni-suljetulla-vesisailiolla\/\",\"name\":\"Kiuas suljetulla vesivaraajalla - Skamet O\u00dc\",\"isPartOf\":{\"@id\":\"https:\/\/www.skamet.ee\/#website\"},\"primaryImageOfPage\":{\"@id\":\"https:\/\/www.skamet.ee\/fi\/tooted\/uuni-suljetulla-vesisailiolla\/#primaryimage\"},\"image\":{\"@id\":\"https:\/\/www.skamet.ee\/fi\/tooted\/uuni-suljetulla-vesisailiolla\/#primaryimage\"},\"thumbnailUrl\":\"https:\/\/www.skamet.ee\/wp-content\/uploads\/2021\/03\/SO-110-RV-paak-scaled.jpg\",\"datePublished\":\"2021-03-26T12:58:29+00:00\",\"dateModified\":\"2026-01-27T10:43:50+00:00\",\"description\":\"Kiuas suljetulla vesivaraajalla\",\"breadcrumb\":{\"@id\":\"https:\/\/www.skamet.ee\/fi\/tooted\/uuni-suljetulla-vesisailiolla\/#breadcrumb\"},\"inLanguage\":\"fi\",\"potentialAction\":[{\"@type\":\"ReadAction\",\"target\":[\"https:\/\/www.skamet.ee\/fi\/tooted\/uuni-suljetulla-vesisailiolla\/\"]}]},{\"@type\":\"ImageObject\",\"inLanguage\":\"fi\",\"@id\":\"https:\/\/www.skamet.ee\/fi\/tooted\/uuni-suljetulla-vesisailiolla\/#primaryimage\",\"url\":\"https:\/\/www.skamet.ee\/wp-content\/uploads\/2021\/03\/SO-110-RV-paak-scaled.jpg\",\"contentUrl\":\"https:\/\/www.skamet.ee\/wp-content\/uploads\/2021\/03\/SO-110-RV-paak-scaled.jpg\",\"width\":1708,\"height\":2560,\"caption\":\"SO 110 RV paak scaled\"},{\"@type\":\"BreadcrumbList\",\"@id\":\"https:\/\/www.skamet.ee\/fi\/tooted\/uuni-suljetulla-vesisailiolla\/#breadcrumb\",\"itemListElement\":[{\"@type\":\"ListItem\",\"position\":1,\"name\":\"Home\",\"item\":\"https:\/\/www.skamet.ee\/fi\/\"},{\"@type\":\"ListItem\",\"position\":2,\"name\":\"Tuotteet\",\"item\":\"https:\/\/www.skamet.ee\/fi\/shop-2\/\"},{\"@type\":\"ListItem\",\"position\":3,\"name\":\"Kiuas suljetulla vesivaraajalla\"}]},{\"@type\":\"WebSite\",\"@id\":\"https:\/\/www.skamet.ee\/#website\",\"url\":\"https:\/\/www.skamet.ee\/\",\"name\":\"Skamet O\u00dc\",\"description\":\"Efektiivsed puuk\u00fcttega saunaahjud Eesti tootjalt\",\"publisher\":{\"@id\":\"https:\/\/www.skamet.ee\/#organization\"},\"potentialAction\":[{\"@type\":\"SearchAction\",\"target\":{\"@type\":\"EntryPoint\",\"urlTemplate\":\"https:\/\/www.skamet.ee\/?s={search_term_string}\"},\"query-input\":{\"@type\":\"PropertyValueSpecification\",\"valueRequired\":true,\"valueName\":\"search_term_string\"}}],\"inLanguage\":\"fi\"},{\"@type\":\"Organization\",\"@id\":\"https:\/\/www.skamet.ee\/#organization\",\"name\":\"Skamet\",\"url\":\"https:\/\/www.skamet.ee\/\",\"logo\":{\"@type\":\"ImageObject\",\"inLanguage\":\"fi\",\"@id\":\"https:\/\/www.skamet.ee\/#\/schema\/logo\/image\/\",\"url\":\"https:\/\/www.skamet.ee\/wp-content\/uploads\/2015\/05\/logo-uus.png\",\"contentUrl\":\"https:\/\/www.skamet.ee\/wp-content\/uploads\/2015\/05\/logo-uus.png\",\"width\":300,\"height\":127,\"caption\":\"Skamet\"},\"image\":{\"@id\":\"https:\/\/www.skamet.ee\/#\/schema\/logo\/image\/\"}}]}<\/script>\n<!-- \/ Yoast SEO plugin. -->","yoast_head_json":{"title":"Kiuas suljetulla vesivaraajalla - Skamet O\u00dc","description":"Kiuas suljetulla vesivaraajalla","robots":{"index":"index","follow":"follow","max-snippet":"max-snippet:-1","max-image-preview":"max-image-preview:large","max-video-preview":"max-video-preview:-1"},"canonical":"https:\/\/www.skamet.ee\/fi\/tooted\/uuni-suljetulla-vesisailiolla\/","og_locale":"fi_FI","og_type":"article","og_title":"Kiuas suljetulla vesivaraajalla - Skamet O\u00dc","og_description":"Kiuas suljetulla vesivaraajalla","og_url":"https:\/\/www.skamet.ee\/fi\/tooted\/uuni-suljetulla-vesisailiolla\/","og_site_name":"Skamet O\u00dc","article_modified_time":"2026-01-27T10:43:50+00:00","og_image":[{"width":1708,"height":2560,"url":"https:\/\/www.skamet.ee\/wp-content\/uploads\/2021\/03\/SO-110-RV-paak-scaled.jpg","type":"image\/jpeg"}],"twitter_card":"summary_large_image","twitter_misc":{"Arvioitu lukuaika":"1 minuutti"},"schema":{"@context":"https:\/\/schema.org","@graph":[{"@type":"WebPage","@id":"https:\/\/www.skamet.ee\/fi\/tooted\/uuni-suljetulla-vesisailiolla\/","url":"https:\/\/www.skamet.ee\/fi\/tooted\/uuni-suljetulla-vesisailiolla\/","name":"Kiuas suljetulla vesivaraajalla - Skamet O\u00dc","isPartOf":{"@id":"https:\/\/www.skamet.ee\/#website"},"primaryImageOfPage":{"@id":"https:\/\/www.skamet.ee\/fi\/tooted\/uuni-suljetulla-vesisailiolla\/#primaryimage"},"image":{"@id":"https:\/\/www.skamet.ee\/fi\/tooted\/uuni-suljetulla-vesisailiolla\/#primaryimage"},"thumbnailUrl":"https:\/\/www.skamet.ee\/wp-content\/uploads\/2021\/03\/SO-110-RV-paak-scaled.jpg","datePublished":"2021-03-26T12:58:29+00:00","dateModified":"2026-01-27T10:43:50+00:00","description":"Kiuas suljetulla vesivaraajalla","breadcrumb":{"@id":"https:\/\/www.skamet.ee\/fi\/tooted\/uuni-suljetulla-vesisailiolla\/#breadcrumb"},"inLanguage":"fi","potentialAction":[{"@type":"ReadAction","target":["https:\/\/www.skamet.ee\/fi\/tooted\/uuni-suljetulla-vesisailiolla\/"]}]},{"@type":"ImageObject","inLanguage":"fi","@id":"https:\/\/www.skamet.ee\/fi\/tooted\/uuni-suljetulla-vesisailiolla\/#primaryimage","url":"https:\/\/www.skamet.ee\/wp-content\/uploads\/2021\/03\/SO-110-RV-paak-scaled.jpg","contentUrl":"https:\/\/www.skamet.ee\/wp-content\/uploads\/2021\/03\/SO-110-RV-paak-scaled.jpg","width":1708,"height":2560,"caption":"SO 110 RV paak scaled"},{"@type":"BreadcrumbList","@id":"https:\/\/www.skamet.ee\/fi\/tooted\/uuni-suljetulla-vesisailiolla\/#breadcrumb","itemListElement":[{"@type":"ListItem","position":1,"name":"Home","item":"https:\/\/www.skamet.ee\/fi\/"},{"@type":"ListItem","position":2,"name":"Tuotteet","item":"https:\/\/www.skamet.ee\/fi\/shop-2\/"},{"@type":"ListItem","position":3,"name":"Kiuas suljetulla vesivaraajalla"}]},{"@type":"WebSite","@id":"https:\/\/www.skamet.ee\/#website","url":"https:\/\/www.skamet.ee\/","name":"Skamet O\u00dc","description":"Efektiivsed puuk\u00fcttega saunaahjud Eesti tootjalt","publisher":{"@id":"https:\/\/www.skamet.ee\/#organization"},"potentialAction":[{"@type":"SearchAction","target":{"@type":"EntryPoint","urlTemplate":"https:\/\/www.skamet.ee\/?s={search_term_string}"},"query-input":{"@type":"PropertyValueSpecification","valueRequired":true,"valueName":"search_term_string"}}],"inLanguage":"fi"},{"@type":"Organization","@id":"https:\/\/www.skamet.ee\/#organization","name":"Skamet","url":"https:\/\/www.skamet.ee\/","logo":{"@type":"ImageObject","inLanguage":"fi","@id":"https:\/\/www.skamet.ee\/#\/schema\/logo\/image\/","url":"https:\/\/www.skamet.ee\/wp-content\/uploads\/2015\/05\/logo-uus.png","contentUrl":"https:\/\/www.skamet.ee\/wp-content\/uploads\/2015\/05\/logo-uus.png","width":300,"height":127,"caption":"Skamet"},"image":{"@id":"https:\/\/www.skamet.ee\/#\/schema\/logo\/image\/"}}]}},"_links":{"self":[{"href":"https:\/\/www.skamet.ee\/fi\/wp-json\/wp\/v2\/product\/41912","targetHints":{"allow":["GET"]}}],"collection":[{"href":"https:\/\/www.skamet.ee\/fi\/wp-json\/wp\/v2\/product"}],"about":[{"href":"https:\/\/www.skamet.ee\/fi\/wp-json\/wp\/v2\/types\/product"}],"version-history":[{"count":2,"href":"https:\/\/www.skamet.ee\/fi\/wp-json\/wp\/v2\/product\/41912\/revisions"}],"predecessor-version":[{"id":54251,"href":"https:\/\/www.skamet.ee\/fi\/wp-json\/wp\/v2\/product\/41912\/revisions\/54251"}],"wp:featuredmedia":[{"embeddable":true,"href":"https:\/\/www.skamet.ee\/fi\/wp-json\/wp\/v2\/media\/52235"}],"wp:attachment":[{"href":"https:\/\/www.skamet.ee\/fi\/wp-json\/wp\/v2\/media?parent=41912"}],"wp:term":[{"taxonomy":"product_brand","embeddable":true,"href":"https:\/\/www.skamet.ee\/fi\/wp-json\/wp\/v2\/product_brand?post=41912"},{"taxonomy":"product_cat","embeddable":true,"href":"https:\/\/www.skamet.ee\/fi\/wp-json\/wp\/v2\/product_cat?post=41912"},{"taxonomy":"product_tag","embeddable":true,"href":"https:\/\/www.skamet.ee\/fi\/wp-json\/wp\/v2\/product_tag?post=41912"}],"curies":[{"name":"wp","href":"https:\/\/api.w.org\/{rel}","templated":true}]}}