{"id":41913,"date":"2021-03-26T15:00:52","date_gmt":"2021-03-26T13:00:52","guid":{"rendered":"https:\/\/uus.skamet.ee\/tooted\/Ei-luokiteltu\/kylpyammeen-kamiina-avatulla-vesisailiolla\/"},"modified":"2026-01-27T12:49:44","modified_gmt":"2026-01-27T10:49:44","slug":"kylpyammeen-kamiina-avatulla-vesisailiolla","status":"publish","type":"product","link":"https:\/\/www.skamet.ee\/fi\/tooted\/kylpyammeen-kamiina-avatulla-vesisailiolla\/","title":{"rendered":"Kylpykiuas avoimella vesivaraajalla"},"content":{"rendered":"<p data-start=\"126\" data-end=\"219\">Metallirunkoinen kylpykiuas avoimella vesivaraajalla on tarkoitettu <strong data-start=\"194\" data-end=\"218\">veden l\u00e4mmitt\u00e4miseen<\/strong>.<\/p>\n<p data-start=\"221\" data-end=\"546\">\u2022 Kaksivaippainen kiuas, jonka sis\u00e4ll\u00e4 on <strong data-start=\"263\" data-end=\"284\">musta ter\u00e4ss\u00e4ili\u00f6<\/strong><br data-start=\"284\" data-end=\"287\" \/>\u2022 Savupiipun liit\u00e4nt\u00e4 <strong data-start=\"309\" data-end=\"326\">kiukaan takaa<\/strong><br data-start=\"326\" data-end=\"329\" \/>\u2022 Saatavana <strong data-start=\"341\" data-end=\"365\">lasiovella tai ilman<\/strong><br data-start=\"365\" data-end=\"368\" \/>\u2022 Vesivaraajan tilavuus <strong data-start=\"392\" data-end=\"406\">110 litraa<\/strong><br data-start=\"406\" data-end=\"409\" \/>(mahdollista tilata my\u00f6s pienempi tai suurempi varaaja)<br data-start=\"466\" data-end=\"469\" \/>\u2022 Saatavana my\u00f6s <strong data-start=\"486\" data-end=\"546\">ruostumattomasta ter\u00e4ksest\u00e4 valmistetulla vesivaraajalla<\/strong><\/p>\n<h4 data-start=\"548\" data-end=\"559\">Mitat:<\/h4>\n<p data-start=\"560\" data-end=\"794\">\u2022 Luukun leveys <strong data-start=\"576\" data-end=\"585\">33 cm<\/strong>, korkeus <strong data-start=\"595\" data-end=\"604\">45 cm<\/strong><br data-start=\"604\" data-end=\"607\" \/>\u2022 Halkaisija <strong data-start=\"620\" data-end=\"629\">40 cm<\/strong><br data-start=\"629\" data-end=\"632\" \/>\u2022 110 litran vesivaraajalla varustetun kiukaan kokonaiskorkeus n. <strong data-start=\"698\" data-end=\"708\">110 cm<\/strong><br data-start=\"708\" data-end=\"711\" \/>\u2022 Vesivaraajassa <strong data-start=\"728\" data-end=\"745\">yksi \u00bd\u201d nippa<\/strong> veden tyhjennyst\u00e4 varten<br data-start=\"770\" data-end=\"773\" \/>\u2022 Yl\u00e4osassa <strong data-start=\"785\" data-end=\"794\">kansi<\/strong><\/p>\n","protected":false},"excerpt":{"rendered":"<p>Metallirunkoinen kylpykiuas avoimella vesivaraajalla on tarkoitettu veden l\u00e4mmitt\u00e4miseen. \u2022 Kaksivaippainen kiuas, jonka sis\u00e4ll\u00e4 on musta ter\u00e4ss\u00e4ili\u00f6\u2022 Savupiipun liit\u00e4nt\u00e4 kiukaan takaa\u2022<\/p>\n","protected":false},"featured_media":52244,"template":"","meta":{"_lmt_disableupdate":"","_lmt_disable":""},"product_brand":[],"product_cat":[],"product_tag":[],"class_list":{"0":"post-41913","1":"product","2":"type-product","3":"status-publish","4":"has-post-thumbnail","7":"first","8":"instock","9":"shipping-taxable","10":"product-type-simple"},"yoast_head":"<!-- This site is optimized with the Yoast SEO plugin v27.0 - https:\/\/yoast.com\/product\/yoast-seo-wordpress\/ -->\n<title>Kylpykiuas avoimella vesivaraajalla - Skamet O\u00dc<\/title>\n<meta name=\"description\" content=\"Kylpykiuas avoimella vesivaraajalla\" \/>\n<meta name=\"robots\" content=\"index, follow, max-snippet:-1, max-image-preview:large, max-video-preview:-1\" \/>\n<link rel=\"canonical\" href=\"https:\/\/www.skamet.ee\/fi\/tooted\/kylpyammeen-kamiina-avatulla-vesisailiolla\/\" \/>\n<meta property=\"og:locale\" content=\"fi_FI\" \/>\n<meta property=\"og:type\" content=\"article\" \/>\n<meta property=\"og:title\" content=\"Kylpykiuas avoimella vesivaraajalla - Skamet O\u00dc\" \/>\n<meta property=\"og:description\" content=\"Kylpykiuas avoimella vesivaraajalla\" \/>\n<meta property=\"og:url\" content=\"https:\/\/www.skamet.ee\/fi\/tooted\/kylpyammeen-kamiina-avatulla-vesisailiolla\/\" \/>\n<meta property=\"og:site_name\" content=\"Skamet O\u00dc\" \/>\n<meta property=\"article:modified_time\" content=\"2026-01-27T10:49:44+00:00\" \/>\n<meta property=\"og:image\" content=\"https:\/\/www.skamet.ee\/wp-content\/uploads\/2021\/03\/PO-110.png\" \/>\n\t<meta property=\"og:image:width\" content=\"408\" \/>\n\t<meta property=\"og:image:height\" content=\"612\" \/>\n\t<meta property=\"og:image:type\" content=\"image\/png\" \/>\n<meta name=\"twitter:card\" content=\"summary_large_image\" \/>\n<meta name=\"twitter:label1\" content=\"Arvioitu lukuaika\" \/>\n\t<meta name=\"twitter:data1\" content=\"1 minuutti\" \/>\n<script type=\"application\/ld+json\" class=\"yoast-schema-graph\">{\"@context\":\"https:\/\/schema.org\",\"@graph\":[{\"@type\":\"WebPage\",\"@id\":\"https:\/\/www.skamet.ee\/fi\/tooted\/kylpyammeen-kamiina-avatulla-vesisailiolla\/\",\"url\":\"https:\/\/www.skamet.ee\/fi\/tooted\/kylpyammeen-kamiina-avatulla-vesisailiolla\/\",\"name\":\"Kylpykiuas avoimella vesivaraajalla - Skamet O\u00dc\",\"isPartOf\":{\"@id\":\"https:\/\/www.skamet.ee\/#website\"},\"primaryImageOfPage\":{\"@id\":\"https:\/\/www.skamet.ee\/fi\/tooted\/kylpyammeen-kamiina-avatulla-vesisailiolla\/#primaryimage\"},\"image\":{\"@id\":\"https:\/\/www.skamet.ee\/fi\/tooted\/kylpyammeen-kamiina-avatulla-vesisailiolla\/#primaryimage\"},\"thumbnailUrl\":\"https:\/\/www.skamet.ee\/wp-content\/uploads\/2021\/03\/PO-110.png\",\"datePublished\":\"2021-03-26T13:00:52+00:00\",\"dateModified\":\"2026-01-27T10:49:44+00:00\",\"description\":\"Kylpykiuas avoimella vesivaraajalla\",\"breadcrumb\":{\"@id\":\"https:\/\/www.skamet.ee\/fi\/tooted\/kylpyammeen-kamiina-avatulla-vesisailiolla\/#breadcrumb\"},\"inLanguage\":\"fi\",\"potentialAction\":[{\"@type\":\"ReadAction\",\"target\":[\"https:\/\/www.skamet.ee\/fi\/tooted\/kylpyammeen-kamiina-avatulla-vesisailiolla\/\"]}]},{\"@type\":\"ImageObject\",\"inLanguage\":\"fi\",\"@id\":\"https:\/\/www.skamet.ee\/fi\/tooted\/kylpyammeen-kamiina-avatulla-vesisailiolla\/#primaryimage\",\"url\":\"https:\/\/www.skamet.ee\/wp-content\/uploads\/2021\/03\/PO-110.png\",\"contentUrl\":\"https:\/\/www.skamet.ee\/wp-content\/uploads\/2021\/03\/PO-110.png\",\"width\":408,\"height\":612,\"caption\":\"PO 110\"},{\"@type\":\"BreadcrumbList\",\"@id\":\"https:\/\/www.skamet.ee\/fi\/tooted\/kylpyammeen-kamiina-avatulla-vesisailiolla\/#breadcrumb\",\"itemListElement\":[{\"@type\":\"ListItem\",\"position\":1,\"name\":\"Home\",\"item\":\"https:\/\/www.skamet.ee\/fi\/\"},{\"@type\":\"ListItem\",\"position\":2,\"name\":\"Tuotteet\",\"item\":\"https:\/\/www.skamet.ee\/fi\/shop-2\/\"},{\"@type\":\"ListItem\",\"position\":3,\"name\":\"Kylpykiuas avoimella vesivaraajalla\"}]},{\"@type\":\"WebSite\",\"@id\":\"https:\/\/www.skamet.ee\/#website\",\"url\":\"https:\/\/www.skamet.ee\/\",\"name\":\"Skamet O\u00dc\",\"description\":\"Efektiivsed puuk\u00fcttega saunaahjud Eesti tootjalt\",\"publisher\":{\"@id\":\"https:\/\/www.skamet.ee\/#organization\"},\"potentialAction\":[{\"@type\":\"SearchAction\",\"target\":{\"@type\":\"EntryPoint\",\"urlTemplate\":\"https:\/\/www.skamet.ee\/?s={search_term_string}\"},\"query-input\":{\"@type\":\"PropertyValueSpecification\",\"valueRequired\":true,\"valueName\":\"search_term_string\"}}],\"inLanguage\":\"fi\"},{\"@type\":\"Organization\",\"@id\":\"https:\/\/www.skamet.ee\/#organization\",\"name\":\"Skamet\",\"url\":\"https:\/\/www.skamet.ee\/\",\"logo\":{\"@type\":\"ImageObject\",\"inLanguage\":\"fi\",\"@id\":\"https:\/\/www.skamet.ee\/#\/schema\/logo\/image\/\",\"url\":\"https:\/\/www.skamet.ee\/wp-content\/uploads\/2015\/05\/logo-uus.png\",\"contentUrl\":\"https:\/\/www.skamet.ee\/wp-content\/uploads\/2015\/05\/logo-uus.png\",\"width\":300,\"height\":127,\"caption\":\"Skamet\"},\"image\":{\"@id\":\"https:\/\/www.skamet.ee\/#\/schema\/logo\/image\/\"}}]}<\/script>\n<!-- \/ Yoast SEO plugin. -->","yoast_head_json":{"title":"Kylpykiuas avoimella vesivaraajalla - Skamet O\u00dc","description":"Kylpykiuas avoimella vesivaraajalla","robots":{"index":"index","follow":"follow","max-snippet":"max-snippet:-1","max-image-preview":"max-image-preview:large","max-video-preview":"max-video-preview:-1"},"canonical":"https:\/\/www.skamet.ee\/fi\/tooted\/kylpyammeen-kamiina-avatulla-vesisailiolla\/","og_locale":"fi_FI","og_type":"article","og_title":"Kylpykiuas avoimella vesivaraajalla - Skamet O\u00dc","og_description":"Kylpykiuas avoimella vesivaraajalla","og_url":"https:\/\/www.skamet.ee\/fi\/tooted\/kylpyammeen-kamiina-avatulla-vesisailiolla\/","og_site_name":"Skamet O\u00dc","article_modified_time":"2026-01-27T10:49:44+00:00","og_image":[{"width":408,"height":612,"url":"https:\/\/www.skamet.ee\/wp-content\/uploads\/2021\/03\/PO-110.png","type":"image\/png"}],"twitter_card":"summary_large_image","twitter_misc":{"Arvioitu lukuaika":"1 minuutti"},"schema":{"@context":"https:\/\/schema.org","@graph":[{"@type":"WebPage","@id":"https:\/\/www.skamet.ee\/fi\/tooted\/kylpyammeen-kamiina-avatulla-vesisailiolla\/","url":"https:\/\/www.skamet.ee\/fi\/tooted\/kylpyammeen-kamiina-avatulla-vesisailiolla\/","name":"Kylpykiuas avoimella vesivaraajalla - Skamet O\u00dc","isPartOf":{"@id":"https:\/\/www.skamet.ee\/#website"},"primaryImageOfPage":{"@id":"https:\/\/www.skamet.ee\/fi\/tooted\/kylpyammeen-kamiina-avatulla-vesisailiolla\/#primaryimage"},"image":{"@id":"https:\/\/www.skamet.ee\/fi\/tooted\/kylpyammeen-kamiina-avatulla-vesisailiolla\/#primaryimage"},"thumbnailUrl":"https:\/\/www.skamet.ee\/wp-content\/uploads\/2021\/03\/PO-110.png","datePublished":"2021-03-26T13:00:52+00:00","dateModified":"2026-01-27T10:49:44+00:00","description":"Kylpykiuas avoimella vesivaraajalla","breadcrumb":{"@id":"https:\/\/www.skamet.ee\/fi\/tooted\/kylpyammeen-kamiina-avatulla-vesisailiolla\/#breadcrumb"},"inLanguage":"fi","potentialAction":[{"@type":"ReadAction","target":["https:\/\/www.skamet.ee\/fi\/tooted\/kylpyammeen-kamiina-avatulla-vesisailiolla\/"]}]},{"@type":"ImageObject","inLanguage":"fi","@id":"https:\/\/www.skamet.ee\/fi\/tooted\/kylpyammeen-kamiina-avatulla-vesisailiolla\/#primaryimage","url":"https:\/\/www.skamet.ee\/wp-content\/uploads\/2021\/03\/PO-110.png","contentUrl":"https:\/\/www.skamet.ee\/wp-content\/uploads\/2021\/03\/PO-110.png","width":408,"height":612,"caption":"PO 110"},{"@type":"BreadcrumbList","@id":"https:\/\/www.skamet.ee\/fi\/tooted\/kylpyammeen-kamiina-avatulla-vesisailiolla\/#breadcrumb","itemListElement":[{"@type":"ListItem","position":1,"name":"Home","item":"https:\/\/www.skamet.ee\/fi\/"},{"@type":"ListItem","position":2,"name":"Tuotteet","item":"https:\/\/www.skamet.ee\/fi\/shop-2\/"},{"@type":"ListItem","position":3,"name":"Kylpykiuas avoimella vesivaraajalla"}]},{"@type":"WebSite","@id":"https:\/\/www.skamet.ee\/#website","url":"https:\/\/www.skamet.ee\/","name":"Skamet O\u00dc","description":"Efektiivsed puuk\u00fcttega saunaahjud Eesti tootjalt","publisher":{"@id":"https:\/\/www.skamet.ee\/#organization"},"potentialAction":[{"@type":"SearchAction","target":{"@type":"EntryPoint","urlTemplate":"https:\/\/www.skamet.ee\/?s={search_term_string}"},"query-input":{"@type":"PropertyValueSpecification","valueRequired":true,"valueName":"search_term_string"}}],"inLanguage":"fi"},{"@type":"Organization","@id":"https:\/\/www.skamet.ee\/#organization","name":"Skamet","url":"https:\/\/www.skamet.ee\/","logo":{"@type":"ImageObject","inLanguage":"fi","@id":"https:\/\/www.skamet.ee\/#\/schema\/logo\/image\/","url":"https:\/\/www.skamet.ee\/wp-content\/uploads\/2015\/05\/logo-uus.png","contentUrl":"https:\/\/www.skamet.ee\/wp-content\/uploads\/2015\/05\/logo-uus.png","width":300,"height":127,"caption":"Skamet"},"image":{"@id":"https:\/\/www.skamet.ee\/#\/schema\/logo\/image\/"}}]}},"_links":{"self":[{"href":"https:\/\/www.skamet.ee\/fi\/wp-json\/wp\/v2\/product\/41913","targetHints":{"allow":["GET"]}}],"collection":[{"href":"https:\/\/www.skamet.ee\/fi\/wp-json\/wp\/v2\/product"}],"about":[{"href":"https:\/\/www.skamet.ee\/fi\/wp-json\/wp\/v2\/types\/product"}],"version-history":[{"count":2,"href":"https:\/\/www.skamet.ee\/fi\/wp-json\/wp\/v2\/product\/41913\/revisions"}],"predecessor-version":[{"id":54253,"href":"https:\/\/www.skamet.ee\/fi\/wp-json\/wp\/v2\/product\/41913\/revisions\/54253"}],"wp:featuredmedia":[{"embeddable":true,"href":"https:\/\/www.skamet.ee\/fi\/wp-json\/wp\/v2\/media\/52244"}],"wp:attachment":[{"href":"https:\/\/www.skamet.ee\/fi\/wp-json\/wp\/v2\/media?parent=41913"}],"wp:term":[{"taxonomy":"product_brand","embeddable":true,"href":"https:\/\/www.skamet.ee\/fi\/wp-json\/wp\/v2\/product_brand?post=41913"},{"taxonomy":"product_cat","embeddable":true,"href":"https:\/\/www.skamet.ee\/fi\/wp-json\/wp\/v2\/product_cat?post=41913"},{"taxonomy":"product_tag","embeddable":true,"href":"https:\/\/www.skamet.ee\/fi\/wp-json\/wp\/v2\/product_tag?post=41913"}],"curies":[{"name":"wp","href":"https:\/\/api.w.org\/{rel}","templated":true}]}}