{"id":41927,"date":"2021-03-26T14:30:23","date_gmt":"2021-03-26T12:30:23","guid":{"rendered":"https:\/\/uus.skamet.ee\/tooted\/Ei-luokiteltu\/savukaasujen-siirtyminen\/"},"modified":"2026-01-22T19:18:24","modified_gmt":"2026-01-22T17:18:24","slug":"savukaasujen-siirtyminen","status":"publish","type":"product","link":"https:\/\/www.skamet.ee\/fi\/tooted\/savukaasujen-siirtyminen\/","title":{"rendered":"Savupiippuputken siirtym\u00e4"},"content":{"rendered":"<p data-start=\"15\" data-end=\"244\">Savupiippuputken siirtym\u00e4osat on tarkoitettu kahden eri halkaisijalla olevan savupiippuputken yhdist\u00e4miseen tai jatkamiseen. Siirtym\u00e4osissa ensimm\u00e4inen mitta on ulkomitta ja toinen sis\u00e4mitta.<br data-start=\"208\" data-end=\"211\" \/>Esim.: 115 (ulko) \u2192 150 (sis\u00e4).<\/p>\n<p data-start=\"246\" data-end=\"275\">Vakiotuotteen parametrit:<\/p>\n<ul data-start=\"276\" data-end=\"381\" data-is-last-node=\"\" data-is-only-node=\"\">\n<li data-start=\"276\" data-end=\"305\">\n<p data-start=\"278\" data-end=\"305\">halkaisija 103\u2013200 mm<\/p>\n<\/li>\n<li data-start=\"306\" data-end=\"337\">\n<p data-start=\"308\" data-end=\"337\">materiaali: musta ter\u00e4s<\/p>\n<\/li>\n<li data-start=\"338\" data-end=\"360\">\n<p data-start=\"340\" data-end=\"360\">paksuus 1,2 mm<\/p>\n<\/li>\n<li data-start=\"361\" data-end=\"381\" data-is-last-node=\"\">\n<p data-start=\"363\" data-end=\"381\" data-is-last-node=\"\">korkeus 200 mm<\/p>\n<\/li>\n<\/ul>\n","protected":false},"excerpt":{"rendered":"<p>Savupiippuputken siirtym\u00e4osat on tarkoitettu kahden eri halkaisijalla olevan savupiippuputken yhdist\u00e4miseen tai jatkamiseen. Siirtym\u00e4osissa ensimm\u00e4inen mitta on ulkomitta ja toinen sis\u00e4mitta.Esim.:<\/p>\n","protected":false},"featured_media":47040,"template":"","meta":{"_lmt_disableupdate":"","_lmt_disable":""},"product_brand":[],"product_cat":[314,1123],"product_tag":[],"class_list":{"0":"post-41927","1":"product","2":"type-product","3":"status-publish","4":"has-post-thumbnail","6":"product_cat-savuputket","7":"product_cat-saunan-kiukaan-tarvikkeet","9":"first","10":"instock","11":"shipping-taxable","12":"product-type-simple"},"yoast_head":"<!-- This site is optimized with the Yoast SEO plugin v27.0 - https:\/\/yoast.com\/product\/yoast-seo-wordpress\/ -->\n<title>Savupiippuputken siirtym\u00e4 - Skamet O\u00dc<\/title>\n<meta name=\"description\" content=\"Savupiippuputken siirtym\u00e4\" \/>\n<meta name=\"robots\" content=\"index, follow, max-snippet:-1, max-image-preview:large, max-video-preview:-1\" \/>\n<link rel=\"canonical\" href=\"https:\/\/www.skamet.ee\/tooted\/suitsutoru-uleminek\/\" \/>\n<meta property=\"og:locale\" content=\"fi_FI\" \/>\n<meta property=\"og:type\" content=\"article\" \/>\n<meta property=\"og:title\" content=\"Savupiippuputken siirtym\u00e4 - Skamet O\u00dc\" \/>\n<meta property=\"og:description\" content=\"Savupiippuputken siirtym\u00e4\" \/>\n<meta property=\"og:url\" content=\"https:\/\/www.skamet.ee\/tooted\/suitsutoru-uleminek\/\" \/>\n<meta property=\"og:site_name\" content=\"Skamet O\u00dc\" \/>\n<meta property=\"article:modified_time\" content=\"2026-01-22T17:18:24+00:00\" \/>\n<meta property=\"og:image\" content=\"https:\/\/www.skamet.ee\/wp-content\/uploads\/2021\/03\/uleminek-scaled.jpg\" \/>\n\t<meta property=\"og:image:width\" content=\"1708\" \/>\n\t<meta property=\"og:image:height\" content=\"2560\" \/>\n\t<meta property=\"og:image:type\" content=\"image\/jpeg\" \/>\n<meta name=\"twitter:card\" content=\"summary_large_image\" \/>\n<meta name=\"twitter:label1\" content=\"Arvioitu lukuaika\" \/>\n\t<meta name=\"twitter:data1\" content=\"1 minuutti\" \/>\n<script type=\"application\/ld+json\" class=\"yoast-schema-graph\">{\"@context\":\"https:\/\/schema.org\",\"@graph\":[{\"@type\":\"WebPage\",\"@id\":\"https:\/\/www.skamet.ee\/tooted\/suitsutoru-uleminek\/\",\"url\":\"https:\/\/www.skamet.ee\/tooted\/suitsutoru-uleminek\/\",\"name\":\"Savupiippuputken siirtym\u00e4 - Skamet O\u00dc\",\"isPartOf\":{\"@id\":\"https:\/\/www.skamet.ee\/#website\"},\"primaryImageOfPage\":{\"@id\":\"https:\/\/www.skamet.ee\/tooted\/suitsutoru-uleminek\/#primaryimage\"},\"image\":{\"@id\":\"https:\/\/www.skamet.ee\/tooted\/suitsutoru-uleminek\/#primaryimage\"},\"thumbnailUrl\":\"https:\/\/www.skamet.ee\/wp-content\/uploads\/2021\/03\/uleminek-scaled.jpg\",\"datePublished\":\"2021-03-26T12:30:23+00:00\",\"dateModified\":\"2026-01-22T17:18:24+00:00\",\"description\":\"Savupiippuputken siirtym\u00e4\",\"breadcrumb\":{\"@id\":\"https:\/\/www.skamet.ee\/tooted\/suitsutoru-uleminek\/#breadcrumb\"},\"inLanguage\":\"fi\",\"potentialAction\":[{\"@type\":\"ReadAction\",\"target\":[\"https:\/\/www.skamet.ee\/tooted\/suitsutoru-uleminek\/\"]}]},{\"@type\":\"ImageObject\",\"inLanguage\":\"fi\",\"@id\":\"https:\/\/www.skamet.ee\/tooted\/suitsutoru-uleminek\/#primaryimage\",\"url\":\"https:\/\/www.skamet.ee\/wp-content\/uploads\/2021\/03\/uleminek-scaled.jpg\",\"contentUrl\":\"https:\/\/www.skamet.ee\/wp-content\/uploads\/2021\/03\/uleminek-scaled.jpg\",\"width\":1708,\"height\":2560,\"caption\":\"uleminek scaled\"},{\"@type\":\"BreadcrumbList\",\"@id\":\"https:\/\/www.skamet.ee\/tooted\/suitsutoru-uleminek\/#breadcrumb\",\"itemListElement\":[{\"@type\":\"ListItem\",\"position\":1,\"name\":\"Home\",\"item\":\"https:\/\/www.skamet.ee\/fi\/\"},{\"@type\":\"ListItem\",\"position\":2,\"name\":\"Tuotteet\",\"item\":\"https:\/\/www.skamet.ee\/fi\/shop-2\/\"},{\"@type\":\"ListItem\",\"position\":3,\"name\":\"Savupiippuputken siirtym\u00e4\"}]},{\"@type\":\"WebSite\",\"@id\":\"https:\/\/www.skamet.ee\/#website\",\"url\":\"https:\/\/www.skamet.ee\/\",\"name\":\"Skamet O\u00dc\",\"description\":\"Efektiivsed puuk\u00fcttega saunaahjud Eesti tootjalt\",\"publisher\":{\"@id\":\"https:\/\/www.skamet.ee\/#organization\"},\"potentialAction\":[{\"@type\":\"SearchAction\",\"target\":{\"@type\":\"EntryPoint\",\"urlTemplate\":\"https:\/\/www.skamet.ee\/?s={search_term_string}\"},\"query-input\":{\"@type\":\"PropertyValueSpecification\",\"valueRequired\":true,\"valueName\":\"search_term_string\"}}],\"inLanguage\":\"fi\"},{\"@type\":\"Organization\",\"@id\":\"https:\/\/www.skamet.ee\/#organization\",\"name\":\"Skamet\",\"url\":\"https:\/\/www.skamet.ee\/\",\"logo\":{\"@type\":\"ImageObject\",\"inLanguage\":\"fi\",\"@id\":\"https:\/\/www.skamet.ee\/#\/schema\/logo\/image\/\",\"url\":\"https:\/\/www.skamet.ee\/wp-content\/uploads\/2015\/05\/logo-uus.png\",\"contentUrl\":\"https:\/\/www.skamet.ee\/wp-content\/uploads\/2015\/05\/logo-uus.png\",\"width\":300,\"height\":127,\"caption\":\"Skamet\"},\"image\":{\"@id\":\"https:\/\/www.skamet.ee\/#\/schema\/logo\/image\/\"}}]}<\/script>\n<!-- \/ Yoast SEO plugin. -->","yoast_head_json":{"title":"Savupiippuputken siirtym\u00e4 - Skamet O\u00dc","description":"Savupiippuputken siirtym\u00e4","robots":{"index":"index","follow":"follow","max-snippet":"max-snippet:-1","max-image-preview":"max-image-preview:large","max-video-preview":"max-video-preview:-1"},"canonical":"https:\/\/www.skamet.ee\/tooted\/suitsutoru-uleminek\/","og_locale":"fi_FI","og_type":"article","og_title":"Savupiippuputken siirtym\u00e4 - Skamet O\u00dc","og_description":"Savupiippuputken siirtym\u00e4","og_url":"https:\/\/www.skamet.ee\/tooted\/suitsutoru-uleminek\/","og_site_name":"Skamet O\u00dc","article_modified_time":"2026-01-22T17:18:24+00:00","og_image":[{"width":1708,"height":2560,"url":"https:\/\/www.skamet.ee\/wp-content\/uploads\/2021\/03\/uleminek-scaled.jpg","type":"image\/jpeg"}],"twitter_card":"summary_large_image","twitter_misc":{"Arvioitu lukuaika":"1 minuutti"},"schema":{"@context":"https:\/\/schema.org","@graph":[{"@type":"WebPage","@id":"https:\/\/www.skamet.ee\/tooted\/suitsutoru-uleminek\/","url":"https:\/\/www.skamet.ee\/tooted\/suitsutoru-uleminek\/","name":"Savupiippuputken siirtym\u00e4 - Skamet O\u00dc","isPartOf":{"@id":"https:\/\/www.skamet.ee\/#website"},"primaryImageOfPage":{"@id":"https:\/\/www.skamet.ee\/tooted\/suitsutoru-uleminek\/#primaryimage"},"image":{"@id":"https:\/\/www.skamet.ee\/tooted\/suitsutoru-uleminek\/#primaryimage"},"thumbnailUrl":"https:\/\/www.skamet.ee\/wp-content\/uploads\/2021\/03\/uleminek-scaled.jpg","datePublished":"2021-03-26T12:30:23+00:00","dateModified":"2026-01-22T17:18:24+00:00","description":"Savupiippuputken siirtym\u00e4","breadcrumb":{"@id":"https:\/\/www.skamet.ee\/tooted\/suitsutoru-uleminek\/#breadcrumb"},"inLanguage":"fi","potentialAction":[{"@type":"ReadAction","target":["https:\/\/www.skamet.ee\/tooted\/suitsutoru-uleminek\/"]}]},{"@type":"ImageObject","inLanguage":"fi","@id":"https:\/\/www.skamet.ee\/tooted\/suitsutoru-uleminek\/#primaryimage","url":"https:\/\/www.skamet.ee\/wp-content\/uploads\/2021\/03\/uleminek-scaled.jpg","contentUrl":"https:\/\/www.skamet.ee\/wp-content\/uploads\/2021\/03\/uleminek-scaled.jpg","width":1708,"height":2560,"caption":"uleminek scaled"},{"@type":"BreadcrumbList","@id":"https:\/\/www.skamet.ee\/tooted\/suitsutoru-uleminek\/#breadcrumb","itemListElement":[{"@type":"ListItem","position":1,"name":"Home","item":"https:\/\/www.skamet.ee\/fi\/"},{"@type":"ListItem","position":2,"name":"Tuotteet","item":"https:\/\/www.skamet.ee\/fi\/shop-2\/"},{"@type":"ListItem","position":3,"name":"Savupiippuputken siirtym\u00e4"}]},{"@type":"WebSite","@id":"https:\/\/www.skamet.ee\/#website","url":"https:\/\/www.skamet.ee\/","name":"Skamet O\u00dc","description":"Efektiivsed puuk\u00fcttega saunaahjud Eesti tootjalt","publisher":{"@id":"https:\/\/www.skamet.ee\/#organization"},"potentialAction":[{"@type":"SearchAction","target":{"@type":"EntryPoint","urlTemplate":"https:\/\/www.skamet.ee\/?s={search_term_string}"},"query-input":{"@type":"PropertyValueSpecification","valueRequired":true,"valueName":"search_term_string"}}],"inLanguage":"fi"},{"@type":"Organization","@id":"https:\/\/www.skamet.ee\/#organization","name":"Skamet","url":"https:\/\/www.skamet.ee\/","logo":{"@type":"ImageObject","inLanguage":"fi","@id":"https:\/\/www.skamet.ee\/#\/schema\/logo\/image\/","url":"https:\/\/www.skamet.ee\/wp-content\/uploads\/2015\/05\/logo-uus.png","contentUrl":"https:\/\/www.skamet.ee\/wp-content\/uploads\/2015\/05\/logo-uus.png","width":300,"height":127,"caption":"Skamet"},"image":{"@id":"https:\/\/www.skamet.ee\/#\/schema\/logo\/image\/"}}]}},"_links":{"self":[{"href":"https:\/\/www.skamet.ee\/fi\/wp-json\/wp\/v2\/product\/41927","targetHints":{"allow":["GET"]}}],"collection":[{"href":"https:\/\/www.skamet.ee\/fi\/wp-json\/wp\/v2\/product"}],"about":[{"href":"https:\/\/www.skamet.ee\/fi\/wp-json\/wp\/v2\/types\/product"}],"version-history":[{"count":1,"href":"https:\/\/www.skamet.ee\/fi\/wp-json\/wp\/v2\/product\/41927\/revisions"}],"predecessor-version":[{"id":53695,"href":"https:\/\/www.skamet.ee\/fi\/wp-json\/wp\/v2\/product\/41927\/revisions\/53695"}],"wp:featuredmedia":[{"embeddable":true,"href":"https:\/\/www.skamet.ee\/fi\/wp-json\/wp\/v2\/media\/47040"}],"wp:attachment":[{"href":"https:\/\/www.skamet.ee\/fi\/wp-json\/wp\/v2\/media?parent=41927"}],"wp:term":[{"taxonomy":"product_brand","embeddable":true,"href":"https:\/\/www.skamet.ee\/fi\/wp-json\/wp\/v2\/product_brand?post=41927"},{"taxonomy":"product_cat","embeddable":true,"href":"https:\/\/www.skamet.ee\/fi\/wp-json\/wp\/v2\/product_cat?post=41927"},{"taxonomy":"product_tag","embeddable":true,"href":"https:\/\/www.skamet.ee\/fi\/wp-json\/wp\/v2\/product_tag?post=41927"}],"curies":[{"name":"wp","href":"https:\/\/api.w.org\/{rel}","templated":true}]}}