{"id":41929,"date":"2021-03-26T14:25:13","date_gmt":"2021-03-26T12:25:13","guid":{"rendered":"https:\/\/uus.skamet.ee\/tooted\/Ei-luokiteltu\/pellit\/"},"modified":"2026-01-22T18:21:09","modified_gmt":"2026-01-22T16:21:09","slug":"pellit","status":"publish","type":"product","link":"https:\/\/www.skamet.ee\/fi\/tooted\/pellit\/","title":{"rendered":"Savupiipun pelti"},"content":{"rendered":"<p data-start=\"15\" data-end=\"133\">Savupiipun pelti on tarkoitettu vedon ja palamisintensiteetin s\u00e4\u00e4t\u00e4miseen puul\u00e4mmitteisiss\u00e4 uuneissa ja kiukaissa.<\/p>\n<p data-start=\"135\" data-end=\"143\"><strong>Edut<\/strong><\/p>\n<ul data-start=\"144\" data-end=\"342\">\n<li data-start=\"144\" data-end=\"202\">\n<p data-start=\"146\" data-end=\"202\">Mahdollistaa savukaasujen virtauksen tarkan s\u00e4\u00e4t\u00e4misen<\/p>\n<\/li>\n<li data-start=\"203\" data-end=\"261\">\n<p data-start=\"205\" data-end=\"261\">V\u00e4hent\u00e4\u00e4 l\u00e4mp\u00f6h\u00e4vi\u00f6it\u00e4 ja parantaa uunin hy\u00f6tysuhdetta<\/p>\n<\/li>\n<li data-start=\"262\" data-end=\"312\">\n<p data-start=\"264\" data-end=\"312\">Kest\u00e4\u00e4 muodonmuutoksia korkeissa l\u00e4mp\u00f6tiloissa<\/p>\n<\/li>\n<li data-start=\"313\" data-end=\"342\">\n<p data-start=\"315\" data-end=\"342\">Helppo asentaa ja huoltaa<\/p>\n<\/li>\n<\/ul>\n<p data-start=\"344\" data-end=\"451\">K\u00e4\u00e4nt\u00f6pelteiss\u00e4 on toisessa p\u00e4\u00e4ss\u00e4 muhvi, jonka ulkohalkaisija on sama kuin toisen p\u00e4\u00e4n sis\u00e4halkaisija.<\/p>\n<p data-start=\"453\" data-end=\"535\">Laatikkopelteiss\u00e4 toisessa p\u00e4\u00e4ss\u00e4 on sis\u00e4mitta ja toisessa vastaava ulkomitta.<\/p>\n<p data-start=\"537\" data-end=\"596\" data-is-last-node=\"\" data-is-only-node=\"\">Molemmat peltityypit on mahdollista liitt\u00e4\u00e4 muihin putkiin.<\/p>\n","protected":false},"excerpt":{"rendered":"<p>Savupiipun pelti on tarkoitettu vedon ja palamisintensiteetin s\u00e4\u00e4t\u00e4miseen puul\u00e4mmitteisiss\u00e4 uuneissa ja kiukaissa. Edut Mahdollistaa savukaasujen virtauksen tarkan s\u00e4\u00e4t\u00e4misen V\u00e4hent\u00e4\u00e4 l\u00e4mp\u00f6h\u00e4vi\u00f6it\u00e4<\/p>\n","protected":false},"featured_media":47023,"template":"","meta":{"_lmt_disableupdate":"","_lmt_disable":""},"product_brand":[],"product_cat":[314,1123],"product_tag":[],"class_list":{"0":"post-41929","1":"product","2":"type-product","3":"status-publish","4":"has-post-thumbnail","6":"product_cat-savuputket","7":"product_cat-saunan-kiukaan-tarvikkeet","9":"first","10":"instock","11":"shipping-taxable","12":"product-type-simple"},"yoast_head":"<!-- This site is optimized with the Yoast SEO plugin v27.0 - https:\/\/yoast.com\/product\/yoast-seo-wordpress\/ -->\n<title>Savupiipun pelti - Skamet O\u00dc<\/title>\n<meta name=\"robots\" content=\"index, follow, max-snippet:-1, max-image-preview:large, max-video-preview:-1\" \/>\n<link rel=\"canonical\" href=\"https:\/\/www.skamet.ee\/fi\/tooted\/pellit\/\" \/>\n<meta property=\"og:locale\" content=\"fi_FI\" \/>\n<meta property=\"og:type\" content=\"article\" \/>\n<meta property=\"og:title\" content=\"Savupiipun pelti - Skamet O\u00dc\" \/>\n<meta property=\"og:description\" content=\"Savupiipun pelti on tarkoitettu vedon ja palamisintensiteetin s\u00e4\u00e4t\u00e4miseen puul\u00e4mmitteisiss\u00e4 uuneissa ja kiukaissa. Edut Mahdollistaa savukaasujen virtauksen tarkan s\u00e4\u00e4t\u00e4misen V\u00e4hent\u00e4\u00e4 l\u00e4mp\u00f6h\u00e4vi\u00f6it\u00e4\" \/>\n<meta property=\"og:url\" content=\"https:\/\/www.skamet.ee\/fi\/tooted\/pellit\/\" \/>\n<meta property=\"og:site_name\" content=\"Skamet O\u00dc\" \/>\n<meta property=\"article:modified_time\" content=\"2026-01-22T16:21:09+00:00\" \/>\n<meta property=\"og:image\" content=\"https:\/\/www.skamet.ee\/wp-content\/uploads\/2021\/03\/sbr-115-scaled.jpg\" \/>\n\t<meta property=\"og:image:width\" content=\"2560\" \/>\n\t<meta property=\"og:image:height\" content=\"1708\" \/>\n\t<meta property=\"og:image:type\" content=\"image\/jpeg\" \/>\n<meta name=\"twitter:card\" content=\"summary_large_image\" \/>\n<script type=\"application\/ld+json\" class=\"yoast-schema-graph\">{\"@context\":\"https:\/\/schema.org\",\"@graph\":[{\"@type\":\"WebPage\",\"@id\":\"https:\/\/www.skamet.ee\/fi\/tooted\/pellit\/\",\"url\":\"https:\/\/www.skamet.ee\/fi\/tooted\/pellit\/\",\"name\":\"Savupiipun pelti - Skamet O\u00dc\",\"isPartOf\":{\"@id\":\"https:\/\/www.skamet.ee\/#website\"},\"primaryImageOfPage\":{\"@id\":\"https:\/\/www.skamet.ee\/fi\/tooted\/pellit\/#primaryimage\"},\"image\":{\"@id\":\"https:\/\/www.skamet.ee\/fi\/tooted\/pellit\/#primaryimage\"},\"thumbnailUrl\":\"https:\/\/www.skamet.ee\/wp-content\/uploads\/2021\/03\/sbr-115-scaled.jpg\",\"datePublished\":\"2021-03-26T12:25:13+00:00\",\"dateModified\":\"2026-01-22T16:21:09+00:00\",\"breadcrumb\":{\"@id\":\"https:\/\/www.skamet.ee\/fi\/tooted\/pellit\/#breadcrumb\"},\"inLanguage\":\"fi\",\"potentialAction\":[{\"@type\":\"ReadAction\",\"target\":[\"https:\/\/www.skamet.ee\/fi\/tooted\/pellit\/\"]}]},{\"@type\":\"ImageObject\",\"inLanguage\":\"fi\",\"@id\":\"https:\/\/www.skamet.ee\/fi\/tooted\/pellit\/#primaryimage\",\"url\":\"https:\/\/www.skamet.ee\/wp-content\/uploads\/2021\/03\/sbr-115-scaled.jpg\",\"contentUrl\":\"https:\/\/www.skamet.ee\/wp-content\/uploads\/2021\/03\/sbr-115-scaled.jpg\",\"width\":2560,\"height\":1708,\"caption\":\"sbr 115 scaled\"},{\"@type\":\"BreadcrumbList\",\"@id\":\"https:\/\/www.skamet.ee\/fi\/tooted\/pellit\/#breadcrumb\",\"itemListElement\":[{\"@type\":\"ListItem\",\"position\":1,\"name\":\"Home\",\"item\":\"https:\/\/www.skamet.ee\/fi\/\"},{\"@type\":\"ListItem\",\"position\":2,\"name\":\"Tuotteet\",\"item\":\"https:\/\/www.skamet.ee\/fi\/shop-2\/\"},{\"@type\":\"ListItem\",\"position\":3,\"name\":\"Savupiipun pelti\"}]},{\"@type\":\"WebSite\",\"@id\":\"https:\/\/www.skamet.ee\/#website\",\"url\":\"https:\/\/www.skamet.ee\/\",\"name\":\"Skamet O\u00dc\",\"description\":\"Efektiivsed puuk\u00fcttega saunaahjud Eesti tootjalt\",\"publisher\":{\"@id\":\"https:\/\/www.skamet.ee\/#organization\"},\"potentialAction\":[{\"@type\":\"SearchAction\",\"target\":{\"@type\":\"EntryPoint\",\"urlTemplate\":\"https:\/\/www.skamet.ee\/?s={search_term_string}\"},\"query-input\":{\"@type\":\"PropertyValueSpecification\",\"valueRequired\":true,\"valueName\":\"search_term_string\"}}],\"inLanguage\":\"fi\"},{\"@type\":\"Organization\",\"@id\":\"https:\/\/www.skamet.ee\/#organization\",\"name\":\"Skamet\",\"url\":\"https:\/\/www.skamet.ee\/\",\"logo\":{\"@type\":\"ImageObject\",\"inLanguage\":\"fi\",\"@id\":\"https:\/\/www.skamet.ee\/#\/schema\/logo\/image\/\",\"url\":\"https:\/\/www.skamet.ee\/wp-content\/uploads\/2015\/05\/logo-uus.png\",\"contentUrl\":\"https:\/\/www.skamet.ee\/wp-content\/uploads\/2015\/05\/logo-uus.png\",\"width\":300,\"height\":127,\"caption\":\"Skamet\"},\"image\":{\"@id\":\"https:\/\/www.skamet.ee\/#\/schema\/logo\/image\/\"}}]}<\/script>\n<!-- \/ Yoast SEO plugin. -->","yoast_head_json":{"title":"Savupiipun pelti - Skamet O\u00dc","robots":{"index":"index","follow":"follow","max-snippet":"max-snippet:-1","max-image-preview":"max-image-preview:large","max-video-preview":"max-video-preview:-1"},"canonical":"https:\/\/www.skamet.ee\/fi\/tooted\/pellit\/","og_locale":"fi_FI","og_type":"article","og_title":"Savupiipun pelti - Skamet O\u00dc","og_description":"Savupiipun pelti on tarkoitettu vedon ja palamisintensiteetin s\u00e4\u00e4t\u00e4miseen puul\u00e4mmitteisiss\u00e4 uuneissa ja kiukaissa. Edut Mahdollistaa savukaasujen virtauksen tarkan s\u00e4\u00e4t\u00e4misen V\u00e4hent\u00e4\u00e4 l\u00e4mp\u00f6h\u00e4vi\u00f6it\u00e4","og_url":"https:\/\/www.skamet.ee\/fi\/tooted\/pellit\/","og_site_name":"Skamet O\u00dc","article_modified_time":"2026-01-22T16:21:09+00:00","og_image":[{"width":2560,"height":1708,"url":"https:\/\/www.skamet.ee\/wp-content\/uploads\/2021\/03\/sbr-115-scaled.jpg","type":"image\/jpeg"}],"twitter_card":"summary_large_image","schema":{"@context":"https:\/\/schema.org","@graph":[{"@type":"WebPage","@id":"https:\/\/www.skamet.ee\/fi\/tooted\/pellit\/","url":"https:\/\/www.skamet.ee\/fi\/tooted\/pellit\/","name":"Savupiipun pelti - Skamet O\u00dc","isPartOf":{"@id":"https:\/\/www.skamet.ee\/#website"},"primaryImageOfPage":{"@id":"https:\/\/www.skamet.ee\/fi\/tooted\/pellit\/#primaryimage"},"image":{"@id":"https:\/\/www.skamet.ee\/fi\/tooted\/pellit\/#primaryimage"},"thumbnailUrl":"https:\/\/www.skamet.ee\/wp-content\/uploads\/2021\/03\/sbr-115-scaled.jpg","datePublished":"2021-03-26T12:25:13+00:00","dateModified":"2026-01-22T16:21:09+00:00","breadcrumb":{"@id":"https:\/\/www.skamet.ee\/fi\/tooted\/pellit\/#breadcrumb"},"inLanguage":"fi","potentialAction":[{"@type":"ReadAction","target":["https:\/\/www.skamet.ee\/fi\/tooted\/pellit\/"]}]},{"@type":"ImageObject","inLanguage":"fi","@id":"https:\/\/www.skamet.ee\/fi\/tooted\/pellit\/#primaryimage","url":"https:\/\/www.skamet.ee\/wp-content\/uploads\/2021\/03\/sbr-115-scaled.jpg","contentUrl":"https:\/\/www.skamet.ee\/wp-content\/uploads\/2021\/03\/sbr-115-scaled.jpg","width":2560,"height":1708,"caption":"sbr 115 scaled"},{"@type":"BreadcrumbList","@id":"https:\/\/www.skamet.ee\/fi\/tooted\/pellit\/#breadcrumb","itemListElement":[{"@type":"ListItem","position":1,"name":"Home","item":"https:\/\/www.skamet.ee\/fi\/"},{"@type":"ListItem","position":2,"name":"Tuotteet","item":"https:\/\/www.skamet.ee\/fi\/shop-2\/"},{"@type":"ListItem","position":3,"name":"Savupiipun pelti"}]},{"@type":"WebSite","@id":"https:\/\/www.skamet.ee\/#website","url":"https:\/\/www.skamet.ee\/","name":"Skamet O\u00dc","description":"Efektiivsed puuk\u00fcttega saunaahjud Eesti tootjalt","publisher":{"@id":"https:\/\/www.skamet.ee\/#organization"},"potentialAction":[{"@type":"SearchAction","target":{"@type":"EntryPoint","urlTemplate":"https:\/\/www.skamet.ee\/?s={search_term_string}"},"query-input":{"@type":"PropertyValueSpecification","valueRequired":true,"valueName":"search_term_string"}}],"inLanguage":"fi"},{"@type":"Organization","@id":"https:\/\/www.skamet.ee\/#organization","name":"Skamet","url":"https:\/\/www.skamet.ee\/","logo":{"@type":"ImageObject","inLanguage":"fi","@id":"https:\/\/www.skamet.ee\/#\/schema\/logo\/image\/","url":"https:\/\/www.skamet.ee\/wp-content\/uploads\/2015\/05\/logo-uus.png","contentUrl":"https:\/\/www.skamet.ee\/wp-content\/uploads\/2015\/05\/logo-uus.png","width":300,"height":127,"caption":"Skamet"},"image":{"@id":"https:\/\/www.skamet.ee\/#\/schema\/logo\/image\/"}}]}},"_links":{"self":[{"href":"https:\/\/www.skamet.ee\/fi\/wp-json\/wp\/v2\/product\/41929","targetHints":{"allow":["GET"]}}],"collection":[{"href":"https:\/\/www.skamet.ee\/fi\/wp-json\/wp\/v2\/product"}],"about":[{"href":"https:\/\/www.skamet.ee\/fi\/wp-json\/wp\/v2\/types\/product"}],"version-history":[{"count":1,"href":"https:\/\/www.skamet.ee\/fi\/wp-json\/wp\/v2\/product\/41929\/revisions"}],"predecessor-version":[{"id":53692,"href":"https:\/\/www.skamet.ee\/fi\/wp-json\/wp\/v2\/product\/41929\/revisions\/53692"}],"wp:featuredmedia":[{"embeddable":true,"href":"https:\/\/www.skamet.ee\/fi\/wp-json\/wp\/v2\/media\/47023"}],"wp:attachment":[{"href":"https:\/\/www.skamet.ee\/fi\/wp-json\/wp\/v2\/media?parent=41929"}],"wp:term":[{"taxonomy":"product_brand","embeddable":true,"href":"https:\/\/www.skamet.ee\/fi\/wp-json\/wp\/v2\/product_brand?post=41929"},{"taxonomy":"product_cat","embeddable":true,"href":"https:\/\/www.skamet.ee\/fi\/wp-json\/wp\/v2\/product_cat?post=41929"},{"taxonomy":"product_tag","embeddable":true,"href":"https:\/\/www.skamet.ee\/fi\/wp-json\/wp\/v2\/product_tag?post=41929"}],"curies":[{"name":"wp","href":"https:\/\/api.w.org\/{rel}","templated":true}]}}