{"id":41930,"date":"2021-03-26T14:23:37","date_gmt":"2021-03-26T12:23:37","guid":{"rendered":"https:\/\/uus.skamet.ee\/tooted\/Ei-luokiteltu\/mutkat\/"},"modified":"2026-01-22T19:01:16","modified_gmt":"2026-01-22T17:01:16","slug":"mutkat","status":"publish","type":"product","link":"https:\/\/www.skamet.ee\/fi\/tooted\/mutkat\/","title":{"rendered":"Savupiippuputken mutka"},"content":{"rendered":"<p data-start=\"15\" data-end=\"221\">Savupiippuputken mutkissa ilmoitettu halkaisija on sis\u00e4mitta. Kaikkien mutkien sis\u00e4halkaisija on molemmissa p\u00e4iss\u00e4 sama (ei muhvia). Mutkan sis\u00e4\u00e4n on mahdollista asentaa sek\u00e4 k\u00e4\u00e4nt\u00f6- ett\u00e4 laatikkopelti.<\/p>\n<p data-start=\"223\" data-end=\"413\" data-is-last-node=\"\" data-is-only-node=\"\">Lis\u00e4ksi savupiippuputken mutkaan on mahdollista asentaa nuohousluukku, joka kiinnitet\u00e4\u00e4n ruuveilla. Savupiippuputken mutkia voidaan liitt\u00e4\u00e4 toisiinsa savupiippuputken muhvien avulla.<\/p>\n<p data-start=\"223\" data-end=\"413\" data-is-last-node=\"\" data-is-only-node=\"\"><strong>Vakiotuotteen parametrit:<\/strong><\/p>\n<ul>\n<li data-start=\"15\" data-end=\"44\">\n<p data-start=\"17\" data-end=\"44\">halkaisija 103\u2013200 mm<\/p>\n<\/li>\n<li data-start=\"45\" data-end=\"76\">\n<p data-start=\"47\" data-end=\"76\">materiaali: musta ter\u00e4s<\/p>\n<\/li>\n<li data-start=\"77\" data-end=\"122\">\n<p data-start=\"79\" data-end=\"122\">pituudet mitataan mutkan ulkopuolelta<\/p>\n<\/li>\n<li data-start=\"123\" data-end=\"159\">\n<p data-start=\"125\" data-end=\"159\">mutkien kulmat: 90\u00b0 tai 135\u00b0<\/p>\n<\/li>\n<li data-start=\"160\" data-end=\"180\" data-is-last-node=\"\">\n<p data-start=\"162\" data-end=\"180\" data-is-last-node=\"\">paksuus 1,2 mm<\/p>\n<\/li>\n<\/ul>\n","protected":false},"excerpt":{"rendered":"<p>Savupiippuputken mutkissa ilmoitettu halkaisija on sis\u00e4mitta. Kaikkien mutkien sis\u00e4halkaisija on molemmissa p\u00e4iss\u00e4 sama (ei muhvia). Mutkan sis\u00e4\u00e4n on mahdollista asentaa<\/p>\n","protected":false},"featured_media":47050,"template":"","meta":{"_lmt_disableupdate":"","_lmt_disable":""},"product_brand":[],"product_cat":[314,1123],"product_tag":[],"class_list":{"0":"post-41930","1":"product","2":"type-product","3":"status-publish","4":"has-post-thumbnail","6":"product_cat-savuputket","7":"product_cat-saunan-kiukaan-tarvikkeet","9":"first","10":"instock","11":"shipping-taxable","12":"product-type-simple"},"yoast_head":"<!-- This site is optimized with the Yoast SEO plugin v27.0 - https:\/\/yoast.com\/product\/yoast-seo-wordpress\/ -->\n<title>Savupiippuputken mutka - Skamet O\u00dc<\/title>\n<meta name=\"description\" content=\"Savupiippuputken mutka\" \/>\n<meta name=\"robots\" content=\"index, follow, max-snippet:-1, max-image-preview:large, max-video-preview:-1\" \/>\n<link rel=\"canonical\" href=\"https:\/\/www.skamet.ee\/fi\/tooted\/mutkat\/\" \/>\n<meta property=\"og:locale\" content=\"fi_FI\" \/>\n<meta property=\"og:type\" content=\"article\" \/>\n<meta property=\"og:title\" content=\"Savupiippuputken mutka - Skamet O\u00dc\" \/>\n<meta property=\"og:description\" content=\"Savupiippuputken mutka\" \/>\n<meta property=\"og:url\" content=\"https:\/\/www.skamet.ee\/fi\/tooted\/mutkat\/\" \/>\n<meta property=\"og:site_name\" content=\"Skamet O\u00dc\" \/>\n<meta property=\"article:modified_time\" content=\"2026-01-22T17:01:16+00:00\" \/>\n<meta property=\"og:image\" content=\"https:\/\/www.skamet.ee\/wp-content\/uploads\/2021\/03\/polv-PL-scaled.jpg\" \/>\n\t<meta property=\"og:image:width\" content=\"1708\" \/>\n\t<meta property=\"og:image:height\" content=\"2560\" \/>\n\t<meta property=\"og:image:type\" content=\"image\/jpeg\" \/>\n<meta name=\"twitter:card\" content=\"summary_large_image\" \/>\n<meta name=\"twitter:label1\" content=\"Arvioitu lukuaika\" \/>\n\t<meta name=\"twitter:data1\" content=\"1 minuutti\" \/>\n<script type=\"application\/ld+json\" class=\"yoast-schema-graph\">{\"@context\":\"https:\/\/schema.org\",\"@graph\":[{\"@type\":\"WebPage\",\"@id\":\"https:\/\/www.skamet.ee\/fi\/tooted\/mutkat\/\",\"url\":\"https:\/\/www.skamet.ee\/fi\/tooted\/mutkat\/\",\"name\":\"Savupiippuputken mutka - Skamet O\u00dc\",\"isPartOf\":{\"@id\":\"https:\/\/www.skamet.ee\/#website\"},\"primaryImageOfPage\":{\"@id\":\"https:\/\/www.skamet.ee\/fi\/tooted\/mutkat\/#primaryimage\"},\"image\":{\"@id\":\"https:\/\/www.skamet.ee\/fi\/tooted\/mutkat\/#primaryimage\"},\"thumbnailUrl\":\"https:\/\/www.skamet.ee\/wp-content\/uploads\/2021\/03\/polv-PL-scaled.jpg\",\"datePublished\":\"2021-03-26T12:23:37+00:00\",\"dateModified\":\"2026-01-22T17:01:16+00:00\",\"description\":\"Savupiippuputken mutka\",\"breadcrumb\":{\"@id\":\"https:\/\/www.skamet.ee\/fi\/tooted\/mutkat\/#breadcrumb\"},\"inLanguage\":\"fi\",\"potentialAction\":[{\"@type\":\"ReadAction\",\"target\":[\"https:\/\/www.skamet.ee\/fi\/tooted\/mutkat\/\"]}]},{\"@type\":\"ImageObject\",\"inLanguage\":\"fi\",\"@id\":\"https:\/\/www.skamet.ee\/fi\/tooted\/mutkat\/#primaryimage\",\"url\":\"https:\/\/www.skamet.ee\/wp-content\/uploads\/2021\/03\/polv-PL-scaled.jpg\",\"contentUrl\":\"https:\/\/www.skamet.ee\/wp-content\/uploads\/2021\/03\/polv-PL-scaled.jpg\",\"width\":1708,\"height\":2560,\"caption\":\"polv PL scaled\"},{\"@type\":\"BreadcrumbList\",\"@id\":\"https:\/\/www.skamet.ee\/fi\/tooted\/mutkat\/#breadcrumb\",\"itemListElement\":[{\"@type\":\"ListItem\",\"position\":1,\"name\":\"Home\",\"item\":\"https:\/\/www.skamet.ee\/fi\/\"},{\"@type\":\"ListItem\",\"position\":2,\"name\":\"Tuotteet\",\"item\":\"https:\/\/www.skamet.ee\/fi\/shop-2\/\"},{\"@type\":\"ListItem\",\"position\":3,\"name\":\"Savupiippuputken mutka\"}]},{\"@type\":\"WebSite\",\"@id\":\"https:\/\/www.skamet.ee\/#website\",\"url\":\"https:\/\/www.skamet.ee\/\",\"name\":\"Skamet O\u00dc\",\"description\":\"Efektiivsed puuk\u00fcttega saunaahjud Eesti tootjalt\",\"publisher\":{\"@id\":\"https:\/\/www.skamet.ee\/#organization\"},\"potentialAction\":[{\"@type\":\"SearchAction\",\"target\":{\"@type\":\"EntryPoint\",\"urlTemplate\":\"https:\/\/www.skamet.ee\/?s={search_term_string}\"},\"query-input\":{\"@type\":\"PropertyValueSpecification\",\"valueRequired\":true,\"valueName\":\"search_term_string\"}}],\"inLanguage\":\"fi\"},{\"@type\":\"Organization\",\"@id\":\"https:\/\/www.skamet.ee\/#organization\",\"name\":\"Skamet\",\"url\":\"https:\/\/www.skamet.ee\/\",\"logo\":{\"@type\":\"ImageObject\",\"inLanguage\":\"fi\",\"@id\":\"https:\/\/www.skamet.ee\/#\/schema\/logo\/image\/\",\"url\":\"https:\/\/www.skamet.ee\/wp-content\/uploads\/2015\/05\/logo-uus.png\",\"contentUrl\":\"https:\/\/www.skamet.ee\/wp-content\/uploads\/2015\/05\/logo-uus.png\",\"width\":300,\"height\":127,\"caption\":\"Skamet\"},\"image\":{\"@id\":\"https:\/\/www.skamet.ee\/#\/schema\/logo\/image\/\"}}]}<\/script>\n<!-- \/ Yoast SEO plugin. -->","yoast_head_json":{"title":"Savupiippuputken mutka - Skamet O\u00dc","description":"Savupiippuputken mutka","robots":{"index":"index","follow":"follow","max-snippet":"max-snippet:-1","max-image-preview":"max-image-preview:large","max-video-preview":"max-video-preview:-1"},"canonical":"https:\/\/www.skamet.ee\/fi\/tooted\/mutkat\/","og_locale":"fi_FI","og_type":"article","og_title":"Savupiippuputken mutka - Skamet O\u00dc","og_description":"Savupiippuputken mutka","og_url":"https:\/\/www.skamet.ee\/fi\/tooted\/mutkat\/","og_site_name":"Skamet O\u00dc","article_modified_time":"2026-01-22T17:01:16+00:00","og_image":[{"width":1708,"height":2560,"url":"https:\/\/www.skamet.ee\/wp-content\/uploads\/2021\/03\/polv-PL-scaled.jpg","type":"image\/jpeg"}],"twitter_card":"summary_large_image","twitter_misc":{"Arvioitu lukuaika":"1 minuutti"},"schema":{"@context":"https:\/\/schema.org","@graph":[{"@type":"WebPage","@id":"https:\/\/www.skamet.ee\/fi\/tooted\/mutkat\/","url":"https:\/\/www.skamet.ee\/fi\/tooted\/mutkat\/","name":"Savupiippuputken mutka - Skamet O\u00dc","isPartOf":{"@id":"https:\/\/www.skamet.ee\/#website"},"primaryImageOfPage":{"@id":"https:\/\/www.skamet.ee\/fi\/tooted\/mutkat\/#primaryimage"},"image":{"@id":"https:\/\/www.skamet.ee\/fi\/tooted\/mutkat\/#primaryimage"},"thumbnailUrl":"https:\/\/www.skamet.ee\/wp-content\/uploads\/2021\/03\/polv-PL-scaled.jpg","datePublished":"2021-03-26T12:23:37+00:00","dateModified":"2026-01-22T17:01:16+00:00","description":"Savupiippuputken mutka","breadcrumb":{"@id":"https:\/\/www.skamet.ee\/fi\/tooted\/mutkat\/#breadcrumb"},"inLanguage":"fi","potentialAction":[{"@type":"ReadAction","target":["https:\/\/www.skamet.ee\/fi\/tooted\/mutkat\/"]}]},{"@type":"ImageObject","inLanguage":"fi","@id":"https:\/\/www.skamet.ee\/fi\/tooted\/mutkat\/#primaryimage","url":"https:\/\/www.skamet.ee\/wp-content\/uploads\/2021\/03\/polv-PL-scaled.jpg","contentUrl":"https:\/\/www.skamet.ee\/wp-content\/uploads\/2021\/03\/polv-PL-scaled.jpg","width":1708,"height":2560,"caption":"polv PL scaled"},{"@type":"BreadcrumbList","@id":"https:\/\/www.skamet.ee\/fi\/tooted\/mutkat\/#breadcrumb","itemListElement":[{"@type":"ListItem","position":1,"name":"Home","item":"https:\/\/www.skamet.ee\/fi\/"},{"@type":"ListItem","position":2,"name":"Tuotteet","item":"https:\/\/www.skamet.ee\/fi\/shop-2\/"},{"@type":"ListItem","position":3,"name":"Savupiippuputken mutka"}]},{"@type":"WebSite","@id":"https:\/\/www.skamet.ee\/#website","url":"https:\/\/www.skamet.ee\/","name":"Skamet O\u00dc","description":"Efektiivsed puuk\u00fcttega saunaahjud Eesti tootjalt","publisher":{"@id":"https:\/\/www.skamet.ee\/#organization"},"potentialAction":[{"@type":"SearchAction","target":{"@type":"EntryPoint","urlTemplate":"https:\/\/www.skamet.ee\/?s={search_term_string}"},"query-input":{"@type":"PropertyValueSpecification","valueRequired":true,"valueName":"search_term_string"}}],"inLanguage":"fi"},{"@type":"Organization","@id":"https:\/\/www.skamet.ee\/#organization","name":"Skamet","url":"https:\/\/www.skamet.ee\/","logo":{"@type":"ImageObject","inLanguage":"fi","@id":"https:\/\/www.skamet.ee\/#\/schema\/logo\/image\/","url":"https:\/\/www.skamet.ee\/wp-content\/uploads\/2015\/05\/logo-uus.png","contentUrl":"https:\/\/www.skamet.ee\/wp-content\/uploads\/2015\/05\/logo-uus.png","width":300,"height":127,"caption":"Skamet"},"image":{"@id":"https:\/\/www.skamet.ee\/#\/schema\/logo\/image\/"}}]}},"_links":{"self":[{"href":"https:\/\/www.skamet.ee\/fi\/wp-json\/wp\/v2\/product\/41930","targetHints":{"allow":["GET"]}}],"collection":[{"href":"https:\/\/www.skamet.ee\/fi\/wp-json\/wp\/v2\/product"}],"about":[{"href":"https:\/\/www.skamet.ee\/fi\/wp-json\/wp\/v2\/types\/product"}],"version-history":[{"count":2,"href":"https:\/\/www.skamet.ee\/fi\/wp-json\/wp\/v2\/product\/41930\/revisions"}],"predecessor-version":[{"id":53694,"href":"https:\/\/www.skamet.ee\/fi\/wp-json\/wp\/v2\/product\/41930\/revisions\/53694"}],"wp:featuredmedia":[{"embeddable":true,"href":"https:\/\/www.skamet.ee\/fi\/wp-json\/wp\/v2\/media\/47050"}],"wp:attachment":[{"href":"https:\/\/www.skamet.ee\/fi\/wp-json\/wp\/v2\/media?parent=41930"}],"wp:term":[{"taxonomy":"product_brand","embeddable":true,"href":"https:\/\/www.skamet.ee\/fi\/wp-json\/wp\/v2\/product_brand?post=41930"},{"taxonomy":"product_cat","embeddable":true,"href":"https:\/\/www.skamet.ee\/fi\/wp-json\/wp\/v2\/product_cat?post=41930"},{"taxonomy":"product_tag","embeddable":true,"href":"https:\/\/www.skamet.ee\/fi\/wp-json\/wp\/v2\/product_tag?post=41930"}],"curies":[{"name":"wp","href":"https:\/\/api.w.org\/{rel}","templated":true}]}}