{"id":41931,"date":"2021-03-26T14:21:28","date_gmt":"2021-03-26T12:21:28","guid":{"rendered":"https:\/\/uus.skamet.ee\/tooted\/Ei-luokiteltu\/suorat-putket\/"},"modified":"2026-01-22T17:56:47","modified_gmt":"2026-01-22T15:56:47","slug":"suorat-putket","status":"publish","type":"product","link":"https:\/\/www.skamet.ee\/fi\/tooted\/suorat-putket\/","title":{"rendered":"Suorat putket"},"content":{"rendered":"<p data-start=\"97\" data-end=\"171\">Valmistamme yksisein\u00e4isi\u00e4 savupiippuputkia eri halkaisijoilla ja mitoilla.<\/p>\n<p data-start=\"173\" data-end=\"287\">Kaikissa suorissa putkissa on toisessa p\u00e4\u00e4ss\u00e4 muhvi, jonka ulkohalkaisija on sama kuin toisen p\u00e4\u00e4n sis\u00e4halkaisija.<\/p>\n<p data-start=\"289\" data-end=\"352\">Suorissa savupiippuputkissa ilmoitettu halkaisija on sis\u00e4mitta.<\/p>\n<p data-start=\"354\" data-end=\"385\"><strong data-start=\"354\" data-end=\"383\">Vakiotuotteen parametrit:<\/strong><\/p>\n<ul data-start=\"386\" data-end=\"497\">\n<li data-start=\"386\" data-end=\"415\">\n<p data-start=\"388\" data-end=\"415\">halkaisija <strong data-start=\"399\" data-end=\"413\">103\u2013200 mm<\/strong><\/p>\n<\/li>\n<li data-start=\"416\" data-end=\"447\">\n<p data-start=\"418\" data-end=\"447\">materiaali: <strong data-start=\"430\" data-end=\"445\">musta ter\u00e4s<\/strong><\/p>\n<\/li>\n<li data-start=\"448\" data-end=\"476\">\n<p data-start=\"450\" data-end=\"476\">pituudet <strong data-start=\"459\" data-end=\"474\">200\u20131000 mm<\/strong><\/p>\n<\/li>\n<li data-start=\"477\" data-end=\"497\">\n<p data-start=\"479\" data-end=\"497\">paksuus <strong data-start=\"487\" data-end=\"497\">1,2 mm<\/strong><\/p>\n<\/li>\n<\/ul>\n<p data-start=\"804\" data-end=\"820\"><strong data-start=\"804\" data-end=\"820\">TUOTEKOODIT:<\/strong><\/p>\n","protected":false},"excerpt":{"rendered":"<p>Valmistamme yksisein\u00e4isi\u00e4 savupiippuputkia eri halkaisijoilla ja mitoilla. Kaikissa suorissa putkissa on toisessa p\u00e4\u00e4ss\u00e4 muhvi, jonka ulkohalkaisija on sama kuin toisen<\/p>\n","protected":false},"featured_media":31542,"template":"","meta":{"_lmt_disableupdate":"","_lmt_disable":""},"product_brand":[],"product_cat":[1123,314],"product_tag":[],"class_list":{"0":"post-41931","1":"product","2":"type-product","3":"status-publish","4":"has-post-thumbnail","6":"product_cat-saunan-kiukaan-tarvikkeet","7":"product_cat-savuputket","9":"first","10":"instock","11":"shipping-taxable","12":"product-type-simple"},"yoast_head":"<!-- This site is optimized with the Yoast SEO plugin v27.0 - https:\/\/yoast.com\/product\/yoast-seo-wordpress\/ -->\n<title>Suorat putket - Skamet O\u00dc<\/title>\n<meta name=\"robots\" content=\"index, follow, max-snippet:-1, max-image-preview:large, max-video-preview:-1\" \/>\n<link rel=\"canonical\" href=\"https:\/\/www.skamet.ee\/fi\/tooted\/suorat-putket\/\" \/>\n<meta property=\"og:locale\" content=\"fi_FI\" \/>\n<meta property=\"og:type\" content=\"article\" \/>\n<meta property=\"og:title\" content=\"Suorat putket - Skamet O\u00dc\" \/>\n<meta property=\"og:description\" content=\"Valmistamme yksisein\u00e4isi\u00e4 savupiippuputkia eri halkaisijoilla ja mitoilla. Kaikissa suorissa putkissa on toisessa p\u00e4\u00e4ss\u00e4 muhvi, jonka ulkohalkaisija on sama kuin toisen\" \/>\n<meta property=\"og:url\" content=\"https:\/\/www.skamet.ee\/fi\/tooted\/suorat-putket\/\" \/>\n<meta property=\"og:site_name\" content=\"Skamet O\u00dc\" \/>\n<meta property=\"article:modified_time\" content=\"2026-01-22T15:56:47+00:00\" \/>\n<meta property=\"og:image\" content=\"https:\/\/www.skamet.ee\/wp-content\/uploads\/2016\/01\/suitsutoru-1.jpg\" \/>\n\t<meta property=\"og:image:width\" content=\"1024\" \/>\n\t<meta property=\"og:image:height\" content=\"1535\" \/>\n\t<meta property=\"og:image:type\" content=\"image\/jpeg\" \/>\n<meta name=\"twitter:card\" content=\"summary_large_image\" \/>\n<meta name=\"twitter:label1\" content=\"Arvioitu lukuaika\" \/>\n\t<meta name=\"twitter:data1\" content=\"1 minuutti\" \/>\n<script type=\"application\/ld+json\" class=\"yoast-schema-graph\">{\"@context\":\"https:\/\/schema.org\",\"@graph\":[{\"@type\":\"WebPage\",\"@id\":\"https:\/\/www.skamet.ee\/fi\/tooted\/suorat-putket\/\",\"url\":\"https:\/\/www.skamet.ee\/fi\/tooted\/suorat-putket\/\",\"name\":\"Suorat putket - Skamet O\u00dc\",\"isPartOf\":{\"@id\":\"https:\/\/www.skamet.ee\/#website\"},\"primaryImageOfPage\":{\"@id\":\"https:\/\/www.skamet.ee\/fi\/tooted\/suorat-putket\/#primaryimage\"},\"image\":{\"@id\":\"https:\/\/www.skamet.ee\/fi\/tooted\/suorat-putket\/#primaryimage\"},\"thumbnailUrl\":\"https:\/\/www.skamet.ee\/wp-content\/uploads\/2016\/01\/suitsutoru-1.jpg\",\"datePublished\":\"2021-03-26T12:21:28+00:00\",\"dateModified\":\"2026-01-22T15:56:47+00:00\",\"breadcrumb\":{\"@id\":\"https:\/\/www.skamet.ee\/fi\/tooted\/suorat-putket\/#breadcrumb\"},\"inLanguage\":\"fi\",\"potentialAction\":[{\"@type\":\"ReadAction\",\"target\":[\"https:\/\/www.skamet.ee\/fi\/tooted\/suorat-putket\/\"]}]},{\"@type\":\"ImageObject\",\"inLanguage\":\"fi\",\"@id\":\"https:\/\/www.skamet.ee\/fi\/tooted\/suorat-putket\/#primaryimage\",\"url\":\"https:\/\/www.skamet.ee\/wp-content\/uploads\/2016\/01\/suitsutoru-1.jpg\",\"contentUrl\":\"https:\/\/www.skamet.ee\/wp-content\/uploads\/2016\/01\/suitsutoru-1.jpg\",\"width\":1024,\"height\":1535,\"caption\":\"suitsutoru 1\"},{\"@type\":\"BreadcrumbList\",\"@id\":\"https:\/\/www.skamet.ee\/fi\/tooted\/suorat-putket\/#breadcrumb\",\"itemListElement\":[{\"@type\":\"ListItem\",\"position\":1,\"name\":\"Home\",\"item\":\"https:\/\/www.skamet.ee\/fi\/\"},{\"@type\":\"ListItem\",\"position\":2,\"name\":\"Tuotteet\",\"item\":\"https:\/\/www.skamet.ee\/fi\/shop-2\/\"},{\"@type\":\"ListItem\",\"position\":3,\"name\":\"Suorat putket\"}]},{\"@type\":\"WebSite\",\"@id\":\"https:\/\/www.skamet.ee\/#website\",\"url\":\"https:\/\/www.skamet.ee\/\",\"name\":\"Skamet O\u00dc\",\"description\":\"Efektiivsed puuk\u00fcttega saunaahjud Eesti tootjalt\",\"publisher\":{\"@id\":\"https:\/\/www.skamet.ee\/#organization\"},\"potentialAction\":[{\"@type\":\"SearchAction\",\"target\":{\"@type\":\"EntryPoint\",\"urlTemplate\":\"https:\/\/www.skamet.ee\/?s={search_term_string}\"},\"query-input\":{\"@type\":\"PropertyValueSpecification\",\"valueRequired\":true,\"valueName\":\"search_term_string\"}}],\"inLanguage\":\"fi\"},{\"@type\":\"Organization\",\"@id\":\"https:\/\/www.skamet.ee\/#organization\",\"name\":\"Skamet\",\"url\":\"https:\/\/www.skamet.ee\/\",\"logo\":{\"@type\":\"ImageObject\",\"inLanguage\":\"fi\",\"@id\":\"https:\/\/www.skamet.ee\/#\/schema\/logo\/image\/\",\"url\":\"https:\/\/www.skamet.ee\/wp-content\/uploads\/2015\/05\/logo-uus.png\",\"contentUrl\":\"https:\/\/www.skamet.ee\/wp-content\/uploads\/2015\/05\/logo-uus.png\",\"width\":300,\"height\":127,\"caption\":\"Skamet\"},\"image\":{\"@id\":\"https:\/\/www.skamet.ee\/#\/schema\/logo\/image\/\"}}]}<\/script>\n<!-- \/ Yoast SEO plugin. -->","yoast_head_json":{"title":"Suorat putket - Skamet O\u00dc","robots":{"index":"index","follow":"follow","max-snippet":"max-snippet:-1","max-image-preview":"max-image-preview:large","max-video-preview":"max-video-preview:-1"},"canonical":"https:\/\/www.skamet.ee\/fi\/tooted\/suorat-putket\/","og_locale":"fi_FI","og_type":"article","og_title":"Suorat putket - Skamet O\u00dc","og_description":"Valmistamme yksisein\u00e4isi\u00e4 savupiippuputkia eri halkaisijoilla ja mitoilla. Kaikissa suorissa putkissa on toisessa p\u00e4\u00e4ss\u00e4 muhvi, jonka ulkohalkaisija on sama kuin toisen","og_url":"https:\/\/www.skamet.ee\/fi\/tooted\/suorat-putket\/","og_site_name":"Skamet O\u00dc","article_modified_time":"2026-01-22T15:56:47+00:00","og_image":[{"width":1024,"height":1535,"url":"https:\/\/www.skamet.ee\/wp-content\/uploads\/2016\/01\/suitsutoru-1.jpg","type":"image\/jpeg"}],"twitter_card":"summary_large_image","twitter_misc":{"Arvioitu lukuaika":"1 minuutti"},"schema":{"@context":"https:\/\/schema.org","@graph":[{"@type":"WebPage","@id":"https:\/\/www.skamet.ee\/fi\/tooted\/suorat-putket\/","url":"https:\/\/www.skamet.ee\/fi\/tooted\/suorat-putket\/","name":"Suorat putket - Skamet O\u00dc","isPartOf":{"@id":"https:\/\/www.skamet.ee\/#website"},"primaryImageOfPage":{"@id":"https:\/\/www.skamet.ee\/fi\/tooted\/suorat-putket\/#primaryimage"},"image":{"@id":"https:\/\/www.skamet.ee\/fi\/tooted\/suorat-putket\/#primaryimage"},"thumbnailUrl":"https:\/\/www.skamet.ee\/wp-content\/uploads\/2016\/01\/suitsutoru-1.jpg","datePublished":"2021-03-26T12:21:28+00:00","dateModified":"2026-01-22T15:56:47+00:00","breadcrumb":{"@id":"https:\/\/www.skamet.ee\/fi\/tooted\/suorat-putket\/#breadcrumb"},"inLanguage":"fi","potentialAction":[{"@type":"ReadAction","target":["https:\/\/www.skamet.ee\/fi\/tooted\/suorat-putket\/"]}]},{"@type":"ImageObject","inLanguage":"fi","@id":"https:\/\/www.skamet.ee\/fi\/tooted\/suorat-putket\/#primaryimage","url":"https:\/\/www.skamet.ee\/wp-content\/uploads\/2016\/01\/suitsutoru-1.jpg","contentUrl":"https:\/\/www.skamet.ee\/wp-content\/uploads\/2016\/01\/suitsutoru-1.jpg","width":1024,"height":1535,"caption":"suitsutoru 1"},{"@type":"BreadcrumbList","@id":"https:\/\/www.skamet.ee\/fi\/tooted\/suorat-putket\/#breadcrumb","itemListElement":[{"@type":"ListItem","position":1,"name":"Home","item":"https:\/\/www.skamet.ee\/fi\/"},{"@type":"ListItem","position":2,"name":"Tuotteet","item":"https:\/\/www.skamet.ee\/fi\/shop-2\/"},{"@type":"ListItem","position":3,"name":"Suorat putket"}]},{"@type":"WebSite","@id":"https:\/\/www.skamet.ee\/#website","url":"https:\/\/www.skamet.ee\/","name":"Skamet O\u00dc","description":"Efektiivsed puuk\u00fcttega saunaahjud Eesti tootjalt","publisher":{"@id":"https:\/\/www.skamet.ee\/#organization"},"potentialAction":[{"@type":"SearchAction","target":{"@type":"EntryPoint","urlTemplate":"https:\/\/www.skamet.ee\/?s={search_term_string}"},"query-input":{"@type":"PropertyValueSpecification","valueRequired":true,"valueName":"search_term_string"}}],"inLanguage":"fi"},{"@type":"Organization","@id":"https:\/\/www.skamet.ee\/#organization","name":"Skamet","url":"https:\/\/www.skamet.ee\/","logo":{"@type":"ImageObject","inLanguage":"fi","@id":"https:\/\/www.skamet.ee\/#\/schema\/logo\/image\/","url":"https:\/\/www.skamet.ee\/wp-content\/uploads\/2015\/05\/logo-uus.png","contentUrl":"https:\/\/www.skamet.ee\/wp-content\/uploads\/2015\/05\/logo-uus.png","width":300,"height":127,"caption":"Skamet"},"image":{"@id":"https:\/\/www.skamet.ee\/#\/schema\/logo\/image\/"}}]}},"_links":{"self":[{"href":"https:\/\/www.skamet.ee\/fi\/wp-json\/wp\/v2\/product\/41931","targetHints":{"allow":["GET"]}}],"collection":[{"href":"https:\/\/www.skamet.ee\/fi\/wp-json\/wp\/v2\/product"}],"about":[{"href":"https:\/\/www.skamet.ee\/fi\/wp-json\/wp\/v2\/types\/product"}],"version-history":[{"count":6,"href":"https:\/\/www.skamet.ee\/fi\/wp-json\/wp\/v2\/product\/41931\/revisions"}],"predecessor-version":[{"id":53687,"href":"https:\/\/www.skamet.ee\/fi\/wp-json\/wp\/v2\/product\/41931\/revisions\/53687"}],"wp:featuredmedia":[{"embeddable":true,"href":"https:\/\/www.skamet.ee\/fi\/wp-json\/wp\/v2\/media\/31542"}],"wp:attachment":[{"href":"https:\/\/www.skamet.ee\/fi\/wp-json\/wp\/v2\/media?parent=41931"}],"wp:term":[{"taxonomy":"product_brand","embeddable":true,"href":"https:\/\/www.skamet.ee\/fi\/wp-json\/wp\/v2\/product_brand?post=41931"},{"taxonomy":"product_cat","embeddable":true,"href":"https:\/\/www.skamet.ee\/fi\/wp-json\/wp\/v2\/product_cat?post=41931"},{"taxonomy":"product_tag","embeddable":true,"href":"https:\/\/www.skamet.ee\/fi\/wp-json\/wp\/v2\/product_tag?post=41931"}],"curies":[{"name":"wp","href":"https:\/\/api.w.org\/{rel}","templated":true}]}}