{"id":42075,"date":"2021-04-05T14:37:22","date_gmt":"2021-04-05T11:37:22","guid":{"rendered":"https:\/\/uus.skamet.ee\/tooted\/Ei-luokiteltu\/koristelista-saunauunille\/"},"modified":"2021-05-20T09:43:44","modified_gmt":"2021-05-20T06:43:44","slug":"koristelista-saunauunille","status":"publish","type":"product","link":"https:\/\/www.skamet.ee\/fi\/tooted\/koristelista-saunauunille\/","title":{"rendered":"Koristelista saunauunille"},"content":{"rendered":"<p>Saunauuneille voidaan toimittaa my\u00f6s koristelistat. Ne asennetaan sein\u00e4n l\u00e4pi eli toisesta tilasta l\u00e4mmitett\u00e4viin uuneihin. Voidaan tilata my\u00f6s avattavia verkkoja. Vakiotuotteiden lis\u00e4ksi valmistamme verkkoja erikoistilauksesta: py\u00f6rein\u00e4, kulmikkaina sek\u00e4 asiakkaan toiveiden mukaan.<\/p>\n<p>Vakiotuotteen parametrit:<br \/>\n\u00bb Normaalimetallista ja ruostumattomasta;<br \/>\n\u00bb reunan leveys 50 mm;<br \/>\n\u00bb pienemm\u00e4lle (23x23cm) tarkoitettu: ILU-230 tai ILU-230 RV;<br \/>\n\u00bb isommalle ovelle (33x33cm) tarkoitettu: ILU-230 tai ILU-230 RV.<\/p>\n","protected":false},"excerpt":{"rendered":"<p>Saunauuneille voidaan toimittaa my\u00f6s koristelistat. Ne asennetaan sein\u00e4n l\u00e4pi eli toisesta tilasta l\u00e4mmitett\u00e4viin uuneihin. Voidaan tilata my\u00f6s avattavia verkkoja. Vakiotuotteiden<\/p>\n","protected":false},"featured_media":50572,"template":"","meta":{"_lmt_disableupdate":"","_lmt_disable":""},"product_brand":[],"product_cat":[1123],"product_tag":[],"class_list":{"0":"post-42075","1":"product","2":"type-product","3":"status-publish","4":"has-post-thumbnail","6":"product_cat-saunan-kiukaan-tarvikkeet","8":"first","9":"instock","10":"shipping-taxable","11":"product-type-simple"},"yoast_head":"<!-- This site is optimized with the Yoast SEO plugin v27.0 - https:\/\/yoast.com\/product\/yoast-seo-wordpress\/ -->\n<title>Koristelista saunauunille - Skamet O\u00dc<\/title>\n<meta name=\"robots\" content=\"index, follow, max-snippet:-1, max-image-preview:large, max-video-preview:-1\" \/>\n<link rel=\"canonical\" href=\"https:\/\/www.skamet.ee\/fi\/tooted\/koristelista-saunauunille\/\" \/>\n<meta property=\"og:locale\" content=\"fi_FI\" \/>\n<meta property=\"og:type\" content=\"article\" \/>\n<meta property=\"og:title\" content=\"Koristelista saunauunille - Skamet O\u00dc\" \/>\n<meta property=\"og:description\" content=\"Saunauuneille voidaan toimittaa my\u00f6s koristelistat. Ne asennetaan sein\u00e4n l\u00e4pi eli toisesta tilasta l\u00e4mmitett\u00e4viin uuneihin. Voidaan tilata my\u00f6s avattavia verkkoja. Vakiotuotteiden\" \/>\n<meta property=\"og:url\" content=\"https:\/\/www.skamet.ee\/fi\/tooted\/koristelista-saunauunille\/\" \/>\n<meta property=\"og:site_name\" content=\"Skamet O\u00dc\" \/>\n<meta property=\"article:modified_time\" content=\"2021-05-20T06:43:44+00:00\" \/>\n<meta property=\"og:image\" content=\"https:\/\/www.skamet.ee\/wp-content\/uploads\/2021\/04\/ILU_230-scaled.jpg\" \/>\n\t<meta property=\"og:image:width\" content=\"1707\" \/>\n\t<meta property=\"og:image:height\" content=\"2560\" \/>\n\t<meta property=\"og:image:type\" content=\"image\/jpeg\" \/>\n<meta name=\"twitter:card\" content=\"summary_large_image\" \/>\n<script type=\"application\/ld+json\" class=\"yoast-schema-graph\">{\"@context\":\"https:\/\/schema.org\",\"@graph\":[{\"@type\":\"WebPage\",\"@id\":\"https:\/\/www.skamet.ee\/fi\/tooted\/koristelista-saunauunille\/\",\"url\":\"https:\/\/www.skamet.ee\/fi\/tooted\/koristelista-saunauunille\/\",\"name\":\"Koristelista saunauunille - Skamet O\u00dc\",\"isPartOf\":{\"@id\":\"https:\/\/www.skamet.ee\/#website\"},\"primaryImageOfPage\":{\"@id\":\"https:\/\/www.skamet.ee\/fi\/tooted\/koristelista-saunauunille\/#primaryimage\"},\"image\":{\"@id\":\"https:\/\/www.skamet.ee\/fi\/tooted\/koristelista-saunauunille\/#primaryimage\"},\"thumbnailUrl\":\"https:\/\/www.skamet.ee\/wp-content\/uploads\/2021\/04\/ILU_230-scaled.jpg\",\"datePublished\":\"2021-04-05T11:37:22+00:00\",\"dateModified\":\"2021-05-20T06:43:44+00:00\",\"breadcrumb\":{\"@id\":\"https:\/\/www.skamet.ee\/fi\/tooted\/koristelista-saunauunille\/#breadcrumb\"},\"inLanguage\":\"fi\",\"potentialAction\":[{\"@type\":\"ReadAction\",\"target\":[\"https:\/\/www.skamet.ee\/fi\/tooted\/koristelista-saunauunille\/\"]}]},{\"@type\":\"ImageObject\",\"inLanguage\":\"fi\",\"@id\":\"https:\/\/www.skamet.ee\/fi\/tooted\/koristelista-saunauunille\/#primaryimage\",\"url\":\"https:\/\/www.skamet.ee\/wp-content\/uploads\/2021\/04\/ILU_230-scaled.jpg\",\"contentUrl\":\"https:\/\/www.skamet.ee\/wp-content\/uploads\/2021\/04\/ILU_230-scaled.jpg\",\"width\":1707,\"height\":2560,\"caption\":\"ILU 230 scaled\"},{\"@type\":\"BreadcrumbList\",\"@id\":\"https:\/\/www.skamet.ee\/fi\/tooted\/koristelista-saunauunille\/#breadcrumb\",\"itemListElement\":[{\"@type\":\"ListItem\",\"position\":1,\"name\":\"Home\",\"item\":\"https:\/\/www.skamet.ee\/fi\/\"},{\"@type\":\"ListItem\",\"position\":2,\"name\":\"Tuotteet\",\"item\":\"https:\/\/www.skamet.ee\/fi\/shop-2\/\"},{\"@type\":\"ListItem\",\"position\":3,\"name\":\"Koristelista saunauunille\"}]},{\"@type\":\"WebSite\",\"@id\":\"https:\/\/www.skamet.ee\/#website\",\"url\":\"https:\/\/www.skamet.ee\/\",\"name\":\"Skamet O\u00dc\",\"description\":\"Efektiivsed puuk\u00fcttega saunaahjud Eesti tootjalt\",\"publisher\":{\"@id\":\"https:\/\/www.skamet.ee\/#organization\"},\"potentialAction\":[{\"@type\":\"SearchAction\",\"target\":{\"@type\":\"EntryPoint\",\"urlTemplate\":\"https:\/\/www.skamet.ee\/?s={search_term_string}\"},\"query-input\":{\"@type\":\"PropertyValueSpecification\",\"valueRequired\":true,\"valueName\":\"search_term_string\"}}],\"inLanguage\":\"fi\"},{\"@type\":\"Organization\",\"@id\":\"https:\/\/www.skamet.ee\/#organization\",\"name\":\"Skamet\",\"url\":\"https:\/\/www.skamet.ee\/\",\"logo\":{\"@type\":\"ImageObject\",\"inLanguage\":\"fi\",\"@id\":\"https:\/\/www.skamet.ee\/#\/schema\/logo\/image\/\",\"url\":\"https:\/\/www.skamet.ee\/wp-content\/uploads\/2015\/05\/logo-uus.png\",\"contentUrl\":\"https:\/\/www.skamet.ee\/wp-content\/uploads\/2015\/05\/logo-uus.png\",\"width\":300,\"height\":127,\"caption\":\"Skamet\"},\"image\":{\"@id\":\"https:\/\/www.skamet.ee\/#\/schema\/logo\/image\/\"}}]}<\/script>\n<!-- \/ Yoast SEO plugin. -->","yoast_head_json":{"title":"Koristelista saunauunille - Skamet O\u00dc","robots":{"index":"index","follow":"follow","max-snippet":"max-snippet:-1","max-image-preview":"max-image-preview:large","max-video-preview":"max-video-preview:-1"},"canonical":"https:\/\/www.skamet.ee\/fi\/tooted\/koristelista-saunauunille\/","og_locale":"fi_FI","og_type":"article","og_title":"Koristelista saunauunille - Skamet O\u00dc","og_description":"Saunauuneille voidaan toimittaa my\u00f6s koristelistat. Ne asennetaan sein\u00e4n l\u00e4pi eli toisesta tilasta l\u00e4mmitett\u00e4viin uuneihin. Voidaan tilata my\u00f6s avattavia verkkoja. Vakiotuotteiden","og_url":"https:\/\/www.skamet.ee\/fi\/tooted\/koristelista-saunauunille\/","og_site_name":"Skamet O\u00dc","article_modified_time":"2021-05-20T06:43:44+00:00","og_image":[{"width":1707,"height":2560,"url":"https:\/\/www.skamet.ee\/wp-content\/uploads\/2021\/04\/ILU_230-scaled.jpg","type":"image\/jpeg"}],"twitter_card":"summary_large_image","schema":{"@context":"https:\/\/schema.org","@graph":[{"@type":"WebPage","@id":"https:\/\/www.skamet.ee\/fi\/tooted\/koristelista-saunauunille\/","url":"https:\/\/www.skamet.ee\/fi\/tooted\/koristelista-saunauunille\/","name":"Koristelista saunauunille - Skamet O\u00dc","isPartOf":{"@id":"https:\/\/www.skamet.ee\/#website"},"primaryImageOfPage":{"@id":"https:\/\/www.skamet.ee\/fi\/tooted\/koristelista-saunauunille\/#primaryimage"},"image":{"@id":"https:\/\/www.skamet.ee\/fi\/tooted\/koristelista-saunauunille\/#primaryimage"},"thumbnailUrl":"https:\/\/www.skamet.ee\/wp-content\/uploads\/2021\/04\/ILU_230-scaled.jpg","datePublished":"2021-04-05T11:37:22+00:00","dateModified":"2021-05-20T06:43:44+00:00","breadcrumb":{"@id":"https:\/\/www.skamet.ee\/fi\/tooted\/koristelista-saunauunille\/#breadcrumb"},"inLanguage":"fi","potentialAction":[{"@type":"ReadAction","target":["https:\/\/www.skamet.ee\/fi\/tooted\/koristelista-saunauunille\/"]}]},{"@type":"ImageObject","inLanguage":"fi","@id":"https:\/\/www.skamet.ee\/fi\/tooted\/koristelista-saunauunille\/#primaryimage","url":"https:\/\/www.skamet.ee\/wp-content\/uploads\/2021\/04\/ILU_230-scaled.jpg","contentUrl":"https:\/\/www.skamet.ee\/wp-content\/uploads\/2021\/04\/ILU_230-scaled.jpg","width":1707,"height":2560,"caption":"ILU 230 scaled"},{"@type":"BreadcrumbList","@id":"https:\/\/www.skamet.ee\/fi\/tooted\/koristelista-saunauunille\/#breadcrumb","itemListElement":[{"@type":"ListItem","position":1,"name":"Home","item":"https:\/\/www.skamet.ee\/fi\/"},{"@type":"ListItem","position":2,"name":"Tuotteet","item":"https:\/\/www.skamet.ee\/fi\/shop-2\/"},{"@type":"ListItem","position":3,"name":"Koristelista saunauunille"}]},{"@type":"WebSite","@id":"https:\/\/www.skamet.ee\/#website","url":"https:\/\/www.skamet.ee\/","name":"Skamet O\u00dc","description":"Efektiivsed puuk\u00fcttega saunaahjud Eesti tootjalt","publisher":{"@id":"https:\/\/www.skamet.ee\/#organization"},"potentialAction":[{"@type":"SearchAction","target":{"@type":"EntryPoint","urlTemplate":"https:\/\/www.skamet.ee\/?s={search_term_string}"},"query-input":{"@type":"PropertyValueSpecification","valueRequired":true,"valueName":"search_term_string"}}],"inLanguage":"fi"},{"@type":"Organization","@id":"https:\/\/www.skamet.ee\/#organization","name":"Skamet","url":"https:\/\/www.skamet.ee\/","logo":{"@type":"ImageObject","inLanguage":"fi","@id":"https:\/\/www.skamet.ee\/#\/schema\/logo\/image\/","url":"https:\/\/www.skamet.ee\/wp-content\/uploads\/2015\/05\/logo-uus.png","contentUrl":"https:\/\/www.skamet.ee\/wp-content\/uploads\/2015\/05\/logo-uus.png","width":300,"height":127,"caption":"Skamet"},"image":{"@id":"https:\/\/www.skamet.ee\/#\/schema\/logo\/image\/"}}]}},"_links":{"self":[{"href":"https:\/\/www.skamet.ee\/fi\/wp-json\/wp\/v2\/product\/42075","targetHints":{"allow":["GET"]}}],"collection":[{"href":"https:\/\/www.skamet.ee\/fi\/wp-json\/wp\/v2\/product"}],"about":[{"href":"https:\/\/www.skamet.ee\/fi\/wp-json\/wp\/v2\/types\/product"}],"version-history":[{"count":1,"href":"https:\/\/www.skamet.ee\/fi\/wp-json\/wp\/v2\/product\/42075\/revisions"}],"predecessor-version":[{"id":42076,"href":"https:\/\/www.skamet.ee\/fi\/wp-json\/wp\/v2\/product\/42075\/revisions\/42076"}],"wp:featuredmedia":[{"embeddable":true,"href":"https:\/\/www.skamet.ee\/fi\/wp-json\/wp\/v2\/media\/50572"}],"wp:attachment":[{"href":"https:\/\/www.skamet.ee\/fi\/wp-json\/wp\/v2\/media?parent=42075"}],"wp:term":[{"taxonomy":"product_brand","embeddable":true,"href":"https:\/\/www.skamet.ee\/fi\/wp-json\/wp\/v2\/product_brand?post=42075"},{"taxonomy":"product_cat","embeddable":true,"href":"https:\/\/www.skamet.ee\/fi\/wp-json\/wp\/v2\/product_cat?post=42075"},{"taxonomy":"product_tag","embeddable":true,"href":"https:\/\/www.skamet.ee\/fi\/wp-json\/wp\/v2\/product_tag?post=42075"}],"curies":[{"name":"wp","href":"https:\/\/api.w.org\/{rel}","templated":true}]}}