{"id":42077,"date":"2021-04-05T14:40:58","date_gmt":"2021-04-05T11:40:58","guid":{"rendered":"https:\/\/uus.skamet.ee\/tooted\/Ei-luokiteltu\/avattu-vedenlammitin-savuputken-ymparille\/"},"modified":"2021-04-05T14:40:58","modified_gmt":"2021-04-05T11:40:58","slug":"avattu-vedenlammitin-savuputken-ymparille","status":"publish","type":"product","link":"https:\/\/www.skamet.ee\/fi\/tooted\/avattu-vedenlammitin-savuputken-ymparille\/","title":{"rendered":"Avattu vedenl\u00e4mmitin savuputken ymp\u00e4rille"},"content":{"rendered":"<p>Valmistetaan yksimittaisia kuumavesis\u00e4ili\u00f6it\u00e4:<\/p>\n<p>Avattu vedenl\u00e4mmitin on savuputken ymp\u00e4rille laitettava s\u00e4ili\u00f6, jonka t\u00e4ytt\u00e4misen yhteydess\u00e4 saadaan l\u00e4mmint\u00e4 l\u00f6ylyvett\u00e4. Vesi l\u00e4mpenee uunin l\u00e4mmityksen aikana. Veden l\u00e4mmitt\u00e4j\u00e4ksi on l\u00e4mpenev\u00e4 savuputki. Vakiotuotteiden lis\u00e4ksi voidaan valmistaa my\u00f6s erikoistilauksesta. Lue lis\u00e4\u00e4 k\u00e4ytt\u00f6ohjeesta. Mitat l\u00f6ytyv\u00e4t k\u00e4ytt\u00f6ohjeessa.<\/p>\n<p>Vakiotuotteiden parametrit:\tEri vaihtoehtoja:<br \/>\n\u00bb Halkaisija 30cm, tilavuus 25 litraa;<br \/>\n\u00bb kokonaiskorkeus putkineen 65cm, s\u00e4ili\u00f6 41,5cm;<br \/>\n\u00bb avattava kansi;<br \/>\n\u00bb savuputken sis\u00e4halkaisija 115mm;<br \/>\n\u00bb yksi \u00bd-tuumainen nippa ulkokierteineen.\t\u00bb Isommalla tai pienemm\u00e4ll\u00e4 tilavuudella;<br \/>\n\u00bb voidaan valmistaa pitemp\u00e4\u00e4;<br \/>\n\u00bb voidaan valmistaa my\u00f6s nelikulmaista;<br \/>\n\u00bb voidaan valmistaa ruostumatonta.<\/p>\n","protected":false},"excerpt":{"rendered":"<p>Valmistetaan yksimittaisia kuumavesis\u00e4ili\u00f6it\u00e4: Avattu vedenl\u00e4mmitin on savuputken ymp\u00e4rille laitettava s\u00e4ili\u00f6, jonka t\u00e4ytt\u00e4misen yhteydess\u00e4 saadaan l\u00e4mmint\u00e4 l\u00f6ylyvett\u00e4. Vesi l\u00e4mpenee uunin l\u00e4mmityksen<\/p>\n","protected":false},"featured_media":47699,"template":"","meta":{"_lmt_disableupdate":"","_lmt_disable":""},"product_brand":[],"product_cat":[305],"product_tag":[],"class_list":{"0":"post-42077","1":"product","2":"type-product","3":"status-publish","4":"has-post-thumbnail","6":"product_cat-puukiuas","8":"first","9":"instock","10":"shipping-taxable","11":"product-type-simple"},"yoast_head":"<!-- This site is optimized with the Yoast SEO plugin v27.0 - https:\/\/yoast.com\/product\/yoast-seo-wordpress\/ -->\n<title>Avattu vedenl\u00e4mmitin savuputken ymp\u00e4rille - Skamet O\u00dc<\/title>\n<meta name=\"robots\" content=\"index, follow, max-snippet:-1, max-image-preview:large, max-video-preview:-1\" \/>\n<link rel=\"canonical\" href=\"https:\/\/www.skamet.ee\/fi\/tooted\/avattu-vedenlammitin-savuputken-ymparille\/\" \/>\n<meta property=\"og:locale\" content=\"fi_FI\" \/>\n<meta property=\"og:type\" content=\"article\" \/>\n<meta property=\"og:title\" content=\"Avattu vedenl\u00e4mmitin savuputken ymp\u00e4rille - Skamet O\u00dc\" \/>\n<meta property=\"og:description\" content=\"Valmistetaan yksimittaisia kuumavesis\u00e4ili\u00f6it\u00e4: Avattu vedenl\u00e4mmitin on savuputken ymp\u00e4rille laitettava s\u00e4ili\u00f6, jonka t\u00e4ytt\u00e4misen yhteydess\u00e4 saadaan l\u00e4mmint\u00e4 l\u00f6ylyvett\u00e4. Vesi l\u00e4mpenee uunin l\u00e4mmityksen\" \/>\n<meta property=\"og:url\" content=\"https:\/\/www.skamet.ee\/fi\/tooted\/avattu-vedenlammitin-savuputken-ymparille\/\" \/>\n<meta property=\"og:site_name\" content=\"Skamet O\u00dc\" \/>\n<meta property=\"og:image\" content=\"https:\/\/www.skamet.ee\/wp-content\/uploads\/2021\/04\/BOT-25_Valge-scaled.jpg\" \/>\n\t<meta property=\"og:image:width\" content=\"1708\" \/>\n\t<meta property=\"og:image:height\" content=\"2560\" \/>\n\t<meta property=\"og:image:type\" content=\"image\/jpeg\" \/>\n<meta name=\"twitter:card\" content=\"summary_large_image\" \/>\n<meta name=\"twitter:label1\" content=\"Arvioitu lukuaika\" \/>\n\t<meta name=\"twitter:data1\" content=\"1 minuutti\" \/>\n<script type=\"application\/ld+json\" class=\"yoast-schema-graph\">{\"@context\":\"https:\/\/schema.org\",\"@graph\":[{\"@type\":\"WebPage\",\"@id\":\"https:\/\/www.skamet.ee\/fi\/tooted\/avattu-vedenlammitin-savuputken-ymparille\/\",\"url\":\"https:\/\/www.skamet.ee\/fi\/tooted\/avattu-vedenlammitin-savuputken-ymparille\/\",\"name\":\"Avattu vedenl\u00e4mmitin savuputken ymp\u00e4rille - Skamet O\u00dc\",\"isPartOf\":{\"@id\":\"https:\/\/www.skamet.ee\/#website\"},\"primaryImageOfPage\":{\"@id\":\"https:\/\/www.skamet.ee\/fi\/tooted\/avattu-vedenlammitin-savuputken-ymparille\/#primaryimage\"},\"image\":{\"@id\":\"https:\/\/www.skamet.ee\/fi\/tooted\/avattu-vedenlammitin-savuputken-ymparille\/#primaryimage\"},\"thumbnailUrl\":\"https:\/\/www.skamet.ee\/wp-content\/uploads\/2021\/04\/BOT-25_Valge-scaled.jpg\",\"datePublished\":\"2021-04-05T11:40:58+00:00\",\"breadcrumb\":{\"@id\":\"https:\/\/www.skamet.ee\/fi\/tooted\/avattu-vedenlammitin-savuputken-ymparille\/#breadcrumb\"},\"inLanguage\":\"fi\",\"potentialAction\":[{\"@type\":\"ReadAction\",\"target\":[\"https:\/\/www.skamet.ee\/fi\/tooted\/avattu-vedenlammitin-savuputken-ymparille\/\"]}]},{\"@type\":\"ImageObject\",\"inLanguage\":\"fi\",\"@id\":\"https:\/\/www.skamet.ee\/fi\/tooted\/avattu-vedenlammitin-savuputken-ymparille\/#primaryimage\",\"url\":\"https:\/\/www.skamet.ee\/wp-content\/uploads\/2021\/04\/BOT-25_Valge-scaled.jpg\",\"contentUrl\":\"https:\/\/www.skamet.ee\/wp-content\/uploads\/2021\/04\/BOT-25_Valge-scaled.jpg\",\"width\":1708,\"height\":2560,\"caption\":\"BOT 25 Valge scaled\"},{\"@type\":\"BreadcrumbList\",\"@id\":\"https:\/\/www.skamet.ee\/fi\/tooted\/avattu-vedenlammitin-savuputken-ymparille\/#breadcrumb\",\"itemListElement\":[{\"@type\":\"ListItem\",\"position\":1,\"name\":\"Home\",\"item\":\"https:\/\/www.skamet.ee\/fi\/\"},{\"@type\":\"ListItem\",\"position\":2,\"name\":\"Tuotteet\",\"item\":\"https:\/\/www.skamet.ee\/fi\/shop-2\/\"},{\"@type\":\"ListItem\",\"position\":3,\"name\":\"Avattu vedenl\u00e4mmitin savuputken ymp\u00e4rille\"}]},{\"@type\":\"WebSite\",\"@id\":\"https:\/\/www.skamet.ee\/#website\",\"url\":\"https:\/\/www.skamet.ee\/\",\"name\":\"Skamet O\u00dc\",\"description\":\"Efektiivsed puuk\u00fcttega saunaahjud Eesti tootjalt\",\"publisher\":{\"@id\":\"https:\/\/www.skamet.ee\/#organization\"},\"potentialAction\":[{\"@type\":\"SearchAction\",\"target\":{\"@type\":\"EntryPoint\",\"urlTemplate\":\"https:\/\/www.skamet.ee\/?s={search_term_string}\"},\"query-input\":{\"@type\":\"PropertyValueSpecification\",\"valueRequired\":true,\"valueName\":\"search_term_string\"}}],\"inLanguage\":\"fi\"},{\"@type\":\"Organization\",\"@id\":\"https:\/\/www.skamet.ee\/#organization\",\"name\":\"Skamet\",\"url\":\"https:\/\/www.skamet.ee\/\",\"logo\":{\"@type\":\"ImageObject\",\"inLanguage\":\"fi\",\"@id\":\"https:\/\/www.skamet.ee\/#\/schema\/logo\/image\/\",\"url\":\"https:\/\/www.skamet.ee\/wp-content\/uploads\/2015\/05\/logo-uus.png\",\"contentUrl\":\"https:\/\/www.skamet.ee\/wp-content\/uploads\/2015\/05\/logo-uus.png\",\"width\":300,\"height\":127,\"caption\":\"Skamet\"},\"image\":{\"@id\":\"https:\/\/www.skamet.ee\/#\/schema\/logo\/image\/\"}}]}<\/script>\n<!-- \/ Yoast SEO plugin. -->","yoast_head_json":{"title":"Avattu vedenl\u00e4mmitin savuputken ymp\u00e4rille - Skamet O\u00dc","robots":{"index":"index","follow":"follow","max-snippet":"max-snippet:-1","max-image-preview":"max-image-preview:large","max-video-preview":"max-video-preview:-1"},"canonical":"https:\/\/www.skamet.ee\/fi\/tooted\/avattu-vedenlammitin-savuputken-ymparille\/","og_locale":"fi_FI","og_type":"article","og_title":"Avattu vedenl\u00e4mmitin savuputken ymp\u00e4rille - Skamet O\u00dc","og_description":"Valmistetaan yksimittaisia kuumavesis\u00e4ili\u00f6it\u00e4: Avattu vedenl\u00e4mmitin on savuputken ymp\u00e4rille laitettava s\u00e4ili\u00f6, jonka t\u00e4ytt\u00e4misen yhteydess\u00e4 saadaan l\u00e4mmint\u00e4 l\u00f6ylyvett\u00e4. Vesi l\u00e4mpenee uunin l\u00e4mmityksen","og_url":"https:\/\/www.skamet.ee\/fi\/tooted\/avattu-vedenlammitin-savuputken-ymparille\/","og_site_name":"Skamet O\u00dc","og_image":[{"width":1708,"height":2560,"url":"https:\/\/www.skamet.ee\/wp-content\/uploads\/2021\/04\/BOT-25_Valge-scaled.jpg","type":"image\/jpeg"}],"twitter_card":"summary_large_image","twitter_misc":{"Arvioitu lukuaika":"1 minuutti"},"schema":{"@context":"https:\/\/schema.org","@graph":[{"@type":"WebPage","@id":"https:\/\/www.skamet.ee\/fi\/tooted\/avattu-vedenlammitin-savuputken-ymparille\/","url":"https:\/\/www.skamet.ee\/fi\/tooted\/avattu-vedenlammitin-savuputken-ymparille\/","name":"Avattu vedenl\u00e4mmitin savuputken ymp\u00e4rille - Skamet O\u00dc","isPartOf":{"@id":"https:\/\/www.skamet.ee\/#website"},"primaryImageOfPage":{"@id":"https:\/\/www.skamet.ee\/fi\/tooted\/avattu-vedenlammitin-savuputken-ymparille\/#primaryimage"},"image":{"@id":"https:\/\/www.skamet.ee\/fi\/tooted\/avattu-vedenlammitin-savuputken-ymparille\/#primaryimage"},"thumbnailUrl":"https:\/\/www.skamet.ee\/wp-content\/uploads\/2021\/04\/BOT-25_Valge-scaled.jpg","datePublished":"2021-04-05T11:40:58+00:00","breadcrumb":{"@id":"https:\/\/www.skamet.ee\/fi\/tooted\/avattu-vedenlammitin-savuputken-ymparille\/#breadcrumb"},"inLanguage":"fi","potentialAction":[{"@type":"ReadAction","target":["https:\/\/www.skamet.ee\/fi\/tooted\/avattu-vedenlammitin-savuputken-ymparille\/"]}]},{"@type":"ImageObject","inLanguage":"fi","@id":"https:\/\/www.skamet.ee\/fi\/tooted\/avattu-vedenlammitin-savuputken-ymparille\/#primaryimage","url":"https:\/\/www.skamet.ee\/wp-content\/uploads\/2021\/04\/BOT-25_Valge-scaled.jpg","contentUrl":"https:\/\/www.skamet.ee\/wp-content\/uploads\/2021\/04\/BOT-25_Valge-scaled.jpg","width":1708,"height":2560,"caption":"BOT 25 Valge scaled"},{"@type":"BreadcrumbList","@id":"https:\/\/www.skamet.ee\/fi\/tooted\/avattu-vedenlammitin-savuputken-ymparille\/#breadcrumb","itemListElement":[{"@type":"ListItem","position":1,"name":"Home","item":"https:\/\/www.skamet.ee\/fi\/"},{"@type":"ListItem","position":2,"name":"Tuotteet","item":"https:\/\/www.skamet.ee\/fi\/shop-2\/"},{"@type":"ListItem","position":3,"name":"Avattu vedenl\u00e4mmitin savuputken ymp\u00e4rille"}]},{"@type":"WebSite","@id":"https:\/\/www.skamet.ee\/#website","url":"https:\/\/www.skamet.ee\/","name":"Skamet O\u00dc","description":"Efektiivsed puuk\u00fcttega saunaahjud Eesti tootjalt","publisher":{"@id":"https:\/\/www.skamet.ee\/#organization"},"potentialAction":[{"@type":"SearchAction","target":{"@type":"EntryPoint","urlTemplate":"https:\/\/www.skamet.ee\/?s={search_term_string}"},"query-input":{"@type":"PropertyValueSpecification","valueRequired":true,"valueName":"search_term_string"}}],"inLanguage":"fi"},{"@type":"Organization","@id":"https:\/\/www.skamet.ee\/#organization","name":"Skamet","url":"https:\/\/www.skamet.ee\/","logo":{"@type":"ImageObject","inLanguage":"fi","@id":"https:\/\/www.skamet.ee\/#\/schema\/logo\/image\/","url":"https:\/\/www.skamet.ee\/wp-content\/uploads\/2015\/05\/logo-uus.png","contentUrl":"https:\/\/www.skamet.ee\/wp-content\/uploads\/2015\/05\/logo-uus.png","width":300,"height":127,"caption":"Skamet"},"image":{"@id":"https:\/\/www.skamet.ee\/#\/schema\/logo\/image\/"}}]}},"_links":{"self":[{"href":"https:\/\/www.skamet.ee\/fi\/wp-json\/wp\/v2\/product\/42077","targetHints":{"allow":["GET"]}}],"collection":[{"href":"https:\/\/www.skamet.ee\/fi\/wp-json\/wp\/v2\/product"}],"about":[{"href":"https:\/\/www.skamet.ee\/fi\/wp-json\/wp\/v2\/types\/product"}],"version-history":[{"count":0,"href":"https:\/\/www.skamet.ee\/fi\/wp-json\/wp\/v2\/product\/42077\/revisions"}],"wp:featuredmedia":[{"embeddable":true,"href":"https:\/\/www.skamet.ee\/fi\/wp-json\/wp\/v2\/media\/47699"}],"wp:attachment":[{"href":"https:\/\/www.skamet.ee\/fi\/wp-json\/wp\/v2\/media?parent=42077"}],"wp:term":[{"taxonomy":"product_brand","embeddable":true,"href":"https:\/\/www.skamet.ee\/fi\/wp-json\/wp\/v2\/product_brand?post=42077"},{"taxonomy":"product_cat","embeddable":true,"href":"https:\/\/www.skamet.ee\/fi\/wp-json\/wp\/v2\/product_cat?post=42077"},{"taxonomy":"product_tag","embeddable":true,"href":"https:\/\/www.skamet.ee\/fi\/wp-json\/wp\/v2\/product_tag?post=42077"}],"curies":[{"name":"wp","href":"https:\/\/api.w.org\/{rel}","templated":true}]}}