{"id":42358,"date":"2021-03-24T11:07:16","date_gmt":"2021-03-24T09:07:16","guid":{"rendered":"https:\/\/uus.skamet.ee\/tooted\/Ei-luokiteltu\/savuputket-2\/"},"modified":"2021-05-25T15:15:25","modified_gmt":"2021-05-25T12:15:25","slug":"savuputket-2","status":"publish","type":"product","link":"https:\/\/www.skamet.ee\/fi\/tooted\/savuputket-2\/","title":{"rendered":"Savuputket"},"content":{"rendered":"<p>Skamet O\u00dc valmistaa eri halkaisijalla ja \u2013mittaisia yksisein\u00e4isi\u00e4 savuputkia. Suorien putkien lis\u00e4ksi valmistamme savuputken mutkia ja \u2013peltej\u00e4 sek\u00e4 saunauuneille ett\u00e4 takoille. Vakiotuotteiden sein\u00e4n paksuus on 1,2 mm. Voidaan valmistaa my\u00f6s paksummasta materiaalista. Kaikki savuputket ovat mustaa metallia. Tuotevalikoimastamme l\u00f6ytyy erilaisia koristelistoja ja savuputken verkkoja, jotka laitetaan savuputken ymp\u00e4rille.<\/p>\n","protected":false},"excerpt":{"rendered":"<p>Skamet O\u00dc valmistaa eri halkaisijalla ja \u2013mittaisia yksisein\u00e4isi\u00e4 savuputkia. Suorien putkien lis\u00e4ksi valmistamme savuputken mutkia ja \u2013peltej\u00e4 sek\u00e4 saunauuneille ett\u00e4<\/p>\n","protected":false},"featured_media":39657,"template":"","meta":{"_lmt_disableupdate":"","_lmt_disable":""},"product_brand":[],"product_cat":[305],"product_tag":[],"class_list":{"0":"post-42358","1":"product","2":"type-product","3":"status-publish","4":"has-post-thumbnail","6":"product_cat-puukiuas","8":"first","9":"instock","10":"shipping-taxable","11":"product-type-simple"},"yoast_head":"<!-- This site is optimized with the Yoast SEO plugin v27.0 - https:\/\/yoast.com\/product\/yoast-seo-wordpress\/ -->\n<title>Savuputket - Skamet O\u00dc<\/title>\n<meta name=\"robots\" content=\"index, follow, max-snippet:-1, max-image-preview:large, max-video-preview:-1\" \/>\n<link rel=\"canonical\" href=\"https:\/\/www.skamet.ee\/tooted\/suitsutorud\/\" \/>\n<meta property=\"og:locale\" content=\"fi_FI\" \/>\n<meta property=\"og:type\" content=\"article\" \/>\n<meta property=\"og:title\" content=\"Savuputket - Skamet O\u00dc\" \/>\n<meta property=\"og:description\" content=\"Skamet O\u00dc valmistaa eri halkaisijalla ja \u2013mittaisia yksisein\u00e4isi\u00e4 savuputkia. Suorien putkien lis\u00e4ksi valmistamme savuputken mutkia ja \u2013peltej\u00e4 sek\u00e4 saunauuneille ett\u00e4\" \/>\n<meta property=\"og:url\" content=\"https:\/\/www.skamet.ee\/tooted\/suitsutorud\/\" \/>\n<meta property=\"og:site_name\" content=\"Skamet O\u00dc\" \/>\n<meta property=\"article:modified_time\" content=\"2021-05-25T12:15:25+00:00\" \/>\n<meta property=\"og:image\" content=\"https:\/\/www.skamet.ee\/wp-content\/uploads\/2021\/03\/suitsutoru.jpg\" \/>\n\t<meta property=\"og:image:width\" content=\"1024\" \/>\n\t<meta property=\"og:image:height\" content=\"1535\" \/>\n\t<meta property=\"og:image:type\" content=\"image\/jpeg\" \/>\n<meta name=\"twitter:card\" content=\"summary_large_image\" \/>\n<script type=\"application\/ld+json\" class=\"yoast-schema-graph\">{\"@context\":\"https:\/\/schema.org\",\"@graph\":[{\"@type\":\"WebPage\",\"@id\":\"https:\/\/www.skamet.ee\/tooted\/suitsutorud\/\",\"url\":\"https:\/\/www.skamet.ee\/tooted\/suitsutorud\/\",\"name\":\"Savuputket - Skamet O\u00dc\",\"isPartOf\":{\"@id\":\"https:\/\/www.skamet.ee\/#website\"},\"primaryImageOfPage\":{\"@id\":\"https:\/\/www.skamet.ee\/tooted\/suitsutorud\/#primaryimage\"},\"image\":{\"@id\":\"https:\/\/www.skamet.ee\/tooted\/suitsutorud\/#primaryimage\"},\"thumbnailUrl\":\"https:\/\/www.skamet.ee\/wp-content\/uploads\/2021\/03\/suitsutoru.jpg\",\"datePublished\":\"2021-03-24T09:07:16+00:00\",\"dateModified\":\"2021-05-25T12:15:25+00:00\",\"breadcrumb\":{\"@id\":\"https:\/\/www.skamet.ee\/tooted\/suitsutorud\/#breadcrumb\"},\"inLanguage\":\"fi\",\"potentialAction\":[{\"@type\":\"ReadAction\",\"target\":[\"https:\/\/www.skamet.ee\/tooted\/suitsutorud\/\"]}]},{\"@type\":\"ImageObject\",\"inLanguage\":\"fi\",\"@id\":\"https:\/\/www.skamet.ee\/tooted\/suitsutorud\/#primaryimage\",\"url\":\"https:\/\/www.skamet.ee\/wp-content\/uploads\/2021\/03\/suitsutoru.jpg\",\"contentUrl\":\"https:\/\/www.skamet.ee\/wp-content\/uploads\/2021\/03\/suitsutoru.jpg\",\"width\":1024,\"height\":1535,\"caption\":\"suitsutoru\"},{\"@type\":\"BreadcrumbList\",\"@id\":\"https:\/\/www.skamet.ee\/tooted\/suitsutorud\/#breadcrumb\",\"itemListElement\":[{\"@type\":\"ListItem\",\"position\":1,\"name\":\"Home\",\"item\":\"https:\/\/www.skamet.ee\/fi\/\"},{\"@type\":\"ListItem\",\"position\":2,\"name\":\"Tuotteet\",\"item\":\"https:\/\/www.skamet.ee\/fi\/shop-2\/\"},{\"@type\":\"ListItem\",\"position\":3,\"name\":\"Savuputket\"}]},{\"@type\":\"WebSite\",\"@id\":\"https:\/\/www.skamet.ee\/#website\",\"url\":\"https:\/\/www.skamet.ee\/\",\"name\":\"Skamet O\u00dc\",\"description\":\"Efektiivsed puuk\u00fcttega saunaahjud Eesti tootjalt\",\"publisher\":{\"@id\":\"https:\/\/www.skamet.ee\/#organization\"},\"potentialAction\":[{\"@type\":\"SearchAction\",\"target\":{\"@type\":\"EntryPoint\",\"urlTemplate\":\"https:\/\/www.skamet.ee\/?s={search_term_string}\"},\"query-input\":{\"@type\":\"PropertyValueSpecification\",\"valueRequired\":true,\"valueName\":\"search_term_string\"}}],\"inLanguage\":\"fi\"},{\"@type\":\"Organization\",\"@id\":\"https:\/\/www.skamet.ee\/#organization\",\"name\":\"Skamet\",\"url\":\"https:\/\/www.skamet.ee\/\",\"logo\":{\"@type\":\"ImageObject\",\"inLanguage\":\"fi\",\"@id\":\"https:\/\/www.skamet.ee\/#\/schema\/logo\/image\/\",\"url\":\"https:\/\/www.skamet.ee\/wp-content\/uploads\/2015\/05\/logo-uus.png\",\"contentUrl\":\"https:\/\/www.skamet.ee\/wp-content\/uploads\/2015\/05\/logo-uus.png\",\"width\":300,\"height\":127,\"caption\":\"Skamet\"},\"image\":{\"@id\":\"https:\/\/www.skamet.ee\/#\/schema\/logo\/image\/\"}}]}<\/script>\n<!-- \/ Yoast SEO plugin. -->","yoast_head_json":{"title":"Savuputket - Skamet O\u00dc","robots":{"index":"index","follow":"follow","max-snippet":"max-snippet:-1","max-image-preview":"max-image-preview:large","max-video-preview":"max-video-preview:-1"},"canonical":"https:\/\/www.skamet.ee\/tooted\/suitsutorud\/","og_locale":"fi_FI","og_type":"article","og_title":"Savuputket - Skamet O\u00dc","og_description":"Skamet O\u00dc valmistaa eri halkaisijalla ja \u2013mittaisia yksisein\u00e4isi\u00e4 savuputkia. Suorien putkien lis\u00e4ksi valmistamme savuputken mutkia ja \u2013peltej\u00e4 sek\u00e4 saunauuneille ett\u00e4","og_url":"https:\/\/www.skamet.ee\/tooted\/suitsutorud\/","og_site_name":"Skamet O\u00dc","article_modified_time":"2021-05-25T12:15:25+00:00","og_image":[{"width":1024,"height":1535,"url":"https:\/\/www.skamet.ee\/wp-content\/uploads\/2021\/03\/suitsutoru.jpg","type":"image\/jpeg"}],"twitter_card":"summary_large_image","schema":{"@context":"https:\/\/schema.org","@graph":[{"@type":"WebPage","@id":"https:\/\/www.skamet.ee\/tooted\/suitsutorud\/","url":"https:\/\/www.skamet.ee\/tooted\/suitsutorud\/","name":"Savuputket - Skamet O\u00dc","isPartOf":{"@id":"https:\/\/www.skamet.ee\/#website"},"primaryImageOfPage":{"@id":"https:\/\/www.skamet.ee\/tooted\/suitsutorud\/#primaryimage"},"image":{"@id":"https:\/\/www.skamet.ee\/tooted\/suitsutorud\/#primaryimage"},"thumbnailUrl":"https:\/\/www.skamet.ee\/wp-content\/uploads\/2021\/03\/suitsutoru.jpg","datePublished":"2021-03-24T09:07:16+00:00","dateModified":"2021-05-25T12:15:25+00:00","breadcrumb":{"@id":"https:\/\/www.skamet.ee\/tooted\/suitsutorud\/#breadcrumb"},"inLanguage":"fi","potentialAction":[{"@type":"ReadAction","target":["https:\/\/www.skamet.ee\/tooted\/suitsutorud\/"]}]},{"@type":"ImageObject","inLanguage":"fi","@id":"https:\/\/www.skamet.ee\/tooted\/suitsutorud\/#primaryimage","url":"https:\/\/www.skamet.ee\/wp-content\/uploads\/2021\/03\/suitsutoru.jpg","contentUrl":"https:\/\/www.skamet.ee\/wp-content\/uploads\/2021\/03\/suitsutoru.jpg","width":1024,"height":1535,"caption":"suitsutoru"},{"@type":"BreadcrumbList","@id":"https:\/\/www.skamet.ee\/tooted\/suitsutorud\/#breadcrumb","itemListElement":[{"@type":"ListItem","position":1,"name":"Home","item":"https:\/\/www.skamet.ee\/fi\/"},{"@type":"ListItem","position":2,"name":"Tuotteet","item":"https:\/\/www.skamet.ee\/fi\/shop-2\/"},{"@type":"ListItem","position":3,"name":"Savuputket"}]},{"@type":"WebSite","@id":"https:\/\/www.skamet.ee\/#website","url":"https:\/\/www.skamet.ee\/","name":"Skamet O\u00dc","description":"Efektiivsed puuk\u00fcttega saunaahjud Eesti tootjalt","publisher":{"@id":"https:\/\/www.skamet.ee\/#organization"},"potentialAction":[{"@type":"SearchAction","target":{"@type":"EntryPoint","urlTemplate":"https:\/\/www.skamet.ee\/?s={search_term_string}"},"query-input":{"@type":"PropertyValueSpecification","valueRequired":true,"valueName":"search_term_string"}}],"inLanguage":"fi"},{"@type":"Organization","@id":"https:\/\/www.skamet.ee\/#organization","name":"Skamet","url":"https:\/\/www.skamet.ee\/","logo":{"@type":"ImageObject","inLanguage":"fi","@id":"https:\/\/www.skamet.ee\/#\/schema\/logo\/image\/","url":"https:\/\/www.skamet.ee\/wp-content\/uploads\/2015\/05\/logo-uus.png","contentUrl":"https:\/\/www.skamet.ee\/wp-content\/uploads\/2015\/05\/logo-uus.png","width":300,"height":127,"caption":"Skamet"},"image":{"@id":"https:\/\/www.skamet.ee\/#\/schema\/logo\/image\/"}}]}},"_links":{"self":[{"href":"https:\/\/www.skamet.ee\/fi\/wp-json\/wp\/v2\/product\/42358","targetHints":{"allow":["GET"]}}],"collection":[{"href":"https:\/\/www.skamet.ee\/fi\/wp-json\/wp\/v2\/product"}],"about":[{"href":"https:\/\/www.skamet.ee\/fi\/wp-json\/wp\/v2\/types\/product"}],"version-history":[{"count":1,"href":"https:\/\/www.skamet.ee\/fi\/wp-json\/wp\/v2\/product\/42358\/revisions"}],"predecessor-version":[{"id":42361,"href":"https:\/\/www.skamet.ee\/fi\/wp-json\/wp\/v2\/product\/42358\/revisions\/42361"}],"wp:featuredmedia":[{"embeddable":true,"href":"https:\/\/www.skamet.ee\/fi\/wp-json\/wp\/v2\/media\/39657"}],"wp:attachment":[{"href":"https:\/\/www.skamet.ee\/fi\/wp-json\/wp\/v2\/media?parent=42358"}],"wp:term":[{"taxonomy":"product_brand","embeddable":true,"href":"https:\/\/www.skamet.ee\/fi\/wp-json\/wp\/v2\/product_brand?post=42358"},{"taxonomy":"product_cat","embeddable":true,"href":"https:\/\/www.skamet.ee\/fi\/wp-json\/wp\/v2\/product_cat?post=42358"},{"taxonomy":"product_tag","embeddable":true,"href":"https:\/\/www.skamet.ee\/fi\/wp-json\/wp\/v2\/product_tag?post=42358"}],"curies":[{"name":"wp","href":"https:\/\/api.w.org\/{rel}","templated":true}]}}