{"id":42372,"date":"2021-03-11T11:28:01","date_gmt":"2021-03-11T09:28:01","guid":{"rendered":"https:\/\/uus.skamet.ee\/tooted\/Ei-luokiteltu\/puukiuas-metallirungolla-2\/"},"modified":"2021-03-11T11:28:01","modified_gmt":"2021-03-11T09:28:01","slug":"puukiuas-metallirungolla-2","status":"publish","type":"product","link":"https:\/\/www.skamet.ee\/fi\/tooted\/puukiuas-metallirungolla-2\/","title":{"rendered":"Puukiuas metallirungolla"},"content":{"rendered":"<p>Metallirungolla puukiuas on valmistettu P\u00e4rnussa 1980-luvun keskelt\u00e4. Alussa niit\u00e4 valmisti H\u00e4rma Metall. Vuodesta 2006 valmistajana toimii SKAMET. Mik\u00e4li saunalauteiden ja mallin mittojen mukaan valitaan oikea puukias (ilman kuumavesis\u00e4ili\u00f6t\u00e4), on l\u00e4mmitysaika noin 30-45 minuuttia (kuumavesis\u00e4ili\u00f6ll\u00e4 aika pitenee koon mukaan). Sill\u00e4 pit\u00e4isi onnistua 100-asteen saavuttaminen lauteilla. T\u00e4rke\u00e4 on my\u00f6s oikea tuloilman j\u00e4rjest\u00e4minen sek\u00e4 poistoilman poistuminen.<\/p>\n","protected":false},"excerpt":{"rendered":"<p>Metallirungolla puukiuas on valmistettu P\u00e4rnussa 1980-luvun keskelt\u00e4. Alussa niit\u00e4 valmisti H\u00e4rma Metall. Vuodesta 2006 valmistajana toimii SKAMET. Mik\u00e4li saunalauteiden ja<\/p>\n","protected":false},"featured_media":39508,"template":"","meta":{"_lmt_disableupdate":"","_lmt_disable":""},"product_brand":[],"product_cat":[305],"product_tag":[],"class_list":{"0":"post-42372","1":"product","2":"type-product","3":"status-publish","4":"has-post-thumbnail","6":"product_cat-puukiuas","7":"pa_ahju-korgus-73-cm-fi","8":"pa_ahju-korgus-81-cm-fi","9":"pa_ahju-laius-43-cm-fi","10":"pa_ahju-sugavus-51-cm-fi","11":"pa_kivide-hulk-40-kg-fi","12":"pa_kivide-hulk-50-kg-fi","13":"pa_koetav-ruumala-16-m-25-m-fi","14":"pa_koetav-ruumala-8-m-18-m-fi","15":"pa_mudel-p-116-fi","16":"pa_mudel-p-120-fi","18":"first","19":"instock","20":"shipping-taxable","21":"product-type-simple"},"yoast_head":"<!-- This site is optimized with the Yoast SEO plugin v27.0 - https:\/\/yoast.com\/product\/yoast-seo-wordpress\/ -->\n<title>Puukiuas metallirungolla - Skamet O\u00dc<\/title>\n<meta name=\"robots\" content=\"index, follow, max-snippet:-1, max-image-preview:large, max-video-preview:-1\" \/>\n<link rel=\"canonical\" href=\"https:\/\/www.skamet.ee\/fi\/tooted\/puukiuas-metallirungolla-2\/\" \/>\n<meta property=\"og:locale\" content=\"fi_FI\" \/>\n<meta property=\"og:type\" content=\"article\" \/>\n<meta property=\"og:title\" content=\"Puukiuas metallirungolla - Skamet O\u00dc\" \/>\n<meta property=\"og:description\" content=\"Metallirungolla puukiuas on valmistettu P\u00e4rnussa 1980-luvun keskelt\u00e4. Alussa niit\u00e4 valmisti H\u00e4rma Metall. Vuodesta 2006 valmistajana toimii SKAMET. Mik\u00e4li saunalauteiden ja\" \/>\n<meta property=\"og:url\" content=\"https:\/\/www.skamet.ee\/fi\/tooted\/puukiuas-metallirungolla-2\/\" \/>\n<meta property=\"og:site_name\" content=\"Skamet O\u00dc\" \/>\n<meta property=\"og:image\" content=\"https:\/\/www.skamet.ee\/wp-content\/uploads\/2021\/03\/P-116P-120-e1615455292633.jpg\" \/>\n\t<meta property=\"og:image:width\" content=\"1024\" \/>\n\t<meta property=\"og:image:height\" content=\"993\" \/>\n\t<meta property=\"og:image:type\" content=\"image\/jpeg\" \/>\n<meta name=\"twitter:card\" content=\"summary_large_image\" \/>\n<script type=\"application\/ld+json\" class=\"yoast-schema-graph\">{\"@context\":\"https:\/\/schema.org\",\"@graph\":[{\"@type\":\"WebPage\",\"@id\":\"https:\/\/www.skamet.ee\/fi\/tooted\/puukiuas-metallirungolla-2\/\",\"url\":\"https:\/\/www.skamet.ee\/fi\/tooted\/puukiuas-metallirungolla-2\/\",\"name\":\"Puukiuas metallirungolla - Skamet O\u00dc\",\"isPartOf\":{\"@id\":\"https:\/\/www.skamet.ee\/#website\"},\"primaryImageOfPage\":{\"@id\":\"https:\/\/www.skamet.ee\/fi\/tooted\/puukiuas-metallirungolla-2\/#primaryimage\"},\"image\":{\"@id\":\"https:\/\/www.skamet.ee\/fi\/tooted\/puukiuas-metallirungolla-2\/#primaryimage\"},\"thumbnailUrl\":\"https:\/\/www.skamet.ee\/wp-content\/uploads\/2021\/03\/P-116P-120-e1615455292633.jpg\",\"datePublished\":\"2021-03-11T09:28:01+00:00\",\"breadcrumb\":{\"@id\":\"https:\/\/www.skamet.ee\/fi\/tooted\/puukiuas-metallirungolla-2\/#breadcrumb\"},\"inLanguage\":\"fi\",\"potentialAction\":[{\"@type\":\"ReadAction\",\"target\":[\"https:\/\/www.skamet.ee\/fi\/tooted\/puukiuas-metallirungolla-2\/\"]}]},{\"@type\":\"ImageObject\",\"inLanguage\":\"fi\",\"@id\":\"https:\/\/www.skamet.ee\/fi\/tooted\/puukiuas-metallirungolla-2\/#primaryimage\",\"url\":\"https:\/\/www.skamet.ee\/wp-content\/uploads\/2021\/03\/P-116P-120-e1615455292633.jpg\",\"contentUrl\":\"https:\/\/www.skamet.ee\/wp-content\/uploads\/2021\/03\/P-116P-120-e1615455292633.jpg\",\"width\":1024,\"height\":993,\"caption\":\"P 116P 120 e1615455292633\"},{\"@type\":\"BreadcrumbList\",\"@id\":\"https:\/\/www.skamet.ee\/fi\/tooted\/puukiuas-metallirungolla-2\/#breadcrumb\",\"itemListElement\":[{\"@type\":\"ListItem\",\"position\":1,\"name\":\"Home\",\"item\":\"https:\/\/www.skamet.ee\/fi\/\"},{\"@type\":\"ListItem\",\"position\":2,\"name\":\"Tuotteet\",\"item\":\"https:\/\/www.skamet.ee\/fi\/shop-2\/\"},{\"@type\":\"ListItem\",\"position\":3,\"name\":\"Puukiuas metallirungolla\"}]},{\"@type\":\"WebSite\",\"@id\":\"https:\/\/www.skamet.ee\/#website\",\"url\":\"https:\/\/www.skamet.ee\/\",\"name\":\"Skamet O\u00dc\",\"description\":\"Efektiivsed puuk\u00fcttega saunaahjud Eesti tootjalt\",\"publisher\":{\"@id\":\"https:\/\/www.skamet.ee\/#organization\"},\"potentialAction\":[{\"@type\":\"SearchAction\",\"target\":{\"@type\":\"EntryPoint\",\"urlTemplate\":\"https:\/\/www.skamet.ee\/?s={search_term_string}\"},\"query-input\":{\"@type\":\"PropertyValueSpecification\",\"valueRequired\":true,\"valueName\":\"search_term_string\"}}],\"inLanguage\":\"fi\"},{\"@type\":\"Organization\",\"@id\":\"https:\/\/www.skamet.ee\/#organization\",\"name\":\"Skamet\",\"url\":\"https:\/\/www.skamet.ee\/\",\"logo\":{\"@type\":\"ImageObject\",\"inLanguage\":\"fi\",\"@id\":\"https:\/\/www.skamet.ee\/#\/schema\/logo\/image\/\",\"url\":\"https:\/\/www.skamet.ee\/wp-content\/uploads\/2015\/05\/logo-uus.png\",\"contentUrl\":\"https:\/\/www.skamet.ee\/wp-content\/uploads\/2015\/05\/logo-uus.png\",\"width\":300,\"height\":127,\"caption\":\"Skamet\"},\"image\":{\"@id\":\"https:\/\/www.skamet.ee\/#\/schema\/logo\/image\/\"}}]}<\/script>\n<!-- \/ Yoast SEO plugin. -->","yoast_head_json":{"title":"Puukiuas metallirungolla - Skamet O\u00dc","robots":{"index":"index","follow":"follow","max-snippet":"max-snippet:-1","max-image-preview":"max-image-preview:large","max-video-preview":"max-video-preview:-1"},"canonical":"https:\/\/www.skamet.ee\/fi\/tooted\/puukiuas-metallirungolla-2\/","og_locale":"fi_FI","og_type":"article","og_title":"Puukiuas metallirungolla - Skamet O\u00dc","og_description":"Metallirungolla puukiuas on valmistettu P\u00e4rnussa 1980-luvun keskelt\u00e4. Alussa niit\u00e4 valmisti H\u00e4rma Metall. Vuodesta 2006 valmistajana toimii SKAMET. Mik\u00e4li saunalauteiden ja","og_url":"https:\/\/www.skamet.ee\/fi\/tooted\/puukiuas-metallirungolla-2\/","og_site_name":"Skamet O\u00dc","og_image":[{"width":1024,"height":993,"url":"https:\/\/www.skamet.ee\/wp-content\/uploads\/2021\/03\/P-116P-120-e1615455292633.jpg","type":"image\/jpeg"}],"twitter_card":"summary_large_image","schema":{"@context":"https:\/\/schema.org","@graph":[{"@type":"WebPage","@id":"https:\/\/www.skamet.ee\/fi\/tooted\/puukiuas-metallirungolla-2\/","url":"https:\/\/www.skamet.ee\/fi\/tooted\/puukiuas-metallirungolla-2\/","name":"Puukiuas metallirungolla - Skamet O\u00dc","isPartOf":{"@id":"https:\/\/www.skamet.ee\/#website"},"primaryImageOfPage":{"@id":"https:\/\/www.skamet.ee\/fi\/tooted\/puukiuas-metallirungolla-2\/#primaryimage"},"image":{"@id":"https:\/\/www.skamet.ee\/fi\/tooted\/puukiuas-metallirungolla-2\/#primaryimage"},"thumbnailUrl":"https:\/\/www.skamet.ee\/wp-content\/uploads\/2021\/03\/P-116P-120-e1615455292633.jpg","datePublished":"2021-03-11T09:28:01+00:00","breadcrumb":{"@id":"https:\/\/www.skamet.ee\/fi\/tooted\/puukiuas-metallirungolla-2\/#breadcrumb"},"inLanguage":"fi","potentialAction":[{"@type":"ReadAction","target":["https:\/\/www.skamet.ee\/fi\/tooted\/puukiuas-metallirungolla-2\/"]}]},{"@type":"ImageObject","inLanguage":"fi","@id":"https:\/\/www.skamet.ee\/fi\/tooted\/puukiuas-metallirungolla-2\/#primaryimage","url":"https:\/\/www.skamet.ee\/wp-content\/uploads\/2021\/03\/P-116P-120-e1615455292633.jpg","contentUrl":"https:\/\/www.skamet.ee\/wp-content\/uploads\/2021\/03\/P-116P-120-e1615455292633.jpg","width":1024,"height":993,"caption":"P 116P 120 e1615455292633"},{"@type":"BreadcrumbList","@id":"https:\/\/www.skamet.ee\/fi\/tooted\/puukiuas-metallirungolla-2\/#breadcrumb","itemListElement":[{"@type":"ListItem","position":1,"name":"Home","item":"https:\/\/www.skamet.ee\/fi\/"},{"@type":"ListItem","position":2,"name":"Tuotteet","item":"https:\/\/www.skamet.ee\/fi\/shop-2\/"},{"@type":"ListItem","position":3,"name":"Puukiuas metallirungolla"}]},{"@type":"WebSite","@id":"https:\/\/www.skamet.ee\/#website","url":"https:\/\/www.skamet.ee\/","name":"Skamet O\u00dc","description":"Efektiivsed puuk\u00fcttega saunaahjud Eesti tootjalt","publisher":{"@id":"https:\/\/www.skamet.ee\/#organization"},"potentialAction":[{"@type":"SearchAction","target":{"@type":"EntryPoint","urlTemplate":"https:\/\/www.skamet.ee\/?s={search_term_string}"},"query-input":{"@type":"PropertyValueSpecification","valueRequired":true,"valueName":"search_term_string"}}],"inLanguage":"fi"},{"@type":"Organization","@id":"https:\/\/www.skamet.ee\/#organization","name":"Skamet","url":"https:\/\/www.skamet.ee\/","logo":{"@type":"ImageObject","inLanguage":"fi","@id":"https:\/\/www.skamet.ee\/#\/schema\/logo\/image\/","url":"https:\/\/www.skamet.ee\/wp-content\/uploads\/2015\/05\/logo-uus.png","contentUrl":"https:\/\/www.skamet.ee\/wp-content\/uploads\/2015\/05\/logo-uus.png","width":300,"height":127,"caption":"Skamet"},"image":{"@id":"https:\/\/www.skamet.ee\/#\/schema\/logo\/image\/"}}]}},"_links":{"self":[{"href":"https:\/\/www.skamet.ee\/fi\/wp-json\/wp\/v2\/product\/42372","targetHints":{"allow":["GET"]}}],"collection":[{"href":"https:\/\/www.skamet.ee\/fi\/wp-json\/wp\/v2\/product"}],"about":[{"href":"https:\/\/www.skamet.ee\/fi\/wp-json\/wp\/v2\/types\/product"}],"version-history":[{"count":0,"href":"https:\/\/www.skamet.ee\/fi\/wp-json\/wp\/v2\/product\/42372\/revisions"}],"wp:featuredmedia":[{"embeddable":true,"href":"https:\/\/www.skamet.ee\/fi\/wp-json\/wp\/v2\/media\/39508"}],"wp:attachment":[{"href":"https:\/\/www.skamet.ee\/fi\/wp-json\/wp\/v2\/media?parent=42372"}],"wp:term":[{"taxonomy":"product_brand","embeddable":true,"href":"https:\/\/www.skamet.ee\/fi\/wp-json\/wp\/v2\/product_brand?post=42372"},{"taxonomy":"product_cat","embeddable":true,"href":"https:\/\/www.skamet.ee\/fi\/wp-json\/wp\/v2\/product_cat?post=42372"},{"taxonomy":"product_tag","embeddable":true,"href":"https:\/\/www.skamet.ee\/fi\/wp-json\/wp\/v2\/product_tag?post=42372"}],"curies":[{"name":"wp","href":"https:\/\/api.w.org\/{rel}","templated":true}]}}