{"id":42378,"date":"2017-06-22T09:11:07","date_gmt":"2017-06-22T06:11:07","guid":{"rendered":"https:\/\/uus.skamet.ee\/tooted\/Ei-luokiteltu\/mini\/"},"modified":"2022-03-23T14:41:30","modified_gmt":"2022-03-23T12:41:30","slug":"mini","status":"publish","type":"product","link":"https:\/\/www.skamet.ee\/fi\/tooted\/mini\/","title":{"rendered":"Mini kiuas"},"content":{"rendered":"<p>PS -sarjan mallit on tarkoitettu k\u00e4ytett\u00e4v\u00e4ksi pienten saunojen ja tynnyrisaunojen l\u00e4mmitykseen. Kiukaassa on kolme\u00a0<strong>kaksinkertaista sein\u00e4m\u00e4\u00e4<\/strong>\u00a0(sivulla ja takana), joiden avulla turvaet\u00e4isyydet ovat puolet pienemm\u00e4t kuin P-sarjan kiukaissa (suojaet\u00e4isyydet k\u00e4ytt\u00f6ohjeessa)<\/p>\n<p>Kiuas (<strong>malli PS-110<\/strong>), 5-12 m\u00b3 kokoiseen saunaan. Kiukaan korkeus 60 cm. Kivim\u00e4\u00e4r\u00e4 20 kg.<br \/>\n<b>Muut mitat\u00a0<a href=\"https:\/\/skamet.ee\/wp-content\/uploads\/2014\/04\/SKA-PS-pass-FI-veeb.pdf\" target=\"_blank\" rel=\"noopener noreferrer\">k\u00e4ytt\u00f6ohjeessa<\/a>.<\/b><\/p>\n<table border=\"0\">\n<tbody>\n<tr>\n<td><strong><b>Vakiotuotteen parametrit<\/b>:<\/strong><br \/>\n\u00bb \u00a0lasiovi (200 x 220 mm);<br \/>\n\u00bb \u00a0hormiliit\u00e4nt\u00e4 yl\u00e4osasta;<br \/>\n\u00bb\u00a0 oven saranat vasemmalla puolella;<br \/>\n\u00bb \u00a0musta ulkokuori;<br \/>\n\u00bb \u00a0maalattu kuumankest\u00e4v\u00e4ll\u00e4 maalilla;<br \/>\n\u00bb \u00a0metallikahva.<\/td>\n<td><strong><b>Eri vaihtoehtoja<\/b>:<\/strong><br \/>\n\u00bb \u00a0puinen kahva;<br \/>\n\u00bb \u00a0oven saranat oikealla puolella;<br \/>\n\u00bb \u00a0punamusta kuori (my\u00f6s kiukaan yl\u00e4osa); tai ruostumattomasta ter\u00e4ksest\u00e4 tehty;<br \/>\n\u00bb \u00a0rst valmistettu yl\u00e4osa;<br \/>\n\u00bb \u00a0muihin vaihtoehtoihin voit tutustua t\u00e4st\u00e4;<br \/>\n\u00bb\u00a0 muihin mahdollisuuksiin voi tutustua\u00a0<a href=\"https:\/\/skamet.ee\/saunauunit\/saunauunien-erikoistilaukset?lang=fi&amp;lang=fi\"><strong>t\u00e4st\u00e4<\/strong><\/a><\/td>\n<\/tr>\n<\/tbody>\n<\/table>\n","protected":false},"excerpt":{"rendered":"<p>PS -sarjan mallit on tarkoitettu k\u00e4ytett\u00e4v\u00e4ksi pienten saunojen ja tynnyrisaunojen l\u00e4mmitykseen. Kiukaassa on kolme\u00a0kaksinkertaista sein\u00e4m\u00e4\u00e4\u00a0(sivulla ja takana), joiden avulla turvaet\u00e4isyydet<\/p>\n","protected":false},"featured_media":40341,"template":"","meta":{"_lmt_disableupdate":"","_lmt_disable":""},"product_brand":[],"product_cat":[307],"product_tag":[],"class_list":{"0":"post-42378","1":"product","2":"type-product","3":"status-publish","4":"has-post-thumbnail","6":"product_cat-samasta-tilasta-lammitettavat","7":"pa_ahju-korgus-60-cm-fi","8":"pa_ahju-laius-39-cm-fi","9":"pa_ahju-sugavus-45-cm-fi","10":"pa_kivide-hulk-20-kg-fi","11":"pa_koetav-ruumala-5-m-12-m-fi","12":"pa_mudel-ps-110-fi","14":"first","15":"instock","16":"shipping-taxable","17":"product-type-simple"},"yoast_head":"<!-- This site is optimized with the Yoast SEO plugin v27.0 - https:\/\/yoast.com\/product\/yoast-seo-wordpress\/ -->\n<title>Mini kiuas - Skamet O\u00dc<\/title>\n<meta name=\"robots\" content=\"index, follow, max-snippet:-1, max-image-preview:large, max-video-preview:-1\" \/>\n<link rel=\"canonical\" href=\"https:\/\/www.skamet.ee\/fi\/tooted\/mini\/\" \/>\n<meta property=\"og:locale\" content=\"fi_FI\" \/>\n<meta property=\"og:type\" content=\"article\" \/>\n<meta property=\"og:title\" content=\"Mini kiuas - Skamet O\u00dc\" \/>\n<meta property=\"og:description\" content=\"PS -sarjan mallit on tarkoitettu k\u00e4ytett\u00e4v\u00e4ksi pienten saunojen ja tynnyrisaunojen l\u00e4mmitykseen. Kiukaassa on kolme\u00a0kaksinkertaista sein\u00e4m\u00e4\u00e4\u00a0(sivulla ja takana), joiden avulla turvaet\u00e4isyydet\" \/>\n<meta property=\"og:url\" content=\"https:\/\/www.skamet.ee\/fi\/tooted\/mini\/\" \/>\n<meta property=\"og:site_name\" content=\"Skamet O\u00dc\" \/>\n<meta property=\"article:modified_time\" content=\"2022-03-23T12:41:30+00:00\" \/>\n<meta property=\"og:image\" content=\"https:\/\/www.skamet.ee\/wp-content\/uploads\/2021\/03\/P-116-234x300-taust.png\" \/>\n\t<meta property=\"og:image:width\" content=\"234\" \/>\n\t<meta property=\"og:image:height\" content=\"300\" \/>\n\t<meta property=\"og:image:type\" content=\"image\/png\" \/>\n<meta name=\"twitter:card\" content=\"summary_large_image\" \/>\n<meta name=\"twitter:label1\" content=\"Arvioitu lukuaika\" \/>\n\t<meta name=\"twitter:data1\" content=\"1 minuutti\" \/>\n<script type=\"application\/ld+json\" class=\"yoast-schema-graph\">{\"@context\":\"https:\/\/schema.org\",\"@graph\":[{\"@type\":\"WebPage\",\"@id\":\"https:\/\/www.skamet.ee\/fi\/tooted\/mini\/\",\"url\":\"https:\/\/www.skamet.ee\/fi\/tooted\/mini\/\",\"name\":\"Mini kiuas - Skamet O\u00dc\",\"isPartOf\":{\"@id\":\"https:\/\/www.skamet.ee\/#website\"},\"primaryImageOfPage\":{\"@id\":\"https:\/\/www.skamet.ee\/fi\/tooted\/mini\/#primaryimage\"},\"image\":{\"@id\":\"https:\/\/www.skamet.ee\/fi\/tooted\/mini\/#primaryimage\"},\"thumbnailUrl\":\"https:\/\/www.skamet.ee\/wp-content\/uploads\/2021\/03\/P-116-234x300-taust.png\",\"datePublished\":\"2017-06-22T06:11:07+00:00\",\"dateModified\":\"2022-03-23T12:41:30+00:00\",\"breadcrumb\":{\"@id\":\"https:\/\/www.skamet.ee\/fi\/tooted\/mini\/#breadcrumb\"},\"inLanguage\":\"fi\",\"potentialAction\":[{\"@type\":\"ReadAction\",\"target\":[\"https:\/\/www.skamet.ee\/fi\/tooted\/mini\/\"]}]},{\"@type\":\"ImageObject\",\"inLanguage\":\"fi\",\"@id\":\"https:\/\/www.skamet.ee\/fi\/tooted\/mini\/#primaryimage\",\"url\":\"https:\/\/www.skamet.ee\/wp-content\/uploads\/2021\/03\/P-116-234x300-taust.png\",\"contentUrl\":\"https:\/\/www.skamet.ee\/wp-content\/uploads\/2021\/03\/P-116-234x300-taust.png\",\"width\":234,\"height\":300,\"caption\":\"P 116 234x300 taust\"},{\"@type\":\"BreadcrumbList\",\"@id\":\"https:\/\/www.skamet.ee\/fi\/tooted\/mini\/#breadcrumb\",\"itemListElement\":[{\"@type\":\"ListItem\",\"position\":1,\"name\":\"Home\",\"item\":\"https:\/\/www.skamet.ee\/fi\/\"},{\"@type\":\"ListItem\",\"position\":2,\"name\":\"Tuotteet\",\"item\":\"https:\/\/www.skamet.ee\/fi\/shop-2\/\"},{\"@type\":\"ListItem\",\"position\":3,\"name\":\"Mini kiuas\"}]},{\"@type\":\"WebSite\",\"@id\":\"https:\/\/www.skamet.ee\/#website\",\"url\":\"https:\/\/www.skamet.ee\/\",\"name\":\"Skamet O\u00dc\",\"description\":\"Efektiivsed puuk\u00fcttega saunaahjud Eesti tootjalt\",\"publisher\":{\"@id\":\"https:\/\/www.skamet.ee\/#organization\"},\"potentialAction\":[{\"@type\":\"SearchAction\",\"target\":{\"@type\":\"EntryPoint\",\"urlTemplate\":\"https:\/\/www.skamet.ee\/?s={search_term_string}\"},\"query-input\":{\"@type\":\"PropertyValueSpecification\",\"valueRequired\":true,\"valueName\":\"search_term_string\"}}],\"inLanguage\":\"fi\"},{\"@type\":\"Organization\",\"@id\":\"https:\/\/www.skamet.ee\/#organization\",\"name\":\"Skamet\",\"url\":\"https:\/\/www.skamet.ee\/\",\"logo\":{\"@type\":\"ImageObject\",\"inLanguage\":\"fi\",\"@id\":\"https:\/\/www.skamet.ee\/#\/schema\/logo\/image\/\",\"url\":\"https:\/\/www.skamet.ee\/wp-content\/uploads\/2015\/05\/logo-uus.png\",\"contentUrl\":\"https:\/\/www.skamet.ee\/wp-content\/uploads\/2015\/05\/logo-uus.png\",\"width\":300,\"height\":127,\"caption\":\"Skamet\"},\"image\":{\"@id\":\"https:\/\/www.skamet.ee\/#\/schema\/logo\/image\/\"}}]}<\/script>\n<!-- \/ Yoast SEO plugin. -->","yoast_head_json":{"title":"Mini kiuas - Skamet O\u00dc","robots":{"index":"index","follow":"follow","max-snippet":"max-snippet:-1","max-image-preview":"max-image-preview:large","max-video-preview":"max-video-preview:-1"},"canonical":"https:\/\/www.skamet.ee\/fi\/tooted\/mini\/","og_locale":"fi_FI","og_type":"article","og_title":"Mini kiuas - Skamet O\u00dc","og_description":"PS -sarjan mallit on tarkoitettu k\u00e4ytett\u00e4v\u00e4ksi pienten saunojen ja tynnyrisaunojen l\u00e4mmitykseen. Kiukaassa on kolme\u00a0kaksinkertaista sein\u00e4m\u00e4\u00e4\u00a0(sivulla ja takana), joiden avulla turvaet\u00e4isyydet","og_url":"https:\/\/www.skamet.ee\/fi\/tooted\/mini\/","og_site_name":"Skamet O\u00dc","article_modified_time":"2022-03-23T12:41:30+00:00","og_image":[{"width":234,"height":300,"url":"https:\/\/www.skamet.ee\/wp-content\/uploads\/2021\/03\/P-116-234x300-taust.png","type":"image\/png"}],"twitter_card":"summary_large_image","twitter_misc":{"Arvioitu lukuaika":"1 minuutti"},"schema":{"@context":"https:\/\/schema.org","@graph":[{"@type":"WebPage","@id":"https:\/\/www.skamet.ee\/fi\/tooted\/mini\/","url":"https:\/\/www.skamet.ee\/fi\/tooted\/mini\/","name":"Mini kiuas - Skamet O\u00dc","isPartOf":{"@id":"https:\/\/www.skamet.ee\/#website"},"primaryImageOfPage":{"@id":"https:\/\/www.skamet.ee\/fi\/tooted\/mini\/#primaryimage"},"image":{"@id":"https:\/\/www.skamet.ee\/fi\/tooted\/mini\/#primaryimage"},"thumbnailUrl":"https:\/\/www.skamet.ee\/wp-content\/uploads\/2021\/03\/P-116-234x300-taust.png","datePublished":"2017-06-22T06:11:07+00:00","dateModified":"2022-03-23T12:41:30+00:00","breadcrumb":{"@id":"https:\/\/www.skamet.ee\/fi\/tooted\/mini\/#breadcrumb"},"inLanguage":"fi","potentialAction":[{"@type":"ReadAction","target":["https:\/\/www.skamet.ee\/fi\/tooted\/mini\/"]}]},{"@type":"ImageObject","inLanguage":"fi","@id":"https:\/\/www.skamet.ee\/fi\/tooted\/mini\/#primaryimage","url":"https:\/\/www.skamet.ee\/wp-content\/uploads\/2021\/03\/P-116-234x300-taust.png","contentUrl":"https:\/\/www.skamet.ee\/wp-content\/uploads\/2021\/03\/P-116-234x300-taust.png","width":234,"height":300,"caption":"P 116 234x300 taust"},{"@type":"BreadcrumbList","@id":"https:\/\/www.skamet.ee\/fi\/tooted\/mini\/#breadcrumb","itemListElement":[{"@type":"ListItem","position":1,"name":"Home","item":"https:\/\/www.skamet.ee\/fi\/"},{"@type":"ListItem","position":2,"name":"Tuotteet","item":"https:\/\/www.skamet.ee\/fi\/shop-2\/"},{"@type":"ListItem","position":3,"name":"Mini kiuas"}]},{"@type":"WebSite","@id":"https:\/\/www.skamet.ee\/#website","url":"https:\/\/www.skamet.ee\/","name":"Skamet O\u00dc","description":"Efektiivsed puuk\u00fcttega saunaahjud Eesti tootjalt","publisher":{"@id":"https:\/\/www.skamet.ee\/#organization"},"potentialAction":[{"@type":"SearchAction","target":{"@type":"EntryPoint","urlTemplate":"https:\/\/www.skamet.ee\/?s={search_term_string}"},"query-input":{"@type":"PropertyValueSpecification","valueRequired":true,"valueName":"search_term_string"}}],"inLanguage":"fi"},{"@type":"Organization","@id":"https:\/\/www.skamet.ee\/#organization","name":"Skamet","url":"https:\/\/www.skamet.ee\/","logo":{"@type":"ImageObject","inLanguage":"fi","@id":"https:\/\/www.skamet.ee\/#\/schema\/logo\/image\/","url":"https:\/\/www.skamet.ee\/wp-content\/uploads\/2015\/05\/logo-uus.png","contentUrl":"https:\/\/www.skamet.ee\/wp-content\/uploads\/2015\/05\/logo-uus.png","width":300,"height":127,"caption":"Skamet"},"image":{"@id":"https:\/\/www.skamet.ee\/#\/schema\/logo\/image\/"}}]}},"_links":{"self":[{"href":"https:\/\/www.skamet.ee\/fi\/wp-json\/wp\/v2\/product\/42378","targetHints":{"allow":["GET"]}}],"collection":[{"href":"https:\/\/www.skamet.ee\/fi\/wp-json\/wp\/v2\/product"}],"about":[{"href":"https:\/\/www.skamet.ee\/fi\/wp-json\/wp\/v2\/types\/product"}],"version-history":[{"count":1,"href":"https:\/\/www.skamet.ee\/fi\/wp-json\/wp\/v2\/product\/42378\/revisions"}],"predecessor-version":[{"id":43043,"href":"https:\/\/www.skamet.ee\/fi\/wp-json\/wp\/v2\/product\/42378\/revisions\/43043"}],"wp:featuredmedia":[{"embeddable":true,"href":"https:\/\/www.skamet.ee\/fi\/wp-json\/wp\/v2\/media\/40341"}],"wp:attachment":[{"href":"https:\/\/www.skamet.ee\/fi\/wp-json\/wp\/v2\/media?parent=42378"}],"wp:term":[{"taxonomy":"product_brand","embeddable":true,"href":"https:\/\/www.skamet.ee\/fi\/wp-json\/wp\/v2\/product_brand?post=42378"},{"taxonomy":"product_cat","embeddable":true,"href":"https:\/\/www.skamet.ee\/fi\/wp-json\/wp\/v2\/product_cat?post=42378"},{"taxonomy":"product_tag","embeddable":true,"href":"https:\/\/www.skamet.ee\/fi\/wp-json\/wp\/v2\/product_tag?post=42378"}],"curies":[{"name":"wp","href":"https:\/\/api.w.org\/{rel}","templated":true}]}}