{"id":42435,"date":"2021-04-05T14:57:42","date_gmt":"2021-04-05T11:57:42","guid":{"rendered":"https:\/\/uus.skamet.ee\/tooted\/Ei-luokiteltu\/ar-kvadratveida-rezga-korpusu\/"},"modified":"2026-01-26T13:39:17","modified_gmt":"2026-01-26T11:39:17","slug":"kulmikkaalla-verkkorungolla-2","status":"publish","type":"product","link":"https:\/\/www.skamet.ee\/fi\/tooted\/kulmikkaalla-verkkorungolla-2\/","title":{"rendered":"Skamet S-116 kulmikas verkkovaippa"},"content":{"rendered":"<p>&nbsp;<\/p>\n<table border=\"0\">\n<tbody>\n<tr>\n<td><strong>Vakiotuotteen ominaisuudet:<\/strong>&nbsp;<\/p>\n<p><img loading=\"lazy\" decoding=\"async\" class=\" wp-image-52333\" src=\"https:\/\/www.skamet.ee\/wp-content\/uploads\/2024\/06\/leek2-300x300.jpg\" alt=\"\" width=\"18\" height=\"18\" srcset=\"https:\/\/www.skamet.ee\/wp-content\/uploads\/2024\/06\/leek2-300x300.jpg 300w, https:\/\/www.skamet.ee\/wp-content\/uploads\/2024\/06\/leek2-600x600.jpg 600w, https:\/\/www.skamet.ee\/wp-content\/uploads\/2024\/06\/leek2-1200x1200.jpg 1200w, https:\/\/www.skamet.ee\/wp-content\/uploads\/2024\/06\/leek2-150x150.jpg 150w, https:\/\/www.skamet.ee\/wp-content\/uploads\/2024\/06\/leek2-768x768.jpg 768w, https:\/\/www.skamet.ee\/wp-content\/uploads\/2024\/06\/leek2-1024x1024.jpg 1024w\" sizes=\"auto, (max-width: 18px) 100vw, 18px\" \/>\u00a0 lasiluukku (230 \u00d7 230 mm)<br \/>\n<img loading=\"lazy\" decoding=\"async\" class=\" wp-image-52333\" src=\"https:\/\/www.skamet.ee\/wp-content\/uploads\/2024\/06\/leek2-300x300.jpg\" alt=\"\" width=\"18\" height=\"18\" srcset=\"https:\/\/www.skamet.ee\/wp-content\/uploads\/2024\/06\/leek2-300x300.jpg 300w, https:\/\/www.skamet.ee\/wp-content\/uploads\/2024\/06\/leek2-600x600.jpg 600w, https:\/\/www.skamet.ee\/wp-content\/uploads\/2024\/06\/leek2-1200x1200.jpg 1200w, https:\/\/www.skamet.ee\/wp-content\/uploads\/2024\/06\/leek2-150x150.jpg 150w, https:\/\/www.skamet.ee\/wp-content\/uploads\/2024\/06\/leek2-768x768.jpg 768w, https:\/\/www.skamet.ee\/wp-content\/uploads\/2024\/06\/leek2-1024x1024.jpg 1024w\" sizes=\"auto, (max-width: 18px) 100vw, 18px\" \/>\u00a0 savupiipun liit\u00e4nt\u00e4 ylh\u00e4\u00e4lt\u00e4<br \/>\n<img loading=\"lazy\" decoding=\"async\" class=\" wp-image-52333\" src=\"https:\/\/www.skamet.ee\/wp-content\/uploads\/2024\/06\/leek2-300x300.jpg\" alt=\"\" width=\"18\" height=\"18\" srcset=\"https:\/\/www.skamet.ee\/wp-content\/uploads\/2024\/06\/leek2-300x300.jpg 300w, https:\/\/www.skamet.ee\/wp-content\/uploads\/2024\/06\/leek2-600x600.jpg 600w, https:\/\/www.skamet.ee\/wp-content\/uploads\/2024\/06\/leek2-1200x1200.jpg 1200w, https:\/\/www.skamet.ee\/wp-content\/uploads\/2024\/06\/leek2-150x150.jpg 150w, https:\/\/www.skamet.ee\/wp-content\/uploads\/2024\/06\/leek2-768x768.jpg 768w, https:\/\/www.skamet.ee\/wp-content\/uploads\/2024\/06\/leek2-1024x1024.jpg 1024w\" sizes=\"auto, (max-width: 18px) 100vw, 18px\" \/>\u00a0 kulmikas verkkovaippa<br \/>\n<img loading=\"lazy\" decoding=\"async\" class=\" wp-image-52333\" src=\"https:\/\/www.skamet.ee\/wp-content\/uploads\/2024\/06\/leek2-300x300.jpg\" alt=\"\" width=\"18\" height=\"18\" srcset=\"https:\/\/www.skamet.ee\/wp-content\/uploads\/2024\/06\/leek2-300x300.jpg 300w, https:\/\/www.skamet.ee\/wp-content\/uploads\/2024\/06\/leek2-600x600.jpg 600w, https:\/\/www.skamet.ee\/wp-content\/uploads\/2024\/06\/leek2-1200x1200.jpg 1200w, https:\/\/www.skamet.ee\/wp-content\/uploads\/2024\/06\/leek2-150x150.jpg 150w, https:\/\/www.skamet.ee\/wp-content\/uploads\/2024\/06\/leek2-768x768.jpg 768w, https:\/\/www.skamet.ee\/wp-content\/uploads\/2024\/06\/leek2-1024x1024.jpg 1024w\" sizes=\"auto, (max-width: 18px) 100vw, 18px\" \/>\u00a0 oven saranat vasemmalla puolella<\/td>\n<td><strong>Erilaiset lis\u00e4varusteet:<\/strong>&nbsp;<\/p>\n<p><img loading=\"lazy\" decoding=\"async\" class=\" wp-image-52333\" src=\"https:\/\/www.skamet.ee\/wp-content\/uploads\/2024\/06\/leek2-300x300.jpg\" alt=\"\" width=\"18\" height=\"18\" srcset=\"https:\/\/www.skamet.ee\/wp-content\/uploads\/2024\/06\/leek2-300x300.jpg 300w, https:\/\/www.skamet.ee\/wp-content\/uploads\/2024\/06\/leek2-600x600.jpg 600w, https:\/\/www.skamet.ee\/wp-content\/uploads\/2024\/06\/leek2-1200x1200.jpg 1200w, https:\/\/www.skamet.ee\/wp-content\/uploads\/2024\/06\/leek2-150x150.jpg 150w, https:\/\/www.skamet.ee\/wp-content\/uploads\/2024\/06\/leek2-768x768.jpg 768w, https:\/\/www.skamet.ee\/wp-content\/uploads\/2024\/06\/leek2-1024x1024.jpg 1024w\" sizes=\"auto, (max-width: 18px) 100vw, 18px\" \/>\u00a0 ruostumattomasta ter\u00e4ksest\u00e4 valmistettu kahva<br \/>\n<img loading=\"lazy\" decoding=\"async\" class=\" wp-image-52333\" src=\"https:\/\/www.skamet.ee\/wp-content\/uploads\/2024\/06\/leek2-300x300.jpg\" alt=\"\" width=\"18\" height=\"18\" srcset=\"https:\/\/www.skamet.ee\/wp-content\/uploads\/2024\/06\/leek2-300x300.jpg 300w, https:\/\/www.skamet.ee\/wp-content\/uploads\/2024\/06\/leek2-600x600.jpg 600w, https:\/\/www.skamet.ee\/wp-content\/uploads\/2024\/06\/leek2-1200x1200.jpg 1200w, https:\/\/www.skamet.ee\/wp-content\/uploads\/2024\/06\/leek2-150x150.jpg 150w, https:\/\/www.skamet.ee\/wp-content\/uploads\/2024\/06\/leek2-768x768.jpg 768w, https:\/\/www.skamet.ee\/wp-content\/uploads\/2024\/06\/leek2-1024x1024.jpg 1024w\" sizes=\"auto, (max-width: 18px) 100vw, 18px\" \/>\u00a0 savupiipun liit\u00e4nt\u00e4 takasein\u00e4st\u00e4<br \/>\n<img loading=\"lazy\" decoding=\"async\" class=\" wp-image-52333\" src=\"https:\/\/www.skamet.ee\/wp-content\/uploads\/2024\/06\/leek2-300x300.jpg\" alt=\"\" width=\"18\" height=\"18\" srcset=\"https:\/\/www.skamet.ee\/wp-content\/uploads\/2024\/06\/leek2-300x300.jpg 300w, https:\/\/www.skamet.ee\/wp-content\/uploads\/2024\/06\/leek2-600x600.jpg 600w, https:\/\/www.skamet.ee\/wp-content\/uploads\/2024\/06\/leek2-1200x1200.jpg 1200w, https:\/\/www.skamet.ee\/wp-content\/uploads\/2024\/06\/leek2-150x150.jpg 150w, https:\/\/www.skamet.ee\/wp-content\/uploads\/2024\/06\/leek2-768x768.jpg 768w, https:\/\/www.skamet.ee\/wp-content\/uploads\/2024\/06\/leek2-1024x1024.jpg 1024w\" sizes=\"auto, (max-width: 18px) 100vw, 18px\" \/>\u00a0 kiukaan sisus k\u00e4\u00e4nnettyn\u00e4<br \/>\n<img loading=\"lazy\" decoding=\"async\" class=\" wp-image-52333\" src=\"https:\/\/www.skamet.ee\/wp-content\/uploads\/2024\/06\/leek2-300x300.jpg\" alt=\"\" width=\"18\" height=\"18\" srcset=\"https:\/\/www.skamet.ee\/wp-content\/uploads\/2024\/06\/leek2-300x300.jpg 300w, https:\/\/www.skamet.ee\/wp-content\/uploads\/2024\/06\/leek2-600x600.jpg 600w, https:\/\/www.skamet.ee\/wp-content\/uploads\/2024\/06\/leek2-1200x1200.jpg 1200w, https:\/\/www.skamet.ee\/wp-content\/uploads\/2024\/06\/leek2-150x150.jpg 150w, https:\/\/www.skamet.ee\/wp-content\/uploads\/2024\/06\/leek2-768x768.jpg 768w, https:\/\/www.skamet.ee\/wp-content\/uploads\/2024\/06\/leek2-1024x1024.jpg 1024w\" sizes=\"auto, (max-width: 18px) 100vw, 18px\" \/>\u00a0 oven saranat oikealla puolella<\/td>\n<\/tr>\n<\/tbody>\n<\/table>\n<p>Lue lis\u00e4\u00e4\u00a0<span style=\"color: #0000ff;\"><a style=\"color: #0000ff;\" href=\"https:\/\/skamet.ee\/wp-content\/uploads\/2014\/04\/FIN-ENG-veeb-tabelid.pdf\" target=\"_blank\" rel=\"noopener\"><strong>k\u00e4ytt\u00f6ohjeesta.<\/strong><\/a><\/span><\/p>\n","protected":false},"excerpt":{"rendered":"<p>&nbsp; Vakiotuotteen ominaisuudet:&nbsp; \u00a0 lasiluukku (230 \u00d7 230 mm) \u00a0 savupiipun liit\u00e4nt\u00e4 ylh\u00e4\u00e4lt\u00e4 \u00a0 kulmikas verkkovaippa \u00a0 oven saranat vasemmalla<\/p>\n","protected":false},"featured_media":50950,"template":"","meta":{"_lmt_disableupdate":"","_lmt_disable":""},"product_brand":[],"product_cat":[1117],"product_tag":[],"class_list":{"0":"post-42435","1":"product","2":"type-product","3":"status-publish","4":"has-post-thumbnail","6":"product_cat-keskikokoiset-uunit-8-18-m3-fi-2","8":"first","9":"instock","10":"shipping-taxable","11":"product-type-simple"},"yoast_head":"<!-- This site is optimized with the Yoast SEO plugin v27.0 - https:\/\/yoast.com\/product\/yoast-seo-wordpress\/ -->\n<title>Skamet S-116 kulmikas verkkovaippa - Skamet O\u00dc<\/title>\n<meta name=\"robots\" content=\"index, follow, max-snippet:-1, max-image-preview:large, max-video-preview:-1\" \/>\n<link rel=\"canonical\" href=\"https:\/\/www.skamet.ee\/tooted\/kandilise-vorkkorpusega\/\" \/>\n<meta property=\"og:locale\" content=\"fi_FI\" \/>\n<meta property=\"og:type\" content=\"article\" \/>\n<meta property=\"og:title\" content=\"Skamet S-116 kulmikas verkkovaippa - Skamet O\u00dc\" \/>\n<meta property=\"og:description\" content=\"&nbsp; Vakiotuotteen ominaisuudet:&nbsp; \u00a0 lasiluukku (230 \u00d7 230 mm) \u00a0 savupiipun liit\u00e4nt\u00e4 ylh\u00e4\u00e4lt\u00e4 \u00a0 kulmikas verkkovaippa \u00a0 oven saranat vasemmalla\" \/>\n<meta property=\"og:url\" content=\"https:\/\/www.skamet.ee\/tooted\/kandilise-vorkkorpusega\/\" \/>\n<meta property=\"og:site_name\" content=\"Skamet O\u00dc\" \/>\n<meta property=\"article:modified_time\" content=\"2026-01-26T11:39:17+00:00\" \/>\n<meta property=\"og:image\" content=\"https:\/\/www.skamet.ee\/wp-content\/uploads\/2021\/04\/S-116-GL-scaled.jpg\" \/>\n\t<meta property=\"og:image:width\" content=\"1708\" \/>\n\t<meta property=\"og:image:height\" content=\"2560\" \/>\n\t<meta property=\"og:image:type\" content=\"image\/jpeg\" \/>\n<meta name=\"twitter:card\" content=\"summary_large_image\" \/>\n<script type=\"application\/ld+json\" class=\"yoast-schema-graph\">{\"@context\":\"https:\/\/schema.org\",\"@graph\":[{\"@type\":\"WebPage\",\"@id\":\"https:\/\/www.skamet.ee\/tooted\/kandilise-vorkkorpusega\/\",\"url\":\"https:\/\/www.skamet.ee\/tooted\/kandilise-vorkkorpusega\/\",\"name\":\"Skamet S-116 kulmikas verkkovaippa - Skamet O\u00dc\",\"isPartOf\":{\"@id\":\"https:\/\/www.skamet.ee\/#website\"},\"primaryImageOfPage\":{\"@id\":\"https:\/\/www.skamet.ee\/tooted\/kandilise-vorkkorpusega\/#primaryimage\"},\"image\":{\"@id\":\"https:\/\/www.skamet.ee\/tooted\/kandilise-vorkkorpusega\/#primaryimage\"},\"thumbnailUrl\":\"https:\/\/www.skamet.ee\/wp-content\/uploads\/2021\/04\/S-116-GL-scaled.jpg\",\"datePublished\":\"2021-04-05T11:57:42+00:00\",\"dateModified\":\"2026-01-26T11:39:17+00:00\",\"breadcrumb\":{\"@id\":\"https:\/\/www.skamet.ee\/tooted\/kandilise-vorkkorpusega\/#breadcrumb\"},\"inLanguage\":\"fi\",\"potentialAction\":[{\"@type\":\"ReadAction\",\"target\":[\"https:\/\/www.skamet.ee\/tooted\/kandilise-vorkkorpusega\/\"]}]},{\"@type\":\"ImageObject\",\"inLanguage\":\"fi\",\"@id\":\"https:\/\/www.skamet.ee\/tooted\/kandilise-vorkkorpusega\/#primaryimage\",\"url\":\"https:\/\/www.skamet.ee\/wp-content\/uploads\/2021\/04\/S-116-GL-scaled.jpg\",\"contentUrl\":\"https:\/\/www.skamet.ee\/wp-content\/uploads\/2021\/04\/S-116-GL-scaled.jpg\",\"width\":1708,\"height\":2560,\"caption\":\"S 116 GL scaled\"},{\"@type\":\"BreadcrumbList\",\"@id\":\"https:\/\/www.skamet.ee\/tooted\/kandilise-vorkkorpusega\/#breadcrumb\",\"itemListElement\":[{\"@type\":\"ListItem\",\"position\":1,\"name\":\"Home\",\"item\":\"https:\/\/www.skamet.ee\/fi\/\"},{\"@type\":\"ListItem\",\"position\":2,\"name\":\"Tuotteet\",\"item\":\"https:\/\/www.skamet.ee\/fi\/shop-2\/\"},{\"@type\":\"ListItem\",\"position\":3,\"name\":\"Skamet S-116 kulmikas verkkovaippa\"}]},{\"@type\":\"WebSite\",\"@id\":\"https:\/\/www.skamet.ee\/#website\",\"url\":\"https:\/\/www.skamet.ee\/\",\"name\":\"Skamet O\u00dc\",\"description\":\"Efektiivsed puuk\u00fcttega saunaahjud Eesti tootjalt\",\"publisher\":{\"@id\":\"https:\/\/www.skamet.ee\/#organization\"},\"potentialAction\":[{\"@type\":\"SearchAction\",\"target\":{\"@type\":\"EntryPoint\",\"urlTemplate\":\"https:\/\/www.skamet.ee\/?s={search_term_string}\"},\"query-input\":{\"@type\":\"PropertyValueSpecification\",\"valueRequired\":true,\"valueName\":\"search_term_string\"}}],\"inLanguage\":\"fi\"},{\"@type\":\"Organization\",\"@id\":\"https:\/\/www.skamet.ee\/#organization\",\"name\":\"Skamet\",\"url\":\"https:\/\/www.skamet.ee\/\",\"logo\":{\"@type\":\"ImageObject\",\"inLanguage\":\"fi\",\"@id\":\"https:\/\/www.skamet.ee\/#\/schema\/logo\/image\/\",\"url\":\"https:\/\/www.skamet.ee\/wp-content\/uploads\/2015\/05\/logo-uus.png\",\"contentUrl\":\"https:\/\/www.skamet.ee\/wp-content\/uploads\/2015\/05\/logo-uus.png\",\"width\":300,\"height\":127,\"caption\":\"Skamet\"},\"image\":{\"@id\":\"https:\/\/www.skamet.ee\/#\/schema\/logo\/image\/\"}}]}<\/script>\n<!-- \/ Yoast SEO plugin. -->","yoast_head_json":{"title":"Skamet S-116 kulmikas verkkovaippa - Skamet O\u00dc","robots":{"index":"index","follow":"follow","max-snippet":"max-snippet:-1","max-image-preview":"max-image-preview:large","max-video-preview":"max-video-preview:-1"},"canonical":"https:\/\/www.skamet.ee\/tooted\/kandilise-vorkkorpusega\/","og_locale":"fi_FI","og_type":"article","og_title":"Skamet S-116 kulmikas verkkovaippa - Skamet O\u00dc","og_description":"&nbsp; Vakiotuotteen ominaisuudet:&nbsp; \u00a0 lasiluukku (230 \u00d7 230 mm) \u00a0 savupiipun liit\u00e4nt\u00e4 ylh\u00e4\u00e4lt\u00e4 \u00a0 kulmikas verkkovaippa \u00a0 oven saranat vasemmalla","og_url":"https:\/\/www.skamet.ee\/tooted\/kandilise-vorkkorpusega\/","og_site_name":"Skamet O\u00dc","article_modified_time":"2026-01-26T11:39:17+00:00","og_image":[{"width":1708,"height":2560,"url":"https:\/\/www.skamet.ee\/wp-content\/uploads\/2021\/04\/S-116-GL-scaled.jpg","type":"image\/jpeg"}],"twitter_card":"summary_large_image","schema":{"@context":"https:\/\/schema.org","@graph":[{"@type":"WebPage","@id":"https:\/\/www.skamet.ee\/tooted\/kandilise-vorkkorpusega\/","url":"https:\/\/www.skamet.ee\/tooted\/kandilise-vorkkorpusega\/","name":"Skamet S-116 kulmikas verkkovaippa - Skamet O\u00dc","isPartOf":{"@id":"https:\/\/www.skamet.ee\/#website"},"primaryImageOfPage":{"@id":"https:\/\/www.skamet.ee\/tooted\/kandilise-vorkkorpusega\/#primaryimage"},"image":{"@id":"https:\/\/www.skamet.ee\/tooted\/kandilise-vorkkorpusega\/#primaryimage"},"thumbnailUrl":"https:\/\/www.skamet.ee\/wp-content\/uploads\/2021\/04\/S-116-GL-scaled.jpg","datePublished":"2021-04-05T11:57:42+00:00","dateModified":"2026-01-26T11:39:17+00:00","breadcrumb":{"@id":"https:\/\/www.skamet.ee\/tooted\/kandilise-vorkkorpusega\/#breadcrumb"},"inLanguage":"fi","potentialAction":[{"@type":"ReadAction","target":["https:\/\/www.skamet.ee\/tooted\/kandilise-vorkkorpusega\/"]}]},{"@type":"ImageObject","inLanguage":"fi","@id":"https:\/\/www.skamet.ee\/tooted\/kandilise-vorkkorpusega\/#primaryimage","url":"https:\/\/www.skamet.ee\/wp-content\/uploads\/2021\/04\/S-116-GL-scaled.jpg","contentUrl":"https:\/\/www.skamet.ee\/wp-content\/uploads\/2021\/04\/S-116-GL-scaled.jpg","width":1708,"height":2560,"caption":"S 116 GL scaled"},{"@type":"BreadcrumbList","@id":"https:\/\/www.skamet.ee\/tooted\/kandilise-vorkkorpusega\/#breadcrumb","itemListElement":[{"@type":"ListItem","position":1,"name":"Home","item":"https:\/\/www.skamet.ee\/fi\/"},{"@type":"ListItem","position":2,"name":"Tuotteet","item":"https:\/\/www.skamet.ee\/fi\/shop-2\/"},{"@type":"ListItem","position":3,"name":"Skamet S-116 kulmikas verkkovaippa"}]},{"@type":"WebSite","@id":"https:\/\/www.skamet.ee\/#website","url":"https:\/\/www.skamet.ee\/","name":"Skamet O\u00dc","description":"Efektiivsed puuk\u00fcttega saunaahjud Eesti tootjalt","publisher":{"@id":"https:\/\/www.skamet.ee\/#organization"},"potentialAction":[{"@type":"SearchAction","target":{"@type":"EntryPoint","urlTemplate":"https:\/\/www.skamet.ee\/?s={search_term_string}"},"query-input":{"@type":"PropertyValueSpecification","valueRequired":true,"valueName":"search_term_string"}}],"inLanguage":"fi"},{"@type":"Organization","@id":"https:\/\/www.skamet.ee\/#organization","name":"Skamet","url":"https:\/\/www.skamet.ee\/","logo":{"@type":"ImageObject","inLanguage":"fi","@id":"https:\/\/www.skamet.ee\/#\/schema\/logo\/image\/","url":"https:\/\/www.skamet.ee\/wp-content\/uploads\/2015\/05\/logo-uus.png","contentUrl":"https:\/\/www.skamet.ee\/wp-content\/uploads\/2015\/05\/logo-uus.png","width":300,"height":127,"caption":"Skamet"},"image":{"@id":"https:\/\/www.skamet.ee\/#\/schema\/logo\/image\/"}}]}},"_links":{"self":[{"href":"https:\/\/www.skamet.ee\/fi\/wp-json\/wp\/v2\/product\/42435","targetHints":{"allow":["GET"]}}],"collection":[{"href":"https:\/\/www.skamet.ee\/fi\/wp-json\/wp\/v2\/product"}],"about":[{"href":"https:\/\/www.skamet.ee\/fi\/wp-json\/wp\/v2\/types\/product"}],"version-history":[{"count":2,"href":"https:\/\/www.skamet.ee\/fi\/wp-json\/wp\/v2\/product\/42435\/revisions"}],"predecessor-version":[{"id":54047,"href":"https:\/\/www.skamet.ee\/fi\/wp-json\/wp\/v2\/product\/42435\/revisions\/54047"}],"wp:featuredmedia":[{"embeddable":true,"href":"https:\/\/www.skamet.ee\/fi\/wp-json\/wp\/v2\/media\/50950"}],"wp:attachment":[{"href":"https:\/\/www.skamet.ee\/fi\/wp-json\/wp\/v2\/media?parent=42435"}],"wp:term":[{"taxonomy":"product_brand","embeddable":true,"href":"https:\/\/www.skamet.ee\/fi\/wp-json\/wp\/v2\/product_brand?post=42435"},{"taxonomy":"product_cat","embeddable":true,"href":"https:\/\/www.skamet.ee\/fi\/wp-json\/wp\/v2\/product_cat?post=42435"},{"taxonomy":"product_tag","embeddable":true,"href":"https:\/\/www.skamet.ee\/fi\/wp-json\/wp\/v2\/product_tag?post=42435"}],"curies":[{"name":"wp","href":"https:\/\/api.w.org\/{rel}","templated":true}]}}