{"id":42443,"date":"2021-03-26T14:52:17","date_gmt":"2021-03-26T12:52:17","guid":{"rendered":"https:\/\/uus.skamet.ee\/tooted\/Ei-luokiteltu\/vesitasku\/"},"modified":"2026-01-27T10:11:33","modified_gmt":"2026-01-27T08:11:33","slug":"vesitasku","status":"publish","type":"product","link":"https:\/\/www.skamet.ee\/fi\/tooted\/vesitasku\/","title":{"rendered":"Irrotettava vesitasku verkkorunkoisille kiukaille"},"content":{"rendered":"<p data-start=\"246\" data-end=\"473\">Kaikissa Skamet-verkkorunkoisissa (S-sarja) puul\u00e4mmitteisiss\u00e4 saunakiukaissa on mahdollisuus k\u00e4ytt\u00e4\u00e4 <strong data-start=\"347\" data-end=\"374\">irrotettavaa vesitaskua<\/strong>.<br data-start=\"375\" data-end=\"378\" \/>Kiukaan molemmilla sivuilla sek\u00e4 takana on kiinnityskohdat, joihin vesitasku on helppo asentaa.<\/p>\n<p data-start=\"475\" data-end=\"785\">Vesitaskun kiinnityskohdat eiv\u00e4t ole ainoastaan s\u00e4ili\u00f6n kiinnitt\u00e4mist\u00e4 varten.<br data-start=\"553\" data-end=\"556\" \/>Ilman vesitaskua ne lis\u00e4\u00e4v\u00e4t my\u00f6s kiukaan rakenteellista lujuutta.<br data-start=\"622\" data-end=\"625\" \/>Kiinnityslistat toimitetaan kaikkien kiukaiden mukana sein\u00e4rakenteen vahvistamiseksi, my\u00f6s silloin kun kiuas on tilattu <strong data-start=\"745\" data-end=\"784\">kiinte\u00e4ll\u00e4, hitsatulla vesitaskulla<\/strong>.<\/p>\n<p data-start=\"787\" data-end=\"1102\">Koska kiukaassa on kolme kiinnityspistett\u00e4, on mahdollista liitt\u00e4\u00e4 <strong data-start=\"854\" data-end=\"885\">useampi kuin yksi vesitasku<\/strong>.<br data-start=\"886\" data-end=\"889\" \/>Asiakkaan halutessa voidaan liitt\u00e4\u00e4 jopa <strong data-start=\"930\" data-end=\"966\">kolme vesitaskua samanaikaisesti<\/strong> (kolmelle sivulle). T\u00e4ll\u00f6in tulee kuitenkin huomioida, ett\u00e4 mit\u00e4 enemm\u00e4n vesitaskuja on k\u00e4yt\u00f6ss\u00e4, sit\u00e4 pidempi on kiukaan l\u00e4mmitysaika.<\/p>\n<h3 data-start=\"1104\" data-end=\"1115\">Huomio!<\/h3>\n<ul data-start=\"1116\" data-end=\"1338\">\n<li data-start=\"1116\" data-end=\"1230\">\n<p data-start=\"1118\" data-end=\"1230\"><strong data-start=\"1118\" data-end=\"1145\">Kulmikkaan verkkorungon<\/strong> malleihin (S ja ST) vesitasku voidaan asentaa oikealle, vasemmalle ja takasivulle.<\/p>\n<\/li>\n<li data-start=\"1231\" data-end=\"1338\">\n<p data-start=\"1233\" data-end=\"1338\"><strong data-start=\"1233\" data-end=\"1253\">Py\u00f6re\u00e4runkoisiin<\/strong> malleihin (SY ja STY) vesitasku voidaan asentaa vain oikealle ja vasemmalle sivulle.<\/p>\n<\/li>\n<\/ul>\n<p data-start=\"1340\" data-end=\"1662\">Jos asiakkaalla on ollut aikaisemmin Skametin kiuas vesitaskulla ja h\u00e4n haluaa vaihtaa sen uuteen malliin, <strong data-start=\"1447\" data-end=\"1497\">vesiputkien korkeudet ja et\u00e4isyydet ovat samat<\/strong> kuin kiinte\u00e4ll\u00e4 vesitaskulla varustetuissa kiukaissa.<br data-start=\"1551\" data-end=\"1554\" \/>T\u00e4m\u00e4n ansiosta vesij\u00e4rjestelm\u00e4\u00e4 ei tarvitse muuttaa, vaan uusi kiuas voidaan asentaa suoraan vanhan tilalle.<\/p>\n<p data-start=\"1664\" data-end=\"1969\">Jos asiakas on ostanut kiukaan irrotettavalla vesitaskulla ja huomaa vesit\u00e4yt\u00f6n yhteydess\u00e4, ett\u00e4 s\u00e4ili\u00f6 on viallinen tai vuotaa, <strong data-start=\"1793\" data-end=\"1848\">vesitasku voidaan vaihtaa ilman kiukaan siirt\u00e4mist\u00e4<\/strong>.<br data-start=\"1849\" data-end=\"1852\" \/>Samoin vesitasku on mahdollista vaihtaa my\u00f6hemmin, jos se vuosien k\u00e4yt\u00f6n j\u00e4lkeen alkaa vuotaa tai tukkeutuu kalkista.<\/p>\n<h3 data-start=\"1971\" data-end=\"2005\">Kiinte\u00e4 vesitasku vaihtoehtona<\/h3>\n<p data-start=\"2006\" data-end=\"2465\">Uusien mallien lis\u00e4ksi on mahdollista tilata kiukaita <strong data-start=\"2060\" data-end=\"2099\">kiinte\u00e4ll\u00e4, hitsatulla vesitaskulla<\/strong>.<br data-start=\"2100\" data-end=\"2103\" \/>T\u00e4m\u00e4n ratkaisun etuna on <strong data-start=\"2128\" data-end=\"2163\">parempi veden l\u00e4mmitystehokkuus<\/strong>, sill\u00e4 tulipes\u00e4n ja veden v\u00e4liss\u00e4 on vain yksi sein\u00e4.<br data-start=\"2217\" data-end=\"2220\" \/>Irrotettavassa vesitaskussa tulen ja veden v\u00e4liss\u00e4 on kaksinkertainen sein\u00e4rakenne, mink\u00e4 vuoksi veden l\u00e4mmitys on hieman hitaampaa.<br data-start=\"2352\" data-end=\"2355\" \/>Kuitenkin suurissa saunoissa tai pienemm\u00e4n vesivaraajan kanssa my\u00f6s irrotettava vesitasku on toimiva ratkaisu.<\/p>\n<p data-start=\"2467\" data-end=\"2518\">Vesitaskussa on <strong data-start=\"2483\" data-end=\"2517\">kaksi \u00be\u201d sis\u00e4kierteist\u00e4 muhvia<\/strong>.<\/p>\n<hr data-start=\"2520\" data-end=\"2523\" \/>\n<h2 data-start=\"2525\" data-end=\"2539\">TUOTEKOODIT<\/h2>\n<ul data-start=\"2541\" data-end=\"2794\">\n<li data-start=\"2541\" data-end=\"2619\">\n<p data-start=\"2543\" data-end=\"2619\"><strong data-start=\"2543\" data-end=\"2549\">VT<\/strong> \u2013 S-, SY-, ST- ja STY-sarjan mallit<br data-start=\"2585\" data-end=\"2588\" \/>korkeus 28 cm, leveys 35 cm<\/p>\n<\/li>\n<li data-start=\"2621\" data-end=\"2720\">\n<p data-start=\"2623\" data-end=\"2720\"><strong data-start=\"2623\" data-end=\"2631\">VTRV<\/strong> \u2013 S-, SY-, ST- ja STY-sarjan mallit, ruostumaton ter\u00e4s<br data-start=\"2686\" data-end=\"2689\" \/>korkeus 28 cm, leveys 35 cm<\/p>\n<\/li>\n<li data-start=\"2722\" data-end=\"2794\">\n<p data-start=\"2724\" data-end=\"2794\"><strong data-start=\"2724\" data-end=\"2733\">VT-SS<\/strong> \u2013 SS- ja SSY-sarjan mallit<\/p>\n<\/li>\n<\/ul>\n","protected":false},"excerpt":{"rendered":"<p>Kaikissa Skamet-verkkorunkoisissa (S-sarja) puul\u00e4mmitteisiss\u00e4 saunakiukaissa on mahdollisuus k\u00e4ytt\u00e4\u00e4 irrotettavaa vesitaskua.Kiukaan molemmilla sivuilla sek\u00e4 takana on kiinnityskohdat, joihin vesitasku on helppo<\/p>\n","protected":false},"featured_media":43995,"template":"","meta":{"_lmt_disableupdate":"","_lmt_disable":""},"product_brand":[],"product_cat":[1123],"product_tag":[],"class_list":{"0":"post-42443","1":"product","2":"type-product","3":"status-publish","4":"has-post-thumbnail","6":"product_cat-saunan-kiukaan-tarvikkeet","8":"first","9":"instock","10":"shipping-taxable","11":"product-type-simple"},"yoast_head":"<!-- This site is optimized with the Yoast SEO plugin v27.0 - https:\/\/yoast.com\/product\/yoast-seo-wordpress\/ -->\n<title>Irrotettava vesitasku verkkorunkoisille kiukaille - Skamet O\u00dc<\/title>\n<meta name=\"description\" content=\"Irrotettava vesitasku verkkorunkoisille kiukaille\" \/>\n<meta name=\"robots\" content=\"index, follow, max-snippet:-1, max-image-preview:large, max-video-preview:-1\" \/>\n<link rel=\"canonical\" href=\"https:\/\/www.skamet.ee\/tooted\/eemaldatav-veetasku-vorguga-keristele\/\" \/>\n<meta property=\"og:locale\" content=\"fi_FI\" \/>\n<meta property=\"og:type\" content=\"article\" \/>\n<meta property=\"og:title\" content=\"Irrotettava vesitasku verkkorunkoisille kiukaille - Skamet O\u00dc\" \/>\n<meta property=\"og:description\" content=\"Irrotettava vesitasku verkkorunkoisille kiukaille\" \/>\n<meta property=\"og:url\" content=\"https:\/\/www.skamet.ee\/tooted\/eemaldatav-veetasku-vorguga-keristele\/\" \/>\n<meta property=\"og:site_name\" content=\"Skamet O\u00dc\" \/>\n<meta property=\"article:modified_time\" content=\"2026-01-27T08:11:33+00:00\" \/>\n<meta property=\"og:image\" content=\"https:\/\/www.skamet.ee\/wp-content\/uploads\/2021\/03\/VT_Valge-scaled.jpg\" \/>\n\t<meta property=\"og:image:width\" content=\"2560\" \/>\n\t<meta property=\"og:image:height\" content=\"2560\" \/>\n\t<meta property=\"og:image:type\" content=\"image\/jpeg\" \/>\n<meta name=\"twitter:card\" content=\"summary_large_image\" \/>\n<meta name=\"twitter:label1\" content=\"Arvioitu lukuaika\" \/>\n\t<meta name=\"twitter:data1\" content=\"2 minuuttia\" \/>\n<script type=\"application\/ld+json\" class=\"yoast-schema-graph\">{\"@context\":\"https:\/\/schema.org\",\"@graph\":[{\"@type\":\"WebPage\",\"@id\":\"https:\/\/www.skamet.ee\/tooted\/eemaldatav-veetasku-vorguga-keristele\/\",\"url\":\"https:\/\/www.skamet.ee\/tooted\/eemaldatav-veetasku-vorguga-keristele\/\",\"name\":\"Irrotettava vesitasku verkkorunkoisille kiukaille - Skamet O\u00dc\",\"isPartOf\":{\"@id\":\"https:\/\/www.skamet.ee\/#website\"},\"primaryImageOfPage\":{\"@id\":\"https:\/\/www.skamet.ee\/tooted\/eemaldatav-veetasku-vorguga-keristele\/#primaryimage\"},\"image\":{\"@id\":\"https:\/\/www.skamet.ee\/tooted\/eemaldatav-veetasku-vorguga-keristele\/#primaryimage\"},\"thumbnailUrl\":\"https:\/\/www.skamet.ee\/wp-content\/uploads\/2021\/03\/VT_Valge-scaled.jpg\",\"datePublished\":\"2021-03-26T12:52:17+00:00\",\"dateModified\":\"2026-01-27T08:11:33+00:00\",\"description\":\"Irrotettava vesitasku verkkorunkoisille kiukaille\",\"breadcrumb\":{\"@id\":\"https:\/\/www.skamet.ee\/tooted\/eemaldatav-veetasku-vorguga-keristele\/#breadcrumb\"},\"inLanguage\":\"fi\",\"potentialAction\":[{\"@type\":\"ReadAction\",\"target\":[\"https:\/\/www.skamet.ee\/tooted\/eemaldatav-veetasku-vorguga-keristele\/\"]}]},{\"@type\":\"ImageObject\",\"inLanguage\":\"fi\",\"@id\":\"https:\/\/www.skamet.ee\/tooted\/eemaldatav-veetasku-vorguga-keristele\/#primaryimage\",\"url\":\"https:\/\/www.skamet.ee\/wp-content\/uploads\/2021\/03\/VT_Valge-scaled.jpg\",\"contentUrl\":\"https:\/\/www.skamet.ee\/wp-content\/uploads\/2021\/03\/VT_Valge-scaled.jpg\",\"width\":2560,\"height\":2560,\"caption\":\"VT Valge scaled\"},{\"@type\":\"BreadcrumbList\",\"@id\":\"https:\/\/www.skamet.ee\/tooted\/eemaldatav-veetasku-vorguga-keristele\/#breadcrumb\",\"itemListElement\":[{\"@type\":\"ListItem\",\"position\":1,\"name\":\"Home\",\"item\":\"https:\/\/www.skamet.ee\/fi\/\"},{\"@type\":\"ListItem\",\"position\":2,\"name\":\"Tuotteet\",\"item\":\"https:\/\/www.skamet.ee\/fi\/shop-2\/\"},{\"@type\":\"ListItem\",\"position\":3,\"name\":\"Irrotettava vesitasku verkkorunkoisille kiukaille\"}]},{\"@type\":\"WebSite\",\"@id\":\"https:\/\/www.skamet.ee\/#website\",\"url\":\"https:\/\/www.skamet.ee\/\",\"name\":\"Skamet O\u00dc\",\"description\":\"Efektiivsed puuk\u00fcttega saunaahjud Eesti tootjalt\",\"publisher\":{\"@id\":\"https:\/\/www.skamet.ee\/#organization\"},\"potentialAction\":[{\"@type\":\"SearchAction\",\"target\":{\"@type\":\"EntryPoint\",\"urlTemplate\":\"https:\/\/www.skamet.ee\/?s={search_term_string}\"},\"query-input\":{\"@type\":\"PropertyValueSpecification\",\"valueRequired\":true,\"valueName\":\"search_term_string\"}}],\"inLanguage\":\"fi\"},{\"@type\":\"Organization\",\"@id\":\"https:\/\/www.skamet.ee\/#organization\",\"name\":\"Skamet\",\"url\":\"https:\/\/www.skamet.ee\/\",\"logo\":{\"@type\":\"ImageObject\",\"inLanguage\":\"fi\",\"@id\":\"https:\/\/www.skamet.ee\/#\/schema\/logo\/image\/\",\"url\":\"https:\/\/www.skamet.ee\/wp-content\/uploads\/2015\/05\/logo-uus.png\",\"contentUrl\":\"https:\/\/www.skamet.ee\/wp-content\/uploads\/2015\/05\/logo-uus.png\",\"width\":300,\"height\":127,\"caption\":\"Skamet\"},\"image\":{\"@id\":\"https:\/\/www.skamet.ee\/#\/schema\/logo\/image\/\"}}]}<\/script>\n<!-- \/ Yoast SEO plugin. -->","yoast_head_json":{"title":"Irrotettava vesitasku verkkorunkoisille kiukaille - Skamet O\u00dc","description":"Irrotettava vesitasku verkkorunkoisille kiukaille","robots":{"index":"index","follow":"follow","max-snippet":"max-snippet:-1","max-image-preview":"max-image-preview:large","max-video-preview":"max-video-preview:-1"},"canonical":"https:\/\/www.skamet.ee\/tooted\/eemaldatav-veetasku-vorguga-keristele\/","og_locale":"fi_FI","og_type":"article","og_title":"Irrotettava vesitasku verkkorunkoisille kiukaille - Skamet O\u00dc","og_description":"Irrotettava vesitasku verkkorunkoisille kiukaille","og_url":"https:\/\/www.skamet.ee\/tooted\/eemaldatav-veetasku-vorguga-keristele\/","og_site_name":"Skamet O\u00dc","article_modified_time":"2026-01-27T08:11:33+00:00","og_image":[{"width":2560,"height":2560,"url":"https:\/\/www.skamet.ee\/wp-content\/uploads\/2021\/03\/VT_Valge-scaled.jpg","type":"image\/jpeg"}],"twitter_card":"summary_large_image","twitter_misc":{"Arvioitu lukuaika":"2 minuuttia"},"schema":{"@context":"https:\/\/schema.org","@graph":[{"@type":"WebPage","@id":"https:\/\/www.skamet.ee\/tooted\/eemaldatav-veetasku-vorguga-keristele\/","url":"https:\/\/www.skamet.ee\/tooted\/eemaldatav-veetasku-vorguga-keristele\/","name":"Irrotettava vesitasku verkkorunkoisille kiukaille - Skamet O\u00dc","isPartOf":{"@id":"https:\/\/www.skamet.ee\/#website"},"primaryImageOfPage":{"@id":"https:\/\/www.skamet.ee\/tooted\/eemaldatav-veetasku-vorguga-keristele\/#primaryimage"},"image":{"@id":"https:\/\/www.skamet.ee\/tooted\/eemaldatav-veetasku-vorguga-keristele\/#primaryimage"},"thumbnailUrl":"https:\/\/www.skamet.ee\/wp-content\/uploads\/2021\/03\/VT_Valge-scaled.jpg","datePublished":"2021-03-26T12:52:17+00:00","dateModified":"2026-01-27T08:11:33+00:00","description":"Irrotettava vesitasku verkkorunkoisille kiukaille","breadcrumb":{"@id":"https:\/\/www.skamet.ee\/tooted\/eemaldatav-veetasku-vorguga-keristele\/#breadcrumb"},"inLanguage":"fi","potentialAction":[{"@type":"ReadAction","target":["https:\/\/www.skamet.ee\/tooted\/eemaldatav-veetasku-vorguga-keristele\/"]}]},{"@type":"ImageObject","inLanguage":"fi","@id":"https:\/\/www.skamet.ee\/tooted\/eemaldatav-veetasku-vorguga-keristele\/#primaryimage","url":"https:\/\/www.skamet.ee\/wp-content\/uploads\/2021\/03\/VT_Valge-scaled.jpg","contentUrl":"https:\/\/www.skamet.ee\/wp-content\/uploads\/2021\/03\/VT_Valge-scaled.jpg","width":2560,"height":2560,"caption":"VT Valge scaled"},{"@type":"BreadcrumbList","@id":"https:\/\/www.skamet.ee\/tooted\/eemaldatav-veetasku-vorguga-keristele\/#breadcrumb","itemListElement":[{"@type":"ListItem","position":1,"name":"Home","item":"https:\/\/www.skamet.ee\/fi\/"},{"@type":"ListItem","position":2,"name":"Tuotteet","item":"https:\/\/www.skamet.ee\/fi\/shop-2\/"},{"@type":"ListItem","position":3,"name":"Irrotettava vesitasku verkkorunkoisille kiukaille"}]},{"@type":"WebSite","@id":"https:\/\/www.skamet.ee\/#website","url":"https:\/\/www.skamet.ee\/","name":"Skamet O\u00dc","description":"Efektiivsed puuk\u00fcttega saunaahjud Eesti tootjalt","publisher":{"@id":"https:\/\/www.skamet.ee\/#organization"},"potentialAction":[{"@type":"SearchAction","target":{"@type":"EntryPoint","urlTemplate":"https:\/\/www.skamet.ee\/?s={search_term_string}"},"query-input":{"@type":"PropertyValueSpecification","valueRequired":true,"valueName":"search_term_string"}}],"inLanguage":"fi"},{"@type":"Organization","@id":"https:\/\/www.skamet.ee\/#organization","name":"Skamet","url":"https:\/\/www.skamet.ee\/","logo":{"@type":"ImageObject","inLanguage":"fi","@id":"https:\/\/www.skamet.ee\/#\/schema\/logo\/image\/","url":"https:\/\/www.skamet.ee\/wp-content\/uploads\/2015\/05\/logo-uus.png","contentUrl":"https:\/\/www.skamet.ee\/wp-content\/uploads\/2015\/05\/logo-uus.png","width":300,"height":127,"caption":"Skamet"},"image":{"@id":"https:\/\/www.skamet.ee\/#\/schema\/logo\/image\/"}}]}},"_links":{"self":[{"href":"https:\/\/www.skamet.ee\/fi\/wp-json\/wp\/v2\/product\/42443","targetHints":{"allow":["GET"]}}],"collection":[{"href":"https:\/\/www.skamet.ee\/fi\/wp-json\/wp\/v2\/product"}],"about":[{"href":"https:\/\/www.skamet.ee\/fi\/wp-json\/wp\/v2\/types\/product"}],"version-history":[{"count":2,"href":"https:\/\/www.skamet.ee\/fi\/wp-json\/wp\/v2\/product\/42443\/revisions"}],"predecessor-version":[{"id":54092,"href":"https:\/\/www.skamet.ee\/fi\/wp-json\/wp\/v2\/product\/42443\/revisions\/54092"}],"wp:featuredmedia":[{"embeddable":true,"href":"https:\/\/www.skamet.ee\/fi\/wp-json\/wp\/v2\/media\/43995"}],"wp:attachment":[{"href":"https:\/\/www.skamet.ee\/fi\/wp-json\/wp\/v2\/media?parent=42443"}],"wp:term":[{"taxonomy":"product_brand","embeddable":true,"href":"https:\/\/www.skamet.ee\/fi\/wp-json\/wp\/v2\/product_brand?post=42443"},{"taxonomy":"product_cat","embeddable":true,"href":"https:\/\/www.skamet.ee\/fi\/wp-json\/wp\/v2\/product_cat?post=42443"},{"taxonomy":"product_tag","embeddable":true,"href":"https:\/\/www.skamet.ee\/fi\/wp-json\/wp\/v2\/product_tag?post=42443"}],"curies":[{"name":"wp","href":"https:\/\/api.w.org\/{rel}","templated":true}]}}