{"id":42452,"date":"2021-03-26T14:33:35","date_gmt":"2021-03-26T12:33:35","guid":{"rendered":"https:\/\/uus.skamet.ee\/tooted\/Ei-luokiteltu\/modulaarinen-savupiippu\/"},"modified":"2026-01-22T19:22:31","modified_gmt":"2026-01-22T17:22:31","slug":"modulaarinen-savupiippu","status":"publish","type":"product","link":"https:\/\/www.skamet.ee\/fi\/tooted\/modulaarinen-savupiippu\/","title":{"rendered":"Modulaarinen savupiippu"},"content":{"rendered":"<h3 data-start=\"20\" data-end=\"53\">Savupiippupaketti ARK-115<\/h3>\n<p data-start=\"55\" data-end=\"75\"><strong>P\u00e4\u00e4ominaisuudet:<\/strong><\/p>\n<ul data-start=\"77\" data-end=\"656\">\n<li data-start=\"77\" data-end=\"173\">\n<p data-start=\"79\" data-end=\"173\">Kaksinkertainen rakenne: hyv\u00e4 l\u00e4mm\u00f6neristys, viile\u00e4 ulkopinta ja minimaalinen l\u00e4mp\u00f6h\u00e4vi\u00f6<\/p>\n<\/li>\n<li data-start=\"174\" data-end=\"266\">\n<p data-start=\"176\" data-end=\"266\">Ruostumaton ter\u00e4s 1.4404: sis\u00e4putki 0,6 mm, kest\u00e4v\u00e4 korroosiota ja kuumuutta vastaan<\/p>\n<\/li>\n<li data-start=\"267\" data-end=\"326\">\n<p data-start=\"269\" data-end=\"326\">L\u00e4mm\u00f6nkesto: soveltuu savukaasuille jopa 600 \u00b0C<\/p>\n<\/li>\n<li data-start=\"327\" data-end=\"390\">\n<p data-start=\"329\" data-end=\"390\">Sertifioidut materiaalit: turvallinen k\u00e4ytt\u00e4\u00e4 saunoissa<\/p>\n<\/li>\n<li data-start=\"391\" data-end=\"472\">\n<p data-start=\"393\" data-end=\"472\">S\u00e4\u00e4dett\u00e4v\u00e4 pituus: 2410 mm \u2013 mukautuu erilaisiin asennusolosuhteisiin<\/p>\n<\/li>\n<li data-start=\"473\" data-end=\"587\">\n<p data-start=\"475\" data-end=\"587\">Tiiviys ja helppo asennus: toimitukseen sis\u00e4ltyv\u00e4 kumitiiviste (420 \u00d7 420 mm) takaa kaasutiiviin liitoksen<\/p>\n<\/li>\n<li data-start=\"588\" data-end=\"656\">\n<p data-start=\"590\" data-end=\"656\">Helppo asentaa: kaikki tarvittavat osat sis\u00e4ltyv\u00e4t pakettiin<\/p>\n<\/li>\n<\/ul>\n<p data-start=\"658\" data-end=\"667\"><strong>Edut:<\/strong><\/p>\n<ul data-start=\"669\" data-end=\"795\">\n<li data-start=\"669\" data-end=\"711\">\n<p data-start=\"671\" data-end=\"711\">Pitk\u00e4 k\u00e4ytt\u00f6ik\u00e4 ja korkea turvallisuus<\/p>\n<\/li>\n<li data-start=\"712\" data-end=\"751\">\n<p data-start=\"714\" data-end=\"751\">Helppo asennus ja s\u00e4\u00e4dett\u00e4v\u00e4 pituus<\/p>\n<\/li>\n<li data-start=\"752\" data-end=\"795\">\n<p data-start=\"754\" data-end=\"795\">Luotettava tiivistys \u2013 est\u00e4\u00e4 savuvuodot<\/p>\n<\/li>\n<\/ul>\n<p data-start=\"797\" data-end=\"817\"><strong>Tekniset tiedot:<\/strong><\/p>\n<ul data-start=\"819\" data-end=\"1193\">\n<li data-start=\"819\" data-end=\"856\">\n<p data-start=\"821\" data-end=\"856\">Sis\u00e4putken halkaisija: 115 mm<\/p>\n<\/li>\n<li data-start=\"857\" data-end=\"901\">\n<p data-start=\"859\" data-end=\"901\">Materiaali: ruostumaton ter\u00e4s 1.4404<\/p>\n<\/li>\n<li data-start=\"902\" data-end=\"934\">\n<p data-start=\"904\" data-end=\"934\">Sein\u00e4m\u00e4n paksuus: 0,6 mm<\/p>\n<\/li>\n<li data-start=\"935\" data-end=\"978\">\n<p data-start=\"937\" data-end=\"978\">Suurin savukaasun l\u00e4mp\u00f6tila: 600 \u00b0C<\/p>\n<\/li>\n<li data-start=\"979\" data-end=\"1013\">\n<p data-start=\"981\" data-end=\"1013\">S\u00e4\u00e4dett\u00e4v\u00e4 pituus: 2410 mm<\/p>\n<\/li>\n<li data-start=\"1014\" data-end=\"1049\">\n<p data-start=\"1016\" data-end=\"1049\">Tiiviste: kumi 420 \u00d7 420 mm<\/p>\n<\/li>\n<li data-start=\"1050\" data-end=\"1098\">\n<p data-start=\"1052\" data-end=\"1098\">Tyyppi: kaksisein\u00e4inen py\u00f6re\u00e4 savupiippu<\/p>\n<\/li>\n<li data-start=\"1099\" data-end=\"1174\">\n<p data-start=\"1101\" data-end=\"1174\">Pakkauksen mitat: korkeus 95 cm, leveys 24 cm, syvyys 55 cm<\/p>\n<\/li>\n<li data-start=\"1175\" data-end=\"1193\">\n<p data-start=\"1177\" data-end=\"1193\">Paino: 17 kg<\/p>\n<\/li>\n<\/ul>\n","protected":false},"excerpt":{"rendered":"<p>Savupiippupaketti ARK-115 P\u00e4\u00e4ominaisuudet: Kaksinkertainen rakenne: hyv\u00e4 l\u00e4mm\u00f6neristys, viile\u00e4 ulkopinta ja minimaalinen l\u00e4mp\u00f6h\u00e4vi\u00f6 Ruostumaton ter\u00e4s 1.4404: sis\u00e4putki 0,6 mm, kest\u00e4v\u00e4 korroosiota<\/p>\n","protected":false},"featured_media":49573,"template":"","meta":{"_lmt_disableupdate":"","_lmt_disable":""},"product_brand":[],"product_cat":[314],"product_tag":[],"class_list":{"0":"post-42452","1":"product","2":"type-product","3":"status-publish","4":"has-post-thumbnail","6":"product_cat-savuputket","8":"first","9":"instock","10":"shipping-taxable","11":"product-type-simple"},"yoast_head":"<!-- This site is optimized with the Yoast SEO plugin v27.0 - https:\/\/yoast.com\/product\/yoast-seo-wordpress\/ -->\n<title>Savupiippupaketti - Skamet O\u00dc<\/title>\n<meta name=\"description\" content=\"Savupiippupaketti\" \/>\n<meta name=\"robots\" content=\"index, follow, max-snippet:-1, max-image-preview:large, max-video-preview:-1\" \/>\n<link rel=\"canonical\" href=\"https:\/\/www.skamet.ee\/tooted\/korsten-koos-katuse-kummilabiviiguga\/\" \/>\n<meta property=\"og:locale\" content=\"fi_FI\" \/>\n<meta property=\"og:type\" content=\"article\" \/>\n<meta property=\"og:title\" content=\"Savupiippupaketti - Skamet O\u00dc\" \/>\n<meta property=\"og:description\" content=\"Savupiippupaketti\" \/>\n<meta property=\"og:url\" content=\"https:\/\/www.skamet.ee\/tooted\/korsten-koos-katuse-kummilabiviiguga\/\" \/>\n<meta property=\"og:site_name\" content=\"Skamet O\u00dc\" \/>\n<meta property=\"article:modified_time\" content=\"2026-01-22T17:22:31+00:00\" \/>\n<meta property=\"og:image\" content=\"https:\/\/www.skamet.ee\/wp-content\/uploads\/2021\/03\/ARK-115--scaled.jpg\" \/>\n\t<meta property=\"og:image:width\" content=\"1708\" \/>\n\t<meta property=\"og:image:height\" content=\"2560\" \/>\n\t<meta property=\"og:image:type\" content=\"image\/jpeg\" \/>\n<meta name=\"twitter:card\" content=\"summary_large_image\" \/>\n<meta name=\"twitter:label1\" content=\"Arvioitu lukuaika\" \/>\n\t<meta name=\"twitter:data1\" content=\"1 minuutti\" \/>\n<script type=\"application\/ld+json\" class=\"yoast-schema-graph\">{\"@context\":\"https:\/\/schema.org\",\"@graph\":[{\"@type\":\"WebPage\",\"@id\":\"https:\/\/www.skamet.ee\/tooted\/korsten-koos-katuse-kummilabiviiguga\/\",\"url\":\"https:\/\/www.skamet.ee\/tooted\/korsten-koos-katuse-kummilabiviiguga\/\",\"name\":\"Savupiippupaketti - Skamet O\u00dc\",\"isPartOf\":{\"@id\":\"https:\/\/www.skamet.ee\/#website\"},\"primaryImageOfPage\":{\"@id\":\"https:\/\/www.skamet.ee\/tooted\/korsten-koos-katuse-kummilabiviiguga\/#primaryimage\"},\"image\":{\"@id\":\"https:\/\/www.skamet.ee\/tooted\/korsten-koos-katuse-kummilabiviiguga\/#primaryimage\"},\"thumbnailUrl\":\"https:\/\/www.skamet.ee\/wp-content\/uploads\/2021\/03\/ARK-115--scaled.jpg\",\"datePublished\":\"2021-03-26T12:33:35+00:00\",\"dateModified\":\"2026-01-22T17:22:31+00:00\",\"description\":\"Savupiippupaketti\",\"breadcrumb\":{\"@id\":\"https:\/\/www.skamet.ee\/tooted\/korsten-koos-katuse-kummilabiviiguga\/#breadcrumb\"},\"inLanguage\":\"fi\",\"potentialAction\":[{\"@type\":\"ReadAction\",\"target\":[\"https:\/\/www.skamet.ee\/tooted\/korsten-koos-katuse-kummilabiviiguga\/\"]}]},{\"@type\":\"ImageObject\",\"inLanguage\":\"fi\",\"@id\":\"https:\/\/www.skamet.ee\/tooted\/korsten-koos-katuse-kummilabiviiguga\/#primaryimage\",\"url\":\"https:\/\/www.skamet.ee\/wp-content\/uploads\/2021\/03\/ARK-115--scaled.jpg\",\"contentUrl\":\"https:\/\/www.skamet.ee\/wp-content\/uploads\/2021\/03\/ARK-115--scaled.jpg\",\"width\":1708,\"height\":2560,\"caption\":\"ARK 115 scaled\"},{\"@type\":\"BreadcrumbList\",\"@id\":\"https:\/\/www.skamet.ee\/tooted\/korsten-koos-katuse-kummilabiviiguga\/#breadcrumb\",\"itemListElement\":[{\"@type\":\"ListItem\",\"position\":1,\"name\":\"Home\",\"item\":\"https:\/\/www.skamet.ee\/fi\/\"},{\"@type\":\"ListItem\",\"position\":2,\"name\":\"Tuotteet\",\"item\":\"https:\/\/www.skamet.ee\/fi\/shop-2\/\"},{\"@type\":\"ListItem\",\"position\":3,\"name\":\"Modulaarinen savupiippu\"}]},{\"@type\":\"WebSite\",\"@id\":\"https:\/\/www.skamet.ee\/#website\",\"url\":\"https:\/\/www.skamet.ee\/\",\"name\":\"Skamet O\u00dc\",\"description\":\"Efektiivsed puuk\u00fcttega saunaahjud Eesti tootjalt\",\"publisher\":{\"@id\":\"https:\/\/www.skamet.ee\/#organization\"},\"potentialAction\":[{\"@type\":\"SearchAction\",\"target\":{\"@type\":\"EntryPoint\",\"urlTemplate\":\"https:\/\/www.skamet.ee\/?s={search_term_string}\"},\"query-input\":{\"@type\":\"PropertyValueSpecification\",\"valueRequired\":true,\"valueName\":\"search_term_string\"}}],\"inLanguage\":\"fi\"},{\"@type\":\"Organization\",\"@id\":\"https:\/\/www.skamet.ee\/#organization\",\"name\":\"Skamet\",\"url\":\"https:\/\/www.skamet.ee\/\",\"logo\":{\"@type\":\"ImageObject\",\"inLanguage\":\"fi\",\"@id\":\"https:\/\/www.skamet.ee\/#\/schema\/logo\/image\/\",\"url\":\"https:\/\/www.skamet.ee\/wp-content\/uploads\/2015\/05\/logo-uus.png\",\"contentUrl\":\"https:\/\/www.skamet.ee\/wp-content\/uploads\/2015\/05\/logo-uus.png\",\"width\":300,\"height\":127,\"caption\":\"Skamet\"},\"image\":{\"@id\":\"https:\/\/www.skamet.ee\/#\/schema\/logo\/image\/\"}}]}<\/script>\n<!-- \/ Yoast SEO plugin. -->","yoast_head_json":{"title":"Savupiippupaketti - Skamet O\u00dc","description":"Savupiippupaketti","robots":{"index":"index","follow":"follow","max-snippet":"max-snippet:-1","max-image-preview":"max-image-preview:large","max-video-preview":"max-video-preview:-1"},"canonical":"https:\/\/www.skamet.ee\/tooted\/korsten-koos-katuse-kummilabiviiguga\/","og_locale":"fi_FI","og_type":"article","og_title":"Savupiippupaketti - Skamet O\u00dc","og_description":"Savupiippupaketti","og_url":"https:\/\/www.skamet.ee\/tooted\/korsten-koos-katuse-kummilabiviiguga\/","og_site_name":"Skamet O\u00dc","article_modified_time":"2026-01-22T17:22:31+00:00","og_image":[{"width":1708,"height":2560,"url":"https:\/\/www.skamet.ee\/wp-content\/uploads\/2021\/03\/ARK-115--scaled.jpg","type":"image\/jpeg"}],"twitter_card":"summary_large_image","twitter_misc":{"Arvioitu lukuaika":"1 minuutti"},"schema":{"@context":"https:\/\/schema.org","@graph":[{"@type":"WebPage","@id":"https:\/\/www.skamet.ee\/tooted\/korsten-koos-katuse-kummilabiviiguga\/","url":"https:\/\/www.skamet.ee\/tooted\/korsten-koos-katuse-kummilabiviiguga\/","name":"Savupiippupaketti - Skamet O\u00dc","isPartOf":{"@id":"https:\/\/www.skamet.ee\/#website"},"primaryImageOfPage":{"@id":"https:\/\/www.skamet.ee\/tooted\/korsten-koos-katuse-kummilabiviiguga\/#primaryimage"},"image":{"@id":"https:\/\/www.skamet.ee\/tooted\/korsten-koos-katuse-kummilabiviiguga\/#primaryimage"},"thumbnailUrl":"https:\/\/www.skamet.ee\/wp-content\/uploads\/2021\/03\/ARK-115--scaled.jpg","datePublished":"2021-03-26T12:33:35+00:00","dateModified":"2026-01-22T17:22:31+00:00","description":"Savupiippupaketti","breadcrumb":{"@id":"https:\/\/www.skamet.ee\/tooted\/korsten-koos-katuse-kummilabiviiguga\/#breadcrumb"},"inLanguage":"fi","potentialAction":[{"@type":"ReadAction","target":["https:\/\/www.skamet.ee\/tooted\/korsten-koos-katuse-kummilabiviiguga\/"]}]},{"@type":"ImageObject","inLanguage":"fi","@id":"https:\/\/www.skamet.ee\/tooted\/korsten-koos-katuse-kummilabiviiguga\/#primaryimage","url":"https:\/\/www.skamet.ee\/wp-content\/uploads\/2021\/03\/ARK-115--scaled.jpg","contentUrl":"https:\/\/www.skamet.ee\/wp-content\/uploads\/2021\/03\/ARK-115--scaled.jpg","width":1708,"height":2560,"caption":"ARK 115 scaled"},{"@type":"BreadcrumbList","@id":"https:\/\/www.skamet.ee\/tooted\/korsten-koos-katuse-kummilabiviiguga\/#breadcrumb","itemListElement":[{"@type":"ListItem","position":1,"name":"Home","item":"https:\/\/www.skamet.ee\/fi\/"},{"@type":"ListItem","position":2,"name":"Tuotteet","item":"https:\/\/www.skamet.ee\/fi\/shop-2\/"},{"@type":"ListItem","position":3,"name":"Modulaarinen savupiippu"}]},{"@type":"WebSite","@id":"https:\/\/www.skamet.ee\/#website","url":"https:\/\/www.skamet.ee\/","name":"Skamet O\u00dc","description":"Efektiivsed puuk\u00fcttega saunaahjud Eesti tootjalt","publisher":{"@id":"https:\/\/www.skamet.ee\/#organization"},"potentialAction":[{"@type":"SearchAction","target":{"@type":"EntryPoint","urlTemplate":"https:\/\/www.skamet.ee\/?s={search_term_string}"},"query-input":{"@type":"PropertyValueSpecification","valueRequired":true,"valueName":"search_term_string"}}],"inLanguage":"fi"},{"@type":"Organization","@id":"https:\/\/www.skamet.ee\/#organization","name":"Skamet","url":"https:\/\/www.skamet.ee\/","logo":{"@type":"ImageObject","inLanguage":"fi","@id":"https:\/\/www.skamet.ee\/#\/schema\/logo\/image\/","url":"https:\/\/www.skamet.ee\/wp-content\/uploads\/2015\/05\/logo-uus.png","contentUrl":"https:\/\/www.skamet.ee\/wp-content\/uploads\/2015\/05\/logo-uus.png","width":300,"height":127,"caption":"Skamet"},"image":{"@id":"https:\/\/www.skamet.ee\/#\/schema\/logo\/image\/"}}]}},"_links":{"self":[{"href":"https:\/\/www.skamet.ee\/fi\/wp-json\/wp\/v2\/product\/42452","targetHints":{"allow":["GET"]}}],"collection":[{"href":"https:\/\/www.skamet.ee\/fi\/wp-json\/wp\/v2\/product"}],"about":[{"href":"https:\/\/www.skamet.ee\/fi\/wp-json\/wp\/v2\/types\/product"}],"version-history":[{"count":4,"href":"https:\/\/www.skamet.ee\/fi\/wp-json\/wp\/v2\/product\/42452\/revisions"}],"predecessor-version":[{"id":53697,"href":"https:\/\/www.skamet.ee\/fi\/wp-json\/wp\/v2\/product\/42452\/revisions\/53697"}],"wp:featuredmedia":[{"embeddable":true,"href":"https:\/\/www.skamet.ee\/fi\/wp-json\/wp\/v2\/media\/49573"}],"wp:attachment":[{"href":"https:\/\/www.skamet.ee\/fi\/wp-json\/wp\/v2\/media?parent=42452"}],"wp:term":[{"taxonomy":"product_brand","embeddable":true,"href":"https:\/\/www.skamet.ee\/fi\/wp-json\/wp\/v2\/product_brand?post=42452"},{"taxonomy":"product_cat","embeddable":true,"href":"https:\/\/www.skamet.ee\/fi\/wp-json\/wp\/v2\/product_cat?post=42452"},{"taxonomy":"product_tag","embeddable":true,"href":"https:\/\/www.skamet.ee\/fi\/wp-json\/wp\/v2\/product_tag?post=42452"}],"curies":[{"name":"wp","href":"https:\/\/api.w.org\/{rel}","templated":true}]}}