{"id":42455,"date":"2021-03-26T13:32:23","date_gmt":"2021-03-26T11:32:23","guid":{"rendered":"https:\/\/uus.skamet.ee\/tooted\/Ei-luokiteltu\/perinteinen-2\/"},"modified":"2022-03-23T14:32:42","modified_gmt":"2022-03-23T12:32:42","slug":"perinteinen-2","status":"publish","type":"product","link":"https:\/\/www.skamet.ee\/fi\/tooted\/perinteinen-2\/","title":{"rendered":"Perinteinen"},"content":{"rendered":"<p><strong>Valmistetaan kahta erimittaista saunauunityyppi\u00e4:<\/strong><\/p>\n<p>Pienempi kiuas (<strong>malli P-216<\/strong>), jonka l\u00e4mmitett\u00e4v\u00e4 tilavuus 8 m\u00b3-18 m\u00b3. Uunin korkeus 73 cm. Kivim\u00e4\u00e4r\u00e4 40 kg.<br \/>\nSuurempi kiuas (<strong>malli P-220<\/strong>), jonka l\u00e4mmitett\u00e4v\u00e4 tilavuus 16 m\u00b3-25 m\u00b3. Uunin korkeus 81 cm. Kivim\u00e4\u00e4r\u00e4 50 kg.<br \/>\n<strong>Mitat l\u00f6ytyv\u00e4t\u00a0<a href=\"https:\/\/skamet.ee\/wp-content\/uploads\/2014\/03\/FIN-vaike.pdf\" target=\"_blank\" rel=\"noopener\">k\u00e4ytt\u00f6ohjeessa<\/a><\/strong><\/p>\n<table border=\"0\">\n<tbody>\n<tr>\n<td><strong><b>Vakiotuotteen parametrit<\/b>:<\/strong><br \/>\n\u00bb\u00a0 lasiovi (230 x 230 mm) tai ilman;<br \/>\n\u00bb\u00a0 savuhormin yhdist\u00e4minen p\u00e4\u00e4lt\u00e4;<br \/>\n\u00bb\u00a0 oven saranat vasemmalla puolella;<br \/>\n\u00bb\u00a0 saunauunin p\u00e4\u00e4llystys punainen\/musta;<br \/>\n\u00bb\u00a0 saunauuni maalattu kuumankest\u00e4v\u00e4ll\u00e4 maalilla;<br \/>\n\u00bb\u00a0 kuumavesis\u00e4ili\u00f6n liitt\u00e4misen mahdollisuus (oikea, vasen, takaa) tai ilman.<\/td>\n<td><strong><b>Eri vaihtoehtoja<\/b>:<\/strong><br \/>\n\u00bb\u00a0 vedin ruostumaton (sama kuin takkaovella uunilla);<br \/>\n\u00bb\u00a0 saunauunin sis\u00e4lt\u00f6 k\u00e4\u00e4nnettyn\u00e4;<br \/>\n\u00bb\u00a0 oven saranat oikealla puolella;<br \/>\n\u00bb\u00a0 p\u00e4\u00e4llystys kokonaan musta tai ruostumaton;<br \/>\n\u00bb\u00a0 p\u00e4\u00e4llystyksen yl\u00e4reuna ruostumaton;<br \/>\n\u00bb\u00a0 muihin mahdollisuuksiin voi tutustua\u00a0<a href=\"https:\/\/skamet.ee\/saunauunit\/saunauunien-erikoistilaukset?lang=fi\" target=\"_blank\" rel=\"noopener\"><strong>t\u00e4st\u00e4<\/strong><\/a><\/td>\n<\/tr>\n<\/tbody>\n<\/table>\n<p>&nbsp;<\/p>\n","protected":false},"excerpt":{"rendered":"<p>Valmistetaan kahta erimittaista saunauunityyppi\u00e4: Pienempi kiuas (malli P-216), jonka l\u00e4mmitett\u00e4v\u00e4 tilavuus 8 m\u00b3-18 m\u00b3. Uunin korkeus 73 cm. Kivim\u00e4\u00e4r\u00e4 40<\/p>\n","protected":false},"featured_media":40243,"template":"","meta":{"_lmt_disableupdate":"","_lmt_disable":""},"product_brand":[],"product_cat":[305],"product_tag":[],"class_list":{"0":"post-42455","1":"product","2":"type-product","3":"status-publish","4":"has-post-thumbnail","6":"product_cat-puukiuas","7":"pa_ahju-korgus-73-cm-fi","8":"pa_ahju-korgus-81-cm-fi","9":"pa_ahju-laius-43-cm-fi","10":"pa_ahju-sugavus-51-cm-fi","11":"pa_kivide-hulk-40-kg-fi","12":"pa_kivide-hulk-50-kg-fi","13":"pa_koetav-ruumala-16-m-25-m-fi","14":"pa_koetav-ruumala-8-m-18-m-fi","15":"pa_mudel-p-216-fi","16":"pa_mudel-p-220-fi","18":"first","19":"instock","20":"shipping-taxable","21":"product-type-simple"},"yoast_head":"<!-- This site is optimized with the Yoast SEO plugin v27.0 - https:\/\/yoast.com\/product\/yoast-seo-wordpress\/ -->\n<title>Perinteinen - Skamet O\u00dc<\/title>\n<meta name=\"robots\" content=\"index, follow, max-snippet:-1, max-image-preview:large, max-video-preview:-1\" \/>\n<link rel=\"canonical\" href=\"https:\/\/www.skamet.ee\/fi\/tooted\/perinteinen-2\/\" \/>\n<meta property=\"og:locale\" content=\"fi_FI\" \/>\n<meta property=\"og:type\" content=\"article\" \/>\n<meta property=\"og:title\" content=\"Perinteinen - Skamet O\u00dc\" \/>\n<meta property=\"og:description\" content=\"Valmistetaan kahta erimittaista saunauunityyppi\u00e4: Pienempi kiuas (malli P-216), jonka l\u00e4mmitett\u00e4v\u00e4 tilavuus 8 m\u00b3-18 m\u00b3. Uunin korkeus 73 cm. Kivim\u00e4\u00e4r\u00e4 40\" \/>\n<meta property=\"og:url\" content=\"https:\/\/www.skamet.ee\/fi\/tooted\/perinteinen-2\/\" \/>\n<meta property=\"og:site_name\" content=\"Skamet O\u00dc\" \/>\n<meta property=\"article:modified_time\" content=\"2022-03-23T12:32:42+00:00\" \/>\n<meta property=\"og:image\" content=\"https:\/\/www.skamet.ee\/wp-content\/uploads\/2021\/03\/PS-210-252x300-taust-1.png\" \/>\n\t<meta property=\"og:image:width\" content=\"252\" \/>\n\t<meta property=\"og:image:height\" content=\"300\" \/>\n\t<meta property=\"og:image:type\" content=\"image\/png\" \/>\n<meta name=\"twitter:card\" content=\"summary_large_image\" \/>\n<meta name=\"twitter:label1\" content=\"Arvioitu lukuaika\" \/>\n\t<meta name=\"twitter:data1\" content=\"1 minuutti\" \/>\n<script type=\"application\/ld+json\" class=\"yoast-schema-graph\">{\"@context\":\"https:\/\/schema.org\",\"@graph\":[{\"@type\":\"WebPage\",\"@id\":\"https:\/\/www.skamet.ee\/fi\/tooted\/perinteinen-2\/\",\"url\":\"https:\/\/www.skamet.ee\/fi\/tooted\/perinteinen-2\/\",\"name\":\"Perinteinen - Skamet O\u00dc\",\"isPartOf\":{\"@id\":\"https:\/\/www.skamet.ee\/#website\"},\"primaryImageOfPage\":{\"@id\":\"https:\/\/www.skamet.ee\/fi\/tooted\/perinteinen-2\/#primaryimage\"},\"image\":{\"@id\":\"https:\/\/www.skamet.ee\/fi\/tooted\/perinteinen-2\/#primaryimage\"},\"thumbnailUrl\":\"https:\/\/www.skamet.ee\/wp-content\/uploads\/2021\/03\/PS-210-252x300-taust-1.png\",\"datePublished\":\"2021-03-26T11:32:23+00:00\",\"dateModified\":\"2022-03-23T12:32:42+00:00\",\"breadcrumb\":{\"@id\":\"https:\/\/www.skamet.ee\/fi\/tooted\/perinteinen-2\/#breadcrumb\"},\"inLanguage\":\"fi\",\"potentialAction\":[{\"@type\":\"ReadAction\",\"target\":[\"https:\/\/www.skamet.ee\/fi\/tooted\/perinteinen-2\/\"]}]},{\"@type\":\"ImageObject\",\"inLanguage\":\"fi\",\"@id\":\"https:\/\/www.skamet.ee\/fi\/tooted\/perinteinen-2\/#primaryimage\",\"url\":\"https:\/\/www.skamet.ee\/wp-content\/uploads\/2021\/03\/PS-210-252x300-taust-1.png\",\"contentUrl\":\"https:\/\/www.skamet.ee\/wp-content\/uploads\/2021\/03\/PS-210-252x300-taust-1.png\",\"width\":252,\"height\":300,\"caption\":\"PS 210 252x300 taust 1\"},{\"@type\":\"BreadcrumbList\",\"@id\":\"https:\/\/www.skamet.ee\/fi\/tooted\/perinteinen-2\/#breadcrumb\",\"itemListElement\":[{\"@type\":\"ListItem\",\"position\":1,\"name\":\"Home\",\"item\":\"https:\/\/www.skamet.ee\/fi\/\"},{\"@type\":\"ListItem\",\"position\":2,\"name\":\"Tuotteet\",\"item\":\"https:\/\/www.skamet.ee\/fi\/shop-2\/\"},{\"@type\":\"ListItem\",\"position\":3,\"name\":\"Perinteinen\"}]},{\"@type\":\"WebSite\",\"@id\":\"https:\/\/www.skamet.ee\/#website\",\"url\":\"https:\/\/www.skamet.ee\/\",\"name\":\"Skamet O\u00dc\",\"description\":\"Efektiivsed puuk\u00fcttega saunaahjud Eesti tootjalt\",\"publisher\":{\"@id\":\"https:\/\/www.skamet.ee\/#organization\"},\"potentialAction\":[{\"@type\":\"SearchAction\",\"target\":{\"@type\":\"EntryPoint\",\"urlTemplate\":\"https:\/\/www.skamet.ee\/?s={search_term_string}\"},\"query-input\":{\"@type\":\"PropertyValueSpecification\",\"valueRequired\":true,\"valueName\":\"search_term_string\"}}],\"inLanguage\":\"fi\"},{\"@type\":\"Organization\",\"@id\":\"https:\/\/www.skamet.ee\/#organization\",\"name\":\"Skamet\",\"url\":\"https:\/\/www.skamet.ee\/\",\"logo\":{\"@type\":\"ImageObject\",\"inLanguage\":\"fi\",\"@id\":\"https:\/\/www.skamet.ee\/#\/schema\/logo\/image\/\",\"url\":\"https:\/\/www.skamet.ee\/wp-content\/uploads\/2015\/05\/logo-uus.png\",\"contentUrl\":\"https:\/\/www.skamet.ee\/wp-content\/uploads\/2015\/05\/logo-uus.png\",\"width\":300,\"height\":127,\"caption\":\"Skamet\"},\"image\":{\"@id\":\"https:\/\/www.skamet.ee\/#\/schema\/logo\/image\/\"}}]}<\/script>\n<!-- \/ Yoast SEO plugin. -->","yoast_head_json":{"title":"Perinteinen - Skamet O\u00dc","robots":{"index":"index","follow":"follow","max-snippet":"max-snippet:-1","max-image-preview":"max-image-preview:large","max-video-preview":"max-video-preview:-1"},"canonical":"https:\/\/www.skamet.ee\/fi\/tooted\/perinteinen-2\/","og_locale":"fi_FI","og_type":"article","og_title":"Perinteinen - Skamet O\u00dc","og_description":"Valmistetaan kahta erimittaista saunauunityyppi\u00e4: Pienempi kiuas (malli P-216), jonka l\u00e4mmitett\u00e4v\u00e4 tilavuus 8 m\u00b3-18 m\u00b3. Uunin korkeus 73 cm. Kivim\u00e4\u00e4r\u00e4 40","og_url":"https:\/\/www.skamet.ee\/fi\/tooted\/perinteinen-2\/","og_site_name":"Skamet O\u00dc","article_modified_time":"2022-03-23T12:32:42+00:00","og_image":[{"width":252,"height":300,"url":"https:\/\/www.skamet.ee\/wp-content\/uploads\/2021\/03\/PS-210-252x300-taust-1.png","type":"image\/png"}],"twitter_card":"summary_large_image","twitter_misc":{"Arvioitu lukuaika":"1 minuutti"},"schema":{"@context":"https:\/\/schema.org","@graph":[{"@type":"WebPage","@id":"https:\/\/www.skamet.ee\/fi\/tooted\/perinteinen-2\/","url":"https:\/\/www.skamet.ee\/fi\/tooted\/perinteinen-2\/","name":"Perinteinen - Skamet O\u00dc","isPartOf":{"@id":"https:\/\/www.skamet.ee\/#website"},"primaryImageOfPage":{"@id":"https:\/\/www.skamet.ee\/fi\/tooted\/perinteinen-2\/#primaryimage"},"image":{"@id":"https:\/\/www.skamet.ee\/fi\/tooted\/perinteinen-2\/#primaryimage"},"thumbnailUrl":"https:\/\/www.skamet.ee\/wp-content\/uploads\/2021\/03\/PS-210-252x300-taust-1.png","datePublished":"2021-03-26T11:32:23+00:00","dateModified":"2022-03-23T12:32:42+00:00","breadcrumb":{"@id":"https:\/\/www.skamet.ee\/fi\/tooted\/perinteinen-2\/#breadcrumb"},"inLanguage":"fi","potentialAction":[{"@type":"ReadAction","target":["https:\/\/www.skamet.ee\/fi\/tooted\/perinteinen-2\/"]}]},{"@type":"ImageObject","inLanguage":"fi","@id":"https:\/\/www.skamet.ee\/fi\/tooted\/perinteinen-2\/#primaryimage","url":"https:\/\/www.skamet.ee\/wp-content\/uploads\/2021\/03\/PS-210-252x300-taust-1.png","contentUrl":"https:\/\/www.skamet.ee\/wp-content\/uploads\/2021\/03\/PS-210-252x300-taust-1.png","width":252,"height":300,"caption":"PS 210 252x300 taust 1"},{"@type":"BreadcrumbList","@id":"https:\/\/www.skamet.ee\/fi\/tooted\/perinteinen-2\/#breadcrumb","itemListElement":[{"@type":"ListItem","position":1,"name":"Home","item":"https:\/\/www.skamet.ee\/fi\/"},{"@type":"ListItem","position":2,"name":"Tuotteet","item":"https:\/\/www.skamet.ee\/fi\/shop-2\/"},{"@type":"ListItem","position":3,"name":"Perinteinen"}]},{"@type":"WebSite","@id":"https:\/\/www.skamet.ee\/#website","url":"https:\/\/www.skamet.ee\/","name":"Skamet O\u00dc","description":"Efektiivsed puuk\u00fcttega saunaahjud Eesti tootjalt","publisher":{"@id":"https:\/\/www.skamet.ee\/#organization"},"potentialAction":[{"@type":"SearchAction","target":{"@type":"EntryPoint","urlTemplate":"https:\/\/www.skamet.ee\/?s={search_term_string}"},"query-input":{"@type":"PropertyValueSpecification","valueRequired":true,"valueName":"search_term_string"}}],"inLanguage":"fi"},{"@type":"Organization","@id":"https:\/\/www.skamet.ee\/#organization","name":"Skamet","url":"https:\/\/www.skamet.ee\/","logo":{"@type":"ImageObject","inLanguage":"fi","@id":"https:\/\/www.skamet.ee\/#\/schema\/logo\/image\/","url":"https:\/\/www.skamet.ee\/wp-content\/uploads\/2015\/05\/logo-uus.png","contentUrl":"https:\/\/www.skamet.ee\/wp-content\/uploads\/2015\/05\/logo-uus.png","width":300,"height":127,"caption":"Skamet"},"image":{"@id":"https:\/\/www.skamet.ee\/#\/schema\/logo\/image\/"}}]}},"_links":{"self":[{"href":"https:\/\/www.skamet.ee\/fi\/wp-json\/wp\/v2\/product\/42455","targetHints":{"allow":["GET"]}}],"collection":[{"href":"https:\/\/www.skamet.ee\/fi\/wp-json\/wp\/v2\/product"}],"about":[{"href":"https:\/\/www.skamet.ee\/fi\/wp-json\/wp\/v2\/types\/product"}],"version-history":[{"count":1,"href":"https:\/\/www.skamet.ee\/fi\/wp-json\/wp\/v2\/product\/42455\/revisions"}],"predecessor-version":[{"id":43029,"href":"https:\/\/www.skamet.ee\/fi\/wp-json\/wp\/v2\/product\/42455\/revisions\/43029"}],"wp:featuredmedia":[{"embeddable":true,"href":"https:\/\/www.skamet.ee\/fi\/wp-json\/wp\/v2\/media\/40243"}],"wp:attachment":[{"href":"https:\/\/www.skamet.ee\/fi\/wp-json\/wp\/v2\/media?parent=42455"}],"wp:term":[{"taxonomy":"product_brand","embeddable":true,"href":"https:\/\/www.skamet.ee\/fi\/wp-json\/wp\/v2\/product_brand?post=42455"},{"taxonomy":"product_cat","embeddable":true,"href":"https:\/\/www.skamet.ee\/fi\/wp-json\/wp\/v2\/product_cat?post=42455"},{"taxonomy":"product_tag","embeddable":true,"href":"https:\/\/www.skamet.ee\/fi\/wp-json\/wp\/v2\/product_tag?post=42455"}],"curies":[{"name":"wp","href":"https:\/\/api.w.org\/{rel}","templated":true}]}}