{"id":42477,"date":"2021-03-26T13:17:40","date_gmt":"2021-03-26T11:17:40","guid":{"rendered":"https:\/\/uus.skamet.ee\/tooted\/Ei-luokiteltu\/sailiolla-40l\/"},"modified":"2022-03-23T14:36:02","modified_gmt":"2022-03-23T12:36:02","slug":"sailiolla-40l","status":"publish","type":"product","link":"https:\/\/www.skamet.ee\/fi\/tooted\/sailiolla-40l\/","title":{"rendered":"S\u00e4ili\u00f6ll\u00e4 40l"},"content":{"rendered":"<p><strong>Valmistetaan kahta erimittaista saunauunityyppi\u00e4:<\/strong><\/p>\n<p>Pienempi kiuas (<strong>malli P-11640<\/strong>), jonka l\u00e4mmitett\u00e4v\u00e4 tilavuus 8 m\u00b3-18 m\u00b3. Uunin korkeus 73 cm. Kivim\u00e4\u00e4r\u00e4 40 kg.<br \/>\nSuurempi kiuas (<strong>malli P-12040<\/strong>), jonka l\u00e4mmitett\u00e4v\u00e4 tilavuus 16 m\u00b3-25 m\u00b3. Uunin korkeus 81 cm. Kivim\u00e4\u00e4r\u00e4 50 kg.<br \/>\n<strong>Mitat l\u00f6ytyv\u00e4t\u00a0<a href=\"https:\/\/skamet.ee\/wp-content\/uploads\/2014\/03\/FIN-vaike.pdf\" target=\"_blank\" rel=\"noopener noreferrer\">k\u00e4ytt\u00f6ohjeessa<\/a><\/strong><\/p>\n<p>&nbsp;<\/p>\n<div id=\"unitegallery_10_3\" class=\"unite-gallery\"><\/div>\n<p>&nbsp;<\/p>\n<table border=\"0\">\n<tbody>\n<tr>\n<td><strong><b>Vakiotuotteen parametrit<\/b>:<\/strong><br \/>\n\u00bb\u00a0 lasiovi (230 x 230 mm) tai ilman;<br \/>\n\u00bb\u00a0 savuhormin yhdist\u00e4minen p\u00e4\u00e4lt\u00e4 ja takaa;<br \/>\n\u00bb\u00a0 oven saranat vasemmalla puolella;<br \/>\n\u00bb \u00a0p\u00e4\u00e4llystyksen v\u00e4ri musta tai yl\u00e4reuna ruostumaton;<br \/>\n\u00bb \u00a040-litran s\u00e4ili\u00f6 normaalimetallia (oikealla, vasemmalla, takana);<br \/>\n\u00bb \u00a0s\u00e4ili\u00f6ll\u00e4 ruostumaton kansi<\/td>\n<td><strong><b>Eri vaihtoehtoja<\/b><\/strong>:<br \/>\n\u00bb\u00a0 vedin ruostumaton (sama kuin takkaovella uunilla);<br \/>\n\u00bb \u00a0puukiuas sis\u00e4lt\u00f6 k\u00e4\u00e4nnettyn\u00e4;<br \/>\n\u00bb\u00a0 oven saranat oikealla puolella;<br \/>\n\u00bb \u00a0p\u00e4\u00e4llystys kokonaan punainen\/musta tai ruostumaton;<br \/>\n\u00bb\u00a040-litran s\u00e4ili\u00f6 roustumaton;<br \/>\n\u00bb \u00a0muihin mahdollisuuksiin voi tutustua\u00a0<a href=\"https:\/\/skamet.ee\/saunauunit\/saunauunien-erikoistilaukset?lang=fi&amp;lang=fi\"><strong>t\u00e4st\u00e4<\/strong><\/a><\/td>\n<\/tr>\n<\/tbody>\n<\/table>\n","protected":false},"excerpt":{"rendered":"<p>Valmistetaan kahta erimittaista saunauunityyppi\u00e4: Pienempi kiuas (malli P-11640), jonka l\u00e4mmitett\u00e4v\u00e4 tilavuus 8 m\u00b3-18 m\u00b3. Uunin korkeus 73 cm. Kivim\u00e4\u00e4r\u00e4 40<\/p>\n","protected":false},"featured_media":43015,"template":"","meta":{"_lmt_disableupdate":"","_lmt_disable":""},"product_brand":[],"product_cat":[307],"product_tag":[],"class_list":{"0":"post-42477","1":"product","2":"type-product","3":"status-publish","4":"has-post-thumbnail","6":"product_cat-samasta-tilasta-lammitettavat","7":"pa_ahju-korgus-73-cm-fi","8":"pa_ahju-korgus-81-cm-fi","9":"pa_ahju-laius-61-cm-fi","10":"pa_ahju-sugavus-51-cm-fi","11":"pa_kivide-hulk-40-kg-fi","12":"pa_kivide-hulk-50-kg-fi","13":"pa_koetav-ruumala-16-m-25-m-fi","14":"pa_koetav-ruumala-8-m-18-m-fi","15":"pa_maht-40l-fi","16":"pa_mudel-p-11640-fi","17":"pa_mudel-p-12040-fi","19":"first","20":"instock","21":"shipping-taxable","22":"product-type-simple"},"yoast_head":"<!-- This site is optimized with the Yoast SEO plugin v27.0 - https:\/\/yoast.com\/product\/yoast-seo-wordpress\/ -->\n<title>S\u00e4ili\u00f6ll\u00e4 40l - Skamet O\u00dc<\/title>\n<meta name=\"robots\" content=\"index, follow, max-snippet:-1, max-image-preview:large, max-video-preview:-1\" \/>\n<link rel=\"canonical\" href=\"https:\/\/www.skamet.ee\/fi\/tooted\/sailiolla-40l\/\" \/>\n<meta property=\"og:locale\" content=\"fi_FI\" \/>\n<meta property=\"og:type\" content=\"article\" \/>\n<meta property=\"og:title\" content=\"S\u00e4ili\u00f6ll\u00e4 40l - Skamet O\u00dc\" \/>\n<meta property=\"og:description\" content=\"Valmistetaan kahta erimittaista saunauunityyppi\u00e4: Pienempi kiuas (malli P-11640), jonka l\u00e4mmitett\u00e4v\u00e4 tilavuus 8 m\u00b3-18 m\u00b3. Uunin korkeus 73 cm. Kivim\u00e4\u00e4r\u00e4 40\" \/>\n<meta property=\"og:url\" content=\"https:\/\/www.skamet.ee\/fi\/tooted\/sailiolla-40l\/\" \/>\n<meta property=\"og:site_name\" content=\"Skamet O\u00dc\" \/>\n<meta property=\"article:modified_time\" content=\"2022-03-23T12:36:02+00:00\" \/>\n<meta property=\"og:image\" content=\"https:\/\/www.skamet.ee\/wp-content\/uploads\/2021\/03\/P-11640-GL.jpg\" \/>\n\t<meta property=\"og:image:width\" content=\"717\" \/>\n\t<meta property=\"og:image:height\" content=\"1075\" \/>\n\t<meta property=\"og:image:type\" content=\"image\/jpeg\" \/>\n<meta name=\"twitter:card\" content=\"summary_large_image\" \/>\n<meta name=\"twitter:label1\" content=\"Arvioitu lukuaika\" \/>\n\t<meta name=\"twitter:data1\" content=\"1 minuutti\" \/>\n<script type=\"application\/ld+json\" class=\"yoast-schema-graph\">{\"@context\":\"https:\/\/schema.org\",\"@graph\":[{\"@type\":\"WebPage\",\"@id\":\"https:\/\/www.skamet.ee\/fi\/tooted\/sailiolla-40l\/\",\"url\":\"https:\/\/www.skamet.ee\/fi\/tooted\/sailiolla-40l\/\",\"name\":\"S\u00e4ili\u00f6ll\u00e4 40l - Skamet O\u00dc\",\"isPartOf\":{\"@id\":\"https:\/\/www.skamet.ee\/#website\"},\"primaryImageOfPage\":{\"@id\":\"https:\/\/www.skamet.ee\/fi\/tooted\/sailiolla-40l\/#primaryimage\"},\"image\":{\"@id\":\"https:\/\/www.skamet.ee\/fi\/tooted\/sailiolla-40l\/#primaryimage\"},\"thumbnailUrl\":\"https:\/\/www.skamet.ee\/wp-content\/uploads\/2021\/03\/P-11640-GL.jpg\",\"datePublished\":\"2021-03-26T11:17:40+00:00\",\"dateModified\":\"2022-03-23T12:36:02+00:00\",\"breadcrumb\":{\"@id\":\"https:\/\/www.skamet.ee\/fi\/tooted\/sailiolla-40l\/#breadcrumb\"},\"inLanguage\":\"fi\",\"potentialAction\":[{\"@type\":\"ReadAction\",\"target\":[\"https:\/\/www.skamet.ee\/fi\/tooted\/sailiolla-40l\/\"]}]},{\"@type\":\"ImageObject\",\"inLanguage\":\"fi\",\"@id\":\"https:\/\/www.skamet.ee\/fi\/tooted\/sailiolla-40l\/#primaryimage\",\"url\":\"https:\/\/www.skamet.ee\/wp-content\/uploads\/2021\/03\/P-11640-GL.jpg\",\"contentUrl\":\"https:\/\/www.skamet.ee\/wp-content\/uploads\/2021\/03\/P-11640-GL.jpg\",\"width\":717,\"height\":1075,\"caption\":\"P 11640 GL\"},{\"@type\":\"BreadcrumbList\",\"@id\":\"https:\/\/www.skamet.ee\/fi\/tooted\/sailiolla-40l\/#breadcrumb\",\"itemListElement\":[{\"@type\":\"ListItem\",\"position\":1,\"name\":\"Home\",\"item\":\"https:\/\/www.skamet.ee\/fi\/\"},{\"@type\":\"ListItem\",\"position\":2,\"name\":\"Tuotteet\",\"item\":\"https:\/\/www.skamet.ee\/fi\/shop-2\/\"},{\"@type\":\"ListItem\",\"position\":3,\"name\":\"S\u00e4ili\u00f6ll\u00e4 40l\"}]},{\"@type\":\"WebSite\",\"@id\":\"https:\/\/www.skamet.ee\/#website\",\"url\":\"https:\/\/www.skamet.ee\/\",\"name\":\"Skamet O\u00dc\",\"description\":\"Efektiivsed puuk\u00fcttega saunaahjud Eesti tootjalt\",\"publisher\":{\"@id\":\"https:\/\/www.skamet.ee\/#organization\"},\"potentialAction\":[{\"@type\":\"SearchAction\",\"target\":{\"@type\":\"EntryPoint\",\"urlTemplate\":\"https:\/\/www.skamet.ee\/?s={search_term_string}\"},\"query-input\":{\"@type\":\"PropertyValueSpecification\",\"valueRequired\":true,\"valueName\":\"search_term_string\"}}],\"inLanguage\":\"fi\"},{\"@type\":\"Organization\",\"@id\":\"https:\/\/www.skamet.ee\/#organization\",\"name\":\"Skamet\",\"url\":\"https:\/\/www.skamet.ee\/\",\"logo\":{\"@type\":\"ImageObject\",\"inLanguage\":\"fi\",\"@id\":\"https:\/\/www.skamet.ee\/#\/schema\/logo\/image\/\",\"url\":\"https:\/\/www.skamet.ee\/wp-content\/uploads\/2015\/05\/logo-uus.png\",\"contentUrl\":\"https:\/\/www.skamet.ee\/wp-content\/uploads\/2015\/05\/logo-uus.png\",\"width\":300,\"height\":127,\"caption\":\"Skamet\"},\"image\":{\"@id\":\"https:\/\/www.skamet.ee\/#\/schema\/logo\/image\/\"}}]}<\/script>\n<!-- \/ Yoast SEO plugin. -->","yoast_head_json":{"title":"S\u00e4ili\u00f6ll\u00e4 40l - Skamet O\u00dc","robots":{"index":"index","follow":"follow","max-snippet":"max-snippet:-1","max-image-preview":"max-image-preview:large","max-video-preview":"max-video-preview:-1"},"canonical":"https:\/\/www.skamet.ee\/fi\/tooted\/sailiolla-40l\/","og_locale":"fi_FI","og_type":"article","og_title":"S\u00e4ili\u00f6ll\u00e4 40l - Skamet O\u00dc","og_description":"Valmistetaan kahta erimittaista saunauunityyppi\u00e4: Pienempi kiuas (malli P-11640), jonka l\u00e4mmitett\u00e4v\u00e4 tilavuus 8 m\u00b3-18 m\u00b3. Uunin korkeus 73 cm. Kivim\u00e4\u00e4r\u00e4 40","og_url":"https:\/\/www.skamet.ee\/fi\/tooted\/sailiolla-40l\/","og_site_name":"Skamet O\u00dc","article_modified_time":"2022-03-23T12:36:02+00:00","og_image":[{"width":717,"height":1075,"url":"https:\/\/www.skamet.ee\/wp-content\/uploads\/2021\/03\/P-11640-GL.jpg","type":"image\/jpeg"}],"twitter_card":"summary_large_image","twitter_misc":{"Arvioitu lukuaika":"1 minuutti"},"schema":{"@context":"https:\/\/schema.org","@graph":[{"@type":"WebPage","@id":"https:\/\/www.skamet.ee\/fi\/tooted\/sailiolla-40l\/","url":"https:\/\/www.skamet.ee\/fi\/tooted\/sailiolla-40l\/","name":"S\u00e4ili\u00f6ll\u00e4 40l - Skamet O\u00dc","isPartOf":{"@id":"https:\/\/www.skamet.ee\/#website"},"primaryImageOfPage":{"@id":"https:\/\/www.skamet.ee\/fi\/tooted\/sailiolla-40l\/#primaryimage"},"image":{"@id":"https:\/\/www.skamet.ee\/fi\/tooted\/sailiolla-40l\/#primaryimage"},"thumbnailUrl":"https:\/\/www.skamet.ee\/wp-content\/uploads\/2021\/03\/P-11640-GL.jpg","datePublished":"2021-03-26T11:17:40+00:00","dateModified":"2022-03-23T12:36:02+00:00","breadcrumb":{"@id":"https:\/\/www.skamet.ee\/fi\/tooted\/sailiolla-40l\/#breadcrumb"},"inLanguage":"fi","potentialAction":[{"@type":"ReadAction","target":["https:\/\/www.skamet.ee\/fi\/tooted\/sailiolla-40l\/"]}]},{"@type":"ImageObject","inLanguage":"fi","@id":"https:\/\/www.skamet.ee\/fi\/tooted\/sailiolla-40l\/#primaryimage","url":"https:\/\/www.skamet.ee\/wp-content\/uploads\/2021\/03\/P-11640-GL.jpg","contentUrl":"https:\/\/www.skamet.ee\/wp-content\/uploads\/2021\/03\/P-11640-GL.jpg","width":717,"height":1075,"caption":"P 11640 GL"},{"@type":"BreadcrumbList","@id":"https:\/\/www.skamet.ee\/fi\/tooted\/sailiolla-40l\/#breadcrumb","itemListElement":[{"@type":"ListItem","position":1,"name":"Home","item":"https:\/\/www.skamet.ee\/fi\/"},{"@type":"ListItem","position":2,"name":"Tuotteet","item":"https:\/\/www.skamet.ee\/fi\/shop-2\/"},{"@type":"ListItem","position":3,"name":"S\u00e4ili\u00f6ll\u00e4 40l"}]},{"@type":"WebSite","@id":"https:\/\/www.skamet.ee\/#website","url":"https:\/\/www.skamet.ee\/","name":"Skamet O\u00dc","description":"Efektiivsed puuk\u00fcttega saunaahjud Eesti tootjalt","publisher":{"@id":"https:\/\/www.skamet.ee\/#organization"},"potentialAction":[{"@type":"SearchAction","target":{"@type":"EntryPoint","urlTemplate":"https:\/\/www.skamet.ee\/?s={search_term_string}"},"query-input":{"@type":"PropertyValueSpecification","valueRequired":true,"valueName":"search_term_string"}}],"inLanguage":"fi"},{"@type":"Organization","@id":"https:\/\/www.skamet.ee\/#organization","name":"Skamet","url":"https:\/\/www.skamet.ee\/","logo":{"@type":"ImageObject","inLanguage":"fi","@id":"https:\/\/www.skamet.ee\/#\/schema\/logo\/image\/","url":"https:\/\/www.skamet.ee\/wp-content\/uploads\/2015\/05\/logo-uus.png","contentUrl":"https:\/\/www.skamet.ee\/wp-content\/uploads\/2015\/05\/logo-uus.png","width":300,"height":127,"caption":"Skamet"},"image":{"@id":"https:\/\/www.skamet.ee\/#\/schema\/logo\/image\/"}}]}},"_links":{"self":[{"href":"https:\/\/www.skamet.ee\/fi\/wp-json\/wp\/v2\/product\/42477","targetHints":{"allow":["GET"]}}],"collection":[{"href":"https:\/\/www.skamet.ee\/fi\/wp-json\/wp\/v2\/product"}],"about":[{"href":"https:\/\/www.skamet.ee\/fi\/wp-json\/wp\/v2\/types\/product"}],"version-history":[{"count":1,"href":"https:\/\/www.skamet.ee\/fi\/wp-json\/wp\/v2\/product\/42477\/revisions"}],"predecessor-version":[{"id":43033,"href":"https:\/\/www.skamet.ee\/fi\/wp-json\/wp\/v2\/product\/42477\/revisions\/43033"}],"wp:featuredmedia":[{"embeddable":true,"href":"https:\/\/www.skamet.ee\/fi\/wp-json\/wp\/v2\/media\/43015"}],"wp:attachment":[{"href":"https:\/\/www.skamet.ee\/fi\/wp-json\/wp\/v2\/media?parent=42477"}],"wp:term":[{"taxonomy":"product_brand","embeddable":true,"href":"https:\/\/www.skamet.ee\/fi\/wp-json\/wp\/v2\/product_brand?post=42477"},{"taxonomy":"product_cat","embeddable":true,"href":"https:\/\/www.skamet.ee\/fi\/wp-json\/wp\/v2\/product_cat?post=42477"},{"taxonomy":"product_tag","embeddable":true,"href":"https:\/\/www.skamet.ee\/fi\/wp-json\/wp\/v2\/product_tag?post=42477"}],"curies":[{"name":"wp","href":"https:\/\/api.w.org\/{rel}","templated":true}]}}