{"id":42483,"date":"2021-03-24T15:01:35","date_gmt":"2021-03-24T13:01:35","guid":{"rendered":"https:\/\/uus.skamet.ee\/tooted\/Ei-luokiteltu\/puukiuas-metallirungolla-toisesta-tilasta-lammitettavat\/"},"modified":"2021-03-24T15:01:35","modified_gmt":"2021-03-24T13:01:35","slug":"puukiuas-metallirungolla-toisesta-tilasta-lammitettavat","status":"publish","type":"product","link":"https:\/\/www.skamet.ee\/fi\/tooted\/puukiuas-metallirungolla-toisesta-tilasta-lammitettavat\/","title":{"rendered":"Puukiuas metallirungolla Toisesta tilasta l\u00e4mmitett\u00e4v\u00e4t"},"content":{"rendered":"<p>Saunauuni on ohjattu sein\u00e4n l\u00e4pi eli l\u00e4mmitys tapahtuu toisesta tilasta. L\u00e4piviennin pituus on 170 mm. Voidaan tilata sek\u00e4 pitempi ett\u00e4 lyhyempi. Vakiosaunauuneilla on savuhormiin liitt\u00e4misen mahdollisuus ainoastaan p\u00e4\u00e4lt\u00e4, oven puolelta. Voidaan tilata k\u00e4\u00e4nnetyll\u00e4 sis\u00e4ll\u00f6ll\u00e4 \u2013 eli savuputken yhdist\u00e4minen tapahtuisi sek\u00e4 takasein\u00e4st\u00e4 ett\u00e4 p\u00e4\u00e4lt\u00e4, takasein\u00e4n puolelta.<\/p>\n","protected":false},"excerpt":{"rendered":"<p>Saunauuni on ohjattu sein\u00e4n l\u00e4pi eli l\u00e4mmitys tapahtuu toisesta tilasta. L\u00e4piviennin pituus on 170 mm. Voidaan tilata sek\u00e4 pitempi ett\u00e4<\/p>\n","protected":false},"featured_media":44012,"template":"","meta":{"_lmt_disableupdate":"","_lmt_disable":""},"product_brand":[],"product_cat":[305],"product_tag":[],"class_list":{"0":"post-42483","1":"product","2":"type-product","3":"status-publish","4":"has-post-thumbnail","6":"product_cat-puukiuas","7":"pa_ahju-korgus-60-cm-fi","8":"pa_ahju-korgus-73-cm-fi","9":"pa_ahju-korgus-81-cm-fi","10":"pa_ahju-laius-39-cm-fi","11":"pa_ahju-laius-43-cm-fi","12":"pa_ahju-laius-61-cm-fi","13":"pa_ahju-sugavus-45-cm-fi","14":"pa_ahju-sugavus-51-cm-fi","15":"pa_kivide-hulk-20-kg-fi","16":"pa_kivide-hulk-40-kg-fi","17":"pa_kivide-hulk-50-kg-fi","18":"pa_koetav-ruumala-16-m-25-m-fi","19":"pa_koetav-ruumala-5-m-12-m-fi","20":"pa_koetav-ruumala-8-m-18-m-fi","21":"pa_mudel-p-216-fi","22":"pa_mudel-p-21640-fi","23":"pa_mudel-p-220-fi","24":"pa_mudel-p-22040-fi","25":"pa_mudel-ps-210-fi","26":"pa_mudel-pt-216-fi","27":"pa_mudel-pt-220-fi","29":"first","30":"instock","31":"shipping-taxable","32":"product-type-simple"},"yoast_head":"<!-- This site is optimized with the Yoast SEO plugin v27.0 - https:\/\/yoast.com\/product\/yoast-seo-wordpress\/ -->\n<title>Puukiuas metallirungolla Toisesta tilasta l\u00e4mmitett\u00e4v\u00e4t - Skamet O\u00dc<\/title>\n<meta name=\"robots\" content=\"index, follow, max-snippet:-1, max-image-preview:large, max-video-preview:-1\" \/>\n<link rel=\"canonical\" href=\"https:\/\/www.skamet.ee\/fi\/tooted\/puukiuas-metallirungolla-toisesta-tilasta-lammitettavat\/\" \/>\n<meta property=\"og:locale\" content=\"fi_FI\" \/>\n<meta property=\"og:type\" content=\"article\" \/>\n<meta property=\"og:title\" content=\"Puukiuas metallirungolla Toisesta tilasta l\u00e4mmitett\u00e4v\u00e4t - Skamet O\u00dc\" \/>\n<meta property=\"og:description\" content=\"Saunauuni on ohjattu sein\u00e4n l\u00e4pi eli l\u00e4mmitys tapahtuu toisesta tilasta. L\u00e4piviennin pituus on 170 mm. Voidaan tilata sek\u00e4 pitempi ett\u00e4\" \/>\n<meta property=\"og:url\" content=\"https:\/\/www.skamet.ee\/fi\/tooted\/puukiuas-metallirungolla-toisesta-tilasta-lammitettavat\/\" \/>\n<meta property=\"og:site_name\" content=\"Skamet O\u00dc\" \/>\n<meta property=\"og:image\" content=\"https:\/\/www.skamet.ee\/wp-content\/uploads\/2021\/03\/P-216-GL-1.jpg\" \/>\n\t<meta property=\"og:image:width\" content=\"717\" \/>\n\t<meta property=\"og:image:height\" content=\"1075\" \/>\n\t<meta property=\"og:image:type\" content=\"image\/jpeg\" \/>\n<meta name=\"twitter:card\" content=\"summary_large_image\" \/>\n<script type=\"application\/ld+json\" class=\"yoast-schema-graph\">{\"@context\":\"https:\/\/schema.org\",\"@graph\":[{\"@type\":\"WebPage\",\"@id\":\"https:\/\/www.skamet.ee\/fi\/tooted\/puukiuas-metallirungolla-toisesta-tilasta-lammitettavat\/\",\"url\":\"https:\/\/www.skamet.ee\/fi\/tooted\/puukiuas-metallirungolla-toisesta-tilasta-lammitettavat\/\",\"name\":\"Puukiuas metallirungolla Toisesta tilasta l\u00e4mmitett\u00e4v\u00e4t - Skamet O\u00dc\",\"isPartOf\":{\"@id\":\"https:\/\/www.skamet.ee\/#website\"},\"primaryImageOfPage\":{\"@id\":\"https:\/\/www.skamet.ee\/fi\/tooted\/puukiuas-metallirungolla-toisesta-tilasta-lammitettavat\/#primaryimage\"},\"image\":{\"@id\":\"https:\/\/www.skamet.ee\/fi\/tooted\/puukiuas-metallirungolla-toisesta-tilasta-lammitettavat\/#primaryimage\"},\"thumbnailUrl\":\"https:\/\/www.skamet.ee\/wp-content\/uploads\/2021\/03\/P-216-GL-1.jpg\",\"datePublished\":\"2021-03-24T13:01:35+00:00\",\"breadcrumb\":{\"@id\":\"https:\/\/www.skamet.ee\/fi\/tooted\/puukiuas-metallirungolla-toisesta-tilasta-lammitettavat\/#breadcrumb\"},\"inLanguage\":\"fi\",\"potentialAction\":[{\"@type\":\"ReadAction\",\"target\":[\"https:\/\/www.skamet.ee\/fi\/tooted\/puukiuas-metallirungolla-toisesta-tilasta-lammitettavat\/\"]}]},{\"@type\":\"ImageObject\",\"inLanguage\":\"fi\",\"@id\":\"https:\/\/www.skamet.ee\/fi\/tooted\/puukiuas-metallirungolla-toisesta-tilasta-lammitettavat\/#primaryimage\",\"url\":\"https:\/\/www.skamet.ee\/wp-content\/uploads\/2021\/03\/P-216-GL-1.jpg\",\"contentUrl\":\"https:\/\/www.skamet.ee\/wp-content\/uploads\/2021\/03\/P-216-GL-1.jpg\",\"width\":717,\"height\":1075,\"caption\":\"P 216 GL 1\"},{\"@type\":\"BreadcrumbList\",\"@id\":\"https:\/\/www.skamet.ee\/fi\/tooted\/puukiuas-metallirungolla-toisesta-tilasta-lammitettavat\/#breadcrumb\",\"itemListElement\":[{\"@type\":\"ListItem\",\"position\":1,\"name\":\"Home\",\"item\":\"https:\/\/www.skamet.ee\/fi\/\"},{\"@type\":\"ListItem\",\"position\":2,\"name\":\"Tuotteet\",\"item\":\"https:\/\/www.skamet.ee\/fi\/shop-2\/\"},{\"@type\":\"ListItem\",\"position\":3,\"name\":\"Puukiuas metallirungolla Toisesta tilasta l\u00e4mmitett\u00e4v\u00e4t\"}]},{\"@type\":\"WebSite\",\"@id\":\"https:\/\/www.skamet.ee\/#website\",\"url\":\"https:\/\/www.skamet.ee\/\",\"name\":\"Skamet O\u00dc\",\"description\":\"Efektiivsed puuk\u00fcttega saunaahjud Eesti tootjalt\",\"publisher\":{\"@id\":\"https:\/\/www.skamet.ee\/#organization\"},\"potentialAction\":[{\"@type\":\"SearchAction\",\"target\":{\"@type\":\"EntryPoint\",\"urlTemplate\":\"https:\/\/www.skamet.ee\/?s={search_term_string}\"},\"query-input\":{\"@type\":\"PropertyValueSpecification\",\"valueRequired\":true,\"valueName\":\"search_term_string\"}}],\"inLanguage\":\"fi\"},{\"@type\":\"Organization\",\"@id\":\"https:\/\/www.skamet.ee\/#organization\",\"name\":\"Skamet\",\"url\":\"https:\/\/www.skamet.ee\/\",\"logo\":{\"@type\":\"ImageObject\",\"inLanguage\":\"fi\",\"@id\":\"https:\/\/www.skamet.ee\/#\/schema\/logo\/image\/\",\"url\":\"https:\/\/www.skamet.ee\/wp-content\/uploads\/2015\/05\/logo-uus.png\",\"contentUrl\":\"https:\/\/www.skamet.ee\/wp-content\/uploads\/2015\/05\/logo-uus.png\",\"width\":300,\"height\":127,\"caption\":\"Skamet\"},\"image\":{\"@id\":\"https:\/\/www.skamet.ee\/#\/schema\/logo\/image\/\"}}]}<\/script>\n<!-- \/ Yoast SEO plugin. -->","yoast_head_json":{"title":"Puukiuas metallirungolla Toisesta tilasta l\u00e4mmitett\u00e4v\u00e4t - Skamet O\u00dc","robots":{"index":"index","follow":"follow","max-snippet":"max-snippet:-1","max-image-preview":"max-image-preview:large","max-video-preview":"max-video-preview:-1"},"canonical":"https:\/\/www.skamet.ee\/fi\/tooted\/puukiuas-metallirungolla-toisesta-tilasta-lammitettavat\/","og_locale":"fi_FI","og_type":"article","og_title":"Puukiuas metallirungolla Toisesta tilasta l\u00e4mmitett\u00e4v\u00e4t - Skamet O\u00dc","og_description":"Saunauuni on ohjattu sein\u00e4n l\u00e4pi eli l\u00e4mmitys tapahtuu toisesta tilasta. L\u00e4piviennin pituus on 170 mm. Voidaan tilata sek\u00e4 pitempi ett\u00e4","og_url":"https:\/\/www.skamet.ee\/fi\/tooted\/puukiuas-metallirungolla-toisesta-tilasta-lammitettavat\/","og_site_name":"Skamet O\u00dc","og_image":[{"width":717,"height":1075,"url":"https:\/\/www.skamet.ee\/wp-content\/uploads\/2021\/03\/P-216-GL-1.jpg","type":"image\/jpeg"}],"twitter_card":"summary_large_image","schema":{"@context":"https:\/\/schema.org","@graph":[{"@type":"WebPage","@id":"https:\/\/www.skamet.ee\/fi\/tooted\/puukiuas-metallirungolla-toisesta-tilasta-lammitettavat\/","url":"https:\/\/www.skamet.ee\/fi\/tooted\/puukiuas-metallirungolla-toisesta-tilasta-lammitettavat\/","name":"Puukiuas metallirungolla Toisesta tilasta l\u00e4mmitett\u00e4v\u00e4t - Skamet O\u00dc","isPartOf":{"@id":"https:\/\/www.skamet.ee\/#website"},"primaryImageOfPage":{"@id":"https:\/\/www.skamet.ee\/fi\/tooted\/puukiuas-metallirungolla-toisesta-tilasta-lammitettavat\/#primaryimage"},"image":{"@id":"https:\/\/www.skamet.ee\/fi\/tooted\/puukiuas-metallirungolla-toisesta-tilasta-lammitettavat\/#primaryimage"},"thumbnailUrl":"https:\/\/www.skamet.ee\/wp-content\/uploads\/2021\/03\/P-216-GL-1.jpg","datePublished":"2021-03-24T13:01:35+00:00","breadcrumb":{"@id":"https:\/\/www.skamet.ee\/fi\/tooted\/puukiuas-metallirungolla-toisesta-tilasta-lammitettavat\/#breadcrumb"},"inLanguage":"fi","potentialAction":[{"@type":"ReadAction","target":["https:\/\/www.skamet.ee\/fi\/tooted\/puukiuas-metallirungolla-toisesta-tilasta-lammitettavat\/"]}]},{"@type":"ImageObject","inLanguage":"fi","@id":"https:\/\/www.skamet.ee\/fi\/tooted\/puukiuas-metallirungolla-toisesta-tilasta-lammitettavat\/#primaryimage","url":"https:\/\/www.skamet.ee\/wp-content\/uploads\/2021\/03\/P-216-GL-1.jpg","contentUrl":"https:\/\/www.skamet.ee\/wp-content\/uploads\/2021\/03\/P-216-GL-1.jpg","width":717,"height":1075,"caption":"P 216 GL 1"},{"@type":"BreadcrumbList","@id":"https:\/\/www.skamet.ee\/fi\/tooted\/puukiuas-metallirungolla-toisesta-tilasta-lammitettavat\/#breadcrumb","itemListElement":[{"@type":"ListItem","position":1,"name":"Home","item":"https:\/\/www.skamet.ee\/fi\/"},{"@type":"ListItem","position":2,"name":"Tuotteet","item":"https:\/\/www.skamet.ee\/fi\/shop-2\/"},{"@type":"ListItem","position":3,"name":"Puukiuas metallirungolla Toisesta tilasta l\u00e4mmitett\u00e4v\u00e4t"}]},{"@type":"WebSite","@id":"https:\/\/www.skamet.ee\/#website","url":"https:\/\/www.skamet.ee\/","name":"Skamet O\u00dc","description":"Efektiivsed puuk\u00fcttega saunaahjud Eesti tootjalt","publisher":{"@id":"https:\/\/www.skamet.ee\/#organization"},"potentialAction":[{"@type":"SearchAction","target":{"@type":"EntryPoint","urlTemplate":"https:\/\/www.skamet.ee\/?s={search_term_string}"},"query-input":{"@type":"PropertyValueSpecification","valueRequired":true,"valueName":"search_term_string"}}],"inLanguage":"fi"},{"@type":"Organization","@id":"https:\/\/www.skamet.ee\/#organization","name":"Skamet","url":"https:\/\/www.skamet.ee\/","logo":{"@type":"ImageObject","inLanguage":"fi","@id":"https:\/\/www.skamet.ee\/#\/schema\/logo\/image\/","url":"https:\/\/www.skamet.ee\/wp-content\/uploads\/2015\/05\/logo-uus.png","contentUrl":"https:\/\/www.skamet.ee\/wp-content\/uploads\/2015\/05\/logo-uus.png","width":300,"height":127,"caption":"Skamet"},"image":{"@id":"https:\/\/www.skamet.ee\/#\/schema\/logo\/image\/"}}]}},"_links":{"self":[{"href":"https:\/\/www.skamet.ee\/fi\/wp-json\/wp\/v2\/product\/42483","targetHints":{"allow":["GET"]}}],"collection":[{"href":"https:\/\/www.skamet.ee\/fi\/wp-json\/wp\/v2\/product"}],"about":[{"href":"https:\/\/www.skamet.ee\/fi\/wp-json\/wp\/v2\/types\/product"}],"version-history":[{"count":0,"href":"https:\/\/www.skamet.ee\/fi\/wp-json\/wp\/v2\/product\/42483\/revisions"}],"wp:featuredmedia":[{"embeddable":true,"href":"https:\/\/www.skamet.ee\/fi\/wp-json\/wp\/v2\/media\/44012"}],"wp:attachment":[{"href":"https:\/\/www.skamet.ee\/fi\/wp-json\/wp\/v2\/media?parent=42483"}],"wp:term":[{"taxonomy":"product_brand","embeddable":true,"href":"https:\/\/www.skamet.ee\/fi\/wp-json\/wp\/v2\/product_brand?post=42483"},{"taxonomy":"product_cat","embeddable":true,"href":"https:\/\/www.skamet.ee\/fi\/wp-json\/wp\/v2\/product_cat?post=42483"},{"taxonomy":"product_tag","embeddable":true,"href":"https:\/\/www.skamet.ee\/fi\/wp-json\/wp\/v2\/product_tag?post=42483"}],"curies":[{"name":"wp","href":"https:\/\/api.w.org\/{rel}","templated":true}]}}