{"id":53715,"date":"2024-10-25T09:47:09","date_gmt":"2024-10-25T06:47:09","guid":{"rendered":"https:\/\/www.skamet.ee\/?post_type=product&#038;p=53715"},"modified":"2026-01-22T21:10:53","modified_gmt":"2026-01-22T19:10:53","slug":"vesivaraaja-b-110-hrv","status":"publish","type":"product","link":"https:\/\/www.skamet.ee\/fi\/tooted\/vesivaraaja-b-110-hrv\/","title":{"rendered":"Vesivaraaja B-110 VRV"},"content":{"rendered":"<p data-start=\"20\" data-end=\"132\">Suljettu vesivaraaja 110 litraa, ruostumattomasta ter\u00e4ksest\u00e4 valmistettu, pystysuora (\u00d8 450 mm tai \u00d8 400 mm)<\/p>\n<p data-start=\"134\" data-end=\"362\">Pystysuoraan asennettava ja suljetulla j\u00e4rjestelm\u00e4ll\u00e4 varustettu vesivaraaja voidaan asentaa sein\u00e4lle, lattialle tai kattoon. Sein\u00e4kiinnikkeet toimitetaan erikseen mukana. Varaaja kiinnitet\u00e4\u00e4n kahdella kiinnityspannalla.<\/p>\n<p data-start=\"364\" data-end=\"580\">Huom! Kaikki vesivaraajat on maadoitettava. T\u00e4t\u00e4 varten jokaisessa suljetussa j\u00e4rjestelm\u00e4ss\u00e4 toimivassa ruostumattomasta ter\u00e4ksest\u00e4 valmistetussa vesivaraajassa on maadoitukseen tarkoitettu pultti\/liitin.<\/p>\n<p data-start=\"582\" data-end=\"662\" data-is-last-node=\"\" data-is-only-node=\"\">S\u00e4\u00e4nn\u00f6llinen huolto on v\u00e4ltt\u00e4m\u00e4t\u00f6nt\u00e4 vesivaraajan toiminnan varmistamiseksi.<\/p>\n","protected":false},"excerpt":{"rendered":"<p>Suljettu vesivaraaja 110 litraa, ruostumattomasta ter\u00e4ksest\u00e4 valmistettu, pystysuora (\u00d8 450 mm tai \u00d8 400 mm) Pystysuoraan asennettava ja suljetulla j\u00e4rjestelm\u00e4ll\u00e4<\/p>\n","protected":false},"featured_media":55254,"template":"","meta":{"_lmt_disableupdate":"","_lmt_disable":""},"product_brand":[],"product_cat":[1129],"product_tag":[],"class_list":{"0":"post-53715","1":"product","2":"type-product","3":"status-publish","4":"has-post-thumbnail","6":"product_cat-pystysuora-fi","8":"first","9":"instock","10":"shipping-taxable","11":"product-type-simple"},"yoast_head":"<!-- This site is optimized with the Yoast SEO plugin v27.0 - https:\/\/yoast.com\/product\/yoast-seo-wordpress\/ -->\n<title>Suljettu vesivaraaja 110 litraa - Skamet O\u00dc<\/title>\n<meta name=\"description\" content=\"Suljettu vesivaraaja 110 litraa\" \/>\n<meta name=\"robots\" content=\"index, follow, max-snippet:-1, max-image-preview:large, max-video-preview:-1\" \/>\n<link rel=\"canonical\" href=\"https:\/\/www.skamet.ee\/fi\/tooted\/vesivaraaja-b-110-hrv\/\" \/>\n<meta property=\"og:locale\" content=\"fi_FI\" \/>\n<meta property=\"og:type\" content=\"article\" \/>\n<meta property=\"og:title\" content=\"Suljettu vesivaraaja 110 litraa - Skamet O\u00dc\" \/>\n<meta property=\"og:description\" content=\"Suljettu vesivaraaja 110 litraa\" \/>\n<meta property=\"og:url\" content=\"https:\/\/www.skamet.ee\/fi\/tooted\/vesivaraaja-b-110-hrv\/\" \/>\n<meta property=\"og:site_name\" content=\"Skamet O\u00dc\" \/>\n<meta property=\"article:modified_time\" content=\"2026-01-22T19:10:53+00:00\" \/>\n<meta property=\"og:image\" content=\"https:\/\/www.skamet.ee\/wp-content\/uploads\/2024\/10\/B-110-VRV-scaled.jpg\" \/>\n\t<meta property=\"og:image:width\" content=\"1708\" \/>\n\t<meta property=\"og:image:height\" content=\"2560\" \/>\n\t<meta property=\"og:image:type\" content=\"image\/jpeg\" \/>\n<meta name=\"twitter:card\" content=\"summary_large_image\" \/>\n<meta name=\"twitter:label1\" content=\"Arvioitu lukuaika\" \/>\n\t<meta name=\"twitter:data1\" content=\"1 minuutti\" \/>\n<script type=\"application\/ld+json\" class=\"yoast-schema-graph\">{\"@context\":\"https:\/\/schema.org\",\"@graph\":[{\"@type\":\"WebPage\",\"@id\":\"https:\/\/www.skamet.ee\/fi\/tooted\/vesivaraaja-b-110-hrv\/\",\"url\":\"https:\/\/www.skamet.ee\/fi\/tooted\/vesivaraaja-b-110-hrv\/\",\"name\":\"Suljettu vesivaraaja 110 litraa - Skamet O\u00dc\",\"isPartOf\":{\"@id\":\"https:\/\/www.skamet.ee\/#website\"},\"primaryImageOfPage\":{\"@id\":\"https:\/\/www.skamet.ee\/fi\/tooted\/vesivaraaja-b-110-hrv\/#primaryimage\"},\"image\":{\"@id\":\"https:\/\/www.skamet.ee\/fi\/tooted\/vesivaraaja-b-110-hrv\/#primaryimage\"},\"thumbnailUrl\":\"https:\/\/www.skamet.ee\/wp-content\/uploads\/2024\/10\/B-110-VRV-scaled.jpg\",\"datePublished\":\"2024-10-25T06:47:09+00:00\",\"dateModified\":\"2026-01-22T19:10:53+00:00\",\"description\":\"Suljettu vesivaraaja 110 litraa\",\"breadcrumb\":{\"@id\":\"https:\/\/www.skamet.ee\/fi\/tooted\/vesivaraaja-b-110-hrv\/#breadcrumb\"},\"inLanguage\":\"fi\",\"potentialAction\":[{\"@type\":\"ReadAction\",\"target\":[\"https:\/\/www.skamet.ee\/fi\/tooted\/vesivaraaja-b-110-hrv\/\"]}]},{\"@type\":\"ImageObject\",\"inLanguage\":\"fi\",\"@id\":\"https:\/\/www.skamet.ee\/fi\/tooted\/vesivaraaja-b-110-hrv\/#primaryimage\",\"url\":\"https:\/\/www.skamet.ee\/wp-content\/uploads\/2024\/10\/B-110-VRV-scaled.jpg\",\"contentUrl\":\"https:\/\/www.skamet.ee\/wp-content\/uploads\/2024\/10\/B-110-VRV-scaled.jpg\",\"width\":1708,\"height\":2560,\"caption\":\"B 110 VRV scaled\"},{\"@type\":\"BreadcrumbList\",\"@id\":\"https:\/\/www.skamet.ee\/fi\/tooted\/vesivaraaja-b-110-hrv\/#breadcrumb\",\"itemListElement\":[{\"@type\":\"ListItem\",\"position\":1,\"name\":\"Home\",\"item\":\"https:\/\/www.skamet.ee\/fi\/\"},{\"@type\":\"ListItem\",\"position\":2,\"name\":\"Tuotteet\",\"item\":\"https:\/\/www.skamet.ee\/fi\/shop-2\/\"},{\"@type\":\"ListItem\",\"position\":3,\"name\":\"Vesivaraaja B-110 VRV\"}]},{\"@type\":\"WebSite\",\"@id\":\"https:\/\/www.skamet.ee\/#website\",\"url\":\"https:\/\/www.skamet.ee\/\",\"name\":\"Skamet O\u00dc\",\"description\":\"Efektiivsed puuk\u00fcttega saunaahjud Eesti tootjalt\",\"publisher\":{\"@id\":\"https:\/\/www.skamet.ee\/#organization\"},\"potentialAction\":[{\"@type\":\"SearchAction\",\"target\":{\"@type\":\"EntryPoint\",\"urlTemplate\":\"https:\/\/www.skamet.ee\/?s={search_term_string}\"},\"query-input\":{\"@type\":\"PropertyValueSpecification\",\"valueRequired\":true,\"valueName\":\"search_term_string\"}}],\"inLanguage\":\"fi\"},{\"@type\":\"Organization\",\"@id\":\"https:\/\/www.skamet.ee\/#organization\",\"name\":\"Skamet\",\"url\":\"https:\/\/www.skamet.ee\/\",\"logo\":{\"@type\":\"ImageObject\",\"inLanguage\":\"fi\",\"@id\":\"https:\/\/www.skamet.ee\/#\/schema\/logo\/image\/\",\"url\":\"https:\/\/www.skamet.ee\/wp-content\/uploads\/2015\/05\/logo-uus.png\",\"contentUrl\":\"https:\/\/www.skamet.ee\/wp-content\/uploads\/2015\/05\/logo-uus.png\",\"width\":300,\"height\":127,\"caption\":\"Skamet\"},\"image\":{\"@id\":\"https:\/\/www.skamet.ee\/#\/schema\/logo\/image\/\"}}]}<\/script>\n<!-- \/ Yoast SEO plugin. -->","yoast_head_json":{"title":"Suljettu vesivaraaja 110 litraa - Skamet O\u00dc","description":"Suljettu vesivaraaja 110 litraa","robots":{"index":"index","follow":"follow","max-snippet":"max-snippet:-1","max-image-preview":"max-image-preview:large","max-video-preview":"max-video-preview:-1"},"canonical":"https:\/\/www.skamet.ee\/fi\/tooted\/vesivaraaja-b-110-hrv\/","og_locale":"fi_FI","og_type":"article","og_title":"Suljettu vesivaraaja 110 litraa - Skamet O\u00dc","og_description":"Suljettu vesivaraaja 110 litraa","og_url":"https:\/\/www.skamet.ee\/fi\/tooted\/vesivaraaja-b-110-hrv\/","og_site_name":"Skamet O\u00dc","article_modified_time":"2026-01-22T19:10:53+00:00","og_image":[{"width":1708,"height":2560,"url":"https:\/\/www.skamet.ee\/wp-content\/uploads\/2024\/10\/B-110-VRV-scaled.jpg","type":"image\/jpeg"}],"twitter_card":"summary_large_image","twitter_misc":{"Arvioitu lukuaika":"1 minuutti"},"schema":{"@context":"https:\/\/schema.org","@graph":[{"@type":"WebPage","@id":"https:\/\/www.skamet.ee\/fi\/tooted\/vesivaraaja-b-110-hrv\/","url":"https:\/\/www.skamet.ee\/fi\/tooted\/vesivaraaja-b-110-hrv\/","name":"Suljettu vesivaraaja 110 litraa - Skamet O\u00dc","isPartOf":{"@id":"https:\/\/www.skamet.ee\/#website"},"primaryImageOfPage":{"@id":"https:\/\/www.skamet.ee\/fi\/tooted\/vesivaraaja-b-110-hrv\/#primaryimage"},"image":{"@id":"https:\/\/www.skamet.ee\/fi\/tooted\/vesivaraaja-b-110-hrv\/#primaryimage"},"thumbnailUrl":"https:\/\/www.skamet.ee\/wp-content\/uploads\/2024\/10\/B-110-VRV-scaled.jpg","datePublished":"2024-10-25T06:47:09+00:00","dateModified":"2026-01-22T19:10:53+00:00","description":"Suljettu vesivaraaja 110 litraa","breadcrumb":{"@id":"https:\/\/www.skamet.ee\/fi\/tooted\/vesivaraaja-b-110-hrv\/#breadcrumb"},"inLanguage":"fi","potentialAction":[{"@type":"ReadAction","target":["https:\/\/www.skamet.ee\/fi\/tooted\/vesivaraaja-b-110-hrv\/"]}]},{"@type":"ImageObject","inLanguage":"fi","@id":"https:\/\/www.skamet.ee\/fi\/tooted\/vesivaraaja-b-110-hrv\/#primaryimage","url":"https:\/\/www.skamet.ee\/wp-content\/uploads\/2024\/10\/B-110-VRV-scaled.jpg","contentUrl":"https:\/\/www.skamet.ee\/wp-content\/uploads\/2024\/10\/B-110-VRV-scaled.jpg","width":1708,"height":2560,"caption":"B 110 VRV scaled"},{"@type":"BreadcrumbList","@id":"https:\/\/www.skamet.ee\/fi\/tooted\/vesivaraaja-b-110-hrv\/#breadcrumb","itemListElement":[{"@type":"ListItem","position":1,"name":"Home","item":"https:\/\/www.skamet.ee\/fi\/"},{"@type":"ListItem","position":2,"name":"Tuotteet","item":"https:\/\/www.skamet.ee\/fi\/shop-2\/"},{"@type":"ListItem","position":3,"name":"Vesivaraaja B-110 VRV"}]},{"@type":"WebSite","@id":"https:\/\/www.skamet.ee\/#website","url":"https:\/\/www.skamet.ee\/","name":"Skamet O\u00dc","description":"Efektiivsed puuk\u00fcttega saunaahjud Eesti tootjalt","publisher":{"@id":"https:\/\/www.skamet.ee\/#organization"},"potentialAction":[{"@type":"SearchAction","target":{"@type":"EntryPoint","urlTemplate":"https:\/\/www.skamet.ee\/?s={search_term_string}"},"query-input":{"@type":"PropertyValueSpecification","valueRequired":true,"valueName":"search_term_string"}}],"inLanguage":"fi"},{"@type":"Organization","@id":"https:\/\/www.skamet.ee\/#organization","name":"Skamet","url":"https:\/\/www.skamet.ee\/","logo":{"@type":"ImageObject","inLanguage":"fi","@id":"https:\/\/www.skamet.ee\/#\/schema\/logo\/image\/","url":"https:\/\/www.skamet.ee\/wp-content\/uploads\/2015\/05\/logo-uus.png","contentUrl":"https:\/\/www.skamet.ee\/wp-content\/uploads\/2015\/05\/logo-uus.png","width":300,"height":127,"caption":"Skamet"},"image":{"@id":"https:\/\/www.skamet.ee\/#\/schema\/logo\/image\/"}}]}},"_links":{"self":[{"href":"https:\/\/www.skamet.ee\/fi\/wp-json\/wp\/v2\/product\/53715","targetHints":{"allow":["GET"]}}],"collection":[{"href":"https:\/\/www.skamet.ee\/fi\/wp-json\/wp\/v2\/product"}],"about":[{"href":"https:\/\/www.skamet.ee\/fi\/wp-json\/wp\/v2\/types\/product"}],"version-history":[{"count":2,"href":"https:\/\/www.skamet.ee\/fi\/wp-json\/wp\/v2\/product\/53715\/revisions"}],"predecessor-version":[{"id":53717,"href":"https:\/\/www.skamet.ee\/fi\/wp-json\/wp\/v2\/product\/53715\/revisions\/53717"}],"wp:featuredmedia":[{"embeddable":true,"href":"https:\/\/www.skamet.ee\/fi\/wp-json\/wp\/v2\/media\/55254"}],"wp:attachment":[{"href":"https:\/\/www.skamet.ee\/fi\/wp-json\/wp\/v2\/media?parent=53715"}],"wp:term":[{"taxonomy":"product_brand","embeddable":true,"href":"https:\/\/www.skamet.ee\/fi\/wp-json\/wp\/v2\/product_brand?post=53715"},{"taxonomy":"product_cat","embeddable":true,"href":"https:\/\/www.skamet.ee\/fi\/wp-json\/wp\/v2\/product_cat?post=53715"},{"taxonomy":"product_tag","embeddable":true,"href":"https:\/\/www.skamet.ee\/fi\/wp-json\/wp\/v2\/product_tag?post=53715"}],"curies":[{"name":"wp","href":"https:\/\/api.w.org\/{rel}","templated":true}]}}