{"id":53735,"date":"2024-10-25T08:22:21","date_gmt":"2024-10-25T05:22:21","guid":{"rendered":"https:\/\/www.skamet.ee\/?post_type=product&#038;p=53735"},"modified":"2026-01-23T08:34:05","modified_gmt":"2026-01-23T06:34:05","slug":"ruostumaton-vesivaraaja-bo-150-rv","status":"publish","type":"product","link":"https:\/\/www.skamet.ee\/fi\/tooted\/ruostumaton-vesivaraaja-bo-150-rv\/","title":{"rendered":"Ruostumaton vesivaraaja BO-150 RV"},"content":{"rendered":"<p data-start=\"531\" data-end=\"868\"><strong data-start=\"531\" data-end=\"610\">Avoin saunavaraaja on tarkoitettu saunaveden l\u00e4mmitt\u00e4miseen kiukaan avulla.<\/strong><br data-start=\"610\" data-end=\"613\" \/>Varaaja seisoo vakaasti omilla jaloillaan ja on varustettu kahdella \u00be tuuman sivuliit\u00e4nn\u00e4ll\u00e4, joiden kautta se kytket\u00e4\u00e4n kiukaaseen. Varaajan alaosassa sijaitsee \u00bd tuuman tyhjennysliit\u00e4nt\u00e4, jonka kautta vesi voidaan laskea pois huollon tai k\u00e4yt\u00f6n j\u00e4lkeen.<\/p>\n<p data-start=\"870\" data-end=\"960\">Varaajan s\u00e4\u00e4nn\u00f6llinen huolto on edellytys sen turvalliselle ja h\u00e4iri\u00f6tt\u00f6m\u00e4lle toiminnalle.<\/p>\n","protected":false},"excerpt":{"rendered":"<p>Avoin saunavaraaja on tarkoitettu saunaveden l\u00e4mmitt\u00e4miseen kiukaan avulla.Varaaja seisoo vakaasti omilla jaloillaan ja on varustettu kahdella \u00be tuuman sivuliit\u00e4nn\u00e4ll\u00e4, joiden<\/p>\n","protected":false},"featured_media":55317,"template":"","meta":{"_lmt_disableupdate":"","_lmt_disable":""},"product_brand":[],"product_cat":[1132],"product_tag":[],"class_list":{"0":"post-53735","1":"product","2":"type-product","3":"status-publish","4":"has-post-thumbnail","6":"product_cat-avoin-vedenlammitin","8":"first","9":"instock","10":"shipping-taxable","11":"product-type-simple"},"yoast_head":"<!-- This site is optimized with the Yoast SEO plugin v27.0 - https:\/\/yoast.com\/product\/yoast-seo-wordpress\/ -->\n<title>Ruostumaton vesivaraaja BO-150 RV - Skamet O\u00dc<\/title>\n<meta name=\"description\" content=\"Ruostumaton vesivaraaja BO-150 RV\" \/>\n<meta name=\"robots\" content=\"index, follow, max-snippet:-1, max-image-preview:large, max-video-preview:-1\" \/>\n<link rel=\"canonical\" href=\"https:\/\/www.skamet.ee\/fi\/tooted\/ruostumaton-vesivaraaja-bo-150-rv\/\" \/>\n<meta property=\"og:locale\" content=\"fi_FI\" \/>\n<meta property=\"og:type\" content=\"article\" \/>\n<meta property=\"og:title\" content=\"Ruostumaton vesivaraaja BO-150 RV - Skamet O\u00dc\" \/>\n<meta property=\"og:description\" content=\"Ruostumaton vesivaraaja BO-150 RV\" \/>\n<meta property=\"og:url\" content=\"https:\/\/www.skamet.ee\/fi\/tooted\/ruostumaton-vesivaraaja-bo-150-rv\/\" \/>\n<meta property=\"og:site_name\" content=\"Skamet O\u00dc\" \/>\n<meta property=\"article:modified_time\" content=\"2026-01-23T06:34:05+00:00\" \/>\n<meta property=\"og:image\" content=\"https:\/\/www.skamet.ee\/wp-content\/uploads\/2024\/10\/BO-150-RV-1-scaled.jpg\" \/>\n\t<meta property=\"og:image:width\" content=\"1708\" \/>\n\t<meta property=\"og:image:height\" content=\"2560\" \/>\n\t<meta property=\"og:image:type\" content=\"image\/jpeg\" \/>\n<meta name=\"twitter:card\" content=\"summary_large_image\" \/>\n<meta name=\"twitter:label1\" content=\"Arvioitu lukuaika\" \/>\n\t<meta name=\"twitter:data1\" content=\"1 minuutti\" \/>\n<script type=\"application\/ld+json\" class=\"yoast-schema-graph\">{\"@context\":\"https:\/\/schema.org\",\"@graph\":[{\"@type\":\"WebPage\",\"@id\":\"https:\/\/www.skamet.ee\/fi\/tooted\/ruostumaton-vesivaraaja-bo-150-rv\/\",\"url\":\"https:\/\/www.skamet.ee\/fi\/tooted\/ruostumaton-vesivaraaja-bo-150-rv\/\",\"name\":\"Ruostumaton vesivaraaja BO-150 RV - Skamet O\u00dc\",\"isPartOf\":{\"@id\":\"https:\/\/www.skamet.ee\/#website\"},\"primaryImageOfPage\":{\"@id\":\"https:\/\/www.skamet.ee\/fi\/tooted\/ruostumaton-vesivaraaja-bo-150-rv\/#primaryimage\"},\"image\":{\"@id\":\"https:\/\/www.skamet.ee\/fi\/tooted\/ruostumaton-vesivaraaja-bo-150-rv\/#primaryimage\"},\"thumbnailUrl\":\"https:\/\/www.skamet.ee\/wp-content\/uploads\/2024\/10\/BO-150-RV-1-scaled.jpg\",\"datePublished\":\"2024-10-25T05:22:21+00:00\",\"dateModified\":\"2026-01-23T06:34:05+00:00\",\"description\":\"Ruostumaton vesivaraaja BO-150 RV\",\"breadcrumb\":{\"@id\":\"https:\/\/www.skamet.ee\/fi\/tooted\/ruostumaton-vesivaraaja-bo-150-rv\/#breadcrumb\"},\"inLanguage\":\"fi\",\"potentialAction\":[{\"@type\":\"ReadAction\",\"target\":[\"https:\/\/www.skamet.ee\/fi\/tooted\/ruostumaton-vesivaraaja-bo-150-rv\/\"]}]},{\"@type\":\"ImageObject\",\"inLanguage\":\"fi\",\"@id\":\"https:\/\/www.skamet.ee\/fi\/tooted\/ruostumaton-vesivaraaja-bo-150-rv\/#primaryimage\",\"url\":\"https:\/\/www.skamet.ee\/wp-content\/uploads\/2024\/10\/BO-150-RV-1-scaled.jpg\",\"contentUrl\":\"https:\/\/www.skamet.ee\/wp-content\/uploads\/2024\/10\/BO-150-RV-1-scaled.jpg\",\"width\":1708,\"height\":2560,\"caption\":\"BO 150 RV 1 scaled\"},{\"@type\":\"BreadcrumbList\",\"@id\":\"https:\/\/www.skamet.ee\/fi\/tooted\/ruostumaton-vesivaraaja-bo-150-rv\/#breadcrumb\",\"itemListElement\":[{\"@type\":\"ListItem\",\"position\":1,\"name\":\"Home\",\"item\":\"https:\/\/www.skamet.ee\/fi\/\"},{\"@type\":\"ListItem\",\"position\":2,\"name\":\"Tuotteet\",\"item\":\"https:\/\/www.skamet.ee\/fi\/shop-2\/\"},{\"@type\":\"ListItem\",\"position\":3,\"name\":\"Ruostumaton vesivaraaja BO-150 RV\"}]},{\"@type\":\"WebSite\",\"@id\":\"https:\/\/www.skamet.ee\/#website\",\"url\":\"https:\/\/www.skamet.ee\/\",\"name\":\"Skamet O\u00dc\",\"description\":\"Efektiivsed puuk\u00fcttega saunaahjud Eesti tootjalt\",\"publisher\":{\"@id\":\"https:\/\/www.skamet.ee\/#organization\"},\"potentialAction\":[{\"@type\":\"SearchAction\",\"target\":{\"@type\":\"EntryPoint\",\"urlTemplate\":\"https:\/\/www.skamet.ee\/?s={search_term_string}\"},\"query-input\":{\"@type\":\"PropertyValueSpecification\",\"valueRequired\":true,\"valueName\":\"search_term_string\"}}],\"inLanguage\":\"fi\"},{\"@type\":\"Organization\",\"@id\":\"https:\/\/www.skamet.ee\/#organization\",\"name\":\"Skamet\",\"url\":\"https:\/\/www.skamet.ee\/\",\"logo\":{\"@type\":\"ImageObject\",\"inLanguage\":\"fi\",\"@id\":\"https:\/\/www.skamet.ee\/#\/schema\/logo\/image\/\",\"url\":\"https:\/\/www.skamet.ee\/wp-content\/uploads\/2015\/05\/logo-uus.png\",\"contentUrl\":\"https:\/\/www.skamet.ee\/wp-content\/uploads\/2015\/05\/logo-uus.png\",\"width\":300,\"height\":127,\"caption\":\"Skamet\"},\"image\":{\"@id\":\"https:\/\/www.skamet.ee\/#\/schema\/logo\/image\/\"}}]}<\/script>\n<!-- \/ Yoast SEO plugin. -->","yoast_head_json":{"title":"Ruostumaton vesivaraaja BO-150 RV - Skamet O\u00dc","description":"Ruostumaton vesivaraaja BO-150 RV","robots":{"index":"index","follow":"follow","max-snippet":"max-snippet:-1","max-image-preview":"max-image-preview:large","max-video-preview":"max-video-preview:-1"},"canonical":"https:\/\/www.skamet.ee\/fi\/tooted\/ruostumaton-vesivaraaja-bo-150-rv\/","og_locale":"fi_FI","og_type":"article","og_title":"Ruostumaton vesivaraaja BO-150 RV - Skamet O\u00dc","og_description":"Ruostumaton vesivaraaja BO-150 RV","og_url":"https:\/\/www.skamet.ee\/fi\/tooted\/ruostumaton-vesivaraaja-bo-150-rv\/","og_site_name":"Skamet O\u00dc","article_modified_time":"2026-01-23T06:34:05+00:00","og_image":[{"width":1708,"height":2560,"url":"https:\/\/www.skamet.ee\/wp-content\/uploads\/2024\/10\/BO-150-RV-1-scaled.jpg","type":"image\/jpeg"}],"twitter_card":"summary_large_image","twitter_misc":{"Arvioitu lukuaika":"1 minuutti"},"schema":{"@context":"https:\/\/schema.org","@graph":[{"@type":"WebPage","@id":"https:\/\/www.skamet.ee\/fi\/tooted\/ruostumaton-vesivaraaja-bo-150-rv\/","url":"https:\/\/www.skamet.ee\/fi\/tooted\/ruostumaton-vesivaraaja-bo-150-rv\/","name":"Ruostumaton vesivaraaja BO-150 RV - Skamet O\u00dc","isPartOf":{"@id":"https:\/\/www.skamet.ee\/#website"},"primaryImageOfPage":{"@id":"https:\/\/www.skamet.ee\/fi\/tooted\/ruostumaton-vesivaraaja-bo-150-rv\/#primaryimage"},"image":{"@id":"https:\/\/www.skamet.ee\/fi\/tooted\/ruostumaton-vesivaraaja-bo-150-rv\/#primaryimage"},"thumbnailUrl":"https:\/\/www.skamet.ee\/wp-content\/uploads\/2024\/10\/BO-150-RV-1-scaled.jpg","datePublished":"2024-10-25T05:22:21+00:00","dateModified":"2026-01-23T06:34:05+00:00","description":"Ruostumaton vesivaraaja BO-150 RV","breadcrumb":{"@id":"https:\/\/www.skamet.ee\/fi\/tooted\/ruostumaton-vesivaraaja-bo-150-rv\/#breadcrumb"},"inLanguage":"fi","potentialAction":[{"@type":"ReadAction","target":["https:\/\/www.skamet.ee\/fi\/tooted\/ruostumaton-vesivaraaja-bo-150-rv\/"]}]},{"@type":"ImageObject","inLanguage":"fi","@id":"https:\/\/www.skamet.ee\/fi\/tooted\/ruostumaton-vesivaraaja-bo-150-rv\/#primaryimage","url":"https:\/\/www.skamet.ee\/wp-content\/uploads\/2024\/10\/BO-150-RV-1-scaled.jpg","contentUrl":"https:\/\/www.skamet.ee\/wp-content\/uploads\/2024\/10\/BO-150-RV-1-scaled.jpg","width":1708,"height":2560,"caption":"BO 150 RV 1 scaled"},{"@type":"BreadcrumbList","@id":"https:\/\/www.skamet.ee\/fi\/tooted\/ruostumaton-vesivaraaja-bo-150-rv\/#breadcrumb","itemListElement":[{"@type":"ListItem","position":1,"name":"Home","item":"https:\/\/www.skamet.ee\/fi\/"},{"@type":"ListItem","position":2,"name":"Tuotteet","item":"https:\/\/www.skamet.ee\/fi\/shop-2\/"},{"@type":"ListItem","position":3,"name":"Ruostumaton vesivaraaja BO-150 RV"}]},{"@type":"WebSite","@id":"https:\/\/www.skamet.ee\/#website","url":"https:\/\/www.skamet.ee\/","name":"Skamet O\u00dc","description":"Efektiivsed puuk\u00fcttega saunaahjud Eesti tootjalt","publisher":{"@id":"https:\/\/www.skamet.ee\/#organization"},"potentialAction":[{"@type":"SearchAction","target":{"@type":"EntryPoint","urlTemplate":"https:\/\/www.skamet.ee\/?s={search_term_string}"},"query-input":{"@type":"PropertyValueSpecification","valueRequired":true,"valueName":"search_term_string"}}],"inLanguage":"fi"},{"@type":"Organization","@id":"https:\/\/www.skamet.ee\/#organization","name":"Skamet","url":"https:\/\/www.skamet.ee\/","logo":{"@type":"ImageObject","inLanguage":"fi","@id":"https:\/\/www.skamet.ee\/#\/schema\/logo\/image\/","url":"https:\/\/www.skamet.ee\/wp-content\/uploads\/2015\/05\/logo-uus.png","contentUrl":"https:\/\/www.skamet.ee\/wp-content\/uploads\/2015\/05\/logo-uus.png","width":300,"height":127,"caption":"Skamet"},"image":{"@id":"https:\/\/www.skamet.ee\/#\/schema\/logo\/image\/"}}]}},"_links":{"self":[{"href":"https:\/\/www.skamet.ee\/fi\/wp-json\/wp\/v2\/product\/53735","targetHints":{"allow":["GET"]}}],"collection":[{"href":"https:\/\/www.skamet.ee\/fi\/wp-json\/wp\/v2\/product"}],"about":[{"href":"https:\/\/www.skamet.ee\/fi\/wp-json\/wp\/v2\/types\/product"}],"version-history":[{"count":1,"href":"https:\/\/www.skamet.ee\/fi\/wp-json\/wp\/v2\/product\/53735\/revisions"}],"predecessor-version":[{"id":53736,"href":"https:\/\/www.skamet.ee\/fi\/wp-json\/wp\/v2\/product\/53735\/revisions\/53736"}],"wp:featuredmedia":[{"embeddable":true,"href":"https:\/\/www.skamet.ee\/fi\/wp-json\/wp\/v2\/media\/55317"}],"wp:attachment":[{"href":"https:\/\/www.skamet.ee\/fi\/wp-json\/wp\/v2\/media?parent=53735"}],"wp:term":[{"taxonomy":"product_brand","embeddable":true,"href":"https:\/\/www.skamet.ee\/fi\/wp-json\/wp\/v2\/product_brand?post=53735"},{"taxonomy":"product_cat","embeddable":true,"href":"https:\/\/www.skamet.ee\/fi\/wp-json\/wp\/v2\/product_cat?post=53735"},{"taxonomy":"product_tag","embeddable":true,"href":"https:\/\/www.skamet.ee\/fi\/wp-json\/wp\/v2\/product_tag?post=53735"}],"curies":[{"name":"wp","href":"https:\/\/api.w.org\/{rel}","templated":true}]}}