{"id":53744,"date":"2024-10-25T08:13:17","date_gmt":"2024-10-25T05:13:17","guid":{"rendered":"https:\/\/www.skamet.ee\/?post_type=product&#038;p=53744"},"modified":"2026-01-23T08:51:57","modified_gmt":"2026-01-23T06:51:57","slug":"lamminvesivaraaja-bo-150","status":"publish","type":"product","link":"https:\/\/www.skamet.ee\/fi\/tooted\/lamminvesivaraaja-bo-150\/","title":{"rendered":"L\u00e4mminvesivaraaja BO-150"},"content":{"rendered":"<p data-start=\"67\" data-end=\"415\"><strong data-start=\"67\" data-end=\"154\">Yksinkertainen, luotettava ja ymp\u00e4rist\u00f6yst\u00e4v\u00e4llinen tapa saunaveden l\u00e4mmitt\u00e4miseen.<\/strong><br data-start=\"154\" data-end=\"157\" \/>Avoin saunaveden l\u00e4mminvesivaraaja seisoo tukevasti jaloillaan ja on varustettu kahdella \u00be tuuman sivuliit\u00e4nn\u00e4ll\u00e4, joiden avulla se liitet\u00e4\u00e4n kiukaaseen. Lis\u00e4ksi varaajan alaosassa on \u00bd tuuman liit\u00e4nt\u00e4, jonka kautta veden voi tarvittaessa tyhjent\u00e4\u00e4 helposti.<\/p>\n<p data-start=\"417\" data-end=\"622\"><strong data-start=\"417\" data-end=\"507\">Mustasta metallista valmistetut l\u00e4mminvesivaraajat eiv\u00e4t sovellu juomaveden l\u00e4hteeksi.<\/strong><br data-start=\"507\" data-end=\"510\" \/>On my\u00f6s huomioitava, ett\u00e4 mustasta metallista valmistetut l\u00e4mminvesivaraajat voivat aiheuttaa veden ruostumista.<\/p>\n<p data-start=\"624\" data-end=\"739\"><strong data-start=\"624\" data-end=\"739\">S\u00e4\u00e4nn\u00f6llinen huolto on v\u00e4ltt\u00e4m\u00e4t\u00f6nt\u00e4 l\u00e4mminvesivaraajan asianmukaisen ja turvallisen toiminnan varmistamiseksi.<\/strong><\/p>\n","protected":false},"excerpt":{"rendered":"<p>Yksinkertainen, luotettava ja ymp\u00e4rist\u00f6yst\u00e4v\u00e4llinen tapa saunaveden l\u00e4mmitt\u00e4miseen.Avoin saunaveden l\u00e4mminvesivaraaja seisoo tukevasti jaloillaan ja on varustettu kahdella \u00be tuuman sivuliit\u00e4nn\u00e4ll\u00e4, joiden<\/p>\n","protected":false},"featured_media":55296,"template":"","meta":{"_lmt_disableupdate":"","_lmt_disable":""},"product_brand":[],"product_cat":[1132],"product_tag":[],"class_list":{"0":"post-53744","1":"product","2":"type-product","3":"status-publish","4":"has-post-thumbnail","6":"product_cat-avoin-vedenlammitin","8":"first","9":"instock","10":"shipping-taxable","11":"product-type-simple"},"yoast_head":"<!-- This site is optimized with the Yoast SEO plugin v27.0 - https:\/\/yoast.com\/product\/yoast-seo-wordpress\/ -->\n<title>L\u00e4mminvesivaraaja BO-130 - Skamet O\u00dc<\/title>\n<meta name=\"description\" content=\"L\u00e4mminvesivaraaja BO-130\" \/>\n<meta name=\"robots\" content=\"index, follow, max-snippet:-1, max-image-preview:large, max-video-preview:-1\" \/>\n<link rel=\"canonical\" href=\"https:\/\/www.skamet.ee\/fi\/tooted\/lamminvesivaraaja-bo-150\/\" \/>\n<meta property=\"og:locale\" content=\"fi_FI\" \/>\n<meta property=\"og:type\" content=\"article\" \/>\n<meta property=\"og:title\" content=\"L\u00e4mminvesivaraaja BO-130 - Skamet O\u00dc\" \/>\n<meta property=\"og:description\" content=\"L\u00e4mminvesivaraaja BO-130\" \/>\n<meta property=\"og:url\" content=\"https:\/\/www.skamet.ee\/fi\/tooted\/lamminvesivaraaja-bo-150\/\" \/>\n<meta property=\"og:site_name\" content=\"Skamet O\u00dc\" \/>\n<meta property=\"article:modified_time\" content=\"2026-01-23T06:51:57+00:00\" \/>\n<meta property=\"og:image\" content=\"https:\/\/www.skamet.ee\/wp-content\/uploads\/2024\/10\/BO-150-.jpg\" \/>\n\t<meta property=\"og:image:width\" content=\"196\" \/>\n\t<meta property=\"og:image:height\" content=\"277\" \/>\n\t<meta property=\"og:image:type\" content=\"image\/jpeg\" \/>\n<meta name=\"twitter:card\" content=\"summary_large_image\" \/>\n<meta name=\"twitter:label1\" content=\"Arvioitu lukuaika\" \/>\n\t<meta name=\"twitter:data1\" content=\"1 minuutti\" \/>\n<script type=\"application\/ld+json\" class=\"yoast-schema-graph\">{\"@context\":\"https:\/\/schema.org\",\"@graph\":[{\"@type\":\"WebPage\",\"@id\":\"https:\/\/www.skamet.ee\/fi\/tooted\/lamminvesivaraaja-bo-150\/\",\"url\":\"https:\/\/www.skamet.ee\/fi\/tooted\/lamminvesivaraaja-bo-150\/\",\"name\":\"L\u00e4mminvesivaraaja BO-130 - Skamet O\u00dc\",\"isPartOf\":{\"@id\":\"https:\/\/www.skamet.ee\/#website\"},\"primaryImageOfPage\":{\"@id\":\"https:\/\/www.skamet.ee\/fi\/tooted\/lamminvesivaraaja-bo-150\/#primaryimage\"},\"image\":{\"@id\":\"https:\/\/www.skamet.ee\/fi\/tooted\/lamminvesivaraaja-bo-150\/#primaryimage\"},\"thumbnailUrl\":\"https:\/\/www.skamet.ee\/wp-content\/uploads\/2024\/10\/BO-150-.jpg\",\"datePublished\":\"2024-10-25T05:13:17+00:00\",\"dateModified\":\"2026-01-23T06:51:57+00:00\",\"description\":\"L\u00e4mminvesivaraaja BO-130\",\"breadcrumb\":{\"@id\":\"https:\/\/www.skamet.ee\/fi\/tooted\/lamminvesivaraaja-bo-150\/#breadcrumb\"},\"inLanguage\":\"fi\",\"potentialAction\":[{\"@type\":\"ReadAction\",\"target\":[\"https:\/\/www.skamet.ee\/fi\/tooted\/lamminvesivaraaja-bo-150\/\"]}]},{\"@type\":\"ImageObject\",\"inLanguage\":\"fi\",\"@id\":\"https:\/\/www.skamet.ee\/fi\/tooted\/lamminvesivaraaja-bo-150\/#primaryimage\",\"url\":\"https:\/\/www.skamet.ee\/wp-content\/uploads\/2024\/10\/BO-150-.jpg\",\"contentUrl\":\"https:\/\/www.skamet.ee\/wp-content\/uploads\/2024\/10\/BO-150-.jpg\",\"width\":196,\"height\":277,\"caption\":\"BO 150\"},{\"@type\":\"BreadcrumbList\",\"@id\":\"https:\/\/www.skamet.ee\/fi\/tooted\/lamminvesivaraaja-bo-150\/#breadcrumb\",\"itemListElement\":[{\"@type\":\"ListItem\",\"position\":1,\"name\":\"Home\",\"item\":\"https:\/\/www.skamet.ee\/fi\/\"},{\"@type\":\"ListItem\",\"position\":2,\"name\":\"Tuotteet\",\"item\":\"https:\/\/www.skamet.ee\/fi\/shop-2\/\"},{\"@type\":\"ListItem\",\"position\":3,\"name\":\"L\u00e4mminvesivaraaja BO-150\"}]},{\"@type\":\"WebSite\",\"@id\":\"https:\/\/www.skamet.ee\/#website\",\"url\":\"https:\/\/www.skamet.ee\/\",\"name\":\"Skamet O\u00dc\",\"description\":\"Efektiivsed puuk\u00fcttega saunaahjud Eesti tootjalt\",\"publisher\":{\"@id\":\"https:\/\/www.skamet.ee\/#organization\"},\"potentialAction\":[{\"@type\":\"SearchAction\",\"target\":{\"@type\":\"EntryPoint\",\"urlTemplate\":\"https:\/\/www.skamet.ee\/?s={search_term_string}\"},\"query-input\":{\"@type\":\"PropertyValueSpecification\",\"valueRequired\":true,\"valueName\":\"search_term_string\"}}],\"inLanguage\":\"fi\"},{\"@type\":\"Organization\",\"@id\":\"https:\/\/www.skamet.ee\/#organization\",\"name\":\"Skamet\",\"url\":\"https:\/\/www.skamet.ee\/\",\"logo\":{\"@type\":\"ImageObject\",\"inLanguage\":\"fi\",\"@id\":\"https:\/\/www.skamet.ee\/#\/schema\/logo\/image\/\",\"url\":\"https:\/\/www.skamet.ee\/wp-content\/uploads\/2015\/05\/logo-uus.png\",\"contentUrl\":\"https:\/\/www.skamet.ee\/wp-content\/uploads\/2015\/05\/logo-uus.png\",\"width\":300,\"height\":127,\"caption\":\"Skamet\"},\"image\":{\"@id\":\"https:\/\/www.skamet.ee\/#\/schema\/logo\/image\/\"}}]}<\/script>\n<!-- \/ Yoast SEO plugin. -->","yoast_head_json":{"title":"L\u00e4mminvesivaraaja BO-130 - Skamet O\u00dc","description":"L\u00e4mminvesivaraaja BO-130","robots":{"index":"index","follow":"follow","max-snippet":"max-snippet:-1","max-image-preview":"max-image-preview:large","max-video-preview":"max-video-preview:-1"},"canonical":"https:\/\/www.skamet.ee\/fi\/tooted\/lamminvesivaraaja-bo-150\/","og_locale":"fi_FI","og_type":"article","og_title":"L\u00e4mminvesivaraaja BO-130 - Skamet O\u00dc","og_description":"L\u00e4mminvesivaraaja BO-130","og_url":"https:\/\/www.skamet.ee\/fi\/tooted\/lamminvesivaraaja-bo-150\/","og_site_name":"Skamet O\u00dc","article_modified_time":"2026-01-23T06:51:57+00:00","og_image":[{"width":196,"height":277,"url":"https:\/\/www.skamet.ee\/wp-content\/uploads\/2024\/10\/BO-150-.jpg","type":"image\/jpeg"}],"twitter_card":"summary_large_image","twitter_misc":{"Arvioitu lukuaika":"1 minuutti"},"schema":{"@context":"https:\/\/schema.org","@graph":[{"@type":"WebPage","@id":"https:\/\/www.skamet.ee\/fi\/tooted\/lamminvesivaraaja-bo-150\/","url":"https:\/\/www.skamet.ee\/fi\/tooted\/lamminvesivaraaja-bo-150\/","name":"L\u00e4mminvesivaraaja BO-130 - Skamet O\u00dc","isPartOf":{"@id":"https:\/\/www.skamet.ee\/#website"},"primaryImageOfPage":{"@id":"https:\/\/www.skamet.ee\/fi\/tooted\/lamminvesivaraaja-bo-150\/#primaryimage"},"image":{"@id":"https:\/\/www.skamet.ee\/fi\/tooted\/lamminvesivaraaja-bo-150\/#primaryimage"},"thumbnailUrl":"https:\/\/www.skamet.ee\/wp-content\/uploads\/2024\/10\/BO-150-.jpg","datePublished":"2024-10-25T05:13:17+00:00","dateModified":"2026-01-23T06:51:57+00:00","description":"L\u00e4mminvesivaraaja BO-130","breadcrumb":{"@id":"https:\/\/www.skamet.ee\/fi\/tooted\/lamminvesivaraaja-bo-150\/#breadcrumb"},"inLanguage":"fi","potentialAction":[{"@type":"ReadAction","target":["https:\/\/www.skamet.ee\/fi\/tooted\/lamminvesivaraaja-bo-150\/"]}]},{"@type":"ImageObject","inLanguage":"fi","@id":"https:\/\/www.skamet.ee\/fi\/tooted\/lamminvesivaraaja-bo-150\/#primaryimage","url":"https:\/\/www.skamet.ee\/wp-content\/uploads\/2024\/10\/BO-150-.jpg","contentUrl":"https:\/\/www.skamet.ee\/wp-content\/uploads\/2024\/10\/BO-150-.jpg","width":196,"height":277,"caption":"BO 150"},{"@type":"BreadcrumbList","@id":"https:\/\/www.skamet.ee\/fi\/tooted\/lamminvesivaraaja-bo-150\/#breadcrumb","itemListElement":[{"@type":"ListItem","position":1,"name":"Home","item":"https:\/\/www.skamet.ee\/fi\/"},{"@type":"ListItem","position":2,"name":"Tuotteet","item":"https:\/\/www.skamet.ee\/fi\/shop-2\/"},{"@type":"ListItem","position":3,"name":"L\u00e4mminvesivaraaja BO-150"}]},{"@type":"WebSite","@id":"https:\/\/www.skamet.ee\/#website","url":"https:\/\/www.skamet.ee\/","name":"Skamet O\u00dc","description":"Efektiivsed puuk\u00fcttega saunaahjud Eesti tootjalt","publisher":{"@id":"https:\/\/www.skamet.ee\/#organization"},"potentialAction":[{"@type":"SearchAction","target":{"@type":"EntryPoint","urlTemplate":"https:\/\/www.skamet.ee\/?s={search_term_string}"},"query-input":{"@type":"PropertyValueSpecification","valueRequired":true,"valueName":"search_term_string"}}],"inLanguage":"fi"},{"@type":"Organization","@id":"https:\/\/www.skamet.ee\/#organization","name":"Skamet","url":"https:\/\/www.skamet.ee\/","logo":{"@type":"ImageObject","inLanguage":"fi","@id":"https:\/\/www.skamet.ee\/#\/schema\/logo\/image\/","url":"https:\/\/www.skamet.ee\/wp-content\/uploads\/2015\/05\/logo-uus.png","contentUrl":"https:\/\/www.skamet.ee\/wp-content\/uploads\/2015\/05\/logo-uus.png","width":300,"height":127,"caption":"Skamet"},"image":{"@id":"https:\/\/www.skamet.ee\/#\/schema\/logo\/image\/"}}]}},"_links":{"self":[{"href":"https:\/\/www.skamet.ee\/fi\/wp-json\/wp\/v2\/product\/53744","targetHints":{"allow":["GET"]}}],"collection":[{"href":"https:\/\/www.skamet.ee\/fi\/wp-json\/wp\/v2\/product"}],"about":[{"href":"https:\/\/www.skamet.ee\/fi\/wp-json\/wp\/v2\/types\/product"}],"version-history":[{"count":1,"href":"https:\/\/www.skamet.ee\/fi\/wp-json\/wp\/v2\/product\/53744\/revisions"}],"predecessor-version":[{"id":53745,"href":"https:\/\/www.skamet.ee\/fi\/wp-json\/wp\/v2\/product\/53744\/revisions\/53745"}],"wp:featuredmedia":[{"embeddable":true,"href":"https:\/\/www.skamet.ee\/fi\/wp-json\/wp\/v2\/media\/55296"}],"wp:attachment":[{"href":"https:\/\/www.skamet.ee\/fi\/wp-json\/wp\/v2\/media?parent=53744"}],"wp:term":[{"taxonomy":"product_brand","embeddable":true,"href":"https:\/\/www.skamet.ee\/fi\/wp-json\/wp\/v2\/product_brand?post=53744"},{"taxonomy":"product_cat","embeddable":true,"href":"https:\/\/www.skamet.ee\/fi\/wp-json\/wp\/v2\/product_cat?post=53744"},{"taxonomy":"product_tag","embeddable":true,"href":"https:\/\/www.skamet.ee\/fi\/wp-json\/wp\/v2\/product_tag?post=53744"}],"curies":[{"name":"wp","href":"https:\/\/api.w.org\/{rel}","templated":true}]}}