{"id":53754,"date":"2024-06-12T12:54:43","date_gmt":"2024-06-12T09:54:43","guid":{"rendered":"https:\/\/www.skamet.ee\/?post_type=product&#038;p=53754"},"modified":"2026-01-23T09:14:48","modified_gmt":"2026-01-23T07:14:48","slug":"ruostumaton-vesisailio-bot-40-rv","status":"publish","type":"product","link":"https:\/\/www.skamet.ee\/fi\/tooted\/ruostumaton-vesisailio-bot-40-rv\/","title":{"rendered":"Ruostumaton vesis\u00e4ili\u00f6 BOT-40 RV"},"content":{"rendered":"<p data-start=\"115\" data-end=\"382\"><strong data-start=\"115\" data-end=\"232\">Ruostumattomasta ter\u00e4ksest\u00e4 valmistettu vesis\u00e4ili\u00f6 on k\u00e4tev\u00e4 ja k\u00e4yt\u00e4nn\u00f6llinen ratkaisu puul\u00e4mmitteiseen saunaan.<\/strong><br data-start=\"232\" data-end=\"235\" \/>40 litran ruostumattomasta ter\u00e4ksest\u00e4 valmistettu s\u00e4ili\u00f6 asennetaan kiukaan savupiipun ymp\u00e4rille ja se l\u00e4mmitt\u00e4\u00e4 veden nopeasti l\u00e4mmityksen aikana.<\/p>\n<h3 data-start=\"384\" data-end=\"410\">Tuotteen ominaisuudet:<\/h3>\n<ul data-start=\"411\" data-end=\"625\">\n<li data-start=\"411\" data-end=\"438\">\n<p data-start=\"413\" data-end=\"438\"><strong data-start=\"413\" data-end=\"426\">Tilavuus:<\/strong> 40 litraa<\/p>\n<\/li>\n<li data-start=\"439\" data-end=\"476\">\n<p data-start=\"441\" data-end=\"476\"><strong data-start=\"441\" data-end=\"456\">Materiaali:<\/strong>\u00a0ruostumaton ter\u00e4s<\/p>\n<\/li>\n<li data-start=\"477\" data-end=\"522\">\n<p data-start=\"479\" data-end=\"522\"><strong data-start=\"479\" data-end=\"491\">Rakenne:<\/strong>\u00a0asennus savupiipun ymp\u00e4rille<\/p>\n<\/li>\n<li data-start=\"523\" data-end=\"560\">\n<p data-start=\"525\" data-end=\"560\"><strong data-start=\"525\" data-end=\"551\">Savupiipun halkaisija:<\/strong>\u00a0115 mm<\/p>\n<\/li>\n<li data-start=\"561\" data-end=\"625\">\n<p data-start=\"563\" data-end=\"625\"><strong data-start=\"563\" data-end=\"584\">Pakkaus sis\u00e4lt\u00e4\u00e4:<\/strong>\u00a0s\u00e4ili\u00f6, tyhjennyshana, 300 mm savupiippu<\/p>\n<\/li>\n<\/ul>\n<h3 data-start=\"627\" data-end=\"637\">K\u00e4ytt\u00f6<\/h3>\n<ol data-start=\"638\" data-end=\"826\">\n<li data-start=\"638\" data-end=\"686\">\n<p data-start=\"641\" data-end=\"686\">Asenna s\u00e4ili\u00f6 kiukaan savupiipun ymp\u00e4rille.<\/p>\n<\/li>\n<li data-start=\"687\" data-end=\"730\">\n<p data-start=\"690\" data-end=\"730\">T\u00e4yt\u00e4 s\u00e4ili\u00f6 vedell\u00e4 yl\u00e4kannen kautta.<\/p>\n<\/li>\n<li data-start=\"731\" data-end=\"780\">\n<p data-start=\"734\" data-end=\"780\">L\u00e4mmityksen aikana vesi l\u00e4mpenee v\u00e4hitellen.<\/p>\n<\/li>\n<li data-start=\"781\" data-end=\"826\">\n<p data-start=\"784\" data-end=\"826\">K\u00e4yt\u00e4 l\u00e4mmint\u00e4 vett\u00e4 alaosan hanan kautta.<\/p>\n<\/li>\n<\/ol>\n","protected":false},"excerpt":{"rendered":"<p>Ruostumattomasta ter\u00e4ksest\u00e4 valmistettu vesis\u00e4ili\u00f6 on k\u00e4tev\u00e4 ja k\u00e4yt\u00e4nn\u00f6llinen ratkaisu puul\u00e4mmitteiseen saunaan.40 litran ruostumattomasta ter\u00e4ksest\u00e4 valmistettu s\u00e4ili\u00f6 asennetaan kiukaan savupiipun ymp\u00e4rille<\/p>\n","protected":false},"featured_media":43741,"template":"","meta":{"_lmt_disableupdate":"","_lmt_disable":""},"product_brand":[],"product_cat":[1133,971,1131],"product_tag":[],"class_list":{"0":"post-53754","1":"product","2":"type-product","3":"status-publish","4":"has-post-thumbnail","6":"product_cat-avaa-lamminvesivaraaja-savuputken-ymparilla","7":"product_cat-vesisailiot","8":"product_cat-avovesilammittimet","10":"first","11":"instock","12":"shipping-taxable","13":"product-type-simple"},"yoast_head":"<!-- This site is optimized with the Yoast SEO plugin v27.0 - https:\/\/yoast.com\/product\/yoast-seo-wordpress\/ -->\n<title>Ruostumaton vesis\u00e4ili\u00f6 BOT-40 RV - Skamet O\u00dc<\/title>\n<meta name=\"description\" content=\"Ruostumaton vesis\u00e4ili\u00f6 BOT-40 RV\" \/>\n<meta name=\"robots\" content=\"index, follow, max-snippet:-1, max-image-preview:large, max-video-preview:-1\" \/>\n<link rel=\"canonical\" href=\"https:\/\/www.skamet.ee\/fi\/tooted\/ruostumaton-vesisailio-bot-40-rv\/\" \/>\n<meta property=\"og:locale\" content=\"fi_FI\" \/>\n<meta property=\"og:type\" content=\"article\" \/>\n<meta property=\"og:title\" content=\"Ruostumaton vesis\u00e4ili\u00f6 BOT-40 RV - Skamet O\u00dc\" \/>\n<meta property=\"og:description\" content=\"Ruostumaton vesis\u00e4ili\u00f6 BOT-40 RV\" \/>\n<meta property=\"og:url\" content=\"https:\/\/www.skamet.ee\/fi\/tooted\/ruostumaton-vesisailio-bot-40-rv\/\" \/>\n<meta property=\"og:site_name\" content=\"Skamet O\u00dc\" \/>\n<meta property=\"article:modified_time\" content=\"2026-01-23T07:14:48+00:00\" \/>\n<meta property=\"og:image\" content=\"https:\/\/www.skamet.ee\/wp-content\/uploads\/2024\/06\/BOT-40-RV-scaled.jpg\" \/>\n\t<meta property=\"og:image:width\" content=\"1708\" \/>\n\t<meta property=\"og:image:height\" content=\"2560\" \/>\n\t<meta property=\"og:image:type\" content=\"image\/jpeg\" \/>\n<meta name=\"twitter:card\" content=\"summary_large_image\" \/>\n<meta name=\"twitter:label1\" content=\"Arvioitu lukuaika\" \/>\n\t<meta name=\"twitter:data1\" content=\"1 minuutti\" \/>\n<script type=\"application\/ld+json\" class=\"yoast-schema-graph\">{\"@context\":\"https:\/\/schema.org\",\"@graph\":[{\"@type\":\"WebPage\",\"@id\":\"https:\/\/www.skamet.ee\/fi\/tooted\/ruostumaton-vesisailio-bot-40-rv\/\",\"url\":\"https:\/\/www.skamet.ee\/fi\/tooted\/ruostumaton-vesisailio-bot-40-rv\/\",\"name\":\"Ruostumaton vesis\u00e4ili\u00f6 BOT-40 RV - Skamet O\u00dc\",\"isPartOf\":{\"@id\":\"https:\/\/www.skamet.ee\/#website\"},\"primaryImageOfPage\":{\"@id\":\"https:\/\/www.skamet.ee\/fi\/tooted\/ruostumaton-vesisailio-bot-40-rv\/#primaryimage\"},\"image\":{\"@id\":\"https:\/\/www.skamet.ee\/fi\/tooted\/ruostumaton-vesisailio-bot-40-rv\/#primaryimage\"},\"thumbnailUrl\":\"https:\/\/www.skamet.ee\/wp-content\/uploads\/2024\/06\/BOT-40-RV-scaled.jpg\",\"datePublished\":\"2024-06-12T09:54:43+00:00\",\"dateModified\":\"2026-01-23T07:14:48+00:00\",\"description\":\"Ruostumaton vesis\u00e4ili\u00f6 BOT-40 RV\",\"breadcrumb\":{\"@id\":\"https:\/\/www.skamet.ee\/fi\/tooted\/ruostumaton-vesisailio-bot-40-rv\/#breadcrumb\"},\"inLanguage\":\"fi\",\"potentialAction\":[{\"@type\":\"ReadAction\",\"target\":[\"https:\/\/www.skamet.ee\/fi\/tooted\/ruostumaton-vesisailio-bot-40-rv\/\"]}]},{\"@type\":\"ImageObject\",\"inLanguage\":\"fi\",\"@id\":\"https:\/\/www.skamet.ee\/fi\/tooted\/ruostumaton-vesisailio-bot-40-rv\/#primaryimage\",\"url\":\"https:\/\/www.skamet.ee\/wp-content\/uploads\/2024\/06\/BOT-40-RV-scaled.jpg\",\"contentUrl\":\"https:\/\/www.skamet.ee\/wp-content\/uploads\/2024\/06\/BOT-40-RV-scaled.jpg\",\"width\":1708,\"height\":2560,\"caption\":\"BOT 40 RV scaled\"},{\"@type\":\"BreadcrumbList\",\"@id\":\"https:\/\/www.skamet.ee\/fi\/tooted\/ruostumaton-vesisailio-bot-40-rv\/#breadcrumb\",\"itemListElement\":[{\"@type\":\"ListItem\",\"position\":1,\"name\":\"Home\",\"item\":\"https:\/\/www.skamet.ee\/fi\/\"},{\"@type\":\"ListItem\",\"position\":2,\"name\":\"Tuotteet\",\"item\":\"https:\/\/www.skamet.ee\/fi\/shop-2\/\"},{\"@type\":\"ListItem\",\"position\":3,\"name\":\"Ruostumaton vesis\u00e4ili\u00f6 BOT-40 RV\"}]},{\"@type\":\"WebSite\",\"@id\":\"https:\/\/www.skamet.ee\/#website\",\"url\":\"https:\/\/www.skamet.ee\/\",\"name\":\"Skamet O\u00dc\",\"description\":\"Efektiivsed puuk\u00fcttega saunaahjud Eesti tootjalt\",\"publisher\":{\"@id\":\"https:\/\/www.skamet.ee\/#organization\"},\"potentialAction\":[{\"@type\":\"SearchAction\",\"target\":{\"@type\":\"EntryPoint\",\"urlTemplate\":\"https:\/\/www.skamet.ee\/?s={search_term_string}\"},\"query-input\":{\"@type\":\"PropertyValueSpecification\",\"valueRequired\":true,\"valueName\":\"search_term_string\"}}],\"inLanguage\":\"fi\"},{\"@type\":\"Organization\",\"@id\":\"https:\/\/www.skamet.ee\/#organization\",\"name\":\"Skamet\",\"url\":\"https:\/\/www.skamet.ee\/\",\"logo\":{\"@type\":\"ImageObject\",\"inLanguage\":\"fi\",\"@id\":\"https:\/\/www.skamet.ee\/#\/schema\/logo\/image\/\",\"url\":\"https:\/\/www.skamet.ee\/wp-content\/uploads\/2015\/05\/logo-uus.png\",\"contentUrl\":\"https:\/\/www.skamet.ee\/wp-content\/uploads\/2015\/05\/logo-uus.png\",\"width\":300,\"height\":127,\"caption\":\"Skamet\"},\"image\":{\"@id\":\"https:\/\/www.skamet.ee\/#\/schema\/logo\/image\/\"}}]}<\/script>\n<!-- \/ Yoast SEO plugin. -->","yoast_head_json":{"title":"Ruostumaton vesis\u00e4ili\u00f6 BOT-40 RV - Skamet O\u00dc","description":"Ruostumaton vesis\u00e4ili\u00f6 BOT-40 RV","robots":{"index":"index","follow":"follow","max-snippet":"max-snippet:-1","max-image-preview":"max-image-preview:large","max-video-preview":"max-video-preview:-1"},"canonical":"https:\/\/www.skamet.ee\/fi\/tooted\/ruostumaton-vesisailio-bot-40-rv\/","og_locale":"fi_FI","og_type":"article","og_title":"Ruostumaton vesis\u00e4ili\u00f6 BOT-40 RV - Skamet O\u00dc","og_description":"Ruostumaton vesis\u00e4ili\u00f6 BOT-40 RV","og_url":"https:\/\/www.skamet.ee\/fi\/tooted\/ruostumaton-vesisailio-bot-40-rv\/","og_site_name":"Skamet O\u00dc","article_modified_time":"2026-01-23T07:14:48+00:00","og_image":[{"width":1708,"height":2560,"url":"https:\/\/www.skamet.ee\/wp-content\/uploads\/2024\/06\/BOT-40-RV-scaled.jpg","type":"image\/jpeg"}],"twitter_card":"summary_large_image","twitter_misc":{"Arvioitu lukuaika":"1 minuutti"},"schema":{"@context":"https:\/\/schema.org","@graph":[{"@type":"WebPage","@id":"https:\/\/www.skamet.ee\/fi\/tooted\/ruostumaton-vesisailio-bot-40-rv\/","url":"https:\/\/www.skamet.ee\/fi\/tooted\/ruostumaton-vesisailio-bot-40-rv\/","name":"Ruostumaton vesis\u00e4ili\u00f6 BOT-40 RV - Skamet O\u00dc","isPartOf":{"@id":"https:\/\/www.skamet.ee\/#website"},"primaryImageOfPage":{"@id":"https:\/\/www.skamet.ee\/fi\/tooted\/ruostumaton-vesisailio-bot-40-rv\/#primaryimage"},"image":{"@id":"https:\/\/www.skamet.ee\/fi\/tooted\/ruostumaton-vesisailio-bot-40-rv\/#primaryimage"},"thumbnailUrl":"https:\/\/www.skamet.ee\/wp-content\/uploads\/2024\/06\/BOT-40-RV-scaled.jpg","datePublished":"2024-06-12T09:54:43+00:00","dateModified":"2026-01-23T07:14:48+00:00","description":"Ruostumaton vesis\u00e4ili\u00f6 BOT-40 RV","breadcrumb":{"@id":"https:\/\/www.skamet.ee\/fi\/tooted\/ruostumaton-vesisailio-bot-40-rv\/#breadcrumb"},"inLanguage":"fi","potentialAction":[{"@type":"ReadAction","target":["https:\/\/www.skamet.ee\/fi\/tooted\/ruostumaton-vesisailio-bot-40-rv\/"]}]},{"@type":"ImageObject","inLanguage":"fi","@id":"https:\/\/www.skamet.ee\/fi\/tooted\/ruostumaton-vesisailio-bot-40-rv\/#primaryimage","url":"https:\/\/www.skamet.ee\/wp-content\/uploads\/2024\/06\/BOT-40-RV-scaled.jpg","contentUrl":"https:\/\/www.skamet.ee\/wp-content\/uploads\/2024\/06\/BOT-40-RV-scaled.jpg","width":1708,"height":2560,"caption":"BOT 40 RV scaled"},{"@type":"BreadcrumbList","@id":"https:\/\/www.skamet.ee\/fi\/tooted\/ruostumaton-vesisailio-bot-40-rv\/#breadcrumb","itemListElement":[{"@type":"ListItem","position":1,"name":"Home","item":"https:\/\/www.skamet.ee\/fi\/"},{"@type":"ListItem","position":2,"name":"Tuotteet","item":"https:\/\/www.skamet.ee\/fi\/shop-2\/"},{"@type":"ListItem","position":3,"name":"Ruostumaton vesis\u00e4ili\u00f6 BOT-40 RV"}]},{"@type":"WebSite","@id":"https:\/\/www.skamet.ee\/#website","url":"https:\/\/www.skamet.ee\/","name":"Skamet O\u00dc","description":"Efektiivsed puuk\u00fcttega saunaahjud Eesti tootjalt","publisher":{"@id":"https:\/\/www.skamet.ee\/#organization"},"potentialAction":[{"@type":"SearchAction","target":{"@type":"EntryPoint","urlTemplate":"https:\/\/www.skamet.ee\/?s={search_term_string}"},"query-input":{"@type":"PropertyValueSpecification","valueRequired":true,"valueName":"search_term_string"}}],"inLanguage":"fi"},{"@type":"Organization","@id":"https:\/\/www.skamet.ee\/#organization","name":"Skamet","url":"https:\/\/www.skamet.ee\/","logo":{"@type":"ImageObject","inLanguage":"fi","@id":"https:\/\/www.skamet.ee\/#\/schema\/logo\/image\/","url":"https:\/\/www.skamet.ee\/wp-content\/uploads\/2015\/05\/logo-uus.png","contentUrl":"https:\/\/www.skamet.ee\/wp-content\/uploads\/2015\/05\/logo-uus.png","width":300,"height":127,"caption":"Skamet"},"image":{"@id":"https:\/\/www.skamet.ee\/#\/schema\/logo\/image\/"}}]}},"_links":{"self":[{"href":"https:\/\/www.skamet.ee\/fi\/wp-json\/wp\/v2\/product\/53754","targetHints":{"allow":["GET"]}}],"collection":[{"href":"https:\/\/www.skamet.ee\/fi\/wp-json\/wp\/v2\/product"}],"about":[{"href":"https:\/\/www.skamet.ee\/fi\/wp-json\/wp\/v2\/types\/product"}],"version-history":[{"count":2,"href":"https:\/\/www.skamet.ee\/fi\/wp-json\/wp\/v2\/product\/53754\/revisions"}],"predecessor-version":[{"id":53756,"href":"https:\/\/www.skamet.ee\/fi\/wp-json\/wp\/v2\/product\/53754\/revisions\/53756"}],"wp:featuredmedia":[{"embeddable":true,"href":"https:\/\/www.skamet.ee\/fi\/wp-json\/wp\/v2\/media\/43741"}],"wp:attachment":[{"href":"https:\/\/www.skamet.ee\/fi\/wp-json\/wp\/v2\/media?parent=53754"}],"wp:term":[{"taxonomy":"product_brand","embeddable":true,"href":"https:\/\/www.skamet.ee\/fi\/wp-json\/wp\/v2\/product_brand?post=53754"},{"taxonomy":"product_cat","embeddable":true,"href":"https:\/\/www.skamet.ee\/fi\/wp-json\/wp\/v2\/product_cat?post=53754"},{"taxonomy":"product_tag","embeddable":true,"href":"https:\/\/www.skamet.ee\/fi\/wp-json\/wp\/v2\/product_tag?post=53754"}],"curies":[{"name":"wp","href":"https:\/\/api.w.org\/{rel}","templated":true}]}}