{"id":53758,"date":"2022-10-03T12:56:38","date_gmt":"2022-10-03T09:56:38","guid":{"rendered":"https:\/\/www.skamet.ee\/?post_type=product&#038;p=53758"},"modified":"2026-01-23T09:45:56","modified_gmt":"2026-01-23T07:45:56","slug":"avoin-vesisailio-40-p","status":"publish","type":"product","link":"https:\/\/www.skamet.ee\/fi\/tooted\/avoin-vesisailio-40-p\/","title":{"rendered":"Avoin vesis\u00e4ili\u00f6 40-P"},"content":{"rendered":"<p data-start=\"96\" data-end=\"306\"><strong data-start=\"96\" data-end=\"161\">40 litran s\u00e4ili\u00f6 kiukaalle, varustettuna kannella ja hanalla.<\/strong><br data-start=\"161\" data-end=\"164\" \/>Samaan tilaan l\u00e4mmitett\u00e4v\u00e4ss\u00e4 kiukaassa s\u00e4ili\u00f6 sijoittuu oikealle puolelle, ja toisesta tilasta l\u00e4mmitett\u00e4v\u00e4ss\u00e4 kiukaassa vasemmalle puolelle.<\/p>\n<p data-start=\"308\" data-end=\"552\"><strong data-start=\"308\" data-end=\"411\">Mik\u00e4li k\u00e4yt\u00f6ss\u00e4si on heikkolaatuinen vesi, on ehdottomasti suositeltavaa valita ruostumaton s\u00e4ili\u00f6,<\/strong><br data-start=\"411\" data-end=\"414\" \/>sill\u00e4 mustasta metallista valmistettu s\u00e4ili\u00f6 voi aiheuttaa veden ruostumista, mink\u00e4 seurauksena vesi ei v\u00e4ltt\u00e4m\u00e4tt\u00e4 sovellu peseytymiseen.<\/p>\n<p data-start=\"554\" data-end=\"678\"><strong data-start=\"554\" data-end=\"678\">Jos mustasta metallista valmistetun s\u00e4ili\u00f6n sis\u00e4pinnoille on jo muodostunut ruostekerros, sen poistamista ei suositella.<\/strong><\/p>\n<h3 data-start=\"680\" data-end=\"700\">TEKNISET TIEDOT:<\/h3>\n","protected":false},"excerpt":{"rendered":"<p>40 litran s\u00e4ili\u00f6 kiukaalle, varustettuna kannella ja hanalla.Samaan tilaan l\u00e4mmitett\u00e4v\u00e4ss\u00e4 kiukaassa s\u00e4ili\u00f6 sijoittuu oikealle puolelle, ja toisesta tilasta l\u00e4mmitett\u00e4v\u00e4ss\u00e4 kiukaassa<\/p>\n","protected":false},"featured_media":43152,"template":"","meta":{"_lmt_disableupdate":"","_lmt_disable":""},"product_brand":[],"product_cat":[971,1134],"product_tag":[],"class_list":{"0":"post-53758","1":"product","2":"type-product","3":"status-publish","4":"has-post-thumbnail","6":"product_cat-vesisailiot","7":"product_cat-avovesisailio-40l","9":"first","10":"instock","11":"shipping-taxable","12":"product-type-simple"},"yoast_head":"<!-- This site is optimized with the Yoast SEO plugin v27.0 - https:\/\/yoast.com\/product\/yoast-seo-wordpress\/ -->\n<title>Avoin vesis\u00e4ili\u00f6 40-P - Skamet O\u00dc<\/title>\n<meta name=\"description\" content=\"Avoin vesis\u00e4ili\u00f6 40-P\" \/>\n<meta name=\"robots\" content=\"index, follow, max-snippet:-1, max-image-preview:large, max-video-preview:-1\" \/>\n<link rel=\"canonical\" href=\"https:\/\/www.skamet.ee\/fi\/tooted\/avoin-vesisailio-40-p\/\" \/>\n<meta property=\"og:locale\" content=\"fi_FI\" \/>\n<meta property=\"og:type\" content=\"article\" \/>\n<meta property=\"og:title\" content=\"Avoin vesis\u00e4ili\u00f6 40-P - Skamet O\u00dc\" \/>\n<meta property=\"og:description\" content=\"Avoin vesis\u00e4ili\u00f6 40-P\" \/>\n<meta property=\"og:url\" content=\"https:\/\/www.skamet.ee\/fi\/tooted\/avoin-vesisailio-40-p\/\" \/>\n<meta property=\"og:site_name\" content=\"Skamet O\u00dc\" \/>\n<meta property=\"article:modified_time\" content=\"2026-01-23T07:45:56+00:00\" \/>\n<meta property=\"og:image\" content=\"https:\/\/www.skamet.ee\/wp-content\/uploads\/2022\/10\/40-P-white-background.png\" \/>\n\t<meta property=\"og:image:width\" content=\"300\" \/>\n\t<meta property=\"og:image:height\" content=\"533\" \/>\n\t<meta property=\"og:image:type\" content=\"image\/png\" \/>\n<meta name=\"twitter:card\" content=\"summary_large_image\" \/>\n<meta name=\"twitter:label1\" content=\"Arvioitu lukuaika\" \/>\n\t<meta name=\"twitter:data1\" content=\"1 minuutti\" \/>\n<script type=\"application\/ld+json\" class=\"yoast-schema-graph\">{\"@context\":\"https:\/\/schema.org\",\"@graph\":[{\"@type\":\"WebPage\",\"@id\":\"https:\/\/www.skamet.ee\/fi\/tooted\/avoin-vesisailio-40-p\/\",\"url\":\"https:\/\/www.skamet.ee\/fi\/tooted\/avoin-vesisailio-40-p\/\",\"name\":\"Avoin vesis\u00e4ili\u00f6 40-P - Skamet O\u00dc\",\"isPartOf\":{\"@id\":\"https:\/\/www.skamet.ee\/#website\"},\"primaryImageOfPage\":{\"@id\":\"https:\/\/www.skamet.ee\/fi\/tooted\/avoin-vesisailio-40-p\/#primaryimage\"},\"image\":{\"@id\":\"https:\/\/www.skamet.ee\/fi\/tooted\/avoin-vesisailio-40-p\/#primaryimage\"},\"thumbnailUrl\":\"https:\/\/www.skamet.ee\/wp-content\/uploads\/2022\/10\/40-P-white-background.png\",\"datePublished\":\"2022-10-03T09:56:38+00:00\",\"dateModified\":\"2026-01-23T07:45:56+00:00\",\"description\":\"Avoin vesis\u00e4ili\u00f6 40-P\",\"breadcrumb\":{\"@id\":\"https:\/\/www.skamet.ee\/fi\/tooted\/avoin-vesisailio-40-p\/#breadcrumb\"},\"inLanguage\":\"fi\",\"potentialAction\":[{\"@type\":\"ReadAction\",\"target\":[\"https:\/\/www.skamet.ee\/fi\/tooted\/avoin-vesisailio-40-p\/\"]}]},{\"@type\":\"ImageObject\",\"inLanguage\":\"fi\",\"@id\":\"https:\/\/www.skamet.ee\/fi\/tooted\/avoin-vesisailio-40-p\/#primaryimage\",\"url\":\"https:\/\/www.skamet.ee\/wp-content\/uploads\/2022\/10\/40-P-white-background.png\",\"contentUrl\":\"https:\/\/www.skamet.ee\/wp-content\/uploads\/2022\/10\/40-P-white-background.png\",\"width\":300,\"height\":533,\"caption\":\"40 P white background\"},{\"@type\":\"BreadcrumbList\",\"@id\":\"https:\/\/www.skamet.ee\/fi\/tooted\/avoin-vesisailio-40-p\/#breadcrumb\",\"itemListElement\":[{\"@type\":\"ListItem\",\"position\":1,\"name\":\"Home\",\"item\":\"https:\/\/www.skamet.ee\/fi\/\"},{\"@type\":\"ListItem\",\"position\":2,\"name\":\"Tuotteet\",\"item\":\"https:\/\/www.skamet.ee\/fi\/shop-2\/\"},{\"@type\":\"ListItem\",\"position\":3,\"name\":\"Avoin vesis\u00e4ili\u00f6 40-P\"}]},{\"@type\":\"WebSite\",\"@id\":\"https:\/\/www.skamet.ee\/#website\",\"url\":\"https:\/\/www.skamet.ee\/\",\"name\":\"Skamet O\u00dc\",\"description\":\"Efektiivsed puuk\u00fcttega saunaahjud Eesti tootjalt\",\"publisher\":{\"@id\":\"https:\/\/www.skamet.ee\/#organization\"},\"potentialAction\":[{\"@type\":\"SearchAction\",\"target\":{\"@type\":\"EntryPoint\",\"urlTemplate\":\"https:\/\/www.skamet.ee\/?s={search_term_string}\"},\"query-input\":{\"@type\":\"PropertyValueSpecification\",\"valueRequired\":true,\"valueName\":\"search_term_string\"}}],\"inLanguage\":\"fi\"},{\"@type\":\"Organization\",\"@id\":\"https:\/\/www.skamet.ee\/#organization\",\"name\":\"Skamet\",\"url\":\"https:\/\/www.skamet.ee\/\",\"logo\":{\"@type\":\"ImageObject\",\"inLanguage\":\"fi\",\"@id\":\"https:\/\/www.skamet.ee\/#\/schema\/logo\/image\/\",\"url\":\"https:\/\/www.skamet.ee\/wp-content\/uploads\/2015\/05\/logo-uus.png\",\"contentUrl\":\"https:\/\/www.skamet.ee\/wp-content\/uploads\/2015\/05\/logo-uus.png\",\"width\":300,\"height\":127,\"caption\":\"Skamet\"},\"image\":{\"@id\":\"https:\/\/www.skamet.ee\/#\/schema\/logo\/image\/\"}}]}<\/script>\n<!-- \/ Yoast SEO plugin. -->","yoast_head_json":{"title":"Avoin vesis\u00e4ili\u00f6 40-P - Skamet O\u00dc","description":"Avoin vesis\u00e4ili\u00f6 40-P","robots":{"index":"index","follow":"follow","max-snippet":"max-snippet:-1","max-image-preview":"max-image-preview:large","max-video-preview":"max-video-preview:-1"},"canonical":"https:\/\/www.skamet.ee\/fi\/tooted\/avoin-vesisailio-40-p\/","og_locale":"fi_FI","og_type":"article","og_title":"Avoin vesis\u00e4ili\u00f6 40-P - Skamet O\u00dc","og_description":"Avoin vesis\u00e4ili\u00f6 40-P","og_url":"https:\/\/www.skamet.ee\/fi\/tooted\/avoin-vesisailio-40-p\/","og_site_name":"Skamet O\u00dc","article_modified_time":"2026-01-23T07:45:56+00:00","og_image":[{"width":300,"height":533,"url":"https:\/\/www.skamet.ee\/wp-content\/uploads\/2022\/10\/40-P-white-background.png","type":"image\/png"}],"twitter_card":"summary_large_image","twitter_misc":{"Arvioitu lukuaika":"1 minuutti"},"schema":{"@context":"https:\/\/schema.org","@graph":[{"@type":"WebPage","@id":"https:\/\/www.skamet.ee\/fi\/tooted\/avoin-vesisailio-40-p\/","url":"https:\/\/www.skamet.ee\/fi\/tooted\/avoin-vesisailio-40-p\/","name":"Avoin vesis\u00e4ili\u00f6 40-P - Skamet O\u00dc","isPartOf":{"@id":"https:\/\/www.skamet.ee\/#website"},"primaryImageOfPage":{"@id":"https:\/\/www.skamet.ee\/fi\/tooted\/avoin-vesisailio-40-p\/#primaryimage"},"image":{"@id":"https:\/\/www.skamet.ee\/fi\/tooted\/avoin-vesisailio-40-p\/#primaryimage"},"thumbnailUrl":"https:\/\/www.skamet.ee\/wp-content\/uploads\/2022\/10\/40-P-white-background.png","datePublished":"2022-10-03T09:56:38+00:00","dateModified":"2026-01-23T07:45:56+00:00","description":"Avoin vesis\u00e4ili\u00f6 40-P","breadcrumb":{"@id":"https:\/\/www.skamet.ee\/fi\/tooted\/avoin-vesisailio-40-p\/#breadcrumb"},"inLanguage":"fi","potentialAction":[{"@type":"ReadAction","target":["https:\/\/www.skamet.ee\/fi\/tooted\/avoin-vesisailio-40-p\/"]}]},{"@type":"ImageObject","inLanguage":"fi","@id":"https:\/\/www.skamet.ee\/fi\/tooted\/avoin-vesisailio-40-p\/#primaryimage","url":"https:\/\/www.skamet.ee\/wp-content\/uploads\/2022\/10\/40-P-white-background.png","contentUrl":"https:\/\/www.skamet.ee\/wp-content\/uploads\/2022\/10\/40-P-white-background.png","width":300,"height":533,"caption":"40 P white background"},{"@type":"BreadcrumbList","@id":"https:\/\/www.skamet.ee\/fi\/tooted\/avoin-vesisailio-40-p\/#breadcrumb","itemListElement":[{"@type":"ListItem","position":1,"name":"Home","item":"https:\/\/www.skamet.ee\/fi\/"},{"@type":"ListItem","position":2,"name":"Tuotteet","item":"https:\/\/www.skamet.ee\/fi\/shop-2\/"},{"@type":"ListItem","position":3,"name":"Avoin vesis\u00e4ili\u00f6 40-P"}]},{"@type":"WebSite","@id":"https:\/\/www.skamet.ee\/#website","url":"https:\/\/www.skamet.ee\/","name":"Skamet O\u00dc","description":"Efektiivsed puuk\u00fcttega saunaahjud Eesti tootjalt","publisher":{"@id":"https:\/\/www.skamet.ee\/#organization"},"potentialAction":[{"@type":"SearchAction","target":{"@type":"EntryPoint","urlTemplate":"https:\/\/www.skamet.ee\/?s={search_term_string}"},"query-input":{"@type":"PropertyValueSpecification","valueRequired":true,"valueName":"search_term_string"}}],"inLanguage":"fi"},{"@type":"Organization","@id":"https:\/\/www.skamet.ee\/#organization","name":"Skamet","url":"https:\/\/www.skamet.ee\/","logo":{"@type":"ImageObject","inLanguage":"fi","@id":"https:\/\/www.skamet.ee\/#\/schema\/logo\/image\/","url":"https:\/\/www.skamet.ee\/wp-content\/uploads\/2015\/05\/logo-uus.png","contentUrl":"https:\/\/www.skamet.ee\/wp-content\/uploads\/2015\/05\/logo-uus.png","width":300,"height":127,"caption":"Skamet"},"image":{"@id":"https:\/\/www.skamet.ee\/#\/schema\/logo\/image\/"}}]}},"_links":{"self":[{"href":"https:\/\/www.skamet.ee\/fi\/wp-json\/wp\/v2\/product\/53758","targetHints":{"allow":["GET"]}}],"collection":[{"href":"https:\/\/www.skamet.ee\/fi\/wp-json\/wp\/v2\/product"}],"about":[{"href":"https:\/\/www.skamet.ee\/fi\/wp-json\/wp\/v2\/types\/product"}],"version-history":[{"count":1,"href":"https:\/\/www.skamet.ee\/fi\/wp-json\/wp\/v2\/product\/53758\/revisions"}],"predecessor-version":[{"id":53759,"href":"https:\/\/www.skamet.ee\/fi\/wp-json\/wp\/v2\/product\/53758\/revisions\/53759"}],"wp:featuredmedia":[{"embeddable":true,"href":"https:\/\/www.skamet.ee\/fi\/wp-json\/wp\/v2\/media\/43152"}],"wp:attachment":[{"href":"https:\/\/www.skamet.ee\/fi\/wp-json\/wp\/v2\/media?parent=53758"}],"wp:term":[{"taxonomy":"product_brand","embeddable":true,"href":"https:\/\/www.skamet.ee\/fi\/wp-json\/wp\/v2\/product_brand?post=53758"},{"taxonomy":"product_cat","embeddable":true,"href":"https:\/\/www.skamet.ee\/fi\/wp-json\/wp\/v2\/product_cat?post=53758"},{"taxonomy":"product_tag","embeddable":true,"href":"https:\/\/www.skamet.ee\/fi\/wp-json\/wp\/v2\/product_tag?post=53758"}],"curies":[{"name":"wp","href":"https:\/\/api.w.org\/{rel}","templated":true}]}}