{"id":53764,"date":"2022-10-03T12:59:51","date_gmt":"2022-10-03T09:59:51","guid":{"rendered":"https:\/\/www.skamet.ee\/?post_type=product&#038;p=53764"},"modified":"2026-01-23T09:59:14","modified_gmt":"2026-01-23T07:59:14","slug":"avoin-ruostumaton-vesisailio-40-prv","status":"publish","type":"product","link":"https:\/\/www.skamet.ee\/fi\/tooted\/avoin-ruostumaton-vesisailio-40-prv\/","title":{"rendered":"Avoin ruostumaton vesis\u00e4ili\u00f6 40-PRV"},"content":{"rendered":"<p><strong data-start=\"54\" data-end=\"119\">40 litran s\u00e4ili\u00f6 kiukaalle, varustettuna kannella ja hanalla.<\/strong><br data-start=\"119\" data-end=\"122\" \/>Samaan tilaan l\u00e4mmitett\u00e4v\u00e4ss\u00e4 kiukaassa s\u00e4ili\u00f6 sijaitsee oikealla puolella, ja toisesta tilasta l\u00e4mmitett\u00e4v\u00e4ss\u00e4 kiukaassa vasemmalla puolella.<\/p>\n","protected":false},"excerpt":{"rendered":"<p>40 litran s\u00e4ili\u00f6 kiukaalle, varustettuna kannella ja hanalla.Samaan tilaan l\u00e4mmitett\u00e4v\u00e4ss\u00e4 kiukaassa s\u00e4ili\u00f6 sijaitsee oikealla puolella, ja toisesta tilasta l\u00e4mmitett\u00e4v\u00e4ss\u00e4 kiukaassa<\/p>\n","protected":false},"featured_media":43162,"template":"","meta":{"_lmt_disableupdate":"","_lmt_disable":""},"product_brand":[],"product_cat":[1134,971,1131],"product_tag":[],"class_list":{"0":"post-53764","1":"product","2":"type-product","3":"status-publish","4":"has-post-thumbnail","6":"product_cat-avovesisailio-40l","7":"product_cat-vesisailiot","8":"product_cat-avovesilammittimet","10":"first","11":"instock","12":"shipping-taxable","13":"product-type-simple"},"yoast_head":"<!-- This site is optimized with the Yoast SEO plugin v27.0 - https:\/\/yoast.com\/product\/yoast-seo-wordpress\/ -->\n<title>Avoin ruostumaton vesis\u00e4ili\u00f6 40-PRV - Skamet O\u00dc<\/title>\n<meta name=\"description\" content=\"Avoin ruostumaton vesis\u00e4ili\u00f6 40-PRV\" \/>\n<meta name=\"robots\" content=\"index, follow, max-snippet:-1, max-image-preview:large, max-video-preview:-1\" \/>\n<link rel=\"canonical\" href=\"https:\/\/www.skamet.ee\/fi\/tooted\/avoin-ruostumaton-vesisailio-40-prv\/\" \/>\n<meta property=\"og:locale\" content=\"fi_FI\" \/>\n<meta property=\"og:type\" content=\"article\" \/>\n<meta property=\"og:title\" content=\"Avoin ruostumaton vesis\u00e4ili\u00f6 40-PRV - Skamet O\u00dc\" \/>\n<meta property=\"og:description\" content=\"Avoin ruostumaton vesis\u00e4ili\u00f6 40-PRV\" \/>\n<meta property=\"og:url\" content=\"https:\/\/www.skamet.ee\/fi\/tooted\/avoin-ruostumaton-vesisailio-40-prv\/\" \/>\n<meta property=\"og:site_name\" content=\"Skamet O\u00dc\" \/>\n<meta property=\"article:modified_time\" content=\"2026-01-23T07:59:14+00:00\" \/>\n<meta property=\"og:image\" content=\"https:\/\/www.skamet.ee\/wp-content\/uploads\/2022\/10\/40-PRV-removebg-preview.png\" \/>\n\t<meta property=\"og:image:width\" content=\"289\" \/>\n\t<meta property=\"og:image:height\" content=\"443\" \/>\n\t<meta property=\"og:image:type\" content=\"image\/png\" \/>\n<meta name=\"twitter:card\" content=\"summary_large_image\" \/>\n<meta name=\"twitter:label1\" content=\"Arvioitu lukuaika\" \/>\n\t<meta name=\"twitter:data1\" content=\"1 minuutti\" \/>\n<script type=\"application\/ld+json\" class=\"yoast-schema-graph\">{\"@context\":\"https:\/\/schema.org\",\"@graph\":[{\"@type\":\"WebPage\",\"@id\":\"https:\/\/www.skamet.ee\/fi\/tooted\/avoin-ruostumaton-vesisailio-40-prv\/\",\"url\":\"https:\/\/www.skamet.ee\/fi\/tooted\/avoin-ruostumaton-vesisailio-40-prv\/\",\"name\":\"Avoin ruostumaton vesis\u00e4ili\u00f6 40-PRV - Skamet O\u00dc\",\"isPartOf\":{\"@id\":\"https:\/\/www.skamet.ee\/#website\"},\"primaryImageOfPage\":{\"@id\":\"https:\/\/www.skamet.ee\/fi\/tooted\/avoin-ruostumaton-vesisailio-40-prv\/#primaryimage\"},\"image\":{\"@id\":\"https:\/\/www.skamet.ee\/fi\/tooted\/avoin-ruostumaton-vesisailio-40-prv\/#primaryimage\"},\"thumbnailUrl\":\"https:\/\/www.skamet.ee\/wp-content\/uploads\/2022\/10\/40-PRV-removebg-preview.png\",\"datePublished\":\"2022-10-03T09:59:51+00:00\",\"dateModified\":\"2026-01-23T07:59:14+00:00\",\"description\":\"Avoin ruostumaton vesis\u00e4ili\u00f6 40-PRV\",\"breadcrumb\":{\"@id\":\"https:\/\/www.skamet.ee\/fi\/tooted\/avoin-ruostumaton-vesisailio-40-prv\/#breadcrumb\"},\"inLanguage\":\"fi\",\"potentialAction\":[{\"@type\":\"ReadAction\",\"target\":[\"https:\/\/www.skamet.ee\/fi\/tooted\/avoin-ruostumaton-vesisailio-40-prv\/\"]}]},{\"@type\":\"ImageObject\",\"inLanguage\":\"fi\",\"@id\":\"https:\/\/www.skamet.ee\/fi\/tooted\/avoin-ruostumaton-vesisailio-40-prv\/#primaryimage\",\"url\":\"https:\/\/www.skamet.ee\/wp-content\/uploads\/2022\/10\/40-PRV-removebg-preview.png\",\"contentUrl\":\"https:\/\/www.skamet.ee\/wp-content\/uploads\/2022\/10\/40-PRV-removebg-preview.png\",\"width\":289,\"height\":443,\"caption\":\"40 PRV removebg preview\"},{\"@type\":\"BreadcrumbList\",\"@id\":\"https:\/\/www.skamet.ee\/fi\/tooted\/avoin-ruostumaton-vesisailio-40-prv\/#breadcrumb\",\"itemListElement\":[{\"@type\":\"ListItem\",\"position\":1,\"name\":\"Home\",\"item\":\"https:\/\/www.skamet.ee\/fi\/\"},{\"@type\":\"ListItem\",\"position\":2,\"name\":\"Tuotteet\",\"item\":\"https:\/\/www.skamet.ee\/fi\/shop-2\/\"},{\"@type\":\"ListItem\",\"position\":3,\"name\":\"Avoin ruostumaton vesis\u00e4ili\u00f6 40-PRV\"}]},{\"@type\":\"WebSite\",\"@id\":\"https:\/\/www.skamet.ee\/#website\",\"url\":\"https:\/\/www.skamet.ee\/\",\"name\":\"Skamet O\u00dc\",\"description\":\"Efektiivsed puuk\u00fcttega saunaahjud Eesti tootjalt\",\"publisher\":{\"@id\":\"https:\/\/www.skamet.ee\/#organization\"},\"potentialAction\":[{\"@type\":\"SearchAction\",\"target\":{\"@type\":\"EntryPoint\",\"urlTemplate\":\"https:\/\/www.skamet.ee\/?s={search_term_string}\"},\"query-input\":{\"@type\":\"PropertyValueSpecification\",\"valueRequired\":true,\"valueName\":\"search_term_string\"}}],\"inLanguage\":\"fi\"},{\"@type\":\"Organization\",\"@id\":\"https:\/\/www.skamet.ee\/#organization\",\"name\":\"Skamet\",\"url\":\"https:\/\/www.skamet.ee\/\",\"logo\":{\"@type\":\"ImageObject\",\"inLanguage\":\"fi\",\"@id\":\"https:\/\/www.skamet.ee\/#\/schema\/logo\/image\/\",\"url\":\"https:\/\/www.skamet.ee\/wp-content\/uploads\/2015\/05\/logo-uus.png\",\"contentUrl\":\"https:\/\/www.skamet.ee\/wp-content\/uploads\/2015\/05\/logo-uus.png\",\"width\":300,\"height\":127,\"caption\":\"Skamet\"},\"image\":{\"@id\":\"https:\/\/www.skamet.ee\/#\/schema\/logo\/image\/\"}}]}<\/script>\n<!-- \/ Yoast SEO plugin. -->","yoast_head_json":{"title":"Avoin ruostumaton vesis\u00e4ili\u00f6 40-PRV - Skamet O\u00dc","description":"Avoin ruostumaton vesis\u00e4ili\u00f6 40-PRV","robots":{"index":"index","follow":"follow","max-snippet":"max-snippet:-1","max-image-preview":"max-image-preview:large","max-video-preview":"max-video-preview:-1"},"canonical":"https:\/\/www.skamet.ee\/fi\/tooted\/avoin-ruostumaton-vesisailio-40-prv\/","og_locale":"fi_FI","og_type":"article","og_title":"Avoin ruostumaton vesis\u00e4ili\u00f6 40-PRV - Skamet O\u00dc","og_description":"Avoin ruostumaton vesis\u00e4ili\u00f6 40-PRV","og_url":"https:\/\/www.skamet.ee\/fi\/tooted\/avoin-ruostumaton-vesisailio-40-prv\/","og_site_name":"Skamet O\u00dc","article_modified_time":"2026-01-23T07:59:14+00:00","og_image":[{"width":289,"height":443,"url":"https:\/\/www.skamet.ee\/wp-content\/uploads\/2022\/10\/40-PRV-removebg-preview.png","type":"image\/png"}],"twitter_card":"summary_large_image","twitter_misc":{"Arvioitu lukuaika":"1 minuutti"},"schema":{"@context":"https:\/\/schema.org","@graph":[{"@type":"WebPage","@id":"https:\/\/www.skamet.ee\/fi\/tooted\/avoin-ruostumaton-vesisailio-40-prv\/","url":"https:\/\/www.skamet.ee\/fi\/tooted\/avoin-ruostumaton-vesisailio-40-prv\/","name":"Avoin ruostumaton vesis\u00e4ili\u00f6 40-PRV - Skamet O\u00dc","isPartOf":{"@id":"https:\/\/www.skamet.ee\/#website"},"primaryImageOfPage":{"@id":"https:\/\/www.skamet.ee\/fi\/tooted\/avoin-ruostumaton-vesisailio-40-prv\/#primaryimage"},"image":{"@id":"https:\/\/www.skamet.ee\/fi\/tooted\/avoin-ruostumaton-vesisailio-40-prv\/#primaryimage"},"thumbnailUrl":"https:\/\/www.skamet.ee\/wp-content\/uploads\/2022\/10\/40-PRV-removebg-preview.png","datePublished":"2022-10-03T09:59:51+00:00","dateModified":"2026-01-23T07:59:14+00:00","description":"Avoin ruostumaton vesis\u00e4ili\u00f6 40-PRV","breadcrumb":{"@id":"https:\/\/www.skamet.ee\/fi\/tooted\/avoin-ruostumaton-vesisailio-40-prv\/#breadcrumb"},"inLanguage":"fi","potentialAction":[{"@type":"ReadAction","target":["https:\/\/www.skamet.ee\/fi\/tooted\/avoin-ruostumaton-vesisailio-40-prv\/"]}]},{"@type":"ImageObject","inLanguage":"fi","@id":"https:\/\/www.skamet.ee\/fi\/tooted\/avoin-ruostumaton-vesisailio-40-prv\/#primaryimage","url":"https:\/\/www.skamet.ee\/wp-content\/uploads\/2022\/10\/40-PRV-removebg-preview.png","contentUrl":"https:\/\/www.skamet.ee\/wp-content\/uploads\/2022\/10\/40-PRV-removebg-preview.png","width":289,"height":443,"caption":"40 PRV removebg preview"},{"@type":"BreadcrumbList","@id":"https:\/\/www.skamet.ee\/fi\/tooted\/avoin-ruostumaton-vesisailio-40-prv\/#breadcrumb","itemListElement":[{"@type":"ListItem","position":1,"name":"Home","item":"https:\/\/www.skamet.ee\/fi\/"},{"@type":"ListItem","position":2,"name":"Tuotteet","item":"https:\/\/www.skamet.ee\/fi\/shop-2\/"},{"@type":"ListItem","position":3,"name":"Avoin ruostumaton vesis\u00e4ili\u00f6 40-PRV"}]},{"@type":"WebSite","@id":"https:\/\/www.skamet.ee\/#website","url":"https:\/\/www.skamet.ee\/","name":"Skamet O\u00dc","description":"Efektiivsed puuk\u00fcttega saunaahjud Eesti tootjalt","publisher":{"@id":"https:\/\/www.skamet.ee\/#organization"},"potentialAction":[{"@type":"SearchAction","target":{"@type":"EntryPoint","urlTemplate":"https:\/\/www.skamet.ee\/?s={search_term_string}"},"query-input":{"@type":"PropertyValueSpecification","valueRequired":true,"valueName":"search_term_string"}}],"inLanguage":"fi"},{"@type":"Organization","@id":"https:\/\/www.skamet.ee\/#organization","name":"Skamet","url":"https:\/\/www.skamet.ee\/","logo":{"@type":"ImageObject","inLanguage":"fi","@id":"https:\/\/www.skamet.ee\/#\/schema\/logo\/image\/","url":"https:\/\/www.skamet.ee\/wp-content\/uploads\/2015\/05\/logo-uus.png","contentUrl":"https:\/\/www.skamet.ee\/wp-content\/uploads\/2015\/05\/logo-uus.png","width":300,"height":127,"caption":"Skamet"},"image":{"@id":"https:\/\/www.skamet.ee\/#\/schema\/logo\/image\/"}}]}},"_links":{"self":[{"href":"https:\/\/www.skamet.ee\/fi\/wp-json\/wp\/v2\/product\/53764","targetHints":{"allow":["GET"]}}],"collection":[{"href":"https:\/\/www.skamet.ee\/fi\/wp-json\/wp\/v2\/product"}],"about":[{"href":"https:\/\/www.skamet.ee\/fi\/wp-json\/wp\/v2\/types\/product"}],"version-history":[{"count":1,"href":"https:\/\/www.skamet.ee\/fi\/wp-json\/wp\/v2\/product\/53764\/revisions"}],"predecessor-version":[{"id":53765,"href":"https:\/\/www.skamet.ee\/fi\/wp-json\/wp\/v2\/product\/53764\/revisions\/53765"}],"wp:featuredmedia":[{"embeddable":true,"href":"https:\/\/www.skamet.ee\/fi\/wp-json\/wp\/v2\/media\/43162"}],"wp:attachment":[{"href":"https:\/\/www.skamet.ee\/fi\/wp-json\/wp\/v2\/media?parent=53764"}],"wp:term":[{"taxonomy":"product_brand","embeddable":true,"href":"https:\/\/www.skamet.ee\/fi\/wp-json\/wp\/v2\/product_brand?post=53764"},{"taxonomy":"product_cat","embeddable":true,"href":"https:\/\/www.skamet.ee\/fi\/wp-json\/wp\/v2\/product_cat?post=53764"},{"taxonomy":"product_tag","embeddable":true,"href":"https:\/\/www.skamet.ee\/fi\/wp-json\/wp\/v2\/product_tag?post=53764"}],"curies":[{"name":"wp","href":"https:\/\/api.w.org\/{rel}","templated":true}]}}