{"id":53983,"date":"2024-11-22T12:46:40","date_gmt":"2024-11-22T10:46:40","guid":{"rendered":"https:\/\/www.skamet.ee\/?post_type=product&#038;p=53983"},"modified":"2026-01-26T11:41:04","modified_gmt":"2026-01-26T09:41:04","slug":"p-12025-rv-25-litran-ruostumattomasta-teraksesta-valmistettu-vesitankki","status":"publish","type":"product","link":"https:\/\/www.skamet.ee\/fi\/tooted\/p-12025-rv-25-litran-ruostumattomasta-teraksesta-valmistettu-vesitankki\/","title":{"rendered":"Skamet P-12025 RV, 25 litran ruostumattomasta ter\u00e4ksest\u00e4 valmistettu vesitankki"},"content":{"rendered":"<table style=\"width: 99.6622%; height: 231px;\" border=\"0\">\n<tbody>\n<tr>\n<td style=\"width: 56.2012%;\"><strong>Vakiotuotteen ominaisuudet:<\/strong><\/p>\n<p><img loading=\"lazy\" decoding=\"async\" class=\" wp-image-52333\" src=\"https:\/\/www.skamet.ee\/wp-content\/uploads\/2024\/06\/leek2-300x300.jpg\" alt=\"\" width=\"18\" height=\"18\" srcset=\"https:\/\/www.skamet.ee\/wp-content\/uploads\/2024\/06\/leek2-300x300.jpg 300w, https:\/\/www.skamet.ee\/wp-content\/uploads\/2024\/06\/leek2-600x600.jpg 600w, https:\/\/www.skamet.ee\/wp-content\/uploads\/2024\/06\/leek2-1200x1200.jpg 1200w, https:\/\/www.skamet.ee\/wp-content\/uploads\/2024\/06\/leek2-150x150.jpg 150w, https:\/\/www.skamet.ee\/wp-content\/uploads\/2024\/06\/leek2-768x768.jpg 768w, https:\/\/www.skamet.ee\/wp-content\/uploads\/2024\/06\/leek2-1024x1024.jpg 1024w\" sizes=\"auto, (max-width: 18px) 100vw, 18px\" \/>\u00a0 Metallinen luukku<br \/>\n<img loading=\"lazy\" decoding=\"async\" class=\" wp-image-52333\" src=\"https:\/\/www.skamet.ee\/wp-content\/uploads\/2024\/06\/leek2-300x300.jpg\" alt=\"\" width=\"18\" height=\"18\" srcset=\"https:\/\/www.skamet.ee\/wp-content\/uploads\/2024\/06\/leek2-300x300.jpg 300w, https:\/\/www.skamet.ee\/wp-content\/uploads\/2024\/06\/leek2-600x600.jpg 600w, https:\/\/www.skamet.ee\/wp-content\/uploads\/2024\/06\/leek2-1200x1200.jpg 1200w, https:\/\/www.skamet.ee\/wp-content\/uploads\/2024\/06\/leek2-150x150.jpg 150w, https:\/\/www.skamet.ee\/wp-content\/uploads\/2024\/06\/leek2-768x768.jpg 768w, https:\/\/www.skamet.ee\/wp-content\/uploads\/2024\/06\/leek2-1024x1024.jpg 1024w\" sizes=\"auto, (max-width: 18px) 100vw, 18px\" \/>\u00a0 Savupiipun liit\u00e4nt\u00e4 ylh\u00e4\u00e4lt\u00e4 ja takaa<br \/>\n<img loading=\"lazy\" decoding=\"async\" class=\" wp-image-52333\" src=\"https:\/\/www.skamet.ee\/wp-content\/uploads\/2024\/06\/leek2-300x300.jpg\" alt=\"\" width=\"18\" height=\"18\" srcset=\"https:\/\/www.skamet.ee\/wp-content\/uploads\/2024\/06\/leek2-300x300.jpg 300w, https:\/\/www.skamet.ee\/wp-content\/uploads\/2024\/06\/leek2-600x600.jpg 600w, https:\/\/www.skamet.ee\/wp-content\/uploads\/2024\/06\/leek2-1200x1200.jpg 1200w, https:\/\/www.skamet.ee\/wp-content\/uploads\/2024\/06\/leek2-150x150.jpg 150w, https:\/\/www.skamet.ee\/wp-content\/uploads\/2024\/06\/leek2-768x768.jpg 768w, https:\/\/www.skamet.ee\/wp-content\/uploads\/2024\/06\/leek2-1024x1024.jpg 1024w\" sizes=\"auto, (max-width: 18px) 100vw, 18px\" \/>\u00a0 Luukun saranat vasemmalla puolella<br \/>\n<img loading=\"lazy\" decoding=\"async\" class=\" wp-image-52333\" src=\"https:\/\/www.skamet.ee\/wp-content\/uploads\/2024\/06\/leek2-300x300.jpg\" alt=\"\" width=\"18\" height=\"18\" srcset=\"https:\/\/www.skamet.ee\/wp-content\/uploads\/2024\/06\/leek2-300x300.jpg 300w, https:\/\/www.skamet.ee\/wp-content\/uploads\/2024\/06\/leek2-600x600.jpg 600w, https:\/\/www.skamet.ee\/wp-content\/uploads\/2024\/06\/leek2-1200x1200.jpg 1200w, https:\/\/www.skamet.ee\/wp-content\/uploads\/2024\/06\/leek2-150x150.jpg 150w, https:\/\/www.skamet.ee\/wp-content\/uploads\/2024\/06\/leek2-768x768.jpg 768w, https:\/\/www.skamet.ee\/wp-content\/uploads\/2024\/06\/leek2-1024x1024.jpg 1024w\" sizes=\"auto, (max-width: 18px) 100vw, 18px\" \/>\u00a0 25 l ruostumattomasta ter\u00e4ksest\u00e4 valmistettu vesis\u00e4ili\u00f6, kansi ja hana<\/p>\n<p>&nbsp;<\/td>\n<td style=\"width: 130.394%;\"><strong>Erilaiset lis\u00e4varusteet:<\/strong><\/p>\n<p><img loading=\"lazy\" decoding=\"async\" class=\" wp-image-52333\" src=\"https:\/\/www.skamet.ee\/wp-content\/uploads\/2024\/06\/leek2-300x300.jpg\" alt=\"\" width=\"18\" height=\"18\" srcset=\"https:\/\/www.skamet.ee\/wp-content\/uploads\/2024\/06\/leek2-300x300.jpg 300w, https:\/\/www.skamet.ee\/wp-content\/uploads\/2024\/06\/leek2-600x600.jpg 600w, https:\/\/www.skamet.ee\/wp-content\/uploads\/2024\/06\/leek2-1200x1200.jpg 1200w, https:\/\/www.skamet.ee\/wp-content\/uploads\/2024\/06\/leek2-150x150.jpg 150w, https:\/\/www.skamet.ee\/wp-content\/uploads\/2024\/06\/leek2-768x768.jpg 768w, https:\/\/www.skamet.ee\/wp-content\/uploads\/2024\/06\/leek2-1024x1024.jpg 1024w\" sizes=\"auto, (max-width: 18px) 100vw, 18px\" \/>\u00a0 Lasiluukku (230 \u00d7 230 mm)<br \/>\n<img loading=\"lazy\" decoding=\"async\" class=\" wp-image-52333\" src=\"https:\/\/www.skamet.ee\/wp-content\/uploads\/2024\/06\/leek2-300x300.jpg\" alt=\"\" width=\"18\" height=\"18\" srcset=\"https:\/\/www.skamet.ee\/wp-content\/uploads\/2024\/06\/leek2-300x300.jpg 300w, https:\/\/www.skamet.ee\/wp-content\/uploads\/2024\/06\/leek2-600x600.jpg 600w, https:\/\/www.skamet.ee\/wp-content\/uploads\/2024\/06\/leek2-1200x1200.jpg 1200w, https:\/\/www.skamet.ee\/wp-content\/uploads\/2024\/06\/leek2-150x150.jpg 150w, https:\/\/www.skamet.ee\/wp-content\/uploads\/2024\/06\/leek2-768x768.jpg 768w, https:\/\/www.skamet.ee\/wp-content\/uploads\/2024\/06\/leek2-1024x1024.jpg 1024w\" sizes=\"auto, (max-width: 18px) 100vw, 18px\" \/>\u00a0 Kiukaan sisus k\u00e4\u00e4nnett\u00e4viss\u00e4<br \/>\n<img loading=\"lazy\" decoding=\"async\" class=\" wp-image-52333\" src=\"https:\/\/www.skamet.ee\/wp-content\/uploads\/2024\/06\/leek2-300x300.jpg\" alt=\"\" width=\"18\" height=\"18\" srcset=\"https:\/\/www.skamet.ee\/wp-content\/uploads\/2024\/06\/leek2-300x300.jpg 300w, https:\/\/www.skamet.ee\/wp-content\/uploads\/2024\/06\/leek2-600x600.jpg 600w, https:\/\/www.skamet.ee\/wp-content\/uploads\/2024\/06\/leek2-1200x1200.jpg 1200w, https:\/\/www.skamet.ee\/wp-content\/uploads\/2024\/06\/leek2-150x150.jpg 150w, https:\/\/www.skamet.ee\/wp-content\/uploads\/2024\/06\/leek2-768x768.jpg 768w, https:\/\/www.skamet.ee\/wp-content\/uploads\/2024\/06\/leek2-1024x1024.jpg 1024w\" sizes=\"auto, (max-width: 18px) 100vw, 18px\" \/>\u00a0 Luukun saranat oikealla puolella<br \/>\n<img loading=\"lazy\" decoding=\"async\" class=\" wp-image-52333\" src=\"https:\/\/www.skamet.ee\/wp-content\/uploads\/2024\/06\/leek2-300x300.jpg\" alt=\"\" width=\"18\" height=\"18\" srcset=\"https:\/\/www.skamet.ee\/wp-content\/uploads\/2024\/06\/leek2-300x300.jpg 300w, https:\/\/www.skamet.ee\/wp-content\/uploads\/2024\/06\/leek2-600x600.jpg 600w, https:\/\/www.skamet.ee\/wp-content\/uploads\/2024\/06\/leek2-1200x1200.jpg 1200w, https:\/\/www.skamet.ee\/wp-content\/uploads\/2024\/06\/leek2-150x150.jpg 150w, https:\/\/www.skamet.ee\/wp-content\/uploads\/2024\/06\/leek2-768x768.jpg 768w, https:\/\/www.skamet.ee\/wp-content\/uploads\/2024\/06\/leek2-1024x1024.jpg 1024w\" sizes=\"auto, (max-width: 18px) 100vw, 18px\" \/>\u00a0 Tulipes\u00e4 paksummasta materiaalista<\/p>\n<p>&nbsp;<\/td>\n<\/tr>\n<\/tbody>\n<\/table>\n<p>Lue lis\u00e4\u00e4\u00a0<span style=\"color: #0000ff;\"><a style=\"color: #0000ff;\" href=\"https:\/\/skamet.ee\/wp-content\/uploads\/2014\/04\/FIN-ENG-veeb-tabelid.pdf\" target=\"_blank\" rel=\"noopener\"><strong>k\u00e4ytt\u00f6ohjeesta.<\/strong><\/a><\/span><\/p>\n","protected":false},"excerpt":{"rendered":"<p>Vakiotuotteen ominaisuudet: \u00a0 Metallinen luukku \u00a0 Savupiipun liit\u00e4nt\u00e4 ylh\u00e4\u00e4lt\u00e4 ja takaa \u00a0 Luukun saranat vasemmalla puolella \u00a0 25 l ruostumattomasta<\/p>\n","protected":false},"featured_media":55041,"template":"","meta":{"_lmt_disableupdate":"","_lmt_disable":""},"product_brand":[],"product_cat":[1113],"product_tag":[],"class_list":{"0":"post-53983","1":"product","2":"type-product","3":"status-publish","4":"has-post-thumbnail","6":"product_cat-isot-uunit-16-25-m3","8":"first","9":"instock","10":"shipping-taxable","11":"product-type-simple"},"yoast_head":"<!-- This site is optimized with the Yoast SEO plugin v27.0 - https:\/\/yoast.com\/product\/yoast-seo-wordpress\/ -->\n<title>Saunakius 25 litran vesitankk - Skamet O\u00dc<\/title>\n<meta name=\"description\" content=\"25 litran ruostumattomasta ter\u00e4ksest\u00e4 valmistettu vesitankk\" \/>\n<meta name=\"robots\" content=\"index, follow, max-snippet:-1, max-image-preview:large, max-video-preview:-1\" \/>\n<link rel=\"canonical\" href=\"https:\/\/www.skamet.ee\/fi\/tooted\/p-12025-rv-25-litran-ruostumattomasta-teraksesta-valmistettu-vesitankki\/\" \/>\n<meta property=\"og:locale\" content=\"fi_FI\" \/>\n<meta property=\"og:type\" content=\"article\" \/>\n<meta property=\"og:title\" content=\"Saunakius 25 litran vesitankk - Skamet O\u00dc\" \/>\n<meta property=\"og:description\" content=\"25 litran ruostumattomasta ter\u00e4ksest\u00e4 valmistettu vesitankk\" \/>\n<meta property=\"og:url\" content=\"https:\/\/www.skamet.ee\/fi\/tooted\/p-12025-rv-25-litran-ruostumattomasta-teraksesta-valmistettu-vesitankki\/\" \/>\n<meta property=\"og:site_name\" content=\"Skamet O\u00dc\" \/>\n<meta property=\"article:modified_time\" content=\"2026-01-26T09:41:04+00:00\" \/>\n<meta property=\"og:image\" content=\"https:\/\/www.skamet.ee\/wp-content\/uploads\/2024\/11\/P-12025-RV-.jpg\" \/>\n\t<meta property=\"og:image:width\" content=\"2048\" \/>\n\t<meta property=\"og:image:height\" content=\"2047\" \/>\n\t<meta property=\"og:image:type\" content=\"image\/jpeg\" \/>\n<meta name=\"twitter:card\" content=\"summary_large_image\" \/>\n<meta name=\"twitter:label1\" content=\"Arvioitu lukuaika\" \/>\n\t<meta name=\"twitter:data1\" content=\"3 minuuttia\" \/>\n<script type=\"application\/ld+json\" class=\"yoast-schema-graph\">{\"@context\":\"https:\/\/schema.org\",\"@graph\":[{\"@type\":\"WebPage\",\"@id\":\"https:\/\/www.skamet.ee\/fi\/tooted\/p-12025-rv-25-litran-ruostumattomasta-teraksesta-valmistettu-vesitankki\/\",\"url\":\"https:\/\/www.skamet.ee\/fi\/tooted\/p-12025-rv-25-litran-ruostumattomasta-teraksesta-valmistettu-vesitankki\/\",\"name\":\"Saunakius 25 litran vesitankk - Skamet O\u00dc\",\"isPartOf\":{\"@id\":\"https:\/\/www.skamet.ee\/#website\"},\"primaryImageOfPage\":{\"@id\":\"https:\/\/www.skamet.ee\/fi\/tooted\/p-12025-rv-25-litran-ruostumattomasta-teraksesta-valmistettu-vesitankki\/#primaryimage\"},\"image\":{\"@id\":\"https:\/\/www.skamet.ee\/fi\/tooted\/p-12025-rv-25-litran-ruostumattomasta-teraksesta-valmistettu-vesitankki\/#primaryimage\"},\"thumbnailUrl\":\"https:\/\/www.skamet.ee\/wp-content\/uploads\/2024\/11\/P-12025-RV-.jpg\",\"datePublished\":\"2024-11-22T10:46:40+00:00\",\"dateModified\":\"2026-01-26T09:41:04+00:00\",\"description\":\"25 litran ruostumattomasta ter\u00e4ksest\u00e4 valmistettu vesitankk\",\"breadcrumb\":{\"@id\":\"https:\/\/www.skamet.ee\/fi\/tooted\/p-12025-rv-25-litran-ruostumattomasta-teraksesta-valmistettu-vesitankki\/#breadcrumb\"},\"inLanguage\":\"fi\",\"potentialAction\":[{\"@type\":\"ReadAction\",\"target\":[\"https:\/\/www.skamet.ee\/fi\/tooted\/p-12025-rv-25-litran-ruostumattomasta-teraksesta-valmistettu-vesitankki\/\"]}]},{\"@type\":\"ImageObject\",\"inLanguage\":\"fi\",\"@id\":\"https:\/\/www.skamet.ee\/fi\/tooted\/p-12025-rv-25-litran-ruostumattomasta-teraksesta-valmistettu-vesitankki\/#primaryimage\",\"url\":\"https:\/\/www.skamet.ee\/wp-content\/uploads\/2024\/11\/P-12025-RV-.jpg\",\"contentUrl\":\"https:\/\/www.skamet.ee\/wp-content\/uploads\/2024\/11\/P-12025-RV-.jpg\",\"width\":2048,\"height\":2047,\"caption\":\"P 12025 RV\"},{\"@type\":\"BreadcrumbList\",\"@id\":\"https:\/\/www.skamet.ee\/fi\/tooted\/p-12025-rv-25-litran-ruostumattomasta-teraksesta-valmistettu-vesitankki\/#breadcrumb\",\"itemListElement\":[{\"@type\":\"ListItem\",\"position\":1,\"name\":\"Home\",\"item\":\"https:\/\/www.skamet.ee\/fi\/\"},{\"@type\":\"ListItem\",\"position\":2,\"name\":\"Tuotteet\",\"item\":\"https:\/\/www.skamet.ee\/fi\/shop-2\/\"},{\"@type\":\"ListItem\",\"position\":3,\"name\":\"Skamet P-12025 RV, 25 litran ruostumattomasta ter\u00e4ksest\u00e4 valmistettu vesitankki\"}]},{\"@type\":\"WebSite\",\"@id\":\"https:\/\/www.skamet.ee\/#website\",\"url\":\"https:\/\/www.skamet.ee\/\",\"name\":\"Skamet O\u00dc\",\"description\":\"Efektiivsed puuk\u00fcttega saunaahjud Eesti tootjalt\",\"publisher\":{\"@id\":\"https:\/\/www.skamet.ee\/#organization\"},\"potentialAction\":[{\"@type\":\"SearchAction\",\"target\":{\"@type\":\"EntryPoint\",\"urlTemplate\":\"https:\/\/www.skamet.ee\/?s={search_term_string}\"},\"query-input\":{\"@type\":\"PropertyValueSpecification\",\"valueRequired\":true,\"valueName\":\"search_term_string\"}}],\"inLanguage\":\"fi\"},{\"@type\":\"Organization\",\"@id\":\"https:\/\/www.skamet.ee\/#organization\",\"name\":\"Skamet\",\"url\":\"https:\/\/www.skamet.ee\/\",\"logo\":{\"@type\":\"ImageObject\",\"inLanguage\":\"fi\",\"@id\":\"https:\/\/www.skamet.ee\/#\/schema\/logo\/image\/\",\"url\":\"https:\/\/www.skamet.ee\/wp-content\/uploads\/2015\/05\/logo-uus.png\",\"contentUrl\":\"https:\/\/www.skamet.ee\/wp-content\/uploads\/2015\/05\/logo-uus.png\",\"width\":300,\"height\":127,\"caption\":\"Skamet\"},\"image\":{\"@id\":\"https:\/\/www.skamet.ee\/#\/schema\/logo\/image\/\"}}]}<\/script>\n<!-- \/ Yoast SEO plugin. -->","yoast_head_json":{"title":"Saunakius 25 litran vesitankk - Skamet O\u00dc","description":"25 litran ruostumattomasta ter\u00e4ksest\u00e4 valmistettu vesitankk","robots":{"index":"index","follow":"follow","max-snippet":"max-snippet:-1","max-image-preview":"max-image-preview:large","max-video-preview":"max-video-preview:-1"},"canonical":"https:\/\/www.skamet.ee\/fi\/tooted\/p-12025-rv-25-litran-ruostumattomasta-teraksesta-valmistettu-vesitankki\/","og_locale":"fi_FI","og_type":"article","og_title":"Saunakius 25 litran vesitankk - Skamet O\u00dc","og_description":"25 litran ruostumattomasta ter\u00e4ksest\u00e4 valmistettu vesitankk","og_url":"https:\/\/www.skamet.ee\/fi\/tooted\/p-12025-rv-25-litran-ruostumattomasta-teraksesta-valmistettu-vesitankki\/","og_site_name":"Skamet O\u00dc","article_modified_time":"2026-01-26T09:41:04+00:00","og_image":[{"width":2048,"height":2047,"url":"https:\/\/www.skamet.ee\/wp-content\/uploads\/2024\/11\/P-12025-RV-.jpg","type":"image\/jpeg"}],"twitter_card":"summary_large_image","twitter_misc":{"Arvioitu lukuaika":"3 minuuttia"},"schema":{"@context":"https:\/\/schema.org","@graph":[{"@type":"WebPage","@id":"https:\/\/www.skamet.ee\/fi\/tooted\/p-12025-rv-25-litran-ruostumattomasta-teraksesta-valmistettu-vesitankki\/","url":"https:\/\/www.skamet.ee\/fi\/tooted\/p-12025-rv-25-litran-ruostumattomasta-teraksesta-valmistettu-vesitankki\/","name":"Saunakius 25 litran vesitankk - Skamet O\u00dc","isPartOf":{"@id":"https:\/\/www.skamet.ee\/#website"},"primaryImageOfPage":{"@id":"https:\/\/www.skamet.ee\/fi\/tooted\/p-12025-rv-25-litran-ruostumattomasta-teraksesta-valmistettu-vesitankki\/#primaryimage"},"image":{"@id":"https:\/\/www.skamet.ee\/fi\/tooted\/p-12025-rv-25-litran-ruostumattomasta-teraksesta-valmistettu-vesitankki\/#primaryimage"},"thumbnailUrl":"https:\/\/www.skamet.ee\/wp-content\/uploads\/2024\/11\/P-12025-RV-.jpg","datePublished":"2024-11-22T10:46:40+00:00","dateModified":"2026-01-26T09:41:04+00:00","description":"25 litran ruostumattomasta ter\u00e4ksest\u00e4 valmistettu vesitankk","breadcrumb":{"@id":"https:\/\/www.skamet.ee\/fi\/tooted\/p-12025-rv-25-litran-ruostumattomasta-teraksesta-valmistettu-vesitankki\/#breadcrumb"},"inLanguage":"fi","potentialAction":[{"@type":"ReadAction","target":["https:\/\/www.skamet.ee\/fi\/tooted\/p-12025-rv-25-litran-ruostumattomasta-teraksesta-valmistettu-vesitankki\/"]}]},{"@type":"ImageObject","inLanguage":"fi","@id":"https:\/\/www.skamet.ee\/fi\/tooted\/p-12025-rv-25-litran-ruostumattomasta-teraksesta-valmistettu-vesitankki\/#primaryimage","url":"https:\/\/www.skamet.ee\/wp-content\/uploads\/2024\/11\/P-12025-RV-.jpg","contentUrl":"https:\/\/www.skamet.ee\/wp-content\/uploads\/2024\/11\/P-12025-RV-.jpg","width":2048,"height":2047,"caption":"P 12025 RV"},{"@type":"BreadcrumbList","@id":"https:\/\/www.skamet.ee\/fi\/tooted\/p-12025-rv-25-litran-ruostumattomasta-teraksesta-valmistettu-vesitankki\/#breadcrumb","itemListElement":[{"@type":"ListItem","position":1,"name":"Home","item":"https:\/\/www.skamet.ee\/fi\/"},{"@type":"ListItem","position":2,"name":"Tuotteet","item":"https:\/\/www.skamet.ee\/fi\/shop-2\/"},{"@type":"ListItem","position":3,"name":"Skamet P-12025 RV, 25 litran ruostumattomasta ter\u00e4ksest\u00e4 valmistettu vesitankki"}]},{"@type":"WebSite","@id":"https:\/\/www.skamet.ee\/#website","url":"https:\/\/www.skamet.ee\/","name":"Skamet O\u00dc","description":"Efektiivsed puuk\u00fcttega saunaahjud Eesti tootjalt","publisher":{"@id":"https:\/\/www.skamet.ee\/#organization"},"potentialAction":[{"@type":"SearchAction","target":{"@type":"EntryPoint","urlTemplate":"https:\/\/www.skamet.ee\/?s={search_term_string}"},"query-input":{"@type":"PropertyValueSpecification","valueRequired":true,"valueName":"search_term_string"}}],"inLanguage":"fi"},{"@type":"Organization","@id":"https:\/\/www.skamet.ee\/#organization","name":"Skamet","url":"https:\/\/www.skamet.ee\/","logo":{"@type":"ImageObject","inLanguage":"fi","@id":"https:\/\/www.skamet.ee\/#\/schema\/logo\/image\/","url":"https:\/\/www.skamet.ee\/wp-content\/uploads\/2015\/05\/logo-uus.png","contentUrl":"https:\/\/www.skamet.ee\/wp-content\/uploads\/2015\/05\/logo-uus.png","width":300,"height":127,"caption":"Skamet"},"image":{"@id":"https:\/\/www.skamet.ee\/#\/schema\/logo\/image\/"}}]}},"_links":{"self":[{"href":"https:\/\/www.skamet.ee\/fi\/wp-json\/wp\/v2\/product\/53983","targetHints":{"allow":["GET"]}}],"collection":[{"href":"https:\/\/www.skamet.ee\/fi\/wp-json\/wp\/v2\/product"}],"about":[{"href":"https:\/\/www.skamet.ee\/fi\/wp-json\/wp\/v2\/types\/product"}],"version-history":[{"count":5,"href":"https:\/\/www.skamet.ee\/fi\/wp-json\/wp\/v2\/product\/53983\/revisions"}],"predecessor-version":[{"id":53997,"href":"https:\/\/www.skamet.ee\/fi\/wp-json\/wp\/v2\/product\/53983\/revisions\/53997"}],"wp:featuredmedia":[{"embeddable":true,"href":"https:\/\/www.skamet.ee\/fi\/wp-json\/wp\/v2\/media\/55041"}],"wp:attachment":[{"href":"https:\/\/www.skamet.ee\/fi\/wp-json\/wp\/v2\/media?parent=53983"}],"wp:term":[{"taxonomy":"product_brand","embeddable":true,"href":"https:\/\/www.skamet.ee\/fi\/wp-json\/wp\/v2\/product_brand?post=53983"},{"taxonomy":"product_cat","embeddable":true,"href":"https:\/\/www.skamet.ee\/fi\/wp-json\/wp\/v2\/product_cat?post=53983"},{"taxonomy":"product_tag","embeddable":true,"href":"https:\/\/www.skamet.ee\/fi\/wp-json\/wp\/v2\/product_tag?post=53983"}],"curies":[{"name":"wp","href":"https:\/\/api.w.org\/{rel}","templated":true}]}}