{"id":54044,"date":"2024-10-23T12:13:54","date_gmt":"2024-10-23T09:13:54","guid":{"rendered":"https:\/\/www.skamet.ee\/?post_type=product&#038;p=54044"},"modified":"2026-01-26T13:32:50","modified_gmt":"2026-01-26T11:32:50","slug":"skamet-ss-110-gl-kulmikas-verkkovaippa","status":"publish","type":"product","link":"https:\/\/www.skamet.ee\/fi\/tooted\/skamet-ss-110-gl-kulmikas-verkkovaippa\/","title":{"rendered":"Skamet SS-110 GL kulmikas verkkovaippa"},"content":{"rendered":"<table style=\"width: 98.2045%;\" border=\"0\">\n<tbody>\n<tr>\n<td style=\"width: 41.9907%;\"><strong>Vakiotuotteen ominaisuudet:<\/strong><\/p>\n<p><img loading=\"lazy\" decoding=\"async\" class=\" wp-image-52333\" src=\"https:\/\/www.skamet.ee\/wp-content\/uploads\/2024\/06\/leek2-300x300.jpg\" alt=\"\" width=\"18\" height=\"18\" srcset=\"https:\/\/www.skamet.ee\/wp-content\/uploads\/2024\/06\/leek2-300x300.jpg 300w, https:\/\/www.skamet.ee\/wp-content\/uploads\/2024\/06\/leek2-600x600.jpg 600w, https:\/\/www.skamet.ee\/wp-content\/uploads\/2024\/06\/leek2-1200x1200.jpg 1200w, https:\/\/www.skamet.ee\/wp-content\/uploads\/2024\/06\/leek2-150x150.jpg 150w, https:\/\/www.skamet.ee\/wp-content\/uploads\/2024\/06\/leek2-768x768.jpg 768w, https:\/\/www.skamet.ee\/wp-content\/uploads\/2024\/06\/leek2-1024x1024.jpg 1024w\" sizes=\"auto, (max-width: 18px) 100vw, 18px\" \/>\u00a0 lasiluukku (200 \u00d7 220 mm)<br \/>\n<img loading=\"lazy\" decoding=\"async\" class=\" wp-image-52333\" src=\"https:\/\/www.skamet.ee\/wp-content\/uploads\/2024\/06\/leek2-300x300.jpg\" alt=\"\" width=\"18\" height=\"18\" srcset=\"https:\/\/www.skamet.ee\/wp-content\/uploads\/2024\/06\/leek2-300x300.jpg 300w, https:\/\/www.skamet.ee\/wp-content\/uploads\/2024\/06\/leek2-600x600.jpg 600w, https:\/\/www.skamet.ee\/wp-content\/uploads\/2024\/06\/leek2-1200x1200.jpg 1200w, https:\/\/www.skamet.ee\/wp-content\/uploads\/2024\/06\/leek2-150x150.jpg 150w, https:\/\/www.skamet.ee\/wp-content\/uploads\/2024\/06\/leek2-768x768.jpg 768w, https:\/\/www.skamet.ee\/wp-content\/uploads\/2024\/06\/leek2-1024x1024.jpg 1024w\" sizes=\"auto, (max-width: 18px) 100vw, 18px\" \/>\u00a0 savupiipun liit\u00e4nt\u00e4 ylh\u00e4\u00e4lt\u00e4<br \/>\n<img loading=\"lazy\" decoding=\"async\" class=\" wp-image-52333\" src=\"https:\/\/www.skamet.ee\/wp-content\/uploads\/2024\/06\/leek2-300x300.jpg\" alt=\"\" width=\"18\" height=\"18\" srcset=\"https:\/\/www.skamet.ee\/wp-content\/uploads\/2024\/06\/leek2-300x300.jpg 300w, https:\/\/www.skamet.ee\/wp-content\/uploads\/2024\/06\/leek2-600x600.jpg 600w, https:\/\/www.skamet.ee\/wp-content\/uploads\/2024\/06\/leek2-1200x1200.jpg 1200w, https:\/\/www.skamet.ee\/wp-content\/uploads\/2024\/06\/leek2-150x150.jpg 150w, https:\/\/www.skamet.ee\/wp-content\/uploads\/2024\/06\/leek2-768x768.jpg 768w, https:\/\/www.skamet.ee\/wp-content\/uploads\/2024\/06\/leek2-1024x1024.jpg 1024w\" sizes=\"auto, (max-width: 18px) 100vw, 18px\" \/>\u00a0 kulmikas verkkovaippa<br \/>\n<img loading=\"lazy\" decoding=\"async\" class=\" wp-image-52333\" src=\"https:\/\/www.skamet.ee\/wp-content\/uploads\/2024\/06\/leek2-300x300.jpg\" alt=\"\" width=\"18\" height=\"18\" srcset=\"https:\/\/www.skamet.ee\/wp-content\/uploads\/2024\/06\/leek2-300x300.jpg 300w, https:\/\/www.skamet.ee\/wp-content\/uploads\/2024\/06\/leek2-600x600.jpg 600w, https:\/\/www.skamet.ee\/wp-content\/uploads\/2024\/06\/leek2-1200x1200.jpg 1200w, https:\/\/www.skamet.ee\/wp-content\/uploads\/2024\/06\/leek2-150x150.jpg 150w, https:\/\/www.skamet.ee\/wp-content\/uploads\/2024\/06\/leek2-768x768.jpg 768w, https:\/\/www.skamet.ee\/wp-content\/uploads\/2024\/06\/leek2-1024x1024.jpg 1024w\" sizes=\"auto, (max-width: 18px) 100vw, 18px\" \/>\u00a0 oven saranat vasemmalla puolella<\/td>\n<td style=\"width: 195.334%;\"><strong>Erilaiset lis\u00e4varusteet:<\/strong><\/p>\n<p><img loading=\"lazy\" decoding=\"async\" class=\" wp-image-52333\" src=\"https:\/\/www.skamet.ee\/wp-content\/uploads\/2024\/06\/leek2-300x300.jpg\" alt=\"\" width=\"18\" height=\"18\" srcset=\"https:\/\/www.skamet.ee\/wp-content\/uploads\/2024\/06\/leek2-300x300.jpg 300w, https:\/\/www.skamet.ee\/wp-content\/uploads\/2024\/06\/leek2-600x600.jpg 600w, https:\/\/www.skamet.ee\/wp-content\/uploads\/2024\/06\/leek2-1200x1200.jpg 1200w, https:\/\/www.skamet.ee\/wp-content\/uploads\/2024\/06\/leek2-150x150.jpg 150w, https:\/\/www.skamet.ee\/wp-content\/uploads\/2024\/06\/leek2-768x768.jpg 768w, https:\/\/www.skamet.ee\/wp-content\/uploads\/2024\/06\/leek2-1024x1024.jpg 1024w\" sizes=\"auto, (max-width: 18px) 100vw, 18px\" \/>\u00a0 ruostumattomasta ter\u00e4ksest\u00e4 valmistettu kahva<br \/>\n<img loading=\"lazy\" decoding=\"async\" class=\" wp-image-52333\" src=\"https:\/\/www.skamet.ee\/wp-content\/uploads\/2024\/06\/leek2-300x300.jpg\" alt=\"\" width=\"18\" height=\"18\" srcset=\"https:\/\/www.skamet.ee\/wp-content\/uploads\/2024\/06\/leek2-300x300.jpg 300w, https:\/\/www.skamet.ee\/wp-content\/uploads\/2024\/06\/leek2-600x600.jpg 600w, https:\/\/www.skamet.ee\/wp-content\/uploads\/2024\/06\/leek2-1200x1200.jpg 1200w, https:\/\/www.skamet.ee\/wp-content\/uploads\/2024\/06\/leek2-150x150.jpg 150w, https:\/\/www.skamet.ee\/wp-content\/uploads\/2024\/06\/leek2-768x768.jpg 768w, https:\/\/www.skamet.ee\/wp-content\/uploads\/2024\/06\/leek2-1024x1024.jpg 1024w\" sizes=\"auto, (max-width: 18px) 100vw, 18px\" \/>\u00a0 savupiipun liit\u00e4nt\u00e4 takasein\u00e4st\u00e4<br \/>\n<img loading=\"lazy\" decoding=\"async\" class=\" wp-image-52333\" src=\"https:\/\/www.skamet.ee\/wp-content\/uploads\/2024\/06\/leek2-300x300.jpg\" alt=\"\" width=\"18\" height=\"18\" srcset=\"https:\/\/www.skamet.ee\/wp-content\/uploads\/2024\/06\/leek2-300x300.jpg 300w, https:\/\/www.skamet.ee\/wp-content\/uploads\/2024\/06\/leek2-600x600.jpg 600w, https:\/\/www.skamet.ee\/wp-content\/uploads\/2024\/06\/leek2-1200x1200.jpg 1200w, https:\/\/www.skamet.ee\/wp-content\/uploads\/2024\/06\/leek2-150x150.jpg 150w, https:\/\/www.skamet.ee\/wp-content\/uploads\/2024\/06\/leek2-768x768.jpg 768w, https:\/\/www.skamet.ee\/wp-content\/uploads\/2024\/06\/leek2-1024x1024.jpg 1024w\" sizes=\"auto, (max-width: 18px) 100vw, 18px\" \/>\u00a0 kiukaan sisus k\u00e4\u00e4nnettyn\u00e4<br \/>\n<img loading=\"lazy\" decoding=\"async\" class=\" wp-image-52333\" src=\"https:\/\/www.skamet.ee\/wp-content\/uploads\/2024\/06\/leek2-300x300.jpg\" alt=\"\" width=\"18\" height=\"18\" srcset=\"https:\/\/www.skamet.ee\/wp-content\/uploads\/2024\/06\/leek2-300x300.jpg 300w, https:\/\/www.skamet.ee\/wp-content\/uploads\/2024\/06\/leek2-600x600.jpg 600w, https:\/\/www.skamet.ee\/wp-content\/uploads\/2024\/06\/leek2-1200x1200.jpg 1200w, https:\/\/www.skamet.ee\/wp-content\/uploads\/2024\/06\/leek2-150x150.jpg 150w, https:\/\/www.skamet.ee\/wp-content\/uploads\/2024\/06\/leek2-768x768.jpg 768w, https:\/\/www.skamet.ee\/wp-content\/uploads\/2024\/06\/leek2-1024x1024.jpg 1024w\" sizes=\"auto, (max-width: 18px) 100vw, 18px\" \/>\u00a0 oven saranat oikealla puolella<\/td>\n<\/tr>\n<\/tbody>\n<\/table>\n<p>Lue lis\u00e4\u00e4\u00a0<span style=\"color: #0000ff;\"><strong><a style=\"color: #0000ff;\" href=\"https:\/\/www.skamet.ee\/wp-content\/uploads\/2025\/06\/Skamet-PS-SS-SSY-pass-A5_2025_FI.pdf\" target=\"_blank\" rel=\"noopener\">k\u00e4ytt\u00f6ohjeesta<\/a>.<\/strong><\/span><\/p>\n","protected":false},"excerpt":{"rendered":"<p>Vakiotuotteen ominaisuudet: \u00a0 lasiluukku (200 \u00d7 220 mm) \u00a0 savupiipun liit\u00e4nt\u00e4 ylh\u00e4\u00e4lt\u00e4 \u00a0 kulmikas verkkovaippa \u00a0 oven saranat vasemmalla puolella<\/p>\n","protected":false},"featured_media":44975,"template":"","meta":{"_lmt_disableupdate":"","_lmt_disable":""},"product_brand":[],"product_cat":[1118],"product_tag":[],"class_list":{"0":"post-54044","1":"product","2":"type-product","3":"status-publish","4":"has-post-thumbnail","6":"product_cat-miniuunit-7-12-m3-fi-2","8":"first","9":"instock","10":"shipping-taxable","11":"product-type-simple"},"yoast_head":"<!-- This site is optimized with the Yoast SEO plugin v27.0 - https:\/\/yoast.com\/product\/yoast-seo-wordpress\/ -->\n<title>Puuk\u00e4ytt\u00f6inen kiuas - Skamet O\u00dc<\/title>\n<meta name=\"description\" content=\"Skamet SS-110 GL kulmikas verkkovaippa\" \/>\n<meta name=\"robots\" content=\"index, follow, max-snippet:-1, max-image-preview:large, max-video-preview:-1\" \/>\n<link rel=\"canonical\" href=\"https:\/\/www.skamet.ee\/fi\/tooted\/skamet-ss-110-gl-kulmikas-verkkovaippa\/\" \/>\n<meta property=\"og:locale\" content=\"fi_FI\" \/>\n<meta property=\"og:type\" content=\"article\" \/>\n<meta property=\"og:title\" content=\"Puuk\u00e4ytt\u00f6inen kiuas - Skamet O\u00dc\" \/>\n<meta property=\"og:description\" content=\"Skamet SS-110 GL kulmikas verkkovaippa\" \/>\n<meta property=\"og:url\" content=\"https:\/\/www.skamet.ee\/fi\/tooted\/skamet-ss-110-gl-kulmikas-verkkovaippa\/\" \/>\n<meta property=\"og:site_name\" content=\"Skamet O\u00dc\" \/>\n<meta property=\"article:modified_time\" content=\"2026-01-26T11:32:50+00:00\" \/>\n<meta property=\"og:image\" content=\"https:\/\/www.skamet.ee\/wp-content\/uploads\/2024\/11\/SS-110-GL_iIu-scaled.jpg\" \/>\n\t<meta property=\"og:image:width\" content=\"1708\" \/>\n\t<meta property=\"og:image:height\" content=\"2560\" \/>\n\t<meta property=\"og:image:type\" content=\"image\/jpeg\" \/>\n<meta name=\"twitter:card\" content=\"summary_large_image\" \/>\n<meta name=\"twitter:label1\" content=\"Arvioitu lukuaika\" \/>\n\t<meta name=\"twitter:data1\" content=\"2 minuuttia\" \/>\n<script type=\"application\/ld+json\" class=\"yoast-schema-graph\">{\"@context\":\"https:\/\/schema.org\",\"@graph\":[{\"@type\":\"WebPage\",\"@id\":\"https:\/\/www.skamet.ee\/fi\/tooted\/skamet-ss-110-gl-kulmikas-verkkovaippa\/\",\"url\":\"https:\/\/www.skamet.ee\/fi\/tooted\/skamet-ss-110-gl-kulmikas-verkkovaippa\/\",\"name\":\"Puuk\u00e4ytt\u00f6inen kiuas - Skamet O\u00dc\",\"isPartOf\":{\"@id\":\"https:\/\/www.skamet.ee\/#website\"},\"primaryImageOfPage\":{\"@id\":\"https:\/\/www.skamet.ee\/fi\/tooted\/skamet-ss-110-gl-kulmikas-verkkovaippa\/#primaryimage\"},\"image\":{\"@id\":\"https:\/\/www.skamet.ee\/fi\/tooted\/skamet-ss-110-gl-kulmikas-verkkovaippa\/#primaryimage\"},\"thumbnailUrl\":\"https:\/\/www.skamet.ee\/wp-content\/uploads\/2024\/11\/SS-110-GL_iIu-scaled.jpg\",\"datePublished\":\"2024-10-23T09:13:54+00:00\",\"dateModified\":\"2026-01-26T11:32:50+00:00\",\"description\":\"Skamet SS-110 GL kulmikas verkkovaippa\",\"breadcrumb\":{\"@id\":\"https:\/\/www.skamet.ee\/fi\/tooted\/skamet-ss-110-gl-kulmikas-verkkovaippa\/#breadcrumb\"},\"inLanguage\":\"fi\",\"potentialAction\":[{\"@type\":\"ReadAction\",\"target\":[\"https:\/\/www.skamet.ee\/fi\/tooted\/skamet-ss-110-gl-kulmikas-verkkovaippa\/\"]}]},{\"@type\":\"ImageObject\",\"inLanguage\":\"fi\",\"@id\":\"https:\/\/www.skamet.ee\/fi\/tooted\/skamet-ss-110-gl-kulmikas-verkkovaippa\/#primaryimage\",\"url\":\"https:\/\/www.skamet.ee\/wp-content\/uploads\/2024\/11\/SS-110-GL_iIu-scaled.jpg\",\"contentUrl\":\"https:\/\/www.skamet.ee\/wp-content\/uploads\/2024\/11\/SS-110-GL_iIu-scaled.jpg\",\"width\":1708,\"height\":2560,\"caption\":\"SS 110 GL iIu scaled\"},{\"@type\":\"BreadcrumbList\",\"@id\":\"https:\/\/www.skamet.ee\/fi\/tooted\/skamet-ss-110-gl-kulmikas-verkkovaippa\/#breadcrumb\",\"itemListElement\":[{\"@type\":\"ListItem\",\"position\":1,\"name\":\"Home\",\"item\":\"https:\/\/www.skamet.ee\/fi\/\"},{\"@type\":\"ListItem\",\"position\":2,\"name\":\"Tuotteet\",\"item\":\"https:\/\/www.skamet.ee\/fi\/shop-2\/\"},{\"@type\":\"ListItem\",\"position\":3,\"name\":\"Skamet SS-110 GL kulmikas verkkovaippa\"}]},{\"@type\":\"WebSite\",\"@id\":\"https:\/\/www.skamet.ee\/#website\",\"url\":\"https:\/\/www.skamet.ee\/\",\"name\":\"Skamet O\u00dc\",\"description\":\"Efektiivsed puuk\u00fcttega saunaahjud Eesti tootjalt\",\"publisher\":{\"@id\":\"https:\/\/www.skamet.ee\/#organization\"},\"potentialAction\":[{\"@type\":\"SearchAction\",\"target\":{\"@type\":\"EntryPoint\",\"urlTemplate\":\"https:\/\/www.skamet.ee\/?s={search_term_string}\"},\"query-input\":{\"@type\":\"PropertyValueSpecification\",\"valueRequired\":true,\"valueName\":\"search_term_string\"}}],\"inLanguage\":\"fi\"},{\"@type\":\"Organization\",\"@id\":\"https:\/\/www.skamet.ee\/#organization\",\"name\":\"Skamet\",\"url\":\"https:\/\/www.skamet.ee\/\",\"logo\":{\"@type\":\"ImageObject\",\"inLanguage\":\"fi\",\"@id\":\"https:\/\/www.skamet.ee\/#\/schema\/logo\/image\/\",\"url\":\"https:\/\/www.skamet.ee\/wp-content\/uploads\/2015\/05\/logo-uus.png\",\"contentUrl\":\"https:\/\/www.skamet.ee\/wp-content\/uploads\/2015\/05\/logo-uus.png\",\"width\":300,\"height\":127,\"caption\":\"Skamet\"},\"image\":{\"@id\":\"https:\/\/www.skamet.ee\/#\/schema\/logo\/image\/\"}}]}<\/script>\n<!-- \/ Yoast SEO plugin. -->","yoast_head_json":{"title":"Puuk\u00e4ytt\u00f6inen kiuas - Skamet O\u00dc","description":"Skamet SS-110 GL kulmikas verkkovaippa","robots":{"index":"index","follow":"follow","max-snippet":"max-snippet:-1","max-image-preview":"max-image-preview:large","max-video-preview":"max-video-preview:-1"},"canonical":"https:\/\/www.skamet.ee\/fi\/tooted\/skamet-ss-110-gl-kulmikas-verkkovaippa\/","og_locale":"fi_FI","og_type":"article","og_title":"Puuk\u00e4ytt\u00f6inen kiuas - Skamet O\u00dc","og_description":"Skamet SS-110 GL kulmikas verkkovaippa","og_url":"https:\/\/www.skamet.ee\/fi\/tooted\/skamet-ss-110-gl-kulmikas-verkkovaippa\/","og_site_name":"Skamet O\u00dc","article_modified_time":"2026-01-26T11:32:50+00:00","og_image":[{"width":1708,"height":2560,"url":"https:\/\/www.skamet.ee\/wp-content\/uploads\/2024\/11\/SS-110-GL_iIu-scaled.jpg","type":"image\/jpeg"}],"twitter_card":"summary_large_image","twitter_misc":{"Arvioitu lukuaika":"2 minuuttia"},"schema":{"@context":"https:\/\/schema.org","@graph":[{"@type":"WebPage","@id":"https:\/\/www.skamet.ee\/fi\/tooted\/skamet-ss-110-gl-kulmikas-verkkovaippa\/","url":"https:\/\/www.skamet.ee\/fi\/tooted\/skamet-ss-110-gl-kulmikas-verkkovaippa\/","name":"Puuk\u00e4ytt\u00f6inen kiuas - Skamet O\u00dc","isPartOf":{"@id":"https:\/\/www.skamet.ee\/#website"},"primaryImageOfPage":{"@id":"https:\/\/www.skamet.ee\/fi\/tooted\/skamet-ss-110-gl-kulmikas-verkkovaippa\/#primaryimage"},"image":{"@id":"https:\/\/www.skamet.ee\/fi\/tooted\/skamet-ss-110-gl-kulmikas-verkkovaippa\/#primaryimage"},"thumbnailUrl":"https:\/\/www.skamet.ee\/wp-content\/uploads\/2024\/11\/SS-110-GL_iIu-scaled.jpg","datePublished":"2024-10-23T09:13:54+00:00","dateModified":"2026-01-26T11:32:50+00:00","description":"Skamet SS-110 GL kulmikas verkkovaippa","breadcrumb":{"@id":"https:\/\/www.skamet.ee\/fi\/tooted\/skamet-ss-110-gl-kulmikas-verkkovaippa\/#breadcrumb"},"inLanguage":"fi","potentialAction":[{"@type":"ReadAction","target":["https:\/\/www.skamet.ee\/fi\/tooted\/skamet-ss-110-gl-kulmikas-verkkovaippa\/"]}]},{"@type":"ImageObject","inLanguage":"fi","@id":"https:\/\/www.skamet.ee\/fi\/tooted\/skamet-ss-110-gl-kulmikas-verkkovaippa\/#primaryimage","url":"https:\/\/www.skamet.ee\/wp-content\/uploads\/2024\/11\/SS-110-GL_iIu-scaled.jpg","contentUrl":"https:\/\/www.skamet.ee\/wp-content\/uploads\/2024\/11\/SS-110-GL_iIu-scaled.jpg","width":1708,"height":2560,"caption":"SS 110 GL iIu scaled"},{"@type":"BreadcrumbList","@id":"https:\/\/www.skamet.ee\/fi\/tooted\/skamet-ss-110-gl-kulmikas-verkkovaippa\/#breadcrumb","itemListElement":[{"@type":"ListItem","position":1,"name":"Home","item":"https:\/\/www.skamet.ee\/fi\/"},{"@type":"ListItem","position":2,"name":"Tuotteet","item":"https:\/\/www.skamet.ee\/fi\/shop-2\/"},{"@type":"ListItem","position":3,"name":"Skamet SS-110 GL kulmikas verkkovaippa"}]},{"@type":"WebSite","@id":"https:\/\/www.skamet.ee\/#website","url":"https:\/\/www.skamet.ee\/","name":"Skamet O\u00dc","description":"Efektiivsed puuk\u00fcttega saunaahjud Eesti tootjalt","publisher":{"@id":"https:\/\/www.skamet.ee\/#organization"},"potentialAction":[{"@type":"SearchAction","target":{"@type":"EntryPoint","urlTemplate":"https:\/\/www.skamet.ee\/?s={search_term_string}"},"query-input":{"@type":"PropertyValueSpecification","valueRequired":true,"valueName":"search_term_string"}}],"inLanguage":"fi"},{"@type":"Organization","@id":"https:\/\/www.skamet.ee\/#organization","name":"Skamet","url":"https:\/\/www.skamet.ee\/","logo":{"@type":"ImageObject","inLanguage":"fi","@id":"https:\/\/www.skamet.ee\/#\/schema\/logo\/image\/","url":"https:\/\/www.skamet.ee\/wp-content\/uploads\/2015\/05\/logo-uus.png","contentUrl":"https:\/\/www.skamet.ee\/wp-content\/uploads\/2015\/05\/logo-uus.png","width":300,"height":127,"caption":"Skamet"},"image":{"@id":"https:\/\/www.skamet.ee\/#\/schema\/logo\/image\/"}}]}},"_links":{"self":[{"href":"https:\/\/www.skamet.ee\/fi\/wp-json\/wp\/v2\/product\/54044","targetHints":{"allow":["GET"]}}],"collection":[{"href":"https:\/\/www.skamet.ee\/fi\/wp-json\/wp\/v2\/product"}],"about":[{"href":"https:\/\/www.skamet.ee\/fi\/wp-json\/wp\/v2\/types\/product"}],"version-history":[{"count":2,"href":"https:\/\/www.skamet.ee\/fi\/wp-json\/wp\/v2\/product\/54044\/revisions"}],"predecessor-version":[{"id":54046,"href":"https:\/\/www.skamet.ee\/fi\/wp-json\/wp\/v2\/product\/54044\/revisions\/54046"}],"wp:featuredmedia":[{"embeddable":true,"href":"https:\/\/www.skamet.ee\/fi\/wp-json\/wp\/v2\/media\/44975"}],"wp:attachment":[{"href":"https:\/\/www.skamet.ee\/fi\/wp-json\/wp\/v2\/media?parent=54044"}],"wp:term":[{"taxonomy":"product_brand","embeddable":true,"href":"https:\/\/www.skamet.ee\/fi\/wp-json\/wp\/v2\/product_brand?post=54044"},{"taxonomy":"product_cat","embeddable":true,"href":"https:\/\/www.skamet.ee\/fi\/wp-json\/wp\/v2\/product_cat?post=54044"},{"taxonomy":"product_tag","embeddable":true,"href":"https:\/\/www.skamet.ee\/fi\/wp-json\/wp\/v2\/product_tag?post=54044"}],"curies":[{"name":"wp","href":"https:\/\/api.w.org\/{rel}","templated":true}]}}