{"id":2931,"date":"2014-03-07T07:52:47","date_gmt":"2014-03-07T07:52:47","guid":{"rendered":"http:\/\/skamet.ee\/?page_id=2931"},"modified":"2021-05-18T12:59:41","modified_gmt":"2021-05-18T09:59:41","slug":"duk","status":"publish","type":"page","link":"https:\/\/www.skamet.ee\/lt\/duk\/","title":{"rendered":"DUK"},"content":{"rendered":"<p><strong>Kokia krosnel\u0117 labiausiai tinkama pir\u010diai: krosnel\u0117 su tinkleliniu ar krosnel\u0117 su metaliniu korpusu?<\/strong><\/p>\n<p>Tai priklauso nuo kliento pageidavimo, \u017ei\u016brint kiek laiko jis nori praleisti pirtyje. Krosnel\u0117 su metaliniu korpusu grei\u010diau pri\u0161ildo pirties patalpas. Ta\u010diau, jeigu krosnel\u0117je nebus palaikoma \u0161iluma, pirties patalpos greitai atv\u0117s. Krosnel\u0117 su tinkleliniu korpusu \u012fkaista l\u0117\u010diau, ta\u010diau geriau palaiko temperat\u016br\u0105 \u012f\u0161ilusioje pirties patalpoje.<\/p>\n<p><strong>Kokio storio metalas naudojamas krosneli\u0173 gamyboje<\/strong>?<\/p>\n<p>Krosneli\u0173 pirtims gamybai yra naudojamos med\u017eiagos, kurios skirstomos pagal \u0161ilumos pralaidumo laipsn\u012f: k\u016bryklos lubos \u2013 6 mm, galin\u0117 sienel\u0117 \u2013 4 mm, kra\u0161tin\u0117s \u2013 3 mm, krosnies i\u0161orinis r\u0117mas \u2013 0,8 mm. Pagrindin\u0117 med\u017eiaga, kuri naudojama krosneli\u0173 gamybai yra kar\u0161to valcavimo plienas. K\u016bryklos storis gali b\u016bti parenkamas ir pagal kliento pageidavimus.<\/p>\n<p><strong>Kokio ilgio malkos labiausiai tinkamos naudoti krosnelei, esan\u010diai pirtyje?<\/strong><\/p>\n<p>Krosneli\u0173, kurios pastatytos pa\u010dioje pirtyje, k\u016brenimui tinkamiausios \u2013 35\u201340 cm malkos. I\u0161 kitos patalpos k\u016brenamai krosnelei geriausiai naudoti 55\u201360 cm malkas.<\/p>\n<p><strong>Kiek laiko tarnaus krosnel\u0117?<\/strong><\/p>\n<p>Tinkamai naudojantis krosnele, ji jums gali tarnauti 8\u201312 met\u0173 (jeigu vidutini\u0161kai kaitinsit\u0117s pirtyje 1 kart\u0105 per savait\u0119). Krosneles su tinkleliniu korpusu mes gaminame nuo 2007 metus ir kol kas jos veikia nepriekai\u0161tingai.<\/p>\n<p><strong>Kokio storio med\u017eiagos naudojamos boilerio gamybai?<\/strong><\/p>\n<p>Standartiniai vandens boileriai da\u017eniausiai gaminami i\u0161 3 mm storio plieno arba ner\u016bdijan\u010dio 2 mm plieno. Pagal u\u017esakym\u0105 galime pagaminti boiler\u012f i\u0161 storesnio metalo.<\/p>\n<p><strong>Koks boilerio skersmuo<\/strong><\/p>\n<p>Standartini\u0173 boileri\u0173 skersmuo \u2013 450 mm. Pagal kliento pageidavim\u0105 galime pagaminti ma\u017eesnio (445, 430, 420, 400, 380, 300, 280 mm) arba didesnio (455, 470, 500, 550, 600, 700, 900, 1200 mm) skersmens boilerius.<\/p>\n<p><strong>Kaip ilgai gali veikti boileris?<\/strong><\/p>\n<p>Boilerio, kuris pagamintas i\u0161 standartinio plieno, kokybi\u0161ko veikimo laikotarpis 6\u20138 metai (boileriai b\u016btinai turi b\u016bti \u012f\u017eeminti). YPA\u010c PRAKTI\u0160KAS YRA \u00a0NER\u016aDIJANTIS BOILERIS.<\/p>\n","protected":false},"excerpt":{"rendered":"<p>Kokia krosnel\u0117 labiausiai tinkama pir\u010diai: krosnel\u0117 su tinkleliniu ar krosnel\u0117 su metaliniu korpusu? Tai priklauso nuo kliento pageidavimo, \u017ei\u016brint kiek<\/p>\n","protected":false},"author":2,"featured_media":0,"parent":0,"menu_order":0,"comment_status":"closed","ping_status":"closed","template":"","meta":{"_lmt_disableupdate":"","_lmt_disable":"","footnotes":""},"class_list":["post-2931","page","type-page","status-publish","hentry"],"yoast_head":"<!-- This site is optimized with the Yoast SEO plugin v27.0 - https:\/\/yoast.com\/product\/yoast-seo-wordpress\/ -->\n<title>DUK - Skamet<\/title>\n<meta name=\"robots\" content=\"index, follow, max-snippet:-1, max-image-preview:large, max-video-preview:-1\" \/>\n<link rel=\"canonical\" href=\"https:\/\/www.skamet.ee\/lt\/duk\/\" \/>\n<meta property=\"og:locale\" content=\"lt_LT\" \/>\n<meta property=\"og:type\" content=\"article\" \/>\n<meta property=\"og:title\" content=\"DUK - Skamet\" \/>\n<meta property=\"og:description\" content=\"Kokia krosnel\u0117 labiausiai tinkama pir\u010diai: krosnel\u0117 su tinkleliniu ar krosnel\u0117 su metaliniu korpusu? Tai priklauso nuo kliento pageidavimo, \u017ei\u016brint kiek\" \/>\n<meta property=\"og:url\" content=\"https:\/\/www.skamet.ee\/lt\/duk\/\" \/>\n<meta property=\"og:site_name\" content=\"Skamet\" \/>\n<meta property=\"article:modified_time\" content=\"2021-05-18T09:59:41+00:00\" \/>\n<meta name=\"twitter:card\" content=\"summary_large_image\" \/>\n<meta name=\"twitter:label1\" content=\"Est. reading time\" \/>\n\t<meta name=\"twitter:data1\" content=\"1 minute\" \/>\n<script type=\"application\/ld+json\" class=\"yoast-schema-graph\">{\"@context\":\"https:\/\/schema.org\",\"@graph\":[{\"@type\":\"WebPage\",\"@id\":\"https:\/\/www.skamet.ee\/lt\/duk\/\",\"url\":\"https:\/\/www.skamet.ee\/lt\/duk\/\",\"name\":\"DUK - Skamet\",\"isPartOf\":{\"@id\":\"https:\/\/www.skamet.ee\/#website\"},\"datePublished\":\"2014-03-07T07:52:47+00:00\",\"dateModified\":\"2021-05-18T09:59:41+00:00\",\"breadcrumb\":{\"@id\":\"https:\/\/www.skamet.ee\/lt\/duk\/#breadcrumb\"},\"inLanguage\":\"lt\",\"potentialAction\":[{\"@type\":\"ReadAction\",\"target\":[\"https:\/\/www.skamet.ee\/lt\/duk\/\"]}]},{\"@type\":\"BreadcrumbList\",\"@id\":\"https:\/\/www.skamet.ee\/lt\/duk\/#breadcrumb\",\"itemListElement\":[{\"@type\":\"ListItem\",\"position\":1,\"name\":\"Home\",\"item\":\"https:\/\/www.skamet.ee\/fi\/\"},{\"@type\":\"ListItem\",\"position\":2,\"name\":\"DUK\"}]},{\"@type\":\"WebSite\",\"@id\":\"https:\/\/www.skamet.ee\/#website\",\"url\":\"https:\/\/www.skamet.ee\/\",\"name\":\"Skamet O\u00dc\",\"description\":\"Efektiivsed puuk\u00fcttega saunaahjud Eesti tootjalt\",\"publisher\":{\"@id\":\"https:\/\/www.skamet.ee\/#organization\"},\"potentialAction\":[{\"@type\":\"SearchAction\",\"target\":{\"@type\":\"EntryPoint\",\"urlTemplate\":\"https:\/\/www.skamet.ee\/?s={search_term_string}\"},\"query-input\":{\"@type\":\"PropertyValueSpecification\",\"valueRequired\":true,\"valueName\":\"search_term_string\"}}],\"inLanguage\":\"lt\"},{\"@type\":\"Organization\",\"@id\":\"https:\/\/www.skamet.ee\/#organization\",\"name\":\"Skamet\",\"url\":\"https:\/\/www.skamet.ee\/\",\"logo\":{\"@type\":\"ImageObject\",\"inLanguage\":\"lt\",\"@id\":\"https:\/\/www.skamet.ee\/#\/schema\/logo\/image\/\",\"url\":\"https:\/\/www.skamet.ee\/wp-content\/uploads\/2015\/05\/logo-uus.png\",\"contentUrl\":\"https:\/\/www.skamet.ee\/wp-content\/uploads\/2015\/05\/logo-uus.png\",\"width\":300,\"height\":127,\"caption\":\"Skamet\"},\"image\":{\"@id\":\"https:\/\/www.skamet.ee\/#\/schema\/logo\/image\/\"}}]}<\/script>\n<!-- \/ Yoast SEO plugin. -->","yoast_head_json":{"title":"DUK - Skamet","robots":{"index":"index","follow":"follow","max-snippet":"max-snippet:-1","max-image-preview":"max-image-preview:large","max-video-preview":"max-video-preview:-1"},"canonical":"https:\/\/www.skamet.ee\/lt\/duk\/","og_locale":"lt_LT","og_type":"article","og_title":"DUK - Skamet","og_description":"Kokia krosnel\u0117 labiausiai tinkama pir\u010diai: krosnel\u0117 su tinkleliniu ar krosnel\u0117 su metaliniu korpusu? Tai priklauso nuo kliento pageidavimo, \u017ei\u016brint kiek","og_url":"https:\/\/www.skamet.ee\/lt\/duk\/","og_site_name":"Skamet","article_modified_time":"2021-05-18T09:59:41+00:00","twitter_card":"summary_large_image","twitter_misc":{"Est. reading time":"1 minute"},"schema":{"@context":"https:\/\/schema.org","@graph":[{"@type":"WebPage","@id":"https:\/\/www.skamet.ee\/lt\/duk\/","url":"https:\/\/www.skamet.ee\/lt\/duk\/","name":"DUK - Skamet","isPartOf":{"@id":"https:\/\/www.skamet.ee\/#website"},"datePublished":"2014-03-07T07:52:47+00:00","dateModified":"2021-05-18T09:59:41+00:00","breadcrumb":{"@id":"https:\/\/www.skamet.ee\/lt\/duk\/#breadcrumb"},"inLanguage":"lt","potentialAction":[{"@type":"ReadAction","target":["https:\/\/www.skamet.ee\/lt\/duk\/"]}]},{"@type":"BreadcrumbList","@id":"https:\/\/www.skamet.ee\/lt\/duk\/#breadcrumb","itemListElement":[{"@type":"ListItem","position":1,"name":"Home","item":"https:\/\/www.skamet.ee\/fi\/"},{"@type":"ListItem","position":2,"name":"DUK"}]},{"@type":"WebSite","@id":"https:\/\/www.skamet.ee\/#website","url":"https:\/\/www.skamet.ee\/","name":"Skamet O\u00dc","description":"Efektiivsed puuk\u00fcttega saunaahjud Eesti tootjalt","publisher":{"@id":"https:\/\/www.skamet.ee\/#organization"},"potentialAction":[{"@type":"SearchAction","target":{"@type":"EntryPoint","urlTemplate":"https:\/\/www.skamet.ee\/?s={search_term_string}"},"query-input":{"@type":"PropertyValueSpecification","valueRequired":true,"valueName":"search_term_string"}}],"inLanguage":"lt"},{"@type":"Organization","@id":"https:\/\/www.skamet.ee\/#organization","name":"Skamet","url":"https:\/\/www.skamet.ee\/","logo":{"@type":"ImageObject","inLanguage":"lt","@id":"https:\/\/www.skamet.ee\/#\/schema\/logo\/image\/","url":"https:\/\/www.skamet.ee\/wp-content\/uploads\/2015\/05\/logo-uus.png","contentUrl":"https:\/\/www.skamet.ee\/wp-content\/uploads\/2015\/05\/logo-uus.png","width":300,"height":127,"caption":"Skamet"},"image":{"@id":"https:\/\/www.skamet.ee\/#\/schema\/logo\/image\/"}}]}},"_links":{"self":[{"href":"https:\/\/www.skamet.ee\/lt\/wp-json\/wp\/v2\/pages\/2931","targetHints":{"allow":["GET"]}}],"collection":[{"href":"https:\/\/www.skamet.ee\/lt\/wp-json\/wp\/v2\/pages"}],"about":[{"href":"https:\/\/www.skamet.ee\/lt\/wp-json\/wp\/v2\/types\/page"}],"author":[{"embeddable":true,"href":"https:\/\/www.skamet.ee\/lt\/wp-json\/wp\/v2\/users\/2"}],"replies":[{"embeddable":true,"href":"https:\/\/www.skamet.ee\/lt\/wp-json\/wp\/v2\/comments?post=2931"}],"version-history":[{"count":3,"href":"https:\/\/www.skamet.ee\/lt\/wp-json\/wp\/v2\/pages\/2931\/revisions"}],"predecessor-version":[{"id":41850,"href":"https:\/\/www.skamet.ee\/lt\/wp-json\/wp\/v2\/pages\/2931\/revisions\/41850"}],"wp:attachment":[{"href":"https:\/\/www.skamet.ee\/lt\/wp-json\/wp\/v2\/media?parent=2931"}],"curies":[{"name":"wp","href":"https:\/\/api.w.org\/{rel}","templated":true}]}}