{"id":2983,"date":"2014-03-07T15:06:57","date_gmt":"2014-03-07T15:06:57","guid":{"rendered":"http:\/\/skamet.ee\/?page_id=2983"},"modified":"2015-06-18T12:48:12","modified_gmt":"2015-06-18T12:48:12","slug":"paslaugos-2","status":"publish","type":"page","link":"https:\/\/www.skamet.ee\/lt\/paslaugos-2\/","title":{"rendered":"Paslaugos"},"content":{"rendered":"<p><span style=\"font-size: small;\">Be m\u016bs\u0173 pagrindin\u0117s produkcijos (krosnel\u0117s pirtims, boileriai, d\u016bmtraukiai), savo klientams si\u016blome metalo apdirbimo paslaugas. Galime pagaminti metalo gaminius pagal klient\u0173 poreikius arba br\u0117\u017einius:<\/span><\/p>\n<ul>\n<li><span style=\"font-size: small;\">balkon\u0173 aptvarus;<\/span><\/li>\n<li><span style=\"font-size: small;\">tvoras;<\/span><\/li>\n<li><span style=\"font-size: small;\">vartus;<\/span><\/li>\n<li><span style=\"font-size: small;\">metalines detales;<\/span><\/li>\n<li><span style=\"font-size: small;\">reklaminius stendus\/skydus;<\/span><\/li>\n<li><span style=\"font-size: small;\">ir t. t.<\/span><\/li>\n<\/ul>\n<p><span style=\"font-size: small;\">Klientams galime pasi\u016blyti elementari\u0173 prototip\u0173 gamyb\u0105.<\/span><\/p>\n","protected":false},"excerpt":{"rendered":"<p>Be m\u016bs\u0173 pagrindin\u0117s produkcijos (krosnel\u0117s pirtims, boileriai, d\u016bmtraukiai), savo klientams si\u016blome metalo apdirbimo paslaugas. Galime pagaminti metalo gaminius pagal klient\u0173<\/p>\n","protected":false},"author":2,"featured_media":0,"parent":0,"menu_order":0,"comment_status":"closed","ping_status":"closed","template":"","meta":{"_lmt_disableupdate":"","_lmt_disable":"","footnotes":""},"class_list":["post-2983","page","type-page","status-publish","hentry"],"yoast_head":"<!-- This site is optimized with the Yoast SEO plugin v27.0 - https:\/\/yoast.com\/product\/yoast-seo-wordpress\/ -->\n<title>Paslaugos - Skamet<\/title>\n<meta name=\"robots\" content=\"index, follow, max-snippet:-1, max-image-preview:large, max-video-preview:-1\" \/>\n<link rel=\"canonical\" href=\"https:\/\/www.skamet.ee\/lt\/paslaugos-2\/\" \/>\n<meta property=\"og:locale\" content=\"lt_LT\" \/>\n<meta property=\"og:type\" content=\"article\" \/>\n<meta property=\"og:title\" content=\"Paslaugos - Skamet\" \/>\n<meta property=\"og:description\" content=\"Be m\u016bs\u0173 pagrindin\u0117s produkcijos (krosnel\u0117s pirtims, boileriai, d\u016bmtraukiai), savo klientams si\u016blome metalo apdirbimo paslaugas. Galime pagaminti metalo gaminius pagal klient\u0173\" \/>\n<meta property=\"og:url\" content=\"https:\/\/www.skamet.ee\/lt\/paslaugos-2\/\" \/>\n<meta property=\"og:site_name\" content=\"Skamet\" \/>\n<meta property=\"article:modified_time\" content=\"2015-06-18T12:48:12+00:00\" \/>\n<meta name=\"twitter:card\" content=\"summary_large_image\" \/>\n<script type=\"application\/ld+json\" class=\"yoast-schema-graph\">{\"@context\":\"https:\/\/schema.org\",\"@graph\":[{\"@type\":\"WebPage\",\"@id\":\"https:\/\/www.skamet.ee\/lt\/paslaugos-2\/\",\"url\":\"https:\/\/www.skamet.ee\/lt\/paslaugos-2\/\",\"name\":\"Paslaugos - Skamet\",\"isPartOf\":{\"@id\":\"https:\/\/www.skamet.ee\/#website\"},\"datePublished\":\"2014-03-07T15:06:57+00:00\",\"dateModified\":\"2015-06-18T12:48:12+00:00\",\"breadcrumb\":{\"@id\":\"https:\/\/www.skamet.ee\/lt\/paslaugos-2\/#breadcrumb\"},\"inLanguage\":\"lt\",\"potentialAction\":[{\"@type\":\"ReadAction\",\"target\":[\"https:\/\/www.skamet.ee\/lt\/paslaugos-2\/\"]}]},{\"@type\":\"BreadcrumbList\",\"@id\":\"https:\/\/www.skamet.ee\/lt\/paslaugos-2\/#breadcrumb\",\"itemListElement\":[{\"@type\":\"ListItem\",\"position\":1,\"name\":\"Home\",\"item\":\"https:\/\/www.skamet.ee\/fi\/\"},{\"@type\":\"ListItem\",\"position\":2,\"name\":\"Paslaugos\"}]},{\"@type\":\"WebSite\",\"@id\":\"https:\/\/www.skamet.ee\/#website\",\"url\":\"https:\/\/www.skamet.ee\/\",\"name\":\"Skamet O\u00dc\",\"description\":\"Efektiivsed puuk\u00fcttega saunaahjud Eesti tootjalt\",\"publisher\":{\"@id\":\"https:\/\/www.skamet.ee\/#organization\"},\"potentialAction\":[{\"@type\":\"SearchAction\",\"target\":{\"@type\":\"EntryPoint\",\"urlTemplate\":\"https:\/\/www.skamet.ee\/?s={search_term_string}\"},\"query-input\":{\"@type\":\"PropertyValueSpecification\",\"valueRequired\":true,\"valueName\":\"search_term_string\"}}],\"inLanguage\":\"lt\"},{\"@type\":\"Organization\",\"@id\":\"https:\/\/www.skamet.ee\/#organization\",\"name\":\"Skamet\",\"url\":\"https:\/\/www.skamet.ee\/\",\"logo\":{\"@type\":\"ImageObject\",\"inLanguage\":\"lt\",\"@id\":\"https:\/\/www.skamet.ee\/#\/schema\/logo\/image\/\",\"url\":\"https:\/\/www.skamet.ee\/wp-content\/uploads\/2015\/05\/logo-uus.png\",\"contentUrl\":\"https:\/\/www.skamet.ee\/wp-content\/uploads\/2015\/05\/logo-uus.png\",\"width\":300,\"height\":127,\"caption\":\"Skamet\"},\"image\":{\"@id\":\"https:\/\/www.skamet.ee\/#\/schema\/logo\/image\/\"}}]}<\/script>\n<!-- \/ Yoast SEO plugin. -->","yoast_head_json":{"title":"Paslaugos - Skamet","robots":{"index":"index","follow":"follow","max-snippet":"max-snippet:-1","max-image-preview":"max-image-preview:large","max-video-preview":"max-video-preview:-1"},"canonical":"https:\/\/www.skamet.ee\/lt\/paslaugos-2\/","og_locale":"lt_LT","og_type":"article","og_title":"Paslaugos - Skamet","og_description":"Be m\u016bs\u0173 pagrindin\u0117s produkcijos (krosnel\u0117s pirtims, boileriai, d\u016bmtraukiai), savo klientams si\u016blome metalo apdirbimo paslaugas. Galime pagaminti metalo gaminius pagal klient\u0173","og_url":"https:\/\/www.skamet.ee\/lt\/paslaugos-2\/","og_site_name":"Skamet","article_modified_time":"2015-06-18T12:48:12+00:00","twitter_card":"summary_large_image","schema":{"@context":"https:\/\/schema.org","@graph":[{"@type":"WebPage","@id":"https:\/\/www.skamet.ee\/lt\/paslaugos-2\/","url":"https:\/\/www.skamet.ee\/lt\/paslaugos-2\/","name":"Paslaugos - Skamet","isPartOf":{"@id":"https:\/\/www.skamet.ee\/#website"},"datePublished":"2014-03-07T15:06:57+00:00","dateModified":"2015-06-18T12:48:12+00:00","breadcrumb":{"@id":"https:\/\/www.skamet.ee\/lt\/paslaugos-2\/#breadcrumb"},"inLanguage":"lt","potentialAction":[{"@type":"ReadAction","target":["https:\/\/www.skamet.ee\/lt\/paslaugos-2\/"]}]},{"@type":"BreadcrumbList","@id":"https:\/\/www.skamet.ee\/lt\/paslaugos-2\/#breadcrumb","itemListElement":[{"@type":"ListItem","position":1,"name":"Home","item":"https:\/\/www.skamet.ee\/fi\/"},{"@type":"ListItem","position":2,"name":"Paslaugos"}]},{"@type":"WebSite","@id":"https:\/\/www.skamet.ee\/#website","url":"https:\/\/www.skamet.ee\/","name":"Skamet O\u00dc","description":"Efektiivsed puuk\u00fcttega saunaahjud Eesti tootjalt","publisher":{"@id":"https:\/\/www.skamet.ee\/#organization"},"potentialAction":[{"@type":"SearchAction","target":{"@type":"EntryPoint","urlTemplate":"https:\/\/www.skamet.ee\/?s={search_term_string}"},"query-input":{"@type":"PropertyValueSpecification","valueRequired":true,"valueName":"search_term_string"}}],"inLanguage":"lt"},{"@type":"Organization","@id":"https:\/\/www.skamet.ee\/#organization","name":"Skamet","url":"https:\/\/www.skamet.ee\/","logo":{"@type":"ImageObject","inLanguage":"lt","@id":"https:\/\/www.skamet.ee\/#\/schema\/logo\/image\/","url":"https:\/\/www.skamet.ee\/wp-content\/uploads\/2015\/05\/logo-uus.png","contentUrl":"https:\/\/www.skamet.ee\/wp-content\/uploads\/2015\/05\/logo-uus.png","width":300,"height":127,"caption":"Skamet"},"image":{"@id":"https:\/\/www.skamet.ee\/#\/schema\/logo\/image\/"}}]}},"_links":{"self":[{"href":"https:\/\/www.skamet.ee\/lt\/wp-json\/wp\/v2\/pages\/2983","targetHints":{"allow":["GET"]}}],"collection":[{"href":"https:\/\/www.skamet.ee\/lt\/wp-json\/wp\/v2\/pages"}],"about":[{"href":"https:\/\/www.skamet.ee\/lt\/wp-json\/wp\/v2\/types\/page"}],"author":[{"embeddable":true,"href":"https:\/\/www.skamet.ee\/lt\/wp-json\/wp\/v2\/users\/2"}],"replies":[{"embeddable":true,"href":"https:\/\/www.skamet.ee\/lt\/wp-json\/wp\/v2\/comments?post=2983"}],"version-history":[{"count":1,"href":"https:\/\/www.skamet.ee\/lt\/wp-json\/wp\/v2\/pages\/2983\/revisions"}],"predecessor-version":[{"id":4014,"href":"https:\/\/www.skamet.ee\/lt\/wp-json\/wp\/v2\/pages\/2983\/revisions\/4014"}],"wp:attachment":[{"href":"https:\/\/www.skamet.ee\/lt\/wp-json\/wp\/v2\/media?parent=2983"}],"curies":[{"name":"wp","href":"https:\/\/api.w.org\/{rel}","templated":true}]}}