{"id":2991,"date":"2014-03-07T15:11:43","date_gmt":"2014-03-07T15:11:43","guid":{"rendered":"http:\/\/skamet.ee\/?page_id=2991"},"modified":"2016-02-25T07:38:24","modified_gmt":"2016-02-25T07:38:24","slug":"boileriai-vandeniui","status":"publish","type":"page","link":"https:\/\/www.skamet.ee\/lt\/talpyklos-vandeniui\/boileriai-vandeniui\/","title":{"rendered":"Boileriai vandeniui"},"content":{"rendered":"<p><span style=\"font-size: small;\">Mes gaminame standartinius boilerius (t\u016brinius) vandens \u0161ildymui nuo 1990 m. Standartinis produktas yra tu\u0161\u010diaviduris. Boileris prijungiamas prie krosnies ar virykl\u0117s, kuri k\u016brenama malkomis. Vanduo su\u0161yla nat\u016bralios cirkuliacijos d\u0117ka. Boileriuose i\u0161 ner\u016bdijan\u010dio metalo yra \u012frengti anodai (juos reik\u0117t\u0173 pakeisti kart\u0105 per metus arba net da\u017eniau, jei yra b\u016btinyb\u0117). Visuose boileriuose turi b\u016bti \u012frengtas apsauginis vo\u017etuvas.<\/span><\/p>\n<p><span style=\"font-size: small;\">Be standartini\u0173 boileri\u0173 taip pat gaminame boilerius pagal kliento pageidavimus: su <strong>registru<\/strong> arba <strong>dviguba sienele.<\/strong><\/span><\/p>\n<h3><strong>[dywp_alert style=&#8221;grey&#8221; icon=&#8221;no-icon&#8221; ] U\u017edari boileriai kar\u0161tam vandeniui\u00a0[\/dywp_alert]<\/strong><\/h3>\n<table border=\"0\">\n<tbody>\n<tr>\n<td><span style=\"font-size: small;\">\u00a0<\/span><\/td>\n<td><span style=\"font-size: small;\">Standartinio boilerio skersmuo\u00a0 \u2013 40 ir 45 cm. Boileriai turi keturis nipelius: du 1\/2 colio ir du 3\/4 colio.<\/span><span style=\"font-size: small;\"><strong>Matmenys pateikti naudojimo instrukcijoje.<\/strong><\/span><\/td>\n<\/tr>\n<\/tbody>\n<\/table>\n<p>\r\n\t\t\t\t\t\n\r\n\t\t\t\t\t<!-- START UNITE GALLERY 1.7.62 -->\r\n\t\t\t\t\t\r\n\t\t\t\t\n\t\t\t<div id='unitegallery_22_1' class='unite-gallery' style='margin:0px auto;'>\n\t\t\t\t\n\n\t\t\t\t\t\t<img alt=\"B-80 H1\"\n\t\t\t\t\t\t     src=\"\" data-image=\"https:\/\/www.skamet.ee\/wp-content\/plugins\/unite-gallery-lite\/images\/noimage.png\"\n\t\t\t\t\t\t     data-thumb=\"https:\/\/www.skamet.ee\/wp-content\/plugins\/unite-gallery-lite\/images\/noimage.png\"\n\t\t\t\t\t\t     title=\"\"\n\t\t\t\t\t\t     style=\"display:none\">\n\n\t\t\t\t\t\t<img alt=\"B-80 V\"\n\t\t\t\t\t\t     src=\"\" data-image=\"https:\/\/www.skamet.ee\/wp-content\/plugins\/unite-gallery-lite\/images\/noimage.png\"\n\t\t\t\t\t\t     data-thumb=\"https:\/\/www.skamet.ee\/wp-content\/plugins\/unite-gallery-lite\/images\/noimage.png\"\n\t\t\t\t\t\t     title=\"\"\n\t\t\t\t\t\t     style=\"display:none\">\n\n\t\t\t\t\t\t<img alt=\"16\"\n\t\t\t\t\t\t     src=\"\" data-image=\"https:\/\/www.skamet.ee\/wp-content\/plugins\/unite-gallery-lite\/images\/noimage.png\"\n\t\t\t\t\t\t     data-thumb=\"https:\/\/www.skamet.ee\/wp-content\/plugins\/unite-gallery-lite\/images\/noimage.png\"\n\t\t\t\t\t\t     title=\"\"\n\t\t\t\t\t\t     style=\"display:none\">\n\n\t\t\t\t\t\t<img alt=\"B-80 V (400 l\u00e4bim\u00f5\u00f5duga)\"\n\t\t\t\t\t\t     src=\"\" data-image=\"https:\/\/www.skamet.ee\/wp-content\/plugins\/unite-gallery-lite\/images\/noimage.png\"\n\t\t\t\t\t\t     data-thumb=\"https:\/\/www.skamet.ee\/wp-content\/plugins\/unite-gallery-lite\/images\/noimage.png\"\n\t\t\t\t\t\t     title=\"\"\n\t\t\t\t\t\t     style=\"display:none\">\n\t\t\t<\/div>\n\n\t\t\t<script type='text\/javascript'>\n\t\t\t\twindow.onload = function(e) {\n\t\t\t\t\tif(typeof ugCheckForErrors == \"undefined\"){\n\t\t\t\t\t\tdocument.getElementById(\"unitegallery_22_1\").innerHTML = \"<span style='color:red'>Unite Gallery Error - gallery js and css files not included in the footer. Please make sure that wp_footer() function is added to your theme.<\/span>\";}\n\t\t\t\t\telse{ ugCheckForErrors(\"unitegallery_22_1\", \"jquery\");}\n\t\t\t\t};\n\t\t\t<\/script>\n\n\t\t\t<!-- END UNITEGALLERY --><\/p>\n<table border=\"1\">\n<tbody>\n<tr>\n<td><span style=\"font-size: small;\"><strong>Standartini\u0173 gamini\u0173 parametrai:<\/strong><\/span><\/td>\n<td><span style=\"font-size: small;\"><strong>Papildomos funkcijos:<\/strong><\/span><\/td>\n<\/tr>\n<tr>\n<td><span style=\"font-size: small;\"><strong>\u00bb<\/strong>\u00a0boilerio talpa \u2013\u00a0 80\u2013150 litr\u0173;<\/span><br \/>\n<span style=\"font-size: small;\"> <strong>\u00bb<\/strong>\u00a0skersmuo\u00a0 \u2013 40 ir 45 cm;<\/span><br \/>\n<span style=\"font-size: small;\"> <strong>\u00bb<\/strong>\u00a0horizontalus;<\/span><br \/>\n<span style=\"font-size: small;\"> <strong>\u00bb<\/strong>\u00a0vertikalus<\/span><br \/>\n<span style=\"font-size: small;\"> <strong>\u00bb<\/strong>\u00a0juodas metalas (storis\u00a0 \u2013 3 mm), ner\u016bdijantis metalas (storis \u2013\u00a0 2 mm).<\/span><\/td>\n<td><span style=\"font-size: small;\"><strong>\u00bb<\/strong>\u00a0didesnis ar ma\u017eesnis t\u016bris;<\/span><br \/>\n<span style=\"font-size: small;\"> <strong>\u00bb<\/strong>\u00a0galimas skersmuo\u00a0 \u2013 40 ir 50 cm;<\/span><br \/>\n<span style=\"font-size: small;\"> <strong>\u00bb<\/strong>\u00a0horizontalusis boileris komplekte su armat\u016bra, kuri montuojama ant sien\u0173, grind\u0173 arba lub\u0173;<\/span><br \/>\n<span style=\"font-size: small;\"> <strong>\u00bb<\/strong>\u00a0vertikalus boileris montuojamas ant sienos: kaip i\u0161 kair\u0117s pus\u0117s, taip ir i\u0161 de\u0161in\u0117s;<\/span><br \/>\n<span style=\"font-size: small;\"> <strong>\u00bb<\/strong>\u00a0galima pagaminti ir i\u0161 storesnio metalo.<\/span><\/td>\n<\/tr>\n<\/tbody>\n<\/table>\n<h3>\u00a0<strong>[dywp_alert style=&#8221;grey&#8221; icon=&#8221;no-icon&#8221; ] Atviri boileriai kar\u0161tam vandeniui\u00a0[\/dywp_alert]<\/strong><\/h3>\n<table border=\"0\">\n<tbody>\n<tr>\n<td><span style=\"font-size: small;\">\u00a0<\/span><\/td>\n<td><span style=\"font-size: small;\">Standartinio boilerio skersmuo\u00a0 \u2013 45 cm. Boileriai turi keturis nipelius: du 1\/2 colio ir du 3\/4 colio.<\/span><br \/>\n<span style=\"font-size: small;\"><strong>Matmenys pateikti naudojimo instrukcijoje<\/strong><\/span><\/td>\n<\/tr>\n<\/tbody>\n<\/table>\n<p>\r\n\t\t\t\t\t\n\r\n\t\t\t\t\t<!-- START UNITE GALLERY 1.7.62 -->\r\n\t\t\t\t\t\r\n\t\t\t\t\n\t\t\t<div id='unitegallery_23_2' class='unite-gallery' style='margin:0px auto;'>\n\t\t\t\t\n\n\t\t\t\t\t\t<img alt=\"BO-110\"\n\t\t\t\t\t\t     src=\"\" data-image=\"https:\/\/www.skamet.ee\/wp-content\/uploads\/2013\/04\/BO-110.jpg\"\n\t\t\t\t\t\t     data-thumb=\"https:\/\/www.skamet.ee\/wp-content\/uploads\/2013\/04\/BO-110-300x264.jpg\"\n\t\t\t\t\t\t     title=\"\"\n\t\t\t\t\t\t     style=\"display:none\">\n\n\t\t\t\t\t\t<img alt=\"P1090678\"\n\t\t\t\t\t\t     src=\"\" data-image=\"https:\/\/www.skamet.ee\/wp-content\/plugins\/unite-gallery-lite\/images\/noimage.png\"\n\t\t\t\t\t\t     data-thumb=\"https:\/\/www.skamet.ee\/wp-content\/plugins\/unite-gallery-lite\/images\/noimage.png\"\n\t\t\t\t\t\t     title=\"\"\n\t\t\t\t\t\t     style=\"display:none\">\n\n\t\t\t\t\t\t<img alt=\"P1090677\"\n\t\t\t\t\t\t     src=\"\" data-image=\"https:\/\/www.skamet.ee\/wp-content\/plugins\/unite-gallery-lite\/images\/noimage.png\"\n\t\t\t\t\t\t     data-thumb=\"https:\/\/www.skamet.ee\/wp-content\/plugins\/unite-gallery-lite\/images\/noimage.png\"\n\t\t\t\t\t\t     title=\"\"\n\t\t\t\t\t\t     style=\"display:none\">\n\n\t\t\t\t\t\t<img alt=\"IMG_20140701_164838_clipped_rev_1\"\n\t\t\t\t\t\t     src=\"\" data-image=\"https:\/\/www.skamet.ee\/wp-content\/plugins\/unite-gallery-lite\/images\/noimage.png\"\n\t\t\t\t\t\t     data-thumb=\"https:\/\/www.skamet.ee\/wp-content\/plugins\/unite-gallery-lite\/images\/noimage.png\"\n\t\t\t\t\t\t     title=\"\"\n\t\t\t\t\t\t     style=\"display:none\">\n\t\t\t<\/div>\n\n\n\t\t\t<!-- END UNITEGALLERY --><\/p>\n<table border=\"1\">\n<tbody>\n<tr>\n<td><span style=\"font-size: small;\"><strong>Standartini\u0173 gamini\u0173 parametrai:<\/strong><\/span><\/td>\n<td><span style=\"font-size: small;\"><strong>Papildomos funkcijos:<\/strong><\/span><\/td>\n<\/tr>\n<tr>\n<td><span style=\"font-size: small;\"><strong>\u00bb<\/strong>\u00a0boilerio talpa \u2013\u00a0 80\u2013150 litr\u0173;<\/span><br \/>\n<span style=\"font-size: small;\"><strong>\u00bb<\/strong>\u00a0skersmuo\u00a0 \u2013 45 cm;<\/span><br \/>\n<span style=\"font-size: small;\"><strong>\u00bb<\/strong>\u00a0ant dugno esantis nipelis \u00bd yra naudojamas vandens i\u0161leidimui;<\/span><br \/>\n<span style=\"font-size: small;\"><strong>\u00bb<\/strong>\u00a0ant kojeli\u0173 auk\u0161tis\u00a0 \u2013 25 cm<\/span><br \/>\n<span style=\"font-size: small;\"><strong>\u00bb<\/strong>\u00a0juodas metalas (storis\u00a0 \u2013 3 mm), ner\u016bdijantis metalas (storis \u2013\u00a0 2 mm).<\/span><\/td>\n<td><span style=\"font-size: small;\"><strong>\u00bb<\/strong>\u00a0didesnis ar ma\u017eesnis t\u016bris;<\/span><br \/>\n<span style=\"font-size: small;\"><strong>\u00bb<\/strong>\u00a0taip pat galima pagaminti kvadratin\u012f;<\/span><br \/>\n<span style=\"font-size: small;\"><strong>\u00bb<\/strong>\u00a0galima pagaminti be kojeli\u0173 \u2013\u00a0 su pritvirtinimais prie sien\u0173.;<\/span><br \/>\n<span style=\"font-size: small;\"><strong>\u00bb<\/strong>\u00a0galima pagaminti ir i\u0161 storesnio metalo.<\/span><\/td>\n<\/tr>\n<\/tbody>\n<\/table>\n<h3>\u00a0<strong>[dywp_alert style=&#8221;grey&#8221; icon=&#8221;no-icon&#8221; ] Talpykla aplink d\u016bmtrauk\u012f\u00a0[\/dywp_alert]<\/strong><\/h3>\n<table border=\"0\">\n<tbody>\n<tr>\n<td><span style=\"font-size: small;\">\u00a0<\/span><\/td>\n<td><span style=\"font-size: small;\"><strong>Kar\u0161to vandens talpyklos gaminamos vieno dyd\u017eio:<\/strong><\/span><span style=\"font-size: small;\">Atvira talpykla vandens \u0161ildymui \u012frengiama aplink d\u016bmtrauk\u012f; pripildykite talp\u0105 ir j\u016bs\u0173 vanduo taps garais garin\u0117je, nes vanduo su\u0161ils k\u016brenimo metu. Vanduo su\u0161yla nuo \u012fkaitusio d\u016bmtraukio. Be standartini\u0173 produkt\u0173 dar galite u\u017esisakyti ir kitoki\u0173 parametr\u0173 katil\u0105<\/span><br \/>\n<span style=\"font-size: small;\"><strong>Matmenys pateikti naudojimo <a href=\"http:\/\/skamet.ee\/wp-content\/uploads\/2014\/03\/BOT-25-kasutusjuhend.pdf\" target=\"_blank\">instrukcijoje.<\/a><\/strong><\/span><\/td>\n<\/tr>\n<\/tbody>\n<\/table>\n<p>\r\n\t\t\t\t\t\n\r\n\t\t\t\t\t<!-- START UNITE GALLERY 1.7.62 -->\r\n\t\t\t\t\t\r\n\t\t\t\t\n\t\t\t<div id='unitegallery_24_3' class='unite-gallery' style='margin:0px auto;'>\n\t\t\t\t\n\n\t\t\t\t\t\t<img alt=\"BOT-22 RV\"\n\t\t\t\t\t\t     src=\"\" data-image=\"https:\/\/www.skamet.ee\/wp-content\/plugins\/unite-gallery-lite\/images\/noimage.png\"\n\t\t\t\t\t\t     data-thumb=\"https:\/\/www.skamet.ee\/wp-content\/plugins\/unite-gallery-lite\/images\/noimage.png\"\n\t\t\t\t\t\t     title=\"\"\n\t\t\t\t\t\t     style=\"display:none\">\n\n\t\t\t\t\t\t<img alt=\"IMG_20140220_101637_clipped_rev_1\"\n\t\t\t\t\t\t     src=\"\" data-image=\"https:\/\/www.skamet.ee\/wp-content\/plugins\/unite-gallery-lite\/images\/noimage.png\"\n\t\t\t\t\t\t     data-thumb=\"https:\/\/www.skamet.ee\/wp-content\/plugins\/unite-gallery-lite\/images\/noimage.png\"\n\t\t\t\t\t\t     title=\"\"\n\t\t\t\t\t\t     style=\"display:none\">\n\n\t\t\t\t\t\t<img alt=\"IMG_20140220_101619_clipped_rev_1\"\n\t\t\t\t\t\t     src=\"\" data-image=\"https:\/\/www.skamet.ee\/wp-content\/plugins\/unite-gallery-lite\/images\/noimage.png\"\n\t\t\t\t\t\t     data-thumb=\"https:\/\/www.skamet.ee\/wp-content\/plugins\/unite-gallery-lite\/images\/noimage.png\"\n\t\t\t\t\t\t     title=\"\"\n\t\t\t\t\t\t     style=\"display:none\">\n\t\t\t<\/div>\n\n\n\t\t\t<!-- END UNITEGALLERY --><\/p>\n<table border=\"1\">\n<tbody>\n<tr>\n<td><span style=\"font-size: small;\"><strong>Standartini\u0173 gamini\u0173 parametrai<\/strong>:<\/span><\/td>\n<td><span style=\"font-size: small;\"><strong>Papildomos funkcijos<\/strong>:<\/span><\/td>\n<\/tr>\n<tr>\n<td><span style=\"font-size: small;\"><strong>\u00bb<\/strong>\u00a0skersmuo\u00a0 \u2013 30 cm, t\u016bris\u00a0 \u2013 25 litrai;<\/span><br \/>\n<span style=\"font-size: small;\"> <strong>\u00bb<\/strong>\u00a0bendras auk\u0161tis kartu su vamzd\u017eiu\u00a0 \u2013 65 cm, katilas\u00a0 \u2013 41,5 cm;<\/span><br \/>\n<span style=\"font-size: small;\"> <strong>\u00bb<\/strong>\u00a0su dang\u010diu;<\/span><br \/>\n<span style=\"font-size: small;\"> <strong>\u00bb<\/strong>\u00a0d\u016bmtraukio skersmuo \u2013 115 mm;<\/span><br \/>\n<span style=\"font-size: small;\"> <strong>\u00bb<\/strong>\u00a0vienas nipelis su i\u0161oriniu sriegiu 1\/2 colio.<\/span><\/td>\n<td><span style=\"font-size: small;\"><strong>\u00bb<\/strong>\u00a0didesnis ar ma\u017eesnis t\u016bris;<\/span><br \/>\n<span style=\"font-size: small;\"> <strong>\u00bb<\/strong>\u00a0galima pagaminti auk\u0161tesn\u012f;<\/span><br \/>\n<span style=\"font-size: small;\"> <strong>\u00bb<\/strong>\u00a0taip pat galima pagaminti kvadratin\u012f.;<\/span><br \/>\n<span style=\"font-size: small;\"> <strong>\u00bb<\/strong>\u00a0galima pagaminti ir i\u0161 storesnio metalo.<\/span><\/td>\n<\/tr>\n<\/tbody>\n<\/table>\n","protected":false},"excerpt":{"rendered":"<p>Mes gaminame standartinius boilerius (t\u016brinius) vandens \u0161ildymui nuo 1990 m. Standartinis produktas yra tu\u0161\u010diaviduris. Boileris prijungiamas prie krosnies ar virykl\u0117s,<\/p>\n","protected":false},"author":2,"featured_media":18851,"parent":2987,"menu_order":0,"comment_status":"closed","ping_status":"closed","template":"","meta":{"_lmt_disableupdate":"","_lmt_disable":"","footnotes":""},"class_list":["post-2991","page","type-page","status-publish","has-post-thumbnail","hentry"],"yoast_head":"<!-- This site is optimized with the Yoast SEO plugin v27.0 - https:\/\/yoast.com\/product\/yoast-seo-wordpress\/ -->\n<title>Boileriai vandeniui - Skamet<\/title>\n<meta name=\"robots\" content=\"index, follow, max-snippet:-1, max-image-preview:large, max-video-preview:-1\" \/>\n<link rel=\"canonical\" href=\"https:\/\/www.skamet.ee\/veemahutid\/veeboilerid-2\/\" \/>\n<meta property=\"og:locale\" content=\"lt_LT\" \/>\n<meta property=\"og:type\" content=\"article\" \/>\n<meta property=\"og:title\" content=\"Boileriai vandeniui - Skamet\" \/>\n<meta property=\"og:description\" content=\"Mes gaminame standartinius boilerius (t\u016brinius) vandens \u0161ildymui nuo 1990 m. Standartinis produktas yra tu\u0161\u010diaviduris. Boileris prijungiamas prie krosnies ar virykl\u0117s,\" \/>\n<meta property=\"og:url\" content=\"https:\/\/www.skamet.ee\/veemahutid\/veeboilerid-2\/\" \/>\n<meta property=\"og:site_name\" content=\"Skamet\" \/>\n<meta property=\"article:modified_time\" content=\"2016-02-25T07:38:24+00:00\" \/>\n<meta property=\"og:image\" content=\"https:\/\/www.skamet.ee\/wp-content\/uploads\/2015\/06\/logo-uus.png\" \/>\n\t<meta property=\"og:image:width\" content=\"300\" \/>\n\t<meta property=\"og:image:height\" content=\"127\" \/>\n\t<meta property=\"og:image:type\" content=\"image\/png\" \/>\n<meta name=\"twitter:card\" content=\"summary_large_image\" \/>\n<meta name=\"twitter:label1\" content=\"Est. reading time\" \/>\n\t<meta name=\"twitter:data1\" content=\"2 minutes\" \/>\n<script type=\"application\/ld+json\" class=\"yoast-schema-graph\">{\"@context\":\"https:\/\/schema.org\",\"@graph\":[{\"@type\":\"WebPage\",\"@id\":\"https:\/\/www.skamet.ee\/veemahutid\/veeboilerid-2\/\",\"url\":\"https:\/\/www.skamet.ee\/veemahutid\/veeboilerid-2\/\",\"name\":\"Boileriai vandeniui - Skamet\",\"isPartOf\":{\"@id\":\"https:\/\/www.skamet.ee\/#website\"},\"primaryImageOfPage\":{\"@id\":\"https:\/\/www.skamet.ee\/veemahutid\/veeboilerid-2\/#primaryimage\"},\"image\":{\"@id\":\"https:\/\/www.skamet.ee\/veemahutid\/veeboilerid-2\/#primaryimage\"},\"thumbnailUrl\":\"https:\/\/www.skamet.ee\/wp-content\/uploads\/2015\/06\/logo-uus.png\",\"datePublished\":\"2014-03-07T15:11:43+00:00\",\"dateModified\":\"2016-02-25T07:38:24+00:00\",\"breadcrumb\":{\"@id\":\"https:\/\/www.skamet.ee\/veemahutid\/veeboilerid-2\/#breadcrumb\"},\"inLanguage\":\"lt\",\"potentialAction\":[{\"@type\":\"ReadAction\",\"target\":[\"https:\/\/www.skamet.ee\/veemahutid\/veeboilerid-2\/\"]}]},{\"@type\":\"ImageObject\",\"inLanguage\":\"lt\",\"@id\":\"https:\/\/www.skamet.ee\/veemahutid\/veeboilerid-2\/#primaryimage\",\"url\":\"https:\/\/www.skamet.ee\/wp-content\/uploads\/2015\/06\/logo-uus.png\",\"contentUrl\":\"https:\/\/www.skamet.ee\/wp-content\/uploads\/2015\/06\/logo-uus.png\",\"width\":300,\"height\":127,\"caption\":\"logo uus\"},{\"@type\":\"BreadcrumbList\",\"@id\":\"https:\/\/www.skamet.ee\/veemahutid\/veeboilerid-2\/#breadcrumb\",\"itemListElement\":[{\"@type\":\"ListItem\",\"position\":1,\"name\":\"Home\",\"item\":\"https:\/\/www.skamet.ee\/fi\/\"},{\"@type\":\"ListItem\",\"position\":2,\"name\":\"Talpyklos vandeniui\",\"item\":\"https:\/\/www.skamet.ee\/veemahutid\/\"},{\"@type\":\"ListItem\",\"position\":3,\"name\":\"Boileriai vandeniui\"}]},{\"@type\":\"WebSite\",\"@id\":\"https:\/\/www.skamet.ee\/#website\",\"url\":\"https:\/\/www.skamet.ee\/\",\"name\":\"Skamet O\u00dc\",\"description\":\"Efektiivsed puuk\u00fcttega saunaahjud Eesti tootjalt\",\"publisher\":{\"@id\":\"https:\/\/www.skamet.ee\/#organization\"},\"potentialAction\":[{\"@type\":\"SearchAction\",\"target\":{\"@type\":\"EntryPoint\",\"urlTemplate\":\"https:\/\/www.skamet.ee\/?s={search_term_string}\"},\"query-input\":{\"@type\":\"PropertyValueSpecification\",\"valueRequired\":true,\"valueName\":\"search_term_string\"}}],\"inLanguage\":\"lt\"},{\"@type\":\"Organization\",\"@id\":\"https:\/\/www.skamet.ee\/#organization\",\"name\":\"Skamet\",\"url\":\"https:\/\/www.skamet.ee\/\",\"logo\":{\"@type\":\"ImageObject\",\"inLanguage\":\"lt\",\"@id\":\"https:\/\/www.skamet.ee\/#\/schema\/logo\/image\/\",\"url\":\"https:\/\/www.skamet.ee\/wp-content\/uploads\/2015\/05\/logo-uus.png\",\"contentUrl\":\"https:\/\/www.skamet.ee\/wp-content\/uploads\/2015\/05\/logo-uus.png\",\"width\":300,\"height\":127,\"caption\":\"Skamet\"},\"image\":{\"@id\":\"https:\/\/www.skamet.ee\/#\/schema\/logo\/image\/\"}}]}<\/script>\n<!-- \/ Yoast SEO plugin. -->","yoast_head_json":{"title":"Boileriai vandeniui - Skamet","robots":{"index":"index","follow":"follow","max-snippet":"max-snippet:-1","max-image-preview":"max-image-preview:large","max-video-preview":"max-video-preview:-1"},"canonical":"https:\/\/www.skamet.ee\/veemahutid\/veeboilerid-2\/","og_locale":"lt_LT","og_type":"article","og_title":"Boileriai vandeniui - Skamet","og_description":"Mes gaminame standartinius boilerius (t\u016brinius) vandens \u0161ildymui nuo 1990 m. Standartinis produktas yra tu\u0161\u010diaviduris. Boileris prijungiamas prie krosnies ar virykl\u0117s,","og_url":"https:\/\/www.skamet.ee\/veemahutid\/veeboilerid-2\/","og_site_name":"Skamet","article_modified_time":"2016-02-25T07:38:24+00:00","og_image":[{"width":300,"height":127,"url":"https:\/\/www.skamet.ee\/wp-content\/uploads\/2015\/06\/logo-uus.png","type":"image\/png"}],"twitter_card":"summary_large_image","twitter_misc":{"Est. reading time":"2 minutes"},"schema":{"@context":"https:\/\/schema.org","@graph":[{"@type":"WebPage","@id":"https:\/\/www.skamet.ee\/veemahutid\/veeboilerid-2\/","url":"https:\/\/www.skamet.ee\/veemahutid\/veeboilerid-2\/","name":"Boileriai vandeniui - Skamet","isPartOf":{"@id":"https:\/\/www.skamet.ee\/#website"},"primaryImageOfPage":{"@id":"https:\/\/www.skamet.ee\/veemahutid\/veeboilerid-2\/#primaryimage"},"image":{"@id":"https:\/\/www.skamet.ee\/veemahutid\/veeboilerid-2\/#primaryimage"},"thumbnailUrl":"https:\/\/www.skamet.ee\/wp-content\/uploads\/2015\/06\/logo-uus.png","datePublished":"2014-03-07T15:11:43+00:00","dateModified":"2016-02-25T07:38:24+00:00","breadcrumb":{"@id":"https:\/\/www.skamet.ee\/veemahutid\/veeboilerid-2\/#breadcrumb"},"inLanguage":"lt","potentialAction":[{"@type":"ReadAction","target":["https:\/\/www.skamet.ee\/veemahutid\/veeboilerid-2\/"]}]},{"@type":"ImageObject","inLanguage":"lt","@id":"https:\/\/www.skamet.ee\/veemahutid\/veeboilerid-2\/#primaryimage","url":"https:\/\/www.skamet.ee\/wp-content\/uploads\/2015\/06\/logo-uus.png","contentUrl":"https:\/\/www.skamet.ee\/wp-content\/uploads\/2015\/06\/logo-uus.png","width":300,"height":127,"caption":"logo uus"},{"@type":"BreadcrumbList","@id":"https:\/\/www.skamet.ee\/veemahutid\/veeboilerid-2\/#breadcrumb","itemListElement":[{"@type":"ListItem","position":1,"name":"Home","item":"https:\/\/www.skamet.ee\/fi\/"},{"@type":"ListItem","position":2,"name":"Talpyklos vandeniui","item":"https:\/\/www.skamet.ee\/veemahutid\/"},{"@type":"ListItem","position":3,"name":"Boileriai vandeniui"}]},{"@type":"WebSite","@id":"https:\/\/www.skamet.ee\/#website","url":"https:\/\/www.skamet.ee\/","name":"Skamet O\u00dc","description":"Efektiivsed puuk\u00fcttega saunaahjud Eesti tootjalt","publisher":{"@id":"https:\/\/www.skamet.ee\/#organization"},"potentialAction":[{"@type":"SearchAction","target":{"@type":"EntryPoint","urlTemplate":"https:\/\/www.skamet.ee\/?s={search_term_string}"},"query-input":{"@type":"PropertyValueSpecification","valueRequired":true,"valueName":"search_term_string"}}],"inLanguage":"lt"},{"@type":"Organization","@id":"https:\/\/www.skamet.ee\/#organization","name":"Skamet","url":"https:\/\/www.skamet.ee\/","logo":{"@type":"ImageObject","inLanguage":"lt","@id":"https:\/\/www.skamet.ee\/#\/schema\/logo\/image\/","url":"https:\/\/www.skamet.ee\/wp-content\/uploads\/2015\/05\/logo-uus.png","contentUrl":"https:\/\/www.skamet.ee\/wp-content\/uploads\/2015\/05\/logo-uus.png","width":300,"height":127,"caption":"Skamet"},"image":{"@id":"https:\/\/www.skamet.ee\/#\/schema\/logo\/image\/"}}]}},"_links":{"self":[{"href":"https:\/\/www.skamet.ee\/lt\/wp-json\/wp\/v2\/pages\/2991","targetHints":{"allow":["GET"]}}],"collection":[{"href":"https:\/\/www.skamet.ee\/lt\/wp-json\/wp\/v2\/pages"}],"about":[{"href":"https:\/\/www.skamet.ee\/lt\/wp-json\/wp\/v2\/types\/page"}],"author":[{"embeddable":true,"href":"https:\/\/www.skamet.ee\/lt\/wp-json\/wp\/v2\/users\/2"}],"replies":[{"embeddable":true,"href":"https:\/\/www.skamet.ee\/lt\/wp-json\/wp\/v2\/comments?post=2991"}],"version-history":[{"count":6,"href":"https:\/\/www.skamet.ee\/lt\/wp-json\/wp\/v2\/pages\/2991\/revisions"}],"predecessor-version":[{"id":33020,"href":"https:\/\/www.skamet.ee\/lt\/wp-json\/wp\/v2\/pages\/2991\/revisions\/33020"}],"up":[{"embeddable":true,"href":"https:\/\/www.skamet.ee\/lt\/wp-json\/wp\/v2\/pages\/2987"}],"wp:featuredmedia":[{"embeddable":true,"href":"https:\/\/www.skamet.ee\/lt\/wp-json\/wp\/v2\/media\/18851"}],"wp:attachment":[{"href":"https:\/\/www.skamet.ee\/lt\/wp-json\/wp\/v2\/media?parent=2991"}],"curies":[{"name":"wp","href":"https:\/\/api.w.org\/{rel}","templated":true}]}}