{"id":41093,"date":"2021-05-07T08:12:33","date_gmt":"2021-05-07T05:12:33","guid":{"rendered":"https:\/\/uus.skamet.ee\/?post_type=product&#038;p=41093"},"modified":"2025-05-29T12:45:39","modified_gmt":"2025-05-29T09:45:39","slug":"krosneles-pirtims","status":"publish","type":"product","link":"https:\/\/www.skamet.ee\/lt\/tooted\/krosneles-pirtims\/","title":{"rendered":"Krosnel\u0117s pirtims"},"content":{"rendered":"<p>Krosnel\u0117s pirtims gaminamos Skamet O\u00dc Estijoje, o visi modeliai atitinka Europos standart\u0105\u00a0 EN 15821:2010.<\/p>\n<p>Vis\u0173 \u0161ildytuv\u0173 efektyvumas vir\u0161ija 70% ir yra auk\u0161tesnis u\u017e reikalaujam\u0105 (50%) ES standart\u0105. Tok\u012f ap\u0161ildym\u0105 suteikia \u012f krosnel\u0119 \u012fmontuotas kaminas, kuris sulaiko \u0161ilum\u0105, nei\u0161leid\u017eiant jos i\u0161kart, nes pirma ji patenka \u012f d\u016bmtrauk\u012f, o i\u0161 ten \u2013 \u012f krosnel\u0117s kamin\u0105. Tod\u0117l visos m\u016bs\u0173 krosnel\u0117s yra su kaminais, u\u017ekertan\u010diais ugniai keli\u0105 \u012f d\u016bmtraukius. Jeigu j\u016bs gerai ap\u0161iltinote savo pirt\u012f ir i\u0161mintingai pasirinkote vien\u0105 i\u0161 m\u016bs\u0173 pagamint\u0173\u00a0 pir\u010di\u0173 ap\u0161ildymo modeli\u0173, tai j\u016bs\u0173 garin\u0117 pirtis \u012f\u0161ils iki 100\u02daC temperat\u016bros per 0,5\u20131,5 val. Jei naudosite ja tinkamai, krosnel\u0117 \u201eSkamet\u201c jums tarnaus 8-12 met\u0173.<\/p>\n<p>Mes si\u016blome \u012fvairiausias krosneles pirtims:<\/p>\n<p><strong>&gt;<\/strong>\u00a0 nedidel\u0117ms (nuo 8m\u00b3) arba didel\u0117ms pirtims (iki 25m\u00b3);<br \/>\n<strong>&gt;<\/strong>\u00a0 su \u0161ildymu garin\u0117je arba per sien\u0105;<br \/>\n<strong>&gt;<\/strong>\u00a0 su metaliniu ar tinkliniu korpusu (krosnel\u0117 su tinkleliu);<br \/>\n<strong>&gt;<\/strong>\u00a0 su vandens ki\u0161ene (galima prijungti katil\u0105) ar be jos;<br \/>\n<strong>&gt;<\/strong>\u00a0 su stiklin\u0117mis durimis ar be j\u0173.<\/p>\n","protected":false},"excerpt":{"rendered":"<p>Krosnel\u0117s pirtims gaminamos Skamet O\u00dc Estijoje, o visi modeliai atitinka Europos standart\u0105\u00a0 EN 15821:2010. Vis\u0173 \u0161ildytuv\u0173 efektyvumas vir\u0161ija 70% ir<\/p>\n","protected":false},"featured_media":45001,"template":"","meta":{"_lmt_disableupdate":"","_lmt_disable":""},"product_brand":[],"product_cat":[150],"product_tag":[],"class_list":{"0":"post-41093","1":"product","2":"type-product","3":"status-publish","4":"has-post-thumbnail","6":"product_cat-saunaahjud","8":"first","9":"instock","10":"shipping-taxable","11":"product-type-simple"},"yoast_head":"<!-- This site is optimized with the Yoast SEO plugin v27.0 - https:\/\/yoast.com\/product\/yoast-seo-wordpress\/ -->\n<title>Krosnel\u0117s pirtims - Skamet<\/title>\n<meta name=\"robots\" content=\"index, follow, max-snippet:-1, max-image-preview:large, max-video-preview:-1\" \/>\n<link rel=\"canonical\" href=\"https:\/\/www.skamet.ee\/lt\/tooted\/krosneles-pirtims\/\" \/>\n<meta property=\"og:locale\" content=\"lt_LT\" \/>\n<meta property=\"og:type\" content=\"article\" \/>\n<meta property=\"og:title\" content=\"Krosnel\u0117s pirtims - Skamet\" \/>\n<meta property=\"og:description\" content=\"Krosnel\u0117s pirtims gaminamos Skamet O\u00dc Estijoje, o visi modeliai atitinka Europos standart\u0105\u00a0 EN 15821:2010. Vis\u0173 \u0161ildytuv\u0173 efektyvumas vir\u0161ija 70% ir\" \/>\n<meta property=\"og:url\" content=\"https:\/\/www.skamet.ee\/lt\/tooted\/krosneles-pirtims\/\" \/>\n<meta property=\"og:site_name\" content=\"Skamet\" \/>\n<meta property=\"article:modified_time\" content=\"2025-05-29T09:45:39+00:00\" \/>\n<meta property=\"og:image\" content=\"https:\/\/www.skamet.ee\/wp-content\/uploads\/2021\/04\/S-116-GL_Ilu-scaled.jpg\" \/>\n\t<meta property=\"og:image:width\" content=\"1708\" \/>\n\t<meta property=\"og:image:height\" content=\"2560\" \/>\n\t<meta property=\"og:image:type\" content=\"image\/jpeg\" \/>\n<meta name=\"twitter:card\" content=\"summary_large_image\" \/>\n<meta name=\"twitter:label1\" content=\"Est. reading time\" \/>\n\t<meta name=\"twitter:data1\" content=\"1 minute\" \/>\n<script type=\"application\/ld+json\" class=\"yoast-schema-graph\">{\"@context\":\"https:\/\/schema.org\",\"@graph\":[{\"@type\":\"WebPage\",\"@id\":\"https:\/\/www.skamet.ee\/lt\/tooted\/krosneles-pirtims\/\",\"url\":\"https:\/\/www.skamet.ee\/lt\/tooted\/krosneles-pirtims\/\",\"name\":\"Krosnel\u0117s pirtims - Skamet\",\"isPartOf\":{\"@id\":\"https:\/\/www.skamet.ee\/#website\"},\"primaryImageOfPage\":{\"@id\":\"https:\/\/www.skamet.ee\/lt\/tooted\/krosneles-pirtims\/#primaryimage\"},\"image\":{\"@id\":\"https:\/\/www.skamet.ee\/lt\/tooted\/krosneles-pirtims\/#primaryimage\"},\"thumbnailUrl\":\"https:\/\/www.skamet.ee\/wp-content\/uploads\/2021\/04\/S-116-GL_Ilu-scaled.jpg\",\"datePublished\":\"2021-05-07T05:12:33+00:00\",\"dateModified\":\"2025-05-29T09:45:39+00:00\",\"breadcrumb\":{\"@id\":\"https:\/\/www.skamet.ee\/lt\/tooted\/krosneles-pirtims\/#breadcrumb\"},\"inLanguage\":\"lt\",\"potentialAction\":[{\"@type\":\"ReadAction\",\"target\":[\"https:\/\/www.skamet.ee\/lt\/tooted\/krosneles-pirtims\/\"]}]},{\"@type\":\"ImageObject\",\"inLanguage\":\"lt\",\"@id\":\"https:\/\/www.skamet.ee\/lt\/tooted\/krosneles-pirtims\/#primaryimage\",\"url\":\"https:\/\/www.skamet.ee\/wp-content\/uploads\/2021\/04\/S-116-GL_Ilu-scaled.jpg\",\"contentUrl\":\"https:\/\/www.skamet.ee\/wp-content\/uploads\/2021\/04\/S-116-GL_Ilu-scaled.jpg\",\"width\":1708,\"height\":2560,\"caption\":\"S 116 GL Ilu scaled\"},{\"@type\":\"BreadcrumbList\",\"@id\":\"https:\/\/www.skamet.ee\/lt\/tooted\/krosneles-pirtims\/#breadcrumb\",\"itemListElement\":[{\"@type\":\"ListItem\",\"position\":1,\"name\":\"Home\",\"item\":\"https:\/\/www.skamet.ee\/fi\/\"},{\"@type\":\"ListItem\",\"position\":2,\"name\":\"Produktai\",\"item\":\"https:\/\/www.skamet.ee\/lt\/shop-2\/\"},{\"@type\":\"ListItem\",\"position\":3,\"name\":\"Krosnel\u0117s pirtims\"}]},{\"@type\":\"WebSite\",\"@id\":\"https:\/\/www.skamet.ee\/#website\",\"url\":\"https:\/\/www.skamet.ee\/\",\"name\":\"Skamet O\u00dc\",\"description\":\"Efektiivsed puuk\u00fcttega saunaahjud Eesti tootjalt\",\"publisher\":{\"@id\":\"https:\/\/www.skamet.ee\/#organization\"},\"potentialAction\":[{\"@type\":\"SearchAction\",\"target\":{\"@type\":\"EntryPoint\",\"urlTemplate\":\"https:\/\/www.skamet.ee\/?s={search_term_string}\"},\"query-input\":{\"@type\":\"PropertyValueSpecification\",\"valueRequired\":true,\"valueName\":\"search_term_string\"}}],\"inLanguage\":\"lt\"},{\"@type\":\"Organization\",\"@id\":\"https:\/\/www.skamet.ee\/#organization\",\"name\":\"Skamet\",\"url\":\"https:\/\/www.skamet.ee\/\",\"logo\":{\"@type\":\"ImageObject\",\"inLanguage\":\"lt\",\"@id\":\"https:\/\/www.skamet.ee\/#\/schema\/logo\/image\/\",\"url\":\"https:\/\/www.skamet.ee\/wp-content\/uploads\/2015\/05\/logo-uus.png\",\"contentUrl\":\"https:\/\/www.skamet.ee\/wp-content\/uploads\/2015\/05\/logo-uus.png\",\"width\":300,\"height\":127,\"caption\":\"Skamet\"},\"image\":{\"@id\":\"https:\/\/www.skamet.ee\/#\/schema\/logo\/image\/\"}}]}<\/script>\n<!-- \/ Yoast SEO plugin. -->","yoast_head_json":{"title":"Krosnel\u0117s pirtims - Skamet","robots":{"index":"index","follow":"follow","max-snippet":"max-snippet:-1","max-image-preview":"max-image-preview:large","max-video-preview":"max-video-preview:-1"},"canonical":"https:\/\/www.skamet.ee\/lt\/tooted\/krosneles-pirtims\/","og_locale":"lt_LT","og_type":"article","og_title":"Krosnel\u0117s pirtims - Skamet","og_description":"Krosnel\u0117s pirtims gaminamos Skamet O\u00dc Estijoje, o visi modeliai atitinka Europos standart\u0105\u00a0 EN 15821:2010. Vis\u0173 \u0161ildytuv\u0173 efektyvumas vir\u0161ija 70% ir","og_url":"https:\/\/www.skamet.ee\/lt\/tooted\/krosneles-pirtims\/","og_site_name":"Skamet","article_modified_time":"2025-05-29T09:45:39+00:00","og_image":[{"width":1708,"height":2560,"url":"https:\/\/www.skamet.ee\/wp-content\/uploads\/2021\/04\/S-116-GL_Ilu-scaled.jpg","type":"image\/jpeg"}],"twitter_card":"summary_large_image","twitter_misc":{"Est. reading time":"1 minute"},"schema":{"@context":"https:\/\/schema.org","@graph":[{"@type":"WebPage","@id":"https:\/\/www.skamet.ee\/lt\/tooted\/krosneles-pirtims\/","url":"https:\/\/www.skamet.ee\/lt\/tooted\/krosneles-pirtims\/","name":"Krosnel\u0117s pirtims - Skamet","isPartOf":{"@id":"https:\/\/www.skamet.ee\/#website"},"primaryImageOfPage":{"@id":"https:\/\/www.skamet.ee\/lt\/tooted\/krosneles-pirtims\/#primaryimage"},"image":{"@id":"https:\/\/www.skamet.ee\/lt\/tooted\/krosneles-pirtims\/#primaryimage"},"thumbnailUrl":"https:\/\/www.skamet.ee\/wp-content\/uploads\/2021\/04\/S-116-GL_Ilu-scaled.jpg","datePublished":"2021-05-07T05:12:33+00:00","dateModified":"2025-05-29T09:45:39+00:00","breadcrumb":{"@id":"https:\/\/www.skamet.ee\/lt\/tooted\/krosneles-pirtims\/#breadcrumb"},"inLanguage":"lt","potentialAction":[{"@type":"ReadAction","target":["https:\/\/www.skamet.ee\/lt\/tooted\/krosneles-pirtims\/"]}]},{"@type":"ImageObject","inLanguage":"lt","@id":"https:\/\/www.skamet.ee\/lt\/tooted\/krosneles-pirtims\/#primaryimage","url":"https:\/\/www.skamet.ee\/wp-content\/uploads\/2021\/04\/S-116-GL_Ilu-scaled.jpg","contentUrl":"https:\/\/www.skamet.ee\/wp-content\/uploads\/2021\/04\/S-116-GL_Ilu-scaled.jpg","width":1708,"height":2560,"caption":"S 116 GL Ilu scaled"},{"@type":"BreadcrumbList","@id":"https:\/\/www.skamet.ee\/lt\/tooted\/krosneles-pirtims\/#breadcrumb","itemListElement":[{"@type":"ListItem","position":1,"name":"Home","item":"https:\/\/www.skamet.ee\/fi\/"},{"@type":"ListItem","position":2,"name":"Produktai","item":"https:\/\/www.skamet.ee\/lt\/shop-2\/"},{"@type":"ListItem","position":3,"name":"Krosnel\u0117s pirtims"}]},{"@type":"WebSite","@id":"https:\/\/www.skamet.ee\/#website","url":"https:\/\/www.skamet.ee\/","name":"Skamet O\u00dc","description":"Efektiivsed puuk\u00fcttega saunaahjud Eesti tootjalt","publisher":{"@id":"https:\/\/www.skamet.ee\/#organization"},"potentialAction":[{"@type":"SearchAction","target":{"@type":"EntryPoint","urlTemplate":"https:\/\/www.skamet.ee\/?s={search_term_string}"},"query-input":{"@type":"PropertyValueSpecification","valueRequired":true,"valueName":"search_term_string"}}],"inLanguage":"lt"},{"@type":"Organization","@id":"https:\/\/www.skamet.ee\/#organization","name":"Skamet","url":"https:\/\/www.skamet.ee\/","logo":{"@type":"ImageObject","inLanguage":"lt","@id":"https:\/\/www.skamet.ee\/#\/schema\/logo\/image\/","url":"https:\/\/www.skamet.ee\/wp-content\/uploads\/2015\/05\/logo-uus.png","contentUrl":"https:\/\/www.skamet.ee\/wp-content\/uploads\/2015\/05\/logo-uus.png","width":300,"height":127,"caption":"Skamet"},"image":{"@id":"https:\/\/www.skamet.ee\/#\/schema\/logo\/image\/"}}]}},"_links":{"self":[{"href":"https:\/\/www.skamet.ee\/lt\/wp-json\/wp\/v2\/product\/41093","targetHints":{"allow":["GET"]}}],"collection":[{"href":"https:\/\/www.skamet.ee\/lt\/wp-json\/wp\/v2\/product"}],"about":[{"href":"https:\/\/www.skamet.ee\/lt\/wp-json\/wp\/v2\/types\/product"}],"version-history":[{"count":1,"href":"https:\/\/www.skamet.ee\/lt\/wp-json\/wp\/v2\/product\/41093\/revisions"}],"predecessor-version":[{"id":41094,"href":"https:\/\/www.skamet.ee\/lt\/wp-json\/wp\/v2\/product\/41093\/revisions\/41094"}],"wp:featuredmedia":[{"embeddable":true,"href":"https:\/\/www.skamet.ee\/lt\/wp-json\/wp\/v2\/media\/45001"}],"wp:attachment":[{"href":"https:\/\/www.skamet.ee\/lt\/wp-json\/wp\/v2\/media?parent=41093"}],"wp:term":[{"taxonomy":"product_brand","embeddable":true,"href":"https:\/\/www.skamet.ee\/lt\/wp-json\/wp\/v2\/product_brand?post=41093"},{"taxonomy":"product_cat","embeddable":true,"href":"https:\/\/www.skamet.ee\/lt\/wp-json\/wp\/v2\/product_cat?post=41093"},{"taxonomy":"product_tag","embeddable":true,"href":"https:\/\/www.skamet.ee\/lt\/wp-json\/wp\/v2\/product_tag?post=41093"}],"curies":[{"name":"wp","href":"https:\/\/api.w.org\/{rel}","templated":true}]}}