{"id":41097,"date":"2021-05-07T08:16:00","date_gmt":"2021-05-07T05:16:00","guid":{"rendered":"https:\/\/uus.skamet.ee\/?post_type=product&#038;p=41097"},"modified":"2021-05-19T08:43:39","modified_gmt":"2021-05-19T05:43:39","slug":"apsildymas-is-kitos-patalpos","status":"publish","type":"product","link":"https:\/\/www.skamet.ee\/lt\/tooted\/apsildymas-is-kitos-patalpos\/","title":{"rendered":"Ap\u0161ildymas i\u0161 kitos patalpos"},"content":{"rendered":"<p>Krosnel\u0117 sumontuota garin\u0117je pirtyje ir ap\u0161ildoma i\u0161 kitos patalpos per sien\u0105. Sienos storis\u00a0 \u2013 170 mm. \u0160i\u0105 dal\u012f galite u\u017esisakyti trumpesn\u0119 arba ilgesn\u0119. Standartinius modelius galima sujungti su kaminu tik i\u0161 vir\u0161aus \u2013\u00a0 i\u0161 dureli\u0173 pus\u0117s. U\u017esisakius atvirk\u0161\u010di\u0105 variant\u0105, kamin\u0105 galima prijungti ne tik per galin\u0119 sienel\u0119, bet ir i\u0161 vir\u0161aus\u00a0 \u2013 i\u0161 galin\u0117s sienel\u0117s pus\u0117s.<\/p>\n<div class=\"dywp-alert grey\">Mini<\/div>\n<p>PS serijos krosni\u0173 modeliai skirti ma\u017eoms ir mobilioms pirtims. K\u016brendami jas, pirtyje gal\u0117site sukurti saus\u0105 arba dr\u0117gn\u0105 klimat\u0105. \u0160ios krosnys gaminamos su trimis dvigubomis sienomis (\u0161onin\u0117s ir galin\u0117), kurios leid\u017eia perpus suma\u017einti saugius atstumus lyginant su m\u016bs\u0173 P-serijos krosnimis (saug\u016bs atstumai nurodyti krosnies montavimo ir naudojimo vadove).<\/p>\n<p>Ma\u017ea krosnis pir\u010diai (<strong>modelis \u2013 PS-210<\/strong>), pirties t\u016bris \u2013 5 -12 m\u00b3; krosnies auk\u0161tis \u2013 60 \u0441m; lik\u0119 matmenys pateikiami krosnies montavimo ir naudojimo vadove.\u00a0Akmen\u0173 kiekis 20 kg.<\/p>\n<p><strong><a href=\"https:\/\/skamet.ee\/wp-content\/uploads\/2014\/04\/SKA-PS-pass-EST-veeb.pdf\" target=\"_blank\" rel=\"noopener\">Matmenys pateikti naudojimo\u00a0<\/a><a href=\"https:\/\/skamet.ee\/wp-content\/uploads\/2013\/09\/EST_veebvaike.pdf\" target=\"_blank\" rel=\"noopener\">instrukcijoje<\/a><\/strong><\/p>\n<div id=\"unitegallery_13_1\" class=\"unite-gallery ug-gallery-wrapper ug-under-480 ug-theme-carousel\">\n<div class=\"ug-carousel-wrapper\">\n<div class=\"ug-carousel-inner\">\n<div class=\"ug-thumb-wrapper ug-tile ug-tile-clickable cloned\">\n<div class=\"ug-thumb-overlay\"><\/div>\n<\/div>\n<div class=\"ug-thumb-wrapper ug-tile ug-tile-clickable cloned\"><\/div>\n<div class=\"ug-thumb-wrapper ug-tile ug-tile-clickable ug-thumb-ratio-set\">\n<div class=\"ug-thumb-overlay\">\n<div class=\"ug-tile-icon ug-button-play ug-icon-zoom\"><\/div>\n<\/div>\n<p><img decoding=\"async\" class=\"ug-thumb-image ug-trans-enabled\" src=\"https:\/\/skamet.ee\/wp-content\/uploads\/2016\/01\/JPG-683x1024.-200x300.jpeg\" alt=\"JPG-683x1024.\" \/><\/div>\n<div class=\"ug-thumb-wrapper ug-tile ug-tile-clickable ug-thumb-ratio-set\">\n<div class=\"ug-thumb-overlay\">\n<div class=\"ug-tile-icon ug-button-play ug-icon-zoom\"><\/div>\n<\/div>\n<p><img decoding=\"async\" class=\"ug-thumb-image ug-trans-enabled\" src=\"https:\/\/skamet.ee\/wp-content\/uploads\/2016\/01\/PS-210-2-200x300.jpg\" alt=\"PS-210 (2)\" \/><\/div>\n<div class=\"ug-thumb-wrapper ug-tile ug-tile-clickable\">\n<div class=\"ug-thumb-overlay\"><\/div>\n<\/div>\n<\/div>\n<\/div>\n<\/div>\n<table border=\"0\">\n<tbody>\n<tr>\n<td><strong><b>Standartin\u0117 komplektacija<\/b>:<\/strong><br \/>\n\u00bb \u00a0Pakuros durys (200 x 220 mm) su stiklu;<br \/>\n\u00bb \u00a0Kamino pajungimas i\u0161 vir\u0161aus;<br \/>\n\u00bb \u00a0Pakuros dur\u0173 lankstai kair\u0117je pus\u0117je;<br \/>\n\u00bb \u00a0Juodos spalvos korpusas;<br \/>\n\u00bb \u00a0Krosnis nuda\u017eyta kar\u0161\u010diui atspariais da\u017eais;<br \/>\n\u00bb \u00a0Metalin\u0117 rankena.<\/td>\n<td><strong><b>Papildoma komplektacija<\/b>:<\/strong><br \/>\n\u00bb<strong>\u00a0\u00a0<\/strong>Medin\u0117 rankena;<br \/>\n\u00bb \u00a0Pakuros dur\u0173 lankstai de\u0161in\u0117je pus\u0117je;<br \/>\n\u00bb \u00a0Raudonos \/ juodos spalvos korpusas, \u012fskaitant jo vir\u0161utin\u0119 dal\u012f;<br \/>\n\u00bb \u00a0Krosnies vir\u0161us gali b\u016bti papuo\u0161tas apdaila, pagaminta i\u0161 ner\u016bdijan\u010dio plieno;<br \/>\n\u00bb \u00a0Daugiau galimybi\u0173 rasite \u010dia<\/td>\n<\/tr>\n<\/tbody>\n<\/table>\n<div class=\"dywp-alert grey\"><strong>Paprastos krosnel\u0117s<\/strong><\/div>\n<p><strong>Krosnel\u0117s pirtims gaminamos dviej\u0173 dyd\u017ei\u0173:<\/strong><\/p>\n<p>Nedidelis \u0161ildytuvas (<strong>modelis P-216<\/strong>)\u00a0 su ap\u0161ildoma patalpa \u2013 8\u2013 18 m\u00b3. Krosnel\u0117s auk\u0161tis \u2013\u00a0\u00a0\u00a073 cm.\u00a0\u00a0Akmen\u0173 kiekis 40 kg.<br \/>\nDidelis \u0161ildytuvas (<strong>modelis P-220<\/strong>) su ap\u0161ildoma patalpa \u2013\u00a0 16\u201325 m\u00b3. Krosnel\u0117s auk\u0161tis \u00a0\u2013\u00a081 cm.\u00a0Akmen\u0173 kiekis 50 kg.<br \/>\n<strong>Matmenys pateikti naudojimo\u00a0<a href=\"https:\/\/skamet.ee\/wp-content\/uploads\/2014\/03\/LT_veebvaike1.pdf\">instrukcijoje<\/a><\/strong><\/p>\n<p>&nbsp;<\/p>\n<div id=\"unitegallery_12_2\" class=\"unite-gallery ug-gallery-wrapper ug-under-480 ug-theme-carousel\">\n<div class=\"ug-carousel-wrapper\">\n<div class=\"ug-carousel-inner\">\n<div class=\"ug-thumb-wrapper ug-tile ug-tile-clickable cloned\">\n<div class=\"ug-thumb-overlay\">\n<div class=\"ug-tile-icon ug-button-play ug-icon-zoom\"><\/div>\n<\/div>\n<p><img decoding=\"async\" class=\"ug-thumb-image ug-trans-enabled\" src=\"https:\/\/skamet.ee\/wp-content\/uploads\/2013\/07\/P-216_P-220-5-291x300.jpg\" alt=\"P-216_P-220 (5)\" \/><\/div>\n<div class=\"ug-thumb-wrapper ug-tile ug-tile-clickable cloned\">\n<div class=\"ug-thumb-overlay\">\n<div class=\"ug-tile-icon ug-button-play ug-icon-zoom\"><\/div>\n<\/div>\n<p><img decoding=\"async\" class=\"ug-thumb-image ug-trans-enabled\" src=\"https:\/\/skamet.ee\/wp-content\/uploads\/2013\/07\/P-216_P-220-4-276x300.jpg\" alt=\"P-216_P-220 (4)\" \/><\/div>\n<div class=\"ug-thumb-wrapper ug-tile ug-tile-clickable\">\n<div class=\"ug-thumb-overlay\">\n<div class=\"ug-tile-icon ug-button-play ug-icon-zoom\"><\/div>\n<\/div>\n<\/div>\n<\/div>\n<\/div>\n<\/div>\n<p>&nbsp;<\/p>\n<table border=\"0\">\n<tbody>\n<tr>\n<td><strong>Standartini\u0173 gamini\u0173 parametrai<\/strong><strong>:<\/strong>\u00bb \u00a0stiklin\u0117s durys (230\u00d7230 mm) arba be dur\u0173;<br \/>\n\u00bb \u00a0prijungimas prie kamino i\u0161 vir\u0161aus;<br \/>\n\u00bb \u00a0dur\u0173 vyriai kair\u0117je;<br \/>\n\u00bb \u00a0apdailos spalva: raudona\/juoda;<br \/>\n\u00bb \u00a0krosnel\u0117 pir\u010diai padengta kar\u0161\u010diui atspariais da\u017eais;<br \/>\n\u00bb \u00a0galimas boilerio prijungimas (i\u0161 de\u0161in\u0117s, i\u0161 kair\u0117s, i\u0161 galo) arba be boilerio.<\/td>\n<td><strong>Papildomos funkcijos:<\/strong><br \/>\n\u00bb<strong>\u00a0\u00a0<\/strong>rankena i\u0161 ner\u016bdijan\u010dio plieno (kaip ir \u017eidinio dureli\u0173);<br \/>\n\u00bb<strong>\u00a0<\/strong>\u00a0atvirk\u0161\u010dias krosnel\u0117s modelis;<br \/>\n\u00bb \u00a0dur\u0173 vyriai de\u0161in\u0117je;<br \/>\n\u00bb \u00a0apdaila juodos spalvos iki vir\u0161aus arba i\u0161 ner\u016bdijan\u010dio plieno;<br \/>\n\u00bb \u00a0apdailos vir\u0161us i\u0161 ner\u016bdijan\u010dio plieno;<br \/>\n\u00bb \u00a0Susipa\u017einkite su kitomis galimyb\u0117mis\u00a0<strong>\u010dia<\/strong><\/td>\n<\/tr>\n<\/tbody>\n<\/table>\n<div class=\"dywp-alert grey\"><strong>Krosnel\u0117 su baku\u00a0<\/strong><\/div>\n<p>Nedidelis \u0161ildytuvas (<strong>modelis P-21640<\/strong>)\u00a0 su ap\u0161ildoma patalpa \u2013 8\u2013 18 m\u00b3. Krosnel\u0117s auk\u0161tis \u2013\u00a0\u00a0\u00a073 cm.\u00a0\u00a0Akmen\u0173 kiekis 40 kg.<br \/>\nDidelis \u0161ildytuvas (<strong>modelis P-22040<\/strong>) su ap\u0161ildoma patalpa \u2013\u00a0 16\u201325 m\u00b3. Krosnel\u0117s auk\u0161tis \u00a0\u2013\u00a081 cm.\u00a0Akmen\u0173 kiekis 50 kg.<br \/>\n<strong>Matmenys pateikti naudojimo\u00a0<a href=\"https:\/\/skamet.ee\/wp-content\/uploads\/2014\/03\/LT_veebvaike1.pdf\" target=\"_blank\" rel=\"noopener\">instrukcijoje<\/a><\/strong><\/p>\n<table border=\"0\">\n<tbody>\n<tr>\n<td><strong>Standartini\u0173 gamini\u0173 parametrai<\/strong>:<br \/>\n\u00bb \u00a0stiklin\u0117s durys (230\u00d7230 mm) arba be dur\u0173;<br \/>\n\u00bb \u00a0prijungimas prie kamino i\u0161 vir\u0161aus ;<br \/>\n\u00bb \u00a0dur\u0173 vyriai kair\u0117jel;<br \/>\n\u00bb \u00a0apdaila juodos spalvos, vir\u0161utinis kra\u0161tas i\u0161 ner\u016bdijan\u010dio plieno;<br \/>\n\u00bb \u00a040 litr\u0173 bakas pagamintas i\u0161 paprasto metalo (de\u0161in\u0117je, kair\u0117je, i\u0161 galo);<br \/>\n\u00bb \u00a0bako dangtis i\u0161 ner\u016bdijan\u010dio plieno.<\/td>\n<td><strong>Papildomos funkcijos<\/strong>:<br \/>\n\u00bb \u00a0rankena i\u0161 ner\u016bdijan\u010dio plieno (kaip ir \u017eidinio dureli\u0173);<br \/>\n\u00bb \u00a0atvirk\u0161\u010dias krosnel\u0117s modelis;<br \/>\n\u00bb \u00a0dur\u0173 vyriai de\u0161in\u0117je;<br \/>\n\u00bb \u00a0apdaila \u2013\u00a0 visi\u0161kai raudonas\/juodas arba i\u0161 ner\u016bdijan\u010dio plieno;<br \/>\n\u00bb \u00a040 litr\u0173 bakas i\u0161 ner\u016bdijan\u010dio plieno;<br \/>\n\u00bb \u00a0Susipa\u017einkite su kitomis galimyb\u0117mis\u00a0<strong>\u010dia<\/strong><\/td>\n<\/tr>\n<\/tbody>\n<\/table>\n<div class=\"dywp-alert grey\">\u00a0Su durel\u0117mis \u017eidinio dyd\u017eio<\/div>\n<p><strong>Krosnel\u0117s pirtims gaminamos dviej\u0173 dyd\u017ei\u0173:<\/strong><\/p>\n<p>Nedidelis \u0161ildytuvas (<strong>modelis PT-216<\/strong>)\u00a0 su ap\u0161ildoma patalpa \u2013 8\u2013 18 m\u00b3. Krosnel\u0117s auk\u0161tis \u2013\u00a0\u00a0\u00a073 cm.\u00a0Akmen\u0173 kiekis 40 kg.<br \/>\nDidelis \u0161ildytuvas (<strong>modelis PT-220<\/strong>) su ap\u0161ildoma patalpa \u2013\u00a0 16\u201325 m\u00b3. Krosnel\u0117s auk\u0161tis \u00a0\u2013\u00a081 cm.\u00a0Akmen\u0173 kiekis 50 kg.<br \/>\n<strong>Matmenys pateikti naudojimo\u00a0<a href=\"https:\/\/skamet.ee\/wp-content\/uploads\/2014\/03\/LT_veebvaike1.pdf\" target=\"_blank\" rel=\"noopener\">instrukcijoje<\/a><\/strong><\/p>\n<p>&nbsp;<\/p>\n<table border=\"0\">\n<tbody>\n<tr>\n<td><strong>Standartini\u0173 gamini\u0173 parametrai<\/strong>:<br \/>\n\u00bb \u00a0stiklin\u0117s durys\u00a0330 x 330 mm;<br \/>\n\u00bb \u00a0prijungimas prie kamino i\u0161 vir\u0161aus;<br \/>\n\u00bb \u00a0rankena i\u0161 ner\u016bdijan\u010dio plieno;<br \/>\n\u00bb \u00a0dur\u0173 vyriai kair\u0117jel;<br \/>\n\u00bb \u00a0apdaila juodos spalvos, vir\u0161utinis kra\u0161tas i\u0161 ner\u016bdijan\u010dio plieno;<br \/>\n\u00bb \u00a0galimas boilerio prijungimas (i\u0161 de\u0161in\u0117s, i\u0161 kair\u0117s, i\u0161 galo) arba be boilerio.<\/td>\n<td><strong>Papildomos funkcijos<\/strong>:<br \/>\n\u00bb \u00a0be stiklo durys;<br \/>\n\u00bb \u00a0atvirk\u0161\u010dias krosnel\u0117s modelis;<br \/>\n\u00bb \u00a0medin\u0117 rankena;<br \/>\n\u00bb \u00a0dur\u0173 vyriai de\u0161in\u0117je;<br \/>\n\u00bb \u00a0apdaila \u2013\u00a0 visi\u0161kai raudonas\/juodas arba i\u0161 ner\u016bdijan\u010dio plieno;<br \/>\n\u00bb \u00a0Susipa\u017einkite su kitomis galimyb\u0117mis\u00a0<strong>\u010dia<\/strong><\/td>\n<\/tr>\n<\/tbody>\n<\/table>\n","protected":false},"excerpt":{"rendered":"<p>Krosnel\u0117 sumontuota garin\u0117je pirtyje ir ap\u0161ildoma i\u0161 kitos patalpos per sien\u0105. Sienos storis\u00a0 \u2013 170 mm. \u0160i\u0105 dal\u012f galite u\u017esisakyti<\/p>\n","protected":false},"featured_media":40157,"template":"","meta":{"_lmt_disableupdate":"","_lmt_disable":""},"product_brand":[],"product_cat":[371,372,374,308],"product_tag":[],"class_list":{"0":"post-41097","1":"product","2":"type-product","3":"status-publish","4":"has-post-thumbnail","6":"product_cat-krosneles-pirtims","7":"product_cat-krosneles-pirciai-su-metaliniu-korpusu","8":"product_cat-apsildymas-is-kitos-patalpos","9":"product_cat-toisesta-tilasta-lammitettavat","11":"first","12":"instock","13":"shipping-taxable","14":"product-type-simple"},"yoast_head":"<!-- This site is optimized with the Yoast SEO plugin v27.0 - https:\/\/yoast.com\/product\/yoast-seo-wordpress\/ -->\n<title>Ap\u0161ildymas i\u0161 kitos patalpos - Skamet<\/title>\n<meta name=\"robots\" content=\"index, follow, max-snippet:-1, max-image-preview:large, max-video-preview:-1\" \/>\n<link rel=\"canonical\" href=\"https:\/\/www.skamet.ee\/lt\/tooted\/apsildymas-is-kitos-patalpos\/\" \/>\n<meta property=\"og:locale\" content=\"lt_LT\" \/>\n<meta property=\"og:type\" content=\"article\" \/>\n<meta property=\"og:title\" content=\"Ap\u0161ildymas i\u0161 kitos patalpos - Skamet\" \/>\n<meta property=\"og:description\" content=\"Krosnel\u0117 sumontuota garin\u0117je pirtyje ir ap\u0161ildoma i\u0161 kitos patalpos per sien\u0105. Sienos storis\u00a0 \u2013 170 mm. \u0160i\u0105 dal\u012f galite u\u017esisakyti\" \/>\n<meta property=\"og:url\" content=\"https:\/\/www.skamet.ee\/lt\/tooted\/apsildymas-is-kitos-patalpos\/\" \/>\n<meta property=\"og:site_name\" content=\"Skamet\" \/>\n<meta property=\"article:modified_time\" content=\"2021-05-19T05:43:39+00:00\" \/>\n<meta property=\"og:image\" content=\"https:\/\/www.skamet.ee\/wp-content\/uploads\/2021\/03\/JPG-683x1024.-200x300-2.jpeg\" \/>\n\t<meta property=\"og:image:width\" content=\"200\" \/>\n\t<meta property=\"og:image:height\" content=\"300\" \/>\n\t<meta property=\"og:image:type\" content=\"image\/jpeg\" \/>\n<meta name=\"twitter:card\" content=\"summary_large_image\" \/>\n<meta name=\"twitter:label1\" content=\"Est. reading time\" \/>\n\t<meta name=\"twitter:data1\" content=\"4 minutes\" \/>\n<script type=\"application\/ld+json\" class=\"yoast-schema-graph\">{\"@context\":\"https:\/\/schema.org\",\"@graph\":[{\"@type\":\"WebPage\",\"@id\":\"https:\/\/www.skamet.ee\/lt\/tooted\/apsildymas-is-kitos-patalpos\/\",\"url\":\"https:\/\/www.skamet.ee\/lt\/tooted\/apsildymas-is-kitos-patalpos\/\",\"name\":\"Ap\u0161ildymas i\u0161 kitos patalpos - Skamet\",\"isPartOf\":{\"@id\":\"https:\/\/www.skamet.ee\/#website\"},\"primaryImageOfPage\":{\"@id\":\"https:\/\/www.skamet.ee\/lt\/tooted\/apsildymas-is-kitos-patalpos\/#primaryimage\"},\"image\":{\"@id\":\"https:\/\/www.skamet.ee\/lt\/tooted\/apsildymas-is-kitos-patalpos\/#primaryimage\"},\"thumbnailUrl\":\"https:\/\/www.skamet.ee\/wp-content\/uploads\/2021\/03\/JPG-683x1024.-200x300-2.jpeg\",\"datePublished\":\"2021-05-07T05:16:00+00:00\",\"dateModified\":\"2021-05-19T05:43:39+00:00\",\"breadcrumb\":{\"@id\":\"https:\/\/www.skamet.ee\/lt\/tooted\/apsildymas-is-kitos-patalpos\/#breadcrumb\"},\"inLanguage\":\"lt\",\"potentialAction\":[{\"@type\":\"ReadAction\",\"target\":[\"https:\/\/www.skamet.ee\/lt\/tooted\/apsildymas-is-kitos-patalpos\/\"]}]},{\"@type\":\"ImageObject\",\"inLanguage\":\"lt\",\"@id\":\"https:\/\/www.skamet.ee\/lt\/tooted\/apsildymas-is-kitos-patalpos\/#primaryimage\",\"url\":\"https:\/\/www.skamet.ee\/wp-content\/uploads\/2021\/03\/JPG-683x1024.-200x300-2.jpeg\",\"contentUrl\":\"https:\/\/www.skamet.ee\/wp-content\/uploads\/2021\/03\/JPG-683x1024.-200x300-2.jpeg\",\"width\":200,\"height\":300,\"caption\":\"JPG 683x1024. 200x300 2\"},{\"@type\":\"BreadcrumbList\",\"@id\":\"https:\/\/www.skamet.ee\/lt\/tooted\/apsildymas-is-kitos-patalpos\/#breadcrumb\",\"itemListElement\":[{\"@type\":\"ListItem\",\"position\":1,\"name\":\"Home\",\"item\":\"https:\/\/www.skamet.ee\/fi\/\"},{\"@type\":\"ListItem\",\"position\":2,\"name\":\"Produktai\",\"item\":\"https:\/\/www.skamet.ee\/lt\/shop-2\/\"},{\"@type\":\"ListItem\",\"position\":3,\"name\":\"Ap\u0161ildymas i\u0161 kitos patalpos\"}]},{\"@type\":\"WebSite\",\"@id\":\"https:\/\/www.skamet.ee\/#website\",\"url\":\"https:\/\/www.skamet.ee\/\",\"name\":\"Skamet O\u00dc\",\"description\":\"Efektiivsed puuk\u00fcttega saunaahjud Eesti tootjalt\",\"publisher\":{\"@id\":\"https:\/\/www.skamet.ee\/#organization\"},\"potentialAction\":[{\"@type\":\"SearchAction\",\"target\":{\"@type\":\"EntryPoint\",\"urlTemplate\":\"https:\/\/www.skamet.ee\/?s={search_term_string}\"},\"query-input\":{\"@type\":\"PropertyValueSpecification\",\"valueRequired\":true,\"valueName\":\"search_term_string\"}}],\"inLanguage\":\"lt\"},{\"@type\":\"Organization\",\"@id\":\"https:\/\/www.skamet.ee\/#organization\",\"name\":\"Skamet\",\"url\":\"https:\/\/www.skamet.ee\/\",\"logo\":{\"@type\":\"ImageObject\",\"inLanguage\":\"lt\",\"@id\":\"https:\/\/www.skamet.ee\/#\/schema\/logo\/image\/\",\"url\":\"https:\/\/www.skamet.ee\/wp-content\/uploads\/2015\/05\/logo-uus.png\",\"contentUrl\":\"https:\/\/www.skamet.ee\/wp-content\/uploads\/2015\/05\/logo-uus.png\",\"width\":300,\"height\":127,\"caption\":\"Skamet\"},\"image\":{\"@id\":\"https:\/\/www.skamet.ee\/#\/schema\/logo\/image\/\"}}]}<\/script>\n<!-- \/ Yoast SEO plugin. -->","yoast_head_json":{"title":"Ap\u0161ildymas i\u0161 kitos patalpos - Skamet","robots":{"index":"index","follow":"follow","max-snippet":"max-snippet:-1","max-image-preview":"max-image-preview:large","max-video-preview":"max-video-preview:-1"},"canonical":"https:\/\/www.skamet.ee\/lt\/tooted\/apsildymas-is-kitos-patalpos\/","og_locale":"lt_LT","og_type":"article","og_title":"Ap\u0161ildymas i\u0161 kitos patalpos - Skamet","og_description":"Krosnel\u0117 sumontuota garin\u0117je pirtyje ir ap\u0161ildoma i\u0161 kitos patalpos per sien\u0105. Sienos storis\u00a0 \u2013 170 mm. \u0160i\u0105 dal\u012f galite u\u017esisakyti","og_url":"https:\/\/www.skamet.ee\/lt\/tooted\/apsildymas-is-kitos-patalpos\/","og_site_name":"Skamet","article_modified_time":"2021-05-19T05:43:39+00:00","og_image":[{"width":200,"height":300,"url":"https:\/\/www.skamet.ee\/wp-content\/uploads\/2021\/03\/JPG-683x1024.-200x300-2.jpeg","type":"image\/jpeg"}],"twitter_card":"summary_large_image","twitter_misc":{"Est. reading time":"4 minutes"},"schema":{"@context":"https:\/\/schema.org","@graph":[{"@type":"WebPage","@id":"https:\/\/www.skamet.ee\/lt\/tooted\/apsildymas-is-kitos-patalpos\/","url":"https:\/\/www.skamet.ee\/lt\/tooted\/apsildymas-is-kitos-patalpos\/","name":"Ap\u0161ildymas i\u0161 kitos patalpos - Skamet","isPartOf":{"@id":"https:\/\/www.skamet.ee\/#website"},"primaryImageOfPage":{"@id":"https:\/\/www.skamet.ee\/lt\/tooted\/apsildymas-is-kitos-patalpos\/#primaryimage"},"image":{"@id":"https:\/\/www.skamet.ee\/lt\/tooted\/apsildymas-is-kitos-patalpos\/#primaryimage"},"thumbnailUrl":"https:\/\/www.skamet.ee\/wp-content\/uploads\/2021\/03\/JPG-683x1024.-200x300-2.jpeg","datePublished":"2021-05-07T05:16:00+00:00","dateModified":"2021-05-19T05:43:39+00:00","breadcrumb":{"@id":"https:\/\/www.skamet.ee\/lt\/tooted\/apsildymas-is-kitos-patalpos\/#breadcrumb"},"inLanguage":"lt","potentialAction":[{"@type":"ReadAction","target":["https:\/\/www.skamet.ee\/lt\/tooted\/apsildymas-is-kitos-patalpos\/"]}]},{"@type":"ImageObject","inLanguage":"lt","@id":"https:\/\/www.skamet.ee\/lt\/tooted\/apsildymas-is-kitos-patalpos\/#primaryimage","url":"https:\/\/www.skamet.ee\/wp-content\/uploads\/2021\/03\/JPG-683x1024.-200x300-2.jpeg","contentUrl":"https:\/\/www.skamet.ee\/wp-content\/uploads\/2021\/03\/JPG-683x1024.-200x300-2.jpeg","width":200,"height":300,"caption":"JPG 683x1024. 200x300 2"},{"@type":"BreadcrumbList","@id":"https:\/\/www.skamet.ee\/lt\/tooted\/apsildymas-is-kitos-patalpos\/#breadcrumb","itemListElement":[{"@type":"ListItem","position":1,"name":"Home","item":"https:\/\/www.skamet.ee\/fi\/"},{"@type":"ListItem","position":2,"name":"Produktai","item":"https:\/\/www.skamet.ee\/lt\/shop-2\/"},{"@type":"ListItem","position":3,"name":"Ap\u0161ildymas i\u0161 kitos patalpos"}]},{"@type":"WebSite","@id":"https:\/\/www.skamet.ee\/#website","url":"https:\/\/www.skamet.ee\/","name":"Skamet O\u00dc","description":"Efektiivsed puuk\u00fcttega saunaahjud Eesti tootjalt","publisher":{"@id":"https:\/\/www.skamet.ee\/#organization"},"potentialAction":[{"@type":"SearchAction","target":{"@type":"EntryPoint","urlTemplate":"https:\/\/www.skamet.ee\/?s={search_term_string}"},"query-input":{"@type":"PropertyValueSpecification","valueRequired":true,"valueName":"search_term_string"}}],"inLanguage":"lt"},{"@type":"Organization","@id":"https:\/\/www.skamet.ee\/#organization","name":"Skamet","url":"https:\/\/www.skamet.ee\/","logo":{"@type":"ImageObject","inLanguage":"lt","@id":"https:\/\/www.skamet.ee\/#\/schema\/logo\/image\/","url":"https:\/\/www.skamet.ee\/wp-content\/uploads\/2015\/05\/logo-uus.png","contentUrl":"https:\/\/www.skamet.ee\/wp-content\/uploads\/2015\/05\/logo-uus.png","width":300,"height":127,"caption":"Skamet"},"image":{"@id":"https:\/\/www.skamet.ee\/#\/schema\/logo\/image\/"}}]}},"_links":{"self":[{"href":"https:\/\/www.skamet.ee\/lt\/wp-json\/wp\/v2\/product\/41097","targetHints":{"allow":["GET"]}}],"collection":[{"href":"https:\/\/www.skamet.ee\/lt\/wp-json\/wp\/v2\/product"}],"about":[{"href":"https:\/\/www.skamet.ee\/lt\/wp-json\/wp\/v2\/types\/product"}],"version-history":[{"count":1,"href":"https:\/\/www.skamet.ee\/lt\/wp-json\/wp\/v2\/product\/41097\/revisions"}],"predecessor-version":[{"id":41098,"href":"https:\/\/www.skamet.ee\/lt\/wp-json\/wp\/v2\/product\/41097\/revisions\/41098"}],"wp:featuredmedia":[{"embeddable":true,"href":"https:\/\/www.skamet.ee\/lt\/wp-json\/wp\/v2\/media\/40157"}],"wp:attachment":[{"href":"https:\/\/www.skamet.ee\/lt\/wp-json\/wp\/v2\/media?parent=41097"}],"wp:term":[{"taxonomy":"product_brand","embeddable":true,"href":"https:\/\/www.skamet.ee\/lt\/wp-json\/wp\/v2\/product_brand?post=41097"},{"taxonomy":"product_cat","embeddable":true,"href":"https:\/\/www.skamet.ee\/lt\/wp-json\/wp\/v2\/product_cat?post=41097"},{"taxonomy":"product_tag","embeddable":true,"href":"https:\/\/www.skamet.ee\/lt\/wp-json\/wp\/v2\/product_tag?post=41097"}],"curies":[{"name":"wp","href":"https:\/\/api.w.org\/{rel}","templated":true}]}}