{"id":41102,"date":"2021-05-07T08:20:13","date_gmt":"2021-05-07T05:20:13","guid":{"rendered":"https:\/\/uus.skamet.ee\/?post_type=product&#038;p=41102"},"modified":"2021-05-19T08:41:04","modified_gmt":"2021-05-19T05:41:04","slug":"krosneles-pirtims-pagal-uzsakyma","status":"publish","type":"product","link":"https:\/\/www.skamet.ee\/lt\/tooted\/krosneles-pirtims-pagal-uzsakyma\/","title":{"rendered":"Krosnel\u0117s pirtims pagal u\u017esakym\u0105"},"content":{"rendered":"<p>Galima atlikti \u012fvairi\u0173 pakeitim\u0173 bet kuriam modeliui. Daugum\u0105 j\u0173 galima atlikti tik gamyklos s\u0105lygomis (T), o kit\u0105 dal\u012f gali pasidaryti pats klientas (K):<\/p>\n<p>\u00bb \u00a0perkelti dur\u0173 vyrius \u012f de\u0161in\u0119 pus\u0119 (T);<br \/>\n\u00bb \u00a0j\u016bs galite u\u017esisakyti atvirk\u0161tin\u012f krosnel\u0117s model\u012f (T);<br \/>\n\u00bb \u00a0pakeisti krosnel\u0117s spalv\u0105 \u012f raudon\u0105 arba juod\u0105 (T);<br \/>\n\u00bb \u00a0u\u017esisakyti metaliniam korpusui vir\u0161utin\u012f apvad\u0105 i\u0161 ner\u016bdijan\u010dio plieno (T arba K);<br \/>\n\u00bb \u00a0u\u017esisakyti katil\u0105 i\u0161 ner\u016bdijan\u010dio plieno krosnelei su katilu (T);<br \/>\n\u00bb \u00a0pagaminti sien\u0105 kertan\u010di\u0105 dal\u012f ilgesn\u0119 ar trumpesn\u0119 (T);<br \/>\n\u00bb \u00a0galima u\u017esisakyti katil\u0105, prijungiam\u0105 i\u0161 abiej\u0173 pusi\u0173 (T);<br \/>\n\u00bb \u00a0pakeisti krosnel\u0117s dureles, pagamintas i\u0161 metalo plok\u0161t\u0117s, \u012f dureles, pagamintas i\u0161 kar\u0161\u010diui atsparaus stiklo (K);<br \/>\n\u00bb \u00a0galima u\u017esisakyti krosnel\u0119, pagamint\u0105 i\u0161 storesnio metalo (T).<\/p>\n","protected":false},"excerpt":{"rendered":"<p>Galima atlikti \u012fvairi\u0173 pakeitim\u0173 bet kuriam modeliui. Daugum\u0105 j\u0173 galima atlikti tik gamyklos s\u0105lygomis (T), o kit\u0105 dal\u012f gali pasidaryti<\/p>\n","protected":false},"featured_media":40673,"template":"","meta":{"_lmt_disableupdate":"","_lmt_disable":""},"product_brand":[],"product_cat":[371],"product_tag":[],"class_list":{"0":"post-41102","1":"product","2":"type-product","3":"status-publish","4":"has-post-thumbnail","6":"product_cat-krosneles-pirtims","8":"first","9":"instock","10":"shipping-taxable","11":"product-type-simple"},"yoast_head":"<!-- This site is optimized with the Yoast SEO plugin v27.0 - https:\/\/yoast.com\/product\/yoast-seo-wordpress\/ -->\n<title>Krosnel\u0117s pirtims pagal u\u017esakym\u0105 - Skamet<\/title>\n<meta name=\"robots\" content=\"index, follow, max-snippet:-1, max-image-preview:large, max-video-preview:-1\" \/>\n<link rel=\"canonical\" href=\"https:\/\/www.skamet.ee\/lt\/tooted\/krosneles-pirtims-pagal-uzsakyma\/\" \/>\n<meta property=\"og:locale\" content=\"lt_LT\" \/>\n<meta property=\"og:type\" content=\"article\" \/>\n<meta property=\"og:title\" content=\"Krosnel\u0117s pirtims pagal u\u017esakym\u0105 - Skamet\" \/>\n<meta property=\"og:description\" content=\"Galima atlikti \u012fvairi\u0173 pakeitim\u0173 bet kuriam modeliui. Daugum\u0105 j\u0173 galima atlikti tik gamyklos s\u0105lygomis (T), o kit\u0105 dal\u012f gali pasidaryti\" \/>\n<meta property=\"og:url\" content=\"https:\/\/www.skamet.ee\/lt\/tooted\/krosneles-pirtims-pagal-uzsakyma\/\" \/>\n<meta property=\"og:site_name\" content=\"Skamet\" \/>\n<meta property=\"article:modified_time\" content=\"2021-05-19T05:41:04+00:00\" \/>\n<meta property=\"og:image\" content=\"https:\/\/www.skamet.ee\/wp-content\/uploads\/2021\/04\/umar-vorkkorpus-teisest-ruumist.jpg\" \/>\n\t<meta property=\"og:image:width\" content=\"1000\" \/>\n\t<meta property=\"og:image:height\" content=\"1000\" \/>\n\t<meta property=\"og:image:type\" content=\"image\/jpeg\" \/>\n<meta name=\"twitter:card\" content=\"summary_large_image\" \/>\n<meta name=\"twitter:label1\" content=\"Est. reading time\" \/>\n\t<meta name=\"twitter:data1\" content=\"1 minute\" \/>\n<script type=\"application\/ld+json\" class=\"yoast-schema-graph\">{\"@context\":\"https:\/\/schema.org\",\"@graph\":[{\"@type\":\"WebPage\",\"@id\":\"https:\/\/www.skamet.ee\/lt\/tooted\/krosneles-pirtims-pagal-uzsakyma\/\",\"url\":\"https:\/\/www.skamet.ee\/lt\/tooted\/krosneles-pirtims-pagal-uzsakyma\/\",\"name\":\"Krosnel\u0117s pirtims pagal u\u017esakym\u0105 - Skamet\",\"isPartOf\":{\"@id\":\"https:\/\/www.skamet.ee\/#website\"},\"primaryImageOfPage\":{\"@id\":\"https:\/\/www.skamet.ee\/lt\/tooted\/krosneles-pirtims-pagal-uzsakyma\/#primaryimage\"},\"image\":{\"@id\":\"https:\/\/www.skamet.ee\/lt\/tooted\/krosneles-pirtims-pagal-uzsakyma\/#primaryimage\"},\"thumbnailUrl\":\"https:\/\/www.skamet.ee\/wp-content\/uploads\/2021\/04\/umar-vorkkorpus-teisest-ruumist.jpg\",\"datePublished\":\"2021-05-07T05:20:13+00:00\",\"dateModified\":\"2021-05-19T05:41:04+00:00\",\"breadcrumb\":{\"@id\":\"https:\/\/www.skamet.ee\/lt\/tooted\/krosneles-pirtims-pagal-uzsakyma\/#breadcrumb\"},\"inLanguage\":\"lt\",\"potentialAction\":[{\"@type\":\"ReadAction\",\"target\":[\"https:\/\/www.skamet.ee\/lt\/tooted\/krosneles-pirtims-pagal-uzsakyma\/\"]}]},{\"@type\":\"ImageObject\",\"inLanguage\":\"lt\",\"@id\":\"https:\/\/www.skamet.ee\/lt\/tooted\/krosneles-pirtims-pagal-uzsakyma\/#primaryimage\",\"url\":\"https:\/\/www.skamet.ee\/wp-content\/uploads\/2021\/04\/umar-vorkkorpus-teisest-ruumist.jpg\",\"contentUrl\":\"https:\/\/www.skamet.ee\/wp-content\/uploads\/2021\/04\/umar-vorkkorpus-teisest-ruumist.jpg\",\"width\":1000,\"height\":1000,\"caption\":\"umar vorkkorpus teisest ruumist\"},{\"@type\":\"BreadcrumbList\",\"@id\":\"https:\/\/www.skamet.ee\/lt\/tooted\/krosneles-pirtims-pagal-uzsakyma\/#breadcrumb\",\"itemListElement\":[{\"@type\":\"ListItem\",\"position\":1,\"name\":\"Home\",\"item\":\"https:\/\/www.skamet.ee\/fi\/\"},{\"@type\":\"ListItem\",\"position\":2,\"name\":\"Produktai\",\"item\":\"https:\/\/www.skamet.ee\/lt\/shop-2\/\"},{\"@type\":\"ListItem\",\"position\":3,\"name\":\"Krosnel\u0117s pirtims pagal u\u017esakym\u0105\"}]},{\"@type\":\"WebSite\",\"@id\":\"https:\/\/www.skamet.ee\/#website\",\"url\":\"https:\/\/www.skamet.ee\/\",\"name\":\"Skamet O\u00dc\",\"description\":\"Efektiivsed puuk\u00fcttega saunaahjud Eesti tootjalt\",\"publisher\":{\"@id\":\"https:\/\/www.skamet.ee\/#organization\"},\"potentialAction\":[{\"@type\":\"SearchAction\",\"target\":{\"@type\":\"EntryPoint\",\"urlTemplate\":\"https:\/\/www.skamet.ee\/?s={search_term_string}\"},\"query-input\":{\"@type\":\"PropertyValueSpecification\",\"valueRequired\":true,\"valueName\":\"search_term_string\"}}],\"inLanguage\":\"lt\"},{\"@type\":\"Organization\",\"@id\":\"https:\/\/www.skamet.ee\/#organization\",\"name\":\"Skamet\",\"url\":\"https:\/\/www.skamet.ee\/\",\"logo\":{\"@type\":\"ImageObject\",\"inLanguage\":\"lt\",\"@id\":\"https:\/\/www.skamet.ee\/#\/schema\/logo\/image\/\",\"url\":\"https:\/\/www.skamet.ee\/wp-content\/uploads\/2015\/05\/logo-uus.png\",\"contentUrl\":\"https:\/\/www.skamet.ee\/wp-content\/uploads\/2015\/05\/logo-uus.png\",\"width\":300,\"height\":127,\"caption\":\"Skamet\"},\"image\":{\"@id\":\"https:\/\/www.skamet.ee\/#\/schema\/logo\/image\/\"}}]}<\/script>\n<!-- \/ Yoast SEO plugin. -->","yoast_head_json":{"title":"Krosnel\u0117s pirtims pagal u\u017esakym\u0105 - Skamet","robots":{"index":"index","follow":"follow","max-snippet":"max-snippet:-1","max-image-preview":"max-image-preview:large","max-video-preview":"max-video-preview:-1"},"canonical":"https:\/\/www.skamet.ee\/lt\/tooted\/krosneles-pirtims-pagal-uzsakyma\/","og_locale":"lt_LT","og_type":"article","og_title":"Krosnel\u0117s pirtims pagal u\u017esakym\u0105 - Skamet","og_description":"Galima atlikti \u012fvairi\u0173 pakeitim\u0173 bet kuriam modeliui. Daugum\u0105 j\u0173 galima atlikti tik gamyklos s\u0105lygomis (T), o kit\u0105 dal\u012f gali pasidaryti","og_url":"https:\/\/www.skamet.ee\/lt\/tooted\/krosneles-pirtims-pagal-uzsakyma\/","og_site_name":"Skamet","article_modified_time":"2021-05-19T05:41:04+00:00","og_image":[{"width":1000,"height":1000,"url":"https:\/\/www.skamet.ee\/wp-content\/uploads\/2021\/04\/umar-vorkkorpus-teisest-ruumist.jpg","type":"image\/jpeg"}],"twitter_card":"summary_large_image","twitter_misc":{"Est. reading time":"1 minute"},"schema":{"@context":"https:\/\/schema.org","@graph":[{"@type":"WebPage","@id":"https:\/\/www.skamet.ee\/lt\/tooted\/krosneles-pirtims-pagal-uzsakyma\/","url":"https:\/\/www.skamet.ee\/lt\/tooted\/krosneles-pirtims-pagal-uzsakyma\/","name":"Krosnel\u0117s pirtims pagal u\u017esakym\u0105 - Skamet","isPartOf":{"@id":"https:\/\/www.skamet.ee\/#website"},"primaryImageOfPage":{"@id":"https:\/\/www.skamet.ee\/lt\/tooted\/krosneles-pirtims-pagal-uzsakyma\/#primaryimage"},"image":{"@id":"https:\/\/www.skamet.ee\/lt\/tooted\/krosneles-pirtims-pagal-uzsakyma\/#primaryimage"},"thumbnailUrl":"https:\/\/www.skamet.ee\/wp-content\/uploads\/2021\/04\/umar-vorkkorpus-teisest-ruumist.jpg","datePublished":"2021-05-07T05:20:13+00:00","dateModified":"2021-05-19T05:41:04+00:00","breadcrumb":{"@id":"https:\/\/www.skamet.ee\/lt\/tooted\/krosneles-pirtims-pagal-uzsakyma\/#breadcrumb"},"inLanguage":"lt","potentialAction":[{"@type":"ReadAction","target":["https:\/\/www.skamet.ee\/lt\/tooted\/krosneles-pirtims-pagal-uzsakyma\/"]}]},{"@type":"ImageObject","inLanguage":"lt","@id":"https:\/\/www.skamet.ee\/lt\/tooted\/krosneles-pirtims-pagal-uzsakyma\/#primaryimage","url":"https:\/\/www.skamet.ee\/wp-content\/uploads\/2021\/04\/umar-vorkkorpus-teisest-ruumist.jpg","contentUrl":"https:\/\/www.skamet.ee\/wp-content\/uploads\/2021\/04\/umar-vorkkorpus-teisest-ruumist.jpg","width":1000,"height":1000,"caption":"umar vorkkorpus teisest ruumist"},{"@type":"BreadcrumbList","@id":"https:\/\/www.skamet.ee\/lt\/tooted\/krosneles-pirtims-pagal-uzsakyma\/#breadcrumb","itemListElement":[{"@type":"ListItem","position":1,"name":"Home","item":"https:\/\/www.skamet.ee\/fi\/"},{"@type":"ListItem","position":2,"name":"Produktai","item":"https:\/\/www.skamet.ee\/lt\/shop-2\/"},{"@type":"ListItem","position":3,"name":"Krosnel\u0117s pirtims pagal u\u017esakym\u0105"}]},{"@type":"WebSite","@id":"https:\/\/www.skamet.ee\/#website","url":"https:\/\/www.skamet.ee\/","name":"Skamet O\u00dc","description":"Efektiivsed puuk\u00fcttega saunaahjud Eesti tootjalt","publisher":{"@id":"https:\/\/www.skamet.ee\/#organization"},"potentialAction":[{"@type":"SearchAction","target":{"@type":"EntryPoint","urlTemplate":"https:\/\/www.skamet.ee\/?s={search_term_string}"},"query-input":{"@type":"PropertyValueSpecification","valueRequired":true,"valueName":"search_term_string"}}],"inLanguage":"lt"},{"@type":"Organization","@id":"https:\/\/www.skamet.ee\/#organization","name":"Skamet","url":"https:\/\/www.skamet.ee\/","logo":{"@type":"ImageObject","inLanguage":"lt","@id":"https:\/\/www.skamet.ee\/#\/schema\/logo\/image\/","url":"https:\/\/www.skamet.ee\/wp-content\/uploads\/2015\/05\/logo-uus.png","contentUrl":"https:\/\/www.skamet.ee\/wp-content\/uploads\/2015\/05\/logo-uus.png","width":300,"height":127,"caption":"Skamet"},"image":{"@id":"https:\/\/www.skamet.ee\/#\/schema\/logo\/image\/"}}]}},"_links":{"self":[{"href":"https:\/\/www.skamet.ee\/lt\/wp-json\/wp\/v2\/product\/41102","targetHints":{"allow":["GET"]}}],"collection":[{"href":"https:\/\/www.skamet.ee\/lt\/wp-json\/wp\/v2\/product"}],"about":[{"href":"https:\/\/www.skamet.ee\/lt\/wp-json\/wp\/v2\/types\/product"}],"version-history":[{"count":1,"href":"https:\/\/www.skamet.ee\/lt\/wp-json\/wp\/v2\/product\/41102\/revisions"}],"predecessor-version":[{"id":41103,"href":"https:\/\/www.skamet.ee\/lt\/wp-json\/wp\/v2\/product\/41102\/revisions\/41103"}],"wp:featuredmedia":[{"embeddable":true,"href":"https:\/\/www.skamet.ee\/lt\/wp-json\/wp\/v2\/media\/40673"}],"wp:attachment":[{"href":"https:\/\/www.skamet.ee\/lt\/wp-json\/wp\/v2\/media?parent=41102"}],"wp:term":[{"taxonomy":"product_brand","embeddable":true,"href":"https:\/\/www.skamet.ee\/lt\/wp-json\/wp\/v2\/product_brand?post=41102"},{"taxonomy":"product_cat","embeddable":true,"href":"https:\/\/www.skamet.ee\/lt\/wp-json\/wp\/v2\/product_cat?post=41102"},{"taxonomy":"product_tag","embeddable":true,"href":"https:\/\/www.skamet.ee\/lt\/wp-json\/wp\/v2\/product_tag?post=41102"}],"curies":[{"name":"wp","href":"https:\/\/api.w.org\/{rel}","templated":true}]}}