{"id":41104,"date":"2021-05-07T08:21:30","date_gmt":"2021-05-07T05:21:30","guid":{"rendered":"https:\/\/uus.skamet.ee\/?post_type=product&#038;p=41104"},"modified":"2026-01-28T14:46:19","modified_gmt":"2026-01-28T12:46:19","slug":"priedai-krosnelems-pirtyse","status":"publish","type":"product","link":"https:\/\/www.skamet.ee\/lt\/tooted\/priedai-krosnelems-pirtyse\/","title":{"rendered":"Priedai krosnel\u0117ms pirtyse"},"content":{"rendered":"<div class=\"dywp-alert grey\">Tinklelis d\u016bmtraukiui<\/div>\n<p>Tinklelis sandariai u\u017ededamas ant vamzd\u017eio, surenkan\u010dio d\u016bmus, dar prie\u0161 pa\u010dio d\u016bmtraukio pastatym\u0105. Galima u\u017esisakyti nuimam\u0105 tinklel\u012f. Be standartini\u0173 gamini\u0173, dar gaminame tinklelius pagal u\u017esakym\u0105: apvalius, kvadratinius, arba tokius, koki\u0173 nori klientas.<\/p>\n<p>&nbsp;<\/p>\n<div id=\"gallery-1\" class=\"gallery galleryid-2971 gallery-columns-5 gallery-size-thumbnail\">\n<dl class=\"gallery-item\">\n<dt class=\"gallery-icon portrait\"><a class=\"lightbox\" href=\"https:\/\/skamet.ee\/wp-content\/uploads\/2013\/04\/V-700.png\" rel=\"photogroup\" data-slb-active=\"1\" data-slb-asset=\"1447337147\" data-slb-internal=\"0\" data-slb-group=\"2971_auto_1\"><img loading=\"lazy\" decoding=\"async\" class=\"attachment-thumbnail size-thumbnail\" src=\"https:\/\/skamet.ee\/wp-content\/uploads\/2013\/04\/V-700-150x150.png\" sizes=\"auto, (max-width: 150px) 100vw, 150px\" srcset=\"https:\/\/skamet.ee\/wp-content\/uploads\/2013\/04\/V-700-150x150.png 150w, https:\/\/skamet.ee\/wp-content\/uploads\/2013\/04\/V-700-40x40.png 40w, https:\/\/skamet.ee\/wp-content\/uploads\/2013\/04\/V-700-85x85.png 85w, https:\/\/skamet.ee\/wp-content\/uploads\/2013\/04\/V-700-60x60.png 60w, https:\/\/skamet.ee\/wp-content\/uploads\/2013\/04\/V-700-208x208.png 208w\" alt=\"\" width=\"150\" height=\"150\" \/><\/a><\/dt>\n<\/dl>\n<\/div>\n<p>&nbsp;<\/p>\n<table border=\"0\">\n<tbody>\n<tr>\n<td><\/td>\n<td><strong>Standartiniai parametrai (V- 250 \u2013 V- 800):<\/strong><strong>\u00bb<\/strong>\u00a0250 mm skersmens;<br \/>\n<strong>\u00bb<\/strong>\u00a0\u012fvairaus auk\u0161\u010dio: 250\u2013 800 mm;<br \/>\n<strong>\u00bb<\/strong>\u00a0nenuimamus.<\/td>\n<\/tr>\n<\/tbody>\n<\/table>\n<div class=\"dywp-alert grey\">Dekoratyvin\u0117s lentjuost\u0117s<\/div>\n<p>Pas mus galima \u012fsigyti ir dekoratyvini\u0173 lentjuos\u010di\u0173. J\u016bs galite u\u017esakyti nuimamas groteles. Be\u00a0 standartini\u0173 gamini\u0173 mes dar gaminame groteles pagal u\u017esakym\u0105: apvalias, kvadratines arba tokias, koki\u0173 pageidauja klientas.<\/p>\n<div id=\"gallery-2\" class=\"gallery galleryid-2971 gallery-columns-6 gallery-size-thumbnail\">\n<dl class=\"gallery-item\">\n<dt class=\"gallery-icon landscape\"><a class=\"lightbox\" href=\"https:\/\/skamet.ee\/wp-content\/uploads\/2013\/04\/ILU-330-RV.jpg\" rel=\"photogroup\" data-slb-active=\"1\" data-slb-asset=\"824384579\" data-slb-internal=\"0\" data-slb-group=\"2971_auto_2\"><img loading=\"lazy\" decoding=\"async\" class=\"attachment-thumbnail size-thumbnail\" src=\"https:\/\/skamet.ee\/wp-content\/uploads\/2013\/04\/ILU-330-RV-150x150.jpg\" sizes=\"auto, (max-width: 150px) 100vw, 150px\" srcset=\"https:\/\/skamet.ee\/wp-content\/uploads\/2013\/04\/ILU-330-RV-150x150.jpg 150w, https:\/\/skamet.ee\/wp-content\/uploads\/2013\/04\/ILU-330-RV-40x40.jpg 40w, https:\/\/skamet.ee\/wp-content\/uploads\/2013\/04\/ILU-330-RV-85x85.jpg 85w, https:\/\/skamet.ee\/wp-content\/uploads\/2013\/04\/ILU-330-RV-60x60.jpg 60w, https:\/\/skamet.ee\/wp-content\/uploads\/2013\/04\/ILU-330-RV-208x208.jpg 208w\" alt=\"\" width=\"150\" height=\"150\" \/><\/a><\/dt>\n<\/dl>\n<dl class=\"gallery-item\">\n<dt class=\"gallery-icon landscape\"><a class=\"lightbox\" href=\"https:\/\/skamet.ee\/wp-content\/uploads\/2013\/04\/ILU-200.jpg\" rel=\"photogroup\" data-slb-active=\"1\" data-slb-asset=\"1369256151\" data-slb-internal=\"0\" data-slb-group=\"2971_auto_2\">\u00a0<\/a><\/dt>\n<\/dl>\n<\/div>\n<table border=\"0\">\n<tbody>\n<tr>\n<td><\/td>\n<td><strong>Standartini\u0173 gamini\u0173 parametrai:<br \/>\n<\/strong><strong>\u00bb<\/strong>\u00a0i\u0161 paprasto arba ner\u016bdijan\u010dio plieno;<br \/>\n<strong>\u00bb<\/strong>\u00a0kra\u0161to plotis 50 mm;<br \/>\n<strong>\u00bb<\/strong>\u00a0nedidel\u0117s durel\u0117s (23\u00d723 cm) ILU- 230 arba ILU-230 RV;<br \/>\n<strong>\u00bb<\/strong>\u00a0suuremale uksele (33x33cm)\u00a0m\u00f5eldud: ILU-230 v\u00f5i ILU-230 RV.<\/td>\n<\/tr>\n<\/tbody>\n<\/table>\n<p>&nbsp;<\/p>\n<div class=\"dywp-alert grey\">Dekoratyvin\u0117 plok\u0161t\u0117 d\u016bmtraukiui<\/div>\n<p>&nbsp;<\/p>\n<div id=\"gallery-3\" class=\"gallery galleryid-2971 gallery-columns-5 gallery-size-thumbnail\">\n<dl class=\"gallery-item\">\n<dt class=\"gallery-icon portrait\"><a class=\"lightbox\" href=\"https:\/\/skamet.ee\/wp-content\/uploads\/2012\/12\/IL-115.png\" rel=\"photogroup\" data-slb-active=\"1\" data-slb-asset=\"1629484810\" data-slb-internal=\"0\" data-slb-group=\"2971_auto_3\"><img loading=\"lazy\" decoding=\"async\" class=\"attachment-thumbnail size-thumbnail\" src=\"https:\/\/skamet.ee\/wp-content\/uploads\/2012\/12\/IL-115-150x150.png\" sizes=\"auto, (max-width: 150px) 100vw, 150px\" srcset=\"https:\/\/skamet.ee\/wp-content\/uploads\/2012\/12\/IL-115-150x150.png 150w, https:\/\/skamet.ee\/wp-content\/uploads\/2012\/12\/IL-115-40x40.png 40w, https:\/\/skamet.ee\/wp-content\/uploads\/2012\/12\/IL-115-85x85.png 85w, https:\/\/skamet.ee\/wp-content\/uploads\/2012\/12\/IL-115-60x60.png 60w, https:\/\/skamet.ee\/wp-content\/uploads\/2012\/12\/IL-115-208x208.png 208w\" alt=\"\" width=\"150\" height=\"150\" \/><\/a><\/dt>\n<\/dl>\n<dl class=\"gallery-item\">\n<dt class=\"gallery-icon landscape\"><a class=\"lightbox\" href=\"https:\/\/skamet.ee\/wp-content\/uploads\/2012\/12\/IL-115-2.png\" rel=\"photogroup\" data-slb-active=\"1\" data-slb-asset=\"282445905\" data-slb-internal=\"0\" data-slb-group=\"2971_auto_3\"><img loading=\"lazy\" decoding=\"async\" class=\"attachment-thumbnail size-thumbnail\" src=\"https:\/\/skamet.ee\/wp-content\/uploads\/2012\/12\/IL-115-2-150x150.png\" sizes=\"auto, (max-width: 150px) 100vw, 150px\" srcset=\"https:\/\/skamet.ee\/wp-content\/uploads\/2012\/12\/IL-115-2-150x150.png 150w, https:\/\/skamet.ee\/wp-content\/uploads\/2012\/12\/IL-115-2-40x40.png 40w, https:\/\/skamet.ee\/wp-content\/uploads\/2012\/12\/IL-115-2-85x85.png 85w, https:\/\/skamet.ee\/wp-content\/uploads\/2012\/12\/IL-115-2-60x60.png 60w, https:\/\/skamet.ee\/wp-content\/uploads\/2012\/12\/IL-115-2-208x208.png 208w\" alt=\"\" width=\"150\" height=\"150\" \/><\/a><\/dt>\n<\/dl>\n<\/div>\n<p>&nbsp;<\/p>\n<p><strong>Galimyb\u0117s:<\/strong><\/p>\n<p><strong>\u00bb<\/strong>\u00a0\u00a0i\u0161 \u0161altojo valcavimo metalo,<br \/>\n<strong>\u00bb<\/strong>\u00a0\u00a0d\u016bmtraukiams 115 mm ir 120 mm \u2013\u00a0 dekoratyvin\u0117s \u0161tampuotos plok\u0161t\u0117s (su apvadais), kit\u0173 dyd\u017ei\u0173 d\u016bmtraukiams\u00a0 \u2013 pjaustomos (plok\u0161\u010dios)<br \/>\n<strong>\u00bb\u00a0<\/strong>\u00a0apvad\u0173 plotis\u00a0 \u2013 50 mm (galima padaryti ir platesnius)<br \/>\n<strong>\u00bb<\/strong>\u00a0\u00a0galima pagaminti keturkampius<br \/>\n<strong>\u00bb<\/strong>\u00a0\u00a0u\u017esakymui\u00a0(IL-115; IL-120)<\/p>\n<div class=\"dywp-alert grey\"><strong>Talpykla aplink d\u016bmtrauk\u012f<\/strong><\/div>\n<table border=\"0\">\n<tbody>\n<tr>\n<td><\/td>\n<td><strong>Kar\u0161to vandens talpyklos gaminamos vieno dyd\u017eio:<\/strong>Atvira talpykla vandens \u0161ildymui \u012frengiama aplink d\u016bmtrauk\u012f; pripildykite talp\u0105 ir j\u016bs\u0173 vanduo taps garais garin\u0117je, nes vanduo su\u0161ils k\u016brenimo metu. Vanduo su\u0161yla nuo \u012fkaitusio d\u016bmtraukio. Be standartini\u0173 produkt\u0173 dar galite u\u017esisakyti ir kitoki\u0173 parametr\u0173 katil\u0105<br \/>\n<strong>Matmenys pateikti naudojimo instrukcijoje.<\/strong><\/td>\n<\/tr>\n<\/tbody>\n<\/table>\n<p>&nbsp;<\/p>\n<div id=\"gallery-4\" class=\"gallery galleryid-2971 gallery-columns-5 gallery-size-thumbnail\">\n<dl class=\"gallery-item\">\n<dt class=\"gallery-icon portrait\"><a class=\"lightbox\" href=\"https:\/\/skamet.ee\/wp-content\/uploads\/2013\/04\/IMG_20140220_101619_clipped_rev_1.png\" rel=\"photogroup\" data-slb-active=\"1\" data-slb-asset=\"2080400963\" data-slb-internal=\"0\" data-slb-group=\"2971_auto_4\"><img loading=\"lazy\" decoding=\"async\" class=\"attachment-thumbnail size-thumbnail\" src=\"https:\/\/skamet.ee\/wp-content\/uploads\/2013\/04\/IMG_20140220_101619_clipped_rev_1-150x150.png\" sizes=\"auto, (max-width: 150px) 100vw, 150px\" srcset=\"https:\/\/skamet.ee\/wp-content\/uploads\/2013\/04\/IMG_20140220_101619_clipped_rev_1-150x150.png 150w, https:\/\/skamet.ee\/wp-content\/uploads\/2013\/04\/IMG_20140220_101619_clipped_rev_1-40x40.png 40w, https:\/\/skamet.ee\/wp-content\/uploads\/2013\/04\/IMG_20140220_101619_clipped_rev_1-85x85.png 85w, https:\/\/skamet.ee\/wp-content\/uploads\/2013\/04\/IMG_20140220_101619_clipped_rev_1-60x60.png 60w, https:\/\/skamet.ee\/wp-content\/uploads\/2013\/04\/IMG_20140220_101619_clipped_rev_1-208x208.png 208w\" alt=\"\" width=\"150\" height=\"150\" \/><\/a><\/dt>\n<\/dl>\n<dl class=\"gallery-item\">\n<dt class=\"gallery-icon portrait\"><a class=\"lightbox\" href=\"https:\/\/skamet.ee\/wp-content\/uploads\/2013\/04\/IMG_20140220_101637_clipped_rev_1.png\" rel=\"photogroup\" data-slb-active=\"1\" data-slb-asset=\"1750530240\" data-slb-internal=\"0\" data-slb-group=\"2971_auto_4\"><img loading=\"lazy\" decoding=\"async\" class=\"attachment-thumbnail size-thumbnail\" src=\"https:\/\/skamet.ee\/wp-content\/uploads\/2013\/04\/IMG_20140220_101637_clipped_rev_1-150x150.png\" sizes=\"auto, (max-width: 150px) 100vw, 150px\" srcset=\"https:\/\/skamet.ee\/wp-content\/uploads\/2013\/04\/IMG_20140220_101637_clipped_rev_1-150x150.png 150w, https:\/\/skamet.ee\/wp-content\/uploads\/2013\/04\/IMG_20140220_101637_clipped_rev_1-40x40.png 40w, https:\/\/skamet.ee\/wp-content\/uploads\/2013\/04\/IMG_20140220_101637_clipped_rev_1-85x85.png 85w, https:\/\/skamet.ee\/wp-content\/uploads\/2013\/04\/IMG_20140220_101637_clipped_rev_1-60x60.png 60w, https:\/\/skamet.ee\/wp-content\/uploads\/2013\/04\/IMG_20140220_101637_clipped_rev_1-208x208.png 208w\" alt=\"\" width=\"150\" height=\"150\" \/><\/a><\/dt>\n<\/dl>\n<dl class=\"gallery-item\">\n<dt class=\"gallery-icon portrait\"><a class=\"lightbox\" href=\"https:\/\/skamet.ee\/wp-content\/uploads\/2013\/04\/BOT-22-RV.png\" rel=\"photogroup\" data-slb-active=\"1\" data-slb-asset=\"886179987\" data-slb-internal=\"0\" data-slb-group=\"2971_auto_4\"><img loading=\"lazy\" decoding=\"async\" class=\"attachment-thumbnail size-thumbnail\" src=\"https:\/\/skamet.ee\/wp-content\/uploads\/2013\/04\/BOT-22-RV-150x150.png\" sizes=\"auto, (max-width: 150px) 100vw, 150px\" srcset=\"https:\/\/skamet.ee\/wp-content\/uploads\/2013\/04\/BOT-22-RV-150x150.png 150w, https:\/\/skamet.ee\/wp-content\/uploads\/2013\/04\/BOT-22-RV-40x40.png 40w, https:\/\/skamet.ee\/wp-content\/uploads\/2013\/04\/BOT-22-RV-85x85.png 85w, https:\/\/skamet.ee\/wp-content\/uploads\/2013\/04\/BOT-22-RV-60x60.png 60w, https:\/\/skamet.ee\/wp-content\/uploads\/2013\/04\/BOT-22-RV-208x208.png 208w\" alt=\"\" width=\"150\" height=\"150\" \/><\/a><\/dt>\n<\/dl>\n<\/div>\n<p>&nbsp;<\/p>\n<table border=\"1\">\n<tbody>\n<tr>\n<td><strong>Standartini\u0173 gamini\u0173 parametrai<\/strong>:<\/td>\n<td><strong>Papildomos funkcijos<\/strong>:<\/td>\n<\/tr>\n<tr>\n<td><strong>\u00bb<\/strong>\u00a0skersmuo\u00a0 \u2013 30 cm, t\u016bris\u00a0 \u2013 25 litrai;<br \/>\n<strong>\u00bb<\/strong>\u00a0bendras auk\u0161tis kartu su vamzd\u017eiu\u00a0 \u2013 65 cm, katilas\u00a0 \u2013 41,5 cm;<br \/>\n<strong>\u00bb<\/strong>\u00a0su dang\u010diu;<br \/>\n<strong>\u00bb<\/strong>\u00a0d\u016bmtraukio skersmuo \u2013 115 mm;<br \/>\n<strong>\u00bb<\/strong>\u00a0vienas nipelis su i\u0161oriniu sriegiu 1\/2 colio.<\/td>\n<td><strong>\u00bb<\/strong>\u00a0didesnis ar ma\u017eesnis t\u016bris;<br \/>\n<strong>\u00bb<\/strong>\u00a0galima pagaminti auk\u0161tesn\u012f;<br \/>\n<strong>\u00bb<\/strong>\u00a0taip pat galima pagaminti kvadratin\u012f.;<br \/>\n<strong>\u00bb<\/strong>\u00a0galima pagaminti ir i\u0161 storesnio metalo.<\/td>\n<\/tr>\n<\/tbody>\n<\/table>\n","protected":false},"excerpt":{"rendered":"<p>Tinklelis d\u016bmtraukiui Tinklelis sandariai u\u017ededamas ant vamzd\u017eio, surenkan\u010dio d\u016bmus, dar prie\u0161 pa\u010dio d\u016bmtraukio pastatym\u0105. Galima u\u017esisakyti nuimam\u0105 tinklel\u012f. Be standartini\u0173<\/p>\n","protected":false},"featured_media":43953,"template":"","meta":{"_lmt_disableupdate":"","_lmt_disable":""},"product_brand":[],"product_cat":[880],"product_tag":[],"class_list":{"0":"post-41104","1":"product","2":"type-product","3":"status-publish","4":"has-post-thumbnail","6":"product_cat-priedai-krosnelems-pirtyse","8":"first","9":"instock","10":"shipping-taxable","11":"product-type-simple"},"yoast_head":"<!-- This site is optimized with the Yoast SEO plugin v27.0 - https:\/\/yoast.com\/product\/yoast-seo-wordpress\/ -->\n<title>Priedai krosnel\u0117ms pirtyse - Skamet<\/title>\n<meta name=\"robots\" content=\"index, follow, max-snippet:-1, max-image-preview:large, max-video-preview:-1\" \/>\n<link rel=\"canonical\" href=\"https:\/\/www.skamet.ee\/lt\/tooted\/priedai-krosnelems-pirtyse\/\" \/>\n<meta property=\"og:locale\" content=\"lt_LT\" \/>\n<meta property=\"og:type\" content=\"article\" \/>\n<meta property=\"og:title\" content=\"Priedai krosnel\u0117ms pirtyse - Skamet\" \/>\n<meta property=\"og:description\" content=\"Tinklelis d\u016bmtraukiui Tinklelis sandariai u\u017ededamas ant vamzd\u017eio, surenkan\u010dio d\u016bmus, dar prie\u0161 pa\u010dio d\u016bmtraukio pastatym\u0105. Galima u\u017esisakyti nuimam\u0105 tinklel\u012f. Be standartini\u0173\" \/>\n<meta property=\"og:url\" content=\"https:\/\/www.skamet.ee\/lt\/tooted\/priedai-krosnelems-pirtyse\/\" \/>\n<meta property=\"og:site_name\" content=\"Skamet\" \/>\n<meta property=\"article:modified_time\" content=\"2026-01-28T12:46:19+00:00\" \/>\n<meta property=\"og:image\" content=\"https:\/\/www.skamet.ee\/wp-content\/uploads\/2021\/04\/V-1000-scaled.jpg\" \/>\n\t<meta property=\"og:image:width\" content=\"1220\" \/>\n\t<meta property=\"og:image:height\" content=\"2560\" \/>\n\t<meta property=\"og:image:type\" content=\"image\/jpeg\" \/>\n<meta name=\"twitter:card\" content=\"summary_large_image\" \/>\n<meta name=\"twitter:label1\" content=\"Est. reading time\" \/>\n\t<meta name=\"twitter:data1\" content=\"3 minutes\" \/>\n<script type=\"application\/ld+json\" class=\"yoast-schema-graph\">{\"@context\":\"https:\/\/schema.org\",\"@graph\":[{\"@type\":\"WebPage\",\"@id\":\"https:\/\/www.skamet.ee\/lt\/tooted\/priedai-krosnelems-pirtyse\/\",\"url\":\"https:\/\/www.skamet.ee\/lt\/tooted\/priedai-krosnelems-pirtyse\/\",\"name\":\"Priedai krosnel\u0117ms pirtyse - Skamet\",\"isPartOf\":{\"@id\":\"https:\/\/www.skamet.ee\/#website\"},\"primaryImageOfPage\":{\"@id\":\"https:\/\/www.skamet.ee\/lt\/tooted\/priedai-krosnelems-pirtyse\/#primaryimage\"},\"image\":{\"@id\":\"https:\/\/www.skamet.ee\/lt\/tooted\/priedai-krosnelems-pirtyse\/#primaryimage\"},\"thumbnailUrl\":\"https:\/\/www.skamet.ee\/wp-content\/uploads\/2021\/04\/V-1000-scaled.jpg\",\"datePublished\":\"2021-05-07T05:21:30+00:00\",\"dateModified\":\"2026-01-28T12:46:19+00:00\",\"breadcrumb\":{\"@id\":\"https:\/\/www.skamet.ee\/lt\/tooted\/priedai-krosnelems-pirtyse\/#breadcrumb\"},\"inLanguage\":\"lt\",\"potentialAction\":[{\"@type\":\"ReadAction\",\"target\":[\"https:\/\/www.skamet.ee\/lt\/tooted\/priedai-krosnelems-pirtyse\/\"]}]},{\"@type\":\"ImageObject\",\"inLanguage\":\"lt\",\"@id\":\"https:\/\/www.skamet.ee\/lt\/tooted\/priedai-krosnelems-pirtyse\/#primaryimage\",\"url\":\"https:\/\/www.skamet.ee\/wp-content\/uploads\/2021\/04\/V-1000-scaled.jpg\",\"contentUrl\":\"https:\/\/www.skamet.ee\/wp-content\/uploads\/2021\/04\/V-1000-scaled.jpg\",\"width\":1220,\"height\":2560,\"caption\":\"V 1000 scaled\"},{\"@type\":\"BreadcrumbList\",\"@id\":\"https:\/\/www.skamet.ee\/lt\/tooted\/priedai-krosnelems-pirtyse\/#breadcrumb\",\"itemListElement\":[{\"@type\":\"ListItem\",\"position\":1,\"name\":\"Home\",\"item\":\"https:\/\/www.skamet.ee\/fi\/\"},{\"@type\":\"ListItem\",\"position\":2,\"name\":\"Produktai\",\"item\":\"https:\/\/www.skamet.ee\/lt\/shop-2\/\"},{\"@type\":\"ListItem\",\"position\":3,\"name\":\"Priedai krosnel\u0117ms pirtyse\"}]},{\"@type\":\"WebSite\",\"@id\":\"https:\/\/www.skamet.ee\/#website\",\"url\":\"https:\/\/www.skamet.ee\/\",\"name\":\"Skamet O\u00dc\",\"description\":\"Efektiivsed puuk\u00fcttega saunaahjud Eesti tootjalt\",\"publisher\":{\"@id\":\"https:\/\/www.skamet.ee\/#organization\"},\"potentialAction\":[{\"@type\":\"SearchAction\",\"target\":{\"@type\":\"EntryPoint\",\"urlTemplate\":\"https:\/\/www.skamet.ee\/?s={search_term_string}\"},\"query-input\":{\"@type\":\"PropertyValueSpecification\",\"valueRequired\":true,\"valueName\":\"search_term_string\"}}],\"inLanguage\":\"lt\"},{\"@type\":\"Organization\",\"@id\":\"https:\/\/www.skamet.ee\/#organization\",\"name\":\"Skamet\",\"url\":\"https:\/\/www.skamet.ee\/\",\"logo\":{\"@type\":\"ImageObject\",\"inLanguage\":\"lt\",\"@id\":\"https:\/\/www.skamet.ee\/#\/schema\/logo\/image\/\",\"url\":\"https:\/\/www.skamet.ee\/wp-content\/uploads\/2015\/05\/logo-uus.png\",\"contentUrl\":\"https:\/\/www.skamet.ee\/wp-content\/uploads\/2015\/05\/logo-uus.png\",\"width\":300,\"height\":127,\"caption\":\"Skamet\"},\"image\":{\"@id\":\"https:\/\/www.skamet.ee\/#\/schema\/logo\/image\/\"}}]}<\/script>\n<!-- \/ Yoast SEO plugin. -->","yoast_head_json":{"title":"Priedai krosnel\u0117ms pirtyse - Skamet","robots":{"index":"index","follow":"follow","max-snippet":"max-snippet:-1","max-image-preview":"max-image-preview:large","max-video-preview":"max-video-preview:-1"},"canonical":"https:\/\/www.skamet.ee\/lt\/tooted\/priedai-krosnelems-pirtyse\/","og_locale":"lt_LT","og_type":"article","og_title":"Priedai krosnel\u0117ms pirtyse - Skamet","og_description":"Tinklelis d\u016bmtraukiui Tinklelis sandariai u\u017ededamas ant vamzd\u017eio, surenkan\u010dio d\u016bmus, dar prie\u0161 pa\u010dio d\u016bmtraukio pastatym\u0105. Galima u\u017esisakyti nuimam\u0105 tinklel\u012f. Be standartini\u0173","og_url":"https:\/\/www.skamet.ee\/lt\/tooted\/priedai-krosnelems-pirtyse\/","og_site_name":"Skamet","article_modified_time":"2026-01-28T12:46:19+00:00","og_image":[{"width":1220,"height":2560,"url":"https:\/\/www.skamet.ee\/wp-content\/uploads\/2021\/04\/V-1000-scaled.jpg","type":"image\/jpeg"}],"twitter_card":"summary_large_image","twitter_misc":{"Est. reading time":"3 minutes"},"schema":{"@context":"https:\/\/schema.org","@graph":[{"@type":"WebPage","@id":"https:\/\/www.skamet.ee\/lt\/tooted\/priedai-krosnelems-pirtyse\/","url":"https:\/\/www.skamet.ee\/lt\/tooted\/priedai-krosnelems-pirtyse\/","name":"Priedai krosnel\u0117ms pirtyse - Skamet","isPartOf":{"@id":"https:\/\/www.skamet.ee\/#website"},"primaryImageOfPage":{"@id":"https:\/\/www.skamet.ee\/lt\/tooted\/priedai-krosnelems-pirtyse\/#primaryimage"},"image":{"@id":"https:\/\/www.skamet.ee\/lt\/tooted\/priedai-krosnelems-pirtyse\/#primaryimage"},"thumbnailUrl":"https:\/\/www.skamet.ee\/wp-content\/uploads\/2021\/04\/V-1000-scaled.jpg","datePublished":"2021-05-07T05:21:30+00:00","dateModified":"2026-01-28T12:46:19+00:00","breadcrumb":{"@id":"https:\/\/www.skamet.ee\/lt\/tooted\/priedai-krosnelems-pirtyse\/#breadcrumb"},"inLanguage":"lt","potentialAction":[{"@type":"ReadAction","target":["https:\/\/www.skamet.ee\/lt\/tooted\/priedai-krosnelems-pirtyse\/"]}]},{"@type":"ImageObject","inLanguage":"lt","@id":"https:\/\/www.skamet.ee\/lt\/tooted\/priedai-krosnelems-pirtyse\/#primaryimage","url":"https:\/\/www.skamet.ee\/wp-content\/uploads\/2021\/04\/V-1000-scaled.jpg","contentUrl":"https:\/\/www.skamet.ee\/wp-content\/uploads\/2021\/04\/V-1000-scaled.jpg","width":1220,"height":2560,"caption":"V 1000 scaled"},{"@type":"BreadcrumbList","@id":"https:\/\/www.skamet.ee\/lt\/tooted\/priedai-krosnelems-pirtyse\/#breadcrumb","itemListElement":[{"@type":"ListItem","position":1,"name":"Home","item":"https:\/\/www.skamet.ee\/fi\/"},{"@type":"ListItem","position":2,"name":"Produktai","item":"https:\/\/www.skamet.ee\/lt\/shop-2\/"},{"@type":"ListItem","position":3,"name":"Priedai krosnel\u0117ms pirtyse"}]},{"@type":"WebSite","@id":"https:\/\/www.skamet.ee\/#website","url":"https:\/\/www.skamet.ee\/","name":"Skamet O\u00dc","description":"Efektiivsed puuk\u00fcttega saunaahjud Eesti tootjalt","publisher":{"@id":"https:\/\/www.skamet.ee\/#organization"},"potentialAction":[{"@type":"SearchAction","target":{"@type":"EntryPoint","urlTemplate":"https:\/\/www.skamet.ee\/?s={search_term_string}"},"query-input":{"@type":"PropertyValueSpecification","valueRequired":true,"valueName":"search_term_string"}}],"inLanguage":"lt"},{"@type":"Organization","@id":"https:\/\/www.skamet.ee\/#organization","name":"Skamet","url":"https:\/\/www.skamet.ee\/","logo":{"@type":"ImageObject","inLanguage":"lt","@id":"https:\/\/www.skamet.ee\/#\/schema\/logo\/image\/","url":"https:\/\/www.skamet.ee\/wp-content\/uploads\/2015\/05\/logo-uus.png","contentUrl":"https:\/\/www.skamet.ee\/wp-content\/uploads\/2015\/05\/logo-uus.png","width":300,"height":127,"caption":"Skamet"},"image":{"@id":"https:\/\/www.skamet.ee\/#\/schema\/logo\/image\/"}}]}},"_links":{"self":[{"href":"https:\/\/www.skamet.ee\/lt\/wp-json\/wp\/v2\/product\/41104","targetHints":{"allow":["GET"]}}],"collection":[{"href":"https:\/\/www.skamet.ee\/lt\/wp-json\/wp\/v2\/product"}],"about":[{"href":"https:\/\/www.skamet.ee\/lt\/wp-json\/wp\/v2\/types\/product"}],"version-history":[{"count":1,"href":"https:\/\/www.skamet.ee\/lt\/wp-json\/wp\/v2\/product\/41104\/revisions"}],"predecessor-version":[{"id":41105,"href":"https:\/\/www.skamet.ee\/lt\/wp-json\/wp\/v2\/product\/41104\/revisions\/41105"}],"wp:featuredmedia":[{"embeddable":true,"href":"https:\/\/www.skamet.ee\/lt\/wp-json\/wp\/v2\/media\/43953"}],"wp:attachment":[{"href":"https:\/\/www.skamet.ee\/lt\/wp-json\/wp\/v2\/media?parent=41104"}],"wp:term":[{"taxonomy":"product_brand","embeddable":true,"href":"https:\/\/www.skamet.ee\/lt\/wp-json\/wp\/v2\/product_brand?post=41104"},{"taxonomy":"product_cat","embeddable":true,"href":"https:\/\/www.skamet.ee\/lt\/wp-json\/wp\/v2\/product_cat?post=41104"},{"taxonomy":"product_tag","embeddable":true,"href":"https:\/\/www.skamet.ee\/lt\/wp-json\/wp\/v2\/product_tag?post=41104"}],"curies":[{"name":"wp","href":"https:\/\/api.w.org\/{rel}","templated":true}]}}